{"id":4570,"date":"2023-01-03T15:49:17","date_gmt":"2023-01-03T11:49:17","guid":{"rendered":"https:\/\/medishop.az\/mehsul\/bel-taxtasi-stretcher-spine-board-stretcher\/"},"modified":"2024-09-02T11:41:47","modified_gmt":"2024-09-02T07:41:47","slug":"bel-taxtasi-stretcher-spine-board-stretcher","status":"publish","type":"product","link":"https:\/\/medishop.az\/ru\/mehsul\/bel-taxtasi-stretcher-spine-board-stretcher\/","title":{"rendered":"Bel taxtas\u0131 &#8211; stretcher (spine board, stretcher)"},"content":{"rendered":"<section class=\"wpb-content-wrapper\"><div class=\"vc_row wpb_row vc_row-fluid\"><div class=\"wpb_column vc_column_container vc_col-sm-12\"><div class=\"vc_column-inner\"><div class=\"wpb_wrapper\">\n\t<div class=\"wpb_text_column wpb_content_element\" >\n\t\t<div class=\"wpb_wrapper\">\n\t\t\t<p><strong style=\"font-weight: bolder\">Uzunluq: <\/strong>1830 mm (\u00b120 mm)<br \/>\n<strong style=\"font-weight: bolder\">En: <\/strong>440 mm (\u00b120 mm)<br \/>\n<strong style=\"font-weight: bolder\">H\u00fcnd\u00fcrl\u00fck: <\/strong>40 mm (\u00b120 mm)<br \/>\n<strong style=\"font-weight: bolder\">\u00c7\u0259ki: <\/strong>7 Kg (+2 kg)<br \/>\n<strong style=\"font-weight: bolder\">T\u0259Da\u015f\u0131ma g\u00fcc\u00fc: <\/strong>180 Kg (+2 kg)<\/p>\n\n\t\t<\/div>\n\t<\/div>\n<\/div><\/div><\/div><\/div>\n<\/section>","protected":false},"excerpt":{"rendered":"Uzunluq: 1830 mm (\u00b120 mm) En: 440 mm (\u00b120 mm) H\u00fcnd\u00fcrl\u00fck: 40 mm (\u00b120 mm) \u00c7\u0259ki: 7 Kg (+2 kg) T\u0259Da\u015f\u0131ma g\u00fcc\u00fc: 180 Kg (+2 kg)","protected":false},"featured_media":4567,"template":"","meta":[],"product_cat":[133,126,127,149],"product_tag":[168,359,217,351,410,404,360],"class_list":{"0":"post-4570","1":"product","2":"type-product","3":"status-publish","4":"has-post-thumbnail","6":"product_cat-ilk-yardim","7":"product_cat-tibbi-cihazlar","8":"product_cat-tibbi-mebeller","9":"product_cat-xerekler","10":"product_tag-ilk-tibbi-yardim","11":"product_tag-ilk-yardim","12":"product_tag-ilk-yardim-cantasi","13":"product_tag-ilk-yardim-dsti","14":"product_tag-stretcher","15":"product_tag-tibbi-mebel","16":"product_tag-xrk","18":"first","19":"instock","20":"shipping-taxable","21":"purchasable","22":"product-type-simple"},"yoast_head":"<!-- This site is optimized with the Yoast SEO plugin v22.7 - https:\/\/yoast.com\/wordpress\/plugins\/seo\/ -->\n<title>Bel taxtas\u0131 - stretcher (spine board, stretcher) - Medishop<\/title>\n<meta name=\"robots\" content=\"index, follow, max-snippet:-1, max-image-preview:large, max-video-preview:-1\" \/>\n<link rel=\"canonical\" href=\"https:\/\/medishop.az\/ru\/mehsul\/bel-taxtasi-stretcher-spine-board-stretcher\/\" \/>\n<meta property=\"og:locale\" content=\"ru_RU\" \/>\n<meta property=\"og:type\" content=\"article\" \/>\n<meta property=\"og:title\" content=\"Bel taxtas\u0131 - stretcher (spine board, stretcher) - Medishop\" \/>\n<meta property=\"og:url\" content=\"https:\/\/medishop.az\/ru\/mehsul\/bel-taxtasi-stretcher-spine-board-stretcher\/\" \/>\n<meta property=\"og:site_name\" content=\"Medishop\" \/>\n<meta property=\"article:publisher\" content=\"https:\/\/www.facebook.com\/medishop.azerbaijan\" \/>\n<meta property=\"article:modified_time\" content=\"2024-09-02T07:41:47+00:00\" \/>\n<meta property=\"og:image\" content=\"https:\/\/medishop.az\/wp-content\/uploads\/2023\/01\/25c6832f-1000019345.jpg\" \/>\n\t<meta property=\"og:image:width\" content=\"1080\" \/>\n\t<meta property=\"og:image:height\" content=\"1080\" \/>\n\t<meta property=\"og:image:type\" content=\"image\/jpeg\" \/>\n<meta name=\"twitter:card\" content=\"summary_large_image\" \/>\n<meta name=\"twitter:label1\" content=\"\u041f\u0440\u0438\u043c\u0435\u0440\u043d\u043e\u0435 \u0432\u0440\u0435\u043c\u044f \u0434\u043b\u044f \u0447\u0442\u0435\u043d\u0438\u044f\" \/>\n\t<meta name=\"twitter:data1\" content=\"1 \u043c\u0438\u043d\u0443\u0442\u0430\" \/>\n<script type=\"application\/ld+json\" class=\"yoast-schema-graph\">{\"@context\":\"https:\/\/schema.org\",\"@graph\":[{\"@type\":\"WebPage\",\"@id\":\"https:\/\/medishop.az\/mehsul\/bel-taxtasi-stretcher-spine-board-stretcher\/\",\"url\":\"https:\/\/medishop.az\/mehsul\/bel-taxtasi-stretcher-spine-board-stretcher\/\",\"name\":\"Bel taxtas\u0131 - stretcher (spine board, stretcher) - Medishop\",\"isPartOf\":{\"@id\":\"https:\/\/medishop.az\/#website\"},\"primaryImageOfPage\":{\"@id\":\"https:\/\/medishop.az\/mehsul\/bel-taxtasi-stretcher-spine-board-stretcher\/#primaryimage\"},\"image\":{\"@id\":\"https:\/\/medishop.az\/mehsul\/bel-taxtasi-stretcher-spine-board-stretcher\/#primaryimage\"},\"thumbnailUrl\":\"https:\/\/medishop.az\/wp-content\/uploads\/2023\/01\/25c6832f-1000019345.jpg\",\"datePublished\":\"2023-01-03T11:49:17+00:00\",\"dateModified\":\"2024-09-02T07:41:47+00:00\",\"breadcrumb\":{\"@id\":\"https:\/\/medishop.az\/mehsul\/bel-taxtasi-stretcher-spine-board-stretcher\/#breadcrumb\"},\"inLanguage\":\"ru-RU\",\"potentialAction\":[{\"@type\":\"ReadAction\",\"target\":[\"https:\/\/medishop.az\/mehsul\/bel-taxtasi-stretcher-spine-board-stretcher\/\"]}]},{\"@type\":\"ImageObject\",\"inLanguage\":\"ru-RU\",\"@id\":\"https:\/\/medishop.az\/mehsul\/bel-taxtasi-stretcher-spine-board-stretcher\/#primaryimage\",\"url\":\"https:\/\/medishop.az\/wp-content\/uploads\/2023\/01\/25c6832f-1000019345.jpg\",\"contentUrl\":\"https:\/\/medishop.az\/wp-content\/uploads\/2023\/01\/25c6832f-1000019345.jpg\",\"width\":1080,\"height\":1080},{\"@type\":\"BreadcrumbList\",\"@id\":\"https:\/\/medishop.az\/mehsul\/bel-taxtasi-stretcher-spine-board-stretcher\/#breadcrumb\",\"itemListElement\":[{\"@type\":\"ListItem\",\"position\":1,\"name\":\"\u018fsas\",\"item\":\"https:\/\/medishop.az\/\"},{\"@type\":\"ListItem\",\"position\":2,\"name\":\"Ma\u011faza\",\"item\":\"https:\/\/medishop.az\/ru\/shop\/\"},{\"@type\":\"ListItem\",\"position\":3,\"name\":\"Bel taxtas\u0131 &#8211; stretcher (spine board, stretcher)\"}]},{\"@type\":\"WebSite\",\"@id\":\"https:\/\/medishop.az\/#website\",\"url\":\"https:\/\/medishop.az\/\",\"name\":\"Medishop\",\"description\":\"Onlayn tibbi ma\u011faza\",\"publisher\":{\"@id\":\"https:\/\/medishop.az\/#organization\"},\"potentialAction\":[{\"@type\":\"SearchAction\",\"target\":{\"@type\":\"EntryPoint\",\"urlTemplate\":\"https:\/\/medishop.az\/?s={search_term_string}\"},\"query-input\":\"required name=search_term_string\"}],\"inLanguage\":\"ru-RU\"},{\"@type\":\"Organization\",\"@id\":\"https:\/\/medishop.az\/#organization\",\"name\":\"Medishop\",\"url\":\"https:\/\/medishop.az\/\",\"logo\":{\"@type\":\"ImageObject\",\"inLanguage\":\"ru-RU\",\"@id\":\"https:\/\/medishop.az\/#\/schema\/logo\/image\/\",\"url\":\"https:\/\/storage.googleapis.com\/stateless-medishop-az\/2022\/12\/logo.png\",\"contentUrl\":\"https:\/\/storage.googleapis.com\/stateless-medishop-az\/2022\/12\/logo.png\",\"width\":300,\"height\":89,\"caption\":\"Medishop\"},\"image\":{\"@id\":\"https:\/\/medishop.az\/#\/schema\/logo\/image\/\"},\"sameAs\":[\"https:\/\/www.facebook.com\/medishop.azerbaijan\"]}]}<\/script>\n<!-- \/ Yoast SEO plugin. -->","yoast_head_json":{"title":"Bel taxtas\u0131 - stretcher (spine board, stretcher) - Medishop","robots":{"index":"index","follow":"follow","max-snippet":"max-snippet:-1","max-image-preview":"max-image-preview:large","max-video-preview":"max-video-preview:-1"},"canonical":"https:\/\/medishop.az\/ru\/mehsul\/bel-taxtasi-stretcher-spine-board-stretcher\/","og_locale":"ru_RU","og_type":"article","og_title":"Bel taxtas\u0131 - stretcher (spine board, stretcher) - Medishop","og_url":"https:\/\/medishop.az\/ru\/mehsul\/bel-taxtasi-stretcher-spine-board-stretcher\/","og_site_name":"Medishop","article_publisher":"https:\/\/www.facebook.com\/medishop.azerbaijan","article_modified_time":"2024-09-02T07:41:47+00:00","og_image":[{"width":1080,"height":1080,"url":"https:\/\/medishop.az\/wp-content\/uploads\/2023\/01\/25c6832f-1000019345.jpg","type":"image\/jpeg"}],"twitter_card":"summary_large_image","twitter_misc":{"\u041f\u0440\u0438\u043c\u0435\u0440\u043d\u043e\u0435 \u0432\u0440\u0435\u043c\u044f \u0434\u043b\u044f \u0447\u0442\u0435\u043d\u0438\u044f":"1 \u043c\u0438\u043d\u0443\u0442\u0430"},"schema":{"@context":"https:\/\/schema.org","@graph":[{"@type":"WebPage","@id":"https:\/\/medishop.az\/mehsul\/bel-taxtasi-stretcher-spine-board-stretcher\/","url":"https:\/\/medishop.az\/mehsul\/bel-taxtasi-stretcher-spine-board-stretcher\/","name":"Bel taxtas\u0131 - stretcher (spine board, stretcher) - Medishop","isPartOf":{"@id":"https:\/\/medishop.az\/#website"},"primaryImageOfPage":{"@id":"https:\/\/medishop.az\/mehsul\/bel-taxtasi-stretcher-spine-board-stretcher\/#primaryimage"},"image":{"@id":"https:\/\/medishop.az\/mehsul\/bel-taxtasi-stretcher-spine-board-stretcher\/#primaryimage"},"thumbnailUrl":"https:\/\/medishop.az\/wp-content\/uploads\/2023\/01\/25c6832f-1000019345.jpg","datePublished":"2023-01-03T11:49:17+00:00","dateModified":"2024-09-02T07:41:47+00:00","breadcrumb":{"@id":"https:\/\/medishop.az\/mehsul\/bel-taxtasi-stretcher-spine-board-stretcher\/#breadcrumb"},"inLanguage":"ru-RU","potentialAction":[{"@type":"ReadAction","target":["https:\/\/medishop.az\/mehsul\/bel-taxtasi-stretcher-spine-board-stretcher\/"]}]},{"@type":"ImageObject","inLanguage":"ru-RU","@id":"https:\/\/medishop.az\/mehsul\/bel-taxtasi-stretcher-spine-board-stretcher\/#primaryimage","url":"https:\/\/medishop.az\/wp-content\/uploads\/2023\/01\/25c6832f-1000019345.jpg","contentUrl":"https:\/\/medishop.az\/wp-content\/uploads\/2023\/01\/25c6832f-1000019345.jpg","width":1080,"height":1080},{"@type":"BreadcrumbList","@id":"https:\/\/medishop.az\/mehsul\/bel-taxtasi-stretcher-spine-board-stretcher\/#breadcrumb","itemListElement":[{"@type":"ListItem","position":1,"name":"\u018fsas","item":"https:\/\/medishop.az\/"},{"@type":"ListItem","position":2,"name":"Ma\u011faza","item":"https:\/\/medishop.az\/ru\/shop\/"},{"@type":"ListItem","position":3,"name":"Bel taxtas\u0131 &#8211; stretcher (spine board, stretcher)"}]},{"@type":"WebSite","@id":"https:\/\/medishop.az\/#website","url":"https:\/\/medishop.az\/","name":"Medishop","description":"Onlayn tibbi ma\u011faza","publisher":{"@id":"https:\/\/medishop.az\/#organization"},"potentialAction":[{"@type":"SearchAction","target":{"@type":"EntryPoint","urlTemplate":"https:\/\/medishop.az\/?s={search_term_string}"},"query-input":"required name=search_term_string"}],"inLanguage":"ru-RU"},{"@type":"Organization","@id":"https:\/\/medishop.az\/#organization","name":"Medishop","url":"https:\/\/medishop.az\/","logo":{"@type":"ImageObject","inLanguage":"ru-RU","@id":"https:\/\/medishop.az\/#\/schema\/logo\/image\/","url":"https:\/\/storage.googleapis.com\/stateless-medishop-az\/2022\/12\/logo.png","contentUrl":"https:\/\/storage.googleapis.com\/stateless-medishop-az\/2022\/12\/logo.png","width":300,"height":89,"caption":"Medishop"},"image":{"@id":"https:\/\/medishop.az\/#\/schema\/logo\/image\/"},"sameAs":["https:\/\/www.facebook.com\/medishop.azerbaijan"]}]}},"jetpack_sharing_enabled":true,"_links":{"self":[{"href":"https:\/\/medishop.az\/ru\/wp-json\/wp\/v2\/product\/4570","targetHints":{"allow":["GET"]}}],"collection":[{"href":"https:\/\/medishop.az\/ru\/wp-json\/wp\/v2\/product"}],"about":[{"href":"https:\/\/medishop.az\/ru\/wp-json\/wp\/v2\/types\/product"}],"wp:featuredmedia":[{"embeddable":true,"href":"https:\/\/medishop.az\/ru\/wp-json\/wp\/v2\/media\/4567"}],"wp:attachment":[{"href":"https:\/\/medishop.az\/ru\/wp-json\/wp\/v2\/media?parent=4570"}],"wp:term":[{"taxonomy":"product_cat","embeddable":true,"href":"https:\/\/medishop.az\/ru\/wp-json\/wp\/v2\/product_cat?post=4570"},{"taxonomy":"product_tag","embeddable":true,"href":"https:\/\/medishop.az\/ru\/wp-json\/wp\/v2\/product_tag?post=4570"}],"curies":[{"name":"wp","href":"https:\/\/api.w.org\/{rel}","templated":true}]}}