{"id":4481,"date":"2022-12-27T13:14:18","date_gmt":"2022-12-27T09:14:18","guid":{"rendered":"https:\/\/medishop.az\/?post_type=product&#038;p=4481"},"modified":"2022-12-27T13:14:19","modified_gmt":"2022-12-27T09:14:19","slug":"x%c9%99st%c9%99xana-carpayisi-bes-motorlu-reanimasiya-ucun","status":"publish","type":"product","link":"https:\/\/medishop.az\/ru\/mehsul\/x%c9%99st%c9%99xana-carpayisi-bes-motorlu-reanimasiya-ucun\/","title":{"rendered":"X\u0259st\u0259xana \u00e7arpay\u0131s\u0131 \u2013 be\u015f motorlu (Reanimasiya \u00fc\u00e7\u00fcn)"},"content":{"rendered":"<p>Y\u00fckseklik ayar\u0131. (motorlu)<\/p>\n<p>S\u0131rt ayar\u0131.(motorlu)<\/p>\n<p>Diz ayar\u0131. (motorlu)<\/p>\n<p>Ayak ucu. (manuel)<\/p>\n<p>S\u0131rt ve diz geriye kayma hareketi. (autocontour)<\/p>\n<p>Yanal e\u011fim (tilt) ayar\u0131. (motorlu)<\/p>\n<p>Trendelenburg ve ters trendelenburg.(motorlu)<\/p>\n<p>Korkuluk kumandas\u0131.<\/p>\n<p>Hem\u015fire kumanda paneli kilitli.<\/p>\n<p>Elektronik CPR.<\/p>\n<p>ABS yatak platformu. (\u00e7\u0131kar\u0131labilir)<\/p>\n<p>ABS ba\u015fl\u0131klar. (\u00e7\u0131kar\u0131labilir)<\/p>\n<p>ABS korkuluklar.<\/p>\n<p>A\u00e7\u0131 g\u00f6stergeleri. (s\u0131rt, trendelenburg ve tilt)<\/p>\n<p>Batarya.<\/p>\n<p>Serum ask\u0131s\u0131. (y\u00fckseklik ayarl\u0131)<\/p>\n<p>Aksesuar yuvalar\u0131.<\/p>\n<p>Merkezi y\u00f6n kilitli tekerlekler.<\/p>\n<p>\u00c7arpma tampon tekerlekleri.<\/p>\n<p>Elektrostatik toz boyal\u0131 g\u00f6vde. (RAL 7035)<\/p>","protected":false},"excerpt":{"rendered":"<p>Y\u00fckseklik ayar\u0131. (motorlu) S\u0131rt ayar\u0131.(motorlu) Diz ayar\u0131. (motorlu) Ayak ucu. (manuel) S\u0131rt ve diz geriye kayma hareketi. (autocontour) Yanal e\u011fim (tilt) ayar\u0131. (motorlu) Trendelenburg ve ters trendelenburg.(motorlu) Korkuluk kumandas\u0131. Hem\u015fire<\/p>","protected":false},"featured_media":4482,"template":"","meta":[],"product_cat":[127,150],"product_tag":[396],"class_list":{"0":"post-4481","1":"product","2":"type-product","3":"status-publish","4":"has-post-thumbnail","6":"product_cat-tibbi-mebeller","7":"product_cat-carpayilar","8":"product_tag-tibbi-carpayi-almaq","10":"first","11":"instock","12":"shipping-taxable","13":"purchasable","14":"product-type-simple"},"yoast_head":"<!-- This site is optimized with the Yoast SEO plugin v22.7 - https:\/\/yoast.com\/wordpress\/plugins\/seo\/ -->\n<title>X\u0259st\u0259xana \u00e7arpay\u0131s\u0131 \u2013 be\u015f motorlu (Reanimasiya \u00fc\u00e7\u00fcn) - Medishop<\/title>\n<meta name=\"robots\" content=\"index, follow, max-snippet:-1, max-image-preview:large, max-video-preview:-1\" \/>\n<link rel=\"canonical\" href=\"https:\/\/medishop.az\/ru\/mehsul\/x\u0259st\u0259xana-carpayisi-bes-motorlu-reanimasiya-ucun\/\" \/>\n<meta property=\"og:locale\" content=\"ru_RU\" \/>\n<meta property=\"og:type\" content=\"article\" \/>\n<meta property=\"og:title\" content=\"X\u0259st\u0259xana \u00e7arpay\u0131s\u0131 \u2013 be\u015f motorlu (Reanimasiya \u00fc\u00e7\u00fcn) - Medishop\" \/>\n<meta property=\"og:description\" content=\"Y\u00fckseklik ayar\u0131. (motorlu) S\u0131rt ayar\u0131.(motorlu) Diz ayar\u0131. (motorlu) Ayak ucu. (manuel) S\u0131rt ve diz geriye kayma hareketi. (autocontour) Yanal e\u011fim (tilt) ayar\u0131. (motorlu) Trendelenburg ve ters trendelenburg.(motorlu) Korkuluk kumandas\u0131. Hem\u015fire\" \/>\n<meta property=\"og:url\" content=\"https:\/\/medishop.az\/ru\/mehsul\/x\u0259st\u0259xana-carpayisi-bes-motorlu-reanimasiya-ucun\/\" \/>\n<meta property=\"og:site_name\" content=\"Medishop\" \/>\n<meta property=\"article:publisher\" content=\"https:\/\/www.facebook.com\/medishop.azerbaijan\" \/>\n<meta property=\"article:modified_time\" content=\"2022-12-27T09:14:19+00:00\" \/>\n<meta property=\"og:image\" content=\"https:\/\/storage.googleapis.com\/stateless-medishop-az\/2022\/12\/612fe9d3-last.jpg\" \/>\n\t<meta property=\"og:image:width\" content=\"1000\" \/>\n\t<meta property=\"og:image:height\" content=\"1000\" \/>\n\t<meta property=\"og:image:type\" content=\"image\/jpeg\" \/>\n<meta name=\"twitter:card\" content=\"summary_large_image\" \/>\n<meta name=\"twitter:label1\" content=\"\u041f\u0440\u0438\u043c\u0435\u0440\u043d\u043e\u0435 \u0432\u0440\u0435\u043c\u044f \u0434\u043b\u044f \u0447\u0442\u0435\u043d\u0438\u044f\" \/>\n\t<meta name=\"twitter:data1\" content=\"1 \u043c\u0438\u043d\u0443\u0442\u0430\" \/>\n<script type=\"application\/ld+json\" class=\"yoast-schema-graph\">{\"@context\":\"https:\/\/schema.org\",\"@graph\":[{\"@type\":\"WebPage\",\"@id\":\"https:\/\/medishop.az\/mehsul\/x%c9%99st%c9%99xana-carpayisi-bes-motorlu-reanimasiya-ucun\/\",\"url\":\"https:\/\/medishop.az\/mehsul\/x%c9%99st%c9%99xana-carpayisi-bes-motorlu-reanimasiya-ucun\/\",\"name\":\"X\u0259st\u0259xana \u00e7arpay\u0131s\u0131 \u2013 be\u015f motorlu (Reanimasiya \u00fc\u00e7\u00fcn) - Medishop\",\"isPartOf\":{\"@id\":\"https:\/\/medishop.az\/#website\"},\"primaryImageOfPage\":{\"@id\":\"https:\/\/medishop.az\/mehsul\/x%c9%99st%c9%99xana-carpayisi-bes-motorlu-reanimasiya-ucun\/#primaryimage\"},\"image\":{\"@id\":\"https:\/\/medishop.az\/mehsul\/x%c9%99st%c9%99xana-carpayisi-bes-motorlu-reanimasiya-ucun\/#primaryimage\"},\"thumbnailUrl\":\"https:\/\/medishop.az\/wp-content\/uploads\/2022\/12\/612fe9d3-last.jpg\",\"datePublished\":\"2022-12-27T09:14:18+00:00\",\"dateModified\":\"2022-12-27T09:14:19+00:00\",\"breadcrumb\":{\"@id\":\"https:\/\/medishop.az\/mehsul\/x%c9%99st%c9%99xana-carpayisi-bes-motorlu-reanimasiya-ucun\/#breadcrumb\"},\"inLanguage\":\"ru-RU\",\"potentialAction\":[{\"@type\":\"ReadAction\",\"target\":[\"https:\/\/medishop.az\/mehsul\/x%c9%99st%c9%99xana-carpayisi-bes-motorlu-reanimasiya-ucun\/\"]}]},{\"@type\":\"ImageObject\",\"inLanguage\":\"ru-RU\",\"@id\":\"https:\/\/medishop.az\/mehsul\/x%c9%99st%c9%99xana-carpayisi-bes-motorlu-reanimasiya-ucun\/#primaryimage\",\"url\":\"https:\/\/medishop.az\/wp-content\/uploads\/2022\/12\/612fe9d3-last.jpg\",\"contentUrl\":\"https:\/\/medishop.az\/wp-content\/uploads\/2022\/12\/612fe9d3-last.jpg\",\"width\":1000,\"height\":1000},{\"@type\":\"BreadcrumbList\",\"@id\":\"https:\/\/medishop.az\/mehsul\/x%c9%99st%c9%99xana-carpayisi-bes-motorlu-reanimasiya-ucun\/#breadcrumb\",\"itemListElement\":[{\"@type\":\"ListItem\",\"position\":1,\"name\":\"\u018fsas\",\"item\":\"https:\/\/medishop.az\/\"},{\"@type\":\"ListItem\",\"position\":2,\"name\":\"Ma\u011faza\",\"item\":\"https:\/\/medishop.az\/ru\/shop\/\"},{\"@type\":\"ListItem\",\"position\":3,\"name\":\"X\u0259st\u0259xana \u00e7arpay\u0131s\u0131 \u2013 be\u015f motorlu (Reanimasiya \u00fc\u00e7\u00fcn)\"}]},{\"@type\":\"WebSite\",\"@id\":\"https:\/\/medishop.az\/#website\",\"url\":\"https:\/\/medishop.az\/\",\"name\":\"Medishop\",\"description\":\"Onlayn tibbi ma\u011faza\",\"publisher\":{\"@id\":\"https:\/\/medishop.az\/#organization\"},\"potentialAction\":[{\"@type\":\"SearchAction\",\"target\":{\"@type\":\"EntryPoint\",\"urlTemplate\":\"https:\/\/medishop.az\/?s={search_term_string}\"},\"query-input\":\"required name=search_term_string\"}],\"inLanguage\":\"ru-RU\"},{\"@type\":\"Organization\",\"@id\":\"https:\/\/medishop.az\/#organization\",\"name\":\"Medishop\",\"url\":\"https:\/\/medishop.az\/\",\"logo\":{\"@type\":\"ImageObject\",\"inLanguage\":\"ru-RU\",\"@id\":\"https:\/\/medishop.az\/#\/schema\/logo\/image\/\",\"url\":\"https:\/\/storage.googleapis.com\/stateless-medishop-az\/2022\/12\/logo.png\",\"contentUrl\":\"https:\/\/storage.googleapis.com\/stateless-medishop-az\/2022\/12\/logo.png\",\"width\":300,\"height\":89,\"caption\":\"Medishop\"},\"image\":{\"@id\":\"https:\/\/medishop.az\/#\/schema\/logo\/image\/\"},\"sameAs\":[\"https:\/\/www.facebook.com\/medishop.azerbaijan\"]}]}<\/script>\n<!-- \/ Yoast SEO plugin. -->","yoast_head_json":{"title":"X\u0259st\u0259xana \u00e7arpay\u0131s\u0131 \u2013 be\u015f motorlu (Reanimasiya \u00fc\u00e7\u00fcn) - Medishop","robots":{"index":"index","follow":"follow","max-snippet":"max-snippet:-1","max-image-preview":"max-image-preview:large","max-video-preview":"max-video-preview:-1"},"canonical":"https:\/\/medishop.az\/ru\/mehsul\/x\u0259st\u0259xana-carpayisi-bes-motorlu-reanimasiya-ucun\/","og_locale":"ru_RU","og_type":"article","og_title":"X\u0259st\u0259xana \u00e7arpay\u0131s\u0131 \u2013 be\u015f motorlu (Reanimasiya \u00fc\u00e7\u00fcn) - Medishop","og_description":"Y\u00fckseklik ayar\u0131. (motorlu) S\u0131rt ayar\u0131.(motorlu) Diz ayar\u0131. (motorlu) Ayak ucu. (manuel) S\u0131rt ve diz geriye kayma hareketi. (autocontour) Yanal e\u011fim (tilt) ayar\u0131. (motorlu) Trendelenburg ve ters trendelenburg.(motorlu) Korkuluk kumandas\u0131. Hem\u015fire","og_url":"https:\/\/medishop.az\/ru\/mehsul\/x\u0259st\u0259xana-carpayisi-bes-motorlu-reanimasiya-ucun\/","og_site_name":"Medishop","article_publisher":"https:\/\/www.facebook.com\/medishop.azerbaijan","article_modified_time":"2022-12-27T09:14:19+00:00","og_image":[{"width":1000,"height":1000,"url":"https:\/\/storage.googleapis.com\/stateless-medishop-az\/2022\/12\/612fe9d3-last.jpg","type":"image\/jpeg"}],"twitter_card":"summary_large_image","twitter_misc":{"\u041f\u0440\u0438\u043c\u0435\u0440\u043d\u043e\u0435 \u0432\u0440\u0435\u043c\u044f \u0434\u043b\u044f \u0447\u0442\u0435\u043d\u0438\u044f":"1 \u043c\u0438\u043d\u0443\u0442\u0430"},"schema":{"@context":"https:\/\/schema.org","@graph":[{"@type":"WebPage","@id":"https:\/\/medishop.az\/mehsul\/x%c9%99st%c9%99xana-carpayisi-bes-motorlu-reanimasiya-ucun\/","url":"https:\/\/medishop.az\/mehsul\/x%c9%99st%c9%99xana-carpayisi-bes-motorlu-reanimasiya-ucun\/","name":"X\u0259st\u0259xana \u00e7arpay\u0131s\u0131 \u2013 be\u015f motorlu (Reanimasiya \u00fc\u00e7\u00fcn) - Medishop","isPartOf":{"@id":"https:\/\/medishop.az\/#website"},"primaryImageOfPage":{"@id":"https:\/\/medishop.az\/mehsul\/x%c9%99st%c9%99xana-carpayisi-bes-motorlu-reanimasiya-ucun\/#primaryimage"},"image":{"@id":"https:\/\/medishop.az\/mehsul\/x%c9%99st%c9%99xana-carpayisi-bes-motorlu-reanimasiya-ucun\/#primaryimage"},"thumbnailUrl":"https:\/\/medishop.az\/wp-content\/uploads\/2022\/12\/612fe9d3-last.jpg","datePublished":"2022-12-27T09:14:18+00:00","dateModified":"2022-12-27T09:14:19+00:00","breadcrumb":{"@id":"https:\/\/medishop.az\/mehsul\/x%c9%99st%c9%99xana-carpayisi-bes-motorlu-reanimasiya-ucun\/#breadcrumb"},"inLanguage":"ru-RU","potentialAction":[{"@type":"ReadAction","target":["https:\/\/medishop.az\/mehsul\/x%c9%99st%c9%99xana-carpayisi-bes-motorlu-reanimasiya-ucun\/"]}]},{"@type":"ImageObject","inLanguage":"ru-RU","@id":"https:\/\/medishop.az\/mehsul\/x%c9%99st%c9%99xana-carpayisi-bes-motorlu-reanimasiya-ucun\/#primaryimage","url":"https:\/\/medishop.az\/wp-content\/uploads\/2022\/12\/612fe9d3-last.jpg","contentUrl":"https:\/\/medishop.az\/wp-content\/uploads\/2022\/12\/612fe9d3-last.jpg","width":1000,"height":1000},{"@type":"BreadcrumbList","@id":"https:\/\/medishop.az\/mehsul\/x%c9%99st%c9%99xana-carpayisi-bes-motorlu-reanimasiya-ucun\/#breadcrumb","itemListElement":[{"@type":"ListItem","position":1,"name":"\u018fsas","item":"https:\/\/medishop.az\/"},{"@type":"ListItem","position":2,"name":"Ma\u011faza","item":"https:\/\/medishop.az\/ru\/shop\/"},{"@type":"ListItem","position":3,"name":"X\u0259st\u0259xana \u00e7arpay\u0131s\u0131 \u2013 be\u015f motorlu (Reanimasiya \u00fc\u00e7\u00fcn)"}]},{"@type":"WebSite","@id":"https:\/\/medishop.az\/#website","url":"https:\/\/medishop.az\/","name":"Medishop","description":"Onlayn tibbi ma\u011faza","publisher":{"@id":"https:\/\/medishop.az\/#organization"},"potentialAction":[{"@type":"SearchAction","target":{"@type":"EntryPoint","urlTemplate":"https:\/\/medishop.az\/?s={search_term_string}"},"query-input":"required name=search_term_string"}],"inLanguage":"ru-RU"},{"@type":"Organization","@id":"https:\/\/medishop.az\/#organization","name":"Medishop","url":"https:\/\/medishop.az\/","logo":{"@type":"ImageObject","inLanguage":"ru-RU","@id":"https:\/\/medishop.az\/#\/schema\/logo\/image\/","url":"https:\/\/storage.googleapis.com\/stateless-medishop-az\/2022\/12\/logo.png","contentUrl":"https:\/\/storage.googleapis.com\/stateless-medishop-az\/2022\/12\/logo.png","width":300,"height":89,"caption":"Medishop"},"image":{"@id":"https:\/\/medishop.az\/#\/schema\/logo\/image\/"},"sameAs":["https:\/\/www.facebook.com\/medishop.azerbaijan"]}]}},"jetpack_sharing_enabled":true,"_links":{"self":[{"href":"https:\/\/medishop.az\/ru\/wp-json\/wp\/v2\/product\/4481","targetHints":{"allow":["GET"]}}],"collection":[{"href":"https:\/\/medishop.az\/ru\/wp-json\/wp\/v2\/product"}],"about":[{"href":"https:\/\/medishop.az\/ru\/wp-json\/wp\/v2\/types\/product"}],"wp:featuredmedia":[{"embeddable":true,"href":"https:\/\/medishop.az\/ru\/wp-json\/wp\/v2\/media\/4482"}],"wp:attachment":[{"href":"https:\/\/medishop.az\/ru\/wp-json\/wp\/v2\/media?parent=4481"}],"wp:term":[{"taxonomy":"product_cat","embeddable":true,"href":"https:\/\/medishop.az\/ru\/wp-json\/wp\/v2\/product_cat?post=4481"},{"taxonomy":"product_tag","embeddable":true,"href":"https:\/\/medishop.az\/ru\/wp-json\/wp\/v2\/product_tag?post=4481"}],"curies":[{"name":"wp","href":"https:\/\/api.w.org\/{rel}","templated":true}]}}