{"id":427952,"date":"2026-01-21T13:01:52","date_gmt":"2026-01-21T09:01:52","guid":{"rendered":"https:\/\/medishop.az\/?post_type=product&#038;p=427952"},"modified":"2026-01-21T13:09:31","modified_gmt":"2026-01-21T09:09:31","slug":"d%c9%99rman-skafi-iki-qapili-ss","status":"publish","type":"product","link":"https:\/\/medishop.az\/ru\/mehsul\/d%c9%99rman-skafi-iki-qapili-ss\/","title":{"rendered":"D\u0259rman \u015fkaf\u0131 &#8211; iki qap\u0131l\u0131 &#8211; SS"},"content":{"rendered":"<p>Tibb m\u00fc\u0259ssis\u0259l\u0259rind\u0259 v\u0259 t\u0259\u015fkilatlarda d\u0259rmanlar\u0131n, al\u0259tl\u0259rin, x\u0259st\u0259xana s\u0259n\u0259dl\u0259rinin v\u0259 x\u0259st\u0259 qeydl\u0259rinin saxlanmas\u0131 \u00fc\u00e7\u00fcn n\u0259z\u0259rd\u0259 tutulmu\u015fdur.<\/p>\n<p>D\u00f6rd t\u0259nziml\u0259n\u0259n dayaq daxil olmaqla, y\u0131\u011f\u0131lm\u0131\u015f \u015f\u0259kild\u0259 t\u0259qdim olunur<\/p>\n<p>Poladdan haz\u0131rlan\u0131b<\/p>\n<p>Xrom \u00f6rt\u00fckl\u00fc maqnit q\u0131f\u0131llar ba\u011fl\u0131 olduqda qap\u0131n\u0131 b\u0259rkidir (\u015f\u00fc\u015f\u0259 qap\u0131lara qura\u015fd\u0131r\u0131l\u0131b).<\/p>\n<p>Metal r\u0259fd\u0259 maksimum y\u00fck: 30 kq<br \/>\nY\u0131\u011f\u0131lm\u0131\u015f \u015f\u0259kild\u0259 t\u0259qdim olunur, d\u00f6rd t\u0259nziml\u0259n\u0259n dayaq daxildir.<\/p>\n<p>X\u00fcsusiyy\u0259tl\u0259r:<br \/>\nXarici \u00f6l\u00e7\u00fcl\u0259r, mm (HxExD): 1750x800x400<br \/>\n\u00c7\u0259ki, kq: 41<br \/>\nB\u00f6lm\u0259l\u0259rin say\u0131: 6<br \/>\nR\u0259f ba\u015f\u0131na maksimum y\u00fck, kq: 30<br \/>\nKilidin n\u00f6v\u00fc: a\u00e7ar<br \/>\nR\u0259ng: a\u011f (RAL 9003)<br \/>\n\u00d6rt\u00fck n\u00f6v\u00fc: gigiyenik c\u0259h\u0259td\u0259n t\u0259hl\u00fck\u0259siz, korroziyaya davaml\u0131 toz \u00f6rt\u00fck<br \/>\nQap\u0131lar\u0131n say\u0131: 4<\/p>","protected":false},"excerpt":{"rendered":"<p>Tibb m\u00fc\u0259ssis\u0259l\u0259rind\u0259 v\u0259 t\u0259\u015fkilatlarda d\u0259rmanlar\u0131n, al\u0259tl\u0259rin, x\u0259st\u0259xana s\u0259n\u0259dl\u0259rinin v\u0259 x\u0259st\u0259 qeydl\u0259rinin saxlanmas\u0131 \u00fc\u00e7\u00fcn n\u0259z\u0259rd\u0259 tutulmu\u015fdur. D\u00f6rd t\u0259nziml\u0259n\u0259n dayaq daxil olmaqla, y\u0131\u011f\u0131lm\u0131\u015f \u015f\u0259kild\u0259 t\u0259qdim olunur Poladdan haz\u0131rlan\u0131b Xrom \u00f6rt\u00fckl\u00fc maqnit q\u0131f\u0131llar<\/p>","protected":false},"featured_media":427956,"template":"","meta":[],"product_cat":[127,146],"product_tag":[],"class_list":{"0":"post-427952","1":"product","2":"type-product","3":"status-publish","4":"has-post-thumbnail","6":"product_cat-tibbi-mebeller","7":"product_cat-derman-skaflari","9":"first","10":"instock","11":"shipping-taxable","12":"purchasable","13":"product-type-simple"},"yoast_head":"<!-- This site is optimized with the Yoast SEO plugin v22.7 - https:\/\/yoast.com\/wordpress\/plugins\/seo\/ -->\n<title>D\u0259rman \u015fkaf\u0131 - iki qap\u0131l\u0131 - SS - Medishop<\/title>\n<meta name=\"description\" content=\"D\u0259rman \u015fkaf\u0131 tibb m\u00fc\u0259ssis\u0259l\u0259rind\u0259 v\u0259 t\u0259\u015fkilatlarda d\u0259rmanlar\u0131n, al\u0259tl\u0259rin, x\u0259st\u0259xana s\u0259n\u0259dl\u0259rinin v\u0259 x\u0259st\u0259 qeydl\u0259rinin saxlanmas\u0131 \u00fc\u00e7\u00fcn n\u0259z\u0259rd\u0259 tutulub. Poladdan haz\u0131rlan\u0131b. Xrom \u00f6rt\u00fckl\u00fc maqnit q\u0131f\u0131llar ba\u011fl\u0131 olduqda qap\u0131n\u0131 b\u0259rkidir (\u015f\u00fc\u015f\u0259 qap\u0131lara qura\u015fd\u0131r\u0131l\u0131b).\" \/>\n<meta name=\"robots\" content=\"index, follow, max-snippet:-1, max-image-preview:large, max-video-preview:-1\" \/>\n<link rel=\"canonical\" href=\"https:\/\/medishop.az\/ru\/mehsul\/d\u0259rman-skafi-iki-qapili-ss\/\" \/>\n<meta property=\"og:locale\" content=\"ru_RU\" \/>\n<meta property=\"og:type\" content=\"article\" \/>\n<meta property=\"og:title\" content=\"D\u0259rman \u015fkaf\u0131 - iki qap\u0131l\u0131 - SS - Medishop\" \/>\n<meta property=\"og:description\" content=\"D\u0259rman \u015fkaf\u0131 tibb m\u00fc\u0259ssis\u0259l\u0259rind\u0259 v\u0259 t\u0259\u015fkilatlarda d\u0259rmanlar\u0131n, al\u0259tl\u0259rin, x\u0259st\u0259xana s\u0259n\u0259dl\u0259rinin v\u0259 x\u0259st\u0259 qeydl\u0259rinin saxlanmas\u0131 \u00fc\u00e7\u00fcn n\u0259z\u0259rd\u0259 tutulub. Poladdan haz\u0131rlan\u0131b. Xrom \u00f6rt\u00fckl\u00fc maqnit q\u0131f\u0131llar ba\u011fl\u0131 olduqda qap\u0131n\u0131 b\u0259rkidir (\u015f\u00fc\u015f\u0259 qap\u0131lara qura\u015fd\u0131r\u0131l\u0131b).\" \/>\n<meta property=\"og:url\" content=\"https:\/\/medishop.az\/ru\/mehsul\/d\u0259rman-skafi-iki-qapili-ss\/\" \/>\n<meta property=\"og:site_name\" content=\"Medishop\" \/>\n<meta property=\"article:publisher\" content=\"https:\/\/www.facebook.com\/medishop.azerbaijan\" \/>\n<meta property=\"article:modified_time\" content=\"2026-01-21T09:09:31+00:00\" \/>\n<meta property=\"og:image\" content=\"https:\/\/medishop.az\/wp-content\/uploads\/2026\/01\/afcbb352-\u0414\u0438\u0437\u0430\u0439\u043d-\u0431\u0435\u0437-\u043d\u0430\u0437\u0432\u0430\u043d\u0438\u044f-\u043a\u043e\u043f\u0438\u044f-\u043a\u043e\u043f\u0438\u044f-\u043a\u043e\u043f\u0438\u044f-\u043a\u043e\u043f\u0438\u044f-10.png\" \/>\n\t<meta property=\"og:image:width\" content=\"300\" \/>\n\t<meta property=\"og:image:height\" content=\"300\" \/>\n\t<meta property=\"og:image:type\" content=\"image\/png\" \/>\n<meta name=\"twitter:card\" content=\"summary_large_image\" \/>\n<meta name=\"twitter:label1\" content=\"\u041f\u0440\u0438\u043c\u0435\u0440\u043d\u043e\u0435 \u0432\u0440\u0435\u043c\u044f \u0434\u043b\u044f \u0447\u0442\u0435\u043d\u0438\u044f\" \/>\n\t<meta name=\"twitter:data1\" content=\"1 \u043c\u0438\u043d\u0443\u0442\u0430\" \/>\n<script type=\"application\/ld+json\" class=\"yoast-schema-graph\">{\"@context\":\"https:\/\/schema.org\",\"@graph\":[{\"@type\":\"WebPage\",\"@id\":\"https:\/\/medishop.az\/mehsul\/d%c9%99rman-skafi-iki-qapili-ss\/\",\"url\":\"https:\/\/medishop.az\/mehsul\/d%c9%99rman-skafi-iki-qapili-ss\/\",\"name\":\"D\u0259rman \u015fkaf\u0131 - iki qap\u0131l\u0131 - SS - Medishop\",\"isPartOf\":{\"@id\":\"https:\/\/medishop.az\/#website\"},\"primaryImageOfPage\":{\"@id\":\"https:\/\/medishop.az\/mehsul\/d%c9%99rman-skafi-iki-qapili-ss\/#primaryimage\"},\"image\":{\"@id\":\"https:\/\/medishop.az\/mehsul\/d%c9%99rman-skafi-iki-qapili-ss\/#primaryimage\"},\"thumbnailUrl\":\"https:\/\/medishop.az\/wp-content\/uploads\/2026\/01\/afcbb352-\u0414\u0438\u0437\u0430\u0439\u043d-\u0431\u0435\u0437-\u043d\u0430\u0437\u0432\u0430\u043d\u0438\u044f-\u043a\u043e\u043f\u0438\u044f-\u043a\u043e\u043f\u0438\u044f-\u043a\u043e\u043f\u0438\u044f-\u043a\u043e\u043f\u0438\u044f-10.png\",\"datePublished\":\"2026-01-21T09:01:52+00:00\",\"dateModified\":\"2026-01-21T09:09:31+00:00\",\"description\":\"D\u0259rman \u015fkaf\u0131 tibb m\u00fc\u0259ssis\u0259l\u0259rind\u0259 v\u0259 t\u0259\u015fkilatlarda d\u0259rmanlar\u0131n, al\u0259tl\u0259rin, x\u0259st\u0259xana s\u0259n\u0259dl\u0259rinin v\u0259 x\u0259st\u0259 qeydl\u0259rinin saxlanmas\u0131 \u00fc\u00e7\u00fcn n\u0259z\u0259rd\u0259 tutulub. Poladdan haz\u0131rlan\u0131b. Xrom \u00f6rt\u00fckl\u00fc maqnit q\u0131f\u0131llar ba\u011fl\u0131 olduqda qap\u0131n\u0131 b\u0259rkidir (\u015f\u00fc\u015f\u0259 qap\u0131lara qura\u015fd\u0131r\u0131l\u0131b).\",\"breadcrumb\":{\"@id\":\"https:\/\/medishop.az\/mehsul\/d%c9%99rman-skafi-iki-qapili-ss\/#breadcrumb\"},\"inLanguage\":\"ru-RU\",\"potentialAction\":[{\"@type\":\"ReadAction\",\"target\":[\"https:\/\/medishop.az\/mehsul\/d%c9%99rman-skafi-iki-qapili-ss\/\"]}]},{\"@type\":\"ImageObject\",\"inLanguage\":\"ru-RU\",\"@id\":\"https:\/\/medishop.az\/mehsul\/d%c9%99rman-skafi-iki-qapili-ss\/#primaryimage\",\"url\":\"https:\/\/medishop.az\/wp-content\/uploads\/2026\/01\/afcbb352-\u0414\u0438\u0437\u0430\u0439\u043d-\u0431\u0435\u0437-\u043d\u0430\u0437\u0432\u0430\u043d\u0438\u044f-\u043a\u043e\u043f\u0438\u044f-\u043a\u043e\u043f\u0438\u044f-\u043a\u043e\u043f\u0438\u044f-\u043a\u043e\u043f\u0438\u044f-10.png\",\"contentUrl\":\"https:\/\/medishop.az\/wp-content\/uploads\/2026\/01\/afcbb352-\u0414\u0438\u0437\u0430\u0439\u043d-\u0431\u0435\u0437-\u043d\u0430\u0437\u0432\u0430\u043d\u0438\u044f-\u043a\u043e\u043f\u0438\u044f-\u043a\u043e\u043f\u0438\u044f-\u043a\u043e\u043f\u0438\u044f-\u043a\u043e\u043f\u0438\u044f-10.png\",\"width\":300,\"height\":300},{\"@type\":\"BreadcrumbList\",\"@id\":\"https:\/\/medishop.az\/mehsul\/d%c9%99rman-skafi-iki-qapili-ss\/#breadcrumb\",\"itemListElement\":[{\"@type\":\"ListItem\",\"position\":1,\"name\":\"\u018fsas\",\"item\":\"https:\/\/medishop.az\/\"},{\"@type\":\"ListItem\",\"position\":2,\"name\":\"Ma\u011faza\",\"item\":\"https:\/\/medishop.az\/ru\/shop\/\"},{\"@type\":\"ListItem\",\"position\":3,\"name\":\"D\u0259rman \u015fkaf\u0131 &#8211; iki qap\u0131l\u0131 &#8211; SS\"}]},{\"@type\":\"WebSite\",\"@id\":\"https:\/\/medishop.az\/#website\",\"url\":\"https:\/\/medishop.az\/\",\"name\":\"Medishop\",\"description\":\"Onlayn tibbi ma\u011faza\",\"publisher\":{\"@id\":\"https:\/\/medishop.az\/#organization\"},\"potentialAction\":[{\"@type\":\"SearchAction\",\"target\":{\"@type\":\"EntryPoint\",\"urlTemplate\":\"https:\/\/medishop.az\/?s={search_term_string}\"},\"query-input\":\"required name=search_term_string\"}],\"inLanguage\":\"ru-RU\"},{\"@type\":\"Organization\",\"@id\":\"https:\/\/medishop.az\/#organization\",\"name\":\"Medishop\",\"url\":\"https:\/\/medishop.az\/\",\"logo\":{\"@type\":\"ImageObject\",\"inLanguage\":\"ru-RU\",\"@id\":\"https:\/\/medishop.az\/#\/schema\/logo\/image\/\",\"url\":\"https:\/\/storage.googleapis.com\/stateless-medishop-az\/2022\/12\/logo.png\",\"contentUrl\":\"https:\/\/storage.googleapis.com\/stateless-medishop-az\/2022\/12\/logo.png\",\"width\":300,\"height\":89,\"caption\":\"Medishop\"},\"image\":{\"@id\":\"https:\/\/medishop.az\/#\/schema\/logo\/image\/\"},\"sameAs\":[\"https:\/\/www.facebook.com\/medishop.azerbaijan\"]}]}<\/script>\n<!-- \/ Yoast SEO plugin. -->","yoast_head_json":{"title":"D\u0259rman \u015fkaf\u0131 - iki qap\u0131l\u0131 - SS - Medishop","description":"D\u0259rman \u015fkaf\u0131 tibb m\u00fc\u0259ssis\u0259l\u0259rind\u0259 v\u0259 t\u0259\u015fkilatlarda d\u0259rmanlar\u0131n, al\u0259tl\u0259rin, x\u0259st\u0259xana s\u0259n\u0259dl\u0259rinin v\u0259 x\u0259st\u0259 qeydl\u0259rinin saxlanmas\u0131 \u00fc\u00e7\u00fcn n\u0259z\u0259rd\u0259 tutulub. Poladdan haz\u0131rlan\u0131b. Xrom \u00f6rt\u00fckl\u00fc maqnit q\u0131f\u0131llar ba\u011fl\u0131 olduqda qap\u0131n\u0131 b\u0259rkidir (\u015f\u00fc\u015f\u0259 qap\u0131lara qura\u015fd\u0131r\u0131l\u0131b).","robots":{"index":"index","follow":"follow","max-snippet":"max-snippet:-1","max-image-preview":"max-image-preview:large","max-video-preview":"max-video-preview:-1"},"canonical":"https:\/\/medishop.az\/ru\/mehsul\/d\u0259rman-skafi-iki-qapili-ss\/","og_locale":"ru_RU","og_type":"article","og_title":"D\u0259rman \u015fkaf\u0131 - iki qap\u0131l\u0131 - SS - Medishop","og_description":"D\u0259rman \u015fkaf\u0131 tibb m\u00fc\u0259ssis\u0259l\u0259rind\u0259 v\u0259 t\u0259\u015fkilatlarda d\u0259rmanlar\u0131n, al\u0259tl\u0259rin, x\u0259st\u0259xana s\u0259n\u0259dl\u0259rinin v\u0259 x\u0259st\u0259 qeydl\u0259rinin saxlanmas\u0131 \u00fc\u00e7\u00fcn n\u0259z\u0259rd\u0259 tutulub. Poladdan haz\u0131rlan\u0131b. Xrom \u00f6rt\u00fckl\u00fc maqnit q\u0131f\u0131llar ba\u011fl\u0131 olduqda qap\u0131n\u0131 b\u0259rkidir (\u015f\u00fc\u015f\u0259 qap\u0131lara qura\u015fd\u0131r\u0131l\u0131b).","og_url":"https:\/\/medishop.az\/ru\/mehsul\/d\u0259rman-skafi-iki-qapili-ss\/","og_site_name":"Medishop","article_publisher":"https:\/\/www.facebook.com\/medishop.azerbaijan","article_modified_time":"2026-01-21T09:09:31+00:00","og_image":[{"width":300,"height":300,"url":"https:\/\/medishop.az\/wp-content\/uploads\/2026\/01\/afcbb352-\u0414\u0438\u0437\u0430\u0439\u043d-\u0431\u0435\u0437-\u043d\u0430\u0437\u0432\u0430\u043d\u0438\u044f-\u043a\u043e\u043f\u0438\u044f-\u043a\u043e\u043f\u0438\u044f-\u043a\u043e\u043f\u0438\u044f-\u043a\u043e\u043f\u0438\u044f-10.png","type":"image\/png"}],"twitter_card":"summary_large_image","twitter_misc":{"\u041f\u0440\u0438\u043c\u0435\u0440\u043d\u043e\u0435 \u0432\u0440\u0435\u043c\u044f \u0434\u043b\u044f \u0447\u0442\u0435\u043d\u0438\u044f":"1 \u043c\u0438\u043d\u0443\u0442\u0430"},"schema":{"@context":"https:\/\/schema.org","@graph":[{"@type":"WebPage","@id":"https:\/\/medishop.az\/mehsul\/d%c9%99rman-skafi-iki-qapili-ss\/","url":"https:\/\/medishop.az\/mehsul\/d%c9%99rman-skafi-iki-qapili-ss\/","name":"D\u0259rman \u015fkaf\u0131 - iki qap\u0131l\u0131 - SS - Medishop","isPartOf":{"@id":"https:\/\/medishop.az\/#website"},"primaryImageOfPage":{"@id":"https:\/\/medishop.az\/mehsul\/d%c9%99rman-skafi-iki-qapili-ss\/#primaryimage"},"image":{"@id":"https:\/\/medishop.az\/mehsul\/d%c9%99rman-skafi-iki-qapili-ss\/#primaryimage"},"thumbnailUrl":"https:\/\/medishop.az\/wp-content\/uploads\/2026\/01\/afcbb352-\u0414\u0438\u0437\u0430\u0439\u043d-\u0431\u0435\u0437-\u043d\u0430\u0437\u0432\u0430\u043d\u0438\u044f-\u043a\u043e\u043f\u0438\u044f-\u043a\u043e\u043f\u0438\u044f-\u043a\u043e\u043f\u0438\u044f-\u043a\u043e\u043f\u0438\u044f-10.png","datePublished":"2026-01-21T09:01:52+00:00","dateModified":"2026-01-21T09:09:31+00:00","description":"D\u0259rman \u015fkaf\u0131 tibb m\u00fc\u0259ssis\u0259l\u0259rind\u0259 v\u0259 t\u0259\u015fkilatlarda d\u0259rmanlar\u0131n, al\u0259tl\u0259rin, x\u0259st\u0259xana s\u0259n\u0259dl\u0259rinin v\u0259 x\u0259st\u0259 qeydl\u0259rinin saxlanmas\u0131 \u00fc\u00e7\u00fcn n\u0259z\u0259rd\u0259 tutulub. Poladdan haz\u0131rlan\u0131b. Xrom \u00f6rt\u00fckl\u00fc maqnit q\u0131f\u0131llar ba\u011fl\u0131 olduqda qap\u0131n\u0131 b\u0259rkidir (\u015f\u00fc\u015f\u0259 qap\u0131lara qura\u015fd\u0131r\u0131l\u0131b).","breadcrumb":{"@id":"https:\/\/medishop.az\/mehsul\/d%c9%99rman-skafi-iki-qapili-ss\/#breadcrumb"},"inLanguage":"ru-RU","potentialAction":[{"@type":"ReadAction","target":["https:\/\/medishop.az\/mehsul\/d%c9%99rman-skafi-iki-qapili-ss\/"]}]},{"@type":"ImageObject","inLanguage":"ru-RU","@id":"https:\/\/medishop.az\/mehsul\/d%c9%99rman-skafi-iki-qapili-ss\/#primaryimage","url":"https:\/\/medishop.az\/wp-content\/uploads\/2026\/01\/afcbb352-\u0414\u0438\u0437\u0430\u0439\u043d-\u0431\u0435\u0437-\u043d\u0430\u0437\u0432\u0430\u043d\u0438\u044f-\u043a\u043e\u043f\u0438\u044f-\u043a\u043e\u043f\u0438\u044f-\u043a\u043e\u043f\u0438\u044f-\u043a\u043e\u043f\u0438\u044f-10.png","contentUrl":"https:\/\/medishop.az\/wp-content\/uploads\/2026\/01\/afcbb352-\u0414\u0438\u0437\u0430\u0439\u043d-\u0431\u0435\u0437-\u043d\u0430\u0437\u0432\u0430\u043d\u0438\u044f-\u043a\u043e\u043f\u0438\u044f-\u043a\u043e\u043f\u0438\u044f-\u043a\u043e\u043f\u0438\u044f-\u043a\u043e\u043f\u0438\u044f-10.png","width":300,"height":300},{"@type":"BreadcrumbList","@id":"https:\/\/medishop.az\/mehsul\/d%c9%99rman-skafi-iki-qapili-ss\/#breadcrumb","itemListElement":[{"@type":"ListItem","position":1,"name":"\u018fsas","item":"https:\/\/medishop.az\/"},{"@type":"ListItem","position":2,"name":"Ma\u011faza","item":"https:\/\/medishop.az\/ru\/shop\/"},{"@type":"ListItem","position":3,"name":"D\u0259rman \u015fkaf\u0131 &#8211; iki qap\u0131l\u0131 &#8211; SS"}]},{"@type":"WebSite","@id":"https:\/\/medishop.az\/#website","url":"https:\/\/medishop.az\/","name":"Medishop","description":"Onlayn tibbi ma\u011faza","publisher":{"@id":"https:\/\/medishop.az\/#organization"},"potentialAction":[{"@type":"SearchAction","target":{"@type":"EntryPoint","urlTemplate":"https:\/\/medishop.az\/?s={search_term_string}"},"query-input":"required name=search_term_string"}],"inLanguage":"ru-RU"},{"@type":"Organization","@id":"https:\/\/medishop.az\/#organization","name":"Medishop","url":"https:\/\/medishop.az\/","logo":{"@type":"ImageObject","inLanguage":"ru-RU","@id":"https:\/\/medishop.az\/#\/schema\/logo\/image\/","url":"https:\/\/storage.googleapis.com\/stateless-medishop-az\/2022\/12\/logo.png","contentUrl":"https:\/\/storage.googleapis.com\/stateless-medishop-az\/2022\/12\/logo.png","width":300,"height":89,"caption":"Medishop"},"image":{"@id":"https:\/\/medishop.az\/#\/schema\/logo\/image\/"},"sameAs":["https:\/\/www.facebook.com\/medishop.azerbaijan"]}]}},"jetpack_sharing_enabled":true,"_links":{"self":[{"href":"https:\/\/medishop.az\/ru\/wp-json\/wp\/v2\/product\/427952","targetHints":{"allow":["GET"]}}],"collection":[{"href":"https:\/\/medishop.az\/ru\/wp-json\/wp\/v2\/product"}],"about":[{"href":"https:\/\/medishop.az\/ru\/wp-json\/wp\/v2\/types\/product"}],"wp:featuredmedia":[{"embeddable":true,"href":"https:\/\/medishop.az\/ru\/wp-json\/wp\/v2\/media\/427956"}],"wp:attachment":[{"href":"https:\/\/medishop.az\/ru\/wp-json\/wp\/v2\/media?parent=427952"}],"wp:term":[{"taxonomy":"product_cat","embeddable":true,"href":"https:\/\/medishop.az\/ru\/wp-json\/wp\/v2\/product_cat?post=427952"},{"taxonomy":"product_tag","embeddable":true,"href":"https:\/\/medishop.az\/ru\/wp-json\/wp\/v2\/product_tag?post=427952"}],"curies":[{"name":"wp","href":"https:\/\/api.w.org\/{rel}","templated":true}]}}