{"id":418082,"date":"2026-01-17T18:46:09","date_gmt":"2026-01-17T14:46:09","guid":{"rendered":"https:\/\/medishop.az\/?post_type=product&#038;p=418082"},"modified":"2026-01-17T19:10:08","modified_gmt":"2026-01-17T15:10:08","slug":"neqatoskop-slim-led-tekli","status":"publish","type":"product","link":"https:\/\/medishop.az\/ru\/mehsul\/neqatoskop-slim-led-tekli\/","title":{"rendered":"Neqatoskop slim LED &#8211; t\u0259kli"},"content":{"rendered":"<p>Neqatoskopun \u00f6l\u00e7\u00fcs\u00fc: 500x440x65mm<\/p>\n<p>Ekran \u00f6l\u00e7\u00fcs\u00fc: 420 * 360mm<\/p>\n<p>\u00dcmumi \u00e7\u0259ki: 3.5kq<\/p>\n<p>\u00c7\u0259r\u00e7iv\u0259 material\u0131: al\u00fcminium<\/p>\n<p>Ekran material\u0131: y\u00fcks\u0259k keyfiyy\u0259tli akril<\/p>\n<p>Yax\u015f\u0131 ke\u00e7iricilik, y\u00fcks\u0259k parlaql\u0131q, rentgen filmi \u00fc\u00e7\u00fcn uy\u011fundur<\/p>\n<p>Qura\u015fd\u0131rma rejimi: divara asma<\/p>","protected":false},"excerpt":{"rendered":"<p>Neqatoskopun \u00f6l\u00e7\u00fcs\u00fc: 500x440x65mm Ekran \u00f6l\u00e7\u00fcs\u00fc: 420 * 360mm \u00dcmumi \u00e7\u0259ki: 3.5kq \u00c7\u0259r\u00e7iv\u0259 material\u0131: al\u00fcminium Ekran material\u0131: y\u00fcks\u0259k keyfiyy\u0259tli akril Yax\u015f\u0131 ke\u00e7iricilik, y\u00fcks\u0259k parlaql\u0131q, rentgen filmi \u00fc\u00e7\u00fcn uy\u011fundur Qura\u015fd\u0131rma rejimi: divara<\/p>","protected":false},"featured_media":418110,"template":"","meta":[],"product_cat":[127,154],"product_tag":[447,175,449,448,450],"class_list":{"0":"post-418082","1":"product","2":"type-product","3":"status-publish","4":"has-post-thumbnail","6":"product_cat-tibbi-mebeller","7":"product_cat-neqatoskoplar","8":"product_tag-neqatoskop","9":"product_tag-neqatoskop-almaq","10":"product_tag-neqatoskop-ikili","11":"product_tag-neqatoskop-tkli","12":"product_tag-rentgen-filmi","14":"first","15":"instock","16":"shipping-taxable","17":"purchasable","18":"product-type-simple"},"yoast_head":"<!-- This site is optimized with the Yoast SEO plugin v22.7 - https:\/\/yoast.com\/wordpress\/plugins\/seo\/ -->\n<title>Neqatoskop slim LED - t\u0259kli - Medishop<\/title>\n<meta name=\"description\" content=\"Rentgen filml\u0259rin\u0259 baxmaq \u00fc\u00e7\u00fcn t\u0259kli v\u0259 ikili neqatoskoplar\u0131 bizd\u0259n soru\u015fa bil\u0259rsiniz.\" \/>\n<meta name=\"robots\" content=\"index, follow, max-snippet:-1, max-image-preview:large, max-video-preview:-1\" \/>\n<link rel=\"canonical\" href=\"https:\/\/medishop.az\/ru\/mehsul\/neqatoskop-slim-led-tekli\/\" \/>\n<meta property=\"og:locale\" content=\"ru_RU\" \/>\n<meta property=\"og:type\" content=\"article\" \/>\n<meta property=\"og:title\" content=\"Neqatoskop slim LED - t\u0259kli - Medishop\" \/>\n<meta property=\"og:description\" content=\"Rentgen filml\u0259rin\u0259 baxmaq \u00fc\u00e7\u00fcn t\u0259kli v\u0259 ikili neqatoskoplar\u0131 bizd\u0259n soru\u015fa bil\u0259rsiniz.\" \/>\n<meta property=\"og:url\" content=\"https:\/\/medishop.az\/ru\/mehsul\/neqatoskop-slim-led-tekli\/\" \/>\n<meta property=\"og:site_name\" content=\"Medishop\" \/>\n<meta property=\"article:publisher\" content=\"https:\/\/www.facebook.com\/medishop.azerbaijan\" \/>\n<meta property=\"article:modified_time\" content=\"2026-01-17T15:10:08+00:00\" \/>\n<meta property=\"og:image\" content=\"https:\/\/medishop.az\/wp-content\/uploads\/2026\/01\/b10e04bf-\u0414\u0438\u0437\u0430\u0439\u043d-\u0431\u0435\u0437-300-x-300-\u043f\u0438\u043a\u0441.png\" \/>\n\t<meta property=\"og:image:width\" content=\"300\" \/>\n\t<meta property=\"og:image:height\" content=\"300\" \/>\n\t<meta property=\"og:image:type\" content=\"image\/png\" \/>\n<meta name=\"twitter:card\" content=\"summary_large_image\" \/>\n<meta name=\"twitter:label1\" content=\"\u041f\u0440\u0438\u043c\u0435\u0440\u043d\u043e\u0435 \u0432\u0440\u0435\u043c\u044f \u0434\u043b\u044f \u0447\u0442\u0435\u043d\u0438\u044f\" \/>\n\t<meta name=\"twitter:data1\" content=\"1 \u043c\u0438\u043d\u0443\u0442\u0430\" \/>\n<script type=\"application\/ld+json\" class=\"yoast-schema-graph\">{\"@context\":\"https:\/\/schema.org\",\"@graph\":[{\"@type\":\"WebPage\",\"@id\":\"https:\/\/medishop.az\/mehsul\/neqatoskop-slim-led-tekli\/\",\"url\":\"https:\/\/medishop.az\/mehsul\/neqatoskop-slim-led-tekli\/\",\"name\":\"Neqatoskop slim LED - t\u0259kli - Medishop\",\"isPartOf\":{\"@id\":\"https:\/\/medishop.az\/#website\"},\"primaryImageOfPage\":{\"@id\":\"https:\/\/medishop.az\/mehsul\/neqatoskop-slim-led-tekli\/#primaryimage\"},\"image\":{\"@id\":\"https:\/\/medishop.az\/mehsul\/neqatoskop-slim-led-tekli\/#primaryimage\"},\"thumbnailUrl\":\"https:\/\/medishop.az\/wp-content\/uploads\/2026\/01\/b10e04bf-\u0414\u0438\u0437\u0430\u0439\u043d-\u0431\u0435\u0437-300-x-300-\u043f\u0438\u043a\u0441.png\",\"datePublished\":\"2026-01-17T14:46:09+00:00\",\"dateModified\":\"2026-01-17T15:10:08+00:00\",\"description\":\"Rentgen filml\u0259rin\u0259 baxmaq \u00fc\u00e7\u00fcn t\u0259kli v\u0259 ikili neqatoskoplar\u0131 bizd\u0259n soru\u015fa bil\u0259rsiniz.\",\"breadcrumb\":{\"@id\":\"https:\/\/medishop.az\/mehsul\/neqatoskop-slim-led-tekli\/#breadcrumb\"},\"inLanguage\":\"ru-RU\",\"potentialAction\":[{\"@type\":\"ReadAction\",\"target\":[\"https:\/\/medishop.az\/mehsul\/neqatoskop-slim-led-tekli\/\"]}]},{\"@type\":\"ImageObject\",\"inLanguage\":\"ru-RU\",\"@id\":\"https:\/\/medishop.az\/mehsul\/neqatoskop-slim-led-tekli\/#primaryimage\",\"url\":\"https:\/\/medishop.az\/wp-content\/uploads\/2026\/01\/b10e04bf-\u0414\u0438\u0437\u0430\u0439\u043d-\u0431\u0435\u0437-300-x-300-\u043f\u0438\u043a\u0441.png\",\"contentUrl\":\"https:\/\/medishop.az\/wp-content\/uploads\/2026\/01\/b10e04bf-\u0414\u0438\u0437\u0430\u0439\u043d-\u0431\u0435\u0437-300-x-300-\u043f\u0438\u043a\u0441.png\",\"width\":300,\"height\":300},{\"@type\":\"BreadcrumbList\",\"@id\":\"https:\/\/medishop.az\/mehsul\/neqatoskop-slim-led-tekli\/#breadcrumb\",\"itemListElement\":[{\"@type\":\"ListItem\",\"position\":1,\"name\":\"\u018fsas\",\"item\":\"https:\/\/medishop.az\/\"},{\"@type\":\"ListItem\",\"position\":2,\"name\":\"Ma\u011faza\",\"item\":\"https:\/\/medishop.az\/ru\/shop\/\"},{\"@type\":\"ListItem\",\"position\":3,\"name\":\"Neqatoskop slim LED &#8211; t\u0259kli\"}]},{\"@type\":\"WebSite\",\"@id\":\"https:\/\/medishop.az\/#website\",\"url\":\"https:\/\/medishop.az\/\",\"name\":\"Medishop\",\"description\":\"Onlayn tibbi ma\u011faza\",\"publisher\":{\"@id\":\"https:\/\/medishop.az\/#organization\"},\"potentialAction\":[{\"@type\":\"SearchAction\",\"target\":{\"@type\":\"EntryPoint\",\"urlTemplate\":\"https:\/\/medishop.az\/?s={search_term_string}\"},\"query-input\":\"required name=search_term_string\"}],\"inLanguage\":\"ru-RU\"},{\"@type\":\"Organization\",\"@id\":\"https:\/\/medishop.az\/#organization\",\"name\":\"Medishop\",\"url\":\"https:\/\/medishop.az\/\",\"logo\":{\"@type\":\"ImageObject\",\"inLanguage\":\"ru-RU\",\"@id\":\"https:\/\/medishop.az\/#\/schema\/logo\/image\/\",\"url\":\"https:\/\/storage.googleapis.com\/stateless-medishop-az\/2022\/12\/logo.png\",\"contentUrl\":\"https:\/\/storage.googleapis.com\/stateless-medishop-az\/2022\/12\/logo.png\",\"width\":300,\"height\":89,\"caption\":\"Medishop\"},\"image\":{\"@id\":\"https:\/\/medishop.az\/#\/schema\/logo\/image\/\"},\"sameAs\":[\"https:\/\/www.facebook.com\/medishop.azerbaijan\"]}]}<\/script>\n<!-- \/ Yoast SEO plugin. -->","yoast_head_json":{"title":"Neqatoskop slim LED - t\u0259kli - Medishop","description":"Rentgen filml\u0259rin\u0259 baxmaq \u00fc\u00e7\u00fcn t\u0259kli v\u0259 ikili neqatoskoplar\u0131 bizd\u0259n soru\u015fa bil\u0259rsiniz.","robots":{"index":"index","follow":"follow","max-snippet":"max-snippet:-1","max-image-preview":"max-image-preview:large","max-video-preview":"max-video-preview:-1"},"canonical":"https:\/\/medishop.az\/ru\/mehsul\/neqatoskop-slim-led-tekli\/","og_locale":"ru_RU","og_type":"article","og_title":"Neqatoskop slim LED - t\u0259kli - Medishop","og_description":"Rentgen filml\u0259rin\u0259 baxmaq \u00fc\u00e7\u00fcn t\u0259kli v\u0259 ikili neqatoskoplar\u0131 bizd\u0259n soru\u015fa bil\u0259rsiniz.","og_url":"https:\/\/medishop.az\/ru\/mehsul\/neqatoskop-slim-led-tekli\/","og_site_name":"Medishop","article_publisher":"https:\/\/www.facebook.com\/medishop.azerbaijan","article_modified_time":"2026-01-17T15:10:08+00:00","og_image":[{"width":300,"height":300,"url":"https:\/\/medishop.az\/wp-content\/uploads\/2026\/01\/b10e04bf-\u0414\u0438\u0437\u0430\u0439\u043d-\u0431\u0435\u0437-300-x-300-\u043f\u0438\u043a\u0441.png","type":"image\/png"}],"twitter_card":"summary_large_image","twitter_misc":{"\u041f\u0440\u0438\u043c\u0435\u0440\u043d\u043e\u0435 \u0432\u0440\u0435\u043c\u044f \u0434\u043b\u044f \u0447\u0442\u0435\u043d\u0438\u044f":"1 \u043c\u0438\u043d\u0443\u0442\u0430"},"schema":{"@context":"https:\/\/schema.org","@graph":[{"@type":"WebPage","@id":"https:\/\/medishop.az\/mehsul\/neqatoskop-slim-led-tekli\/","url":"https:\/\/medishop.az\/mehsul\/neqatoskop-slim-led-tekli\/","name":"Neqatoskop slim LED - t\u0259kli - Medishop","isPartOf":{"@id":"https:\/\/medishop.az\/#website"},"primaryImageOfPage":{"@id":"https:\/\/medishop.az\/mehsul\/neqatoskop-slim-led-tekli\/#primaryimage"},"image":{"@id":"https:\/\/medishop.az\/mehsul\/neqatoskop-slim-led-tekli\/#primaryimage"},"thumbnailUrl":"https:\/\/medishop.az\/wp-content\/uploads\/2026\/01\/b10e04bf-\u0414\u0438\u0437\u0430\u0439\u043d-\u0431\u0435\u0437-300-x-300-\u043f\u0438\u043a\u0441.png","datePublished":"2026-01-17T14:46:09+00:00","dateModified":"2026-01-17T15:10:08+00:00","description":"Rentgen filml\u0259rin\u0259 baxmaq \u00fc\u00e7\u00fcn t\u0259kli v\u0259 ikili neqatoskoplar\u0131 bizd\u0259n soru\u015fa bil\u0259rsiniz.","breadcrumb":{"@id":"https:\/\/medishop.az\/mehsul\/neqatoskop-slim-led-tekli\/#breadcrumb"},"inLanguage":"ru-RU","potentialAction":[{"@type":"ReadAction","target":["https:\/\/medishop.az\/mehsul\/neqatoskop-slim-led-tekli\/"]}]},{"@type":"ImageObject","inLanguage":"ru-RU","@id":"https:\/\/medishop.az\/mehsul\/neqatoskop-slim-led-tekli\/#primaryimage","url":"https:\/\/medishop.az\/wp-content\/uploads\/2026\/01\/b10e04bf-\u0414\u0438\u0437\u0430\u0439\u043d-\u0431\u0435\u0437-300-x-300-\u043f\u0438\u043a\u0441.png","contentUrl":"https:\/\/medishop.az\/wp-content\/uploads\/2026\/01\/b10e04bf-\u0414\u0438\u0437\u0430\u0439\u043d-\u0431\u0435\u0437-300-x-300-\u043f\u0438\u043a\u0441.png","width":300,"height":300},{"@type":"BreadcrumbList","@id":"https:\/\/medishop.az\/mehsul\/neqatoskop-slim-led-tekli\/#breadcrumb","itemListElement":[{"@type":"ListItem","position":1,"name":"\u018fsas","item":"https:\/\/medishop.az\/"},{"@type":"ListItem","position":2,"name":"Ma\u011faza","item":"https:\/\/medishop.az\/ru\/shop\/"},{"@type":"ListItem","position":3,"name":"Neqatoskop slim LED &#8211; t\u0259kli"}]},{"@type":"WebSite","@id":"https:\/\/medishop.az\/#website","url":"https:\/\/medishop.az\/","name":"Medishop","description":"Onlayn tibbi ma\u011faza","publisher":{"@id":"https:\/\/medishop.az\/#organization"},"potentialAction":[{"@type":"SearchAction","target":{"@type":"EntryPoint","urlTemplate":"https:\/\/medishop.az\/?s={search_term_string}"},"query-input":"required name=search_term_string"}],"inLanguage":"ru-RU"},{"@type":"Organization","@id":"https:\/\/medishop.az\/#organization","name":"Medishop","url":"https:\/\/medishop.az\/","logo":{"@type":"ImageObject","inLanguage":"ru-RU","@id":"https:\/\/medishop.az\/#\/schema\/logo\/image\/","url":"https:\/\/storage.googleapis.com\/stateless-medishop-az\/2022\/12\/logo.png","contentUrl":"https:\/\/storage.googleapis.com\/stateless-medishop-az\/2022\/12\/logo.png","width":300,"height":89,"caption":"Medishop"},"image":{"@id":"https:\/\/medishop.az\/#\/schema\/logo\/image\/"},"sameAs":["https:\/\/www.facebook.com\/medishop.azerbaijan"]}]}},"jetpack_sharing_enabled":true,"_links":{"self":[{"href":"https:\/\/medishop.az\/ru\/wp-json\/wp\/v2\/product\/418082","targetHints":{"allow":["GET"]}}],"collection":[{"href":"https:\/\/medishop.az\/ru\/wp-json\/wp\/v2\/product"}],"about":[{"href":"https:\/\/medishop.az\/ru\/wp-json\/wp\/v2\/types\/product"}],"wp:featuredmedia":[{"embeddable":true,"href":"https:\/\/medishop.az\/ru\/wp-json\/wp\/v2\/media\/418110"}],"wp:attachment":[{"href":"https:\/\/medishop.az\/ru\/wp-json\/wp\/v2\/media?parent=418082"}],"wp:term":[{"taxonomy":"product_cat","embeddable":true,"href":"https:\/\/medishop.az\/ru\/wp-json\/wp\/v2\/product_cat?post=418082"},{"taxonomy":"product_tag","embeddable":true,"href":"https:\/\/medishop.az\/ru\/wp-json\/wp\/v2\/product_tag?post=418082"}],"curies":[{"name":"wp","href":"https:\/\/api.w.org\/{rel}","templated":true}]}}