{"id":4167,"date":"2022-12-17T16:51:07","date_gmt":"2022-12-17T12:51:07","guid":{"rendered":"https:\/\/medishop.az\/?post_type=product&#038;p=4167"},"modified":"2024-08-10T19:21:00","modified_gmt":"2024-08-10T15:21:00","slug":"qulaq-modeli-3-hiss%c9%99li-3x","status":"publish","type":"product","link":"https:\/\/medishop.az\/ru\/mehsul\/qulaq-modeli-3-hiss%c9%99li-3x\/","title":{"rendered":"\u041c\u043e\u0434\u0435\u043b\u044c \u0443\u0448\u0435\u0439 3-\u0447\u0430\u0441\u043e\u0432\u043e\u0439 3X"},"content":{"rendered":"<p>Bu model xarici, orta v\u0259 daxili qula\u011f\u0131 g\u00f6st\u0259rir. 1990-c\u0131 ild\u0259 1999-cu ild\u0259 1999-cu ild\u0259 bak\u0131da 1000 n\u0259f\u0259r ya\u015fay\u0131r. H\u0259m\u00e7inin orta v\u0259 daxili qula\u011f\u0131 m\u00fc\u0259yy\u0259n ed\u0259n vestibulyar v\u0259 koxlear sinirl\u0259rl\u0259 koxlea v\u0259 labirint d\u0259 \u00e7\u0131xar\u0131la bil\u0259r.<\/p>","protected":false},"excerpt":{"rendered":"<table border=\"0\" width=\"100%\" cellspacing=\"0\" cellpadding=\"0\">\n<tbody>\n<tr>\n<td class=\"menu\" bgcolor=\"#fff9ad\"><span class=\"sezione\">\u0422\u0435\u0445\u043d\u0438\u0447\u0435\u0441\u043a\u0438\u0435 \u0445\u0430\u0440\u0430\u043a\u0442\u0435\u0440\u0438\u0441\u0442\u0438\u043a\u0438<\/span><\/td>\n<\/tr>\n<tr>\n<td class=\"menu\" bgcolor=\"#fff9ad\">\u2022 \u0420\u0430\u0437\u043c\u0435\u0440: 33 \u0445 23 \u0445 21 \u0441\u043c.<br \/>\n\u2022 \u0412\u0435\u0441: 1 \u043a\u0433<br \/>\n\u2022 \u041a\u0443\u0441\u043e\u0447\u043a\u0438: 3<br \/>\n\u2022 \u0423\u0432\u0435\u043b\u0438\u0447\u0435\u043d\u0438\u0435: 3X<\/td>\n<\/tr>\n<\/tbody>\n<\/table>","protected":false},"featured_media":4168,"template":"","meta":[],"product_cat":[428,126],"product_tag":[390,392,393],"class_list":{"0":"post-4167","1":"product","2":"type-product","3":"status-publish","4":"has-post-thumbnail","6":"product_cat-anatomik-modeller","7":"product_cat-tibbi-cihazlar","8":"product_tag-medishop","9":"product_tag-qulaq-modeli","10":"product_tag-tibbi-avadanliqlarin-satisi","12":"first","13":"instock","14":"shipping-taxable","15":"purchasable","16":"product-type-simple"},"yoast_head":"<!-- This site is optimized with the Yoast SEO plugin v22.7 - https:\/\/yoast.com\/wordpress\/plugins\/seo\/ -->\n<title>Qulaq modeli 3 hiss\u0259li 3x - Medishop<\/title>\n<meta name=\"robots\" content=\"index, follow, max-snippet:-1, max-image-preview:large, max-video-preview:-1\" \/>\n<link rel=\"canonical\" href=\"https:\/\/medishop.az\/ru\/mehsul\/qulaq-modeli-3-hiss\u0259li-3x\/\" \/>\n<meta property=\"og:locale\" content=\"ru_RU\" \/>\n<meta property=\"og:type\" content=\"article\" \/>\n<meta property=\"og:title\" content=\"Qulaq modeli 3 hiss\u0259li 3x - Medishop\" \/>\n<meta property=\"og:description\" content=\"Texniki Spesifikasiyalar   \u2022 \u00d6l\u00e7\u00fcs\u00fc: 33 x 23 x h 21 sm \u2022 \u00c7\u0259ki: 1 kq \u2022 Par\u00e7alar: 3 \u2022 Magnifikasiya: 3X\" \/>\n<meta property=\"og:url\" content=\"https:\/\/medishop.az\/ru\/mehsul\/qulaq-modeli-3-hiss\u0259li-3x\/\" \/>\n<meta property=\"og:site_name\" content=\"Medishop\" \/>\n<meta property=\"article:publisher\" content=\"https:\/\/www.facebook.com\/medishop.azerbaijan\" \/>\n<meta property=\"article:modified_time\" content=\"2024-08-10T15:21:00+00:00\" \/>\n<meta property=\"og:image\" content=\"https:\/\/medishop.az\/wp-content\/uploads\/2022\/12\/5c1d75d0-qulaq-modeli-3-hiss\u0259li-3x.jpg\" \/>\n\t<meta property=\"og:image:width\" content=\"1000\" \/>\n\t<meta property=\"og:image:height\" content=\"1000\" \/>\n\t<meta property=\"og:image:type\" content=\"image\/jpeg\" \/>\n<meta name=\"twitter:card\" content=\"summary_large_image\" \/>\n<meta name=\"twitter:label1\" content=\"\u041f\u0440\u0438\u043c\u0435\u0440\u043d\u043e\u0435 \u0432\u0440\u0435\u043c\u044f \u0434\u043b\u044f \u0447\u0442\u0435\u043d\u0438\u044f\" \/>\n\t<meta name=\"twitter:data1\" content=\"1 \u043c\u0438\u043d\u0443\u0442\u0430\" \/>\n<script type=\"application\/ld+json\" class=\"yoast-schema-graph\">{\"@context\":\"https:\/\/schema.org\",\"@graph\":[{\"@type\":\"WebPage\",\"@id\":\"https:\/\/medishop.az\/mehsul\/qulaq-modeli-3-hiss%c9%99li-3x\/\",\"url\":\"https:\/\/medishop.az\/mehsul\/qulaq-modeli-3-hiss%c9%99li-3x\/\",\"name\":\"Qulaq modeli 3 hiss\u0259li 3x - Medishop\",\"isPartOf\":{\"@id\":\"https:\/\/medishop.az\/#website\"},\"primaryImageOfPage\":{\"@id\":\"https:\/\/medishop.az\/mehsul\/qulaq-modeli-3-hiss%c9%99li-3x\/#primaryimage\"},\"image\":{\"@id\":\"https:\/\/medishop.az\/mehsul\/qulaq-modeli-3-hiss%c9%99li-3x\/#primaryimage\"},\"thumbnailUrl\":\"https:\/\/medishop.az\/wp-content\/uploads\/2022\/12\/5c1d75d0-qulaq-modeli-3-hiss\u0259li-3x.jpg\",\"datePublished\":\"2022-12-17T12:51:07+00:00\",\"dateModified\":\"2024-08-10T15:21:00+00:00\",\"breadcrumb\":{\"@id\":\"https:\/\/medishop.az\/mehsul\/qulaq-modeli-3-hiss%c9%99li-3x\/#breadcrumb\"},\"inLanguage\":\"ru-RU\",\"potentialAction\":[{\"@type\":\"ReadAction\",\"target\":[\"https:\/\/medishop.az\/mehsul\/qulaq-modeli-3-hiss%c9%99li-3x\/\"]}]},{\"@type\":\"ImageObject\",\"inLanguage\":\"ru-RU\",\"@id\":\"https:\/\/medishop.az\/mehsul\/qulaq-modeli-3-hiss%c9%99li-3x\/#primaryimage\",\"url\":\"https:\/\/medishop.az\/wp-content\/uploads\/2022\/12\/5c1d75d0-qulaq-modeli-3-hiss\u0259li-3x.jpg\",\"contentUrl\":\"https:\/\/medishop.az\/wp-content\/uploads\/2022\/12\/5c1d75d0-qulaq-modeli-3-hiss\u0259li-3x.jpg\",\"width\":1000,\"height\":1000},{\"@type\":\"BreadcrumbList\",\"@id\":\"https:\/\/medishop.az\/mehsul\/qulaq-modeli-3-hiss%c9%99li-3x\/#breadcrumb\",\"itemListElement\":[{\"@type\":\"ListItem\",\"position\":1,\"name\":\"\u018fsas\",\"item\":\"https:\/\/medishop.az\/\"},{\"@type\":\"ListItem\",\"position\":2,\"name\":\"Ma\u011faza\",\"item\":\"https:\/\/medishop.az\/ru\/shop\/\"},{\"@type\":\"ListItem\",\"position\":3,\"name\":\"Qulaq modeli 3 hiss\u0259li 3x\"}]},{\"@type\":\"WebSite\",\"@id\":\"https:\/\/medishop.az\/#website\",\"url\":\"https:\/\/medishop.az\/\",\"name\":\"Medishop\",\"description\":\"Onlayn tibbi ma\u011faza\",\"publisher\":{\"@id\":\"https:\/\/medishop.az\/#organization\"},\"potentialAction\":[{\"@type\":\"SearchAction\",\"target\":{\"@type\":\"EntryPoint\",\"urlTemplate\":\"https:\/\/medishop.az\/?s={search_term_string}\"},\"query-input\":\"required name=search_term_string\"}],\"inLanguage\":\"ru-RU\"},{\"@type\":\"Organization\",\"@id\":\"https:\/\/medishop.az\/#organization\",\"name\":\"Medishop\",\"url\":\"https:\/\/medishop.az\/\",\"logo\":{\"@type\":\"ImageObject\",\"inLanguage\":\"ru-RU\",\"@id\":\"https:\/\/medishop.az\/#\/schema\/logo\/image\/\",\"url\":\"https:\/\/storage.googleapis.com\/stateless-medishop-az\/2022\/12\/logo.png\",\"contentUrl\":\"https:\/\/storage.googleapis.com\/stateless-medishop-az\/2022\/12\/logo.png\",\"width\":300,\"height\":89,\"caption\":\"Medishop\"},\"image\":{\"@id\":\"https:\/\/medishop.az\/#\/schema\/logo\/image\/\"},\"sameAs\":[\"https:\/\/www.facebook.com\/medishop.azerbaijan\"]}]}<\/script>\n<!-- \/ Yoast SEO plugin. -->","yoast_head_json":{"title":"Qulaq modeli 3 hiss\u0259li 3x - Medishop","robots":{"index":"index","follow":"follow","max-snippet":"max-snippet:-1","max-image-preview":"max-image-preview:large","max-video-preview":"max-video-preview:-1"},"canonical":"https:\/\/medishop.az\/ru\/mehsul\/qulaq-modeli-3-hiss\u0259li-3x\/","og_locale":"ru_RU","og_type":"article","og_title":"Qulaq modeli 3 hiss\u0259li 3x - Medishop","og_description":"Texniki Spesifikasiyalar   \u2022 \u00d6l\u00e7\u00fcs\u00fc: 33 x 23 x h 21 sm \u2022 \u00c7\u0259ki: 1 kq \u2022 Par\u00e7alar: 3 \u2022 Magnifikasiya: 3X","og_url":"https:\/\/medishop.az\/ru\/mehsul\/qulaq-modeli-3-hiss\u0259li-3x\/","og_site_name":"Medishop","article_publisher":"https:\/\/www.facebook.com\/medishop.azerbaijan","article_modified_time":"2024-08-10T15:21:00+00:00","og_image":[{"width":1000,"height":1000,"url":"https:\/\/medishop.az\/wp-content\/uploads\/2022\/12\/5c1d75d0-qulaq-modeli-3-hiss\u0259li-3x.jpg","type":"image\/jpeg"}],"twitter_card":"summary_large_image","twitter_misc":{"\u041f\u0440\u0438\u043c\u0435\u0440\u043d\u043e\u0435 \u0432\u0440\u0435\u043c\u044f \u0434\u043b\u044f \u0447\u0442\u0435\u043d\u0438\u044f":"1 \u043c\u0438\u043d\u0443\u0442\u0430"},"schema":{"@context":"https:\/\/schema.org","@graph":[{"@type":"WebPage","@id":"https:\/\/medishop.az\/mehsul\/qulaq-modeli-3-hiss%c9%99li-3x\/","url":"https:\/\/medishop.az\/mehsul\/qulaq-modeli-3-hiss%c9%99li-3x\/","name":"Qulaq modeli 3 hiss\u0259li 3x - Medishop","isPartOf":{"@id":"https:\/\/medishop.az\/#website"},"primaryImageOfPage":{"@id":"https:\/\/medishop.az\/mehsul\/qulaq-modeli-3-hiss%c9%99li-3x\/#primaryimage"},"image":{"@id":"https:\/\/medishop.az\/mehsul\/qulaq-modeli-3-hiss%c9%99li-3x\/#primaryimage"},"thumbnailUrl":"https:\/\/medishop.az\/wp-content\/uploads\/2022\/12\/5c1d75d0-qulaq-modeli-3-hiss\u0259li-3x.jpg","datePublished":"2022-12-17T12:51:07+00:00","dateModified":"2024-08-10T15:21:00+00:00","breadcrumb":{"@id":"https:\/\/medishop.az\/mehsul\/qulaq-modeli-3-hiss%c9%99li-3x\/#breadcrumb"},"inLanguage":"ru-RU","potentialAction":[{"@type":"ReadAction","target":["https:\/\/medishop.az\/mehsul\/qulaq-modeli-3-hiss%c9%99li-3x\/"]}]},{"@type":"ImageObject","inLanguage":"ru-RU","@id":"https:\/\/medishop.az\/mehsul\/qulaq-modeli-3-hiss%c9%99li-3x\/#primaryimage","url":"https:\/\/medishop.az\/wp-content\/uploads\/2022\/12\/5c1d75d0-qulaq-modeli-3-hiss\u0259li-3x.jpg","contentUrl":"https:\/\/medishop.az\/wp-content\/uploads\/2022\/12\/5c1d75d0-qulaq-modeli-3-hiss\u0259li-3x.jpg","width":1000,"height":1000},{"@type":"BreadcrumbList","@id":"https:\/\/medishop.az\/mehsul\/qulaq-modeli-3-hiss%c9%99li-3x\/#breadcrumb","itemListElement":[{"@type":"ListItem","position":1,"name":"\u018fsas","item":"https:\/\/medishop.az\/"},{"@type":"ListItem","position":2,"name":"Ma\u011faza","item":"https:\/\/medishop.az\/ru\/shop\/"},{"@type":"ListItem","position":3,"name":"Qulaq modeli 3 hiss\u0259li 3x"}]},{"@type":"WebSite","@id":"https:\/\/medishop.az\/#website","url":"https:\/\/medishop.az\/","name":"Medishop","description":"Onlayn tibbi ma\u011faza","publisher":{"@id":"https:\/\/medishop.az\/#organization"},"potentialAction":[{"@type":"SearchAction","target":{"@type":"EntryPoint","urlTemplate":"https:\/\/medishop.az\/?s={search_term_string}"},"query-input":"required name=search_term_string"}],"inLanguage":"ru-RU"},{"@type":"Organization","@id":"https:\/\/medishop.az\/#organization","name":"Medishop","url":"https:\/\/medishop.az\/","logo":{"@type":"ImageObject","inLanguage":"ru-RU","@id":"https:\/\/medishop.az\/#\/schema\/logo\/image\/","url":"https:\/\/storage.googleapis.com\/stateless-medishop-az\/2022\/12\/logo.png","contentUrl":"https:\/\/storage.googleapis.com\/stateless-medishop-az\/2022\/12\/logo.png","width":300,"height":89,"caption":"Medishop"},"image":{"@id":"https:\/\/medishop.az\/#\/schema\/logo\/image\/"},"sameAs":["https:\/\/www.facebook.com\/medishop.azerbaijan"]}]}},"jetpack_sharing_enabled":true,"_links":{"self":[{"href":"https:\/\/medishop.az\/ru\/wp-json\/wp\/v2\/product\/4167","targetHints":{"allow":["GET"]}}],"collection":[{"href":"https:\/\/medishop.az\/ru\/wp-json\/wp\/v2\/product"}],"about":[{"href":"https:\/\/medishop.az\/ru\/wp-json\/wp\/v2\/types\/product"}],"wp:featuredmedia":[{"embeddable":true,"href":"https:\/\/medishop.az\/ru\/wp-json\/wp\/v2\/media\/4168"}],"wp:attachment":[{"href":"https:\/\/medishop.az\/ru\/wp-json\/wp\/v2\/media?parent=4167"}],"wp:term":[{"taxonomy":"product_cat","embeddable":true,"href":"https:\/\/medishop.az\/ru\/wp-json\/wp\/v2\/product_cat?post=4167"},{"taxonomy":"product_tag","embeddable":true,"href":"https:\/\/medishop.az\/ru\/wp-json\/wp\/v2\/product_tag?post=4167"}],"curies":[{"name":"wp","href":"https:\/\/api.w.org\/{rel}","templated":true}]}}