{"id":4147,"date":"2022-12-17T16:36:30","date_gmt":"2022-12-17T12:36:30","guid":{"rendered":"https:\/\/medishop.az\/?post_type=product&#038;p=4147"},"modified":"2025-03-01T13:17:11","modified_gmt":"2025-03-01T09:17:11","slug":"mini-torso-insan-modeli-16-hiss%c9%99li","status":"publish","type":"product","link":"https:\/\/medishop.az\/ru\/mehsul\/mini-torso-insan-modeli-16-hiss%c9%99li\/","title":{"rendered":"MINI TORSO \u0130NSAN MODEL\u0130 &#8211; 16 hiss\u0259li"},"content":{"rendered":"<p>Bu yar\u0131m \u00f6l\u00e7\u00fcl\u00fc torso insan modeli \u0259sas anatomiya t\u0259limind\u0259 \u0259la vasit\u0259dir. 16 hiss\u0259d\u0259n ibar\u0259tdir v\u0259 a\u015fa\u011f\u0131dak\u0131 kimidir:<br \/>\n&#8211; Ba\u015f (2 hiss\u0259) beyin v\u0259 yuxar\u0131 t\u0259n\u0259ff\u00fcs yollar\u0131n\u0131n bir hiss\u0259sini g\u00f6st\u0259r\u0259n ba\u015f (2 hiss\u0259) beyin v\u0259 yuxar\u0131 t\u0259n\u0259ff\u00fcs yollar\u0131n\u0131n bir hiss\u0259sini g\u00f6st\u0259r\u0259n<br \/>\n&#8211; Beyinin yar\u0131s\u0131- Beyinin yar\u0131s\u0131, daxili qurulu\u015flar\u0131<br \/>\ng\u00f6st\u0259rir- 2 a\u011fciy\u0259r<br \/>\n&#8211; \u00dcr\u0259k (2 hiss\u0259) atria, ventrik\u00fcl v\u0259 qapaqlar<br \/>\n&#8211; Ba\u011f\u0131rsaqla qaraciy\u0259r<br \/>\n&#8211; M\u0259d\u0259<br \/>\n&#8211; T\u0259k par\u00e7a, o c\u00fcml\u0259d\u0259n ki\u00e7ik ba\u011f\u0131rsaq v\u0259 pankreas<br \/>\n&#8211; sidik kis\u0259sinin daxilini ifraz ed\u0259n removable \u00f6rt\u00fck- caecum<br \/>\ndaxilini ifraz ed\u0259n removable cover &#8211; Ki\u015fi reproduktiv orqanlar\u0131 (2 hiss\u0259)<br \/>\n&#8211; Qad\u0131n reproduktiv orqanlar\u0131 (2 hiss\u0259)<\/p>","protected":false},"excerpt":{"rendered":"<p>Bu yar\u0131m \u00f6l\u00e7\u00fcl\u00fc torz \u0259sas anatomiya t\u0259limind\u0259 \u0259la vasit\u0259dir. 16 hiss\u0259d\u0259n<br \/>\nibar\u0259t olan, a\u015fa\u011f\u0131dak\u0131 kimi:<br \/>\n&#8211; Ba\u015f (2 hiss\u0259) beyin v\u0259 yuxar\u0131 t\u0259n\u0259ff\u00fcs yollar\u0131n\u0131n bir hiss\u0259sini g\u00f6st\u0259r\u0259n ba\u015f (2 hiss\u0259) beyin v\u0259 yuxar\u0131 t\u0259n\u0259ff\u00fcs yollar\u0131n\u0131n bir hiss\u0259sini g\u00f6st\u0259r\u0259n<br \/>\n&#8211; Beyinin yar\u0131s\u0131- Beyinin yar\u0131s\u0131, daxili qurulu\u015flar\u0131<br \/>\ng\u00f6st\u0259rir- 2 a\u011fciy\u0259r<br \/>\n&#8211; \u00dcr\u0259k (2 hiss\u0259) atria, ventrik\u00fcl v\u0259 qapaqlar<br \/>\n&#8211; Ba\u011f\u0131rsaqla qaraciy\u0259r<br \/>\n&#8211; M\u0259d\u0259<br \/>\n&#8211; T\u0259k par\u00e7a, o c\u00fcml\u0259d\u0259n ki\u00e7ik ba\u011f\u0131rsaq v\u0259 pankreas<br \/>\n&#8211; sidik kis\u0259sinin daxilini ifraz ed\u0259n removable \u00f6rt\u00fck- caecum<br \/>\ndaxilini ifraz ed\u0259n removable cover &#8211; Ki\u015fi reproduktiv orqanlar\u0131 (2 hiss\u0259)<br \/>\n&#8211; Qad\u0131n reproduktiv orqanlar\u0131 (2 hiss\u0259)<\/p>","protected":false},"featured_media":4148,"template":"","meta":[],"product_cat":[428,126],"product_tag":[375,429,386,380,376,369,389,387,383,384,372,374,385,378,373],"class_list":{"0":"post-4147","1":"product","2":"type-product","3":"status-publish","4":"has-post-thumbnail","6":"product_cat-anatomik-modeller","7":"product_cat-tibbi-cihazlar","8":"product_tag-12-barmaq-bagirsaq-modeli","9":"product_tag-anatomik-model","10":"product_tag-bas-modeli","11":"product_tag-beyin-modeli","12":"product_tag-boyrk-vzi-modeli","13":"product_tag-dri-modeli","14":"product_tag-goz-modeli","15":"product_tag-insan-bedeni-modeli","16":"product_tag-insan-kllsi-modeli","17":"product_tag-insan-skeleti-modeli","18":"product_tag-md-modeli","19":"product_tag-mdalti-vzi-modeli","20":"product_tag-mini-torso","21":"product_tag-pelvis-kisi-modeli","22":"product_tag-prostat-modeli","24":"first","25":"instock","26":"shipping-taxable","27":"purchasable","28":"product-type-simple"},"yoast_head":"<!-- This site is optimized with the Yoast SEO plugin v22.7 - https:\/\/yoast.com\/wordpress\/plugins\/seo\/ -->\n<title>MINI TORSO \u0130NSAN MODEL\u0130 - 16 hiss\u0259li - Medishop<\/title>\n<meta name=\"description\" content=\"Bu yar\u0131m \u00f6l\u00e7\u00fcl\u00fc torso insan modeli \u0259sas anatomiya t\u0259limind\u0259 \u0259la vasit\u0259dir. 16 hiss\u0259d\u0259n ibar\u0259tdir v\u0259 a\u015fa\u011f\u0131dak\u0131 kimidir:- Ba\u015f (2 hiss\u0259) beyin v\u0259 yuxar\u0131 t\u0259n\u0259ff\u00fcs yollar\u0131n\u0131n bir hiss\u0259sini g\u00f6st\u0259r\u0259n ba\u015f (2 hiss\u0259) beyin v\u0259 yuxar\u0131 t\u0259n\u0259ff\u00fcs yollar\u0131n\u0131n bir hiss\u0259sini g\u00f6st\u0259r\u0259n- Beyinin yar\u0131s\u0131- Beyinin yar\u0131s\u0131, daxili qurulu\u015flar\u0131g\u00f6st\u0259rir- 2 a\u011fciy\u0259r- \u00dcr\u0259k (2 hiss\u0259) atria, ventrik\u00fcl v\u0259 qapaqlar- Ba\u011f\u0131rsaqla qaraciy\u0259r- M\u0259d\u0259- T\u0259k par\u00e7a, o c\u00fcml\u0259d\u0259n ki\u00e7ik ba\u011f\u0131rsaq v\u0259 pankreas- sidik kis\u0259sinin daxilini ifraz ed\u0259n removable \u00f6rt\u00fck- caecumdaxilini ifraz ed\u0259n removable cover - Ki\u015fi reproduktiv orqanlar\u0131 (2 hiss\u0259)- Qad\u0131n reproduktiv orqanlar\u0131 (2 hiss\u0259)\" \/>\n<meta name=\"robots\" content=\"index, follow, max-snippet:-1, max-image-preview:large, max-video-preview:-1\" \/>\n<link rel=\"canonical\" href=\"https:\/\/medishop.az\/ru\/mehsul\/mini-torso-insan-modeli-16-hiss\u0259li\/\" \/>\n<meta property=\"og:locale\" content=\"ru_RU\" \/>\n<meta property=\"og:type\" content=\"article\" \/>\n<meta property=\"og:title\" content=\"MINI TORSO \u0130NSAN MODEL\u0130 - 16 hiss\u0259li - Medishop\" \/>\n<meta property=\"og:description\" content=\"Bu yar\u0131m \u00f6l\u00e7\u00fcl\u00fc torso insan modeli \u0259sas anatomiya t\u0259limind\u0259 \u0259la vasit\u0259dir. 16 hiss\u0259d\u0259n ibar\u0259tdir v\u0259 a\u015fa\u011f\u0131dak\u0131 kimidir:- Ba\u015f (2 hiss\u0259) beyin v\u0259 yuxar\u0131 t\u0259n\u0259ff\u00fcs yollar\u0131n\u0131n bir hiss\u0259sini g\u00f6st\u0259r\u0259n ba\u015f (2 hiss\u0259) beyin v\u0259 yuxar\u0131 t\u0259n\u0259ff\u00fcs yollar\u0131n\u0131n bir hiss\u0259sini g\u00f6st\u0259r\u0259n- Beyinin yar\u0131s\u0131- Beyinin yar\u0131s\u0131, daxili qurulu\u015flar\u0131g\u00f6st\u0259rir- 2 a\u011fciy\u0259r- \u00dcr\u0259k (2 hiss\u0259) atria, ventrik\u00fcl v\u0259 qapaqlar- Ba\u011f\u0131rsaqla qaraciy\u0259r- M\u0259d\u0259- T\u0259k par\u00e7a, o c\u00fcml\u0259d\u0259n ki\u00e7ik ba\u011f\u0131rsaq v\u0259 pankreas- sidik kis\u0259sinin daxilini ifraz ed\u0259n removable \u00f6rt\u00fck- caecumdaxilini ifraz ed\u0259n removable cover - Ki\u015fi reproduktiv orqanlar\u0131 (2 hiss\u0259)- Qad\u0131n reproduktiv orqanlar\u0131 (2 hiss\u0259)\" \/>\n<meta property=\"og:url\" content=\"https:\/\/medishop.az\/ru\/mehsul\/mini-torso-insan-modeli-16-hiss\u0259li\/\" \/>\n<meta property=\"og:site_name\" content=\"Medishop\" \/>\n<meta property=\"article:publisher\" content=\"https:\/\/www.facebook.com\/medishop.azerbaijan\" \/>\n<meta property=\"article:modified_time\" content=\"2025-03-01T09:17:11+00:00\" \/>\n<meta property=\"og:image\" content=\"https:\/\/medishop.az\/wp-content\/uploads\/2022\/12\/76460a37-mini-torso-16-hiss\u0259.jpg\" \/>\n\t<meta property=\"og:image:width\" content=\"1000\" \/>\n\t<meta property=\"og:image:height\" content=\"1000\" \/>\n\t<meta property=\"og:image:type\" content=\"image\/jpeg\" \/>\n<meta name=\"twitter:card\" content=\"summary_large_image\" \/>\n<meta name=\"twitter:label1\" content=\"\u041f\u0440\u0438\u043c\u0435\u0440\u043d\u043e\u0435 \u0432\u0440\u0435\u043c\u044f \u0434\u043b\u044f \u0447\u0442\u0435\u043d\u0438\u044f\" \/>\n\t<meta name=\"twitter:data1\" content=\"1 \u043c\u0438\u043d\u0443\u0442\u0430\" \/>\n<script type=\"application\/ld+json\" class=\"yoast-schema-graph\">{\"@context\":\"https:\/\/schema.org\",\"@graph\":[{\"@type\":\"WebPage\",\"@id\":\"https:\/\/medishop.az\/mehsul\/mini-torso-insan-modeli-16-hiss%c9%99li\/\",\"url\":\"https:\/\/medishop.az\/mehsul\/mini-torso-insan-modeli-16-hiss%c9%99li\/\",\"name\":\"MINI TORSO \u0130NSAN MODEL\u0130 - 16 hiss\u0259li - Medishop\",\"isPartOf\":{\"@id\":\"https:\/\/medishop.az\/#website\"},\"primaryImageOfPage\":{\"@id\":\"https:\/\/medishop.az\/mehsul\/mini-torso-insan-modeli-16-hiss%c9%99li\/#primaryimage\"},\"image\":{\"@id\":\"https:\/\/medishop.az\/mehsul\/mini-torso-insan-modeli-16-hiss%c9%99li\/#primaryimage\"},\"thumbnailUrl\":\"https:\/\/medishop.az\/wp-content\/uploads\/2022\/12\/76460a37-mini-torso-16-hiss\u0259.jpg\",\"datePublished\":\"2022-12-17T12:36:30+00:00\",\"dateModified\":\"2025-03-01T09:17:11+00:00\",\"description\":\"Bu yar\u0131m \u00f6l\u00e7\u00fcl\u00fc torso insan modeli \u0259sas anatomiya t\u0259limind\u0259 \u0259la vasit\u0259dir. 16 hiss\u0259d\u0259n ibar\u0259tdir v\u0259 a\u015fa\u011f\u0131dak\u0131 kimidir:- Ba\u015f (2 hiss\u0259) beyin v\u0259 yuxar\u0131 t\u0259n\u0259ff\u00fcs yollar\u0131n\u0131n bir hiss\u0259sini g\u00f6st\u0259r\u0259n ba\u015f (2 hiss\u0259) beyin v\u0259 yuxar\u0131 t\u0259n\u0259ff\u00fcs yollar\u0131n\u0131n bir hiss\u0259sini g\u00f6st\u0259r\u0259n- Beyinin yar\u0131s\u0131- Beyinin yar\u0131s\u0131, daxili qurulu\u015flar\u0131g\u00f6st\u0259rir- 2 a\u011fciy\u0259r- \u00dcr\u0259k (2 hiss\u0259) atria, ventrik\u00fcl v\u0259 qapaqlar- Ba\u011f\u0131rsaqla qaraciy\u0259r- M\u0259d\u0259- T\u0259k par\u00e7a, o c\u00fcml\u0259d\u0259n ki\u00e7ik ba\u011f\u0131rsaq v\u0259 pankreas- sidik kis\u0259sinin daxilini ifraz ed\u0259n removable \u00f6rt\u00fck- caecumdaxilini ifraz ed\u0259n removable cover - Ki\u015fi reproduktiv orqanlar\u0131 (2 hiss\u0259)- Qad\u0131n reproduktiv orqanlar\u0131 (2 hiss\u0259)\",\"breadcrumb\":{\"@id\":\"https:\/\/medishop.az\/mehsul\/mini-torso-insan-modeli-16-hiss%c9%99li\/#breadcrumb\"},\"inLanguage\":\"ru-RU\",\"potentialAction\":[{\"@type\":\"ReadAction\",\"target\":[\"https:\/\/medishop.az\/mehsul\/mini-torso-insan-modeli-16-hiss%c9%99li\/\"]}]},{\"@type\":\"ImageObject\",\"inLanguage\":\"ru-RU\",\"@id\":\"https:\/\/medishop.az\/mehsul\/mini-torso-insan-modeli-16-hiss%c9%99li\/#primaryimage\",\"url\":\"https:\/\/medishop.az\/wp-content\/uploads\/2022\/12\/76460a37-mini-torso-16-hiss\u0259.jpg\",\"contentUrl\":\"https:\/\/medishop.az\/wp-content\/uploads\/2022\/12\/76460a37-mini-torso-16-hiss\u0259.jpg\",\"width\":1000,\"height\":1000},{\"@type\":\"BreadcrumbList\",\"@id\":\"https:\/\/medishop.az\/mehsul\/mini-torso-insan-modeli-16-hiss%c9%99li\/#breadcrumb\",\"itemListElement\":[{\"@type\":\"ListItem\",\"position\":1,\"name\":\"\u018fsas\",\"item\":\"https:\/\/medishop.az\/\"},{\"@type\":\"ListItem\",\"position\":2,\"name\":\"Ma\u011faza\",\"item\":\"https:\/\/medishop.az\/ru\/shop\/\"},{\"@type\":\"ListItem\",\"position\":3,\"name\":\"MINI TORSO \u0130NSAN MODEL\u0130 &#8211; 16 hiss\u0259li\"}]},{\"@type\":\"WebSite\",\"@id\":\"https:\/\/medishop.az\/#website\",\"url\":\"https:\/\/medishop.az\/\",\"name\":\"Medishop\",\"description\":\"Onlayn tibbi ma\u011faza\",\"publisher\":{\"@id\":\"https:\/\/medishop.az\/#organization\"},\"potentialAction\":[{\"@type\":\"SearchAction\",\"target\":{\"@type\":\"EntryPoint\",\"urlTemplate\":\"https:\/\/medishop.az\/?s={search_term_string}\"},\"query-input\":\"required name=search_term_string\"}],\"inLanguage\":\"ru-RU\"},{\"@type\":\"Organization\",\"@id\":\"https:\/\/medishop.az\/#organization\",\"name\":\"Medishop\",\"url\":\"https:\/\/medishop.az\/\",\"logo\":{\"@type\":\"ImageObject\",\"inLanguage\":\"ru-RU\",\"@id\":\"https:\/\/medishop.az\/#\/schema\/logo\/image\/\",\"url\":\"https:\/\/storage.googleapis.com\/stateless-medishop-az\/2022\/12\/logo.png\",\"contentUrl\":\"https:\/\/storage.googleapis.com\/stateless-medishop-az\/2022\/12\/logo.png\",\"width\":300,\"height\":89,\"caption\":\"Medishop\"},\"image\":{\"@id\":\"https:\/\/medishop.az\/#\/schema\/logo\/image\/\"},\"sameAs\":[\"https:\/\/www.facebook.com\/medishop.azerbaijan\"]}]}<\/script>\n<!-- \/ Yoast SEO plugin. -->","yoast_head_json":{"title":"MINI TORSO \u0130NSAN MODEL\u0130 - 16 hiss\u0259li - Medishop","description":"Bu yar\u0131m \u00f6l\u00e7\u00fcl\u00fc torso insan modeli \u0259sas anatomiya t\u0259limind\u0259 \u0259la vasit\u0259dir. 16 hiss\u0259d\u0259n ibar\u0259tdir v\u0259 a\u015fa\u011f\u0131dak\u0131 kimidir:- Ba\u015f (2 hiss\u0259) beyin v\u0259 yuxar\u0131 t\u0259n\u0259ff\u00fcs yollar\u0131n\u0131n bir hiss\u0259sini g\u00f6st\u0259r\u0259n ba\u015f (2 hiss\u0259) beyin v\u0259 yuxar\u0131 t\u0259n\u0259ff\u00fcs yollar\u0131n\u0131n bir hiss\u0259sini g\u00f6st\u0259r\u0259n- Beyinin yar\u0131s\u0131- Beyinin yar\u0131s\u0131, daxili qurulu\u015flar\u0131g\u00f6st\u0259rir- 2 a\u011fciy\u0259r- \u00dcr\u0259k (2 hiss\u0259) atria, ventrik\u00fcl v\u0259 qapaqlar- Ba\u011f\u0131rsaqla qaraciy\u0259r- M\u0259d\u0259- T\u0259k par\u00e7a, o c\u00fcml\u0259d\u0259n ki\u00e7ik ba\u011f\u0131rsaq v\u0259 pankreas- sidik kis\u0259sinin daxilini ifraz ed\u0259n removable \u00f6rt\u00fck- caecumdaxilini ifraz ed\u0259n removable cover - Ki\u015fi reproduktiv orqanlar\u0131 (2 hiss\u0259)- Qad\u0131n reproduktiv orqanlar\u0131 (2 hiss\u0259)","robots":{"index":"index","follow":"follow","max-snippet":"max-snippet:-1","max-image-preview":"max-image-preview:large","max-video-preview":"max-video-preview:-1"},"canonical":"https:\/\/medishop.az\/ru\/mehsul\/mini-torso-insan-modeli-16-hiss\u0259li\/","og_locale":"ru_RU","og_type":"article","og_title":"MINI TORSO \u0130NSAN MODEL\u0130 - 16 hiss\u0259li - Medishop","og_description":"Bu yar\u0131m \u00f6l\u00e7\u00fcl\u00fc torso insan modeli \u0259sas anatomiya t\u0259limind\u0259 \u0259la vasit\u0259dir. 16 hiss\u0259d\u0259n ibar\u0259tdir v\u0259 a\u015fa\u011f\u0131dak\u0131 kimidir:- Ba\u015f (2 hiss\u0259) beyin v\u0259 yuxar\u0131 t\u0259n\u0259ff\u00fcs yollar\u0131n\u0131n bir hiss\u0259sini g\u00f6st\u0259r\u0259n ba\u015f (2 hiss\u0259) beyin v\u0259 yuxar\u0131 t\u0259n\u0259ff\u00fcs yollar\u0131n\u0131n bir hiss\u0259sini g\u00f6st\u0259r\u0259n- Beyinin yar\u0131s\u0131- Beyinin yar\u0131s\u0131, daxili qurulu\u015flar\u0131g\u00f6st\u0259rir- 2 a\u011fciy\u0259r- \u00dcr\u0259k (2 hiss\u0259) atria, ventrik\u00fcl v\u0259 qapaqlar- Ba\u011f\u0131rsaqla qaraciy\u0259r- M\u0259d\u0259- T\u0259k par\u00e7a, o c\u00fcml\u0259d\u0259n ki\u00e7ik ba\u011f\u0131rsaq v\u0259 pankreas- sidik kis\u0259sinin daxilini ifraz ed\u0259n removable \u00f6rt\u00fck- caecumdaxilini ifraz ed\u0259n removable cover - Ki\u015fi reproduktiv orqanlar\u0131 (2 hiss\u0259)- Qad\u0131n reproduktiv orqanlar\u0131 (2 hiss\u0259)","og_url":"https:\/\/medishop.az\/ru\/mehsul\/mini-torso-insan-modeli-16-hiss\u0259li\/","og_site_name":"Medishop","article_publisher":"https:\/\/www.facebook.com\/medishop.azerbaijan","article_modified_time":"2025-03-01T09:17:11+00:00","og_image":[{"width":1000,"height":1000,"url":"https:\/\/medishop.az\/wp-content\/uploads\/2022\/12\/76460a37-mini-torso-16-hiss\u0259.jpg","type":"image\/jpeg"}],"twitter_card":"summary_large_image","twitter_misc":{"\u041f\u0440\u0438\u043c\u0435\u0440\u043d\u043e\u0435 \u0432\u0440\u0435\u043c\u044f \u0434\u043b\u044f \u0447\u0442\u0435\u043d\u0438\u044f":"1 \u043c\u0438\u043d\u0443\u0442\u0430"},"schema":{"@context":"https:\/\/schema.org","@graph":[{"@type":"WebPage","@id":"https:\/\/medishop.az\/mehsul\/mini-torso-insan-modeli-16-hiss%c9%99li\/","url":"https:\/\/medishop.az\/mehsul\/mini-torso-insan-modeli-16-hiss%c9%99li\/","name":"MINI TORSO \u0130NSAN MODEL\u0130 - 16 hiss\u0259li - Medishop","isPartOf":{"@id":"https:\/\/medishop.az\/#website"},"primaryImageOfPage":{"@id":"https:\/\/medishop.az\/mehsul\/mini-torso-insan-modeli-16-hiss%c9%99li\/#primaryimage"},"image":{"@id":"https:\/\/medishop.az\/mehsul\/mini-torso-insan-modeli-16-hiss%c9%99li\/#primaryimage"},"thumbnailUrl":"https:\/\/medishop.az\/wp-content\/uploads\/2022\/12\/76460a37-mini-torso-16-hiss\u0259.jpg","datePublished":"2022-12-17T12:36:30+00:00","dateModified":"2025-03-01T09:17:11+00:00","description":"Bu yar\u0131m \u00f6l\u00e7\u00fcl\u00fc torso insan modeli \u0259sas anatomiya t\u0259limind\u0259 \u0259la vasit\u0259dir. 16 hiss\u0259d\u0259n ibar\u0259tdir v\u0259 a\u015fa\u011f\u0131dak\u0131 kimidir:- Ba\u015f (2 hiss\u0259) beyin v\u0259 yuxar\u0131 t\u0259n\u0259ff\u00fcs yollar\u0131n\u0131n bir hiss\u0259sini g\u00f6st\u0259r\u0259n ba\u015f (2 hiss\u0259) beyin v\u0259 yuxar\u0131 t\u0259n\u0259ff\u00fcs yollar\u0131n\u0131n bir hiss\u0259sini g\u00f6st\u0259r\u0259n- Beyinin yar\u0131s\u0131- Beyinin yar\u0131s\u0131, daxili qurulu\u015flar\u0131g\u00f6st\u0259rir- 2 a\u011fciy\u0259r- \u00dcr\u0259k (2 hiss\u0259) atria, ventrik\u00fcl v\u0259 qapaqlar- Ba\u011f\u0131rsaqla qaraciy\u0259r- M\u0259d\u0259- T\u0259k par\u00e7a, o c\u00fcml\u0259d\u0259n ki\u00e7ik ba\u011f\u0131rsaq v\u0259 pankreas- sidik kis\u0259sinin daxilini ifraz ed\u0259n removable \u00f6rt\u00fck- caecumdaxilini ifraz ed\u0259n removable cover - Ki\u015fi reproduktiv orqanlar\u0131 (2 hiss\u0259)- Qad\u0131n reproduktiv orqanlar\u0131 (2 hiss\u0259)","breadcrumb":{"@id":"https:\/\/medishop.az\/mehsul\/mini-torso-insan-modeli-16-hiss%c9%99li\/#breadcrumb"},"inLanguage":"ru-RU","potentialAction":[{"@type":"ReadAction","target":["https:\/\/medishop.az\/mehsul\/mini-torso-insan-modeli-16-hiss%c9%99li\/"]}]},{"@type":"ImageObject","inLanguage":"ru-RU","@id":"https:\/\/medishop.az\/mehsul\/mini-torso-insan-modeli-16-hiss%c9%99li\/#primaryimage","url":"https:\/\/medishop.az\/wp-content\/uploads\/2022\/12\/76460a37-mini-torso-16-hiss\u0259.jpg","contentUrl":"https:\/\/medishop.az\/wp-content\/uploads\/2022\/12\/76460a37-mini-torso-16-hiss\u0259.jpg","width":1000,"height":1000},{"@type":"BreadcrumbList","@id":"https:\/\/medishop.az\/mehsul\/mini-torso-insan-modeli-16-hiss%c9%99li\/#breadcrumb","itemListElement":[{"@type":"ListItem","position":1,"name":"\u018fsas","item":"https:\/\/medishop.az\/"},{"@type":"ListItem","position":2,"name":"Ma\u011faza","item":"https:\/\/medishop.az\/ru\/shop\/"},{"@type":"ListItem","position":3,"name":"MINI TORSO \u0130NSAN MODEL\u0130 &#8211; 16 hiss\u0259li"}]},{"@type":"WebSite","@id":"https:\/\/medishop.az\/#website","url":"https:\/\/medishop.az\/","name":"Medishop","description":"Onlayn tibbi ma\u011faza","publisher":{"@id":"https:\/\/medishop.az\/#organization"},"potentialAction":[{"@type":"SearchAction","target":{"@type":"EntryPoint","urlTemplate":"https:\/\/medishop.az\/?s={search_term_string}"},"query-input":"required name=search_term_string"}],"inLanguage":"ru-RU"},{"@type":"Organization","@id":"https:\/\/medishop.az\/#organization","name":"Medishop","url":"https:\/\/medishop.az\/","logo":{"@type":"ImageObject","inLanguage":"ru-RU","@id":"https:\/\/medishop.az\/#\/schema\/logo\/image\/","url":"https:\/\/storage.googleapis.com\/stateless-medishop-az\/2022\/12\/logo.png","contentUrl":"https:\/\/storage.googleapis.com\/stateless-medishop-az\/2022\/12\/logo.png","width":300,"height":89,"caption":"Medishop"},"image":{"@id":"https:\/\/medishop.az\/#\/schema\/logo\/image\/"},"sameAs":["https:\/\/www.facebook.com\/medishop.azerbaijan"]}]}},"jetpack_sharing_enabled":true,"_links":{"self":[{"href":"https:\/\/medishop.az\/ru\/wp-json\/wp\/v2\/product\/4147","targetHints":{"allow":["GET"]}}],"collection":[{"href":"https:\/\/medishop.az\/ru\/wp-json\/wp\/v2\/product"}],"about":[{"href":"https:\/\/medishop.az\/ru\/wp-json\/wp\/v2\/types\/product"}],"wp:featuredmedia":[{"embeddable":true,"href":"https:\/\/medishop.az\/ru\/wp-json\/wp\/v2\/media\/4148"}],"wp:attachment":[{"href":"https:\/\/medishop.az\/ru\/wp-json\/wp\/v2\/media?parent=4147"}],"wp:term":[{"taxonomy":"product_cat","embeddable":true,"href":"https:\/\/medishop.az\/ru\/wp-json\/wp\/v2\/product_cat?post=4147"},{"taxonomy":"product_tag","embeddable":true,"href":"https:\/\/medishop.az\/ru\/wp-json\/wp\/v2\/product_tag?post=4147"}],"curies":[{"name":"wp","href":"https:\/\/api.w.org\/{rel}","templated":true}]}}