{"id":4143,"date":"2022-12-17T16:32:29","date_gmt":"2022-12-17T12:32:29","guid":{"rendered":"https:\/\/medishop.az\/?post_type=product&#038;p=4143"},"modified":"2025-03-01T12:39:15","modified_gmt":"2025-03-01T08:39:15","slug":"mini-insan-skeleti","status":"publish","type":"product","link":"https:\/\/medishop.az\/ru\/mehsul\/mini-insan-skeleti\/","title":{"rendered":"\u041c\u0438\u043d\u0438 \u0447\u0435\u043b\u043e\u0432\u0435\u0447\u0435\u0441\u043a\u0438\u0439 \u0441\u043a\u0435\u043b\u0435\u0442"},"content":{"rendered":"<p>Bu 1\/2 h\u0259yat \u00f6l\u00e7\u00fcs\u00fc modelind\u0259 insan skeletinin anatomiyas\u0131 y\u00fcks\u0259k detalda g\u00f6st\u0259rilir. K\u0259ll\u0259 3 hiss\u0259y\u0259 par\u00e7alana bil\u0259r: k\u0259ll\u0259 s\u00fcm\u00fcy\u00fc, k\u0259ll\u0259nin bazas\u0131 v\u0259 alt \u00e7\u0259n\u0259. B\u00fct\u00fcn \u0259sas oynaqlar artikulasiya olunur. Qol v\u0259 ayaqlar\u0131 asanl\u0131qla aradan qald\u0131rmaq olar.<\/p>","protected":false},"excerpt":{"rendered":"<table border=\"0\" width=\"100%\" cellspacing=\"0\" cellpadding=\"0\">\n<tbody>\n<tr>\n<td class=\"menu\" bgcolor=\"#fff9ad\"><span class=\"sezione\">\u0422\u0435\u0445\u043d\u0438\u0447\u0435\u0441\u043a\u0438\u0435 \u0445\u0430\u0440\u0430\u043a\u0442\u0435\u0440\u0438\u0441\u0442\u0438\u043a\u0438<\/span><\/td>\n<\/tr>\n<tr>\n<td class=\"menu\" bgcolor=\"#fff9ad\">\u2022 H\u00fcnd\u00fcrl\u00fcy\u00fc: 80 sm<br \/>\n\u2022 \u00c7\u0259kisi: 1,5 kq<\/td>\n<\/tr>\n<\/tbody>\n<\/table>","protected":false},"featured_media":4144,"template":"","meta":[],"product_cat":[428,126],"product_tag":[375,386,380,433,388,389,387,437,384,372],"class_list":{"0":"post-4143","1":"product","2":"type-product","3":"status-publish","4":"has-post-thumbnail","6":"product_cat-anatomik-modeller","7":"product_cat-tibbi-cihazlar","8":"product_tag-12-barmaq-bagirsaq-modeli","9":"product_tag-bas-modeli","10":"product_tag-beyin-modeli","11":"product_tag-ciyin-oynaqlarinin-modeli","12":"product_tag-zl-sistemi-modeli","13":"product_tag-goz-modeli","14":"product_tag-insan-bedeni-modeli","15":"product_tag-insan-skeleti","16":"product_tag-insan-skeleti-modeli","17":"product_tag-md-modeli","19":"first","20":"instock","21":"shipping-taxable","22":"purchasable","23":"product-type-simple"},"yoast_head":"<!-- This site is optimized with the Yoast SEO plugin v22.7 - https:\/\/yoast.com\/wordpress\/plugins\/seo\/ -->\n<title>Mini insan skeleti - Medishop<\/title>\n<meta name=\"description\" content=\"Bu 1\/2 h\u0259yat \u00f6l\u00e7\u00fcs\u00fc modelind\u0259 insan skeletinin anatomiyas\u0131 y\u00fcks\u0259k detalda g\u00f6st\u0259rilir. K\u0259ll\u0259 3 hiss\u0259y\u0259 par\u00e7alana bil\u0259r: k\u0259ll\u0259 s\u00fcm\u00fcy\u00fc, k\u0259ll\u0259nin bazas\u0131 v\u0259 alt \u00e7\u0259n\u0259. B\u00fct\u00fcn \u0259sas oynaqlar artikulasiya olunur. Qol v\u0259 ayaqlar\u0131 asanl\u0131qla aradan qald\u0131rmaq olar.\u00a0\" \/>\n<meta name=\"robots\" content=\"index, follow, max-snippet:-1, max-image-preview:large, max-video-preview:-1\" \/>\n<link rel=\"canonical\" href=\"https:\/\/medishop.az\/ru\/mehsul\/mini-insan-skeleti\/\" \/>\n<meta property=\"og:locale\" content=\"ru_RU\" \/>\n<meta property=\"og:type\" content=\"article\" \/>\n<meta property=\"og:title\" content=\"Mini insan skeleti - Medishop\" \/>\n<meta property=\"og:description\" content=\"Bu 1\/2 h\u0259yat \u00f6l\u00e7\u00fcs\u00fc modelind\u0259 insan skeletinin anatomiyas\u0131 y\u00fcks\u0259k detalda g\u00f6st\u0259rilir. K\u0259ll\u0259 3 hiss\u0259y\u0259 par\u00e7alana bil\u0259r: k\u0259ll\u0259 s\u00fcm\u00fcy\u00fc, k\u0259ll\u0259nin bazas\u0131 v\u0259 alt \u00e7\u0259n\u0259. B\u00fct\u00fcn \u0259sas oynaqlar artikulasiya olunur. Qol v\u0259 ayaqlar\u0131 asanl\u0131qla aradan qald\u0131rmaq olar.\u00a0\" \/>\n<meta property=\"og:url\" content=\"https:\/\/medishop.az\/ru\/mehsul\/mini-insan-skeleti\/\" \/>\n<meta property=\"og:site_name\" content=\"Medishop\" \/>\n<meta property=\"article:publisher\" content=\"https:\/\/www.facebook.com\/medishop.azerbaijan\" \/>\n<meta property=\"article:modified_time\" content=\"2025-03-01T08:39:15+00:00\" \/>\n<meta property=\"og:image\" content=\"https:\/\/medishop.az\/wp-content\/uploads\/2022\/12\/6b048122-mini-insan-skeleti.jpg\" \/>\n\t<meta property=\"og:image:width\" content=\"1000\" \/>\n\t<meta property=\"og:image:height\" content=\"1000\" \/>\n\t<meta property=\"og:image:type\" content=\"image\/jpeg\" \/>\n<meta name=\"twitter:card\" content=\"summary_large_image\" \/>\n<meta name=\"twitter:label1\" content=\"\u041f\u0440\u0438\u043c\u0435\u0440\u043d\u043e\u0435 \u0432\u0440\u0435\u043c\u044f \u0434\u043b\u044f \u0447\u0442\u0435\u043d\u0438\u044f\" \/>\n\t<meta name=\"twitter:data1\" content=\"1 \u043c\u0438\u043d\u0443\u0442\u0430\" \/>\n<script type=\"application\/ld+json\" class=\"yoast-schema-graph\">{\"@context\":\"https:\/\/schema.org\",\"@graph\":[{\"@type\":\"WebPage\",\"@id\":\"https:\/\/medishop.az\/mehsul\/mini-insan-skeleti\/\",\"url\":\"https:\/\/medishop.az\/mehsul\/mini-insan-skeleti\/\",\"name\":\"Mini insan skeleti - Medishop\",\"isPartOf\":{\"@id\":\"https:\/\/medishop.az\/#website\"},\"primaryImageOfPage\":{\"@id\":\"https:\/\/medishop.az\/mehsul\/mini-insan-skeleti\/#primaryimage\"},\"image\":{\"@id\":\"https:\/\/medishop.az\/mehsul\/mini-insan-skeleti\/#primaryimage\"},\"thumbnailUrl\":\"https:\/\/medishop.az\/wp-content\/uploads\/2022\/12\/6b048122-mini-insan-skeleti.jpg\",\"datePublished\":\"2022-12-17T12:32:29+00:00\",\"dateModified\":\"2025-03-01T08:39:15+00:00\",\"description\":\"Bu 1\/2 h\u0259yat \u00f6l\u00e7\u00fcs\u00fc modelind\u0259 insan skeletinin anatomiyas\u0131 y\u00fcks\u0259k detalda g\u00f6st\u0259rilir. K\u0259ll\u0259 3 hiss\u0259y\u0259 par\u00e7alana bil\u0259r: k\u0259ll\u0259 s\u00fcm\u00fcy\u00fc, k\u0259ll\u0259nin bazas\u0131 v\u0259 alt \u00e7\u0259n\u0259. B\u00fct\u00fcn \u0259sas oynaqlar artikulasiya olunur. Qol v\u0259 ayaqlar\u0131 asanl\u0131qla aradan qald\u0131rmaq olar.\u00a0\",\"breadcrumb\":{\"@id\":\"https:\/\/medishop.az\/mehsul\/mini-insan-skeleti\/#breadcrumb\"},\"inLanguage\":\"ru-RU\",\"potentialAction\":[{\"@type\":\"ReadAction\",\"target\":[\"https:\/\/medishop.az\/mehsul\/mini-insan-skeleti\/\"]}]},{\"@type\":\"ImageObject\",\"inLanguage\":\"ru-RU\",\"@id\":\"https:\/\/medishop.az\/mehsul\/mini-insan-skeleti\/#primaryimage\",\"url\":\"https:\/\/medishop.az\/wp-content\/uploads\/2022\/12\/6b048122-mini-insan-skeleti.jpg\",\"contentUrl\":\"https:\/\/medishop.az\/wp-content\/uploads\/2022\/12\/6b048122-mini-insan-skeleti.jpg\",\"width\":1000,\"height\":1000},{\"@type\":\"BreadcrumbList\",\"@id\":\"https:\/\/medishop.az\/mehsul\/mini-insan-skeleti\/#breadcrumb\",\"itemListElement\":[{\"@type\":\"ListItem\",\"position\":1,\"name\":\"\u018fsas\",\"item\":\"https:\/\/medishop.az\/\"},{\"@type\":\"ListItem\",\"position\":2,\"name\":\"Ma\u011faza\",\"item\":\"https:\/\/medishop.az\/ru\/shop\/\"},{\"@type\":\"ListItem\",\"position\":3,\"name\":\"Mini insan skeleti\"}]},{\"@type\":\"WebSite\",\"@id\":\"https:\/\/medishop.az\/#website\",\"url\":\"https:\/\/medishop.az\/\",\"name\":\"Medishop\",\"description\":\"Onlayn tibbi ma\u011faza\",\"publisher\":{\"@id\":\"https:\/\/medishop.az\/#organization\"},\"potentialAction\":[{\"@type\":\"SearchAction\",\"target\":{\"@type\":\"EntryPoint\",\"urlTemplate\":\"https:\/\/medishop.az\/?s={search_term_string}\"},\"query-input\":\"required name=search_term_string\"}],\"inLanguage\":\"ru-RU\"},{\"@type\":\"Organization\",\"@id\":\"https:\/\/medishop.az\/#organization\",\"name\":\"Medishop\",\"url\":\"https:\/\/medishop.az\/\",\"logo\":{\"@type\":\"ImageObject\",\"inLanguage\":\"ru-RU\",\"@id\":\"https:\/\/medishop.az\/#\/schema\/logo\/image\/\",\"url\":\"https:\/\/storage.googleapis.com\/stateless-medishop-az\/2022\/12\/logo.png\",\"contentUrl\":\"https:\/\/storage.googleapis.com\/stateless-medishop-az\/2022\/12\/logo.png\",\"width\":300,\"height\":89,\"caption\":\"Medishop\"},\"image\":{\"@id\":\"https:\/\/medishop.az\/#\/schema\/logo\/image\/\"},\"sameAs\":[\"https:\/\/www.facebook.com\/medishop.azerbaijan\"]}]}<\/script>\n<!-- \/ Yoast SEO plugin. -->","yoast_head_json":{"title":"Mini insan skeleti - Medishop","description":"Bu 1\/2 h\u0259yat \u00f6l\u00e7\u00fcs\u00fc modelind\u0259 insan skeletinin anatomiyas\u0131 y\u00fcks\u0259k detalda g\u00f6st\u0259rilir. K\u0259ll\u0259 3 hiss\u0259y\u0259 par\u00e7alana bil\u0259r: k\u0259ll\u0259 s\u00fcm\u00fcy\u00fc, k\u0259ll\u0259nin bazas\u0131 v\u0259 alt \u00e7\u0259n\u0259. B\u00fct\u00fcn \u0259sas oynaqlar artikulasiya olunur. Qol v\u0259 ayaqlar\u0131 asanl\u0131qla aradan qald\u0131rmaq olar.\u00a0","robots":{"index":"index","follow":"follow","max-snippet":"max-snippet:-1","max-image-preview":"max-image-preview:large","max-video-preview":"max-video-preview:-1"},"canonical":"https:\/\/medishop.az\/ru\/mehsul\/mini-insan-skeleti\/","og_locale":"ru_RU","og_type":"article","og_title":"Mini insan skeleti - Medishop","og_description":"Bu 1\/2 h\u0259yat \u00f6l\u00e7\u00fcs\u00fc modelind\u0259 insan skeletinin anatomiyas\u0131 y\u00fcks\u0259k detalda g\u00f6st\u0259rilir. K\u0259ll\u0259 3 hiss\u0259y\u0259 par\u00e7alana bil\u0259r: k\u0259ll\u0259 s\u00fcm\u00fcy\u00fc, k\u0259ll\u0259nin bazas\u0131 v\u0259 alt \u00e7\u0259n\u0259. B\u00fct\u00fcn \u0259sas oynaqlar artikulasiya olunur. Qol v\u0259 ayaqlar\u0131 asanl\u0131qla aradan qald\u0131rmaq olar.\u00a0","og_url":"https:\/\/medishop.az\/ru\/mehsul\/mini-insan-skeleti\/","og_site_name":"Medishop","article_publisher":"https:\/\/www.facebook.com\/medishop.azerbaijan","article_modified_time":"2025-03-01T08:39:15+00:00","og_image":[{"width":1000,"height":1000,"url":"https:\/\/medishop.az\/wp-content\/uploads\/2022\/12\/6b048122-mini-insan-skeleti.jpg","type":"image\/jpeg"}],"twitter_card":"summary_large_image","twitter_misc":{"\u041f\u0440\u0438\u043c\u0435\u0440\u043d\u043e\u0435 \u0432\u0440\u0435\u043c\u044f \u0434\u043b\u044f \u0447\u0442\u0435\u043d\u0438\u044f":"1 \u043c\u0438\u043d\u0443\u0442\u0430"},"schema":{"@context":"https:\/\/schema.org","@graph":[{"@type":"WebPage","@id":"https:\/\/medishop.az\/mehsul\/mini-insan-skeleti\/","url":"https:\/\/medishop.az\/mehsul\/mini-insan-skeleti\/","name":"Mini insan skeleti - Medishop","isPartOf":{"@id":"https:\/\/medishop.az\/#website"},"primaryImageOfPage":{"@id":"https:\/\/medishop.az\/mehsul\/mini-insan-skeleti\/#primaryimage"},"image":{"@id":"https:\/\/medishop.az\/mehsul\/mini-insan-skeleti\/#primaryimage"},"thumbnailUrl":"https:\/\/medishop.az\/wp-content\/uploads\/2022\/12\/6b048122-mini-insan-skeleti.jpg","datePublished":"2022-12-17T12:32:29+00:00","dateModified":"2025-03-01T08:39:15+00:00","description":"Bu 1\/2 h\u0259yat \u00f6l\u00e7\u00fcs\u00fc modelind\u0259 insan skeletinin anatomiyas\u0131 y\u00fcks\u0259k detalda g\u00f6st\u0259rilir. K\u0259ll\u0259 3 hiss\u0259y\u0259 par\u00e7alana bil\u0259r: k\u0259ll\u0259 s\u00fcm\u00fcy\u00fc, k\u0259ll\u0259nin bazas\u0131 v\u0259 alt \u00e7\u0259n\u0259. B\u00fct\u00fcn \u0259sas oynaqlar artikulasiya olunur. Qol v\u0259 ayaqlar\u0131 asanl\u0131qla aradan qald\u0131rmaq olar.\u00a0","breadcrumb":{"@id":"https:\/\/medishop.az\/mehsul\/mini-insan-skeleti\/#breadcrumb"},"inLanguage":"ru-RU","potentialAction":[{"@type":"ReadAction","target":["https:\/\/medishop.az\/mehsul\/mini-insan-skeleti\/"]}]},{"@type":"ImageObject","inLanguage":"ru-RU","@id":"https:\/\/medishop.az\/mehsul\/mini-insan-skeleti\/#primaryimage","url":"https:\/\/medishop.az\/wp-content\/uploads\/2022\/12\/6b048122-mini-insan-skeleti.jpg","contentUrl":"https:\/\/medishop.az\/wp-content\/uploads\/2022\/12\/6b048122-mini-insan-skeleti.jpg","width":1000,"height":1000},{"@type":"BreadcrumbList","@id":"https:\/\/medishop.az\/mehsul\/mini-insan-skeleti\/#breadcrumb","itemListElement":[{"@type":"ListItem","position":1,"name":"\u018fsas","item":"https:\/\/medishop.az\/"},{"@type":"ListItem","position":2,"name":"Ma\u011faza","item":"https:\/\/medishop.az\/ru\/shop\/"},{"@type":"ListItem","position":3,"name":"Mini insan skeleti"}]},{"@type":"WebSite","@id":"https:\/\/medishop.az\/#website","url":"https:\/\/medishop.az\/","name":"Medishop","description":"Onlayn tibbi ma\u011faza","publisher":{"@id":"https:\/\/medishop.az\/#organization"},"potentialAction":[{"@type":"SearchAction","target":{"@type":"EntryPoint","urlTemplate":"https:\/\/medishop.az\/?s={search_term_string}"},"query-input":"required name=search_term_string"}],"inLanguage":"ru-RU"},{"@type":"Organization","@id":"https:\/\/medishop.az\/#organization","name":"Medishop","url":"https:\/\/medishop.az\/","logo":{"@type":"ImageObject","inLanguage":"ru-RU","@id":"https:\/\/medishop.az\/#\/schema\/logo\/image\/","url":"https:\/\/storage.googleapis.com\/stateless-medishop-az\/2022\/12\/logo.png","contentUrl":"https:\/\/storage.googleapis.com\/stateless-medishop-az\/2022\/12\/logo.png","width":300,"height":89,"caption":"Medishop"},"image":{"@id":"https:\/\/medishop.az\/#\/schema\/logo\/image\/"},"sameAs":["https:\/\/www.facebook.com\/medishop.azerbaijan"]}]}},"jetpack_sharing_enabled":true,"_links":{"self":[{"href":"https:\/\/medishop.az\/ru\/wp-json\/wp\/v2\/product\/4143","targetHints":{"allow":["GET"]}}],"collection":[{"href":"https:\/\/medishop.az\/ru\/wp-json\/wp\/v2\/product"}],"about":[{"href":"https:\/\/medishop.az\/ru\/wp-json\/wp\/v2\/types\/product"}],"wp:featuredmedia":[{"embeddable":true,"href":"https:\/\/medishop.az\/ru\/wp-json\/wp\/v2\/media\/4144"}],"wp:attachment":[{"href":"https:\/\/medishop.az\/ru\/wp-json\/wp\/v2\/media?parent=4143"}],"wp:term":[{"taxonomy":"product_cat","embeddable":true,"href":"https:\/\/medishop.az\/ru\/wp-json\/wp\/v2\/product_cat?post=4143"},{"taxonomy":"product_tag","embeddable":true,"href":"https:\/\/medishop.az\/ru\/wp-json\/wp\/v2\/product_tag?post=4143"}],"curies":[{"name":"wp","href":"https:\/\/api.w.org\/{rel}","templated":true}]}}