{"id":4141,"date":"2022-12-17T16:30:29","date_gmt":"2022-12-17T12:30:29","guid":{"rendered":"https:\/\/medishop.az\/?post_type=product&#038;p=4141"},"modified":"2025-03-01T12:46:41","modified_gmt":"2025-03-01T08:46:41","slug":"insan-k%c9%99ll%c9%99si-modeli","status":"publish","type":"product","link":"https:\/\/medishop.az\/ru\/mehsul\/insan-k%c9%99ll%c9%99si-modeli\/","title":{"rendered":"\u041c\u043e\u0434\u0435\u043b\u044c \u0447\u0435\u043b\u043e\u0432\u0435\u0447\u0435\u0441\u043a\u043e\u0433\u043e \u0447\u0435\u0440\u0435\u043f\u0430"},"content":{"rendered":"<p>\u0130NSAN K\u018fLL\u018fS\u0130 1X &#8211; 3 hiss\u0259<\/p>\n<p>B\u00fct\u00fcn struktur detallar\u0131 il\u0259 bir h\u0259yat \u00f6l\u00e7\u00fcs\u00fc insan k\u0259ll\u0259sinin \u0259trafl\u0131 t\u00f6r\u0259m\u0259si. Mandibula oyna\u011f\u0131, k\u0259ll\u0259 qapa\u011f\u0131 daxili detallar\u0131 g\u00f6st\u0259rm\u0259k \u00fc\u00e7\u00fcn \u00e7\u0131xar\u0131la bil\u0259r.<\/p>\n<p>PVC-d\u0259n istehsal olunub.<\/p>","protected":false},"excerpt":{"rendered":"<p>\u0130NSAN K\u018fLL\u018fS\u0130 1X &#8211; 3 hiss\u0259 B\u00fct\u00fcn struktur detallar\u0131 il\u0259 bir h\u0259yat \u00f6l\u00e7\u00fcs\u00fc insan k\u0259ll\u0259sinin \u0259trafl\u0131 t\u00f6r\u0259m\u0259si. Mandibula oyna\u011f\u0131, k\u0259ll\u0259 qapa\u011f\u0131 daxili detallar\u0131 g\u00f6st\u0259rm\u0259k \u00fc\u00e7\u00fcn \u00e7\u0131xar\u0131la bil\u0259r. PVC-d\u0259n istehsal olunub.<\/p>","protected":false},"featured_media":4142,"template":"","meta":[],"product_cat":[428,126],"product_tag":[375,386,380,376,433,389,383,384,374],"class_list":{"0":"post-4141","1":"product","2":"type-product","3":"status-publish","4":"has-post-thumbnail","6":"product_cat-anatomik-modeller","7":"product_cat-tibbi-cihazlar","8":"product_tag-12-barmaq-bagirsaq-modeli","9":"product_tag-bas-modeli","10":"product_tag-beyin-modeli","11":"product_tag-boyrk-vzi-modeli","12":"product_tag-ciyin-oynaqlarinin-modeli","13":"product_tag-goz-modeli","14":"product_tag-insan-kllsi-modeli","15":"product_tag-insan-skeleti-modeli","16":"product_tag-mdalti-vzi-modeli","18":"first","19":"instock","20":"shipping-taxable","21":"purchasable","22":"product-type-simple"},"yoast_head":"<!-- This site is optimized with the Yoast SEO plugin v22.7 - https:\/\/yoast.com\/wordpress\/plugins\/seo\/ -->\n<title>\u0130nsan k\u0259ll\u0259si modeli - Medishop<\/title>\n<meta name=\"description\" content=\"B\u00fct\u00fcn struktur detallar\u0131 il\u0259 bir h\u0259yat \u00f6l\u00e7\u00fcs\u00fc insan k\u0259ll\u0259sinin \u0259trafl\u0131 t\u00f6r\u0259m\u0259si. Mandibula oyna\u011f\u0131, k\u0259ll\u0259 qapa\u011f\u0131 daxili detallar\u0131 g\u00f6st\u0259rm\u0259k \u00fc\u00e7\u00fcn \u00e7\u0131xar\u0131la bil\u0259r.\u00a0PVC-d\u0259n istehsal olunub.\" \/>\n<meta name=\"robots\" content=\"index, follow, max-snippet:-1, max-image-preview:large, max-video-preview:-1\" \/>\n<link rel=\"canonical\" href=\"https:\/\/medishop.az\/ru\/mehsul\/insan-k\u0259ll\u0259si-modeli\/\" \/>\n<meta property=\"og:locale\" content=\"ru_RU\" \/>\n<meta property=\"og:type\" content=\"article\" \/>\n<meta property=\"og:title\" content=\"\u0130nsan k\u0259ll\u0259si modeli - Medishop\" \/>\n<meta property=\"og:description\" content=\"B\u00fct\u00fcn struktur detallar\u0131 il\u0259 bir h\u0259yat \u00f6l\u00e7\u00fcs\u00fc insan k\u0259ll\u0259sinin \u0259trafl\u0131 t\u00f6r\u0259m\u0259si. Mandibula oyna\u011f\u0131, k\u0259ll\u0259 qapa\u011f\u0131 daxili detallar\u0131 g\u00f6st\u0259rm\u0259k \u00fc\u00e7\u00fcn \u00e7\u0131xar\u0131la bil\u0259r.\u00a0PVC-d\u0259n istehsal olunub.\" \/>\n<meta property=\"og:url\" content=\"https:\/\/medishop.az\/ru\/mehsul\/insan-k\u0259ll\u0259si-modeli\/\" \/>\n<meta property=\"og:site_name\" content=\"Medishop\" \/>\n<meta property=\"article:publisher\" content=\"https:\/\/www.facebook.com\/medishop.azerbaijan\" \/>\n<meta property=\"article:modified_time\" content=\"2025-03-01T08:46:41+00:00\" \/>\n<meta property=\"og:image\" content=\"https:\/\/medishop.az\/wp-content\/uploads\/2022\/12\/79050c49-insan-k\u0259ll\u0259si-modeli.jpg\" \/>\n\t<meta property=\"og:image:width\" content=\"1000\" \/>\n\t<meta property=\"og:image:height\" content=\"1000\" \/>\n\t<meta property=\"og:image:type\" content=\"image\/jpeg\" \/>\n<meta name=\"twitter:card\" content=\"summary_large_image\" \/>\n<meta name=\"twitter:label1\" content=\"\u041f\u0440\u0438\u043c\u0435\u0440\u043d\u043e\u0435 \u0432\u0440\u0435\u043c\u044f \u0434\u043b\u044f \u0447\u0442\u0435\u043d\u0438\u044f\" \/>\n\t<meta name=\"twitter:data1\" content=\"1 \u043c\u0438\u043d\u0443\u0442\u0430\" \/>\n<script type=\"application\/ld+json\" class=\"yoast-schema-graph\">{\"@context\":\"https:\/\/schema.org\",\"@graph\":[{\"@type\":\"WebPage\",\"@id\":\"https:\/\/medishop.az\/mehsul\/insan-k%c9%99ll%c9%99si-modeli\/\",\"url\":\"https:\/\/medishop.az\/mehsul\/insan-k%c9%99ll%c9%99si-modeli\/\",\"name\":\"\u0130nsan k\u0259ll\u0259si modeli - Medishop\",\"isPartOf\":{\"@id\":\"https:\/\/medishop.az\/#website\"},\"primaryImageOfPage\":{\"@id\":\"https:\/\/medishop.az\/mehsul\/insan-k%c9%99ll%c9%99si-modeli\/#primaryimage\"},\"image\":{\"@id\":\"https:\/\/medishop.az\/mehsul\/insan-k%c9%99ll%c9%99si-modeli\/#primaryimage\"},\"thumbnailUrl\":\"https:\/\/medishop.az\/wp-content\/uploads\/2022\/12\/79050c49-insan-k\u0259ll\u0259si-modeli.jpg\",\"datePublished\":\"2022-12-17T12:30:29+00:00\",\"dateModified\":\"2025-03-01T08:46:41+00:00\",\"description\":\"B\u00fct\u00fcn struktur detallar\u0131 il\u0259 bir h\u0259yat \u00f6l\u00e7\u00fcs\u00fc insan k\u0259ll\u0259sinin \u0259trafl\u0131 t\u00f6r\u0259m\u0259si. Mandibula oyna\u011f\u0131, k\u0259ll\u0259 qapa\u011f\u0131 daxili detallar\u0131 g\u00f6st\u0259rm\u0259k \u00fc\u00e7\u00fcn \u00e7\u0131xar\u0131la bil\u0259r.\u00a0PVC-d\u0259n istehsal olunub.\",\"breadcrumb\":{\"@id\":\"https:\/\/medishop.az\/mehsul\/insan-k%c9%99ll%c9%99si-modeli\/#breadcrumb\"},\"inLanguage\":\"ru-RU\",\"potentialAction\":[{\"@type\":\"ReadAction\",\"target\":[\"https:\/\/medishop.az\/mehsul\/insan-k%c9%99ll%c9%99si-modeli\/\"]}]},{\"@type\":\"ImageObject\",\"inLanguage\":\"ru-RU\",\"@id\":\"https:\/\/medishop.az\/mehsul\/insan-k%c9%99ll%c9%99si-modeli\/#primaryimage\",\"url\":\"https:\/\/medishop.az\/wp-content\/uploads\/2022\/12\/79050c49-insan-k\u0259ll\u0259si-modeli.jpg\",\"contentUrl\":\"https:\/\/medishop.az\/wp-content\/uploads\/2022\/12\/79050c49-insan-k\u0259ll\u0259si-modeli.jpg\",\"width\":1000,\"height\":1000},{\"@type\":\"BreadcrumbList\",\"@id\":\"https:\/\/medishop.az\/mehsul\/insan-k%c9%99ll%c9%99si-modeli\/#breadcrumb\",\"itemListElement\":[{\"@type\":\"ListItem\",\"position\":1,\"name\":\"\u018fsas\",\"item\":\"https:\/\/medishop.az\/\"},{\"@type\":\"ListItem\",\"position\":2,\"name\":\"Ma\u011faza\",\"item\":\"https:\/\/medishop.az\/ru\/shop\/\"},{\"@type\":\"ListItem\",\"position\":3,\"name\":\"\u0130nsan k\u0259ll\u0259si modeli\"}]},{\"@type\":\"WebSite\",\"@id\":\"https:\/\/medishop.az\/#website\",\"url\":\"https:\/\/medishop.az\/\",\"name\":\"Medishop\",\"description\":\"Onlayn tibbi ma\u011faza\",\"publisher\":{\"@id\":\"https:\/\/medishop.az\/#organization\"},\"potentialAction\":[{\"@type\":\"SearchAction\",\"target\":{\"@type\":\"EntryPoint\",\"urlTemplate\":\"https:\/\/medishop.az\/?s={search_term_string}\"},\"query-input\":\"required name=search_term_string\"}],\"inLanguage\":\"ru-RU\"},{\"@type\":\"Organization\",\"@id\":\"https:\/\/medishop.az\/#organization\",\"name\":\"Medishop\",\"url\":\"https:\/\/medishop.az\/\",\"logo\":{\"@type\":\"ImageObject\",\"inLanguage\":\"ru-RU\",\"@id\":\"https:\/\/medishop.az\/#\/schema\/logo\/image\/\",\"url\":\"https:\/\/storage.googleapis.com\/stateless-medishop-az\/2022\/12\/logo.png\",\"contentUrl\":\"https:\/\/storage.googleapis.com\/stateless-medishop-az\/2022\/12\/logo.png\",\"width\":300,\"height\":89,\"caption\":\"Medishop\"},\"image\":{\"@id\":\"https:\/\/medishop.az\/#\/schema\/logo\/image\/\"},\"sameAs\":[\"https:\/\/www.facebook.com\/medishop.azerbaijan\"]}]}<\/script>\n<!-- \/ Yoast SEO plugin. -->","yoast_head_json":{"title":"\u0130nsan k\u0259ll\u0259si modeli - Medishop","description":"B\u00fct\u00fcn struktur detallar\u0131 il\u0259 bir h\u0259yat \u00f6l\u00e7\u00fcs\u00fc insan k\u0259ll\u0259sinin \u0259trafl\u0131 t\u00f6r\u0259m\u0259si. Mandibula oyna\u011f\u0131, k\u0259ll\u0259 qapa\u011f\u0131 daxili detallar\u0131 g\u00f6st\u0259rm\u0259k \u00fc\u00e7\u00fcn \u00e7\u0131xar\u0131la bil\u0259r.\u00a0PVC-d\u0259n istehsal olunub.","robots":{"index":"index","follow":"follow","max-snippet":"max-snippet:-1","max-image-preview":"max-image-preview:large","max-video-preview":"max-video-preview:-1"},"canonical":"https:\/\/medishop.az\/ru\/mehsul\/insan-k\u0259ll\u0259si-modeli\/","og_locale":"ru_RU","og_type":"article","og_title":"\u0130nsan k\u0259ll\u0259si modeli - Medishop","og_description":"B\u00fct\u00fcn struktur detallar\u0131 il\u0259 bir h\u0259yat \u00f6l\u00e7\u00fcs\u00fc insan k\u0259ll\u0259sinin \u0259trafl\u0131 t\u00f6r\u0259m\u0259si. Mandibula oyna\u011f\u0131, k\u0259ll\u0259 qapa\u011f\u0131 daxili detallar\u0131 g\u00f6st\u0259rm\u0259k \u00fc\u00e7\u00fcn \u00e7\u0131xar\u0131la bil\u0259r.\u00a0PVC-d\u0259n istehsal olunub.","og_url":"https:\/\/medishop.az\/ru\/mehsul\/insan-k\u0259ll\u0259si-modeli\/","og_site_name":"Medishop","article_publisher":"https:\/\/www.facebook.com\/medishop.azerbaijan","article_modified_time":"2025-03-01T08:46:41+00:00","og_image":[{"width":1000,"height":1000,"url":"https:\/\/medishop.az\/wp-content\/uploads\/2022\/12\/79050c49-insan-k\u0259ll\u0259si-modeli.jpg","type":"image\/jpeg"}],"twitter_card":"summary_large_image","twitter_misc":{"\u041f\u0440\u0438\u043c\u0435\u0440\u043d\u043e\u0435 \u0432\u0440\u0435\u043c\u044f \u0434\u043b\u044f \u0447\u0442\u0435\u043d\u0438\u044f":"1 \u043c\u0438\u043d\u0443\u0442\u0430"},"schema":{"@context":"https:\/\/schema.org","@graph":[{"@type":"WebPage","@id":"https:\/\/medishop.az\/mehsul\/insan-k%c9%99ll%c9%99si-modeli\/","url":"https:\/\/medishop.az\/mehsul\/insan-k%c9%99ll%c9%99si-modeli\/","name":"\u0130nsan k\u0259ll\u0259si modeli - Medishop","isPartOf":{"@id":"https:\/\/medishop.az\/#website"},"primaryImageOfPage":{"@id":"https:\/\/medishop.az\/mehsul\/insan-k%c9%99ll%c9%99si-modeli\/#primaryimage"},"image":{"@id":"https:\/\/medishop.az\/mehsul\/insan-k%c9%99ll%c9%99si-modeli\/#primaryimage"},"thumbnailUrl":"https:\/\/medishop.az\/wp-content\/uploads\/2022\/12\/79050c49-insan-k\u0259ll\u0259si-modeli.jpg","datePublished":"2022-12-17T12:30:29+00:00","dateModified":"2025-03-01T08:46:41+00:00","description":"B\u00fct\u00fcn struktur detallar\u0131 il\u0259 bir h\u0259yat \u00f6l\u00e7\u00fcs\u00fc insan k\u0259ll\u0259sinin \u0259trafl\u0131 t\u00f6r\u0259m\u0259si. Mandibula oyna\u011f\u0131, k\u0259ll\u0259 qapa\u011f\u0131 daxili detallar\u0131 g\u00f6st\u0259rm\u0259k \u00fc\u00e7\u00fcn \u00e7\u0131xar\u0131la bil\u0259r.\u00a0PVC-d\u0259n istehsal olunub.","breadcrumb":{"@id":"https:\/\/medishop.az\/mehsul\/insan-k%c9%99ll%c9%99si-modeli\/#breadcrumb"},"inLanguage":"ru-RU","potentialAction":[{"@type":"ReadAction","target":["https:\/\/medishop.az\/mehsul\/insan-k%c9%99ll%c9%99si-modeli\/"]}]},{"@type":"ImageObject","inLanguage":"ru-RU","@id":"https:\/\/medishop.az\/mehsul\/insan-k%c9%99ll%c9%99si-modeli\/#primaryimage","url":"https:\/\/medishop.az\/wp-content\/uploads\/2022\/12\/79050c49-insan-k\u0259ll\u0259si-modeli.jpg","contentUrl":"https:\/\/medishop.az\/wp-content\/uploads\/2022\/12\/79050c49-insan-k\u0259ll\u0259si-modeli.jpg","width":1000,"height":1000},{"@type":"BreadcrumbList","@id":"https:\/\/medishop.az\/mehsul\/insan-k%c9%99ll%c9%99si-modeli\/#breadcrumb","itemListElement":[{"@type":"ListItem","position":1,"name":"\u018fsas","item":"https:\/\/medishop.az\/"},{"@type":"ListItem","position":2,"name":"Ma\u011faza","item":"https:\/\/medishop.az\/ru\/shop\/"},{"@type":"ListItem","position":3,"name":"\u0130nsan k\u0259ll\u0259si modeli"}]},{"@type":"WebSite","@id":"https:\/\/medishop.az\/#website","url":"https:\/\/medishop.az\/","name":"Medishop","description":"Onlayn tibbi ma\u011faza","publisher":{"@id":"https:\/\/medishop.az\/#organization"},"potentialAction":[{"@type":"SearchAction","target":{"@type":"EntryPoint","urlTemplate":"https:\/\/medishop.az\/?s={search_term_string}"},"query-input":"required name=search_term_string"}],"inLanguage":"ru-RU"},{"@type":"Organization","@id":"https:\/\/medishop.az\/#organization","name":"Medishop","url":"https:\/\/medishop.az\/","logo":{"@type":"ImageObject","inLanguage":"ru-RU","@id":"https:\/\/medishop.az\/#\/schema\/logo\/image\/","url":"https:\/\/storage.googleapis.com\/stateless-medishop-az\/2022\/12\/logo.png","contentUrl":"https:\/\/storage.googleapis.com\/stateless-medishop-az\/2022\/12\/logo.png","width":300,"height":89,"caption":"Medishop"},"image":{"@id":"https:\/\/medishop.az\/#\/schema\/logo\/image\/"},"sameAs":["https:\/\/www.facebook.com\/medishop.azerbaijan"]}]}},"jetpack_sharing_enabled":true,"_links":{"self":[{"href":"https:\/\/medishop.az\/ru\/wp-json\/wp\/v2\/product\/4141","targetHints":{"allow":["GET"]}}],"collection":[{"href":"https:\/\/medishop.az\/ru\/wp-json\/wp\/v2\/product"}],"about":[{"href":"https:\/\/medishop.az\/ru\/wp-json\/wp\/v2\/types\/product"}],"wp:featuredmedia":[{"embeddable":true,"href":"https:\/\/medishop.az\/ru\/wp-json\/wp\/v2\/media\/4142"}],"wp:attachment":[{"href":"https:\/\/medishop.az\/ru\/wp-json\/wp\/v2\/media?parent=4141"}],"wp:term":[{"taxonomy":"product_cat","embeddable":true,"href":"https:\/\/medishop.az\/ru\/wp-json\/wp\/v2\/product_cat?post=4141"},{"taxonomy":"product_tag","embeddable":true,"href":"https:\/\/medishop.az\/ru\/wp-json\/wp\/v2\/product_tag?post=4141"}],"curies":[{"name":"wp","href":"https:\/\/api.w.org\/{rel}","templated":true}]}}