{"id":4120,"date":"2022-12-17T16:03:53","date_gmt":"2022-12-17T12:03:53","guid":{"rendered":"https:\/\/medishop.az\/?post_type=product&#038;p=4120"},"modified":"2024-08-24T20:35:17","modified_gmt":"2024-08-24T16:35:17","slug":"boyr%c9%99k-v%c9%99zi-modeli","status":"publish","type":"product","link":"https:\/\/medishop.az\/ru\/mehsul\/boyr%c9%99k-v%c9%99zi-modeli\/","title":{"rendered":"\u041c\u041e\u0414\u0415\u041b\u042c \u041f\u041e\u0427\u0415\u0427\u041d\u041e\u0419 \u0416\u0415\u041b\u0415\u0417\u042b"},"content":{"rendered":"<p>Bu modeld\u0259 insan b\u00f6yr\u0259yinin 3 d\u0259f\u0259 geni\u015fl\u0259nmi\u015f \u00f6n hiss\u0259si g\u00f6st\u0259rilir. B\u00f6yr\u0259kl\u0259r renal kapella il\u0259 g\u00f6st\u0259rilir. \u018flav\u0259 strukturlara aiddir: korteks, medulla, papilya il\u0259 piramidalar, qism\u0259n par\u00e7alanm\u0131\u015f renal pelvis, renal kalisiyalar, ureter, qan damarlar\u0131, korteksl\u0259 suprarenal v\u0259zi v\u0259 medulla. Tubullar\u0131n toplanmas\u0131 sistemi il\u0259 renal korporusun sxematik t\u0259msili daxil edilir.<\/p>","protected":false},"excerpt":{"rendered":"<table border=\"0\" width=\"100%\" cellspacing=\"0\" cellpadding=\"0\">\n<tbody>\n<tr>\n<td class=\"menu\" bgcolor=\"#fff9ad\"><span class=\"sezione\">\u0422\u0435\u0445\u043d\u0438\u0447\u0435\u0441\u043a\u0438\u0435 \u0445\u0430\u0440\u0430\u043a\u0442\u0435\u0440\u0438\u0441\u0442\u0438\u043a\u0438<\/span><\/td>\n<\/tr>\n<tr>\n<td class=\"menu\" bgcolor=\"#fff9ad\">\u2022 \u00d6l\u00e7\u00fcs\u00fc: 40 x 15 x h 8 sm<br \/>\n\u2022 \u00c7\u0259ki: 1.2 kq<br \/>\n\u2022 Par\u00e7alar: 1<br \/>\n\u2022 Maqnifikasiya: 3X<\/td>\n<\/tr>\n<\/tbody>\n<\/table>","protected":false},"featured_media":4122,"template":"","meta":[],"product_cat":[428,126],"product_tag":[432,376],"class_list":{"0":"post-4120","1":"product","2":"type-product","3":"status-publish","4":"has-post-thumbnail","6":"product_cat-anatomik-modeller","7":"product_cat-tibbi-cihazlar","8":"product_tag-anatomik-modellr","9":"product_tag-boyrk-vzi-modeli","11":"first","12":"instock","13":"shipping-taxable","14":"purchasable","15":"product-type-simple"},"yoast_head":"<!-- This site is optimized with the Yoast SEO plugin v22.7 - https:\/\/yoast.com\/wordpress\/plugins\/seo\/ -->\n<title>B\u00d6YR\u018fK V\u018fZ\u0130 MODEL\u0130 - Medishop<\/title>\n<meta name=\"robots\" content=\"index, follow, max-snippet:-1, max-image-preview:large, max-video-preview:-1\" \/>\n<link rel=\"canonical\" href=\"https:\/\/medishop.az\/ru\/mehsul\/boyr\u0259k-v\u0259zi-modeli\/\" \/>\n<meta property=\"og:locale\" content=\"ru_RU\" \/>\n<meta property=\"og:type\" content=\"article\" \/>\n<meta property=\"og:title\" content=\"B\u00d6YR\u018fK V\u018fZ\u0130 MODEL\u0130 - Medishop\" \/>\n<meta property=\"og:description\" content=\"Texniki Spesifikasiyalar   \u2022 \u00d6l\u00e7\u00fcs\u00fc: 40 x 15 x h 8 sm \u2022 \u00c7\u0259ki: 1.2 kq \u2022 Par\u00e7alar: 1 \u2022 Maqnifikasiya: 3X\" \/>\n<meta property=\"og:url\" content=\"https:\/\/medishop.az\/ru\/mehsul\/boyr\u0259k-v\u0259zi-modeli\/\" \/>\n<meta property=\"og:site_name\" content=\"Medishop\" \/>\n<meta property=\"article:publisher\" content=\"https:\/\/www.facebook.com\/medishop.azerbaijan\" \/>\n<meta property=\"article:modified_time\" content=\"2024-08-24T16:35:17+00:00\" \/>\n<meta property=\"og:image\" content=\"https:\/\/medishop.az\/wp-content\/uploads\/2022\/12\/8508e3ae-boyr\u018fk-v\u018fzi-boy\u018fr\u018fk-korpusklu-olan-boyr\u018fk.jpg\" \/>\n\t<meta property=\"og:image:width\" content=\"1000\" \/>\n\t<meta property=\"og:image:height\" content=\"1000\" \/>\n\t<meta property=\"og:image:type\" content=\"image\/jpeg\" \/>\n<meta name=\"twitter:card\" content=\"summary_large_image\" \/>\n<meta name=\"twitter:label1\" content=\"\u041f\u0440\u0438\u043c\u0435\u0440\u043d\u043e\u0435 \u0432\u0440\u0435\u043c\u044f \u0434\u043b\u044f \u0447\u0442\u0435\u043d\u0438\u044f\" \/>\n\t<meta name=\"twitter:data1\" content=\"1 \u043c\u0438\u043d\u0443\u0442\u0430\" \/>\n<script type=\"application\/ld+json\" class=\"yoast-schema-graph\">{\"@context\":\"https:\/\/schema.org\",\"@graph\":[{\"@type\":\"WebPage\",\"@id\":\"https:\/\/medishop.az\/mehsul\/boyr%c9%99k-v%c9%99zi-modeli\/\",\"url\":\"https:\/\/medishop.az\/mehsul\/boyr%c9%99k-v%c9%99zi-modeli\/\",\"name\":\"B\u00d6YR\u018fK V\u018fZ\u0130 MODEL\u0130 - Medishop\",\"isPartOf\":{\"@id\":\"https:\/\/medishop.az\/#website\"},\"primaryImageOfPage\":{\"@id\":\"https:\/\/medishop.az\/mehsul\/boyr%c9%99k-v%c9%99zi-modeli\/#primaryimage\"},\"image\":{\"@id\":\"https:\/\/medishop.az\/mehsul\/boyr%c9%99k-v%c9%99zi-modeli\/#primaryimage\"},\"thumbnailUrl\":\"https:\/\/medishop.az\/wp-content\/uploads\/2022\/12\/8508e3ae-boyr\u018fk-v\u018fzi-boy\u018fr\u018fk-korpusklu-olan-boyr\u018fk.jpg\",\"datePublished\":\"2022-12-17T12:03:53+00:00\",\"dateModified\":\"2024-08-24T16:35:17+00:00\",\"breadcrumb\":{\"@id\":\"https:\/\/medishop.az\/mehsul\/boyr%c9%99k-v%c9%99zi-modeli\/#breadcrumb\"},\"inLanguage\":\"ru-RU\",\"potentialAction\":[{\"@type\":\"ReadAction\",\"target\":[\"https:\/\/medishop.az\/mehsul\/boyr%c9%99k-v%c9%99zi-modeli\/\"]}]},{\"@type\":\"ImageObject\",\"inLanguage\":\"ru-RU\",\"@id\":\"https:\/\/medishop.az\/mehsul\/boyr%c9%99k-v%c9%99zi-modeli\/#primaryimage\",\"url\":\"https:\/\/medishop.az\/wp-content\/uploads\/2022\/12\/8508e3ae-boyr\u018fk-v\u018fzi-boy\u018fr\u018fk-korpusklu-olan-boyr\u018fk.jpg\",\"contentUrl\":\"https:\/\/medishop.az\/wp-content\/uploads\/2022\/12\/8508e3ae-boyr\u018fk-v\u018fzi-boy\u018fr\u018fk-korpusklu-olan-boyr\u018fk.jpg\",\"width\":1000,\"height\":1000},{\"@type\":\"BreadcrumbList\",\"@id\":\"https:\/\/medishop.az\/mehsul\/boyr%c9%99k-v%c9%99zi-modeli\/#breadcrumb\",\"itemListElement\":[{\"@type\":\"ListItem\",\"position\":1,\"name\":\"\u018fsas\",\"item\":\"https:\/\/medishop.az\/\"},{\"@type\":\"ListItem\",\"position\":2,\"name\":\"Ma\u011faza\",\"item\":\"https:\/\/medishop.az\/ru\/shop\/\"},{\"@type\":\"ListItem\",\"position\":3,\"name\":\"B\u00d6YR\u018fK V\u018fZ\u0130 MODEL\u0130\"}]},{\"@type\":\"WebSite\",\"@id\":\"https:\/\/medishop.az\/#website\",\"url\":\"https:\/\/medishop.az\/\",\"name\":\"Medishop\",\"description\":\"Onlayn tibbi ma\u011faza\",\"publisher\":{\"@id\":\"https:\/\/medishop.az\/#organization\"},\"potentialAction\":[{\"@type\":\"SearchAction\",\"target\":{\"@type\":\"EntryPoint\",\"urlTemplate\":\"https:\/\/medishop.az\/?s={search_term_string}\"},\"query-input\":\"required name=search_term_string\"}],\"inLanguage\":\"ru-RU\"},{\"@type\":\"Organization\",\"@id\":\"https:\/\/medishop.az\/#organization\",\"name\":\"Medishop\",\"url\":\"https:\/\/medishop.az\/\",\"logo\":{\"@type\":\"ImageObject\",\"inLanguage\":\"ru-RU\",\"@id\":\"https:\/\/medishop.az\/#\/schema\/logo\/image\/\",\"url\":\"https:\/\/storage.googleapis.com\/stateless-medishop-az\/2022\/12\/logo.png\",\"contentUrl\":\"https:\/\/storage.googleapis.com\/stateless-medishop-az\/2022\/12\/logo.png\",\"width\":300,\"height\":89,\"caption\":\"Medishop\"},\"image\":{\"@id\":\"https:\/\/medishop.az\/#\/schema\/logo\/image\/\"},\"sameAs\":[\"https:\/\/www.facebook.com\/medishop.azerbaijan\"]}]}<\/script>\n<!-- \/ Yoast SEO plugin. -->","yoast_head_json":{"title":"B\u00d6YR\u018fK V\u018fZ\u0130 MODEL\u0130 - Medishop","robots":{"index":"index","follow":"follow","max-snippet":"max-snippet:-1","max-image-preview":"max-image-preview:large","max-video-preview":"max-video-preview:-1"},"canonical":"https:\/\/medishop.az\/ru\/mehsul\/boyr\u0259k-v\u0259zi-modeli\/","og_locale":"ru_RU","og_type":"article","og_title":"B\u00d6YR\u018fK V\u018fZ\u0130 MODEL\u0130 - Medishop","og_description":"Texniki Spesifikasiyalar   \u2022 \u00d6l\u00e7\u00fcs\u00fc: 40 x 15 x h 8 sm \u2022 \u00c7\u0259ki: 1.2 kq \u2022 Par\u00e7alar: 1 \u2022 Maqnifikasiya: 3X","og_url":"https:\/\/medishop.az\/ru\/mehsul\/boyr\u0259k-v\u0259zi-modeli\/","og_site_name":"Medishop","article_publisher":"https:\/\/www.facebook.com\/medishop.azerbaijan","article_modified_time":"2024-08-24T16:35:17+00:00","og_image":[{"width":1000,"height":1000,"url":"https:\/\/medishop.az\/wp-content\/uploads\/2022\/12\/8508e3ae-boyr\u018fk-v\u018fzi-boy\u018fr\u018fk-korpusklu-olan-boyr\u018fk.jpg","type":"image\/jpeg"}],"twitter_card":"summary_large_image","twitter_misc":{"\u041f\u0440\u0438\u043c\u0435\u0440\u043d\u043e\u0435 \u0432\u0440\u0435\u043c\u044f \u0434\u043b\u044f \u0447\u0442\u0435\u043d\u0438\u044f":"1 \u043c\u0438\u043d\u0443\u0442\u0430"},"schema":{"@context":"https:\/\/schema.org","@graph":[{"@type":"WebPage","@id":"https:\/\/medishop.az\/mehsul\/boyr%c9%99k-v%c9%99zi-modeli\/","url":"https:\/\/medishop.az\/mehsul\/boyr%c9%99k-v%c9%99zi-modeli\/","name":"B\u00d6YR\u018fK V\u018fZ\u0130 MODEL\u0130 - Medishop","isPartOf":{"@id":"https:\/\/medishop.az\/#website"},"primaryImageOfPage":{"@id":"https:\/\/medishop.az\/mehsul\/boyr%c9%99k-v%c9%99zi-modeli\/#primaryimage"},"image":{"@id":"https:\/\/medishop.az\/mehsul\/boyr%c9%99k-v%c9%99zi-modeli\/#primaryimage"},"thumbnailUrl":"https:\/\/medishop.az\/wp-content\/uploads\/2022\/12\/8508e3ae-boyr\u018fk-v\u018fzi-boy\u018fr\u018fk-korpusklu-olan-boyr\u018fk.jpg","datePublished":"2022-12-17T12:03:53+00:00","dateModified":"2024-08-24T16:35:17+00:00","breadcrumb":{"@id":"https:\/\/medishop.az\/mehsul\/boyr%c9%99k-v%c9%99zi-modeli\/#breadcrumb"},"inLanguage":"ru-RU","potentialAction":[{"@type":"ReadAction","target":["https:\/\/medishop.az\/mehsul\/boyr%c9%99k-v%c9%99zi-modeli\/"]}]},{"@type":"ImageObject","inLanguage":"ru-RU","@id":"https:\/\/medishop.az\/mehsul\/boyr%c9%99k-v%c9%99zi-modeli\/#primaryimage","url":"https:\/\/medishop.az\/wp-content\/uploads\/2022\/12\/8508e3ae-boyr\u018fk-v\u018fzi-boy\u018fr\u018fk-korpusklu-olan-boyr\u018fk.jpg","contentUrl":"https:\/\/medishop.az\/wp-content\/uploads\/2022\/12\/8508e3ae-boyr\u018fk-v\u018fzi-boy\u018fr\u018fk-korpusklu-olan-boyr\u018fk.jpg","width":1000,"height":1000},{"@type":"BreadcrumbList","@id":"https:\/\/medishop.az\/mehsul\/boyr%c9%99k-v%c9%99zi-modeli\/#breadcrumb","itemListElement":[{"@type":"ListItem","position":1,"name":"\u018fsas","item":"https:\/\/medishop.az\/"},{"@type":"ListItem","position":2,"name":"Ma\u011faza","item":"https:\/\/medishop.az\/ru\/shop\/"},{"@type":"ListItem","position":3,"name":"B\u00d6YR\u018fK V\u018fZ\u0130 MODEL\u0130"}]},{"@type":"WebSite","@id":"https:\/\/medishop.az\/#website","url":"https:\/\/medishop.az\/","name":"Medishop","description":"Onlayn tibbi ma\u011faza","publisher":{"@id":"https:\/\/medishop.az\/#organization"},"potentialAction":[{"@type":"SearchAction","target":{"@type":"EntryPoint","urlTemplate":"https:\/\/medishop.az\/?s={search_term_string}"},"query-input":"required name=search_term_string"}],"inLanguage":"ru-RU"},{"@type":"Organization","@id":"https:\/\/medishop.az\/#organization","name":"Medishop","url":"https:\/\/medishop.az\/","logo":{"@type":"ImageObject","inLanguage":"ru-RU","@id":"https:\/\/medishop.az\/#\/schema\/logo\/image\/","url":"https:\/\/storage.googleapis.com\/stateless-medishop-az\/2022\/12\/logo.png","contentUrl":"https:\/\/storage.googleapis.com\/stateless-medishop-az\/2022\/12\/logo.png","width":300,"height":89,"caption":"Medishop"},"image":{"@id":"https:\/\/medishop.az\/#\/schema\/logo\/image\/"},"sameAs":["https:\/\/www.facebook.com\/medishop.azerbaijan"]}]}},"jetpack_sharing_enabled":true,"_links":{"self":[{"href":"https:\/\/medishop.az\/ru\/wp-json\/wp\/v2\/product\/4120","targetHints":{"allow":["GET"]}}],"collection":[{"href":"https:\/\/medishop.az\/ru\/wp-json\/wp\/v2\/product"}],"about":[{"href":"https:\/\/medishop.az\/ru\/wp-json\/wp\/v2\/types\/product"}],"wp:featuredmedia":[{"embeddable":true,"href":"https:\/\/medishop.az\/ru\/wp-json\/wp\/v2\/media\/4122"}],"wp:attachment":[{"href":"https:\/\/medishop.az\/ru\/wp-json\/wp\/v2\/media?parent=4120"}],"wp:term":[{"taxonomy":"product_cat","embeddable":true,"href":"https:\/\/medishop.az\/ru\/wp-json\/wp\/v2\/product_cat?post=4120"},{"taxonomy":"product_tag","embeddable":true,"href":"https:\/\/medishop.az\/ru\/wp-json\/wp\/v2\/product_tag?post=4120"}],"curies":[{"name":"wp","href":"https:\/\/api.w.org\/{rel}","templated":true}]}}