{"id":4076,"date":"2022-12-17T14:32:15","date_gmt":"2022-12-17T10:32:15","guid":{"rendered":"https:\/\/medishop.az\/?post_type=product&#038;p=4076"},"modified":"2024-08-13T13:20:22","modified_gmt":"2024-08-13T09:20:22","slug":"spinal-immobilizator","status":"publish","type":"product","link":"https:\/\/medishop.az\/ru\/mehsul\/spinal-immobilizator\/","title":{"rendered":"SP\u0130NAL \u0130MMOB\u0130L\u0130ZATOR"},"content":{"rendered":"<p>GIMA onur\u011fa immobilizatorlar\u0131n\u0131n 2 f\u0259rqli formas\u0131n\u0131 t\u0259qdim edir. H\u0259r ikisi immobilizasiya \u00fc\u00e7\u00fcn ideald\u0131r v\u0259 x\u0259st\u0259l\u0259rd\u0259n t\u0259cili v\u0259ziyy\u0259tl\u0259rd\u0259n azad olurlar. Onlar x\u0259st\u0259nin ba\u015f v\u0259 onur\u011fa beynini \u015faquli v\u0259 \u00fcf\u00fcqi d\u00fcz\u0259ltm\u0259y\u0259 imkan verir ki, yanl\u0131\u015f da\u015f\u0131nma n\u0259tic\u0259sind\u0259 yaranan h\u0259r hans\u0131 z\u0259d\u0259ni m\u0259hdudla\u015fd\u0131rs\u0131nlar. \u00dcf\u00fcqi elastiklik v\u0259 \u015faquli s\u0259rtlik d\u0259st\u0259yi t\u0259min edir. Asan istifad\u0259 \u00fc\u00e7\u00fcn m\u00fcxt\u0259lif r\u0259ngli buxovlar v\u0259 k\u0259m\u0259rl\u0259<br \/>\nt\u0259min edilmi\u015f, padded cushion velcro straps v\u0259 su ke\u00e7irm\u0259y\u0259n \u00e7anta.<\/p>\n<p>\u00dcf\u00fcqi elastiklik v\u0259 \u015faquli s\u0259rtlik d\u0259st\u0259yi t\u0259min edin.<\/p>","protected":false},"excerpt":{"rendered":"<p>GIMA onur\u011fa immobilizatorlar\u0131n\u0131n 2 f\u0259rqli formas\u0131n\u0131 t\u0259qdim edir. H\u0259r ikisi immobilizasiya \u00fc\u00e7\u00fcn ideald\u0131r v\u0259 x\u0259st\u0259l\u0259rd\u0259n t\u0259cili v\u0259ziyy\u0259tl\u0259rd\u0259n azad olurlar. Onlar x\u0259st\u0259nin ba\u015f v\u0259 onur\u011fa beynini \u015faquli v\u0259 \u00fcf\u00fcqi d\u00fcz\u0259ltm\u0259y\u0259 imkan<\/p>","protected":false},"featured_media":4077,"template":"","meta":[],"product_cat":[133,126],"product_tag":[168,359,217,351,415],"class_list":{"0":"post-4076","1":"product","2":"type-product","3":"status-publish","4":"has-post-thumbnail","6":"product_cat-ilk-yardim","7":"product_cat-tibbi-cihazlar","8":"product_tag-ilk-tibbi-yardim","9":"product_tag-ilk-yardim","10":"product_tag-ilk-yardim-cantasi","11":"product_tag-ilk-yardim-dsti","12":"product_tag-spinal-immobilizator","14":"first","15":"instock","16":"shipping-taxable","17":"purchasable","18":"product-type-simple"},"yoast_head":"<!-- This site is optimized with the Yoast SEO plugin v22.7 - https:\/\/yoast.com\/wordpress\/plugins\/seo\/ -->\n<title>SP\u0130NAL \u0130MMOB\u0130L\u0130ZATOR - Medishop<\/title>\n<meta name=\"robots\" content=\"index, follow, max-snippet:-1, max-image-preview:large, max-video-preview:-1\" \/>\n<link rel=\"canonical\" href=\"https:\/\/medishop.az\/ru\/mehsul\/spinal-immobilizator\/\" \/>\n<meta property=\"og:locale\" content=\"ru_RU\" \/>\n<meta property=\"og:type\" content=\"article\" \/>\n<meta property=\"og:title\" content=\"SP\u0130NAL \u0130MMOB\u0130L\u0130ZATOR - Medishop\" \/>\n<meta property=\"og:description\" content=\"GIMA onur\u011fa immobilizatorlar\u0131n\u0131n 2 f\u0259rqli formas\u0131n\u0131 t\u0259qdim edir. H\u0259r ikisi immobilizasiya \u00fc\u00e7\u00fcn ideald\u0131r v\u0259 x\u0259st\u0259l\u0259rd\u0259n t\u0259cili v\u0259ziyy\u0259tl\u0259rd\u0259n azad olurlar. Onlar x\u0259st\u0259nin ba\u015f v\u0259 onur\u011fa beynini \u015faquli v\u0259 \u00fcf\u00fcqi d\u00fcz\u0259ltm\u0259y\u0259 imkan\" \/>\n<meta property=\"og:url\" content=\"https:\/\/medishop.az\/ru\/mehsul\/spinal-immobilizator\/\" \/>\n<meta property=\"og:site_name\" content=\"Medishop\" \/>\n<meta property=\"article:publisher\" content=\"https:\/\/www.facebook.com\/medishop.azerbaijan\" \/>\n<meta property=\"article:modified_time\" content=\"2024-08-13T09:20:22+00:00\" \/>\n<meta property=\"og:image\" content=\"https:\/\/medishop.az\/wp-content\/uploads\/2022\/12\/97f46178-spinal-immobilizator.jpg\" \/>\n\t<meta property=\"og:image:width\" content=\"1000\" \/>\n\t<meta property=\"og:image:height\" content=\"1000\" \/>\n\t<meta property=\"og:image:type\" content=\"image\/jpeg\" \/>\n<meta name=\"twitter:card\" content=\"summary_large_image\" \/>\n<meta name=\"twitter:label1\" content=\"\u041f\u0440\u0438\u043c\u0435\u0440\u043d\u043e\u0435 \u0432\u0440\u0435\u043c\u044f \u0434\u043b\u044f \u0447\u0442\u0435\u043d\u0438\u044f\" \/>\n\t<meta name=\"twitter:data1\" content=\"1 \u043c\u0438\u043d\u0443\u0442\u0430\" \/>\n<script type=\"application\/ld+json\" class=\"yoast-schema-graph\">{\"@context\":\"https:\/\/schema.org\",\"@graph\":[{\"@type\":\"WebPage\",\"@id\":\"https:\/\/medishop.az\/mehsul\/spinal-immobilizator\/\",\"url\":\"https:\/\/medishop.az\/mehsul\/spinal-immobilizator\/\",\"name\":\"SP\u0130NAL \u0130MMOB\u0130L\u0130ZATOR - Medishop\",\"isPartOf\":{\"@id\":\"https:\/\/medishop.az\/#website\"},\"primaryImageOfPage\":{\"@id\":\"https:\/\/medishop.az\/mehsul\/spinal-immobilizator\/#primaryimage\"},\"image\":{\"@id\":\"https:\/\/medishop.az\/mehsul\/spinal-immobilizator\/#primaryimage\"},\"thumbnailUrl\":\"https:\/\/medishop.az\/wp-content\/uploads\/2022\/12\/97f46178-spinal-immobilizator.jpg\",\"datePublished\":\"2022-12-17T10:32:15+00:00\",\"dateModified\":\"2024-08-13T09:20:22+00:00\",\"breadcrumb\":{\"@id\":\"https:\/\/medishop.az\/mehsul\/spinal-immobilizator\/#breadcrumb\"},\"inLanguage\":\"ru-RU\",\"potentialAction\":[{\"@type\":\"ReadAction\",\"target\":[\"https:\/\/medishop.az\/mehsul\/spinal-immobilizator\/\"]}]},{\"@type\":\"ImageObject\",\"inLanguage\":\"ru-RU\",\"@id\":\"https:\/\/medishop.az\/mehsul\/spinal-immobilizator\/#primaryimage\",\"url\":\"https:\/\/medishop.az\/wp-content\/uploads\/2022\/12\/97f46178-spinal-immobilizator.jpg\",\"contentUrl\":\"https:\/\/medishop.az\/wp-content\/uploads\/2022\/12\/97f46178-spinal-immobilizator.jpg\",\"width\":1000,\"height\":1000},{\"@type\":\"BreadcrumbList\",\"@id\":\"https:\/\/medishop.az\/mehsul\/spinal-immobilizator\/#breadcrumb\",\"itemListElement\":[{\"@type\":\"ListItem\",\"position\":1,\"name\":\"\u018fsas\",\"item\":\"https:\/\/medishop.az\/\"},{\"@type\":\"ListItem\",\"position\":2,\"name\":\"Ma\u011faza\",\"item\":\"https:\/\/medishop.az\/ru\/shop\/\"},{\"@type\":\"ListItem\",\"position\":3,\"name\":\"SP\u0130NAL \u0130MMOB\u0130L\u0130ZATOR\"}]},{\"@type\":\"WebSite\",\"@id\":\"https:\/\/medishop.az\/#website\",\"url\":\"https:\/\/medishop.az\/\",\"name\":\"Medishop\",\"description\":\"Onlayn tibbi ma\u011faza\",\"publisher\":{\"@id\":\"https:\/\/medishop.az\/#organization\"},\"potentialAction\":[{\"@type\":\"SearchAction\",\"target\":{\"@type\":\"EntryPoint\",\"urlTemplate\":\"https:\/\/medishop.az\/?s={search_term_string}\"},\"query-input\":\"required name=search_term_string\"}],\"inLanguage\":\"ru-RU\"},{\"@type\":\"Organization\",\"@id\":\"https:\/\/medishop.az\/#organization\",\"name\":\"Medishop\",\"url\":\"https:\/\/medishop.az\/\",\"logo\":{\"@type\":\"ImageObject\",\"inLanguage\":\"ru-RU\",\"@id\":\"https:\/\/medishop.az\/#\/schema\/logo\/image\/\",\"url\":\"https:\/\/storage.googleapis.com\/stateless-medishop-az\/2022\/12\/logo.png\",\"contentUrl\":\"https:\/\/storage.googleapis.com\/stateless-medishop-az\/2022\/12\/logo.png\",\"width\":300,\"height\":89,\"caption\":\"Medishop\"},\"image\":{\"@id\":\"https:\/\/medishop.az\/#\/schema\/logo\/image\/\"},\"sameAs\":[\"https:\/\/www.facebook.com\/medishop.azerbaijan\"]}]}<\/script>\n<!-- \/ Yoast SEO plugin. -->","yoast_head_json":{"title":"SP\u0130NAL \u0130MMOB\u0130L\u0130ZATOR - Medishop","robots":{"index":"index","follow":"follow","max-snippet":"max-snippet:-1","max-image-preview":"max-image-preview:large","max-video-preview":"max-video-preview:-1"},"canonical":"https:\/\/medishop.az\/ru\/mehsul\/spinal-immobilizator\/","og_locale":"ru_RU","og_type":"article","og_title":"SP\u0130NAL \u0130MMOB\u0130L\u0130ZATOR - Medishop","og_description":"GIMA onur\u011fa immobilizatorlar\u0131n\u0131n 2 f\u0259rqli formas\u0131n\u0131 t\u0259qdim edir. H\u0259r ikisi immobilizasiya \u00fc\u00e7\u00fcn ideald\u0131r v\u0259 x\u0259st\u0259l\u0259rd\u0259n t\u0259cili v\u0259ziyy\u0259tl\u0259rd\u0259n azad olurlar. Onlar x\u0259st\u0259nin ba\u015f v\u0259 onur\u011fa beynini \u015faquli v\u0259 \u00fcf\u00fcqi d\u00fcz\u0259ltm\u0259y\u0259 imkan","og_url":"https:\/\/medishop.az\/ru\/mehsul\/spinal-immobilizator\/","og_site_name":"Medishop","article_publisher":"https:\/\/www.facebook.com\/medishop.azerbaijan","article_modified_time":"2024-08-13T09:20:22+00:00","og_image":[{"width":1000,"height":1000,"url":"https:\/\/medishop.az\/wp-content\/uploads\/2022\/12\/97f46178-spinal-immobilizator.jpg","type":"image\/jpeg"}],"twitter_card":"summary_large_image","twitter_misc":{"\u041f\u0440\u0438\u043c\u0435\u0440\u043d\u043e\u0435 \u0432\u0440\u0435\u043c\u044f \u0434\u043b\u044f \u0447\u0442\u0435\u043d\u0438\u044f":"1 \u043c\u0438\u043d\u0443\u0442\u0430"},"schema":{"@context":"https:\/\/schema.org","@graph":[{"@type":"WebPage","@id":"https:\/\/medishop.az\/mehsul\/spinal-immobilizator\/","url":"https:\/\/medishop.az\/mehsul\/spinal-immobilizator\/","name":"SP\u0130NAL \u0130MMOB\u0130L\u0130ZATOR - Medishop","isPartOf":{"@id":"https:\/\/medishop.az\/#website"},"primaryImageOfPage":{"@id":"https:\/\/medishop.az\/mehsul\/spinal-immobilizator\/#primaryimage"},"image":{"@id":"https:\/\/medishop.az\/mehsul\/spinal-immobilizator\/#primaryimage"},"thumbnailUrl":"https:\/\/medishop.az\/wp-content\/uploads\/2022\/12\/97f46178-spinal-immobilizator.jpg","datePublished":"2022-12-17T10:32:15+00:00","dateModified":"2024-08-13T09:20:22+00:00","breadcrumb":{"@id":"https:\/\/medishop.az\/mehsul\/spinal-immobilizator\/#breadcrumb"},"inLanguage":"ru-RU","potentialAction":[{"@type":"ReadAction","target":["https:\/\/medishop.az\/mehsul\/spinal-immobilizator\/"]}]},{"@type":"ImageObject","inLanguage":"ru-RU","@id":"https:\/\/medishop.az\/mehsul\/spinal-immobilizator\/#primaryimage","url":"https:\/\/medishop.az\/wp-content\/uploads\/2022\/12\/97f46178-spinal-immobilizator.jpg","contentUrl":"https:\/\/medishop.az\/wp-content\/uploads\/2022\/12\/97f46178-spinal-immobilizator.jpg","width":1000,"height":1000},{"@type":"BreadcrumbList","@id":"https:\/\/medishop.az\/mehsul\/spinal-immobilizator\/#breadcrumb","itemListElement":[{"@type":"ListItem","position":1,"name":"\u018fsas","item":"https:\/\/medishop.az\/"},{"@type":"ListItem","position":2,"name":"Ma\u011faza","item":"https:\/\/medishop.az\/ru\/shop\/"},{"@type":"ListItem","position":3,"name":"SP\u0130NAL \u0130MMOB\u0130L\u0130ZATOR"}]},{"@type":"WebSite","@id":"https:\/\/medishop.az\/#website","url":"https:\/\/medishop.az\/","name":"Medishop","description":"Onlayn tibbi ma\u011faza","publisher":{"@id":"https:\/\/medishop.az\/#organization"},"potentialAction":[{"@type":"SearchAction","target":{"@type":"EntryPoint","urlTemplate":"https:\/\/medishop.az\/?s={search_term_string}"},"query-input":"required name=search_term_string"}],"inLanguage":"ru-RU"},{"@type":"Organization","@id":"https:\/\/medishop.az\/#organization","name":"Medishop","url":"https:\/\/medishop.az\/","logo":{"@type":"ImageObject","inLanguage":"ru-RU","@id":"https:\/\/medishop.az\/#\/schema\/logo\/image\/","url":"https:\/\/storage.googleapis.com\/stateless-medishop-az\/2022\/12\/logo.png","contentUrl":"https:\/\/storage.googleapis.com\/stateless-medishop-az\/2022\/12\/logo.png","width":300,"height":89,"caption":"Medishop"},"image":{"@id":"https:\/\/medishop.az\/#\/schema\/logo\/image\/"},"sameAs":["https:\/\/www.facebook.com\/medishop.azerbaijan"]}]}},"jetpack_sharing_enabled":true,"_links":{"self":[{"href":"https:\/\/medishop.az\/ru\/wp-json\/wp\/v2\/product\/4076","targetHints":{"allow":["GET"]}}],"collection":[{"href":"https:\/\/medishop.az\/ru\/wp-json\/wp\/v2\/product"}],"about":[{"href":"https:\/\/medishop.az\/ru\/wp-json\/wp\/v2\/types\/product"}],"wp:featuredmedia":[{"embeddable":true,"href":"https:\/\/medishop.az\/ru\/wp-json\/wp\/v2\/media\/4077"}],"wp:attachment":[{"href":"https:\/\/medishop.az\/ru\/wp-json\/wp\/v2\/media?parent=4076"}],"wp:term":[{"taxonomy":"product_cat","embeddable":true,"href":"https:\/\/medishop.az\/ru\/wp-json\/wp\/v2\/product_cat?post=4076"},{"taxonomy":"product_tag","embeddable":true,"href":"https:\/\/medishop.az\/ru\/wp-json\/wp\/v2\/product_tag?post=4076"}],"curies":[{"name":"wp","href":"https:\/\/api.w.org\/{rel}","templated":true}]}}