{"id":4051,"date":"2022-12-17T14:10:22","date_gmt":"2022-12-17T10:10:22","guid":{"rendered":"https:\/\/medishop.az\/?post_type=product&#038;p=4051"},"modified":"2023-01-08T21:05:48","modified_gmt":"2023-01-08T17:05:48","slug":"sebet-xerek","status":"publish","type":"product","link":"https:\/\/medishop.az\/ru\/mehsul\/sebet-xerek\/","title":{"rendered":"\u041a\u041e\u0420\u0417\u0418\u041d\u0410 \u043d\u043e\u0441\u0438\u043b\u043a\u0438"},"content":{"rendered":"<p>M\u00f6hk\u0259m, d\u00f6z\u00fcml\u00fc v\u0259 elastik, minalarda, y\u00fcks\u0259klikd\u0259 v\u0259 suda geni\u015f xilasetm\u0259 \u0259m\u0259liyyatlar\u0131 \u00fc\u00e7\u00fcn \u0259lveri\u015flidir.<\/p>\n<p>\u0130nqilabi istehsal \u00fcsulu x\u0259r\u0259kin b\u00fct\u00fcn uzunlu\u011funun vahid qal\u0131nl\u0131\u011f\u0131n\u0131 t\u0259min edir. Qab\u0131q y\u00fcks\u0259k s\u0131xl\u0131ql\u0131 polietilend\u0259 olur v\u0259 daha yax\u015f\u0131 m\u00f6hk\u0259mlik \u00fc\u00e7\u00fcn al\u00fcminium \u00e7\u0259r\u00e7iv\u0259y\u0259 qo\u015fulur. Struktura inteqrasiya olunmu\u015f n\u0259qliyyat \u00fc\u00e7\u00fcn \u0259ll\u0259r b\u00fct\u00fcn perimetr boyunca yerl\u0259\u015fdirilir. 1990-c\u0131 ild\u0259 1990-c\u0131 ild\u0259 100-\u0259 q\u0259d\u0259r adam ya\u015fay\u0131r. Qab\u0131\u011f\u0131n i\u00e7\u0259risind\u0259 velcro\u00ae il\u0259 t\u0259tbiq edil\u0259n, qapal\u0131 EPDM-d\u0259 haz\u0131rlanm\u0131\u015f \u00e7\u0131xar\u0131la bil\u0259n kibrit var. Bu da onu h\u0259m qan, h\u0259m d\u0259 su \u00fc\u00e7\u00fcn qeyri-m\u00fcmk\u00fcn edir. Y\u00fcks\u0259k s\u0131xl\u0131ql\u0131 polietilen q\u0131r\u0131nt\u0131 v\u0259 sanitizasiyaya z\u0259man\u0259t verir. Onun t\u0259rkibind\u0259 onur\u011fa l\u00f6vh\u0259si ola bil\u0259r.<br \/>\nB\u00fct\u00fcn perimetr boyunca nylon ip il\u0259<br \/>\ng\u0259lir, s\u00fcr\u0259tli burax\u0131l\u0131\u015f buxovlar\u0131 olan \u00fc\u00e7 50 mm nylon k\u0259m\u0259r, suya davaml\u0131 v\u0259 qapal\u0131 h\u00fcceyr\u0259li d\u00f6\u015f\u0259k, m\u00f6vqe t\u0259nziml\u0259yici il\u0259 \u0259vv\u0259lc\u0259d\u0259n formala\u015fm\u0131\u015f polietilend\u0259 footrest.<\/p>","protected":false},"excerpt":{"rendered":"<table border=\"0\" width=\"100%\" cellspacing=\"0\" cellpadding=\"0\">\n<tbody>\n<tr>\n<td class=\"menu\" bgcolor=\"#fff9ad\"><span class=\"sezione\">\u0422\u0435\u0445\u043d\u0438\u0447\u0435\u0441\u043a\u0438\u0435 \u0445\u0430\u0440\u0430\u043a\u0442\u0435\u0440\u0438\u0441\u0442\u0438\u043a\u0438<\/span><\/td>\n<\/tr>\n<tr>\n<td class=\"menu\" bgcolor=\"#fff9ad\">\u2022 \u00d6l\u00e7\u00fcs\u00fc (LxWxH): 215 x 65 x h 19 sm<br \/>\n\u2022 Y\u00fckqald\u0131rma qabiliyy\u0259ti: 280 kq<br \/>\n\u2022 \u00c7\u0259kisi: 13,5 kq<\/td>\n<\/tr>\n<\/tbody>\n<\/table>","protected":false},"featured_media":4052,"template":"","meta":[],"product_cat":[133,126,127,149],"product_tag":[360],"class_list":{"0":"post-4051","1":"product","2":"type-product","3":"status-publish","4":"has-post-thumbnail","6":"product_cat-ilk-yardim","7":"product_cat-tibbi-cihazlar","8":"product_cat-tibbi-mebeller","9":"product_cat-xerekler","10":"product_tag-xrk","12":"first","13":"instock","14":"shipping-taxable","15":"purchasable","16":"product-type-simple"},"yoast_head":"<!-- This site is optimized with the Yoast SEO plugin v22.7 - https:\/\/yoast.com\/wordpress\/plugins\/seo\/ -->\n<title>S\u018fB\u018fT X\u018fR\u018fK - Medishop<\/title>\n<meta name=\"robots\" content=\"index, follow, max-snippet:-1, max-image-preview:large, max-video-preview:-1\" \/>\n<link rel=\"canonical\" href=\"https:\/\/medishop.az\/ru\/mehsul\/sebet-xerek\/\" \/>\n<meta property=\"og:locale\" content=\"ru_RU\" \/>\n<meta property=\"og:type\" content=\"article\" \/>\n<meta property=\"og:title\" content=\"S\u018fB\u018fT X\u018fR\u018fK - Medishop\" \/>\n<meta property=\"og:description\" content=\"Texniki Spesifikasiyalar   \u2022 \u00d6l\u00e7\u00fcs\u00fc (LxWxH): 215 x 65 x h 19 sm \u2022 Y\u00fckqald\u0131rma qabiliyy\u0259ti: 280 kq \u2022 \u00c7\u0259kisi: 13,5 kq\" \/>\n<meta property=\"og:url\" content=\"https:\/\/medishop.az\/ru\/mehsul\/sebet-xerek\/\" \/>\n<meta property=\"og:site_name\" content=\"Medishop\" \/>\n<meta property=\"article:publisher\" content=\"https:\/\/www.facebook.com\/medishop.azerbaijan\" \/>\n<meta property=\"article:modified_time\" content=\"2023-01-08T17:05:48+00:00\" \/>\n<meta property=\"og:image\" content=\"https:\/\/storage.googleapis.com\/stateless-medishop-az\/2022\/12\/6ef5e443-s\u018fb\u018ft-x\u018fr\u018fk.jpg\" \/>\n\t<meta property=\"og:image:width\" content=\"1000\" \/>\n\t<meta property=\"og:image:height\" content=\"1000\" \/>\n\t<meta property=\"og:image:type\" content=\"image\/jpeg\" \/>\n<meta name=\"twitter:card\" content=\"summary_large_image\" \/>\n<meta name=\"twitter:label1\" content=\"\u041f\u0440\u0438\u043c\u0435\u0440\u043d\u043e\u0435 \u0432\u0440\u0435\u043c\u044f \u0434\u043b\u044f \u0447\u0442\u0435\u043d\u0438\u044f\" \/>\n\t<meta name=\"twitter:data1\" content=\"1 \u043c\u0438\u043d\u0443\u0442\u0430\" \/>\n<script type=\"application\/ld+json\" class=\"yoast-schema-graph\">{\"@context\":\"https:\/\/schema.org\",\"@graph\":[{\"@type\":\"WebPage\",\"@id\":\"https:\/\/medishop.az\/mehsul\/sebet-xerek\/\",\"url\":\"https:\/\/medishop.az\/mehsul\/sebet-xerek\/\",\"name\":\"S\u018fB\u018fT X\u018fR\u018fK - Medishop\",\"isPartOf\":{\"@id\":\"https:\/\/medishop.az\/#website\"},\"primaryImageOfPage\":{\"@id\":\"https:\/\/medishop.az\/mehsul\/sebet-xerek\/#primaryimage\"},\"image\":{\"@id\":\"https:\/\/medishop.az\/mehsul\/sebet-xerek\/#primaryimage\"},\"thumbnailUrl\":\"https:\/\/medishop.az\/wp-content\/uploads\/2022\/12\/6ef5e443-s\u018fb\u018ft-x\u018fr\u018fk.jpg\",\"datePublished\":\"2022-12-17T10:10:22+00:00\",\"dateModified\":\"2023-01-08T17:05:48+00:00\",\"breadcrumb\":{\"@id\":\"https:\/\/medishop.az\/mehsul\/sebet-xerek\/#breadcrumb\"},\"inLanguage\":\"ru-RU\",\"potentialAction\":[{\"@type\":\"ReadAction\",\"target\":[\"https:\/\/medishop.az\/mehsul\/sebet-xerek\/\"]}]},{\"@type\":\"ImageObject\",\"inLanguage\":\"ru-RU\",\"@id\":\"https:\/\/medishop.az\/mehsul\/sebet-xerek\/#primaryimage\",\"url\":\"https:\/\/medishop.az\/wp-content\/uploads\/2022\/12\/6ef5e443-s\u018fb\u018ft-x\u018fr\u018fk.jpg\",\"contentUrl\":\"https:\/\/medishop.az\/wp-content\/uploads\/2022\/12\/6ef5e443-s\u018fb\u018ft-x\u018fr\u018fk.jpg\",\"width\":1000,\"height\":1000},{\"@type\":\"BreadcrumbList\",\"@id\":\"https:\/\/medishop.az\/mehsul\/sebet-xerek\/#breadcrumb\",\"itemListElement\":[{\"@type\":\"ListItem\",\"position\":1,\"name\":\"\u018fsas\",\"item\":\"https:\/\/medishop.az\/\"},{\"@type\":\"ListItem\",\"position\":2,\"name\":\"Ma\u011faza\",\"item\":\"https:\/\/medishop.az\/ru\/shop\/\"},{\"@type\":\"ListItem\",\"position\":3,\"name\":\"S\u018fB\u018fT X\u018fR\u018fK\"}]},{\"@type\":\"WebSite\",\"@id\":\"https:\/\/medishop.az\/#website\",\"url\":\"https:\/\/medishop.az\/\",\"name\":\"Medishop\",\"description\":\"Onlayn tibbi ma\u011faza\",\"publisher\":{\"@id\":\"https:\/\/medishop.az\/#organization\"},\"potentialAction\":[{\"@type\":\"SearchAction\",\"target\":{\"@type\":\"EntryPoint\",\"urlTemplate\":\"https:\/\/medishop.az\/?s={search_term_string}\"},\"query-input\":\"required name=search_term_string\"}],\"inLanguage\":\"ru-RU\"},{\"@type\":\"Organization\",\"@id\":\"https:\/\/medishop.az\/#organization\",\"name\":\"Medishop\",\"url\":\"https:\/\/medishop.az\/\",\"logo\":{\"@type\":\"ImageObject\",\"inLanguage\":\"ru-RU\",\"@id\":\"https:\/\/medishop.az\/#\/schema\/logo\/image\/\",\"url\":\"https:\/\/storage.googleapis.com\/stateless-medishop-az\/2022\/12\/logo.png\",\"contentUrl\":\"https:\/\/storage.googleapis.com\/stateless-medishop-az\/2022\/12\/logo.png\",\"width\":300,\"height\":89,\"caption\":\"Medishop\"},\"image\":{\"@id\":\"https:\/\/medishop.az\/#\/schema\/logo\/image\/\"},\"sameAs\":[\"https:\/\/www.facebook.com\/medishop.azerbaijan\"]}]}<\/script>\n<!-- \/ Yoast SEO plugin. -->","yoast_head_json":{"title":"S\u018fB\u018fT X\u018fR\u018fK - Medishop","robots":{"index":"index","follow":"follow","max-snippet":"max-snippet:-1","max-image-preview":"max-image-preview:large","max-video-preview":"max-video-preview:-1"},"canonical":"https:\/\/medishop.az\/ru\/mehsul\/sebet-xerek\/","og_locale":"ru_RU","og_type":"article","og_title":"S\u018fB\u018fT X\u018fR\u018fK - Medishop","og_description":"Texniki Spesifikasiyalar   \u2022 \u00d6l\u00e7\u00fcs\u00fc (LxWxH): 215 x 65 x h 19 sm \u2022 Y\u00fckqald\u0131rma qabiliyy\u0259ti: 280 kq \u2022 \u00c7\u0259kisi: 13,5 kq","og_url":"https:\/\/medishop.az\/ru\/mehsul\/sebet-xerek\/","og_site_name":"Medishop","article_publisher":"https:\/\/www.facebook.com\/medishop.azerbaijan","article_modified_time":"2023-01-08T17:05:48+00:00","og_image":[{"width":1000,"height":1000,"url":"https:\/\/storage.googleapis.com\/stateless-medishop-az\/2022\/12\/6ef5e443-s\u018fb\u018ft-x\u018fr\u018fk.jpg","type":"image\/jpeg"}],"twitter_card":"summary_large_image","twitter_misc":{"\u041f\u0440\u0438\u043c\u0435\u0440\u043d\u043e\u0435 \u0432\u0440\u0435\u043c\u044f \u0434\u043b\u044f \u0447\u0442\u0435\u043d\u0438\u044f":"1 \u043c\u0438\u043d\u0443\u0442\u0430"},"schema":{"@context":"https:\/\/schema.org","@graph":[{"@type":"WebPage","@id":"https:\/\/medishop.az\/mehsul\/sebet-xerek\/","url":"https:\/\/medishop.az\/mehsul\/sebet-xerek\/","name":"S\u018fB\u018fT X\u018fR\u018fK - Medishop","isPartOf":{"@id":"https:\/\/medishop.az\/#website"},"primaryImageOfPage":{"@id":"https:\/\/medishop.az\/mehsul\/sebet-xerek\/#primaryimage"},"image":{"@id":"https:\/\/medishop.az\/mehsul\/sebet-xerek\/#primaryimage"},"thumbnailUrl":"https:\/\/medishop.az\/wp-content\/uploads\/2022\/12\/6ef5e443-s\u018fb\u018ft-x\u018fr\u018fk.jpg","datePublished":"2022-12-17T10:10:22+00:00","dateModified":"2023-01-08T17:05:48+00:00","breadcrumb":{"@id":"https:\/\/medishop.az\/mehsul\/sebet-xerek\/#breadcrumb"},"inLanguage":"ru-RU","potentialAction":[{"@type":"ReadAction","target":["https:\/\/medishop.az\/mehsul\/sebet-xerek\/"]}]},{"@type":"ImageObject","inLanguage":"ru-RU","@id":"https:\/\/medishop.az\/mehsul\/sebet-xerek\/#primaryimage","url":"https:\/\/medishop.az\/wp-content\/uploads\/2022\/12\/6ef5e443-s\u018fb\u018ft-x\u018fr\u018fk.jpg","contentUrl":"https:\/\/medishop.az\/wp-content\/uploads\/2022\/12\/6ef5e443-s\u018fb\u018ft-x\u018fr\u018fk.jpg","width":1000,"height":1000},{"@type":"BreadcrumbList","@id":"https:\/\/medishop.az\/mehsul\/sebet-xerek\/#breadcrumb","itemListElement":[{"@type":"ListItem","position":1,"name":"\u018fsas","item":"https:\/\/medishop.az\/"},{"@type":"ListItem","position":2,"name":"Ma\u011faza","item":"https:\/\/medishop.az\/ru\/shop\/"},{"@type":"ListItem","position":3,"name":"S\u018fB\u018fT X\u018fR\u018fK"}]},{"@type":"WebSite","@id":"https:\/\/medishop.az\/#website","url":"https:\/\/medishop.az\/","name":"Medishop","description":"Onlayn tibbi ma\u011faza","publisher":{"@id":"https:\/\/medishop.az\/#organization"},"potentialAction":[{"@type":"SearchAction","target":{"@type":"EntryPoint","urlTemplate":"https:\/\/medishop.az\/?s={search_term_string}"},"query-input":"required name=search_term_string"}],"inLanguage":"ru-RU"},{"@type":"Organization","@id":"https:\/\/medishop.az\/#organization","name":"Medishop","url":"https:\/\/medishop.az\/","logo":{"@type":"ImageObject","inLanguage":"ru-RU","@id":"https:\/\/medishop.az\/#\/schema\/logo\/image\/","url":"https:\/\/storage.googleapis.com\/stateless-medishop-az\/2022\/12\/logo.png","contentUrl":"https:\/\/storage.googleapis.com\/stateless-medishop-az\/2022\/12\/logo.png","width":300,"height":89,"caption":"Medishop"},"image":{"@id":"https:\/\/medishop.az\/#\/schema\/logo\/image\/"},"sameAs":["https:\/\/www.facebook.com\/medishop.azerbaijan"]}]}},"jetpack_sharing_enabled":true,"_links":{"self":[{"href":"https:\/\/medishop.az\/ru\/wp-json\/wp\/v2\/product\/4051","targetHints":{"allow":["GET"]}}],"collection":[{"href":"https:\/\/medishop.az\/ru\/wp-json\/wp\/v2\/product"}],"about":[{"href":"https:\/\/medishop.az\/ru\/wp-json\/wp\/v2\/types\/product"}],"wp:featuredmedia":[{"embeddable":true,"href":"https:\/\/medishop.az\/ru\/wp-json\/wp\/v2\/media\/4052"}],"wp:attachment":[{"href":"https:\/\/medishop.az\/ru\/wp-json\/wp\/v2\/media?parent=4051"}],"wp:term":[{"taxonomy":"product_cat","embeddable":true,"href":"https:\/\/medishop.az\/ru\/wp-json\/wp\/v2\/product_cat?post=4051"},{"taxonomy":"product_tag","embeddable":true,"href":"https:\/\/medishop.az\/ru\/wp-json\/wp\/v2\/product_tag?post=4051"}],"curies":[{"name":"wp","href":"https:\/\/api.w.org\/{rel}","templated":true}]}}