{"id":4048,"date":"2022-12-17T14:08:34","date_gmt":"2022-12-17T10:08:34","guid":{"rendered":"https:\/\/medishop.az\/?post_type=product&#038;p=4048"},"modified":"2023-01-08T21:12:12","modified_gmt":"2023-01-08T17:12:12","slug":"tekerli-xerek-tekerli","status":"publish","type":"product","link":"https:\/\/medishop.az\/ru\/mehsul\/tekerli-xerek-tekerli\/","title":{"rendered":"T\u0259k\u0259rli x\u0259r\u0259k &#8211; 2 t\u0259k\u0259rli"},"content":{"rendered":"<p>Dar koridorlar v\u0259 ya bir ne\u00e7\u0259 eni\u015f pill\u0259k\u0259ni kimi m\u0259hdudla\u015fd\u0131r\u0131lm\u0131\u015f \u0259razil\u0259r \u00fc\u00e7\u00fcn x\u00fcsusi olaraq haz\u0131rlanm\u0131\u015fd\u0131r; h\u0259r hans\u0131 bir yer\u0259 giri\u015f ciddi m\u0259hduddur.<\/p>\n<p>Su ke\u00e7irm\u0259y\u0259n porta\u011fal qab\u0131\u011f\u0131 il\u0259 y\u00fcng\u00fcl al\u00fcminiumda haz\u0131rlanm\u0131\u015fd\u0131r.<\/p>\n<p>\u0130ki arxa \u0259yl\u0259c t\u0259k\u0259ri \u00d8 12 sm, iki arxa sap v\u0259 d\u00f6rd \u00f6n qol, 2 d\u00fcz\u0259li\u015f edil\u0259 bil\u0259n 30 sm, \u0259ks\u0259r m\u0259rt\u0259b\u0259 tipl\u0259rind\u0259 da\u015f\u0131nman\u0131 asanla\u015fd\u0131r\u0131r.<\/p>\n<p>2 s\u00fcr\u0259tli kilid t\u0259hl\u00fck\u0259sizlik k\u0259m\u0259rl\u0259ri n\u0259qliyyat zaman\u0131 x\u0259st\u0259 immobilizasiya edir. Q\u0131f\u0131llama t\u0259hl\u00fck\u0259sizlik latch istifad\u0259 zaman\u0131 kreslo m\u00f6vqeyini qoruyur.<\/p>","protected":false},"excerpt":{"rendered":"<table border=\"0\" width=\"100%\" cellspacing=\"0\" cellpadding=\"0\">\n<tbody>\n<tr>\n<td class=\"menu\" bgcolor=\"#fff9ad\"><span class=\"sezione\">\u0422\u0435\u0445\u043d\u0438\u0447\u0435\u0441\u043a\u0438\u0435 \u0445\u0430\u0440\u0430\u043a\u0442\u0435\u0440\u0438\u0441\u0442\u0438\u043a\u0438<\/span><\/td>\n<\/tr>\n<tr>\n<td class=\"menu\" bgcolor=\"#fff9ad\">B\u00fck\u00fclm\u00fc\u015f \u00f6l\u00e7\u00fc: 91 x 52 x 19,5 sm<br \/>\nA\u00e7\u0131q \u00f6l\u00e7\u00fc: 91 x 52 x 71 sm<br \/>\nT\u0259k\u0259rli araban\u0131n \u00f6l\u00e7\u00fcs\u00fc:<br \/>\n&#8211; arxa h\u00fcnd\u00fcrl\u00fck: 91 sm &#8211; enlik: 52 sm<br \/>\n&#8211; oturacaq h\u00fcnd\u00fcrl\u00fcy\u00fc: 48 sm &#8211; enlik: 52 sm<br \/>\nY\u00fckl\u0259yici: 150 kq<br \/>\n\u00c7\u0259kisi: 8.5 kq<\/td>\n<\/tr>\n<\/tbody>\n<\/table>","protected":false},"featured_media":4049,"template":"","meta":[],"product_cat":[133,126],"product_tag":[168,359,217,351,360],"class_list":{"0":"post-4048","1":"product","2":"type-product","3":"status-publish","4":"has-post-thumbnail","6":"product_cat-ilk-yardim","7":"product_cat-tibbi-cihazlar","8":"product_tag-ilk-tibbi-yardim","9":"product_tag-ilk-yardim","10":"product_tag-ilk-yardim-cantasi","11":"product_tag-ilk-yardim-dsti","12":"product_tag-xrk","14":"first","15":"instock","16":"shipping-taxable","17":"purchasable","18":"product-type-simple"},"yoast_head":"<!-- This site is optimized with the Yoast SEO plugin v22.7 - https:\/\/yoast.com\/wordpress\/plugins\/seo\/ -->\n<title>T\u0259k\u0259rli x\u0259r\u0259k - 2 t\u0259k\u0259rli - Medishop<\/title>\n<meta name=\"robots\" content=\"index, follow, max-snippet:-1, max-image-preview:large, max-video-preview:-1\" \/>\n<link rel=\"canonical\" href=\"https:\/\/medishop.az\/ru\/mehsul\/tekerli-xerek-tekerli\/\" \/>\n<meta property=\"og:locale\" content=\"ru_RU\" \/>\n<meta property=\"og:type\" content=\"article\" \/>\n<meta property=\"og:title\" content=\"T\u0259k\u0259rli x\u0259r\u0259k - 2 t\u0259k\u0259rli - Medishop\" \/>\n<meta property=\"og:description\" content=\"Texniki Spesifikasiyalar   B\u00fck\u00fclm\u00fc\u015f \u00f6l\u00e7\u00fc: 91 x 52 x 19,5 sm A\u00e7\u0131q \u00f6l\u00e7\u00fc: 91 x 52 x 71 sm T\u0259k\u0259rli araban\u0131n \u00f6l\u00e7\u00fcs\u00fc: - arxa h\u00fcnd\u00fcrl\u00fck: 91 sm - enlik: 52 sm - oturacaq h\u00fcnd\u00fcrl\u00fcy\u00fc: 48 sm - enlik: 52 sm Y\u00fckl\u0259yici: 150 kq \u00c7\u0259kisi: 8.5 kq\" \/>\n<meta property=\"og:url\" content=\"https:\/\/medishop.az\/ru\/mehsul\/tekerli-xerek-tekerli\/\" \/>\n<meta property=\"og:site_name\" content=\"Medishop\" \/>\n<meta property=\"article:publisher\" content=\"https:\/\/www.facebook.com\/medishop.azerbaijan\" \/>\n<meta property=\"article:modified_time\" content=\"2023-01-08T17:12:12+00:00\" \/>\n<meta property=\"og:image\" content=\"https:\/\/storage.googleapis.com\/stateless-medishop-az\/2022\/12\/b29aa46b-t\u0259k\u0259rli-x\u0259r\u0259k-2-t\u0259k\u0259rli.jpg\" \/>\n\t<meta property=\"og:image:width\" content=\"1000\" \/>\n\t<meta property=\"og:image:height\" content=\"1000\" \/>\n\t<meta property=\"og:image:type\" content=\"image\/jpeg\" \/>\n<meta name=\"twitter:card\" content=\"summary_large_image\" \/>\n<meta name=\"twitter:label1\" content=\"\u041f\u0440\u0438\u043c\u0435\u0440\u043d\u043e\u0435 \u0432\u0440\u0435\u043c\u044f \u0434\u043b\u044f \u0447\u0442\u0435\u043d\u0438\u044f\" \/>\n\t<meta name=\"twitter:data1\" content=\"1 \u043c\u0438\u043d\u0443\u0442\u0430\" \/>\n<script type=\"application\/ld+json\" class=\"yoast-schema-graph\">{\"@context\":\"https:\/\/schema.org\",\"@graph\":[{\"@type\":\"WebPage\",\"@id\":\"https:\/\/medishop.az\/mehsul\/tekerli-xerek-tekerli\/\",\"url\":\"https:\/\/medishop.az\/mehsul\/tekerli-xerek-tekerli\/\",\"name\":\"T\u0259k\u0259rli x\u0259r\u0259k - 2 t\u0259k\u0259rli - Medishop\",\"isPartOf\":{\"@id\":\"https:\/\/medishop.az\/#website\"},\"primaryImageOfPage\":{\"@id\":\"https:\/\/medishop.az\/mehsul\/tekerli-xerek-tekerli\/#primaryimage\"},\"image\":{\"@id\":\"https:\/\/medishop.az\/mehsul\/tekerli-xerek-tekerli\/#primaryimage\"},\"thumbnailUrl\":\"https:\/\/medishop.az\/wp-content\/uploads\/2022\/12\/b29aa46b-t\u0259k\u0259rli-x\u0259r\u0259k-2-t\u0259k\u0259rli.jpg\",\"datePublished\":\"2022-12-17T10:08:34+00:00\",\"dateModified\":\"2023-01-08T17:12:12+00:00\",\"breadcrumb\":{\"@id\":\"https:\/\/medishop.az\/mehsul\/tekerli-xerek-tekerli\/#breadcrumb\"},\"inLanguage\":\"ru-RU\",\"potentialAction\":[{\"@type\":\"ReadAction\",\"target\":[\"https:\/\/medishop.az\/mehsul\/tekerli-xerek-tekerli\/\"]}]},{\"@type\":\"ImageObject\",\"inLanguage\":\"ru-RU\",\"@id\":\"https:\/\/medishop.az\/mehsul\/tekerli-xerek-tekerli\/#primaryimage\",\"url\":\"https:\/\/medishop.az\/wp-content\/uploads\/2022\/12\/b29aa46b-t\u0259k\u0259rli-x\u0259r\u0259k-2-t\u0259k\u0259rli.jpg\",\"contentUrl\":\"https:\/\/medishop.az\/wp-content\/uploads\/2022\/12\/b29aa46b-t\u0259k\u0259rli-x\u0259r\u0259k-2-t\u0259k\u0259rli.jpg\",\"width\":1000,\"height\":1000},{\"@type\":\"BreadcrumbList\",\"@id\":\"https:\/\/medishop.az\/mehsul\/tekerli-xerek-tekerli\/#breadcrumb\",\"itemListElement\":[{\"@type\":\"ListItem\",\"position\":1,\"name\":\"\u018fsas\",\"item\":\"https:\/\/medishop.az\/\"},{\"@type\":\"ListItem\",\"position\":2,\"name\":\"Ma\u011faza\",\"item\":\"https:\/\/medishop.az\/ru\/shop\/\"},{\"@type\":\"ListItem\",\"position\":3,\"name\":\"T\u0259k\u0259rli x\u0259r\u0259k &#8211; 2 t\u0259k\u0259rli\"}]},{\"@type\":\"WebSite\",\"@id\":\"https:\/\/medishop.az\/#website\",\"url\":\"https:\/\/medishop.az\/\",\"name\":\"Medishop\",\"description\":\"Onlayn tibbi ma\u011faza\",\"publisher\":{\"@id\":\"https:\/\/medishop.az\/#organization\"},\"potentialAction\":[{\"@type\":\"SearchAction\",\"target\":{\"@type\":\"EntryPoint\",\"urlTemplate\":\"https:\/\/medishop.az\/?s={search_term_string}\"},\"query-input\":\"required name=search_term_string\"}],\"inLanguage\":\"ru-RU\"},{\"@type\":\"Organization\",\"@id\":\"https:\/\/medishop.az\/#organization\",\"name\":\"Medishop\",\"url\":\"https:\/\/medishop.az\/\",\"logo\":{\"@type\":\"ImageObject\",\"inLanguage\":\"ru-RU\",\"@id\":\"https:\/\/medishop.az\/#\/schema\/logo\/image\/\",\"url\":\"https:\/\/storage.googleapis.com\/stateless-medishop-az\/2022\/12\/logo.png\",\"contentUrl\":\"https:\/\/storage.googleapis.com\/stateless-medishop-az\/2022\/12\/logo.png\",\"width\":300,\"height\":89,\"caption\":\"Medishop\"},\"image\":{\"@id\":\"https:\/\/medishop.az\/#\/schema\/logo\/image\/\"},\"sameAs\":[\"https:\/\/www.facebook.com\/medishop.azerbaijan\"]}]}<\/script>\n<!-- \/ Yoast SEO plugin. -->","yoast_head_json":{"title":"T\u0259k\u0259rli x\u0259r\u0259k - 2 t\u0259k\u0259rli - Medishop","robots":{"index":"index","follow":"follow","max-snippet":"max-snippet:-1","max-image-preview":"max-image-preview:large","max-video-preview":"max-video-preview:-1"},"canonical":"https:\/\/medishop.az\/ru\/mehsul\/tekerli-xerek-tekerli\/","og_locale":"ru_RU","og_type":"article","og_title":"T\u0259k\u0259rli x\u0259r\u0259k - 2 t\u0259k\u0259rli - Medishop","og_description":"Texniki Spesifikasiyalar   B\u00fck\u00fclm\u00fc\u015f \u00f6l\u00e7\u00fc: 91 x 52 x 19,5 sm A\u00e7\u0131q \u00f6l\u00e7\u00fc: 91 x 52 x 71 sm T\u0259k\u0259rli araban\u0131n \u00f6l\u00e7\u00fcs\u00fc: - arxa h\u00fcnd\u00fcrl\u00fck: 91 sm - enlik: 52 sm - oturacaq h\u00fcnd\u00fcrl\u00fcy\u00fc: 48 sm - enlik: 52 sm Y\u00fckl\u0259yici: 150 kq \u00c7\u0259kisi: 8.5 kq","og_url":"https:\/\/medishop.az\/ru\/mehsul\/tekerli-xerek-tekerli\/","og_site_name":"Medishop","article_publisher":"https:\/\/www.facebook.com\/medishop.azerbaijan","article_modified_time":"2023-01-08T17:12:12+00:00","og_image":[{"width":1000,"height":1000,"url":"https:\/\/storage.googleapis.com\/stateless-medishop-az\/2022\/12\/b29aa46b-t\u0259k\u0259rli-x\u0259r\u0259k-2-t\u0259k\u0259rli.jpg","type":"image\/jpeg"}],"twitter_card":"summary_large_image","twitter_misc":{"\u041f\u0440\u0438\u043c\u0435\u0440\u043d\u043e\u0435 \u0432\u0440\u0435\u043c\u044f \u0434\u043b\u044f \u0447\u0442\u0435\u043d\u0438\u044f":"1 \u043c\u0438\u043d\u0443\u0442\u0430"},"schema":{"@context":"https:\/\/schema.org","@graph":[{"@type":"WebPage","@id":"https:\/\/medishop.az\/mehsul\/tekerli-xerek-tekerli\/","url":"https:\/\/medishop.az\/mehsul\/tekerli-xerek-tekerli\/","name":"T\u0259k\u0259rli x\u0259r\u0259k - 2 t\u0259k\u0259rli - Medishop","isPartOf":{"@id":"https:\/\/medishop.az\/#website"},"primaryImageOfPage":{"@id":"https:\/\/medishop.az\/mehsul\/tekerli-xerek-tekerli\/#primaryimage"},"image":{"@id":"https:\/\/medishop.az\/mehsul\/tekerli-xerek-tekerli\/#primaryimage"},"thumbnailUrl":"https:\/\/medishop.az\/wp-content\/uploads\/2022\/12\/b29aa46b-t\u0259k\u0259rli-x\u0259r\u0259k-2-t\u0259k\u0259rli.jpg","datePublished":"2022-12-17T10:08:34+00:00","dateModified":"2023-01-08T17:12:12+00:00","breadcrumb":{"@id":"https:\/\/medishop.az\/mehsul\/tekerli-xerek-tekerli\/#breadcrumb"},"inLanguage":"ru-RU","potentialAction":[{"@type":"ReadAction","target":["https:\/\/medishop.az\/mehsul\/tekerli-xerek-tekerli\/"]}]},{"@type":"ImageObject","inLanguage":"ru-RU","@id":"https:\/\/medishop.az\/mehsul\/tekerli-xerek-tekerli\/#primaryimage","url":"https:\/\/medishop.az\/wp-content\/uploads\/2022\/12\/b29aa46b-t\u0259k\u0259rli-x\u0259r\u0259k-2-t\u0259k\u0259rli.jpg","contentUrl":"https:\/\/medishop.az\/wp-content\/uploads\/2022\/12\/b29aa46b-t\u0259k\u0259rli-x\u0259r\u0259k-2-t\u0259k\u0259rli.jpg","width":1000,"height":1000},{"@type":"BreadcrumbList","@id":"https:\/\/medishop.az\/mehsul\/tekerli-xerek-tekerli\/#breadcrumb","itemListElement":[{"@type":"ListItem","position":1,"name":"\u018fsas","item":"https:\/\/medishop.az\/"},{"@type":"ListItem","position":2,"name":"Ma\u011faza","item":"https:\/\/medishop.az\/ru\/shop\/"},{"@type":"ListItem","position":3,"name":"T\u0259k\u0259rli x\u0259r\u0259k &#8211; 2 t\u0259k\u0259rli"}]},{"@type":"WebSite","@id":"https:\/\/medishop.az\/#website","url":"https:\/\/medishop.az\/","name":"Medishop","description":"Onlayn tibbi ma\u011faza","publisher":{"@id":"https:\/\/medishop.az\/#organization"},"potentialAction":[{"@type":"SearchAction","target":{"@type":"EntryPoint","urlTemplate":"https:\/\/medishop.az\/?s={search_term_string}"},"query-input":"required name=search_term_string"}],"inLanguage":"ru-RU"},{"@type":"Organization","@id":"https:\/\/medishop.az\/#organization","name":"Medishop","url":"https:\/\/medishop.az\/","logo":{"@type":"ImageObject","inLanguage":"ru-RU","@id":"https:\/\/medishop.az\/#\/schema\/logo\/image\/","url":"https:\/\/storage.googleapis.com\/stateless-medishop-az\/2022\/12\/logo.png","contentUrl":"https:\/\/storage.googleapis.com\/stateless-medishop-az\/2022\/12\/logo.png","width":300,"height":89,"caption":"Medishop"},"image":{"@id":"https:\/\/medishop.az\/#\/schema\/logo\/image\/"},"sameAs":["https:\/\/www.facebook.com\/medishop.azerbaijan"]}]}},"jetpack_sharing_enabled":true,"_links":{"self":[{"href":"https:\/\/medishop.az\/ru\/wp-json\/wp\/v2\/product\/4048","targetHints":{"allow":["GET"]}}],"collection":[{"href":"https:\/\/medishop.az\/ru\/wp-json\/wp\/v2\/product"}],"about":[{"href":"https:\/\/medishop.az\/ru\/wp-json\/wp\/v2\/types\/product"}],"wp:featuredmedia":[{"embeddable":true,"href":"https:\/\/medishop.az\/ru\/wp-json\/wp\/v2\/media\/4049"}],"wp:attachment":[{"href":"https:\/\/medishop.az\/ru\/wp-json\/wp\/v2\/media?parent=4048"}],"wp:term":[{"taxonomy":"product_cat","embeddable":true,"href":"https:\/\/medishop.az\/ru\/wp-json\/wp\/v2\/product_cat?post=4048"},{"taxonomy":"product_tag","embeddable":true,"href":"https:\/\/medishop.az\/ru\/wp-json\/wp\/v2\/product_tag?post=4048"}],"curies":[{"name":"wp","href":"https:\/\/api.w.org\/{rel}","templated":true}]}}