{"id":3918,"date":"2022-12-17T00:22:21","date_gmt":"2022-12-16T20:22:21","guid":{"rendered":"https:\/\/medishop.az\/?post_type=product&#038;p=3918"},"modified":"2023-01-08T13:36:30","modified_gmt":"2023-01-08T09:36:30","slug":"gima-7-ilk-yardim-cantasi","status":"publish","type":"product","link":"https:\/\/medishop.az\/ru\/mehsul\/gima-7-ilk-yardim-cantasi\/","title":{"rendered":"GIMA 7 \u0130lk yard\u0131m \u00e7antas\u0131"},"content":{"rendered":"<p>T\u018fCILI KITS GIMA 7<\/p>\n<p>Smart \u00e7anta &#8211; b\u00f6y\u00fck &#8211; q\u0131rm\u0131z\u0131 600D polyester (27153)<br \/>\nH\u0259cm: 65 x 35 x h 35 cm<\/p>\n<p>M\u0259hsullar kitl\u0259r\u0259 daxildir:<br \/>\n\u2022 T\u0259cili \u00f6rt\u00fck (34085)<br \/>\n\u2022 Universal \u015fistl\u0259r &#8211; 16.5 sm (20571)<br \/>\n\u2022 Facemask n. 2 &#8211; u\u015faq\/u\u015faq\/ki\u00e7ik (342222)<br \/>\n\u2022 Silikon resuscitator \u00e7antas\u0131 il\u0259 maska n n 4 &#8211; adult (34245)<br \/>\n\u2022 Di\u015f vida s\u00fcr\u00fcc\u00fcs\u00fc (34273)<br \/>\n\u2022 Dil tutan forceps (34274)<br \/>\n\u2022 Oksigen borusu &#8211; 120 sm (34276)<br \/>\n\u2022 Qar\u0131\u015f\u0131q Guedel airways &#8211; qutu 10 (34439)<br \/>\n\u2022 Oksigen terapiya maskas\u0131 &#8211; b\u00f6y\u00fckl\u0259r (34166)<br \/>\n\u2022 0,5 l oksigen silindir (bo\u015f) reducer UNI std (34501)<br \/>\n\u2022 Jotarap dual ba\u015f stetoskop &#8211; qara (32580)<br \/>\n\u2022 London s 32725 metrometr (32725)<br \/>\n\u2022 Laryngoscope set 3 Mc-Intosh blades 3 Mc-Intosh blades 2-3-4 (34302)\u2022 \u018fl suction unit (28180)<\/p>\n<p>\u2022 Delta q\u0259l\u0259m i\u015f\u0131\u011f\u0131 (25629)<br \/>\n\u2022 Fast tourniquet &#8211; ya\u015f\u0131l (25728)<br \/>\n\u2022 Magill forceps &#8211; 20 sm (34002)<br \/>\n\u2022 Gima r\u0259q\u0259msal termometr \u00b0C (25560)<br \/>\n\u2022 Dezinfeksiyaedici silm\u0259l\u0259r &#8211; boru 100 silm\u0259 (36625)<br \/>\n\u2022 Emokontrol elastik sar\u011f\u0131 (34782)<br \/>\n\u2022 Gauze bandas\u0131age 3.5 m x 7 sm &#8211; qutu 10 (34841)<br \/>\n\u2022 Steril yap\u0131\u015fqanl\u0131 soyunma 10 x 10 sm &#8211; qutu 5 (34819)<br \/>\n\u2022 Oxy-4 barmaq ucun oksimetr (35092)<br \/>\n\u2022 Instant ice &#8211; \u00e7anta 3 pcs. (34111)<\/p>","protected":false},"excerpt":{"rendered":"<p>T\u018fCILI KITS GIMA 7 Smart \u00e7anta &#8211; b\u00f6y\u00fck &#8211; q\u0131rm\u0131z\u0131 600D polyester (27153) H\u0259cm: 65 x 35 x h 35 cm M\u0259hsullar kitl\u0259r\u0259 daxildir: \u2022 T\u0259cili \u00f6rt\u00fck (34085) \u2022 Universal<\/p>","protected":false},"featured_media":3919,"template":"","meta":[],"product_cat":[133,126],"product_tag":[168,359,217,351],"class_list":{"0":"post-3918","1":"product","2":"type-product","3":"status-publish","4":"has-post-thumbnail","6":"product_brand-gima","7":"product_cat-ilk-yardim","8":"product_cat-tibbi-cihazlar","9":"product_tag-ilk-tibbi-yardim","10":"product_tag-ilk-yardim","11":"product_tag-ilk-yardim-cantasi","12":"product_tag-ilk-yardim-dsti","14":"first","15":"instock","16":"shipping-taxable","17":"purchasable","18":"product-type-simple"},"yoast_head":"<!-- This site is optimized with the Yoast SEO plugin v22.7 - https:\/\/yoast.com\/wordpress\/plugins\/seo\/ -->\n<title>GIMA 7 \u0130lk yard\u0131m \u00e7antas\u0131 - Medishop<\/title>\n<meta name=\"robots\" content=\"index, follow, max-snippet:-1, max-image-preview:large, max-video-preview:-1\" \/>\n<link rel=\"canonical\" href=\"https:\/\/medishop.az\/ru\/mehsul\/gima-7-ilk-yardim-cantasi\/\" \/>\n<meta property=\"og:locale\" content=\"ru_RU\" \/>\n<meta property=\"og:type\" content=\"article\" \/>\n<meta property=\"og:title\" content=\"GIMA 7 \u0130lk yard\u0131m \u00e7antas\u0131 - Medishop\" \/>\n<meta property=\"og:description\" content=\"T\u018fCILI KITS GIMA 7 Smart \u00e7anta &#8211; b\u00f6y\u00fck &#8211; q\u0131rm\u0131z\u0131 600D polyester (27153) H\u0259cm: 65 x 35 x h 35 cm M\u0259hsullar kitl\u0259r\u0259 daxildir: \u2022 T\u0259cili \u00f6rt\u00fck (34085) \u2022 Universal\" \/>\n<meta property=\"og:url\" content=\"https:\/\/medishop.az\/ru\/mehsul\/gima-7-ilk-yardim-cantasi\/\" \/>\n<meta property=\"og:site_name\" content=\"Medishop\" \/>\n<meta property=\"article:publisher\" content=\"https:\/\/www.facebook.com\/medishop.azerbaijan\" \/>\n<meta property=\"article:modified_time\" content=\"2023-01-08T09:36:30+00:00\" \/>\n<meta property=\"og:image\" content=\"https:\/\/storage.googleapis.com\/stateless-medishop-az\/2022\/12\/c615b0e6-gima-7-t\u0259cili-yardim-cantasi.jpg\" \/>\n\t<meta property=\"og:image:width\" content=\"1000\" \/>\n\t<meta property=\"og:image:height\" content=\"1000\" \/>\n\t<meta property=\"og:image:type\" content=\"image\/jpeg\" \/>\n<meta name=\"twitter:card\" content=\"summary_large_image\" \/>\n<meta name=\"twitter:label1\" content=\"\u041f\u0440\u0438\u043c\u0435\u0440\u043d\u043e\u0435 \u0432\u0440\u0435\u043c\u044f \u0434\u043b\u044f \u0447\u0442\u0435\u043d\u0438\u044f\" \/>\n\t<meta name=\"twitter:data1\" content=\"1 \u043c\u0438\u043d\u0443\u0442\u0430\" \/>\n<script type=\"application\/ld+json\" class=\"yoast-schema-graph\">{\"@context\":\"https:\/\/schema.org\",\"@graph\":[{\"@type\":\"WebPage\",\"@id\":\"https:\/\/medishop.az\/mehsul\/gima-7-ilk-yardim-cantasi\/\",\"url\":\"https:\/\/medishop.az\/mehsul\/gima-7-ilk-yardim-cantasi\/\",\"name\":\"GIMA 7 \u0130lk yard\u0131m \u00e7antas\u0131 - Medishop\",\"isPartOf\":{\"@id\":\"https:\/\/medishop.az\/#website\"},\"primaryImageOfPage\":{\"@id\":\"https:\/\/medishop.az\/mehsul\/gima-7-ilk-yardim-cantasi\/#primaryimage\"},\"image\":{\"@id\":\"https:\/\/medishop.az\/mehsul\/gima-7-ilk-yardim-cantasi\/#primaryimage\"},\"thumbnailUrl\":\"https:\/\/medishop.az\/wp-content\/uploads\/2022\/12\/c615b0e6-gima-7-t\u0259cili-yardim-cantasi.jpg\",\"datePublished\":\"2022-12-16T20:22:21+00:00\",\"dateModified\":\"2023-01-08T09:36:30+00:00\",\"breadcrumb\":{\"@id\":\"https:\/\/medishop.az\/mehsul\/gima-7-ilk-yardim-cantasi\/#breadcrumb\"},\"inLanguage\":\"ru-RU\",\"potentialAction\":[{\"@type\":\"ReadAction\",\"target\":[\"https:\/\/medishop.az\/mehsul\/gima-7-ilk-yardim-cantasi\/\"]}]},{\"@type\":\"ImageObject\",\"inLanguage\":\"ru-RU\",\"@id\":\"https:\/\/medishop.az\/mehsul\/gima-7-ilk-yardim-cantasi\/#primaryimage\",\"url\":\"https:\/\/medishop.az\/wp-content\/uploads\/2022\/12\/c615b0e6-gima-7-t\u0259cili-yardim-cantasi.jpg\",\"contentUrl\":\"https:\/\/medishop.az\/wp-content\/uploads\/2022\/12\/c615b0e6-gima-7-t\u0259cili-yardim-cantasi.jpg\",\"width\":1000,\"height\":1000},{\"@type\":\"BreadcrumbList\",\"@id\":\"https:\/\/medishop.az\/mehsul\/gima-7-ilk-yardim-cantasi\/#breadcrumb\",\"itemListElement\":[{\"@type\":\"ListItem\",\"position\":1,\"name\":\"\u018fsas\",\"item\":\"https:\/\/medishop.az\/\"},{\"@type\":\"ListItem\",\"position\":2,\"name\":\"Ma\u011faza\",\"item\":\"https:\/\/medishop.az\/ru\/shop\/\"},{\"@type\":\"ListItem\",\"position\":3,\"name\":\"GIMA 7 \u0130lk yard\u0131m \u00e7antas\u0131\"}]},{\"@type\":\"WebSite\",\"@id\":\"https:\/\/medishop.az\/#website\",\"url\":\"https:\/\/medishop.az\/\",\"name\":\"Medishop\",\"description\":\"Onlayn tibbi ma\u011faza\",\"publisher\":{\"@id\":\"https:\/\/medishop.az\/#organization\"},\"potentialAction\":[{\"@type\":\"SearchAction\",\"target\":{\"@type\":\"EntryPoint\",\"urlTemplate\":\"https:\/\/medishop.az\/?s={search_term_string}\"},\"query-input\":\"required name=search_term_string\"}],\"inLanguage\":\"ru-RU\"},{\"@type\":\"Organization\",\"@id\":\"https:\/\/medishop.az\/#organization\",\"name\":\"Medishop\",\"url\":\"https:\/\/medishop.az\/\",\"logo\":{\"@type\":\"ImageObject\",\"inLanguage\":\"ru-RU\",\"@id\":\"https:\/\/medishop.az\/#\/schema\/logo\/image\/\",\"url\":\"https:\/\/storage.googleapis.com\/stateless-medishop-az\/2022\/12\/logo.png\",\"contentUrl\":\"https:\/\/storage.googleapis.com\/stateless-medishop-az\/2022\/12\/logo.png\",\"width\":300,\"height\":89,\"caption\":\"Medishop\"},\"image\":{\"@id\":\"https:\/\/medishop.az\/#\/schema\/logo\/image\/\"},\"sameAs\":[\"https:\/\/www.facebook.com\/medishop.azerbaijan\"]}]}<\/script>\n<!-- \/ Yoast SEO plugin. -->","yoast_head_json":{"title":"GIMA 7 \u0130lk yard\u0131m \u00e7antas\u0131 - Medishop","robots":{"index":"index","follow":"follow","max-snippet":"max-snippet:-1","max-image-preview":"max-image-preview:large","max-video-preview":"max-video-preview:-1"},"canonical":"https:\/\/medishop.az\/ru\/mehsul\/gima-7-ilk-yardim-cantasi\/","og_locale":"ru_RU","og_type":"article","og_title":"GIMA 7 \u0130lk yard\u0131m \u00e7antas\u0131 - Medishop","og_description":"T\u018fCILI KITS GIMA 7 Smart \u00e7anta &#8211; b\u00f6y\u00fck &#8211; q\u0131rm\u0131z\u0131 600D polyester (27153) H\u0259cm: 65 x 35 x h 35 cm M\u0259hsullar kitl\u0259r\u0259 daxildir: \u2022 T\u0259cili \u00f6rt\u00fck (34085) \u2022 Universal","og_url":"https:\/\/medishop.az\/ru\/mehsul\/gima-7-ilk-yardim-cantasi\/","og_site_name":"Medishop","article_publisher":"https:\/\/www.facebook.com\/medishop.azerbaijan","article_modified_time":"2023-01-08T09:36:30+00:00","og_image":[{"width":1000,"height":1000,"url":"https:\/\/storage.googleapis.com\/stateless-medishop-az\/2022\/12\/c615b0e6-gima-7-t\u0259cili-yardim-cantasi.jpg","type":"image\/jpeg"}],"twitter_card":"summary_large_image","twitter_misc":{"\u041f\u0440\u0438\u043c\u0435\u0440\u043d\u043e\u0435 \u0432\u0440\u0435\u043c\u044f \u0434\u043b\u044f \u0447\u0442\u0435\u043d\u0438\u044f":"1 \u043c\u0438\u043d\u0443\u0442\u0430"},"schema":{"@context":"https:\/\/schema.org","@graph":[{"@type":"WebPage","@id":"https:\/\/medishop.az\/mehsul\/gima-7-ilk-yardim-cantasi\/","url":"https:\/\/medishop.az\/mehsul\/gima-7-ilk-yardim-cantasi\/","name":"GIMA 7 \u0130lk yard\u0131m \u00e7antas\u0131 - Medishop","isPartOf":{"@id":"https:\/\/medishop.az\/#website"},"primaryImageOfPage":{"@id":"https:\/\/medishop.az\/mehsul\/gima-7-ilk-yardim-cantasi\/#primaryimage"},"image":{"@id":"https:\/\/medishop.az\/mehsul\/gima-7-ilk-yardim-cantasi\/#primaryimage"},"thumbnailUrl":"https:\/\/medishop.az\/wp-content\/uploads\/2022\/12\/c615b0e6-gima-7-t\u0259cili-yardim-cantasi.jpg","datePublished":"2022-12-16T20:22:21+00:00","dateModified":"2023-01-08T09:36:30+00:00","breadcrumb":{"@id":"https:\/\/medishop.az\/mehsul\/gima-7-ilk-yardim-cantasi\/#breadcrumb"},"inLanguage":"ru-RU","potentialAction":[{"@type":"ReadAction","target":["https:\/\/medishop.az\/mehsul\/gima-7-ilk-yardim-cantasi\/"]}]},{"@type":"ImageObject","inLanguage":"ru-RU","@id":"https:\/\/medishop.az\/mehsul\/gima-7-ilk-yardim-cantasi\/#primaryimage","url":"https:\/\/medishop.az\/wp-content\/uploads\/2022\/12\/c615b0e6-gima-7-t\u0259cili-yardim-cantasi.jpg","contentUrl":"https:\/\/medishop.az\/wp-content\/uploads\/2022\/12\/c615b0e6-gima-7-t\u0259cili-yardim-cantasi.jpg","width":1000,"height":1000},{"@type":"BreadcrumbList","@id":"https:\/\/medishop.az\/mehsul\/gima-7-ilk-yardim-cantasi\/#breadcrumb","itemListElement":[{"@type":"ListItem","position":1,"name":"\u018fsas","item":"https:\/\/medishop.az\/"},{"@type":"ListItem","position":2,"name":"Ma\u011faza","item":"https:\/\/medishop.az\/ru\/shop\/"},{"@type":"ListItem","position":3,"name":"GIMA 7 \u0130lk yard\u0131m \u00e7antas\u0131"}]},{"@type":"WebSite","@id":"https:\/\/medishop.az\/#website","url":"https:\/\/medishop.az\/","name":"Medishop","description":"Onlayn tibbi ma\u011faza","publisher":{"@id":"https:\/\/medishop.az\/#organization"},"potentialAction":[{"@type":"SearchAction","target":{"@type":"EntryPoint","urlTemplate":"https:\/\/medishop.az\/?s={search_term_string}"},"query-input":"required name=search_term_string"}],"inLanguage":"ru-RU"},{"@type":"Organization","@id":"https:\/\/medishop.az\/#organization","name":"Medishop","url":"https:\/\/medishop.az\/","logo":{"@type":"ImageObject","inLanguage":"ru-RU","@id":"https:\/\/medishop.az\/#\/schema\/logo\/image\/","url":"https:\/\/storage.googleapis.com\/stateless-medishop-az\/2022\/12\/logo.png","contentUrl":"https:\/\/storage.googleapis.com\/stateless-medishop-az\/2022\/12\/logo.png","width":300,"height":89,"caption":"Medishop"},"image":{"@id":"https:\/\/medishop.az\/#\/schema\/logo\/image\/"},"sameAs":["https:\/\/www.facebook.com\/medishop.azerbaijan"]}]}},"jetpack_sharing_enabled":true,"_links":{"self":[{"href":"https:\/\/medishop.az\/ru\/wp-json\/wp\/v2\/product\/3918","targetHints":{"allow":["GET"]}}],"collection":[{"href":"https:\/\/medishop.az\/ru\/wp-json\/wp\/v2\/product"}],"about":[{"href":"https:\/\/medishop.az\/ru\/wp-json\/wp\/v2\/types\/product"}],"wp:featuredmedia":[{"embeddable":true,"href":"https:\/\/medishop.az\/ru\/wp-json\/wp\/v2\/media\/3919"}],"wp:attachment":[{"href":"https:\/\/medishop.az\/ru\/wp-json\/wp\/v2\/media?parent=3918"}],"wp:term":[{"taxonomy":"product_cat","embeddable":true,"href":"https:\/\/medishop.az\/ru\/wp-json\/wp\/v2\/product_cat?post=3918"},{"taxonomy":"product_tag","embeddable":true,"href":"https:\/\/medishop.az\/ru\/wp-json\/wp\/v2\/product_tag?post=3918"}],"curies":[{"name":"wp","href":"https:\/\/api.w.org\/{rel}","templated":true}]}}