{"id":3878,"date":"2022-12-16T23:49:55","date_gmt":"2022-12-16T19:49:55","guid":{"rendered":"https:\/\/medishop.az\/?post_type=product&#038;p=3878"},"modified":"2024-08-21T16:29:45","modified_gmt":"2024-08-21T12:29:45","slug":"3m-littmann-core-dijital-stetoskop-8490-qara","status":"publish","type":"product","link":"https:\/\/medishop.az\/ru\/mehsul\/3m-littmann-core-dijital-stetoskop-8490-qara\/","title":{"rendered":"3M LITTMANN CORE D\u0130J\u0130TAL STETOSKOP &#8211; 8490 &#8211; qara"},"content":{"rendered":"<p>3M LITTMANN\u00ae CORE DIGITAL STETHOSCOPE &#8211; uzunlu\u011fu 69 sm<\/p>\n<p>\u2022 3M kodu: 8490<br \/>\n\u2022 Tubing: black<br \/>\n\u2022 Finish: black<\/p>\n<p>The new 3M\u2122 Littmann\u00ae CORE digital stethoscope g\u00f6rk\u0259mli akustika, rahatl\u0131q v\u0259 keyfiyy\u0259t littmann\u00ae Kardiologiya IV stetoskop, g\u00fccl\u00fc CORE digital attachment texnologiyas\u0131 il\u0259 t\u0259kmill\u0259\u015fdirilmi\u015fdir.\u2122<br \/>\nPediatr v\u0259 yetkin x\u0259st\u0259l\u0259r \u00fcz\u0259rind\u0259 profilaktik v\u0259 klinik istifad\u0259 \u00fc\u00e7\u00fcn n\u0259z\u0259rd\u0259 tutulmu\u015fdur.<\/p>\n<p>&#8220;Bluetooth<br \/>\nSoftware&#8221; vasit\u0259sil\u0259 Eko proqram t\u0259minat\u0131 ba\u011flant\u0131s\u0131 tutma (15, 30, 60 v\u0259 ya 120 saniy\u0259lik yaz\u0131) \u0259ld\u0259 etm\u0259y\u0259, \u00fcr\u0259k s\u0259s dal\u011falar\u0131n\u0131 real vaxtda vizualla\u015fd\u0131rma\u011fa, analiz etm\u0259y\u0259 v\u0259 bir x\u0259st\u0259liyin gedi\u015fat\u0131na n\u0259zar\u0259t etm\u0259k \u00fc\u00e7\u00fcn yaz\u0131lar\u0131 payla\u015fma\u011fa imkan verir. Eko App iOS v\u0259 Android cihazlar \u00fc\u00e7\u00fcn m\u00f6vcuddur.<\/p>\n<p>Aktiv s\u0259s-k\u00fcy l\u0259\u011fv<br \/>\nBu, daha b\u00f6y\u00fck \u0259minlikl\u0259 auscultate imkan verir ist\u0259nilm\u0259y\u0259n fon s\u0259sl\u0259rini azald\u0131r.<br \/>\nAnalog v\u0259 amplified dinl\u0259m\u0259 modlar\u0131<br \/>\naras\u0131nda iki tunable diapazon (adult v\u0259 pediatric) aras\u0131nda<br \/>\ntoggle imkan verir ki, sad\u0259c\u0259 sin\u0259nin \u00fcz\u0259rind\u0259 t\u0259zyiqi d\u00fcz\u0259ltm\u0259kl\u0259 h\u0259m y\u00fcks\u0259k, h\u0259m d\u0259 a\u015fa\u011f\u0131 tezlikli s\u0259sl\u0259ri qulaq asmaq \u00fc\u00e7\u00fcn imkan verir.<\/p>\n<p>40x-a q\u0259d\u0259r amplifikasiya<br \/>\nanalog v\u0259 elektron yard\u0131ml\u0131 amplified qulaq asma \u0259n y\u00fcks\u0259k tezlikli (125 Hz) h\u0259cmi il\u0259 m\u00fcqayis\u0259 \u0259sas\u0131nda. CORE t\u0259r\u0259find\u0259 d\u00fcym\u0259l\u0259ri basmaqla d\u00fcz\u0259li\u015f edil\u0259 bil\u0259n s\u0259s.<\/p>\n<p>&#8211; Tunable, ikili t\u0259r\u0259fli paslanmayan polad sin\u0259 a\u00e7\u0131q v\u0259 ya qapal\u0131 z\u0259ngli<br \/>\n&#8211; d\u00f6n\u0259n yetkin v\u0259 u\u015faq sin\u0259<br \/>\n&#8211; yum\u015faq m\u00f6h\u00fcrl\u0259nmi\u015f qulaq uclar\u0131 qulaqlara uy\u011fun, m\u00fck\u0259mm\u0259l akustik m\u00f6h\u00fcr v\u0259 rahat fit<br \/>\n&#8211; tam y\u00fckl\u00fc batareya fasil\u0259siz \u00f6t\u00fcrm\u0259 rejimind\u0259<br \/>\n8 saat davam edir- 3 se\u00e7il\u0259 bil\u0259n filtr: kardiyak, pulmonar v\u0259 geni\u015f<br \/>\n&#8211; 7 s\u0259s amplifikasiya s\u0259viyy\u0259si<br \/>\n&#8211; \u00fcr\u0259k murmur, taachycardia v\u0259 bradycardia detection<\/p>\n<p>Supplied with USB kabel, spare snap s\u0131x yum\u015faq m\u00f6h\u00fcrl\u0259nmi\u015f qulaqc\u0131qlar, non-chill bell sleeve, multilingual istifad\u0259\u00e7i kitab\u00e7as\u0131: GB, FR, IT, ES, PT, DE, NL, PL, HU, DK, SE, NO<\/p>","protected":false},"excerpt":{"rendered":"<p>3M LITTMANN\u00ae CORE DIGITAL STETHOSCOPE &#8211; uzunlu\u011fu 69 sm \u2022 3M kodu: 8490 \u2022 Tubing: black \u2022 Finish: black The new 3M\u2122 Littmann\u00ae CORE digital stethoscope g\u00f6rk\u0259mli akustika, rahatl\u0131q v\u0259<\/p>","protected":false},"featured_media":3879,"template":"","meta":[],"product_cat":[126,423],"product_tag":[424,426,425,164],"class_list":{"0":"post-3878","1":"product","2":"type-product","3":"status-publish","4":"has-post-thumbnail","6":"product_brand-littmann","7":"product_cat-tibbi-cihazlar","8":"product_cat-stetoskoplar","9":"product_tag-littmann","10":"product_tag-stetoskop","11":"product_tag-stetoskoplar","12":"product_tag-tibbi-cihazlar","14":"first","15":"instock","16":"shipping-taxable","17":"purchasable","18":"product-type-simple"},"yoast_head":"<!-- This site is optimized with the Yoast SEO plugin v22.7 - https:\/\/yoast.com\/wordpress\/plugins\/seo\/ -->\n<title>3M LITTMANN CORE D\u0130J\u0130TAL STETOSKOP - 8490 - qara - Medishop<\/title>\n<meta name=\"robots\" content=\"index, follow, max-snippet:-1, max-image-preview:large, max-video-preview:-1\" \/>\n<link rel=\"canonical\" href=\"https:\/\/medishop.az\/ru\/mehsul\/3m-littmann-core-dijital-stetoskop-8490-qara\/\" \/>\n<meta property=\"og:locale\" content=\"ru_RU\" \/>\n<meta property=\"og:type\" content=\"article\" \/>\n<meta property=\"og:title\" content=\"3M LITTMANN CORE D\u0130J\u0130TAL STETOSKOP - 8490 - qara - Medishop\" \/>\n<meta property=\"og:description\" content=\"3M LITTMANN\u00ae CORE DIGITAL STETHOSCOPE &#8211; uzunlu\u011fu 69 sm \u2022 3M kodu: 8490 \u2022 Tubing: black \u2022 Finish: black The new 3M\u2122 Littmann\u00ae CORE digital stethoscope g\u00f6rk\u0259mli akustika, rahatl\u0131q v\u0259\" \/>\n<meta property=\"og:url\" content=\"https:\/\/medishop.az\/ru\/mehsul\/3m-littmann-core-dijital-stetoskop-8490-qara\/\" \/>\n<meta property=\"og:site_name\" content=\"Medishop\" \/>\n<meta property=\"article:publisher\" content=\"https:\/\/www.facebook.com\/medishop.azerbaijan\" \/>\n<meta property=\"article:modified_time\" content=\"2024-08-21T12:29:45+00:00\" \/>\n<meta property=\"og:image\" content=\"https:\/\/medishop.az\/wp-content\/uploads\/2022\/12\/011a86d2-3m-littmann-core-dijital-stetoskop-8490-qara.jpg\" \/>\n\t<meta property=\"og:image:width\" content=\"1000\" \/>\n\t<meta property=\"og:image:height\" content=\"1000\" \/>\n\t<meta property=\"og:image:type\" content=\"image\/jpeg\" \/>\n<meta name=\"twitter:card\" content=\"summary_large_image\" \/>\n<meta name=\"twitter:label1\" content=\"\u041f\u0440\u0438\u043c\u0435\u0440\u043d\u043e\u0435 \u0432\u0440\u0435\u043c\u044f \u0434\u043b\u044f \u0447\u0442\u0435\u043d\u0438\u044f\" \/>\n\t<meta name=\"twitter:data1\" content=\"2 \u043c\u0438\u043d\u0443\u0442\u044b\" \/>\n<script type=\"application\/ld+json\" class=\"yoast-schema-graph\">{\"@context\":\"https:\/\/schema.org\",\"@graph\":[{\"@type\":\"WebPage\",\"@id\":\"https:\/\/medishop.az\/mehsul\/3m-littmann-core-dijital-stetoskop-8490-qara\/\",\"url\":\"https:\/\/medishop.az\/mehsul\/3m-littmann-core-dijital-stetoskop-8490-qara\/\",\"name\":\"3M LITTMANN CORE D\u0130J\u0130TAL STETOSKOP - 8490 - qara - Medishop\",\"isPartOf\":{\"@id\":\"https:\/\/medishop.az\/#website\"},\"primaryImageOfPage\":{\"@id\":\"https:\/\/medishop.az\/mehsul\/3m-littmann-core-dijital-stetoskop-8490-qara\/#primaryimage\"},\"image\":{\"@id\":\"https:\/\/medishop.az\/mehsul\/3m-littmann-core-dijital-stetoskop-8490-qara\/#primaryimage\"},\"thumbnailUrl\":\"https:\/\/medishop.az\/wp-content\/uploads\/2022\/12\/011a86d2-3m-littmann-core-dijital-stetoskop-8490-qara.jpg\",\"datePublished\":\"2022-12-16T19:49:55+00:00\",\"dateModified\":\"2024-08-21T12:29:45+00:00\",\"breadcrumb\":{\"@id\":\"https:\/\/medishop.az\/mehsul\/3m-littmann-core-dijital-stetoskop-8490-qara\/#breadcrumb\"},\"inLanguage\":\"ru-RU\",\"potentialAction\":[{\"@type\":\"ReadAction\",\"target\":[\"https:\/\/medishop.az\/mehsul\/3m-littmann-core-dijital-stetoskop-8490-qara\/\"]}]},{\"@type\":\"ImageObject\",\"inLanguage\":\"ru-RU\",\"@id\":\"https:\/\/medishop.az\/mehsul\/3m-littmann-core-dijital-stetoskop-8490-qara\/#primaryimage\",\"url\":\"https:\/\/medishop.az\/wp-content\/uploads\/2022\/12\/011a86d2-3m-littmann-core-dijital-stetoskop-8490-qara.jpg\",\"contentUrl\":\"https:\/\/medishop.az\/wp-content\/uploads\/2022\/12\/011a86d2-3m-littmann-core-dijital-stetoskop-8490-qara.jpg\",\"width\":1000,\"height\":1000},{\"@type\":\"BreadcrumbList\",\"@id\":\"https:\/\/medishop.az\/mehsul\/3m-littmann-core-dijital-stetoskop-8490-qara\/#breadcrumb\",\"itemListElement\":[{\"@type\":\"ListItem\",\"position\":1,\"name\":\"\u018fsas\",\"item\":\"https:\/\/medishop.az\/\"},{\"@type\":\"ListItem\",\"position\":2,\"name\":\"Ma\u011faza\",\"item\":\"https:\/\/medishop.az\/ru\/shop\/\"},{\"@type\":\"ListItem\",\"position\":3,\"name\":\"3M LITTMANN CORE D\u0130J\u0130TAL STETOSKOP &#8211; 8490 &#8211; qara\"}]},{\"@type\":\"WebSite\",\"@id\":\"https:\/\/medishop.az\/#website\",\"url\":\"https:\/\/medishop.az\/\",\"name\":\"Medishop\",\"description\":\"Onlayn tibbi ma\u011faza\",\"publisher\":{\"@id\":\"https:\/\/medishop.az\/#organization\"},\"potentialAction\":[{\"@type\":\"SearchAction\",\"target\":{\"@type\":\"EntryPoint\",\"urlTemplate\":\"https:\/\/medishop.az\/?s={search_term_string}\"},\"query-input\":\"required name=search_term_string\"}],\"inLanguage\":\"ru-RU\"},{\"@type\":\"Organization\",\"@id\":\"https:\/\/medishop.az\/#organization\",\"name\":\"Medishop\",\"url\":\"https:\/\/medishop.az\/\",\"logo\":{\"@type\":\"ImageObject\",\"inLanguage\":\"ru-RU\",\"@id\":\"https:\/\/medishop.az\/#\/schema\/logo\/image\/\",\"url\":\"https:\/\/storage.googleapis.com\/stateless-medishop-az\/2022\/12\/logo.png\",\"contentUrl\":\"https:\/\/storage.googleapis.com\/stateless-medishop-az\/2022\/12\/logo.png\",\"width\":300,\"height\":89,\"caption\":\"Medishop\"},\"image\":{\"@id\":\"https:\/\/medishop.az\/#\/schema\/logo\/image\/\"},\"sameAs\":[\"https:\/\/www.facebook.com\/medishop.azerbaijan\"]}]}<\/script>\n<!-- \/ Yoast SEO plugin. -->","yoast_head_json":{"title":"3M LITTMANN CORE D\u0130J\u0130TAL STETOSKOP - 8490 - qara - Medishop","robots":{"index":"index","follow":"follow","max-snippet":"max-snippet:-1","max-image-preview":"max-image-preview:large","max-video-preview":"max-video-preview:-1"},"canonical":"https:\/\/medishop.az\/ru\/mehsul\/3m-littmann-core-dijital-stetoskop-8490-qara\/","og_locale":"ru_RU","og_type":"article","og_title":"3M LITTMANN CORE D\u0130J\u0130TAL STETOSKOP - 8490 - qara - Medishop","og_description":"3M LITTMANN\u00ae CORE DIGITAL STETHOSCOPE &#8211; uzunlu\u011fu 69 sm \u2022 3M kodu: 8490 \u2022 Tubing: black \u2022 Finish: black The new 3M\u2122 Littmann\u00ae CORE digital stethoscope g\u00f6rk\u0259mli akustika, rahatl\u0131q v\u0259","og_url":"https:\/\/medishop.az\/ru\/mehsul\/3m-littmann-core-dijital-stetoskop-8490-qara\/","og_site_name":"Medishop","article_publisher":"https:\/\/www.facebook.com\/medishop.azerbaijan","article_modified_time":"2024-08-21T12:29:45+00:00","og_image":[{"width":1000,"height":1000,"url":"https:\/\/medishop.az\/wp-content\/uploads\/2022\/12\/011a86d2-3m-littmann-core-dijital-stetoskop-8490-qara.jpg","type":"image\/jpeg"}],"twitter_card":"summary_large_image","twitter_misc":{"\u041f\u0440\u0438\u043c\u0435\u0440\u043d\u043e\u0435 \u0432\u0440\u0435\u043c\u044f \u0434\u043b\u044f \u0447\u0442\u0435\u043d\u0438\u044f":"2 \u043c\u0438\u043d\u0443\u0442\u044b"},"schema":{"@context":"https:\/\/schema.org","@graph":[{"@type":"WebPage","@id":"https:\/\/medishop.az\/mehsul\/3m-littmann-core-dijital-stetoskop-8490-qara\/","url":"https:\/\/medishop.az\/mehsul\/3m-littmann-core-dijital-stetoskop-8490-qara\/","name":"3M LITTMANN CORE D\u0130J\u0130TAL STETOSKOP - 8490 - qara - Medishop","isPartOf":{"@id":"https:\/\/medishop.az\/#website"},"primaryImageOfPage":{"@id":"https:\/\/medishop.az\/mehsul\/3m-littmann-core-dijital-stetoskop-8490-qara\/#primaryimage"},"image":{"@id":"https:\/\/medishop.az\/mehsul\/3m-littmann-core-dijital-stetoskop-8490-qara\/#primaryimage"},"thumbnailUrl":"https:\/\/medishop.az\/wp-content\/uploads\/2022\/12\/011a86d2-3m-littmann-core-dijital-stetoskop-8490-qara.jpg","datePublished":"2022-12-16T19:49:55+00:00","dateModified":"2024-08-21T12:29:45+00:00","breadcrumb":{"@id":"https:\/\/medishop.az\/mehsul\/3m-littmann-core-dijital-stetoskop-8490-qara\/#breadcrumb"},"inLanguage":"ru-RU","potentialAction":[{"@type":"ReadAction","target":["https:\/\/medishop.az\/mehsul\/3m-littmann-core-dijital-stetoskop-8490-qara\/"]}]},{"@type":"ImageObject","inLanguage":"ru-RU","@id":"https:\/\/medishop.az\/mehsul\/3m-littmann-core-dijital-stetoskop-8490-qara\/#primaryimage","url":"https:\/\/medishop.az\/wp-content\/uploads\/2022\/12\/011a86d2-3m-littmann-core-dijital-stetoskop-8490-qara.jpg","contentUrl":"https:\/\/medishop.az\/wp-content\/uploads\/2022\/12\/011a86d2-3m-littmann-core-dijital-stetoskop-8490-qara.jpg","width":1000,"height":1000},{"@type":"BreadcrumbList","@id":"https:\/\/medishop.az\/mehsul\/3m-littmann-core-dijital-stetoskop-8490-qara\/#breadcrumb","itemListElement":[{"@type":"ListItem","position":1,"name":"\u018fsas","item":"https:\/\/medishop.az\/"},{"@type":"ListItem","position":2,"name":"Ma\u011faza","item":"https:\/\/medishop.az\/ru\/shop\/"},{"@type":"ListItem","position":3,"name":"3M LITTMANN CORE D\u0130J\u0130TAL STETOSKOP &#8211; 8490 &#8211; qara"}]},{"@type":"WebSite","@id":"https:\/\/medishop.az\/#website","url":"https:\/\/medishop.az\/","name":"Medishop","description":"Onlayn tibbi ma\u011faza","publisher":{"@id":"https:\/\/medishop.az\/#organization"},"potentialAction":[{"@type":"SearchAction","target":{"@type":"EntryPoint","urlTemplate":"https:\/\/medishop.az\/?s={search_term_string}"},"query-input":"required name=search_term_string"}],"inLanguage":"ru-RU"},{"@type":"Organization","@id":"https:\/\/medishop.az\/#organization","name":"Medishop","url":"https:\/\/medishop.az\/","logo":{"@type":"ImageObject","inLanguage":"ru-RU","@id":"https:\/\/medishop.az\/#\/schema\/logo\/image\/","url":"https:\/\/storage.googleapis.com\/stateless-medishop-az\/2022\/12\/logo.png","contentUrl":"https:\/\/storage.googleapis.com\/stateless-medishop-az\/2022\/12\/logo.png","width":300,"height":89,"caption":"Medishop"},"image":{"@id":"https:\/\/medishop.az\/#\/schema\/logo\/image\/"},"sameAs":["https:\/\/www.facebook.com\/medishop.azerbaijan"]}]}},"jetpack_sharing_enabled":true,"_links":{"self":[{"href":"https:\/\/medishop.az\/ru\/wp-json\/wp\/v2\/product\/3878","targetHints":{"allow":["GET"]}}],"collection":[{"href":"https:\/\/medishop.az\/ru\/wp-json\/wp\/v2\/product"}],"about":[{"href":"https:\/\/medishop.az\/ru\/wp-json\/wp\/v2\/types\/product"}],"wp:featuredmedia":[{"embeddable":true,"href":"https:\/\/medishop.az\/ru\/wp-json\/wp\/v2\/media\/3879"}],"wp:attachment":[{"href":"https:\/\/medishop.az\/ru\/wp-json\/wp\/v2\/media?parent=3878"}],"wp:term":[{"taxonomy":"product_cat","embeddable":true,"href":"https:\/\/medishop.az\/ru\/wp-json\/wp\/v2\/product_cat?post=3878"},{"taxonomy":"product_tag","embeddable":true,"href":"https:\/\/medishop.az\/ru\/wp-json\/wp\/v2\/product_tag?post=3878"}],"curies":[{"name":"wp","href":"https:\/\/api.w.org\/{rel}","templated":true}]}}