{"id":3856,"date":"2022-12-16T23:31:57","date_gmt":"2022-12-16T19:31:57","guid":{"rendered":"https:\/\/medishop.az\/?post_type=product&#038;p=3856"},"modified":"2023-03-31T13:47:51","modified_gmt":"2023-03-31T09:47:51","slug":"littmann-classic-iii-5623-karib-mavisi","status":"publish","type":"product","link":"https:\/\/medishop.az\/ru\/mehsul\/littmann-classic-iii-5623-karib-mavisi\/","title":{"rendered":"LITTMANN CLASSIC III &#8211; 5623 &#8211; karib mavisi"},"content":{"rendered":"<p>3M\u2122 LITTMANN\u00ae CLASSIC III STETHOSCOPE<\/p>\n<p>\u2022 3M Kodu: 5623<br \/>\n\u2022 R\u0259ng: karib mavisi<br \/>\n\u2022 Lenqht: 69 sm<br \/>\n\u2022 Ba\u015f \u00d8: 43\/33 mm<\/p>\n<p>The 3M\u2122 Littmann\u00ae Classic III\u2122 Stethoscope \u00fcmumi fiziki qiym\u0259tl\u0259ndirm\u0259l\u0259r ed\u0259rk\u0259n m\u00fcst\u0259sna performans \u00fc\u00e7\u00fcn y\u00fcks\u0259k akustik h\u0259ssasl\u0131q t\u0259klif edir. Burada ikili tunable diapazonlar v\u0259 yenil\u0259nmi\u015f dizayn m\u00f6vcuddur.<\/p>\n<p>&#8211; \u00e7ox y\u00f6nl\u00fc yetkin v\u0259 pediatrik iki t\u0259r\u0259fli sin\u0259-<br \/>\nikili t\u0259k par\u00e7al\u0131 tunable diafraqmalar\u0131 (t\u0259zyiq\u0259 h\u0259ssas)<br \/>\n&#8211; ki\u00e7ik t\u0259r\u0259fli diafraqma a\u00e7\u0131q z\u0259ngd\u0259<br \/>\nq\u0131r\u0131nt\u0131lar\u0131n qar\u015f\u0131s\u0131n\u0131 al\u0131r- y\u00fcks\u0259k akustik h\u0259ssasl\u0131q<br \/>\n&#8211; snap s\u0131x yum\u015faq m\u00f6ht\u0259zir qulaq uclar\u0131<br \/>\n&#8211; n\u00f6vb\u0259ti n\u0259sil daha uzun \u00f6m\u00fcrl\u00fc tubing<br \/>\n&#8211; ki\u00e7ik yan \u00e7eviricil\u0259r a\u00e7\u0131q z\u0259ng\u0259 \u00e7evirir<\/p>","protected":false},"excerpt":{"rendered":"<p>3M\u2122 LITTMANN\u00ae CLASSIC III STETHOSCOPE \u2022 3M Kodu: 5623 \u2022 R\u0259ng: karib mavisi \u2022 Lenqht: 69 sm \u2022 Ba\u015f \u00d8: 43\/33 mm The 3M\u2122 Littmann\u00ae Classic III\u2122 Stethoscope \u00fcmumi fiziki<\/p>","protected":false},"featured_media":3857,"template":"","meta":[],"product_cat":[126,423],"product_tag":[424,348,426,164],"class_list":{"0":"post-3856","1":"product","2":"type-product","3":"status-publish","4":"has-post-thumbnail","6":"product_brand-littmann","7":"product_cat-tibbi-cihazlar","8":"product_cat-stetoskoplar","9":"product_tag-littmann","10":"product_tag-littmann-classic-iii","11":"product_tag-stetoskop","12":"product_tag-tibbi-cihazlar","14":"first","15":"instock","16":"shipping-taxable","17":"purchasable","18":"product-type-simple"},"yoast_head":"<!-- This site is optimized with the Yoast SEO plugin v22.7 - https:\/\/yoast.com\/wordpress\/plugins\/seo\/ -->\n<title>LITTMANN CLASSIC III - 5623 - karib mavisi - Medishop<\/title>\n<meta name=\"robots\" content=\"index, follow, max-snippet:-1, max-image-preview:large, max-video-preview:-1\" \/>\n<link rel=\"canonical\" href=\"https:\/\/medishop.az\/ru\/mehsul\/littmann-classic-iii-5623-karib-mavisi\/\" \/>\n<meta property=\"og:locale\" content=\"ru_RU\" \/>\n<meta property=\"og:type\" content=\"article\" \/>\n<meta property=\"og:title\" content=\"LITTMANN CLASSIC III - 5623 - karib mavisi - Medishop\" \/>\n<meta property=\"og:description\" content=\"3M\u2122 LITTMANN\u00ae CLASSIC III STETHOSCOPE \u2022 3M Kodu: 5623 \u2022 R\u0259ng: karib mavisi \u2022 Lenqht: 69 sm \u2022 Ba\u015f \u00d8: 43\/33 mm The 3M\u2122 Littmann\u00ae Classic III\u2122 Stethoscope \u00fcmumi fiziki\" \/>\n<meta property=\"og:url\" content=\"https:\/\/medishop.az\/ru\/mehsul\/littmann-classic-iii-5623-karib-mavisi\/\" \/>\n<meta property=\"og:site_name\" content=\"Medishop\" \/>\n<meta property=\"article:publisher\" content=\"https:\/\/www.facebook.com\/medishop.azerbaijan\" \/>\n<meta property=\"article:modified_time\" content=\"2023-03-31T09:47:51+00:00\" \/>\n<meta property=\"og:image\" content=\"https:\/\/storage.googleapis.com\/stateless-medishop-az\/2022\/12\/2382c114-littmann-classic-iii-5623-karib-mavisi.jpg\" \/>\n\t<meta property=\"og:image:width\" content=\"1000\" \/>\n\t<meta property=\"og:image:height\" content=\"1000\" \/>\n\t<meta property=\"og:image:type\" content=\"image\/jpeg\" \/>\n<meta name=\"twitter:card\" content=\"summary_large_image\" \/>\n<meta name=\"twitter:label1\" content=\"\u041f\u0440\u0438\u043c\u0435\u0440\u043d\u043e\u0435 \u0432\u0440\u0435\u043c\u044f \u0434\u043b\u044f \u0447\u0442\u0435\u043d\u0438\u044f\" \/>\n\t<meta name=\"twitter:data1\" content=\"1 \u043c\u0438\u043d\u0443\u0442\u0430\" \/>\n<script type=\"application\/ld+json\" class=\"yoast-schema-graph\">{\"@context\":\"https:\/\/schema.org\",\"@graph\":[{\"@type\":\"WebPage\",\"@id\":\"https:\/\/medishop.az\/mehsul\/littmann-classic-iii-5623-karib-mavisi\/\",\"url\":\"https:\/\/medishop.az\/mehsul\/littmann-classic-iii-5623-karib-mavisi\/\",\"name\":\"LITTMANN CLASSIC III - 5623 - karib mavisi - Medishop\",\"isPartOf\":{\"@id\":\"https:\/\/medishop.az\/#website\"},\"primaryImageOfPage\":{\"@id\":\"https:\/\/medishop.az\/mehsul\/littmann-classic-iii-5623-karib-mavisi\/#primaryimage\"},\"image\":{\"@id\":\"https:\/\/medishop.az\/mehsul\/littmann-classic-iii-5623-karib-mavisi\/#primaryimage\"},\"thumbnailUrl\":\"https:\/\/medishop.az\/wp-content\/uploads\/2022\/12\/2382c114-littmann-classic-iii-5623-karib-mavisi.jpg\",\"datePublished\":\"2022-12-16T19:31:57+00:00\",\"dateModified\":\"2023-03-31T09:47:51+00:00\",\"breadcrumb\":{\"@id\":\"https:\/\/medishop.az\/mehsul\/littmann-classic-iii-5623-karib-mavisi\/#breadcrumb\"},\"inLanguage\":\"ru-RU\",\"potentialAction\":[{\"@type\":\"ReadAction\",\"target\":[\"https:\/\/medishop.az\/mehsul\/littmann-classic-iii-5623-karib-mavisi\/\"]}]},{\"@type\":\"ImageObject\",\"inLanguage\":\"ru-RU\",\"@id\":\"https:\/\/medishop.az\/mehsul\/littmann-classic-iii-5623-karib-mavisi\/#primaryimage\",\"url\":\"https:\/\/medishop.az\/wp-content\/uploads\/2022\/12\/2382c114-littmann-classic-iii-5623-karib-mavisi.jpg\",\"contentUrl\":\"https:\/\/medishop.az\/wp-content\/uploads\/2022\/12\/2382c114-littmann-classic-iii-5623-karib-mavisi.jpg\",\"width\":1000,\"height\":1000},{\"@type\":\"BreadcrumbList\",\"@id\":\"https:\/\/medishop.az\/mehsul\/littmann-classic-iii-5623-karib-mavisi\/#breadcrumb\",\"itemListElement\":[{\"@type\":\"ListItem\",\"position\":1,\"name\":\"\u018fsas\",\"item\":\"https:\/\/medishop.az\/\"},{\"@type\":\"ListItem\",\"position\":2,\"name\":\"Ma\u011faza\",\"item\":\"https:\/\/medishop.az\/ru\/shop\/\"},{\"@type\":\"ListItem\",\"position\":3,\"name\":\"LITTMANN CLASSIC III &#8211; 5623 &#8211; karib mavisi\"}]},{\"@type\":\"WebSite\",\"@id\":\"https:\/\/medishop.az\/#website\",\"url\":\"https:\/\/medishop.az\/\",\"name\":\"Medishop\",\"description\":\"Onlayn tibbi ma\u011faza\",\"publisher\":{\"@id\":\"https:\/\/medishop.az\/#organization\"},\"potentialAction\":[{\"@type\":\"SearchAction\",\"target\":{\"@type\":\"EntryPoint\",\"urlTemplate\":\"https:\/\/medishop.az\/?s={search_term_string}\"},\"query-input\":\"required name=search_term_string\"}],\"inLanguage\":\"ru-RU\"},{\"@type\":\"Organization\",\"@id\":\"https:\/\/medishop.az\/#organization\",\"name\":\"Medishop\",\"url\":\"https:\/\/medishop.az\/\",\"logo\":{\"@type\":\"ImageObject\",\"inLanguage\":\"ru-RU\",\"@id\":\"https:\/\/medishop.az\/#\/schema\/logo\/image\/\",\"url\":\"https:\/\/storage.googleapis.com\/stateless-medishop-az\/2022\/12\/logo.png\",\"contentUrl\":\"https:\/\/storage.googleapis.com\/stateless-medishop-az\/2022\/12\/logo.png\",\"width\":300,\"height\":89,\"caption\":\"Medishop\"},\"image\":{\"@id\":\"https:\/\/medishop.az\/#\/schema\/logo\/image\/\"},\"sameAs\":[\"https:\/\/www.facebook.com\/medishop.azerbaijan\"]}]}<\/script>\n<!-- \/ Yoast SEO plugin. -->","yoast_head_json":{"title":"LITTMANN CLASSIC III - 5623 - karib mavisi - Medishop","robots":{"index":"index","follow":"follow","max-snippet":"max-snippet:-1","max-image-preview":"max-image-preview:large","max-video-preview":"max-video-preview:-1"},"canonical":"https:\/\/medishop.az\/ru\/mehsul\/littmann-classic-iii-5623-karib-mavisi\/","og_locale":"ru_RU","og_type":"article","og_title":"LITTMANN CLASSIC III - 5623 - karib mavisi - Medishop","og_description":"3M\u2122 LITTMANN\u00ae CLASSIC III STETHOSCOPE \u2022 3M Kodu: 5623 \u2022 R\u0259ng: karib mavisi \u2022 Lenqht: 69 sm \u2022 Ba\u015f \u00d8: 43\/33 mm The 3M\u2122 Littmann\u00ae Classic III\u2122 Stethoscope \u00fcmumi fiziki","og_url":"https:\/\/medishop.az\/ru\/mehsul\/littmann-classic-iii-5623-karib-mavisi\/","og_site_name":"Medishop","article_publisher":"https:\/\/www.facebook.com\/medishop.azerbaijan","article_modified_time":"2023-03-31T09:47:51+00:00","og_image":[{"width":1000,"height":1000,"url":"https:\/\/storage.googleapis.com\/stateless-medishop-az\/2022\/12\/2382c114-littmann-classic-iii-5623-karib-mavisi.jpg","type":"image\/jpeg"}],"twitter_card":"summary_large_image","twitter_misc":{"\u041f\u0440\u0438\u043c\u0435\u0440\u043d\u043e\u0435 \u0432\u0440\u0435\u043c\u044f \u0434\u043b\u044f \u0447\u0442\u0435\u043d\u0438\u044f":"1 \u043c\u0438\u043d\u0443\u0442\u0430"},"schema":{"@context":"https:\/\/schema.org","@graph":[{"@type":"WebPage","@id":"https:\/\/medishop.az\/mehsul\/littmann-classic-iii-5623-karib-mavisi\/","url":"https:\/\/medishop.az\/mehsul\/littmann-classic-iii-5623-karib-mavisi\/","name":"LITTMANN CLASSIC III - 5623 - karib mavisi - Medishop","isPartOf":{"@id":"https:\/\/medishop.az\/#website"},"primaryImageOfPage":{"@id":"https:\/\/medishop.az\/mehsul\/littmann-classic-iii-5623-karib-mavisi\/#primaryimage"},"image":{"@id":"https:\/\/medishop.az\/mehsul\/littmann-classic-iii-5623-karib-mavisi\/#primaryimage"},"thumbnailUrl":"https:\/\/medishop.az\/wp-content\/uploads\/2022\/12\/2382c114-littmann-classic-iii-5623-karib-mavisi.jpg","datePublished":"2022-12-16T19:31:57+00:00","dateModified":"2023-03-31T09:47:51+00:00","breadcrumb":{"@id":"https:\/\/medishop.az\/mehsul\/littmann-classic-iii-5623-karib-mavisi\/#breadcrumb"},"inLanguage":"ru-RU","potentialAction":[{"@type":"ReadAction","target":["https:\/\/medishop.az\/mehsul\/littmann-classic-iii-5623-karib-mavisi\/"]}]},{"@type":"ImageObject","inLanguage":"ru-RU","@id":"https:\/\/medishop.az\/mehsul\/littmann-classic-iii-5623-karib-mavisi\/#primaryimage","url":"https:\/\/medishop.az\/wp-content\/uploads\/2022\/12\/2382c114-littmann-classic-iii-5623-karib-mavisi.jpg","contentUrl":"https:\/\/medishop.az\/wp-content\/uploads\/2022\/12\/2382c114-littmann-classic-iii-5623-karib-mavisi.jpg","width":1000,"height":1000},{"@type":"BreadcrumbList","@id":"https:\/\/medishop.az\/mehsul\/littmann-classic-iii-5623-karib-mavisi\/#breadcrumb","itemListElement":[{"@type":"ListItem","position":1,"name":"\u018fsas","item":"https:\/\/medishop.az\/"},{"@type":"ListItem","position":2,"name":"Ma\u011faza","item":"https:\/\/medishop.az\/ru\/shop\/"},{"@type":"ListItem","position":3,"name":"LITTMANN CLASSIC III &#8211; 5623 &#8211; karib mavisi"}]},{"@type":"WebSite","@id":"https:\/\/medishop.az\/#website","url":"https:\/\/medishop.az\/","name":"Medishop","description":"Onlayn tibbi ma\u011faza","publisher":{"@id":"https:\/\/medishop.az\/#organization"},"potentialAction":[{"@type":"SearchAction","target":{"@type":"EntryPoint","urlTemplate":"https:\/\/medishop.az\/?s={search_term_string}"},"query-input":"required name=search_term_string"}],"inLanguage":"ru-RU"},{"@type":"Organization","@id":"https:\/\/medishop.az\/#organization","name":"Medishop","url":"https:\/\/medishop.az\/","logo":{"@type":"ImageObject","inLanguage":"ru-RU","@id":"https:\/\/medishop.az\/#\/schema\/logo\/image\/","url":"https:\/\/storage.googleapis.com\/stateless-medishop-az\/2022\/12\/logo.png","contentUrl":"https:\/\/storage.googleapis.com\/stateless-medishop-az\/2022\/12\/logo.png","width":300,"height":89,"caption":"Medishop"},"image":{"@id":"https:\/\/medishop.az\/#\/schema\/logo\/image\/"},"sameAs":["https:\/\/www.facebook.com\/medishop.azerbaijan"]}]}},"jetpack_sharing_enabled":true,"_links":{"self":[{"href":"https:\/\/medishop.az\/ru\/wp-json\/wp\/v2\/product\/3856","targetHints":{"allow":["GET"]}}],"collection":[{"href":"https:\/\/medishop.az\/ru\/wp-json\/wp\/v2\/product"}],"about":[{"href":"https:\/\/medishop.az\/ru\/wp-json\/wp\/v2\/types\/product"}],"wp:featuredmedia":[{"embeddable":true,"href":"https:\/\/medishop.az\/ru\/wp-json\/wp\/v2\/media\/3857"}],"wp:attachment":[{"href":"https:\/\/medishop.az\/ru\/wp-json\/wp\/v2\/media?parent=3856"}],"wp:term":[{"taxonomy":"product_cat","embeddable":true,"href":"https:\/\/medishop.az\/ru\/wp-json\/wp\/v2\/product_cat?post=3856"},{"taxonomy":"product_tag","embeddable":true,"href":"https:\/\/medishop.az\/ru\/wp-json\/wp\/v2\/product_tag?post=3856"}],"curies":[{"name":"wp","href":"https:\/\/api.w.org\/{rel}","templated":true}]}}