{"id":3817,"date":"2022-12-16T22:42:57","date_gmt":"2022-12-16T18:42:57","guid":{"rendered":"https:\/\/medishop.az\/?post_type=product&#038;p=3817"},"modified":"2024-08-21T16:40:42","modified_gmt":"2024-08-21T12:40:42","slug":"littmann-klassik-ii-korp%c9%99-2157-goy-qursagi-r%c9%99ngi","status":"publish","type":"product","link":"https:\/\/medishop.az\/ru\/mehsul\/littmann-klassik-ii-korp%c9%99-2157-goy-qursagi-r%c9%99ngi\/","title":{"rendered":"LITTMANN &#8220;KLASS\u0130K II K\u00f6rp\u0259&#8221; &#8211; 2157 &#8211; g\u00f6y qur\u015fa\u011f\u0131 r\u0259ngi"},"content":{"rendered":"<p>3M LITTMANN\u00ae CLASSIC II STETHOSCOPE &#8211; INFANT<\/p>\n<p>\u2022 3M Kodu: 2157<br \/>\n\u2022 R\u0259ng: g\u00f6y qur\u015fa\u011f\u0131 fini\u015f<br \/>\nil\u0259 raspberry\u2022 Lenght: 71 sm<br \/>\n\u2022 Ba\u015f \u00d8: 27\/19 mm\u2122<\/p>","protected":false},"excerpt":{"rendered":"<p>3M LITTMANN\u00ae CLASSIC II STETHOSCOPE &#8211; INFANT \u2022 3M Kodu: 2157 \u2022 R\u0259ng: g\u00f6y qur\u015fa\u011f\u0131 fini\u015f il\u0259 raspberry\u2022 Lenght: 71 sm \u2022 Ba\u015f \u00d8: 27\/19 mm\u2122<\/p>","protected":false},"featured_media":3819,"template":"","meta":[],"product_cat":[126,423],"product_tag":[424,426,425,164],"class_list":{"0":"post-3817","1":"product","2":"type-product","3":"status-publish","4":"has-post-thumbnail","6":"product_brand-littmann","7":"product_cat-tibbi-cihazlar","8":"product_cat-stetoskoplar","9":"product_tag-littmann","10":"product_tag-stetoskop","11":"product_tag-stetoskoplar","12":"product_tag-tibbi-cihazlar","14":"first","15":"instock","16":"shipping-taxable","17":"purchasable","18":"product-type-simple"},"yoast_head":"<!-- This site is optimized with the Yoast SEO plugin v22.7 - https:\/\/yoast.com\/wordpress\/plugins\/seo\/ -->\n<title>LITTMANN &quot;KLASS\u0130K II K\u00f6rp\u0259&quot; - 2157 - g\u00f6y qur\u015fa\u011f\u0131 r\u0259ngi - Medishop<\/title>\n<meta name=\"robots\" content=\"index, follow, max-snippet:-1, max-image-preview:large, max-video-preview:-1\" \/>\n<link rel=\"canonical\" href=\"https:\/\/medishop.az\/ru\/mehsul\/littmann-klassik-ii-korp\u0259-2157-goy-qursagi-r\u0259ngi\/\" \/>\n<meta property=\"og:locale\" content=\"ru_RU\" \/>\n<meta property=\"og:type\" content=\"article\" \/>\n<meta property=\"og:title\" content=\"LITTMANN &quot;KLASS\u0130K II K\u00f6rp\u0259&quot; - 2157 - g\u00f6y qur\u015fa\u011f\u0131 r\u0259ngi - Medishop\" \/>\n<meta property=\"og:description\" content=\"3M LITTMANN\u00ae CLASSIC II STETHOSCOPE &#8211; INFANT \u2022 3M Kodu: 2157 \u2022 R\u0259ng: g\u00f6y qur\u015fa\u011f\u0131 fini\u015f il\u0259 raspberry\u2022 Lenght: 71 sm \u2022 Ba\u015f \u00d8: 27\/19 mm\u2122\" \/>\n<meta property=\"og:url\" content=\"https:\/\/medishop.az\/ru\/mehsul\/littmann-klassik-ii-korp\u0259-2157-goy-qursagi-r\u0259ngi\/\" \/>\n<meta property=\"og:site_name\" content=\"Medishop\" \/>\n<meta property=\"article:publisher\" content=\"https:\/\/www.facebook.com\/medishop.azerbaijan\" \/>\n<meta property=\"article:modified_time\" content=\"2024-08-21T12:40:42+00:00\" \/>\n<meta property=\"og:image\" content=\"https:\/\/medishop.az\/wp-content\/uploads\/2022\/12\/ecc0c603-littmann-klassik-ii-korp\u0259-2157-goy-qursagi-r\u0259ngi.jpg\" \/>\n\t<meta property=\"og:image:width\" content=\"1000\" \/>\n\t<meta property=\"og:image:height\" content=\"1000\" \/>\n\t<meta property=\"og:image:type\" content=\"image\/jpeg\" \/>\n<meta name=\"twitter:card\" content=\"summary_large_image\" \/>\n<meta name=\"twitter:label1\" content=\"\u041f\u0440\u0438\u043c\u0435\u0440\u043d\u043e\u0435 \u0432\u0440\u0435\u043c\u044f \u0434\u043b\u044f \u0447\u0442\u0435\u043d\u0438\u044f\" \/>\n\t<meta name=\"twitter:data1\" content=\"1 \u043c\u0438\u043d\u0443\u0442\u0430\" \/>\n<script type=\"application\/ld+json\" class=\"yoast-schema-graph\">{\"@context\":\"https:\/\/schema.org\",\"@graph\":[{\"@type\":\"WebPage\",\"@id\":\"https:\/\/medishop.az\/mehsul\/littmann-klassik-ii-korp%c9%99-2157-goy-qursagi-r%c9%99ngi\/\",\"url\":\"https:\/\/medishop.az\/mehsul\/littmann-klassik-ii-korp%c9%99-2157-goy-qursagi-r%c9%99ngi\/\",\"name\":\"LITTMANN \\\"KLASS\u0130K II K\u00f6rp\u0259\\\" - 2157 - g\u00f6y qur\u015fa\u011f\u0131 r\u0259ngi - Medishop\",\"isPartOf\":{\"@id\":\"https:\/\/medishop.az\/#website\"},\"primaryImageOfPage\":{\"@id\":\"https:\/\/medishop.az\/mehsul\/littmann-klassik-ii-korp%c9%99-2157-goy-qursagi-r%c9%99ngi\/#primaryimage\"},\"image\":{\"@id\":\"https:\/\/medishop.az\/mehsul\/littmann-klassik-ii-korp%c9%99-2157-goy-qursagi-r%c9%99ngi\/#primaryimage\"},\"thumbnailUrl\":\"https:\/\/medishop.az\/wp-content\/uploads\/2022\/12\/ecc0c603-littmann-klassik-ii-korp\u0259-2157-goy-qursagi-r\u0259ngi.jpg\",\"datePublished\":\"2022-12-16T18:42:57+00:00\",\"dateModified\":\"2024-08-21T12:40:42+00:00\",\"breadcrumb\":{\"@id\":\"https:\/\/medishop.az\/mehsul\/littmann-klassik-ii-korp%c9%99-2157-goy-qursagi-r%c9%99ngi\/#breadcrumb\"},\"inLanguage\":\"ru-RU\",\"potentialAction\":[{\"@type\":\"ReadAction\",\"target\":[\"https:\/\/medishop.az\/mehsul\/littmann-klassik-ii-korp%c9%99-2157-goy-qursagi-r%c9%99ngi\/\"]}]},{\"@type\":\"ImageObject\",\"inLanguage\":\"ru-RU\",\"@id\":\"https:\/\/medishop.az\/mehsul\/littmann-klassik-ii-korp%c9%99-2157-goy-qursagi-r%c9%99ngi\/#primaryimage\",\"url\":\"https:\/\/medishop.az\/wp-content\/uploads\/2022\/12\/ecc0c603-littmann-klassik-ii-korp\u0259-2157-goy-qursagi-r\u0259ngi.jpg\",\"contentUrl\":\"https:\/\/medishop.az\/wp-content\/uploads\/2022\/12\/ecc0c603-littmann-klassik-ii-korp\u0259-2157-goy-qursagi-r\u0259ngi.jpg\",\"width\":1000,\"height\":1000},{\"@type\":\"BreadcrumbList\",\"@id\":\"https:\/\/medishop.az\/mehsul\/littmann-klassik-ii-korp%c9%99-2157-goy-qursagi-r%c9%99ngi\/#breadcrumb\",\"itemListElement\":[{\"@type\":\"ListItem\",\"position\":1,\"name\":\"\u018fsas\",\"item\":\"https:\/\/medishop.az\/\"},{\"@type\":\"ListItem\",\"position\":2,\"name\":\"Ma\u011faza\",\"item\":\"https:\/\/medishop.az\/ru\/shop\/\"},{\"@type\":\"ListItem\",\"position\":3,\"name\":\"LITTMANN &#8220;KLASS\u0130K II K\u00f6rp\u0259&#8221; &#8211; 2157 &#8211; g\u00f6y qur\u015fa\u011f\u0131 r\u0259ngi\"}]},{\"@type\":\"WebSite\",\"@id\":\"https:\/\/medishop.az\/#website\",\"url\":\"https:\/\/medishop.az\/\",\"name\":\"Medishop\",\"description\":\"Onlayn tibbi ma\u011faza\",\"publisher\":{\"@id\":\"https:\/\/medishop.az\/#organization\"},\"potentialAction\":[{\"@type\":\"SearchAction\",\"target\":{\"@type\":\"EntryPoint\",\"urlTemplate\":\"https:\/\/medishop.az\/?s={search_term_string}\"},\"query-input\":\"required name=search_term_string\"}],\"inLanguage\":\"ru-RU\"},{\"@type\":\"Organization\",\"@id\":\"https:\/\/medishop.az\/#organization\",\"name\":\"Medishop\",\"url\":\"https:\/\/medishop.az\/\",\"logo\":{\"@type\":\"ImageObject\",\"inLanguage\":\"ru-RU\",\"@id\":\"https:\/\/medishop.az\/#\/schema\/logo\/image\/\",\"url\":\"https:\/\/storage.googleapis.com\/stateless-medishop-az\/2022\/12\/logo.png\",\"contentUrl\":\"https:\/\/storage.googleapis.com\/stateless-medishop-az\/2022\/12\/logo.png\",\"width\":300,\"height\":89,\"caption\":\"Medishop\"},\"image\":{\"@id\":\"https:\/\/medishop.az\/#\/schema\/logo\/image\/\"},\"sameAs\":[\"https:\/\/www.facebook.com\/medishop.azerbaijan\"]}]}<\/script>\n<!-- \/ Yoast SEO plugin. -->","yoast_head_json":{"title":"LITTMANN \"KLASS\u0130K II K\u00f6rp\u0259\" - 2157 - g\u00f6y qur\u015fa\u011f\u0131 r\u0259ngi - Medishop","robots":{"index":"index","follow":"follow","max-snippet":"max-snippet:-1","max-image-preview":"max-image-preview:large","max-video-preview":"max-video-preview:-1"},"canonical":"https:\/\/medishop.az\/ru\/mehsul\/littmann-klassik-ii-korp\u0259-2157-goy-qursagi-r\u0259ngi\/","og_locale":"ru_RU","og_type":"article","og_title":"LITTMANN \"KLASS\u0130K II K\u00f6rp\u0259\" - 2157 - g\u00f6y qur\u015fa\u011f\u0131 r\u0259ngi - Medishop","og_description":"3M LITTMANN\u00ae CLASSIC II STETHOSCOPE &#8211; INFANT \u2022 3M Kodu: 2157 \u2022 R\u0259ng: g\u00f6y qur\u015fa\u011f\u0131 fini\u015f il\u0259 raspberry\u2022 Lenght: 71 sm \u2022 Ba\u015f \u00d8: 27\/19 mm\u2122","og_url":"https:\/\/medishop.az\/ru\/mehsul\/littmann-klassik-ii-korp\u0259-2157-goy-qursagi-r\u0259ngi\/","og_site_name":"Medishop","article_publisher":"https:\/\/www.facebook.com\/medishop.azerbaijan","article_modified_time":"2024-08-21T12:40:42+00:00","og_image":[{"width":1000,"height":1000,"url":"https:\/\/medishop.az\/wp-content\/uploads\/2022\/12\/ecc0c603-littmann-klassik-ii-korp\u0259-2157-goy-qursagi-r\u0259ngi.jpg","type":"image\/jpeg"}],"twitter_card":"summary_large_image","twitter_misc":{"\u041f\u0440\u0438\u043c\u0435\u0440\u043d\u043e\u0435 \u0432\u0440\u0435\u043c\u044f \u0434\u043b\u044f \u0447\u0442\u0435\u043d\u0438\u044f":"1 \u043c\u0438\u043d\u0443\u0442\u0430"},"schema":{"@context":"https:\/\/schema.org","@graph":[{"@type":"WebPage","@id":"https:\/\/medishop.az\/mehsul\/littmann-klassik-ii-korp%c9%99-2157-goy-qursagi-r%c9%99ngi\/","url":"https:\/\/medishop.az\/mehsul\/littmann-klassik-ii-korp%c9%99-2157-goy-qursagi-r%c9%99ngi\/","name":"LITTMANN \"KLASS\u0130K II K\u00f6rp\u0259\" - 2157 - g\u00f6y qur\u015fa\u011f\u0131 r\u0259ngi - Medishop","isPartOf":{"@id":"https:\/\/medishop.az\/#website"},"primaryImageOfPage":{"@id":"https:\/\/medishop.az\/mehsul\/littmann-klassik-ii-korp%c9%99-2157-goy-qursagi-r%c9%99ngi\/#primaryimage"},"image":{"@id":"https:\/\/medishop.az\/mehsul\/littmann-klassik-ii-korp%c9%99-2157-goy-qursagi-r%c9%99ngi\/#primaryimage"},"thumbnailUrl":"https:\/\/medishop.az\/wp-content\/uploads\/2022\/12\/ecc0c603-littmann-klassik-ii-korp\u0259-2157-goy-qursagi-r\u0259ngi.jpg","datePublished":"2022-12-16T18:42:57+00:00","dateModified":"2024-08-21T12:40:42+00:00","breadcrumb":{"@id":"https:\/\/medishop.az\/mehsul\/littmann-klassik-ii-korp%c9%99-2157-goy-qursagi-r%c9%99ngi\/#breadcrumb"},"inLanguage":"ru-RU","potentialAction":[{"@type":"ReadAction","target":["https:\/\/medishop.az\/mehsul\/littmann-klassik-ii-korp%c9%99-2157-goy-qursagi-r%c9%99ngi\/"]}]},{"@type":"ImageObject","inLanguage":"ru-RU","@id":"https:\/\/medishop.az\/mehsul\/littmann-klassik-ii-korp%c9%99-2157-goy-qursagi-r%c9%99ngi\/#primaryimage","url":"https:\/\/medishop.az\/wp-content\/uploads\/2022\/12\/ecc0c603-littmann-klassik-ii-korp\u0259-2157-goy-qursagi-r\u0259ngi.jpg","contentUrl":"https:\/\/medishop.az\/wp-content\/uploads\/2022\/12\/ecc0c603-littmann-klassik-ii-korp\u0259-2157-goy-qursagi-r\u0259ngi.jpg","width":1000,"height":1000},{"@type":"BreadcrumbList","@id":"https:\/\/medishop.az\/mehsul\/littmann-klassik-ii-korp%c9%99-2157-goy-qursagi-r%c9%99ngi\/#breadcrumb","itemListElement":[{"@type":"ListItem","position":1,"name":"\u018fsas","item":"https:\/\/medishop.az\/"},{"@type":"ListItem","position":2,"name":"Ma\u011faza","item":"https:\/\/medishop.az\/ru\/shop\/"},{"@type":"ListItem","position":3,"name":"LITTMANN &#8220;KLASS\u0130K II K\u00f6rp\u0259&#8221; &#8211; 2157 &#8211; g\u00f6y qur\u015fa\u011f\u0131 r\u0259ngi"}]},{"@type":"WebSite","@id":"https:\/\/medishop.az\/#website","url":"https:\/\/medishop.az\/","name":"Medishop","description":"Onlayn tibbi ma\u011faza","publisher":{"@id":"https:\/\/medishop.az\/#organization"},"potentialAction":[{"@type":"SearchAction","target":{"@type":"EntryPoint","urlTemplate":"https:\/\/medishop.az\/?s={search_term_string}"},"query-input":"required name=search_term_string"}],"inLanguage":"ru-RU"},{"@type":"Organization","@id":"https:\/\/medishop.az\/#organization","name":"Medishop","url":"https:\/\/medishop.az\/","logo":{"@type":"ImageObject","inLanguage":"ru-RU","@id":"https:\/\/medishop.az\/#\/schema\/logo\/image\/","url":"https:\/\/storage.googleapis.com\/stateless-medishop-az\/2022\/12\/logo.png","contentUrl":"https:\/\/storage.googleapis.com\/stateless-medishop-az\/2022\/12\/logo.png","width":300,"height":89,"caption":"Medishop"},"image":{"@id":"https:\/\/medishop.az\/#\/schema\/logo\/image\/"},"sameAs":["https:\/\/www.facebook.com\/medishop.azerbaijan"]}]}},"jetpack_sharing_enabled":true,"_links":{"self":[{"href":"https:\/\/medishop.az\/ru\/wp-json\/wp\/v2\/product\/3817","targetHints":{"allow":["GET"]}}],"collection":[{"href":"https:\/\/medishop.az\/ru\/wp-json\/wp\/v2\/product"}],"about":[{"href":"https:\/\/medishop.az\/ru\/wp-json\/wp\/v2\/types\/product"}],"wp:featuredmedia":[{"embeddable":true,"href":"https:\/\/medishop.az\/ru\/wp-json\/wp\/v2\/media\/3819"}],"wp:attachment":[{"href":"https:\/\/medishop.az\/ru\/wp-json\/wp\/v2\/media?parent=3817"}],"wp:term":[{"taxonomy":"product_cat","embeddable":true,"href":"https:\/\/medishop.az\/ru\/wp-json\/wp\/v2\/product_cat?post=3817"},{"taxonomy":"product_tag","embeddable":true,"href":"https:\/\/medishop.az\/ru\/wp-json\/wp\/v2\/product_tag?post=3817"}],"curies":[{"name":"wp","href":"https:\/\/api.w.org\/{rel}","templated":true}]}}