{"id":3731,"date":"2022-12-16T17:59:21","date_gmt":"2022-12-16T13:59:21","guid":{"rendered":"https:\/\/medishop.az\/?post_type=product&#038;p=3731"},"modified":"2022-12-16T17:59:22","modified_gmt":"2022-12-16T13:59:22","slug":"visio-2000-f-o-xenon-oftalmoskop-35-v","status":"publish","type":"product","link":"https:\/\/medishop.az\/ru\/mehsul\/visio-2000-f-o-xenon-oftalmoskop-35-v\/","title":{"rendered":"VISIO 2000 F.O.XENON OFTALMOSKOP &#8211; 3,5 V"},"content":{"rendered":"<p>Fiber optik i\u015f\u0131qland\u0131rma sistemi il\u0259 professional diaqnostik setl\u0259r, Ksenon halogen i\u015f\u0131q 3.5 V, i\u015f\u0131q intensivliyini d\u00fcz\u0259ltm\u0259k \u00fc\u00e7\u00fcn revostat. Yenid\u0259n \u015farj edil\u0259 bil\u0259n Li-ion batareyalar\u0131 il\u0259 t\u0259chiz edilmi\u015fdir. B\u00fct\u00fcn m\u0259hsullar z\u0259rb\u0259y\u0259 davaml\u0131 yenid\u0259n inforced plastik v\u0259 x\u0259st\u0259xanada uzun m\u00fcdd\u0259tli istifad\u0259 \u00fc\u00e7\u00fcn davaml\u0131 asan kilidl\u0259m\u0259 sistemi haz\u0131rlan\u0131r. 31542 v\u0259<br \/>\nLi-ion rechargeable batareya (31541) il\u0259 t\u0259chiz edilm\u0259lidir.<\/p>\n<p>F.O. Ksenon oftalmoscope set 3.5V<br \/>\n&#8211; F.O. ofhthalmoscope ba\u015f<br \/>\n&#8211; Batareya \u0259l il\u0259 bayonet kilidl\u0259<br \/>\n&#8211; S\u0259rt bir halda<\/p>","protected":false},"excerpt":{"rendered":"<table border=\"0\" width=\"100%\" cellspacing=\"0\" cellpadding=\"0\">\n<tbody>\n<tr>\n<td class=\"menu\" bgcolor=\"#fff9ad\"><span class=\"sezione\">\u0422\u0435\u0445\u043d\u0438\u0447\u0435\u0441\u043a\u0438\u0435 \u0445\u0430\u0440\u0430\u043a\u0442\u0435\u0440\u0438\u0441\u0442\u0438\u043a\u0438<\/span><\/td>\n<\/tr>\n<tr>\n<td class=\"menu\" bgcolor=\"#fff9ad\">Ksenon oftalmoscope<br \/>\n\u2022 6 apertures to select from:<br \/>\n&#8211; Micro spot aperture- Ki\u00e7ik aperture<br \/>\n&#8211; B\u00f6y\u00fck apertur<\/p>\n<p>&#8211; Fixation aperture<br \/>\n&#8211; Slit<br \/>\n&#8211; Q\u0131rm\u0131z\u0131-free filter<br \/>\n\u2022 Enhanced Xenon super parlaq i\u015f\u0131q<br \/>\n\u2022 Duru asan kilidl\u0259m\u0259 sistemi<br \/>\n\u2022 Rheostat<\/td>\n<\/tr>\n<\/tbody>\n<\/table>","protected":false},"featured_media":3732,"template":"","meta":[],"product_cat":[15],"product_tag":[325],"class_list":{"0":"post-3731","1":"product","2":"type-product","3":"status-publish","4":"has-post-thumbnail","6":"product_brand-gima","7":"product_cat-diger","8":"product_tag-oftalmoskop","10":"first","11":"instock","12":"shipping-taxable","13":"purchasable","14":"product-type-simple"},"yoast_head":"<!-- This site is optimized with the Yoast SEO plugin v22.7 - https:\/\/yoast.com\/wordpress\/plugins\/seo\/ -->\n<title>VISIO 2000 F.O.XENON OFTALMOSKOP - 3,5 V - Medishop<\/title>\n<meta name=\"robots\" content=\"index, follow, max-snippet:-1, max-image-preview:large, max-video-preview:-1\" \/>\n<link rel=\"canonical\" href=\"https:\/\/medishop.az\/ru\/mehsul\/visio-2000-f-o-xenon-oftalmoskop-35-v\/\" \/>\n<meta property=\"og:locale\" content=\"ru_RU\" \/>\n<meta property=\"og:type\" content=\"article\" \/>\n<meta property=\"og:title\" content=\"VISIO 2000 F.O.XENON OFTALMOSKOP - 3,5 V - Medishop\" \/>\n<meta property=\"og:description\" content=\"Texniki Spesifikasiyalar   Ksenon oftalmoscope \u2022 6 apertures to select from: - Micro spot aperture- Ki\u00e7ik aperture - B\u00f6y\u00fck apertur  - Fixation aperture - Slit - Q\u0131rm\u0131z\u0131-free filter \u2022 Enhanced Xenon super parlaq i\u015f\u0131q \u2022 Duru asan kilidl\u0259m\u0259 sistemi \u2022 Rheostat\" \/>\n<meta property=\"og:url\" content=\"https:\/\/medishop.az\/ru\/mehsul\/visio-2000-f-o-xenon-oftalmoskop-35-v\/\" \/>\n<meta property=\"og:site_name\" content=\"Medishop\" \/>\n<meta property=\"article:publisher\" content=\"https:\/\/www.facebook.com\/medishop.azerbaijan\" \/>\n<meta property=\"article:modified_time\" content=\"2022-12-16T13:59:22+00:00\" \/>\n<meta property=\"og:image\" content=\"https:\/\/storage.googleapis.com\/stateless-medishop-az\/2022\/12\/79b5039e-visio-2000-f.o.xenon-oftalmoskop-35-v.jpg\" \/>\n\t<meta property=\"og:image:width\" content=\"1000\" \/>\n\t<meta property=\"og:image:height\" content=\"1000\" \/>\n\t<meta property=\"og:image:type\" content=\"image\/jpeg\" \/>\n<meta name=\"twitter:card\" content=\"summary_large_image\" \/>\n<meta name=\"twitter:label1\" content=\"\u041f\u0440\u0438\u043c\u0435\u0440\u043d\u043e\u0435 \u0432\u0440\u0435\u043c\u044f \u0434\u043b\u044f \u0447\u0442\u0435\u043d\u0438\u044f\" \/>\n\t<meta name=\"twitter:data1\" content=\"1 \u043c\u0438\u043d\u0443\u0442\u0430\" \/>\n<script type=\"application\/ld+json\" class=\"yoast-schema-graph\">{\"@context\":\"https:\/\/schema.org\",\"@graph\":[{\"@type\":\"WebPage\",\"@id\":\"https:\/\/medishop.az\/mehsul\/visio-2000-f-o-xenon-oftalmoskop-35-v\/\",\"url\":\"https:\/\/medishop.az\/mehsul\/visio-2000-f-o-xenon-oftalmoskop-35-v\/\",\"name\":\"VISIO 2000 F.O.XENON OFTALMOSKOP - 3,5 V - Medishop\",\"isPartOf\":{\"@id\":\"https:\/\/medishop.az\/#website\"},\"primaryImageOfPage\":{\"@id\":\"https:\/\/medishop.az\/mehsul\/visio-2000-f-o-xenon-oftalmoskop-35-v\/#primaryimage\"},\"image\":{\"@id\":\"https:\/\/medishop.az\/mehsul\/visio-2000-f-o-xenon-oftalmoskop-35-v\/#primaryimage\"},\"thumbnailUrl\":\"https:\/\/medishop.az\/wp-content\/uploads\/2022\/12\/79b5039e-visio-2000-f.o.xenon-oftalmoskop-35-v.jpg\",\"datePublished\":\"2022-12-16T13:59:21+00:00\",\"dateModified\":\"2022-12-16T13:59:22+00:00\",\"breadcrumb\":{\"@id\":\"https:\/\/medishop.az\/mehsul\/visio-2000-f-o-xenon-oftalmoskop-35-v\/#breadcrumb\"},\"inLanguage\":\"ru-RU\",\"potentialAction\":[{\"@type\":\"ReadAction\",\"target\":[\"https:\/\/medishop.az\/mehsul\/visio-2000-f-o-xenon-oftalmoskop-35-v\/\"]}]},{\"@type\":\"ImageObject\",\"inLanguage\":\"ru-RU\",\"@id\":\"https:\/\/medishop.az\/mehsul\/visio-2000-f-o-xenon-oftalmoskop-35-v\/#primaryimage\",\"url\":\"https:\/\/medishop.az\/wp-content\/uploads\/2022\/12\/79b5039e-visio-2000-f.o.xenon-oftalmoskop-35-v.jpg\",\"contentUrl\":\"https:\/\/medishop.az\/wp-content\/uploads\/2022\/12\/79b5039e-visio-2000-f.o.xenon-oftalmoskop-35-v.jpg\",\"width\":1000,\"height\":1000},{\"@type\":\"BreadcrumbList\",\"@id\":\"https:\/\/medishop.az\/mehsul\/visio-2000-f-o-xenon-oftalmoskop-35-v\/#breadcrumb\",\"itemListElement\":[{\"@type\":\"ListItem\",\"position\":1,\"name\":\"\u018fsas\",\"item\":\"https:\/\/medishop.az\/\"},{\"@type\":\"ListItem\",\"position\":2,\"name\":\"Ma\u011faza\",\"item\":\"https:\/\/medishop.az\/ru\/shop\/\"},{\"@type\":\"ListItem\",\"position\":3,\"name\":\"VISIO 2000 F.O.XENON OFTALMOSKOP &#8211; 3,5 V\"}]},{\"@type\":\"WebSite\",\"@id\":\"https:\/\/medishop.az\/#website\",\"url\":\"https:\/\/medishop.az\/\",\"name\":\"Medishop\",\"description\":\"Onlayn tibbi ma\u011faza\",\"publisher\":{\"@id\":\"https:\/\/medishop.az\/#organization\"},\"potentialAction\":[{\"@type\":\"SearchAction\",\"target\":{\"@type\":\"EntryPoint\",\"urlTemplate\":\"https:\/\/medishop.az\/?s={search_term_string}\"},\"query-input\":\"required name=search_term_string\"}],\"inLanguage\":\"ru-RU\"},{\"@type\":\"Organization\",\"@id\":\"https:\/\/medishop.az\/#organization\",\"name\":\"Medishop\",\"url\":\"https:\/\/medishop.az\/\",\"logo\":{\"@type\":\"ImageObject\",\"inLanguage\":\"ru-RU\",\"@id\":\"https:\/\/medishop.az\/#\/schema\/logo\/image\/\",\"url\":\"https:\/\/storage.googleapis.com\/stateless-medishop-az\/2022\/12\/logo.png\",\"contentUrl\":\"https:\/\/storage.googleapis.com\/stateless-medishop-az\/2022\/12\/logo.png\",\"width\":300,\"height\":89,\"caption\":\"Medishop\"},\"image\":{\"@id\":\"https:\/\/medishop.az\/#\/schema\/logo\/image\/\"},\"sameAs\":[\"https:\/\/www.facebook.com\/medishop.azerbaijan\"]}]}<\/script>\n<!-- \/ Yoast SEO plugin. -->","yoast_head_json":{"title":"VISIO 2000 F.O.XENON OFTALMOSKOP - 3,5 V - Medishop","robots":{"index":"index","follow":"follow","max-snippet":"max-snippet:-1","max-image-preview":"max-image-preview:large","max-video-preview":"max-video-preview:-1"},"canonical":"https:\/\/medishop.az\/ru\/mehsul\/visio-2000-f-o-xenon-oftalmoskop-35-v\/","og_locale":"ru_RU","og_type":"article","og_title":"VISIO 2000 F.O.XENON OFTALMOSKOP - 3,5 V - Medishop","og_description":"Texniki Spesifikasiyalar   Ksenon oftalmoscope \u2022 6 apertures to select from: - Micro spot aperture- Ki\u00e7ik aperture - B\u00f6y\u00fck apertur  - Fixation aperture - Slit - Q\u0131rm\u0131z\u0131-free filter \u2022 Enhanced Xenon super parlaq i\u015f\u0131q \u2022 Duru asan kilidl\u0259m\u0259 sistemi \u2022 Rheostat","og_url":"https:\/\/medishop.az\/ru\/mehsul\/visio-2000-f-o-xenon-oftalmoskop-35-v\/","og_site_name":"Medishop","article_publisher":"https:\/\/www.facebook.com\/medishop.azerbaijan","article_modified_time":"2022-12-16T13:59:22+00:00","og_image":[{"width":1000,"height":1000,"url":"https:\/\/storage.googleapis.com\/stateless-medishop-az\/2022\/12\/79b5039e-visio-2000-f.o.xenon-oftalmoskop-35-v.jpg","type":"image\/jpeg"}],"twitter_card":"summary_large_image","twitter_misc":{"\u041f\u0440\u0438\u043c\u0435\u0440\u043d\u043e\u0435 \u0432\u0440\u0435\u043c\u044f \u0434\u043b\u044f \u0447\u0442\u0435\u043d\u0438\u044f":"1 \u043c\u0438\u043d\u0443\u0442\u0430"},"schema":{"@context":"https:\/\/schema.org","@graph":[{"@type":"WebPage","@id":"https:\/\/medishop.az\/mehsul\/visio-2000-f-o-xenon-oftalmoskop-35-v\/","url":"https:\/\/medishop.az\/mehsul\/visio-2000-f-o-xenon-oftalmoskop-35-v\/","name":"VISIO 2000 F.O.XENON OFTALMOSKOP - 3,5 V - Medishop","isPartOf":{"@id":"https:\/\/medishop.az\/#website"},"primaryImageOfPage":{"@id":"https:\/\/medishop.az\/mehsul\/visio-2000-f-o-xenon-oftalmoskop-35-v\/#primaryimage"},"image":{"@id":"https:\/\/medishop.az\/mehsul\/visio-2000-f-o-xenon-oftalmoskop-35-v\/#primaryimage"},"thumbnailUrl":"https:\/\/medishop.az\/wp-content\/uploads\/2022\/12\/79b5039e-visio-2000-f.o.xenon-oftalmoskop-35-v.jpg","datePublished":"2022-12-16T13:59:21+00:00","dateModified":"2022-12-16T13:59:22+00:00","breadcrumb":{"@id":"https:\/\/medishop.az\/mehsul\/visio-2000-f-o-xenon-oftalmoskop-35-v\/#breadcrumb"},"inLanguage":"ru-RU","potentialAction":[{"@type":"ReadAction","target":["https:\/\/medishop.az\/mehsul\/visio-2000-f-o-xenon-oftalmoskop-35-v\/"]}]},{"@type":"ImageObject","inLanguage":"ru-RU","@id":"https:\/\/medishop.az\/mehsul\/visio-2000-f-o-xenon-oftalmoskop-35-v\/#primaryimage","url":"https:\/\/medishop.az\/wp-content\/uploads\/2022\/12\/79b5039e-visio-2000-f.o.xenon-oftalmoskop-35-v.jpg","contentUrl":"https:\/\/medishop.az\/wp-content\/uploads\/2022\/12\/79b5039e-visio-2000-f.o.xenon-oftalmoskop-35-v.jpg","width":1000,"height":1000},{"@type":"BreadcrumbList","@id":"https:\/\/medishop.az\/mehsul\/visio-2000-f-o-xenon-oftalmoskop-35-v\/#breadcrumb","itemListElement":[{"@type":"ListItem","position":1,"name":"\u018fsas","item":"https:\/\/medishop.az\/"},{"@type":"ListItem","position":2,"name":"Ma\u011faza","item":"https:\/\/medishop.az\/ru\/shop\/"},{"@type":"ListItem","position":3,"name":"VISIO 2000 F.O.XENON OFTALMOSKOP &#8211; 3,5 V"}]},{"@type":"WebSite","@id":"https:\/\/medishop.az\/#website","url":"https:\/\/medishop.az\/","name":"Medishop","description":"Onlayn tibbi ma\u011faza","publisher":{"@id":"https:\/\/medishop.az\/#organization"},"potentialAction":[{"@type":"SearchAction","target":{"@type":"EntryPoint","urlTemplate":"https:\/\/medishop.az\/?s={search_term_string}"},"query-input":"required name=search_term_string"}],"inLanguage":"ru-RU"},{"@type":"Organization","@id":"https:\/\/medishop.az\/#organization","name":"Medishop","url":"https:\/\/medishop.az\/","logo":{"@type":"ImageObject","inLanguage":"ru-RU","@id":"https:\/\/medishop.az\/#\/schema\/logo\/image\/","url":"https:\/\/storage.googleapis.com\/stateless-medishop-az\/2022\/12\/logo.png","contentUrl":"https:\/\/storage.googleapis.com\/stateless-medishop-az\/2022\/12\/logo.png","width":300,"height":89,"caption":"Medishop"},"image":{"@id":"https:\/\/medishop.az\/#\/schema\/logo\/image\/"},"sameAs":["https:\/\/www.facebook.com\/medishop.azerbaijan"]}]}},"jetpack_sharing_enabled":true,"_links":{"self":[{"href":"https:\/\/medishop.az\/ru\/wp-json\/wp\/v2\/product\/3731","targetHints":{"allow":["GET"]}}],"collection":[{"href":"https:\/\/medishop.az\/ru\/wp-json\/wp\/v2\/product"}],"about":[{"href":"https:\/\/medishop.az\/ru\/wp-json\/wp\/v2\/types\/product"}],"wp:featuredmedia":[{"embeddable":true,"href":"https:\/\/medishop.az\/ru\/wp-json\/wp\/v2\/media\/3732"}],"wp:attachment":[{"href":"https:\/\/medishop.az\/ru\/wp-json\/wp\/v2\/media?parent=3731"}],"wp:term":[{"taxonomy":"product_cat","embeddable":true,"href":"https:\/\/medishop.az\/ru\/wp-json\/wp\/v2\/product_cat?post=3731"},{"taxonomy":"product_tag","embeddable":true,"href":"https:\/\/medishop.az\/ru\/wp-json\/wp\/v2\/product_tag?post=3731"}],"curies":[{"name":"wp","href":"https:\/\/api.w.org\/{rel}","templated":true}]}}