{"id":3675,"date":"2022-12-16T16:42:00","date_gmt":"2022-12-16T12:42:00","guid":{"rendered":"https:\/\/medishop.az\/?post_type=product&#038;p=3675"},"modified":"2022-12-16T16:42:02","modified_gmt":"2022-12-16T12:42:02","slug":"heine-delta-20-t-usbtr-dermatoskop-3-5v-li-ion-daldirma-polariz","status":"publish","type":"product","link":"https:\/\/medishop.az\/ru\/mehsul\/heine-delta-20-t-usbtr-dermatoskop-3-5v-li-ion-daldirma-polariz\/","title":{"rendered":"\u0414\u0415\u0420\u041c\u0410\u0422\u041e\u0421\u041a\u041e\u041f HEINE DELTA 20 T USB+TR 3,5 \u0412, \u043b\u0438\u0442\u0438\u0439-\u0438\u043e\u043d\u043d\u044b\u0439 \u0438\u043c\u043c\u0435\u0440\u0441\u0438\u043e\u043d\u043d\u044b\u0439 + \u043f\u043e\u043b\u044f\u0440\u0438\u0437\u043e\u0432\u0430\u043d\u043d\u044b\u0439."},"content":{"rendered":"<p>HEINE DELTA 20\u00ae T LEDHQ DERMATOSCOPE 3.5V (Li-ion) \u00fc\u00e7\u00fcn polarization v\u0259 immersion for rechargeable handle for mains socket and USB cable &#8211; K-262.28.388<\/p>\n<p>Precision HEINE Optics &#8211; y\u00fcks\u0259k keyfiyy\u0259tli, akromatik optik sistem qeyri-q\u0259na\u0259tb\u0259x\u015f k\u0259skinlik v\u0259 h\u0259ll t\u0259min edir. Focusing sistemi h\u0259tta \u0259n ki\u00e7ik detallar\u0131 v\u0259 strukturlar\u0131 a\u015fkar etm\u0259k \u00fc\u00e7\u00fcn 10X-d\u0259n 16X magnifi<br \/>\nkation-a q\u0259d\u0259r t\u0259min edir.<br \/>\nHQ-d\u0259<br \/>\nLED &#8211; h\u0259r bir f\u0259rdi m\u00fcayin\u0259 \u00fc\u00e7\u00fcn optimal i\u015f\u0131q intensivliyi, homogenlik v\u0259 r\u0259ng renderini m\u00fc\u0259yy\u0259n ed\u0259n LED i\u015f\u0131qland\u0131rmas\u0131nda yeni standart &#8211; R\u0259ng temperaturu: 5.000 K, R\u0259ng Render \u0130ndeksi (CRI) 100 \u00f6l\u00e7\u00fcd\u0259 80 &gt;. Bu is\u0259 \u0259n d\u0259qiq diaqnoz \u00fc\u00e7\u00fcn h\u0259qiqi toxuman\u0131n r\u0259ngini t\u0259min edir.<\/p>\n<p>Polarizasiya edilmi\u015f v\u0259 qeyri-q\u00fctbl\u00fc ill\u00fcminasiya rejiml\u0259ri aras\u0131nda toggle &#8211; bir d\u00fcym\u0259nin basmas\u0131 il\u0259 iki mod aras\u0131nda rahat alternativ &#8211; he\u00e7 bir kontakt plit\u0259l\u0259rin m\u00fcbadil\u0259si z\u0259ruri deyil. Kristallik qurulu\u015flar\u0131 v\u0259 milia kistl\u0259rinin varl\u0131\u011f\u0131n\u0131 m\u00fc\u015fahid\u0259 ed\u0259rk\u0259n &#8220;Blink i\u015far\u0259si&#8221;nin tan\u0131nmas\u0131na, diaqnostik funksiyan\u0131n art\u0131r\u0131lmas\u0131na imkan verir.<br \/>\nLezyonlara \u00e7\u0259tinlikl\u0259 daxil olmaq \u00fc\u00e7\u00fcn<br \/>\nse\u00e7imli ki\u00e7ik kontakt l\u00f6vh\u0259si.<\/p>\n<p>Digital documentation capabilities &#8211; Heine SLR foto adapter h\u0259r hans\u0131 bir Delta 20 dermatoscope r\u0259q\u0259msal kameralar\u0131n \u0259sas markalar\u0131 il\u0259 \u0259laq\u0259 yaratmaq \u00fc\u00e7\u00fcn imkan verir.<\/p>\n<p>LED Termiki \u0130dar\u0259etm\u0259 &#8211; uzunm\u00fcdd\u0259tli performans v\u0259 m\u0259hsulun dayan\u0131ql\u0131\u011f\u0131n\u0131 t\u0259min etm\u0259k. Diqq\u0259tl\u0259 se\u00e7ilmi\u015f v\u0259 t\u0259tbiq olunan istilik-diffuziya materiallar\u0131 50.000 saata q\u0259d\u0259r z\u0259man\u0259t verir.<br \/>\nS\u0259rt halda<br \/>\n, dermatoskopiya kompendium, 10 ml ya\u011f il\u0259 t\u0259min olunur<\/p>","protected":false},"excerpt":{"rendered":"<p>HEINE DELTA 20\u00ae T LEDHQ DERMATOSCOPE 3.5V (Li-ion) \u00fc\u00e7\u00fcn polarization v\u0259 immersion for rechargeable handle for mains socket and USB cable &#8211; K-262.28.388 Precision HEINE Optics &#8211; y\u00fcks\u0259k keyfiyy\u0259tli, akromatik<\/p>","protected":false},"featured_media":3676,"template":"","meta":[],"product_cat":[15],"product_tag":[],"class_list":{"0":"post-3675","1":"product","2":"type-product","3":"status-publish","4":"has-post-thumbnail","6":"product_cat-diger","8":"first","9":"instock","10":"shipping-taxable","11":"purchasable","12":"product-type-simple"},"yoast_head":"<!-- This site is optimized with the Yoast SEO plugin v22.7 - https:\/\/yoast.com\/wordpress\/plugins\/seo\/ -->\n<title>HEINE DELTA 20 T USB+TR DERMATOSKOP 3.5V Li-Ion dald\u0131rma + polariz. - Medishop<\/title>\n<meta name=\"robots\" content=\"index, follow, max-snippet:-1, max-image-preview:large, max-video-preview:-1\" \/>\n<link rel=\"canonical\" href=\"https:\/\/medishop.az\/ru\/mehsul\/heine-delta-20-t-usbtr-dermatoskop-3-5v-li-ion-daldirma-polariz\/\" \/>\n<meta property=\"og:locale\" content=\"ru_RU\" \/>\n<meta property=\"og:type\" content=\"article\" \/>\n<meta property=\"og:title\" content=\"HEINE DELTA 20 T USB+TR DERMATOSKOP 3.5V Li-Ion dald\u0131rma + polariz. - Medishop\" \/>\n<meta property=\"og:description\" content=\"HEINE DELTA 20\u00ae T LEDHQ DERMATOSCOPE 3.5V (Li-ion) \u00fc\u00e7\u00fcn polarization v\u0259 immersion for rechargeable handle for mains socket and USB cable &#8211; K-262.28.388 Precision HEINE Optics &#8211; y\u00fcks\u0259k keyfiyy\u0259tli, akromatik\" \/>\n<meta property=\"og:url\" content=\"https:\/\/medishop.az\/ru\/mehsul\/heine-delta-20-t-usbtr-dermatoskop-3-5v-li-ion-daldirma-polariz\/\" \/>\n<meta property=\"og:site_name\" content=\"Medishop\" \/>\n<meta property=\"article:publisher\" content=\"https:\/\/www.facebook.com\/medishop.azerbaijan\" \/>\n<meta property=\"article:modified_time\" content=\"2022-12-16T12:42:02+00:00\" \/>\n<meta property=\"og:image\" content=\"https:\/\/storage.googleapis.com\/stateless-medishop-az\/2022\/12\/f3b906b4-heine-delta-20-t-usbtr-dermatoskop-3.5v-li-ion-daldirma-polariz..jpg\" \/>\n\t<meta property=\"og:image:width\" content=\"1000\" \/>\n\t<meta property=\"og:image:height\" content=\"1000\" \/>\n\t<meta property=\"og:image:type\" content=\"image\/jpeg\" \/>\n<meta name=\"twitter:card\" content=\"summary_large_image\" \/>\n<meta name=\"twitter:label1\" content=\"\u041f\u0440\u0438\u043c\u0435\u0440\u043d\u043e\u0435 \u0432\u0440\u0435\u043c\u044f \u0434\u043b\u044f \u0447\u0442\u0435\u043d\u0438\u044f\" \/>\n\t<meta name=\"twitter:data1\" content=\"1 \u043c\u0438\u043d\u0443\u0442\u0430\" \/>\n<script type=\"application\/ld+json\" class=\"yoast-schema-graph\">{\"@context\":\"https:\/\/schema.org\",\"@graph\":[{\"@type\":\"WebPage\",\"@id\":\"https:\/\/medishop.az\/mehsul\/heine-delta-20-t-usbtr-dermatoskop-3-5v-li-ion-daldirma-polariz\/\",\"url\":\"https:\/\/medishop.az\/mehsul\/heine-delta-20-t-usbtr-dermatoskop-3-5v-li-ion-daldirma-polariz\/\",\"name\":\"HEINE DELTA 20 T USB+TR DERMATOSKOP 3.5V Li-Ion dald\u0131rma + polariz. - Medishop\",\"isPartOf\":{\"@id\":\"https:\/\/medishop.az\/#website\"},\"primaryImageOfPage\":{\"@id\":\"https:\/\/medishop.az\/mehsul\/heine-delta-20-t-usbtr-dermatoskop-3-5v-li-ion-daldirma-polariz\/#primaryimage\"},\"image\":{\"@id\":\"https:\/\/medishop.az\/mehsul\/heine-delta-20-t-usbtr-dermatoskop-3-5v-li-ion-daldirma-polariz\/#primaryimage\"},\"thumbnailUrl\":\"https:\/\/medishop.az\/wp-content\/uploads\/2022\/12\/f3b906b4-heine-delta-20-t-usbtr-dermatoskop-3.5v-li-ion-daldirma-polariz..jpg\",\"datePublished\":\"2022-12-16T12:42:00+00:00\",\"dateModified\":\"2022-12-16T12:42:02+00:00\",\"breadcrumb\":{\"@id\":\"https:\/\/medishop.az\/mehsul\/heine-delta-20-t-usbtr-dermatoskop-3-5v-li-ion-daldirma-polariz\/#breadcrumb\"},\"inLanguage\":\"ru-RU\",\"potentialAction\":[{\"@type\":\"ReadAction\",\"target\":[\"https:\/\/medishop.az\/mehsul\/heine-delta-20-t-usbtr-dermatoskop-3-5v-li-ion-daldirma-polariz\/\"]}]},{\"@type\":\"ImageObject\",\"inLanguage\":\"ru-RU\",\"@id\":\"https:\/\/medishop.az\/mehsul\/heine-delta-20-t-usbtr-dermatoskop-3-5v-li-ion-daldirma-polariz\/#primaryimage\",\"url\":\"https:\/\/medishop.az\/wp-content\/uploads\/2022\/12\/f3b906b4-heine-delta-20-t-usbtr-dermatoskop-3.5v-li-ion-daldirma-polariz..jpg\",\"contentUrl\":\"https:\/\/medishop.az\/wp-content\/uploads\/2022\/12\/f3b906b4-heine-delta-20-t-usbtr-dermatoskop-3.5v-li-ion-daldirma-polariz..jpg\",\"width\":1000,\"height\":1000},{\"@type\":\"BreadcrumbList\",\"@id\":\"https:\/\/medishop.az\/mehsul\/heine-delta-20-t-usbtr-dermatoskop-3-5v-li-ion-daldirma-polariz\/#breadcrumb\",\"itemListElement\":[{\"@type\":\"ListItem\",\"position\":1,\"name\":\"\u018fsas\",\"item\":\"https:\/\/medishop.az\/\"},{\"@type\":\"ListItem\",\"position\":2,\"name\":\"Ma\u011faza\",\"item\":\"https:\/\/medishop.az\/ru\/shop\/\"},{\"@type\":\"ListItem\",\"position\":3,\"name\":\"HEINE DELTA 20 T USB+TR DERMATOSKOP 3.5V Li-Ion dald\u0131rma + polariz.\"}]},{\"@type\":\"WebSite\",\"@id\":\"https:\/\/medishop.az\/#website\",\"url\":\"https:\/\/medishop.az\/\",\"name\":\"Medishop\",\"description\":\"Onlayn tibbi ma\u011faza\",\"publisher\":{\"@id\":\"https:\/\/medishop.az\/#organization\"},\"potentialAction\":[{\"@type\":\"SearchAction\",\"target\":{\"@type\":\"EntryPoint\",\"urlTemplate\":\"https:\/\/medishop.az\/?s={search_term_string}\"},\"query-input\":\"required name=search_term_string\"}],\"inLanguage\":\"ru-RU\"},{\"@type\":\"Organization\",\"@id\":\"https:\/\/medishop.az\/#organization\",\"name\":\"Medishop\",\"url\":\"https:\/\/medishop.az\/\",\"logo\":{\"@type\":\"ImageObject\",\"inLanguage\":\"ru-RU\",\"@id\":\"https:\/\/medishop.az\/#\/schema\/logo\/image\/\",\"url\":\"https:\/\/storage.googleapis.com\/stateless-medishop-az\/2022\/12\/logo.png\",\"contentUrl\":\"https:\/\/storage.googleapis.com\/stateless-medishop-az\/2022\/12\/logo.png\",\"width\":300,\"height\":89,\"caption\":\"Medishop\"},\"image\":{\"@id\":\"https:\/\/medishop.az\/#\/schema\/logo\/image\/\"},\"sameAs\":[\"https:\/\/www.facebook.com\/medishop.azerbaijan\"]}]}<\/script>\n<!-- \/ Yoast SEO plugin. -->","yoast_head_json":{"title":"HEINE DELTA 20 T USB+TR DERMATOSKOP 3.5V Li-Ion dald\u0131rma + polariz. - Medishop","robots":{"index":"index","follow":"follow","max-snippet":"max-snippet:-1","max-image-preview":"max-image-preview:large","max-video-preview":"max-video-preview:-1"},"canonical":"https:\/\/medishop.az\/ru\/mehsul\/heine-delta-20-t-usbtr-dermatoskop-3-5v-li-ion-daldirma-polariz\/","og_locale":"ru_RU","og_type":"article","og_title":"HEINE DELTA 20 T USB+TR DERMATOSKOP 3.5V Li-Ion dald\u0131rma + polariz. - Medishop","og_description":"HEINE DELTA 20\u00ae T LEDHQ DERMATOSCOPE 3.5V (Li-ion) \u00fc\u00e7\u00fcn polarization v\u0259 immersion for rechargeable handle for mains socket and USB cable &#8211; K-262.28.388 Precision HEINE Optics &#8211; y\u00fcks\u0259k keyfiyy\u0259tli, akromatik","og_url":"https:\/\/medishop.az\/ru\/mehsul\/heine-delta-20-t-usbtr-dermatoskop-3-5v-li-ion-daldirma-polariz\/","og_site_name":"Medishop","article_publisher":"https:\/\/www.facebook.com\/medishop.azerbaijan","article_modified_time":"2022-12-16T12:42:02+00:00","og_image":[{"width":1000,"height":1000,"url":"https:\/\/storage.googleapis.com\/stateless-medishop-az\/2022\/12\/f3b906b4-heine-delta-20-t-usbtr-dermatoskop-3.5v-li-ion-daldirma-polariz..jpg","type":"image\/jpeg"}],"twitter_card":"summary_large_image","twitter_misc":{"\u041f\u0440\u0438\u043c\u0435\u0440\u043d\u043e\u0435 \u0432\u0440\u0435\u043c\u044f \u0434\u043b\u044f \u0447\u0442\u0435\u043d\u0438\u044f":"1 \u043c\u0438\u043d\u0443\u0442\u0430"},"schema":{"@context":"https:\/\/schema.org","@graph":[{"@type":"WebPage","@id":"https:\/\/medishop.az\/mehsul\/heine-delta-20-t-usbtr-dermatoskop-3-5v-li-ion-daldirma-polariz\/","url":"https:\/\/medishop.az\/mehsul\/heine-delta-20-t-usbtr-dermatoskop-3-5v-li-ion-daldirma-polariz\/","name":"HEINE DELTA 20 T USB+TR DERMATOSKOP 3.5V Li-Ion dald\u0131rma + polariz. - Medishop","isPartOf":{"@id":"https:\/\/medishop.az\/#website"},"primaryImageOfPage":{"@id":"https:\/\/medishop.az\/mehsul\/heine-delta-20-t-usbtr-dermatoskop-3-5v-li-ion-daldirma-polariz\/#primaryimage"},"image":{"@id":"https:\/\/medishop.az\/mehsul\/heine-delta-20-t-usbtr-dermatoskop-3-5v-li-ion-daldirma-polariz\/#primaryimage"},"thumbnailUrl":"https:\/\/medishop.az\/wp-content\/uploads\/2022\/12\/f3b906b4-heine-delta-20-t-usbtr-dermatoskop-3.5v-li-ion-daldirma-polariz..jpg","datePublished":"2022-12-16T12:42:00+00:00","dateModified":"2022-12-16T12:42:02+00:00","breadcrumb":{"@id":"https:\/\/medishop.az\/mehsul\/heine-delta-20-t-usbtr-dermatoskop-3-5v-li-ion-daldirma-polariz\/#breadcrumb"},"inLanguage":"ru-RU","potentialAction":[{"@type":"ReadAction","target":["https:\/\/medishop.az\/mehsul\/heine-delta-20-t-usbtr-dermatoskop-3-5v-li-ion-daldirma-polariz\/"]}]},{"@type":"ImageObject","inLanguage":"ru-RU","@id":"https:\/\/medishop.az\/mehsul\/heine-delta-20-t-usbtr-dermatoskop-3-5v-li-ion-daldirma-polariz\/#primaryimage","url":"https:\/\/medishop.az\/wp-content\/uploads\/2022\/12\/f3b906b4-heine-delta-20-t-usbtr-dermatoskop-3.5v-li-ion-daldirma-polariz..jpg","contentUrl":"https:\/\/medishop.az\/wp-content\/uploads\/2022\/12\/f3b906b4-heine-delta-20-t-usbtr-dermatoskop-3.5v-li-ion-daldirma-polariz..jpg","width":1000,"height":1000},{"@type":"BreadcrumbList","@id":"https:\/\/medishop.az\/mehsul\/heine-delta-20-t-usbtr-dermatoskop-3-5v-li-ion-daldirma-polariz\/#breadcrumb","itemListElement":[{"@type":"ListItem","position":1,"name":"\u018fsas","item":"https:\/\/medishop.az\/"},{"@type":"ListItem","position":2,"name":"Ma\u011faza","item":"https:\/\/medishop.az\/ru\/shop\/"},{"@type":"ListItem","position":3,"name":"HEINE DELTA 20 T USB+TR DERMATOSKOP 3.5V Li-Ion dald\u0131rma + polariz."}]},{"@type":"WebSite","@id":"https:\/\/medishop.az\/#website","url":"https:\/\/medishop.az\/","name":"Medishop","description":"Onlayn tibbi ma\u011faza","publisher":{"@id":"https:\/\/medishop.az\/#organization"},"potentialAction":[{"@type":"SearchAction","target":{"@type":"EntryPoint","urlTemplate":"https:\/\/medishop.az\/?s={search_term_string}"},"query-input":"required name=search_term_string"}],"inLanguage":"ru-RU"},{"@type":"Organization","@id":"https:\/\/medishop.az\/#organization","name":"Medishop","url":"https:\/\/medishop.az\/","logo":{"@type":"ImageObject","inLanguage":"ru-RU","@id":"https:\/\/medishop.az\/#\/schema\/logo\/image\/","url":"https:\/\/storage.googleapis.com\/stateless-medishop-az\/2022\/12\/logo.png","contentUrl":"https:\/\/storage.googleapis.com\/stateless-medishop-az\/2022\/12\/logo.png","width":300,"height":89,"caption":"Medishop"},"image":{"@id":"https:\/\/medishop.az\/#\/schema\/logo\/image\/"},"sameAs":["https:\/\/www.facebook.com\/medishop.azerbaijan"]}]}},"jetpack_sharing_enabled":true,"_links":{"self":[{"href":"https:\/\/medishop.az\/ru\/wp-json\/wp\/v2\/product\/3675","targetHints":{"allow":["GET"]}}],"collection":[{"href":"https:\/\/medishop.az\/ru\/wp-json\/wp\/v2\/product"}],"about":[{"href":"https:\/\/medishop.az\/ru\/wp-json\/wp\/v2\/types\/product"}],"wp:featuredmedia":[{"embeddable":true,"href":"https:\/\/medishop.az\/ru\/wp-json\/wp\/v2\/media\/3676"}],"wp:attachment":[{"href":"https:\/\/medishop.az\/ru\/wp-json\/wp\/v2\/media?parent=3675"}],"wp:term":[{"taxonomy":"product_cat","embeddable":true,"href":"https:\/\/medishop.az\/ru\/wp-json\/wp\/v2\/product_cat?post=3675"},{"taxonomy":"product_tag","embeddable":true,"href":"https:\/\/medishop.az\/ru\/wp-json\/wp\/v2\/product_tag?post=3675"}],"curies":[{"name":"wp","href":"https:\/\/api.w.org\/{rel}","templated":true}]}}