{"id":3567,"date":"2022-12-15T16:28:09","date_gmt":"2022-12-15T12:28:09","guid":{"rendered":"https:\/\/medishop.az\/?post_type=product&#038;p=3567"},"modified":"2022-12-15T16:28:11","modified_gmt":"2022-12-15T12:28:11","slug":"lumina-led-light-arabasi","status":"publish","type":"product","link":"https:\/\/medishop.az\/ru\/mehsul\/lumina-led-light-arabasi\/","title":{"rendered":"LUMINA LED LIGHT &#8211; arabas\u0131"},"content":{"rendered":"<p>Klassik m\u00fcayin\u0259 LED i\u015f\u0131q il\u0259 elastik qol.<\/p>\n<p>Manual: GB, FR, IT, ES, PT, DE, PL, GR.Flexible<\/p>\n<p>qol, extension76 cm d\u00fcz\u0259li\u015f edil\u0259 bil\u0259r. Lamphead \u00fcz\u0259rind\u0259<br \/>\ninteqr\u0259 edilmi\u015f tutucu.<br \/>\n360\u00b0 PVC \u00f6rt\u00fckl\u00fc, elastik metal qollu s\u0259rb\u0259st m\u00f6vqe.<br \/>\nParlaql\u0131q n\u0259zar\u0259ti.<br \/>\nAbs bazas\u0131 frenl\u0259<\/p>","protected":false},"excerpt":{"rendered":"<table border=\"0\" width=\"100%\" cellspacing=\"0\" cellpadding=\"0\">\n<tbody>\n<tr>\n<td class=\"menu\" bgcolor=\"#fff9ad\"><span class=\"sezione\">\u0422\u0435\u0445\u043d\u0438\u0447\u0435\u0441\u043a\u0438\u0435 \u0445\u0430\u0440\u0430\u043a\u0442\u0435\u0440\u0438\u0441\u0442\u0438\u043a\u0438<\/span><\/td>\n<\/tr>\n<tr>\n<td class=\"menu\" bgcolor=\"#fff9ad\">s\u0259rf: 3 W<br \/>\nLight intensivliyi 50\/30 sm: 37,000\/89,000 lux<br \/>\nR\u0259ng temperatur: 6,000 \u00b0K<br \/>\nXarici \u00d8 reflektor: 75 mm<br \/>\nR\u0259ng render indeksi (CRI): 75 Ra<br \/>\nLight sah\u0259si \u00d8: 4 sm at 50 sm<br \/>\n\u018fm\u0259liyyat voltaj: 110-265 V, 50\/60 Hz. 50\/60 Hz.Hz. Hz.Hz(hz. hz. Hz<\/td>\n<\/tr>\n<\/tbody>\n<\/table>","protected":false},"featured_media":3568,"template":"","meta":[],"product_cat":[15],"product_tag":[285],"class_list":{"0":"post-3567","1":"product","2":"type-product","3":"status-publish","4":"has-post-thumbnail","6":"product_cat-diger","7":"product_tag-lumina-led-light","9":"first","10":"instock","11":"shipping-taxable","12":"purchasable","13":"product-type-simple"},"yoast_head":"<!-- This site is optimized with the Yoast SEO plugin v22.7 - https:\/\/yoast.com\/wordpress\/plugins\/seo\/ -->\n<title>LUMINA LED LIGHT - arabas\u0131 - Medishop<\/title>\n<meta name=\"robots\" content=\"index, follow, max-snippet:-1, max-image-preview:large, max-video-preview:-1\" \/>\n<link rel=\"canonical\" href=\"https:\/\/medishop.az\/ru\/mehsul\/lumina-led-light-arabasi\/\" \/>\n<meta property=\"og:locale\" content=\"ru_RU\" \/>\n<meta property=\"og:type\" content=\"article\" \/>\n<meta property=\"og:title\" content=\"LUMINA LED LIGHT - arabas\u0131 - Medishop\" \/>\n<meta property=\"og:description\" content=\"Texniki Spesifikasiyalar   s\u0259rf: 3 W Light intensivliyi 50\/30 sm: 37,000\/89,000 lux R\u0259ng temperatur: 6,000 \u00b0K Xarici \u00d8 reflektor: 75 mm R\u0259ng render indeksi (CRI): 75 Ra Light sah\u0259si \u00d8: 4 sm at 50 sm \u018fm\u0259liyyat voltaj: 110-265 V, 50\/60 Hz. 50\/60 Hz.Hz. Hz.Hz(hz. hz. Hz\" \/>\n<meta property=\"og:url\" content=\"https:\/\/medishop.az\/ru\/mehsul\/lumina-led-light-arabasi\/\" \/>\n<meta property=\"og:site_name\" content=\"Medishop\" \/>\n<meta property=\"article:publisher\" content=\"https:\/\/www.facebook.com\/medishop.azerbaijan\" \/>\n<meta property=\"article:modified_time\" content=\"2022-12-15T12:28:11+00:00\" \/>\n<meta property=\"og:image\" content=\"https:\/\/storage.googleapis.com\/stateless-medishop-az\/2022\/12\/c149ef15-lumina-led-light-arabasi.jpg\" \/>\n\t<meta property=\"og:image:width\" content=\"1000\" \/>\n\t<meta property=\"og:image:height\" content=\"1000\" \/>\n\t<meta property=\"og:image:type\" content=\"image\/jpeg\" \/>\n<meta name=\"twitter:card\" content=\"summary_large_image\" \/>\n<script type=\"application\/ld+json\" class=\"yoast-schema-graph\">{\"@context\":\"https:\/\/schema.org\",\"@graph\":[{\"@type\":\"WebPage\",\"@id\":\"https:\/\/medishop.az\/mehsul\/lumina-led-light-arabasi\/\",\"url\":\"https:\/\/medishop.az\/mehsul\/lumina-led-light-arabasi\/\",\"name\":\"LUMINA LED LIGHT - arabas\u0131 - Medishop\",\"isPartOf\":{\"@id\":\"https:\/\/medishop.az\/#website\"},\"primaryImageOfPage\":{\"@id\":\"https:\/\/medishop.az\/mehsul\/lumina-led-light-arabasi\/#primaryimage\"},\"image\":{\"@id\":\"https:\/\/medishop.az\/mehsul\/lumina-led-light-arabasi\/#primaryimage\"},\"thumbnailUrl\":\"https:\/\/medishop.az\/wp-content\/uploads\/2022\/12\/c149ef15-lumina-led-light-arabasi.jpg\",\"datePublished\":\"2022-12-15T12:28:09+00:00\",\"dateModified\":\"2022-12-15T12:28:11+00:00\",\"breadcrumb\":{\"@id\":\"https:\/\/medishop.az\/mehsul\/lumina-led-light-arabasi\/#breadcrumb\"},\"inLanguage\":\"ru-RU\",\"potentialAction\":[{\"@type\":\"ReadAction\",\"target\":[\"https:\/\/medishop.az\/mehsul\/lumina-led-light-arabasi\/\"]}]},{\"@type\":\"ImageObject\",\"inLanguage\":\"ru-RU\",\"@id\":\"https:\/\/medishop.az\/mehsul\/lumina-led-light-arabasi\/#primaryimage\",\"url\":\"https:\/\/medishop.az\/wp-content\/uploads\/2022\/12\/c149ef15-lumina-led-light-arabasi.jpg\",\"contentUrl\":\"https:\/\/medishop.az\/wp-content\/uploads\/2022\/12\/c149ef15-lumina-led-light-arabasi.jpg\",\"width\":1000,\"height\":1000},{\"@type\":\"BreadcrumbList\",\"@id\":\"https:\/\/medishop.az\/mehsul\/lumina-led-light-arabasi\/#breadcrumb\",\"itemListElement\":[{\"@type\":\"ListItem\",\"position\":1,\"name\":\"\u018fsas\",\"item\":\"https:\/\/medishop.az\/\"},{\"@type\":\"ListItem\",\"position\":2,\"name\":\"Ma\u011faza\",\"item\":\"https:\/\/medishop.az\/ru\/shop\/\"},{\"@type\":\"ListItem\",\"position\":3,\"name\":\"LUMINA LED LIGHT &#8211; arabas\u0131\"}]},{\"@type\":\"WebSite\",\"@id\":\"https:\/\/medishop.az\/#website\",\"url\":\"https:\/\/medishop.az\/\",\"name\":\"Medishop\",\"description\":\"Onlayn tibbi ma\u011faza\",\"publisher\":{\"@id\":\"https:\/\/medishop.az\/#organization\"},\"potentialAction\":[{\"@type\":\"SearchAction\",\"target\":{\"@type\":\"EntryPoint\",\"urlTemplate\":\"https:\/\/medishop.az\/?s={search_term_string}\"},\"query-input\":\"required name=search_term_string\"}],\"inLanguage\":\"ru-RU\"},{\"@type\":\"Organization\",\"@id\":\"https:\/\/medishop.az\/#organization\",\"name\":\"Medishop\",\"url\":\"https:\/\/medishop.az\/\",\"logo\":{\"@type\":\"ImageObject\",\"inLanguage\":\"ru-RU\",\"@id\":\"https:\/\/medishop.az\/#\/schema\/logo\/image\/\",\"url\":\"https:\/\/storage.googleapis.com\/stateless-medishop-az\/2022\/12\/logo.png\",\"contentUrl\":\"https:\/\/storage.googleapis.com\/stateless-medishop-az\/2022\/12\/logo.png\",\"width\":300,\"height\":89,\"caption\":\"Medishop\"},\"image\":{\"@id\":\"https:\/\/medishop.az\/#\/schema\/logo\/image\/\"},\"sameAs\":[\"https:\/\/www.facebook.com\/medishop.azerbaijan\"]}]}<\/script>\n<!-- \/ Yoast SEO plugin. -->","yoast_head_json":{"title":"LUMINA LED LIGHT - arabas\u0131 - Medishop","robots":{"index":"index","follow":"follow","max-snippet":"max-snippet:-1","max-image-preview":"max-image-preview:large","max-video-preview":"max-video-preview:-1"},"canonical":"https:\/\/medishop.az\/ru\/mehsul\/lumina-led-light-arabasi\/","og_locale":"ru_RU","og_type":"article","og_title":"LUMINA LED LIGHT - arabas\u0131 - Medishop","og_description":"Texniki Spesifikasiyalar   s\u0259rf: 3 W Light intensivliyi 50\/30 sm: 37,000\/89,000 lux R\u0259ng temperatur: 6,000 \u00b0K Xarici \u00d8 reflektor: 75 mm R\u0259ng render indeksi (CRI): 75 Ra Light sah\u0259si \u00d8: 4 sm at 50 sm \u018fm\u0259liyyat voltaj: 110-265 V, 50\/60 Hz. 50\/60 Hz.Hz. Hz.Hz(hz. hz. Hz","og_url":"https:\/\/medishop.az\/ru\/mehsul\/lumina-led-light-arabasi\/","og_site_name":"Medishop","article_publisher":"https:\/\/www.facebook.com\/medishop.azerbaijan","article_modified_time":"2022-12-15T12:28:11+00:00","og_image":[{"width":1000,"height":1000,"url":"https:\/\/storage.googleapis.com\/stateless-medishop-az\/2022\/12\/c149ef15-lumina-led-light-arabasi.jpg","type":"image\/jpeg"}],"twitter_card":"summary_large_image","schema":{"@context":"https:\/\/schema.org","@graph":[{"@type":"WebPage","@id":"https:\/\/medishop.az\/mehsul\/lumina-led-light-arabasi\/","url":"https:\/\/medishop.az\/mehsul\/lumina-led-light-arabasi\/","name":"LUMINA LED LIGHT - arabas\u0131 - Medishop","isPartOf":{"@id":"https:\/\/medishop.az\/#website"},"primaryImageOfPage":{"@id":"https:\/\/medishop.az\/mehsul\/lumina-led-light-arabasi\/#primaryimage"},"image":{"@id":"https:\/\/medishop.az\/mehsul\/lumina-led-light-arabasi\/#primaryimage"},"thumbnailUrl":"https:\/\/medishop.az\/wp-content\/uploads\/2022\/12\/c149ef15-lumina-led-light-arabasi.jpg","datePublished":"2022-12-15T12:28:09+00:00","dateModified":"2022-12-15T12:28:11+00:00","breadcrumb":{"@id":"https:\/\/medishop.az\/mehsul\/lumina-led-light-arabasi\/#breadcrumb"},"inLanguage":"ru-RU","potentialAction":[{"@type":"ReadAction","target":["https:\/\/medishop.az\/mehsul\/lumina-led-light-arabasi\/"]}]},{"@type":"ImageObject","inLanguage":"ru-RU","@id":"https:\/\/medishop.az\/mehsul\/lumina-led-light-arabasi\/#primaryimage","url":"https:\/\/medishop.az\/wp-content\/uploads\/2022\/12\/c149ef15-lumina-led-light-arabasi.jpg","contentUrl":"https:\/\/medishop.az\/wp-content\/uploads\/2022\/12\/c149ef15-lumina-led-light-arabasi.jpg","width":1000,"height":1000},{"@type":"BreadcrumbList","@id":"https:\/\/medishop.az\/mehsul\/lumina-led-light-arabasi\/#breadcrumb","itemListElement":[{"@type":"ListItem","position":1,"name":"\u018fsas","item":"https:\/\/medishop.az\/"},{"@type":"ListItem","position":2,"name":"Ma\u011faza","item":"https:\/\/medishop.az\/ru\/shop\/"},{"@type":"ListItem","position":3,"name":"LUMINA LED LIGHT &#8211; arabas\u0131"}]},{"@type":"WebSite","@id":"https:\/\/medishop.az\/#website","url":"https:\/\/medishop.az\/","name":"Medishop","description":"Onlayn tibbi ma\u011faza","publisher":{"@id":"https:\/\/medishop.az\/#organization"},"potentialAction":[{"@type":"SearchAction","target":{"@type":"EntryPoint","urlTemplate":"https:\/\/medishop.az\/?s={search_term_string}"},"query-input":"required name=search_term_string"}],"inLanguage":"ru-RU"},{"@type":"Organization","@id":"https:\/\/medishop.az\/#organization","name":"Medishop","url":"https:\/\/medishop.az\/","logo":{"@type":"ImageObject","inLanguage":"ru-RU","@id":"https:\/\/medishop.az\/#\/schema\/logo\/image\/","url":"https:\/\/storage.googleapis.com\/stateless-medishop-az\/2022\/12\/logo.png","contentUrl":"https:\/\/storage.googleapis.com\/stateless-medishop-az\/2022\/12\/logo.png","width":300,"height":89,"caption":"Medishop"},"image":{"@id":"https:\/\/medishop.az\/#\/schema\/logo\/image\/"},"sameAs":["https:\/\/www.facebook.com\/medishop.azerbaijan"]}]}},"jetpack_sharing_enabled":true,"_links":{"self":[{"href":"https:\/\/medishop.az\/ru\/wp-json\/wp\/v2\/product\/3567","targetHints":{"allow":["GET"]}}],"collection":[{"href":"https:\/\/medishop.az\/ru\/wp-json\/wp\/v2\/product"}],"about":[{"href":"https:\/\/medishop.az\/ru\/wp-json\/wp\/v2\/types\/product"}],"wp:featuredmedia":[{"embeddable":true,"href":"https:\/\/medishop.az\/ru\/wp-json\/wp\/v2\/media\/3568"}],"wp:attachment":[{"href":"https:\/\/medishop.az\/ru\/wp-json\/wp\/v2\/media?parent=3567"}],"wp:term":[{"taxonomy":"product_cat","embeddable":true,"href":"https:\/\/medishop.az\/ru\/wp-json\/wp\/v2\/product_cat?post=3567"},{"taxonomy":"product_tag","embeddable":true,"href":"https:\/\/medishop.az\/ru\/wp-json\/wp\/v2\/product_tag?post=3567"}],"curies":[{"name":"wp","href":"https:\/\/api.w.org\/{rel}","templated":true}]}}