{"id":3554,"date":"2022-12-15T16:22:23","date_gmt":"2022-12-15T12:22:23","guid":{"rendered":"https:\/\/medishop.az\/?post_type=product&#038;p=3554"},"modified":"2022-12-15T16:22:25","modified_gmt":"2022-12-15T12:22:25","slug":"alfa-fix-led-light-arabasi","status":"publish","type":"product","link":"https:\/\/medishop.az\/ru\/mehsul\/alfa-fix-led-light-arabasi\/","title":{"rendered":"ALFA-FIX LED LIGHT &#8211; arabas\u0131"},"content":{"rendered":"<p>Alfa-fix LED &#8211; \u00fc\u00e7<\/p>\n<p>LED i\u015f\u0131q m\u0259nb\u0259yi coinciding lens v\u0259 polikarbonat m\u00fcdafi\u0259 qalxan\u0131 il\u0259. \u00dc\u00e7 m\u00fcst\u0259qil i\u015f\u0131q m\u0259nb\u0259yi say\u0259sind\u0259 k\u00f6lg\u0259l\u0259ri azaltmaq v\u0259 y\u00fcks\u0259k d\u0259r\u0259c\u0259d\u0259 azalm\u0131\u015f istilik irradiasiyas\u0131 il\u0259 d\u0259rin silindrik i\u015f\u0131q t\u0259min etm\u0259k olar.<br \/>\nH\u0259r bir LED led q\u00fcsurunun nadir hallarda bel\u0259 lampan\u0131n fasil\u0259siz i\u015fl\u0259m\u0259sini t\u0259min etm\u0259k \u00fc\u00e7\u00fcn m\u00fcqavim\u0259ti \u00f6z\u00fcnd\u0259 birl\u0259\u015fdirir.<\/p>\n<p>Dizayn<br \/>\nYeni dizayn lampan\u0131 son d\u0259r\u0259c\u0259 asan istifad\u0259 v\u0259 manevr edir. Reflektorun \u0259lav\u0259 d\u00f6nm\u0259si il\u0259.<\/p>\n<p>Touch control<br \/>\n\u0130\u015f\u0131q intensivliyini toxunu\u015f d\u00fcym\u0259si vasit\u0259sil\u0259 d\u00fcz\u0259ltm\u0259k olar, idar\u0259etm\u0259nin hamar toxunmas\u0131 i\u015f\u0131\u011f\u0131n intensivliyini 4%-d\u0259n 100%-\u0259 q\u0259d\u0259r t\u0259nziml\u0259m\u0259y\u0259 imkan verir.<\/p>\n<p>\u0130nterchangeable plugs<br \/>\nThe transformer, qol strukturunun y\u00fcng\u00fcl v\u0259 hamar h\u0259r\u0259k\u0259tl\u0259ri \u00fc\u00e7\u00fcn plug-d\u0259 inteqrasiya olunmu\u015f, qar\u015f\u0131l\u0131ql\u0131 d\u0259yi\u015f\u0259n pluglarla (B\u00f6y\u00fck Britaniya, AB\u015e, AB) t\u0259min edilir.<\/p>\n<p>\u0130taliyada istehsal olunub.<\/p>","protected":false},"excerpt":{"rendered":"<p>Alfa-fix LED &#8211; \u00fc\u00e7 LED i\u015f\u0131q m\u0259nb\u0259yi coinciding lens v\u0259 polikarbonat m\u00fcdafi\u0259 qalxan\u0131 il\u0259. \u00dc\u00e7 m\u00fcst\u0259qil i\u015f\u0131q m\u0259nb\u0259yi say\u0259sind\u0259 k\u00f6lg\u0259l\u0259ri azaltmaq v\u0259 y\u00fcks\u0259k d\u0259r\u0259c\u0259d\u0259 azalm\u0131\u015f istilik irradiasiyas\u0131 il\u0259 d\u0259rin silindrik<\/p>","protected":false},"featured_media":3555,"template":"","meta":[],"product_cat":[15],"product_tag":[283],"class_list":{"0":"post-3554","1":"product","2":"type-product","3":"status-publish","4":"has-post-thumbnail","6":"product_cat-diger","7":"product_tag-alfa-fix-led-light","9":"first","10":"instock","11":"shipping-taxable","12":"purchasable","13":"product-type-simple"},"yoast_head":"<!-- This site is optimized with the Yoast SEO plugin v22.7 - https:\/\/yoast.com\/wordpress\/plugins\/seo\/ -->\n<title>ALFA-FIX LED LIGHT - arabas\u0131 - Medishop<\/title>\n<meta name=\"robots\" content=\"index, follow, max-snippet:-1, max-image-preview:large, max-video-preview:-1\" \/>\n<link rel=\"canonical\" href=\"https:\/\/medishop.az\/ru\/mehsul\/alfa-fix-led-light-arabasi\/\" \/>\n<meta property=\"og:locale\" content=\"ru_RU\" \/>\n<meta property=\"og:type\" content=\"article\" \/>\n<meta property=\"og:title\" content=\"ALFA-FIX LED LIGHT - arabas\u0131 - Medishop\" \/>\n<meta property=\"og:description\" content=\"Alfa-fix LED &#8211; \u00fc\u00e7 LED i\u015f\u0131q m\u0259nb\u0259yi coinciding lens v\u0259 polikarbonat m\u00fcdafi\u0259 qalxan\u0131 il\u0259. \u00dc\u00e7 m\u00fcst\u0259qil i\u015f\u0131q m\u0259nb\u0259yi say\u0259sind\u0259 k\u00f6lg\u0259l\u0259ri azaltmaq v\u0259 y\u00fcks\u0259k d\u0259r\u0259c\u0259d\u0259 azalm\u0131\u015f istilik irradiasiyas\u0131 il\u0259 d\u0259rin silindrik\" \/>\n<meta property=\"og:url\" content=\"https:\/\/medishop.az\/ru\/mehsul\/alfa-fix-led-light-arabasi\/\" \/>\n<meta property=\"og:site_name\" content=\"Medishop\" \/>\n<meta property=\"article:publisher\" content=\"https:\/\/www.facebook.com\/medishop.azerbaijan\" \/>\n<meta property=\"article:modified_time\" content=\"2022-12-15T12:22:25+00:00\" \/>\n<meta property=\"og:image\" content=\"https:\/\/storage.googleapis.com\/stateless-medishop-az\/2022\/12\/674670fa-alfa-fix-led-light-arabasi.jpg\" \/>\n\t<meta property=\"og:image:width\" content=\"1000\" \/>\n\t<meta property=\"og:image:height\" content=\"1000\" \/>\n\t<meta property=\"og:image:type\" content=\"image\/jpeg\" \/>\n<meta name=\"twitter:card\" content=\"summary_large_image\" \/>\n<meta name=\"twitter:label1\" content=\"\u041f\u0440\u0438\u043c\u0435\u0440\u043d\u043e\u0435 \u0432\u0440\u0435\u043c\u044f \u0434\u043b\u044f \u0447\u0442\u0435\u043d\u0438\u044f\" \/>\n\t<meta name=\"twitter:data1\" content=\"1 \u043c\u0438\u043d\u0443\u0442\u0430\" \/>\n<script type=\"application\/ld+json\" class=\"yoast-schema-graph\">{\"@context\":\"https:\/\/schema.org\",\"@graph\":[{\"@type\":\"WebPage\",\"@id\":\"https:\/\/medishop.az\/mehsul\/alfa-fix-led-light-arabasi\/\",\"url\":\"https:\/\/medishop.az\/mehsul\/alfa-fix-led-light-arabasi\/\",\"name\":\"ALFA-FIX LED LIGHT - arabas\u0131 - Medishop\",\"isPartOf\":{\"@id\":\"https:\/\/medishop.az\/#website\"},\"primaryImageOfPage\":{\"@id\":\"https:\/\/medishop.az\/mehsul\/alfa-fix-led-light-arabasi\/#primaryimage\"},\"image\":{\"@id\":\"https:\/\/medishop.az\/mehsul\/alfa-fix-led-light-arabasi\/#primaryimage\"},\"thumbnailUrl\":\"https:\/\/medishop.az\/wp-content\/uploads\/2022\/12\/674670fa-alfa-fix-led-light-arabasi.jpg\",\"datePublished\":\"2022-12-15T12:22:23+00:00\",\"dateModified\":\"2022-12-15T12:22:25+00:00\",\"breadcrumb\":{\"@id\":\"https:\/\/medishop.az\/mehsul\/alfa-fix-led-light-arabasi\/#breadcrumb\"},\"inLanguage\":\"ru-RU\",\"potentialAction\":[{\"@type\":\"ReadAction\",\"target\":[\"https:\/\/medishop.az\/mehsul\/alfa-fix-led-light-arabasi\/\"]}]},{\"@type\":\"ImageObject\",\"inLanguage\":\"ru-RU\",\"@id\":\"https:\/\/medishop.az\/mehsul\/alfa-fix-led-light-arabasi\/#primaryimage\",\"url\":\"https:\/\/medishop.az\/wp-content\/uploads\/2022\/12\/674670fa-alfa-fix-led-light-arabasi.jpg\",\"contentUrl\":\"https:\/\/medishop.az\/wp-content\/uploads\/2022\/12\/674670fa-alfa-fix-led-light-arabasi.jpg\",\"width\":1000,\"height\":1000},{\"@type\":\"BreadcrumbList\",\"@id\":\"https:\/\/medishop.az\/mehsul\/alfa-fix-led-light-arabasi\/#breadcrumb\",\"itemListElement\":[{\"@type\":\"ListItem\",\"position\":1,\"name\":\"\u018fsas\",\"item\":\"https:\/\/medishop.az\/\"},{\"@type\":\"ListItem\",\"position\":2,\"name\":\"Ma\u011faza\",\"item\":\"https:\/\/medishop.az\/ru\/shop\/\"},{\"@type\":\"ListItem\",\"position\":3,\"name\":\"ALFA-FIX LED LIGHT &#8211; arabas\u0131\"}]},{\"@type\":\"WebSite\",\"@id\":\"https:\/\/medishop.az\/#website\",\"url\":\"https:\/\/medishop.az\/\",\"name\":\"Medishop\",\"description\":\"Onlayn tibbi ma\u011faza\",\"publisher\":{\"@id\":\"https:\/\/medishop.az\/#organization\"},\"potentialAction\":[{\"@type\":\"SearchAction\",\"target\":{\"@type\":\"EntryPoint\",\"urlTemplate\":\"https:\/\/medishop.az\/?s={search_term_string}\"},\"query-input\":\"required name=search_term_string\"}],\"inLanguage\":\"ru-RU\"},{\"@type\":\"Organization\",\"@id\":\"https:\/\/medishop.az\/#organization\",\"name\":\"Medishop\",\"url\":\"https:\/\/medishop.az\/\",\"logo\":{\"@type\":\"ImageObject\",\"inLanguage\":\"ru-RU\",\"@id\":\"https:\/\/medishop.az\/#\/schema\/logo\/image\/\",\"url\":\"https:\/\/storage.googleapis.com\/stateless-medishop-az\/2022\/12\/logo.png\",\"contentUrl\":\"https:\/\/storage.googleapis.com\/stateless-medishop-az\/2022\/12\/logo.png\",\"width\":300,\"height\":89,\"caption\":\"Medishop\"},\"image\":{\"@id\":\"https:\/\/medishop.az\/#\/schema\/logo\/image\/\"},\"sameAs\":[\"https:\/\/www.facebook.com\/medishop.azerbaijan\"]}]}<\/script>\n<!-- \/ Yoast SEO plugin. -->","yoast_head_json":{"title":"ALFA-FIX LED LIGHT - arabas\u0131 - Medishop","robots":{"index":"index","follow":"follow","max-snippet":"max-snippet:-1","max-image-preview":"max-image-preview:large","max-video-preview":"max-video-preview:-1"},"canonical":"https:\/\/medishop.az\/ru\/mehsul\/alfa-fix-led-light-arabasi\/","og_locale":"ru_RU","og_type":"article","og_title":"ALFA-FIX LED LIGHT - arabas\u0131 - Medishop","og_description":"Alfa-fix LED &#8211; \u00fc\u00e7 LED i\u015f\u0131q m\u0259nb\u0259yi coinciding lens v\u0259 polikarbonat m\u00fcdafi\u0259 qalxan\u0131 il\u0259. \u00dc\u00e7 m\u00fcst\u0259qil i\u015f\u0131q m\u0259nb\u0259yi say\u0259sind\u0259 k\u00f6lg\u0259l\u0259ri azaltmaq v\u0259 y\u00fcks\u0259k d\u0259r\u0259c\u0259d\u0259 azalm\u0131\u015f istilik irradiasiyas\u0131 il\u0259 d\u0259rin silindrik","og_url":"https:\/\/medishop.az\/ru\/mehsul\/alfa-fix-led-light-arabasi\/","og_site_name":"Medishop","article_publisher":"https:\/\/www.facebook.com\/medishop.azerbaijan","article_modified_time":"2022-12-15T12:22:25+00:00","og_image":[{"width":1000,"height":1000,"url":"https:\/\/storage.googleapis.com\/stateless-medishop-az\/2022\/12\/674670fa-alfa-fix-led-light-arabasi.jpg","type":"image\/jpeg"}],"twitter_card":"summary_large_image","twitter_misc":{"\u041f\u0440\u0438\u043c\u0435\u0440\u043d\u043e\u0435 \u0432\u0440\u0435\u043c\u044f \u0434\u043b\u044f \u0447\u0442\u0435\u043d\u0438\u044f":"1 \u043c\u0438\u043d\u0443\u0442\u0430"},"schema":{"@context":"https:\/\/schema.org","@graph":[{"@type":"WebPage","@id":"https:\/\/medishop.az\/mehsul\/alfa-fix-led-light-arabasi\/","url":"https:\/\/medishop.az\/mehsul\/alfa-fix-led-light-arabasi\/","name":"ALFA-FIX LED LIGHT - arabas\u0131 - Medishop","isPartOf":{"@id":"https:\/\/medishop.az\/#website"},"primaryImageOfPage":{"@id":"https:\/\/medishop.az\/mehsul\/alfa-fix-led-light-arabasi\/#primaryimage"},"image":{"@id":"https:\/\/medishop.az\/mehsul\/alfa-fix-led-light-arabasi\/#primaryimage"},"thumbnailUrl":"https:\/\/medishop.az\/wp-content\/uploads\/2022\/12\/674670fa-alfa-fix-led-light-arabasi.jpg","datePublished":"2022-12-15T12:22:23+00:00","dateModified":"2022-12-15T12:22:25+00:00","breadcrumb":{"@id":"https:\/\/medishop.az\/mehsul\/alfa-fix-led-light-arabasi\/#breadcrumb"},"inLanguage":"ru-RU","potentialAction":[{"@type":"ReadAction","target":["https:\/\/medishop.az\/mehsul\/alfa-fix-led-light-arabasi\/"]}]},{"@type":"ImageObject","inLanguage":"ru-RU","@id":"https:\/\/medishop.az\/mehsul\/alfa-fix-led-light-arabasi\/#primaryimage","url":"https:\/\/medishop.az\/wp-content\/uploads\/2022\/12\/674670fa-alfa-fix-led-light-arabasi.jpg","contentUrl":"https:\/\/medishop.az\/wp-content\/uploads\/2022\/12\/674670fa-alfa-fix-led-light-arabasi.jpg","width":1000,"height":1000},{"@type":"BreadcrumbList","@id":"https:\/\/medishop.az\/mehsul\/alfa-fix-led-light-arabasi\/#breadcrumb","itemListElement":[{"@type":"ListItem","position":1,"name":"\u018fsas","item":"https:\/\/medishop.az\/"},{"@type":"ListItem","position":2,"name":"Ma\u011faza","item":"https:\/\/medishop.az\/ru\/shop\/"},{"@type":"ListItem","position":3,"name":"ALFA-FIX LED LIGHT &#8211; arabas\u0131"}]},{"@type":"WebSite","@id":"https:\/\/medishop.az\/#website","url":"https:\/\/medishop.az\/","name":"Medishop","description":"Onlayn tibbi ma\u011faza","publisher":{"@id":"https:\/\/medishop.az\/#organization"},"potentialAction":[{"@type":"SearchAction","target":{"@type":"EntryPoint","urlTemplate":"https:\/\/medishop.az\/?s={search_term_string}"},"query-input":"required name=search_term_string"}],"inLanguage":"ru-RU"},{"@type":"Organization","@id":"https:\/\/medishop.az\/#organization","name":"Medishop","url":"https:\/\/medishop.az\/","logo":{"@type":"ImageObject","inLanguage":"ru-RU","@id":"https:\/\/medishop.az\/#\/schema\/logo\/image\/","url":"https:\/\/storage.googleapis.com\/stateless-medishop-az\/2022\/12\/logo.png","contentUrl":"https:\/\/storage.googleapis.com\/stateless-medishop-az\/2022\/12\/logo.png","width":300,"height":89,"caption":"Medishop"},"image":{"@id":"https:\/\/medishop.az\/#\/schema\/logo\/image\/"},"sameAs":["https:\/\/www.facebook.com\/medishop.azerbaijan"]}]}},"jetpack_sharing_enabled":true,"_links":{"self":[{"href":"https:\/\/medishop.az\/ru\/wp-json\/wp\/v2\/product\/3554","targetHints":{"allow":["GET"]}}],"collection":[{"href":"https:\/\/medishop.az\/ru\/wp-json\/wp\/v2\/product"}],"about":[{"href":"https:\/\/medishop.az\/ru\/wp-json\/wp\/v2\/types\/product"}],"wp:featuredmedia":[{"embeddable":true,"href":"https:\/\/medishop.az\/ru\/wp-json\/wp\/v2\/media\/3555"}],"wp:attachment":[{"href":"https:\/\/medishop.az\/ru\/wp-json\/wp\/v2\/media?parent=3554"}],"wp:term":[{"taxonomy":"product_cat","embeddable":true,"href":"https:\/\/medishop.az\/ru\/wp-json\/wp\/v2\/product_cat?post=3554"},{"taxonomy":"product_tag","embeddable":true,"href":"https:\/\/medishop.az\/ru\/wp-json\/wp\/v2\/product_tag?post=3554"}],"curies":[{"name":"wp","href":"https:\/\/api.w.org\/{rel}","templated":true}]}}