{"id":3534,"date":"2022-12-15T15:58:54","date_gmt":"2022-12-15T11:58:54","guid":{"rendered":"https:\/\/medishop.az\/?post_type=product&#038;p=3534"},"modified":"2022-12-15T15:58:56","modified_gmt":"2022-12-15T11:58:56","slug":"gima-led-isiq-m%c9%99nb%c9%99yi","status":"publish","type":"product","link":"https:\/\/medishop.az\/ru\/mehsul\/gima-led-isiq-m%c9%99nb%c9%99yi\/","title":{"rendered":"GIMA \u0421\u0412\u0415\u0422\u041e\u0414\u0418\u041e\u0414\u041d\u042b\u0419 \u0418\u0421\u0422\u041e\u0427\u041d\u0418\u041a \u0421\u0412\u0415\u0422\u0410"},"content":{"rendered":"<p>GIMALED 200 K LIGHT SOURCE &#8211; 16 LED<\/p>\n<p>Kompakt, y\u00fcng\u00fcl, endoskopik istifad\u0259 \u00fc\u00e7\u00fcn g\u00fccl\u00fc i\u015f\u0131q m\u0259nb\u0259yi.<br \/>\nA\u015fa\u011f\u0131 s\u0259s-k\u00fcy fan\u0131 i\u015f\u0131q m\u0259nb\u0259yinin metalik qurulu\u015funun daxilind\u0259 laz\u0131mi soyuma t\u0259min edir.<br \/>\nTouch switch d\u0259yi\u015f\u0259n i\u015f\u0131q intensivliyini t\u0259min edir.<\/p>\n<p>\u00c7\u0259kisi: 3 kq<br \/>\nOptional konnektorlar STORZ, WOLF, OLYMPUS, PENTAX, FUJINON kabell\u0259ri<\/p>\n<p>il\u0259 istifad\u0259 imkan verir \u0130stifad\u0259\u00e7i manual in GB, ES, FR, IT, PT.Made<\/p>\n<p>in Italy.<\/p>","protected":false},"excerpt":{"rendered":"<table border=\"0\" width=\"100%\" cellspacing=\"0\" cellpadding=\"0\">\n<tbody>\n<tr>\n<td class=\"menu\" bgcolor=\"#fff9ad\"><span class=\"sezione\">\u0422\u0435\u0445\u043d\u0438\u0447\u0435\u0441\u043a\u0438\u0435 \u0445\u0430\u0440\u0430\u043a\u0442\u0435\u0440\u0438\u0441\u0442\u0438\u043a\u0438<\/span><\/td>\n<\/tr>\n<tr>\n<td class=\"menu\" bgcolor=\"#fff9ad\">Giri\u015f \u00fc\u00e7\u00fcn: GIMA, SCHOLLY v\u0259 LUT kabell\u0259r<br \/>\n2.5 sm-d\u0259 \u0130ll\u00fcminasiya: 147.000 Lux \u00b1 10 %<br \/>\nR\u0259ng temperaturu: 5000 K \u00b1 5%<br \/>\nCRI (R\u0259ng Rendering Index): 89 Ra<br \/>\nMax g\u00fcc absoption: 34 VA<br \/>\nPower supply: 100-240V, 50\/60 Hz LED \u00f6mr\u00fc: 50\/60 Hz<br \/>\nLED \u00f6mr\u00fc: 60.000 saat<br \/>\n\u00d6l\u00e7\u00fc: 27x17x h 11 sm<br \/>\nNormlar: IEC 60601-1, IEC 60601-2-18 II sinif<\/td>\n<\/tr>\n<\/tbody>\n<\/table>","protected":false},"featured_media":3535,"template":"","meta":[],"product_cat":[15],"product_tag":[281],"class_list":{"0":"post-3534","1":"product","2":"type-product","3":"status-publish","4":"has-post-thumbnail","6":"product_cat-diger","7":"product_tag-gima-led","9":"first","10":"instock","11":"shipping-taxable","12":"purchasable","13":"product-type-simple"},"yoast_head":"<!-- This site is optimized with the Yoast SEO plugin v22.7 - https:\/\/yoast.com\/wordpress\/plugins\/seo\/ -->\n<title>GIMA LED \u0130\u015eIQ M\u018fNB\u018fY\u0130 - Medishop<\/title>\n<meta name=\"robots\" content=\"index, follow, max-snippet:-1, max-image-preview:large, max-video-preview:-1\" \/>\n<link rel=\"canonical\" href=\"https:\/\/medishop.az\/ru\/mehsul\/gima-led-isiq-m\u0259nb\u0259yi\/\" \/>\n<meta property=\"og:locale\" content=\"ru_RU\" \/>\n<meta property=\"og:type\" content=\"article\" \/>\n<meta property=\"og:title\" content=\"GIMA LED \u0130\u015eIQ M\u018fNB\u018fY\u0130 - Medishop\" \/>\n<meta property=\"og:description\" content=\"Texniki Spesifikasiyalar   Giri\u015f \u00fc\u00e7\u00fcn: GIMA, SCHOLLY v\u0259 LUT kabell\u0259r 2.5 sm-d\u0259 \u0130ll\u00fcminasiya: 147.000 Lux \u00b1 10 % R\u0259ng temperaturu: 5000 K \u00b1 5% CRI (R\u0259ng Rendering Index): 89 Ra Max g\u00fcc absoption: 34 VA Power supply: 100-240V, 50\/60 Hz LED \u00f6mr\u00fc: 50\/60 Hz LED \u00f6mr\u00fc: 60.000 saat \u00d6l\u00e7\u00fc: 27x17x h 11 sm Normlar: IEC 60601-1, IEC 60601-2-18 II sinif\" \/>\n<meta property=\"og:url\" content=\"https:\/\/medishop.az\/ru\/mehsul\/gima-led-isiq-m\u0259nb\u0259yi\/\" \/>\n<meta property=\"og:site_name\" content=\"Medishop\" \/>\n<meta property=\"article:publisher\" content=\"https:\/\/www.facebook.com\/medishop.azerbaijan\" \/>\n<meta property=\"article:modified_time\" content=\"2022-12-15T11:58:56+00:00\" \/>\n<meta property=\"og:image\" content=\"https:\/\/storage.googleapis.com\/stateless-medishop-az\/2022\/12\/fa135251-gima-led-isiq-m\u018fnb\u018fyi.jpg\" \/>\n\t<meta property=\"og:image:width\" content=\"1000\" \/>\n\t<meta property=\"og:image:height\" content=\"1000\" \/>\n\t<meta property=\"og:image:type\" content=\"image\/jpeg\" \/>\n<meta name=\"twitter:card\" content=\"summary_large_image\" \/>\n<script type=\"application\/ld+json\" class=\"yoast-schema-graph\">{\"@context\":\"https:\/\/schema.org\",\"@graph\":[{\"@type\":\"WebPage\",\"@id\":\"https:\/\/medishop.az\/mehsul\/gima-led-isiq-m%c9%99nb%c9%99yi\/\",\"url\":\"https:\/\/medishop.az\/mehsul\/gima-led-isiq-m%c9%99nb%c9%99yi\/\",\"name\":\"GIMA LED \u0130\u015eIQ M\u018fNB\u018fY\u0130 - Medishop\",\"isPartOf\":{\"@id\":\"https:\/\/medishop.az\/#website\"},\"primaryImageOfPage\":{\"@id\":\"https:\/\/medishop.az\/mehsul\/gima-led-isiq-m%c9%99nb%c9%99yi\/#primaryimage\"},\"image\":{\"@id\":\"https:\/\/medishop.az\/mehsul\/gima-led-isiq-m%c9%99nb%c9%99yi\/#primaryimage\"},\"thumbnailUrl\":\"https:\/\/medishop.az\/wp-content\/uploads\/2022\/12\/fa135251-gima-led-isiq-m\u018fnb\u018fyi.jpg\",\"datePublished\":\"2022-12-15T11:58:54+00:00\",\"dateModified\":\"2022-12-15T11:58:56+00:00\",\"breadcrumb\":{\"@id\":\"https:\/\/medishop.az\/mehsul\/gima-led-isiq-m%c9%99nb%c9%99yi\/#breadcrumb\"},\"inLanguage\":\"ru-RU\",\"potentialAction\":[{\"@type\":\"ReadAction\",\"target\":[\"https:\/\/medishop.az\/mehsul\/gima-led-isiq-m%c9%99nb%c9%99yi\/\"]}]},{\"@type\":\"ImageObject\",\"inLanguage\":\"ru-RU\",\"@id\":\"https:\/\/medishop.az\/mehsul\/gima-led-isiq-m%c9%99nb%c9%99yi\/#primaryimage\",\"url\":\"https:\/\/medishop.az\/wp-content\/uploads\/2022\/12\/fa135251-gima-led-isiq-m\u018fnb\u018fyi.jpg\",\"contentUrl\":\"https:\/\/medishop.az\/wp-content\/uploads\/2022\/12\/fa135251-gima-led-isiq-m\u018fnb\u018fyi.jpg\",\"width\":1000,\"height\":1000},{\"@type\":\"BreadcrumbList\",\"@id\":\"https:\/\/medishop.az\/mehsul\/gima-led-isiq-m%c9%99nb%c9%99yi\/#breadcrumb\",\"itemListElement\":[{\"@type\":\"ListItem\",\"position\":1,\"name\":\"\u018fsas\",\"item\":\"https:\/\/medishop.az\/\"},{\"@type\":\"ListItem\",\"position\":2,\"name\":\"Ma\u011faza\",\"item\":\"https:\/\/medishop.az\/ru\/shop\/\"},{\"@type\":\"ListItem\",\"position\":3,\"name\":\"GIMA LED \u0130\u015eIQ M\u018fNB\u018fY\u0130\"}]},{\"@type\":\"WebSite\",\"@id\":\"https:\/\/medishop.az\/#website\",\"url\":\"https:\/\/medishop.az\/\",\"name\":\"Medishop\",\"description\":\"Onlayn tibbi ma\u011faza\",\"publisher\":{\"@id\":\"https:\/\/medishop.az\/#organization\"},\"potentialAction\":[{\"@type\":\"SearchAction\",\"target\":{\"@type\":\"EntryPoint\",\"urlTemplate\":\"https:\/\/medishop.az\/?s={search_term_string}\"},\"query-input\":\"required name=search_term_string\"}],\"inLanguage\":\"ru-RU\"},{\"@type\":\"Organization\",\"@id\":\"https:\/\/medishop.az\/#organization\",\"name\":\"Medishop\",\"url\":\"https:\/\/medishop.az\/\",\"logo\":{\"@type\":\"ImageObject\",\"inLanguage\":\"ru-RU\",\"@id\":\"https:\/\/medishop.az\/#\/schema\/logo\/image\/\",\"url\":\"https:\/\/storage.googleapis.com\/stateless-medishop-az\/2022\/12\/logo.png\",\"contentUrl\":\"https:\/\/storage.googleapis.com\/stateless-medishop-az\/2022\/12\/logo.png\",\"width\":300,\"height\":89,\"caption\":\"Medishop\"},\"image\":{\"@id\":\"https:\/\/medishop.az\/#\/schema\/logo\/image\/\"},\"sameAs\":[\"https:\/\/www.facebook.com\/medishop.azerbaijan\"]}]}<\/script>\n<!-- \/ Yoast SEO plugin. -->","yoast_head_json":{"title":"GIMA LED \u0130\u015eIQ M\u018fNB\u018fY\u0130 - Medishop","robots":{"index":"index","follow":"follow","max-snippet":"max-snippet:-1","max-image-preview":"max-image-preview:large","max-video-preview":"max-video-preview:-1"},"canonical":"https:\/\/medishop.az\/ru\/mehsul\/gima-led-isiq-m\u0259nb\u0259yi\/","og_locale":"ru_RU","og_type":"article","og_title":"GIMA LED \u0130\u015eIQ M\u018fNB\u018fY\u0130 - Medishop","og_description":"Texniki Spesifikasiyalar   Giri\u015f \u00fc\u00e7\u00fcn: GIMA, SCHOLLY v\u0259 LUT kabell\u0259r 2.5 sm-d\u0259 \u0130ll\u00fcminasiya: 147.000 Lux \u00b1 10 % R\u0259ng temperaturu: 5000 K \u00b1 5% CRI (R\u0259ng Rendering Index): 89 Ra Max g\u00fcc absoption: 34 VA Power supply: 100-240V, 50\/60 Hz LED \u00f6mr\u00fc: 50\/60 Hz LED \u00f6mr\u00fc: 60.000 saat \u00d6l\u00e7\u00fc: 27x17x h 11 sm Normlar: IEC 60601-1, IEC 60601-2-18 II sinif","og_url":"https:\/\/medishop.az\/ru\/mehsul\/gima-led-isiq-m\u0259nb\u0259yi\/","og_site_name":"Medishop","article_publisher":"https:\/\/www.facebook.com\/medishop.azerbaijan","article_modified_time":"2022-12-15T11:58:56+00:00","og_image":[{"width":1000,"height":1000,"url":"https:\/\/storage.googleapis.com\/stateless-medishop-az\/2022\/12\/fa135251-gima-led-isiq-m\u018fnb\u018fyi.jpg","type":"image\/jpeg"}],"twitter_card":"summary_large_image","schema":{"@context":"https:\/\/schema.org","@graph":[{"@type":"WebPage","@id":"https:\/\/medishop.az\/mehsul\/gima-led-isiq-m%c9%99nb%c9%99yi\/","url":"https:\/\/medishop.az\/mehsul\/gima-led-isiq-m%c9%99nb%c9%99yi\/","name":"GIMA LED \u0130\u015eIQ M\u018fNB\u018fY\u0130 - Medishop","isPartOf":{"@id":"https:\/\/medishop.az\/#website"},"primaryImageOfPage":{"@id":"https:\/\/medishop.az\/mehsul\/gima-led-isiq-m%c9%99nb%c9%99yi\/#primaryimage"},"image":{"@id":"https:\/\/medishop.az\/mehsul\/gima-led-isiq-m%c9%99nb%c9%99yi\/#primaryimage"},"thumbnailUrl":"https:\/\/medishop.az\/wp-content\/uploads\/2022\/12\/fa135251-gima-led-isiq-m\u018fnb\u018fyi.jpg","datePublished":"2022-12-15T11:58:54+00:00","dateModified":"2022-12-15T11:58:56+00:00","breadcrumb":{"@id":"https:\/\/medishop.az\/mehsul\/gima-led-isiq-m%c9%99nb%c9%99yi\/#breadcrumb"},"inLanguage":"ru-RU","potentialAction":[{"@type":"ReadAction","target":["https:\/\/medishop.az\/mehsul\/gima-led-isiq-m%c9%99nb%c9%99yi\/"]}]},{"@type":"ImageObject","inLanguage":"ru-RU","@id":"https:\/\/medishop.az\/mehsul\/gima-led-isiq-m%c9%99nb%c9%99yi\/#primaryimage","url":"https:\/\/medishop.az\/wp-content\/uploads\/2022\/12\/fa135251-gima-led-isiq-m\u018fnb\u018fyi.jpg","contentUrl":"https:\/\/medishop.az\/wp-content\/uploads\/2022\/12\/fa135251-gima-led-isiq-m\u018fnb\u018fyi.jpg","width":1000,"height":1000},{"@type":"BreadcrumbList","@id":"https:\/\/medishop.az\/mehsul\/gima-led-isiq-m%c9%99nb%c9%99yi\/#breadcrumb","itemListElement":[{"@type":"ListItem","position":1,"name":"\u018fsas","item":"https:\/\/medishop.az\/"},{"@type":"ListItem","position":2,"name":"Ma\u011faza","item":"https:\/\/medishop.az\/ru\/shop\/"},{"@type":"ListItem","position":3,"name":"GIMA LED \u0130\u015eIQ M\u018fNB\u018fY\u0130"}]},{"@type":"WebSite","@id":"https:\/\/medishop.az\/#website","url":"https:\/\/medishop.az\/","name":"Medishop","description":"Onlayn tibbi ma\u011faza","publisher":{"@id":"https:\/\/medishop.az\/#organization"},"potentialAction":[{"@type":"SearchAction","target":{"@type":"EntryPoint","urlTemplate":"https:\/\/medishop.az\/?s={search_term_string}"},"query-input":"required name=search_term_string"}],"inLanguage":"ru-RU"},{"@type":"Organization","@id":"https:\/\/medishop.az\/#organization","name":"Medishop","url":"https:\/\/medishop.az\/","logo":{"@type":"ImageObject","inLanguage":"ru-RU","@id":"https:\/\/medishop.az\/#\/schema\/logo\/image\/","url":"https:\/\/storage.googleapis.com\/stateless-medishop-az\/2022\/12\/logo.png","contentUrl":"https:\/\/storage.googleapis.com\/stateless-medishop-az\/2022\/12\/logo.png","width":300,"height":89,"caption":"Medishop"},"image":{"@id":"https:\/\/medishop.az\/#\/schema\/logo\/image\/"},"sameAs":["https:\/\/www.facebook.com\/medishop.azerbaijan"]}]}},"jetpack_sharing_enabled":true,"_links":{"self":[{"href":"https:\/\/medishop.az\/ru\/wp-json\/wp\/v2\/product\/3534","targetHints":{"allow":["GET"]}}],"collection":[{"href":"https:\/\/medishop.az\/ru\/wp-json\/wp\/v2\/product"}],"about":[{"href":"https:\/\/medishop.az\/ru\/wp-json\/wp\/v2\/types\/product"}],"wp:featuredmedia":[{"embeddable":true,"href":"https:\/\/medishop.az\/ru\/wp-json\/wp\/v2\/media\/3535"}],"wp:attachment":[{"href":"https:\/\/medishop.az\/ru\/wp-json\/wp\/v2\/media?parent=3534"}],"wp:term":[{"taxonomy":"product_cat","embeddable":true,"href":"https:\/\/medishop.az\/ru\/wp-json\/wp\/v2\/product_cat?post=3534"},{"taxonomy":"product_tag","embeddable":true,"href":"https:\/\/medishop.az\/ru\/wp-json\/wp\/v2\/product_tag?post=3534"}],"curies":[{"name":"wp","href":"https:\/\/api.w.org\/{rel}","templated":true}]}}