{"id":3490,"date":"2022-12-15T14:42:31","date_gmt":"2022-12-15T10:42:31","guid":{"rendered":"https:\/\/medishop.az\/?post_type=product&#038;p=3490"},"modified":"2022-12-15T14:42:32","modified_gmt":"2022-12-15T10:42:32","slug":"yapismayan-bicaq-elektrodu-7-sm-steril","status":"publish","type":"product","link":"https:\/\/medishop.az\/ru\/mehsul\/yapismayan-bicaq-elektrodu-7-sm-steril\/","title":{"rendered":"YAPI\u015eMAYAN B\u0131\u00e7aq ELEKTRODU &#8211; 7 sm &#8211; steril"},"content":{"rendered":"<p>T\u0259k istifad\u0259 Non-Stick elektrod \u00d8 2.4 mm<br \/>\nBlade elektrod &#8211; steril<br \/>\nUzunluq: 7 sm<\/p>\n<p>Teflon \u00f6rt\u00fckl\u00fc, toxuma yap\u0131\u015fmayan.<\/p>","protected":false},"excerpt":{"rendered":"<p>T\u0259k istifad\u0259 Non-Stick elektrod \u00d8 2.4 mm Blade elektrod &#8211; steril Uzunluq: 7 sm Teflon \u00f6rt\u00fckl\u00fc, toxuma yap\u0131\u015fmayan.<\/p>","protected":false},"featured_media":3491,"template":"","meta":[],"product_cat":[15],"product_tag":[276],"class_list":{"0":"post-3490","1":"product","2":"type-product","3":"status-publish","4":"has-post-thumbnail","6":"product_cat-diger","7":"product_tag-bicaq-elektrodu","9":"first","10":"instock","11":"shipping-taxable","12":"purchasable","13":"product-type-simple"},"yoast_head":"<!-- This site is optimized with the Yoast SEO plugin v22.7 - https:\/\/yoast.com\/wordpress\/plugins\/seo\/ -->\n<title>YAPI\u015eMAYAN B\u0131\u00e7aq ELEKTRODU - 7 sm - steril - Medishop<\/title>\n<meta name=\"robots\" content=\"index, follow, max-snippet:-1, max-image-preview:large, max-video-preview:-1\" \/>\n<link rel=\"canonical\" href=\"https:\/\/medishop.az\/ru\/mehsul\/yapismayan-bicaq-elektrodu-7-sm-steril\/\" \/>\n<meta property=\"og:locale\" content=\"ru_RU\" \/>\n<meta property=\"og:type\" content=\"article\" \/>\n<meta property=\"og:title\" content=\"YAPI\u015eMAYAN B\u0131\u00e7aq ELEKTRODU - 7 sm - steril - Medishop\" \/>\n<meta property=\"og:description\" content=\"T\u0259k istifad\u0259 Non-Stick elektrod \u00d8 2.4 mm Blade elektrod &#8211; steril Uzunluq: 7 sm Teflon \u00f6rt\u00fckl\u00fc, toxuma yap\u0131\u015fmayan.\" \/>\n<meta property=\"og:url\" content=\"https:\/\/medishop.az\/ru\/mehsul\/yapismayan-bicaq-elektrodu-7-sm-steril\/\" \/>\n<meta property=\"og:site_name\" content=\"Medishop\" \/>\n<meta property=\"article:publisher\" content=\"https:\/\/www.facebook.com\/medishop.azerbaijan\" \/>\n<meta property=\"article:modified_time\" content=\"2022-12-15T10:42:32+00:00\" \/>\n<meta property=\"og:image\" content=\"https:\/\/storage.googleapis.com\/stateless-medishop-az\/2022\/12\/364f2935-yapismayan-bicaq-elektrodu-7-sm-steril.jpg\" \/>\n\t<meta property=\"og:image:width\" content=\"1000\" \/>\n\t<meta property=\"og:image:height\" content=\"1000\" \/>\n\t<meta property=\"og:image:type\" content=\"image\/jpeg\" \/>\n<meta name=\"twitter:card\" content=\"summary_large_image\" \/>\n<script type=\"application\/ld+json\" class=\"yoast-schema-graph\">{\"@context\":\"https:\/\/schema.org\",\"@graph\":[{\"@type\":\"WebPage\",\"@id\":\"https:\/\/medishop.az\/mehsul\/yapismayan-bicaq-elektrodu-7-sm-steril\/\",\"url\":\"https:\/\/medishop.az\/mehsul\/yapismayan-bicaq-elektrodu-7-sm-steril\/\",\"name\":\"YAPI\u015eMAYAN B\u0131\u00e7aq ELEKTRODU - 7 sm - steril - Medishop\",\"isPartOf\":{\"@id\":\"https:\/\/medishop.az\/#website\"},\"primaryImageOfPage\":{\"@id\":\"https:\/\/medishop.az\/mehsul\/yapismayan-bicaq-elektrodu-7-sm-steril\/#primaryimage\"},\"image\":{\"@id\":\"https:\/\/medishop.az\/mehsul\/yapismayan-bicaq-elektrodu-7-sm-steril\/#primaryimage\"},\"thumbnailUrl\":\"https:\/\/medishop.az\/wp-content\/uploads\/2022\/12\/364f2935-yapismayan-bicaq-elektrodu-7-sm-steril.jpg\",\"datePublished\":\"2022-12-15T10:42:31+00:00\",\"dateModified\":\"2022-12-15T10:42:32+00:00\",\"breadcrumb\":{\"@id\":\"https:\/\/medishop.az\/mehsul\/yapismayan-bicaq-elektrodu-7-sm-steril\/#breadcrumb\"},\"inLanguage\":\"ru-RU\",\"potentialAction\":[{\"@type\":\"ReadAction\",\"target\":[\"https:\/\/medishop.az\/mehsul\/yapismayan-bicaq-elektrodu-7-sm-steril\/\"]}]},{\"@type\":\"ImageObject\",\"inLanguage\":\"ru-RU\",\"@id\":\"https:\/\/medishop.az\/mehsul\/yapismayan-bicaq-elektrodu-7-sm-steril\/#primaryimage\",\"url\":\"https:\/\/medishop.az\/wp-content\/uploads\/2022\/12\/364f2935-yapismayan-bicaq-elektrodu-7-sm-steril.jpg\",\"contentUrl\":\"https:\/\/medishop.az\/wp-content\/uploads\/2022\/12\/364f2935-yapismayan-bicaq-elektrodu-7-sm-steril.jpg\",\"width\":1000,\"height\":1000},{\"@type\":\"BreadcrumbList\",\"@id\":\"https:\/\/medishop.az\/mehsul\/yapismayan-bicaq-elektrodu-7-sm-steril\/#breadcrumb\",\"itemListElement\":[{\"@type\":\"ListItem\",\"position\":1,\"name\":\"\u018fsas\",\"item\":\"https:\/\/medishop.az\/\"},{\"@type\":\"ListItem\",\"position\":2,\"name\":\"Ma\u011faza\",\"item\":\"https:\/\/medishop.az\/ru\/shop\/\"},{\"@type\":\"ListItem\",\"position\":3,\"name\":\"YAPI\u015eMAYAN B\u0131\u00e7aq ELEKTRODU &#8211; 7 sm &#8211; steril\"}]},{\"@type\":\"WebSite\",\"@id\":\"https:\/\/medishop.az\/#website\",\"url\":\"https:\/\/medishop.az\/\",\"name\":\"Medishop\",\"description\":\"Onlayn tibbi ma\u011faza\",\"publisher\":{\"@id\":\"https:\/\/medishop.az\/#organization\"},\"potentialAction\":[{\"@type\":\"SearchAction\",\"target\":{\"@type\":\"EntryPoint\",\"urlTemplate\":\"https:\/\/medishop.az\/?s={search_term_string}\"},\"query-input\":\"required name=search_term_string\"}],\"inLanguage\":\"ru-RU\"},{\"@type\":\"Organization\",\"@id\":\"https:\/\/medishop.az\/#organization\",\"name\":\"Medishop\",\"url\":\"https:\/\/medishop.az\/\",\"logo\":{\"@type\":\"ImageObject\",\"inLanguage\":\"ru-RU\",\"@id\":\"https:\/\/medishop.az\/#\/schema\/logo\/image\/\",\"url\":\"https:\/\/storage.googleapis.com\/stateless-medishop-az\/2022\/12\/logo.png\",\"contentUrl\":\"https:\/\/storage.googleapis.com\/stateless-medishop-az\/2022\/12\/logo.png\",\"width\":300,\"height\":89,\"caption\":\"Medishop\"},\"image\":{\"@id\":\"https:\/\/medishop.az\/#\/schema\/logo\/image\/\"},\"sameAs\":[\"https:\/\/www.facebook.com\/medishop.azerbaijan\"]}]}<\/script>\n<!-- \/ Yoast SEO plugin. -->","yoast_head_json":{"title":"YAPI\u015eMAYAN B\u0131\u00e7aq ELEKTRODU - 7 sm - steril - Medishop","robots":{"index":"index","follow":"follow","max-snippet":"max-snippet:-1","max-image-preview":"max-image-preview:large","max-video-preview":"max-video-preview:-1"},"canonical":"https:\/\/medishop.az\/ru\/mehsul\/yapismayan-bicaq-elektrodu-7-sm-steril\/","og_locale":"ru_RU","og_type":"article","og_title":"YAPI\u015eMAYAN B\u0131\u00e7aq ELEKTRODU - 7 sm - steril - Medishop","og_description":"T\u0259k istifad\u0259 Non-Stick elektrod \u00d8 2.4 mm Blade elektrod &#8211; steril Uzunluq: 7 sm Teflon \u00f6rt\u00fckl\u00fc, toxuma yap\u0131\u015fmayan.","og_url":"https:\/\/medishop.az\/ru\/mehsul\/yapismayan-bicaq-elektrodu-7-sm-steril\/","og_site_name":"Medishop","article_publisher":"https:\/\/www.facebook.com\/medishop.azerbaijan","article_modified_time":"2022-12-15T10:42:32+00:00","og_image":[{"width":1000,"height":1000,"url":"https:\/\/storage.googleapis.com\/stateless-medishop-az\/2022\/12\/364f2935-yapismayan-bicaq-elektrodu-7-sm-steril.jpg","type":"image\/jpeg"}],"twitter_card":"summary_large_image","schema":{"@context":"https:\/\/schema.org","@graph":[{"@type":"WebPage","@id":"https:\/\/medishop.az\/mehsul\/yapismayan-bicaq-elektrodu-7-sm-steril\/","url":"https:\/\/medishop.az\/mehsul\/yapismayan-bicaq-elektrodu-7-sm-steril\/","name":"YAPI\u015eMAYAN B\u0131\u00e7aq ELEKTRODU - 7 sm - steril - Medishop","isPartOf":{"@id":"https:\/\/medishop.az\/#website"},"primaryImageOfPage":{"@id":"https:\/\/medishop.az\/mehsul\/yapismayan-bicaq-elektrodu-7-sm-steril\/#primaryimage"},"image":{"@id":"https:\/\/medishop.az\/mehsul\/yapismayan-bicaq-elektrodu-7-sm-steril\/#primaryimage"},"thumbnailUrl":"https:\/\/medishop.az\/wp-content\/uploads\/2022\/12\/364f2935-yapismayan-bicaq-elektrodu-7-sm-steril.jpg","datePublished":"2022-12-15T10:42:31+00:00","dateModified":"2022-12-15T10:42:32+00:00","breadcrumb":{"@id":"https:\/\/medishop.az\/mehsul\/yapismayan-bicaq-elektrodu-7-sm-steril\/#breadcrumb"},"inLanguage":"ru-RU","potentialAction":[{"@type":"ReadAction","target":["https:\/\/medishop.az\/mehsul\/yapismayan-bicaq-elektrodu-7-sm-steril\/"]}]},{"@type":"ImageObject","inLanguage":"ru-RU","@id":"https:\/\/medishop.az\/mehsul\/yapismayan-bicaq-elektrodu-7-sm-steril\/#primaryimage","url":"https:\/\/medishop.az\/wp-content\/uploads\/2022\/12\/364f2935-yapismayan-bicaq-elektrodu-7-sm-steril.jpg","contentUrl":"https:\/\/medishop.az\/wp-content\/uploads\/2022\/12\/364f2935-yapismayan-bicaq-elektrodu-7-sm-steril.jpg","width":1000,"height":1000},{"@type":"BreadcrumbList","@id":"https:\/\/medishop.az\/mehsul\/yapismayan-bicaq-elektrodu-7-sm-steril\/#breadcrumb","itemListElement":[{"@type":"ListItem","position":1,"name":"\u018fsas","item":"https:\/\/medishop.az\/"},{"@type":"ListItem","position":2,"name":"Ma\u011faza","item":"https:\/\/medishop.az\/ru\/shop\/"},{"@type":"ListItem","position":3,"name":"YAPI\u015eMAYAN B\u0131\u00e7aq ELEKTRODU &#8211; 7 sm &#8211; steril"}]},{"@type":"WebSite","@id":"https:\/\/medishop.az\/#website","url":"https:\/\/medishop.az\/","name":"Medishop","description":"Onlayn tibbi ma\u011faza","publisher":{"@id":"https:\/\/medishop.az\/#organization"},"potentialAction":[{"@type":"SearchAction","target":{"@type":"EntryPoint","urlTemplate":"https:\/\/medishop.az\/?s={search_term_string}"},"query-input":"required name=search_term_string"}],"inLanguage":"ru-RU"},{"@type":"Organization","@id":"https:\/\/medishop.az\/#organization","name":"Medishop","url":"https:\/\/medishop.az\/","logo":{"@type":"ImageObject","inLanguage":"ru-RU","@id":"https:\/\/medishop.az\/#\/schema\/logo\/image\/","url":"https:\/\/storage.googleapis.com\/stateless-medishop-az\/2022\/12\/logo.png","contentUrl":"https:\/\/storage.googleapis.com\/stateless-medishop-az\/2022\/12\/logo.png","width":300,"height":89,"caption":"Medishop"},"image":{"@id":"https:\/\/medishop.az\/#\/schema\/logo\/image\/"},"sameAs":["https:\/\/www.facebook.com\/medishop.azerbaijan"]}]}},"jetpack_sharing_enabled":true,"_links":{"self":[{"href":"https:\/\/medishop.az\/ru\/wp-json\/wp\/v2\/product\/3490","targetHints":{"allow":["GET"]}}],"collection":[{"href":"https:\/\/medishop.az\/ru\/wp-json\/wp\/v2\/product"}],"about":[{"href":"https:\/\/medishop.az\/ru\/wp-json\/wp\/v2\/types\/product"}],"wp:featuredmedia":[{"embeddable":true,"href":"https:\/\/medishop.az\/ru\/wp-json\/wp\/v2\/media\/3491"}],"wp:attachment":[{"href":"https:\/\/medishop.az\/ru\/wp-json\/wp\/v2\/media?parent=3490"}],"wp:term":[{"taxonomy":"product_cat","embeddable":true,"href":"https:\/\/medishop.az\/ru\/wp-json\/wp\/v2\/product_cat?post=3490"},{"taxonomy":"product_tag","embeddable":true,"href":"https:\/\/medishop.az\/ru\/wp-json\/wp\/v2\/product_tag?post=3490"}],"curies":[{"name":"wp","href":"https:\/\/api.w.org\/{rel}","templated":true}]}}