{"id":3488,"date":"2022-12-15T14:40:21","date_gmt":"2022-12-15T10:40:21","guid":{"rendered":"https:\/\/medishop.az\/?post_type=product&#038;p=3488"},"modified":"2022-12-15T14:40:22","modified_gmt":"2022-12-15T10:40:22","slug":"set-10-elektrod-5-sm-30501-30510","status":"publish","type":"product","link":"https:\/\/medishop.az\/ru\/mehsul\/set-10-elektrod-5-sm-30501-30510\/","title":{"rendered":"SET 10 ELEKTROD &#8211; 5 sm (30501-30510)"},"content":{"rendered":"<p>10 \u0259d\u0259d avtokliavable elektrodlar\u0131n d\u0259sti \u00d8 2,4 mm.Uzunluq<br \/>\n: 5 sm<\/p>\n<p>The Setd\u0259n ibar\u0259tdir:<br \/>\n\u2022 Elektrod tel 0.2 &#8211; d\u00fcz (kod 30501) &#8211; Istinad n\u00f6mr\u0259si: 1<br \/>\n\u2022 Elektrod tel 0.2 &#8211; bucaql\u0131 45\u00b0 (kod 30502) &#8211; Referans say\u0131: 2<br \/>\n\u2022 Elektrod \u0259yilm\u0259si &#8211; \u00d8 4 &#8211; d\u00fcz (kod 30503) &#8211; Istinad n\u00f6mr\u0259si: 3<br \/>\n\u2022 Elektrod bend &#8211; \u00d8 8 &#8211; d\u00fcz (kod 30504) &#8211; Istinad n\u00f6mr\u0259si: 4<br \/>\n\u2022 Elektrod ilg\u0259k &#8211; bucaql\u0131 45\u00b0 (kod 30505) &#8211; Istinad n\u00f6mr\u0259si: 5<br \/>\n\u2022 Elektrod tel 1 mm.- bucaql\u0131 45\u00b0 (kod 30506) &#8211; Istinad n\u00f6mr\u0259si: 6<br \/>\n\u2022 Elektrod d\u00fcz slip-knot &#8211; d\u00fcz (kod 30507) &#8211; Istinad n\u00f6mr\u0259si: 7<br \/>\n\u2022 Elektrod bucaql\u0131 slip-knot &#8211; d\u00fcz (kod 30508) &#8211; Istinad say\u0131: 8\u2022 Elektrod top n\u00f6qt\u0259si: 8<br \/>\n\u2022 Elektrod top n\u00f6qt\u0259si &#8211; \u00d8 3 mm &#8211; bucaql\u0131 45\u00b0 (kod 30509) 45\u00b0 (kod 30509) &#8211; Referat say\u0131: 9<br \/>\n\u2022 Elektrod top n\u00f6qt\u0259si &#8211; \u00d8 3 mm &#8211; d\u00fcz (kod 30510) &#8211; Istinad n\u00f6mr\u0259si: 10<\/p>\n<p>AUTOCLAVABLE 30 D\u018fF\u018f<\/p>","protected":false},"excerpt":{"rendered":"<p>10 \u0259d\u0259d avtokliavable elektrodlar\u0131n d\u0259sti \u00d8 2,4 mm.Uzunluq : 5 sm The Setd\u0259n ibar\u0259tdir: \u2022 Elektrod tel 0.2 &#8211; d\u00fcz (kod 30501) &#8211; Istinad n\u00f6mr\u0259si: 1 \u2022 Elektrod tel 0.2<\/p>","protected":false},"featured_media":3489,"template":"","meta":[],"product_cat":[15],"product_tag":[275],"class_list":{"0":"post-3488","1":"product","2":"type-product","3":"status-publish","4":"has-post-thumbnail","6":"product_cat-diger","7":"product_tag-elektrod","9":"first","10":"instock","11":"shipping-taxable","12":"purchasable","13":"product-type-simple"},"yoast_head":"<!-- This site is optimized with the Yoast SEO plugin v22.7 - https:\/\/yoast.com\/wordpress\/plugins\/seo\/ -->\n<title>SET 10 ELEKTROD - 5 sm (30501-30510) - Medishop<\/title>\n<meta name=\"robots\" content=\"index, follow, max-snippet:-1, max-image-preview:large, max-video-preview:-1\" \/>\n<link rel=\"canonical\" href=\"https:\/\/medishop.az\/ru\/mehsul\/set-10-elektrod-5-sm-30501-30510\/\" \/>\n<meta property=\"og:locale\" content=\"ru_RU\" \/>\n<meta property=\"og:type\" content=\"article\" \/>\n<meta property=\"og:title\" content=\"SET 10 ELEKTROD - 5 sm (30501-30510) - Medishop\" \/>\n<meta property=\"og:description\" content=\"10 \u0259d\u0259d avtokliavable elektrodlar\u0131n d\u0259sti \u00d8 2,4 mm.Uzunluq : 5 sm The Setd\u0259n ibar\u0259tdir: \u2022 Elektrod tel 0.2 &#8211; d\u00fcz (kod 30501) &#8211; Istinad n\u00f6mr\u0259si: 1 \u2022 Elektrod tel 0.2\" \/>\n<meta property=\"og:url\" content=\"https:\/\/medishop.az\/ru\/mehsul\/set-10-elektrod-5-sm-30501-30510\/\" \/>\n<meta property=\"og:site_name\" content=\"Medishop\" \/>\n<meta property=\"article:publisher\" content=\"https:\/\/www.facebook.com\/medishop.azerbaijan\" \/>\n<meta property=\"article:modified_time\" content=\"2022-12-15T10:40:22+00:00\" \/>\n<meta property=\"og:image\" content=\"https:\/\/storage.googleapis.com\/stateless-medishop-az\/2022\/12\/fc5c77b3-set-10-elektrod-5-sm-30501-30510.jpg\" \/>\n\t<meta property=\"og:image:width\" content=\"1000\" \/>\n\t<meta property=\"og:image:height\" content=\"1000\" \/>\n\t<meta property=\"og:image:type\" content=\"image\/jpeg\" \/>\n<meta name=\"twitter:card\" content=\"summary_large_image\" \/>\n<meta name=\"twitter:label1\" content=\"\u041f\u0440\u0438\u043c\u0435\u0440\u043d\u043e\u0435 \u0432\u0440\u0435\u043c\u044f \u0434\u043b\u044f \u0447\u0442\u0435\u043d\u0438\u044f\" \/>\n\t<meta name=\"twitter:data1\" content=\"1 \u043c\u0438\u043d\u0443\u0442\u0430\" \/>\n<script type=\"application\/ld+json\" class=\"yoast-schema-graph\">{\"@context\":\"https:\/\/schema.org\",\"@graph\":[{\"@type\":\"WebPage\",\"@id\":\"https:\/\/medishop.az\/mehsul\/set-10-elektrod-5-sm-30501-30510\/\",\"url\":\"https:\/\/medishop.az\/mehsul\/set-10-elektrod-5-sm-30501-30510\/\",\"name\":\"SET 10 ELEKTROD - 5 sm (30501-30510) - Medishop\",\"isPartOf\":{\"@id\":\"https:\/\/medishop.az\/#website\"},\"primaryImageOfPage\":{\"@id\":\"https:\/\/medishop.az\/mehsul\/set-10-elektrod-5-sm-30501-30510\/#primaryimage\"},\"image\":{\"@id\":\"https:\/\/medishop.az\/mehsul\/set-10-elektrod-5-sm-30501-30510\/#primaryimage\"},\"thumbnailUrl\":\"https:\/\/medishop.az\/wp-content\/uploads\/2022\/12\/fc5c77b3-set-10-elektrod-5-sm-30501-30510.jpg\",\"datePublished\":\"2022-12-15T10:40:21+00:00\",\"dateModified\":\"2022-12-15T10:40:22+00:00\",\"breadcrumb\":{\"@id\":\"https:\/\/medishop.az\/mehsul\/set-10-elektrod-5-sm-30501-30510\/#breadcrumb\"},\"inLanguage\":\"ru-RU\",\"potentialAction\":[{\"@type\":\"ReadAction\",\"target\":[\"https:\/\/medishop.az\/mehsul\/set-10-elektrod-5-sm-30501-30510\/\"]}]},{\"@type\":\"ImageObject\",\"inLanguage\":\"ru-RU\",\"@id\":\"https:\/\/medishop.az\/mehsul\/set-10-elektrod-5-sm-30501-30510\/#primaryimage\",\"url\":\"https:\/\/medishop.az\/wp-content\/uploads\/2022\/12\/fc5c77b3-set-10-elektrod-5-sm-30501-30510.jpg\",\"contentUrl\":\"https:\/\/medishop.az\/wp-content\/uploads\/2022\/12\/fc5c77b3-set-10-elektrod-5-sm-30501-30510.jpg\",\"width\":1000,\"height\":1000},{\"@type\":\"BreadcrumbList\",\"@id\":\"https:\/\/medishop.az\/mehsul\/set-10-elektrod-5-sm-30501-30510\/#breadcrumb\",\"itemListElement\":[{\"@type\":\"ListItem\",\"position\":1,\"name\":\"\u018fsas\",\"item\":\"https:\/\/medishop.az\/\"},{\"@type\":\"ListItem\",\"position\":2,\"name\":\"Ma\u011faza\",\"item\":\"https:\/\/medishop.az\/ru\/shop\/\"},{\"@type\":\"ListItem\",\"position\":3,\"name\":\"SET 10 ELEKTROD &#8211; 5 sm (30501-30510)\"}]},{\"@type\":\"WebSite\",\"@id\":\"https:\/\/medishop.az\/#website\",\"url\":\"https:\/\/medishop.az\/\",\"name\":\"Medishop\",\"description\":\"Onlayn tibbi ma\u011faza\",\"publisher\":{\"@id\":\"https:\/\/medishop.az\/#organization\"},\"potentialAction\":[{\"@type\":\"SearchAction\",\"target\":{\"@type\":\"EntryPoint\",\"urlTemplate\":\"https:\/\/medishop.az\/?s={search_term_string}\"},\"query-input\":\"required name=search_term_string\"}],\"inLanguage\":\"ru-RU\"},{\"@type\":\"Organization\",\"@id\":\"https:\/\/medishop.az\/#organization\",\"name\":\"Medishop\",\"url\":\"https:\/\/medishop.az\/\",\"logo\":{\"@type\":\"ImageObject\",\"inLanguage\":\"ru-RU\",\"@id\":\"https:\/\/medishop.az\/#\/schema\/logo\/image\/\",\"url\":\"https:\/\/storage.googleapis.com\/stateless-medishop-az\/2022\/12\/logo.png\",\"contentUrl\":\"https:\/\/storage.googleapis.com\/stateless-medishop-az\/2022\/12\/logo.png\",\"width\":300,\"height\":89,\"caption\":\"Medishop\"},\"image\":{\"@id\":\"https:\/\/medishop.az\/#\/schema\/logo\/image\/\"},\"sameAs\":[\"https:\/\/www.facebook.com\/medishop.azerbaijan\"]}]}<\/script>\n<!-- \/ Yoast SEO plugin. -->","yoast_head_json":{"title":"SET 10 ELEKTROD - 5 sm (30501-30510) - Medishop","robots":{"index":"index","follow":"follow","max-snippet":"max-snippet:-1","max-image-preview":"max-image-preview:large","max-video-preview":"max-video-preview:-1"},"canonical":"https:\/\/medishop.az\/ru\/mehsul\/set-10-elektrod-5-sm-30501-30510\/","og_locale":"ru_RU","og_type":"article","og_title":"SET 10 ELEKTROD - 5 sm (30501-30510) - Medishop","og_description":"10 \u0259d\u0259d avtokliavable elektrodlar\u0131n d\u0259sti \u00d8 2,4 mm.Uzunluq : 5 sm The Setd\u0259n ibar\u0259tdir: \u2022 Elektrod tel 0.2 &#8211; d\u00fcz (kod 30501) &#8211; Istinad n\u00f6mr\u0259si: 1 \u2022 Elektrod tel 0.2","og_url":"https:\/\/medishop.az\/ru\/mehsul\/set-10-elektrod-5-sm-30501-30510\/","og_site_name":"Medishop","article_publisher":"https:\/\/www.facebook.com\/medishop.azerbaijan","article_modified_time":"2022-12-15T10:40:22+00:00","og_image":[{"width":1000,"height":1000,"url":"https:\/\/storage.googleapis.com\/stateless-medishop-az\/2022\/12\/fc5c77b3-set-10-elektrod-5-sm-30501-30510.jpg","type":"image\/jpeg"}],"twitter_card":"summary_large_image","twitter_misc":{"\u041f\u0440\u0438\u043c\u0435\u0440\u043d\u043e\u0435 \u0432\u0440\u0435\u043c\u044f \u0434\u043b\u044f \u0447\u0442\u0435\u043d\u0438\u044f":"1 \u043c\u0438\u043d\u0443\u0442\u0430"},"schema":{"@context":"https:\/\/schema.org","@graph":[{"@type":"WebPage","@id":"https:\/\/medishop.az\/mehsul\/set-10-elektrod-5-sm-30501-30510\/","url":"https:\/\/medishop.az\/mehsul\/set-10-elektrod-5-sm-30501-30510\/","name":"SET 10 ELEKTROD - 5 sm (30501-30510) - Medishop","isPartOf":{"@id":"https:\/\/medishop.az\/#website"},"primaryImageOfPage":{"@id":"https:\/\/medishop.az\/mehsul\/set-10-elektrod-5-sm-30501-30510\/#primaryimage"},"image":{"@id":"https:\/\/medishop.az\/mehsul\/set-10-elektrod-5-sm-30501-30510\/#primaryimage"},"thumbnailUrl":"https:\/\/medishop.az\/wp-content\/uploads\/2022\/12\/fc5c77b3-set-10-elektrod-5-sm-30501-30510.jpg","datePublished":"2022-12-15T10:40:21+00:00","dateModified":"2022-12-15T10:40:22+00:00","breadcrumb":{"@id":"https:\/\/medishop.az\/mehsul\/set-10-elektrod-5-sm-30501-30510\/#breadcrumb"},"inLanguage":"ru-RU","potentialAction":[{"@type":"ReadAction","target":["https:\/\/medishop.az\/mehsul\/set-10-elektrod-5-sm-30501-30510\/"]}]},{"@type":"ImageObject","inLanguage":"ru-RU","@id":"https:\/\/medishop.az\/mehsul\/set-10-elektrod-5-sm-30501-30510\/#primaryimage","url":"https:\/\/medishop.az\/wp-content\/uploads\/2022\/12\/fc5c77b3-set-10-elektrod-5-sm-30501-30510.jpg","contentUrl":"https:\/\/medishop.az\/wp-content\/uploads\/2022\/12\/fc5c77b3-set-10-elektrod-5-sm-30501-30510.jpg","width":1000,"height":1000},{"@type":"BreadcrumbList","@id":"https:\/\/medishop.az\/mehsul\/set-10-elektrod-5-sm-30501-30510\/#breadcrumb","itemListElement":[{"@type":"ListItem","position":1,"name":"\u018fsas","item":"https:\/\/medishop.az\/"},{"@type":"ListItem","position":2,"name":"Ma\u011faza","item":"https:\/\/medishop.az\/ru\/shop\/"},{"@type":"ListItem","position":3,"name":"SET 10 ELEKTROD &#8211; 5 sm (30501-30510)"}]},{"@type":"WebSite","@id":"https:\/\/medishop.az\/#website","url":"https:\/\/medishop.az\/","name":"Medishop","description":"Onlayn tibbi ma\u011faza","publisher":{"@id":"https:\/\/medishop.az\/#organization"},"potentialAction":[{"@type":"SearchAction","target":{"@type":"EntryPoint","urlTemplate":"https:\/\/medishop.az\/?s={search_term_string}"},"query-input":"required name=search_term_string"}],"inLanguage":"ru-RU"},{"@type":"Organization","@id":"https:\/\/medishop.az\/#organization","name":"Medishop","url":"https:\/\/medishop.az\/","logo":{"@type":"ImageObject","inLanguage":"ru-RU","@id":"https:\/\/medishop.az\/#\/schema\/logo\/image\/","url":"https:\/\/storage.googleapis.com\/stateless-medishop-az\/2022\/12\/logo.png","contentUrl":"https:\/\/storage.googleapis.com\/stateless-medishop-az\/2022\/12\/logo.png","width":300,"height":89,"caption":"Medishop"},"image":{"@id":"https:\/\/medishop.az\/#\/schema\/logo\/image\/"},"sameAs":["https:\/\/www.facebook.com\/medishop.azerbaijan"]}]}},"jetpack_sharing_enabled":true,"_links":{"self":[{"href":"https:\/\/medishop.az\/ru\/wp-json\/wp\/v2\/product\/3488","targetHints":{"allow":["GET"]}}],"collection":[{"href":"https:\/\/medishop.az\/ru\/wp-json\/wp\/v2\/product"}],"about":[{"href":"https:\/\/medishop.az\/ru\/wp-json\/wp\/v2\/types\/product"}],"wp:featuredmedia":[{"embeddable":true,"href":"https:\/\/medishop.az\/ru\/wp-json\/wp\/v2\/media\/3489"}],"wp:attachment":[{"href":"https:\/\/medishop.az\/ru\/wp-json\/wp\/v2\/media?parent=3488"}],"wp:term":[{"taxonomy":"product_cat","embeddable":true,"href":"https:\/\/medishop.az\/ru\/wp-json\/wp\/v2\/product_cat?post=3488"},{"taxonomy":"product_tag","embeddable":true,"href":"https:\/\/medishop.az\/ru\/wp-json\/wp\/v2\/product_tag?post=3488"}],"curies":[{"name":"wp","href":"https:\/\/api.w.org\/{rel}","templated":true}]}}