{"id":3477,"date":"2022-12-15T14:32:45","date_gmt":"2022-12-15T10:32:45","guid":{"rendered":"https:\/\/medishop.az\/?post_type=product&#038;p=3477"},"modified":"2022-12-15T14:32:46","modified_gmt":"2022-12-15T10:32:46","slug":"diatermo-mb-400-touch","status":"publish","type":"product","link":"https:\/\/medishop.az\/ru\/mehsul\/diatermo-mb-400-touch\/","title":{"rendered":"DIATERMO MB 400 TOUCH"},"content":{"rendered":"<p>\u0130ki c\u0259rrah\u0131n eyni vaxtda i\u015fl\u0259m\u0259sin\u0259 imkan ver\u0259n yeni n\u0259sil elektro\u015firin.<\/p>\n<p>Monopolyar v\u0259 bipolyar modall\u0131q \u015f\u0259raitind\u0259 mikroc\u0259rrahiyy\u0259 v\u0259 d\u0259qiq c\u0259rrahiy\u0259 \u00fc\u00e7\u00fcn m\u00fcnasib olan radiofreqens generatoru.<br \/>\nYeni Diatermo MB 400<br \/>\nTOUCH-un sad\u0259liyi \u00f6yr\u0259nm\u0259 vaxt\u0131 olmadan ondan istifad\u0259 etm\u0259y\u0259 imkan verir, n\u0259tic\u0259d\u0259 vaxta q\u0259na\u0259t edilir.<br \/>\n\u0130lk qur\u011fu v\u0259 t\u0259yin d\u00fcz\u0259li\u015fl\u0259r, \u0259m\u0259liyyat zaman\u0131, asanl\u0131qla b\u00f6y\u00fck touchscreen vasit\u0259sil\u0259 se\u00e7il\u0259 bil\u0259r.<\/p>\n<p>Performans, istifad\u0259, dizayn v\u0259 etibarl\u0131l\u0131q<br \/>\n&#8211; monopol v\u0259 bipolyar<br \/>\n&#8211; m\u00fcasir ikili monopoliyan\u0131n eyni vaxtda aktivl\u0259\u015fm\u0259si<br \/>\n&#8211; m\u00fcasir ikili bipolyar<br \/>\n&#8211; g\u00fcc n\u0259zar\u0259ti impedance<br \/>\n&#8211; aktivl\u0259\u015fdirm\u0259 g\u00fcc\u00fcnd\u0259n as\u0131l\u0131d\u0131r pedal v\u0259 \/ v\u0259 ya \u0259l-q\u0259l\u0259m<br \/>\n&#8211; neytral-x\u0259st\u0259 elektrod kontakt n\u0259zar\u0259t<br \/>\n&#8211; salin h\u0259lli alt\u0131nda k\u0259silm\u0259 funksiyas\u0131 TUR<br \/>\n&#8211; modular k\u0259silmi\u015f n\u0259mli \u015f\u0259raitd\u0259 BLEND<br \/>\n&#8211; damar m\u00f6h\u00fcrl\u0259nm\u0259si 7 mm<br \/>\n&#8211; \u0259 q\u0259d\u0259r klapanl\u0131 qablara minimal invaziv c\u0259rrahiyy\u0259<br \/>\n\u00fc\u00e7\u00fcn istifad\u0259 imkan\u0131- monopoliya \/ bipolyar funksiyalar<br \/>\n&#8211; auto-start \/ auto-stop in bipolar modality<br \/>\n&#8211; adjusting s\u0259s intensivliyi<\/p>\n<p>An intuitiv v\u0259 m\u0259ntiqi i\u015f m\u00fchiti<br \/>\nDiatermo MB 400 TOUCH x\u00fcsusi \u0259sas v\u0259 intuitiv i\u015f m\u00fchitin\u0259 malikdir. Monitorlar, RGB i\u015f\u0131q g\u00f6st\u0259ricil\u0259ri v\u0259 ba\u011flay\u0131c\u0131lar aras\u0131nda<br \/>\n\u00fcf\u00fcqi uy\u011funluq ayd\u0131n v\u0259 asan oxunan \u00fcmumi bax\u0131\u015f verir.<br \/>\nAksesuar soketl\u0259ri sonradan yerl\u0259\u015fdirilir. Bunun say\u0259sind\u0259 siz vacib m\u0259lumatlar\u0131 ba\u011flay\u0131c\u0131lar\u0131n v\u0259 b\u0259rkidilmi\u015f aksesuar kabell\u0259rinin m\u00fcdaxil\u0259si olmadan idar\u0259 ed\u0259 bil\u0259rsiniz.<br \/>\n\u015elaqlaq yast\u0131 \u00f6n\u00fc il\u0259 dizayn edilmi\u015f b\u00f6y\u00fck 9&#8243; kapasitiv touchscreen \u0259m\u0259liyyat ota\u011f\u0131nda daha s\u00fcr\u0259tli v\u0259 keyfiyy\u0259tli t\u0259mizliyi t\u0259min edir.<br \/>\n\u0130nc\u0259s\u0259n\u0259t cihaz\u0131n\u0131n<\/p>\n<p>v\u0259ziyy\u0259ti erqonomik v\u0259 t\u0259hl\u00fck\u0259sizlik h\u0259ll\u0259ri il\u0259 Y\u00fcks\u0259k pe\u015f\u0259kar c\u0259rrahiyy\u0259.<br \/>\nNeytral elektrod ba\u011flant\u0131s\u0131 daim n\u0259zar\u0259td\u0259 saxlan\u0131l\u0131r: \u0259g\u0259r b\u00f6l\u00fcnm\u00fc\u015f neytral platadan istifad\u0259 edil\u0259rs\u0259, cihaz x\u0259st\u0259 il\u0259 elektrod aras\u0131ndak\u0131 \u0259laq\u0259y\u0259 n\u0259zar\u0259t ed\u0259c\u0259k.<br \/>\nFunksiyalar\u0131n d\u0259yi\u015fdirilm\u0259si v\u0259 elektrik enerjisi t\u0259chizat\u0131n\u0131 \u0259l-qoldan t\u0259yin etm\u0259k imkan\u0131, diqq\u0259ti \u0259m\u0259liyyat sah\u0259sind\u0259n yay\u0131nd\u0131rmadan c\u0259rrahi \u0259m\u0259liyyatlar h\u0259yata ke\u00e7irm\u0259y\u0259 imkan verir.<\/p>\n<p>Sad\u0259, funksional v\u0259 intuitiv i\u015f t\u0259cr\u00fcb\u0259sini t\u0259min etm\u0259k \u00fc\u00e7\u00fcn Proqram Developed<br \/>\n. Bir barmaq toxunu\u015fu<br \/>\nvasit\u0259sil\u0259 a\u011f v\u0259 ya qara ekrandan se\u00e7im ed\u0259 bil\u0259rsiniz, nec\u0259 \u00f6zelle\u015ftirmek v\u0259 i\u015f ayarlar\u0131n\u0131z\u0131 xilas etm\u0259k, k\u0259sm\u0259 v\u0259 ya koaqulyasiya g\u00fcc\u00fcn\u00fc d\u0259yi\u015fdirm\u0259k v\u0259 h\u0259r bir cihaz funksiyas\u0131n\u0131 idar\u0259 etm\u0259k.<\/p>\n<p>T\u00f6vsiy\u0259 olunur: QASTROENTEROLOGIYA, \u00dcMUMI C\u018fRRAHIYY\u018f, NEYROC\u018fRRAHIYY\u018f, ORTOPEDIYA, PEDIATRIK C\u018fRRAHIYY\u018f, PLASTIK C\u018fRRAHIYY\u018f, THORAX C\u018fRRAHIYY\u018fSI, TRANS URETHRAL REZECTION (TUR), UROLOGIYA<\/p>\n<p>\u00fc\u00e7\u00fcn istifad\u0259 edil\u0259 BIL\u018fR: DERMATOLOG\u0130ya, ENDOSKOP\u0130ya, GINEKOLOGIYA, OTORHINOLARYNGOLOGY, PNUMOLOGY, DAMAR C\u018fRRAHIYY\u018fSI, VETERINARY<\/p>","protected":false},"excerpt":{"rendered":"<p>\u0130ki c\u0259rrah\u0131n eyni vaxtda i\u015fl\u0259m\u0259sin\u0259 imkan ver\u0259n yeni n\u0259sil elektro\u015firin. Monopolyar v\u0259 bipolyar modall\u0131q \u015f\u0259raitind\u0259 mikroc\u0259rrahiyy\u0259 v\u0259 d\u0259qiq c\u0259rrahiy\u0259 \u00fc\u00e7\u00fcn m\u00fcnasib olan radiofreqens generatoru. Yeni Diatermo MB 400 TOUCH-un sad\u0259liyi<\/p>","protected":false},"featured_media":3478,"template":"","meta":[],"product_cat":[15],"product_tag":[272],"class_list":{"0":"post-3477","1":"product","2":"type-product","3":"status-publish","4":"has-post-thumbnail","6":"product_cat-diger","7":"product_tag-diatermo","9":"first","10":"instock","11":"shipping-taxable","12":"purchasable","13":"product-type-simple"},"yoast_head":"<!-- This site is optimized with the Yoast SEO plugin v22.7 - https:\/\/yoast.com\/wordpress\/plugins\/seo\/ -->\n<title>DIATERMO MB 400 TOUCH - Medishop<\/title>\n<meta name=\"robots\" content=\"index, follow, max-snippet:-1, max-image-preview:large, max-video-preview:-1\" \/>\n<link rel=\"canonical\" href=\"https:\/\/medishop.az\/ru\/mehsul\/diatermo-mb-400-touch\/\" \/>\n<meta property=\"og:locale\" content=\"ru_RU\" \/>\n<meta property=\"og:type\" content=\"article\" \/>\n<meta property=\"og:title\" content=\"DIATERMO MB 400 TOUCH - Medishop\" \/>\n<meta property=\"og:description\" content=\"\u0130ki c\u0259rrah\u0131n eyni vaxtda i\u015fl\u0259m\u0259sin\u0259 imkan ver\u0259n yeni n\u0259sil elektro\u015firin. Monopolyar v\u0259 bipolyar modall\u0131q \u015f\u0259raitind\u0259 mikroc\u0259rrahiyy\u0259 v\u0259 d\u0259qiq c\u0259rrahiy\u0259 \u00fc\u00e7\u00fcn m\u00fcnasib olan radiofreqens generatoru. Yeni Diatermo MB 400 TOUCH-un sad\u0259liyi\" \/>\n<meta property=\"og:url\" content=\"https:\/\/medishop.az\/ru\/mehsul\/diatermo-mb-400-touch\/\" \/>\n<meta property=\"og:site_name\" content=\"Medishop\" \/>\n<meta property=\"article:publisher\" content=\"https:\/\/www.facebook.com\/medishop.azerbaijan\" \/>\n<meta property=\"article:modified_time\" content=\"2022-12-15T10:32:46+00:00\" \/>\n<meta property=\"og:image\" content=\"https:\/\/storage.googleapis.com\/stateless-medishop-az\/2022\/12\/9768e2a7-diatermo-mb-400-touch.jpg\" \/>\n\t<meta property=\"og:image:width\" content=\"1000\" \/>\n\t<meta property=\"og:image:height\" content=\"1000\" \/>\n\t<meta property=\"og:image:type\" content=\"image\/jpeg\" \/>\n<meta name=\"twitter:card\" content=\"summary_large_image\" \/>\n<meta name=\"twitter:label1\" content=\"\u041f\u0440\u0438\u043c\u0435\u0440\u043d\u043e\u0435 \u0432\u0440\u0435\u043c\u044f \u0434\u043b\u044f \u0447\u0442\u0435\u043d\u0438\u044f\" \/>\n\t<meta name=\"twitter:data1\" content=\"3 \u043c\u0438\u043d\u0443\u0442\u044b\" \/>\n<script type=\"application\/ld+json\" class=\"yoast-schema-graph\">{\"@context\":\"https:\/\/schema.org\",\"@graph\":[{\"@type\":\"WebPage\",\"@id\":\"https:\/\/medishop.az\/mehsul\/diatermo-mb-400-touch\/\",\"url\":\"https:\/\/medishop.az\/mehsul\/diatermo-mb-400-touch\/\",\"name\":\"DIATERMO MB 400 TOUCH - Medishop\",\"isPartOf\":{\"@id\":\"https:\/\/medishop.az\/#website\"},\"primaryImageOfPage\":{\"@id\":\"https:\/\/medishop.az\/mehsul\/diatermo-mb-400-touch\/#primaryimage\"},\"image\":{\"@id\":\"https:\/\/medishop.az\/mehsul\/diatermo-mb-400-touch\/#primaryimage\"},\"thumbnailUrl\":\"https:\/\/medishop.az\/wp-content\/uploads\/2022\/12\/9768e2a7-diatermo-mb-400-touch.jpg\",\"datePublished\":\"2022-12-15T10:32:45+00:00\",\"dateModified\":\"2022-12-15T10:32:46+00:00\",\"breadcrumb\":{\"@id\":\"https:\/\/medishop.az\/mehsul\/diatermo-mb-400-touch\/#breadcrumb\"},\"inLanguage\":\"ru-RU\",\"potentialAction\":[{\"@type\":\"ReadAction\",\"target\":[\"https:\/\/medishop.az\/mehsul\/diatermo-mb-400-touch\/\"]}]},{\"@type\":\"ImageObject\",\"inLanguage\":\"ru-RU\",\"@id\":\"https:\/\/medishop.az\/mehsul\/diatermo-mb-400-touch\/#primaryimage\",\"url\":\"https:\/\/medishop.az\/wp-content\/uploads\/2022\/12\/9768e2a7-diatermo-mb-400-touch.jpg\",\"contentUrl\":\"https:\/\/medishop.az\/wp-content\/uploads\/2022\/12\/9768e2a7-diatermo-mb-400-touch.jpg\",\"width\":1000,\"height\":1000},{\"@type\":\"BreadcrumbList\",\"@id\":\"https:\/\/medishop.az\/mehsul\/diatermo-mb-400-touch\/#breadcrumb\",\"itemListElement\":[{\"@type\":\"ListItem\",\"position\":1,\"name\":\"\u018fsas\",\"item\":\"https:\/\/medishop.az\/\"},{\"@type\":\"ListItem\",\"position\":2,\"name\":\"Ma\u011faza\",\"item\":\"https:\/\/medishop.az\/ru\/shop\/\"},{\"@type\":\"ListItem\",\"position\":3,\"name\":\"DIATERMO MB 400 TOUCH\"}]},{\"@type\":\"WebSite\",\"@id\":\"https:\/\/medishop.az\/#website\",\"url\":\"https:\/\/medishop.az\/\",\"name\":\"Medishop\",\"description\":\"Onlayn tibbi ma\u011faza\",\"publisher\":{\"@id\":\"https:\/\/medishop.az\/#organization\"},\"potentialAction\":[{\"@type\":\"SearchAction\",\"target\":{\"@type\":\"EntryPoint\",\"urlTemplate\":\"https:\/\/medishop.az\/?s={search_term_string}\"},\"query-input\":\"required name=search_term_string\"}],\"inLanguage\":\"ru-RU\"},{\"@type\":\"Organization\",\"@id\":\"https:\/\/medishop.az\/#organization\",\"name\":\"Medishop\",\"url\":\"https:\/\/medishop.az\/\",\"logo\":{\"@type\":\"ImageObject\",\"inLanguage\":\"ru-RU\",\"@id\":\"https:\/\/medishop.az\/#\/schema\/logo\/image\/\",\"url\":\"https:\/\/storage.googleapis.com\/stateless-medishop-az\/2022\/12\/logo.png\",\"contentUrl\":\"https:\/\/storage.googleapis.com\/stateless-medishop-az\/2022\/12\/logo.png\",\"width\":300,\"height\":89,\"caption\":\"Medishop\"},\"image\":{\"@id\":\"https:\/\/medishop.az\/#\/schema\/logo\/image\/\"},\"sameAs\":[\"https:\/\/www.facebook.com\/medishop.azerbaijan\"]}]}<\/script>\n<!-- \/ Yoast SEO plugin. -->","yoast_head_json":{"title":"DIATERMO MB 400 TOUCH - Medishop","robots":{"index":"index","follow":"follow","max-snippet":"max-snippet:-1","max-image-preview":"max-image-preview:large","max-video-preview":"max-video-preview:-1"},"canonical":"https:\/\/medishop.az\/ru\/mehsul\/diatermo-mb-400-touch\/","og_locale":"ru_RU","og_type":"article","og_title":"DIATERMO MB 400 TOUCH - Medishop","og_description":"\u0130ki c\u0259rrah\u0131n eyni vaxtda i\u015fl\u0259m\u0259sin\u0259 imkan ver\u0259n yeni n\u0259sil elektro\u015firin. Monopolyar v\u0259 bipolyar modall\u0131q \u015f\u0259raitind\u0259 mikroc\u0259rrahiyy\u0259 v\u0259 d\u0259qiq c\u0259rrahiy\u0259 \u00fc\u00e7\u00fcn m\u00fcnasib olan radiofreqens generatoru. Yeni Diatermo MB 400 TOUCH-un sad\u0259liyi","og_url":"https:\/\/medishop.az\/ru\/mehsul\/diatermo-mb-400-touch\/","og_site_name":"Medishop","article_publisher":"https:\/\/www.facebook.com\/medishop.azerbaijan","article_modified_time":"2022-12-15T10:32:46+00:00","og_image":[{"width":1000,"height":1000,"url":"https:\/\/storage.googleapis.com\/stateless-medishop-az\/2022\/12\/9768e2a7-diatermo-mb-400-touch.jpg","type":"image\/jpeg"}],"twitter_card":"summary_large_image","twitter_misc":{"\u041f\u0440\u0438\u043c\u0435\u0440\u043d\u043e\u0435 \u0432\u0440\u0435\u043c\u044f \u0434\u043b\u044f \u0447\u0442\u0435\u043d\u0438\u044f":"3 \u043c\u0438\u043d\u0443\u0442\u044b"},"schema":{"@context":"https:\/\/schema.org","@graph":[{"@type":"WebPage","@id":"https:\/\/medishop.az\/mehsul\/diatermo-mb-400-touch\/","url":"https:\/\/medishop.az\/mehsul\/diatermo-mb-400-touch\/","name":"DIATERMO MB 400 TOUCH - Medishop","isPartOf":{"@id":"https:\/\/medishop.az\/#website"},"primaryImageOfPage":{"@id":"https:\/\/medishop.az\/mehsul\/diatermo-mb-400-touch\/#primaryimage"},"image":{"@id":"https:\/\/medishop.az\/mehsul\/diatermo-mb-400-touch\/#primaryimage"},"thumbnailUrl":"https:\/\/medishop.az\/wp-content\/uploads\/2022\/12\/9768e2a7-diatermo-mb-400-touch.jpg","datePublished":"2022-12-15T10:32:45+00:00","dateModified":"2022-12-15T10:32:46+00:00","breadcrumb":{"@id":"https:\/\/medishop.az\/mehsul\/diatermo-mb-400-touch\/#breadcrumb"},"inLanguage":"ru-RU","potentialAction":[{"@type":"ReadAction","target":["https:\/\/medishop.az\/mehsul\/diatermo-mb-400-touch\/"]}]},{"@type":"ImageObject","inLanguage":"ru-RU","@id":"https:\/\/medishop.az\/mehsul\/diatermo-mb-400-touch\/#primaryimage","url":"https:\/\/medishop.az\/wp-content\/uploads\/2022\/12\/9768e2a7-diatermo-mb-400-touch.jpg","contentUrl":"https:\/\/medishop.az\/wp-content\/uploads\/2022\/12\/9768e2a7-diatermo-mb-400-touch.jpg","width":1000,"height":1000},{"@type":"BreadcrumbList","@id":"https:\/\/medishop.az\/mehsul\/diatermo-mb-400-touch\/#breadcrumb","itemListElement":[{"@type":"ListItem","position":1,"name":"\u018fsas","item":"https:\/\/medishop.az\/"},{"@type":"ListItem","position":2,"name":"Ma\u011faza","item":"https:\/\/medishop.az\/ru\/shop\/"},{"@type":"ListItem","position":3,"name":"DIATERMO MB 400 TOUCH"}]},{"@type":"WebSite","@id":"https:\/\/medishop.az\/#website","url":"https:\/\/medishop.az\/","name":"Medishop","description":"Onlayn tibbi ma\u011faza","publisher":{"@id":"https:\/\/medishop.az\/#organization"},"potentialAction":[{"@type":"SearchAction","target":{"@type":"EntryPoint","urlTemplate":"https:\/\/medishop.az\/?s={search_term_string}"},"query-input":"required name=search_term_string"}],"inLanguage":"ru-RU"},{"@type":"Organization","@id":"https:\/\/medishop.az\/#organization","name":"Medishop","url":"https:\/\/medishop.az\/","logo":{"@type":"ImageObject","inLanguage":"ru-RU","@id":"https:\/\/medishop.az\/#\/schema\/logo\/image\/","url":"https:\/\/storage.googleapis.com\/stateless-medishop-az\/2022\/12\/logo.png","contentUrl":"https:\/\/storage.googleapis.com\/stateless-medishop-az\/2022\/12\/logo.png","width":300,"height":89,"caption":"Medishop"},"image":{"@id":"https:\/\/medishop.az\/#\/schema\/logo\/image\/"},"sameAs":["https:\/\/www.facebook.com\/medishop.azerbaijan"]}]}},"jetpack_sharing_enabled":true,"_links":{"self":[{"href":"https:\/\/medishop.az\/ru\/wp-json\/wp\/v2\/product\/3477","targetHints":{"allow":["GET"]}}],"collection":[{"href":"https:\/\/medishop.az\/ru\/wp-json\/wp\/v2\/product"}],"about":[{"href":"https:\/\/medishop.az\/ru\/wp-json\/wp\/v2\/types\/product"}],"wp:featuredmedia":[{"embeddable":true,"href":"https:\/\/medishop.az\/ru\/wp-json\/wp\/v2\/media\/3478"}],"wp:attachment":[{"href":"https:\/\/medishop.az\/ru\/wp-json\/wp\/v2\/media?parent=3477"}],"wp:term":[{"taxonomy":"product_cat","embeddable":true,"href":"https:\/\/medishop.az\/ru\/wp-json\/wp\/v2\/product_cat?post=3477"},{"taxonomy":"product_tag","embeddable":true,"href":"https:\/\/medishop.az\/ru\/wp-json\/wp\/v2\/product_tag?post=3477"}],"curies":[{"name":"wp","href":"https:\/\/api.w.org\/{rel}","templated":true}]}}