{"id":3409,"date":"2022-12-15T02:57:54","date_gmt":"2022-12-14T22:57:54","guid":{"rendered":"https:\/\/medishop.az\/?post_type=product&#038;p=3409"},"modified":"2024-08-10T19:06:24","modified_gmt":"2024-08-10T15:06:24","slug":"ac-2311-kamerali-led-video-kolposkop","status":"publish","type":"product","link":"https:\/\/medishop.az\/ru\/mehsul\/ac-2311-kamerali-led-video-kolposkop\/","title":{"rendered":"AC-2311 LED \u0412\u0418\u0414\u0415\u041e\u041a\u041e\u041b\u042c\u041f\u041e\u0421\u041a\u041e\u041f \u0421 \u041a\u0410\u041c\u0415\u0420\u041e\u0419"},"content":{"rendered":"<p>&#8211; Superb optik x\u00fcsusiyy\u0259tl\u0259ri:<br \/>\n1 &#8211; y\u00fcks\u0259k \u00e7\u00f6z\u00fcnm\u0259 v\u0259 yax\u015f\u0131 kontrast<br \/>\n2 &#8211; real 3-\u00f6l\u00e7\u00fcl\u00fc d\u0259qiq g\u00f6r\u00fcnt\u00fc reproduction<br \/>\n3 &#8211; b\u00f6y\u00fck d\u0259rinlik sah\u0259si<br \/>\n4 &#8211; geni\u015f sah\u0259 apoxromatik<\/p>\n<p>optikan\u0131n dizayn\u0131 \u00fc\u00e7 n\u00f6v r\u0259ngli i\u015f\u0131\u011f\u0131n xromatik aberrasiyas\u0131n\u0131 effektiv d\u00fcz\u0259ld\u0259 bil\u0259r. O<br \/>\n, g\u00f6r\u00fcnt\u00fc r\u0259nginin azalmas\u0131n\u0131 v\u0259 doyman\u0131 t\u0259min edir v\u0259 g\u00f6r\u00fcnt\u00fcn\u00fcn h\u0259llini, kontrast v\u0259 bax\u0131\u015f d\u0259rinliyini yax\u015f\u0131la\u015fd\u0131r\u0131r.<\/p>\n<p>&#8211; 3-pill\u0259li maqnifikasiya (3.75x &#8211; 7.5x &#8211; 15x)<br \/>\n. D\u0259qiq v\u0259 yax\u0131n m\u00fcayin\u0259 v\u0259 m\u00fcalic\u0259 \u00fc\u00e7\u00fcn \u00fcmumi \u00fc\u00e7\u00fcn \u0259n a\u015fa\u011f\u0131 magnifikasiyadan tutmu\u015f y\u00fcks\u0259k maqnifikasiyaya q\u0259d\u0259r daha b\u00f6y\u00fck maqnifikasiya aral\u0131\u011f\u0131 v\u0259 daha \u00e7ox se\u00e7im t\u0259min edir.<\/p>\n<p>&#8211; Tez \u00f6l\u00e7m\u0259 \u00f6l\u00e7\u00fcs\u00fc v\u0259 ya toxuma<\/p>\n<p>\u00fc\u00e7\u00fcn iki optik dair\u0259- Integrated ya\u015f\u0131l filtre<br \/>\nBu qan damarlar\u0131<br \/>\ntan\u0131maq k\u00f6m\u0259k ed\u0259 bil\u0259r<br \/>\n&#8211; Led ill\u00fcmination<br \/>\nLED coaxial ill\u00fcminator g\u00fcn\u0259\u015f i\u015f\u0131\u011f\u0131na b\u0259nz\u0259r t\u0259miz a\u011f r\u0259ng i\u015f\u0131q t\u0259min edir ki, real r\u0259ng. Uzun m\u00fcdd\u0259t davam ed\u0259n performans \u00fc\u00e7\u00fcn ampul \u00f6mr\u00fc 10000 saat\/10 ild\u0259n \u00e7oxdur. Bu, sizin q\u0259na\u0259t lampalar\u0131 \u00fc\u00e7\u00fcn x\u0259rcl\u0259riniz\u0259 q\u0259na\u0259t edir v\u0259 elektrik y\u00fck\u00fc.<\/p>\n<p>&#8211; \u0130nteqrasiya olunmu\u015f kamera<br \/>\n. \u0130nteqrasiya olunmu\u015f videokameradan olan \u015f\u0259kill\u0259ri birba\u015fa monitora v\u0259 ya televizora, USB adapter\u0259 malik komp\u00fcter\u0259 v\u0259 ya s\u0259rt disk qeydedicisin\u0259 k\u00f6\u00e7\u00fcrm\u0259k olar.<\/p>\n<p>&#8211; Full HD (1920&#215;1080 p) HDMI \u00e7\u0131x\u0131\u015f\u0131<\/p>\n<p>&#8211; Ergonomic dizayn rahat uzun m\u00fcdd\u0259t d\u0259qiq \u0259m\u0259liyyat<\/p>\n<p>Supplied toplanm\u0131\u015f v\u0259 GB, FR, IT-d\u0259 manual il\u0259 istifad\u0259 \u00fc\u00e7\u00fcn haz\u0131r.<\/p>","protected":false},"excerpt":{"rendered":"<p>&#8211; Superb optik x\u00fcsusiyy\u0259tl\u0259ri: 1 &#8211; y\u00fcks\u0259k \u00e7\u00f6z\u00fcnm\u0259 v\u0259 yax\u015f\u0131 kontrast 2 &#8211; real 3-\u00f6l\u00e7\u00fcl\u00fc d\u0259qiq g\u00f6r\u00fcnt\u00fc reproduction 3 &#8211; b\u00f6y\u00fck d\u0259rinlik sah\u0259si 4 &#8211; geni\u015f sah\u0259 apoxromatik optikan\u0131n dizayn\u0131<\/p>","protected":false},"featured_media":3410,"template":"","meta":[],"product_cat":[126,427],"product_tag":[261],"class_list":{"0":"post-3409","1":"product","2":"type-product","3":"status-publish","4":"has-post-thumbnail","6":"product_cat-tibbi-cihazlar","7":"product_cat-kolposkoplar","8":"product_tag-video-kolposkop","10":"first","11":"instock","12":"shipping-taxable","13":"purchasable","14":"product-type-simple"},"yoast_head":"<!-- This site is optimized with the Yoast SEO plugin v22.7 - https:\/\/yoast.com\/wordpress\/plugins\/seo\/ -->\n<title>AC-2311 KAMERALI LED V\u0130DEO KOLPOSKOP - Medishop<\/title>\n<meta name=\"robots\" content=\"index, follow, max-snippet:-1, max-image-preview:large, max-video-preview:-1\" \/>\n<link rel=\"canonical\" href=\"https:\/\/medishop.az\/ru\/mehsul\/ac-2311-kamerali-led-video-kolposkop\/\" \/>\n<meta property=\"og:locale\" content=\"ru_RU\" \/>\n<meta property=\"og:type\" content=\"article\" \/>\n<meta property=\"og:title\" content=\"AC-2311 KAMERALI LED V\u0130DEO KOLPOSKOP - Medishop\" \/>\n<meta property=\"og:description\" content=\"&#8211; Superb optik x\u00fcsusiyy\u0259tl\u0259ri: 1 &#8211; y\u00fcks\u0259k \u00e7\u00f6z\u00fcnm\u0259 v\u0259 yax\u015f\u0131 kontrast 2 &#8211; real 3-\u00f6l\u00e7\u00fcl\u00fc d\u0259qiq g\u00f6r\u00fcnt\u00fc reproduction 3 &#8211; b\u00f6y\u00fck d\u0259rinlik sah\u0259si 4 &#8211; geni\u015f sah\u0259 apoxromatik optikan\u0131n dizayn\u0131\" \/>\n<meta property=\"og:url\" content=\"https:\/\/medishop.az\/ru\/mehsul\/ac-2311-kamerali-led-video-kolposkop\/\" \/>\n<meta property=\"og:site_name\" content=\"Medishop\" \/>\n<meta property=\"article:publisher\" content=\"https:\/\/www.facebook.com\/medishop.azerbaijan\" \/>\n<meta property=\"article:modified_time\" content=\"2024-08-10T15:06:24+00:00\" \/>\n<meta property=\"og:image\" content=\"https:\/\/medishop.az\/wp-content\/uploads\/2022\/12\/1b355f12-ac-2311-kamerali-led-video-kolposkop.jpg\" \/>\n\t<meta property=\"og:image:width\" content=\"1000\" \/>\n\t<meta property=\"og:image:height\" content=\"1000\" \/>\n\t<meta property=\"og:image:type\" content=\"image\/jpeg\" \/>\n<meta name=\"twitter:card\" content=\"summary_large_image\" \/>\n<meta name=\"twitter:label1\" content=\"\u041f\u0440\u0438\u043c\u0435\u0440\u043d\u043e\u0435 \u0432\u0440\u0435\u043c\u044f \u0434\u043b\u044f \u0447\u0442\u0435\u043d\u0438\u044f\" \/>\n\t<meta name=\"twitter:data1\" content=\"2 \u043c\u0438\u043d\u0443\u0442\u044b\" \/>\n<script type=\"application\/ld+json\" class=\"yoast-schema-graph\">{\"@context\":\"https:\/\/schema.org\",\"@graph\":[{\"@type\":\"WebPage\",\"@id\":\"https:\/\/medishop.az\/mehsul\/ac-2311-kamerali-led-video-kolposkop\/\",\"url\":\"https:\/\/medishop.az\/mehsul\/ac-2311-kamerali-led-video-kolposkop\/\",\"name\":\"AC-2311 KAMERALI LED V\u0130DEO KOLPOSKOP - Medishop\",\"isPartOf\":{\"@id\":\"https:\/\/medishop.az\/#website\"},\"primaryImageOfPage\":{\"@id\":\"https:\/\/medishop.az\/mehsul\/ac-2311-kamerali-led-video-kolposkop\/#primaryimage\"},\"image\":{\"@id\":\"https:\/\/medishop.az\/mehsul\/ac-2311-kamerali-led-video-kolposkop\/#primaryimage\"},\"thumbnailUrl\":\"https:\/\/medishop.az\/wp-content\/uploads\/2022\/12\/1b355f12-ac-2311-kamerali-led-video-kolposkop.jpg\",\"datePublished\":\"2022-12-14T22:57:54+00:00\",\"dateModified\":\"2024-08-10T15:06:24+00:00\",\"breadcrumb\":{\"@id\":\"https:\/\/medishop.az\/mehsul\/ac-2311-kamerali-led-video-kolposkop\/#breadcrumb\"},\"inLanguage\":\"ru-RU\",\"potentialAction\":[{\"@type\":\"ReadAction\",\"target\":[\"https:\/\/medishop.az\/mehsul\/ac-2311-kamerali-led-video-kolposkop\/\"]}]},{\"@type\":\"ImageObject\",\"inLanguage\":\"ru-RU\",\"@id\":\"https:\/\/medishop.az\/mehsul\/ac-2311-kamerali-led-video-kolposkop\/#primaryimage\",\"url\":\"https:\/\/medishop.az\/wp-content\/uploads\/2022\/12\/1b355f12-ac-2311-kamerali-led-video-kolposkop.jpg\",\"contentUrl\":\"https:\/\/medishop.az\/wp-content\/uploads\/2022\/12\/1b355f12-ac-2311-kamerali-led-video-kolposkop.jpg\",\"width\":1000,\"height\":1000},{\"@type\":\"BreadcrumbList\",\"@id\":\"https:\/\/medishop.az\/mehsul\/ac-2311-kamerali-led-video-kolposkop\/#breadcrumb\",\"itemListElement\":[{\"@type\":\"ListItem\",\"position\":1,\"name\":\"\u018fsas\",\"item\":\"https:\/\/medishop.az\/\"},{\"@type\":\"ListItem\",\"position\":2,\"name\":\"Ma\u011faza\",\"item\":\"https:\/\/medishop.az\/ru\/shop\/\"},{\"@type\":\"ListItem\",\"position\":3,\"name\":\"AC-2311 KAMERALI LED V\u0130DEO KOLPOSKOP\"}]},{\"@type\":\"WebSite\",\"@id\":\"https:\/\/medishop.az\/#website\",\"url\":\"https:\/\/medishop.az\/\",\"name\":\"Medishop\",\"description\":\"Onlayn tibbi ma\u011faza\",\"publisher\":{\"@id\":\"https:\/\/medishop.az\/#organization\"},\"potentialAction\":[{\"@type\":\"SearchAction\",\"target\":{\"@type\":\"EntryPoint\",\"urlTemplate\":\"https:\/\/medishop.az\/?s={search_term_string}\"},\"query-input\":\"required name=search_term_string\"}],\"inLanguage\":\"ru-RU\"},{\"@type\":\"Organization\",\"@id\":\"https:\/\/medishop.az\/#organization\",\"name\":\"Medishop\",\"url\":\"https:\/\/medishop.az\/\",\"logo\":{\"@type\":\"ImageObject\",\"inLanguage\":\"ru-RU\",\"@id\":\"https:\/\/medishop.az\/#\/schema\/logo\/image\/\",\"url\":\"https:\/\/storage.googleapis.com\/stateless-medishop-az\/2022\/12\/logo.png\",\"contentUrl\":\"https:\/\/storage.googleapis.com\/stateless-medishop-az\/2022\/12\/logo.png\",\"width\":300,\"height\":89,\"caption\":\"Medishop\"},\"image\":{\"@id\":\"https:\/\/medishop.az\/#\/schema\/logo\/image\/\"},\"sameAs\":[\"https:\/\/www.facebook.com\/medishop.azerbaijan\"]}]}<\/script>\n<!-- \/ Yoast SEO plugin. -->","yoast_head_json":{"title":"AC-2311 KAMERALI LED V\u0130DEO KOLPOSKOP - Medishop","robots":{"index":"index","follow":"follow","max-snippet":"max-snippet:-1","max-image-preview":"max-image-preview:large","max-video-preview":"max-video-preview:-1"},"canonical":"https:\/\/medishop.az\/ru\/mehsul\/ac-2311-kamerali-led-video-kolposkop\/","og_locale":"ru_RU","og_type":"article","og_title":"AC-2311 KAMERALI LED V\u0130DEO KOLPOSKOP - Medishop","og_description":"&#8211; Superb optik x\u00fcsusiyy\u0259tl\u0259ri: 1 &#8211; y\u00fcks\u0259k \u00e7\u00f6z\u00fcnm\u0259 v\u0259 yax\u015f\u0131 kontrast 2 &#8211; real 3-\u00f6l\u00e7\u00fcl\u00fc d\u0259qiq g\u00f6r\u00fcnt\u00fc reproduction 3 &#8211; b\u00f6y\u00fck d\u0259rinlik sah\u0259si 4 &#8211; geni\u015f sah\u0259 apoxromatik optikan\u0131n dizayn\u0131","og_url":"https:\/\/medishop.az\/ru\/mehsul\/ac-2311-kamerali-led-video-kolposkop\/","og_site_name":"Medishop","article_publisher":"https:\/\/www.facebook.com\/medishop.azerbaijan","article_modified_time":"2024-08-10T15:06:24+00:00","og_image":[{"width":1000,"height":1000,"url":"https:\/\/medishop.az\/wp-content\/uploads\/2022\/12\/1b355f12-ac-2311-kamerali-led-video-kolposkop.jpg","type":"image\/jpeg"}],"twitter_card":"summary_large_image","twitter_misc":{"\u041f\u0440\u0438\u043c\u0435\u0440\u043d\u043e\u0435 \u0432\u0440\u0435\u043c\u044f \u0434\u043b\u044f \u0447\u0442\u0435\u043d\u0438\u044f":"2 \u043c\u0438\u043d\u0443\u0442\u044b"},"schema":{"@context":"https:\/\/schema.org","@graph":[{"@type":"WebPage","@id":"https:\/\/medishop.az\/mehsul\/ac-2311-kamerali-led-video-kolposkop\/","url":"https:\/\/medishop.az\/mehsul\/ac-2311-kamerali-led-video-kolposkop\/","name":"AC-2311 KAMERALI LED V\u0130DEO KOLPOSKOP - Medishop","isPartOf":{"@id":"https:\/\/medishop.az\/#website"},"primaryImageOfPage":{"@id":"https:\/\/medishop.az\/mehsul\/ac-2311-kamerali-led-video-kolposkop\/#primaryimage"},"image":{"@id":"https:\/\/medishop.az\/mehsul\/ac-2311-kamerali-led-video-kolposkop\/#primaryimage"},"thumbnailUrl":"https:\/\/medishop.az\/wp-content\/uploads\/2022\/12\/1b355f12-ac-2311-kamerali-led-video-kolposkop.jpg","datePublished":"2022-12-14T22:57:54+00:00","dateModified":"2024-08-10T15:06:24+00:00","breadcrumb":{"@id":"https:\/\/medishop.az\/mehsul\/ac-2311-kamerali-led-video-kolposkop\/#breadcrumb"},"inLanguage":"ru-RU","potentialAction":[{"@type":"ReadAction","target":["https:\/\/medishop.az\/mehsul\/ac-2311-kamerali-led-video-kolposkop\/"]}]},{"@type":"ImageObject","inLanguage":"ru-RU","@id":"https:\/\/medishop.az\/mehsul\/ac-2311-kamerali-led-video-kolposkop\/#primaryimage","url":"https:\/\/medishop.az\/wp-content\/uploads\/2022\/12\/1b355f12-ac-2311-kamerali-led-video-kolposkop.jpg","contentUrl":"https:\/\/medishop.az\/wp-content\/uploads\/2022\/12\/1b355f12-ac-2311-kamerali-led-video-kolposkop.jpg","width":1000,"height":1000},{"@type":"BreadcrumbList","@id":"https:\/\/medishop.az\/mehsul\/ac-2311-kamerali-led-video-kolposkop\/#breadcrumb","itemListElement":[{"@type":"ListItem","position":1,"name":"\u018fsas","item":"https:\/\/medishop.az\/"},{"@type":"ListItem","position":2,"name":"Ma\u011faza","item":"https:\/\/medishop.az\/ru\/shop\/"},{"@type":"ListItem","position":3,"name":"AC-2311 KAMERALI LED V\u0130DEO KOLPOSKOP"}]},{"@type":"WebSite","@id":"https:\/\/medishop.az\/#website","url":"https:\/\/medishop.az\/","name":"Medishop","description":"Onlayn tibbi ma\u011faza","publisher":{"@id":"https:\/\/medishop.az\/#organization"},"potentialAction":[{"@type":"SearchAction","target":{"@type":"EntryPoint","urlTemplate":"https:\/\/medishop.az\/?s={search_term_string}"},"query-input":"required name=search_term_string"}],"inLanguage":"ru-RU"},{"@type":"Organization","@id":"https:\/\/medishop.az\/#organization","name":"Medishop","url":"https:\/\/medishop.az\/","logo":{"@type":"ImageObject","inLanguage":"ru-RU","@id":"https:\/\/medishop.az\/#\/schema\/logo\/image\/","url":"https:\/\/storage.googleapis.com\/stateless-medishop-az\/2022\/12\/logo.png","contentUrl":"https:\/\/storage.googleapis.com\/stateless-medishop-az\/2022\/12\/logo.png","width":300,"height":89,"caption":"Medishop"},"image":{"@id":"https:\/\/medishop.az\/#\/schema\/logo\/image\/"},"sameAs":["https:\/\/www.facebook.com\/medishop.azerbaijan"]}]}},"jetpack_sharing_enabled":true,"_links":{"self":[{"href":"https:\/\/medishop.az\/ru\/wp-json\/wp\/v2\/product\/3409","targetHints":{"allow":["GET"]}}],"collection":[{"href":"https:\/\/medishop.az\/ru\/wp-json\/wp\/v2\/product"}],"about":[{"href":"https:\/\/medishop.az\/ru\/wp-json\/wp\/v2\/types\/product"}],"wp:featuredmedia":[{"embeddable":true,"href":"https:\/\/medishop.az\/ru\/wp-json\/wp\/v2\/media\/3410"}],"wp:attachment":[{"href":"https:\/\/medishop.az\/ru\/wp-json\/wp\/v2\/media?parent=3409"}],"wp:term":[{"taxonomy":"product_cat","embeddable":true,"href":"https:\/\/medishop.az\/ru\/wp-json\/wp\/v2\/product_cat?post=3409"},{"taxonomy":"product_tag","embeddable":true,"href":"https:\/\/medishop.az\/ru\/wp-json\/wp\/v2\/product_tag?post=3409"}],"curies":[{"name":"wp","href":"https:\/\/api.w.org\/{rel}","templated":true}]}}