{"id":3407,"date":"2022-12-15T02:51:27","date_gmt":"2022-12-14T22:51:27","guid":{"rendered":"https:\/\/medishop.az\/?post_type=product&#038;p=3407"},"modified":"2024-08-10T18:11:09","modified_gmt":"2024-08-10T14:11:09","slug":"cr-200-tecar-terapiya-2-prob-il%c9%99","status":"publish","type":"product","link":"https:\/\/medishop.az\/ru\/mehsul\/cr-200-tecar-terapiya-2-prob-il%c9%99\/","title":{"rendered":"CR 200 TECAR THERAPY \u0441 2 \u0437\u043e\u043d\u0434\u0430\u043c\u0438"},"content":{"rendered":"<p>CR 200 TECAR THERAPY &#8211; 2 prob<\/p>\n<p>diatermi il\u0259, TECAR Terapiyas\u0131 kimi d\u0259 tan\u0131n\u0131r (Kapasitiv v\u0259 M\u00fcqavim\u0259tli Enerji Transferini n\u0259z\u0259rd\u0259 tutur) motor funksiyas\u0131n\u0131n b\u0259rpa vaxt\u0131n\u0131 s\u00fcr\u0259tl\u0259ndir\u0259r\u0259k fizioloji \u015f\u0259fa prosesini stimulla\u015fd\u0131ran bir m\u00fcalic\u0259 \u00fcsuludur.<\/p>\n<p>Diatermiya elektromaqnit sah\u0259 v\u0259 toxumalar\u0131n qar\u015f\u0131l\u0131ql\u0131 t\u0259siri vasit\u0259sil\u0259 toxumalar\u0131n endogen istilik istehsal\u0131n\u0131 stimulla\u015fd\u0131r\u0131r. \u0130stilik vahid n\u0259zar\u0259t \u00fcsulu il\u0259 art\u0131r\u0131l\u0131r. Elektromaqnit qar\u015f\u0131l\u0131ql\u0131 t\u0259siri ionik ax\u0131\u015fla n\u0259tic\u0259l\u0259nir v\u0259 bu s\u0259b\u0259bd\u0259n m\u00fcalic\u0259 olunan \u0259razid\u0259 qan ax\u0131n\u0131n\u0131 art\u0131r\u0131r. Bu proses iltihab\u0131, a\u011fr\u0131 v\u0259 edemi azaltmaq \u00fc\u00e7\u00fcn z\u0259ruri olan endogen madd\u0259l\u0259rin burax\u0131lmas\u0131n\u0131 (x\u00fcsusil\u0259 kortizol v\u0259 endorfinl\u0259ri) stimulla\u015fd\u0131r\u0131r. Yeni CR200 m\u00fcqavim\u0259tli\/kapasitiv diatermiya pe\u015f\u0259karlar t\u0259r\u0259find\u0259n asan istifad\u0259 edil\u0259n m\u00fcasir v\u0259 y\u00fcks\u0259k performansl\u0131 bir cihazd\u0131r.<\/p>\n<p>Preset proqramlar\u0131 cihaz\u0131 \u0259vv\u0259ld\u0259n istifad\u0259 etm\u0259y\u0259 k\u00f6m\u0259k edir. Daha \u00e7ox cihaz terapevtik ehtiyaclara uy\u011fun olaraq parametrl\u0259ri (g\u00fcc, zaman terapiyas\u0131, kapasiti\/m\u00fcqavim\u0259t rejiml\u0259ri) t\u0259yin ed\u0259 bil\u0259r. Bu, \u00f6z\u0259ll\u0259\u015fdirilmi\u015f proqramlar\u0131n \u0259zb\u0259rl\u0259n-dirli\u015fl\u0259rin\u0259 imkan verir. Bu \u00fcsulla x\u0259st\u0259 protokollar\u0131na ist\u0259nil\u0259n vaxt terapevtl\u0259r asanl\u0131qla m\u00fcraci\u0259t edirl\u0259r.<br \/>\nTerapiya parametrl\u0259rini v\u0259 m\u00fcxt\u0259lif i\u015f rejiml\u0259rini g\u00f6st\u0259r\u0259n geni\u015f qrafik displeyl\u0259 t\u0259chiz edilmi\u015fdir.<\/p>\n<p>Se\u00e7il\u0259 bil\u0259n proqram dili (GB, FR, IT, ES).<\/p>\n<p>Kapasitli rejim<br \/>\nElektrod keramik materialla (mobil) v\u0259 geri d\u00f6n\u00fc\u015f platas\u0131 (sabit) il\u0259 \u00f6rt\u00fclm\u00fc\u015fd\u00fc. X\u00fcsusil\u0259 yum\u015faq toxumalar (\u0259z\u0259l\u0259 k\u00fctl\u0259si v\u0259 limfa\/damar sistemi) \u00fc\u00e7\u00fcn i\u015far\u0259 edilmi\u015fdir. Faydalar\u0131: spesifik m\u00fcdaxil\u0259: m\u00fcalic\u0259 olunan \u0259raziy\u0259 asan n\u0259zar\u0259t.<\/p>\n<p>Rezivativ rejim<br \/>\nQeyri t\u0259crid olunmu\u015f elektrod (mobil) v\u0259 geri d\u00f6n\u00fc\u015f platas\u0131 (sabit). X\u00fcsusil\u0259 daha \u00e7ox m\u00fcqavim\u0259ti olan toxumalar (s\u00fcm\u00fck, oynaq, tendon, ligament, sidik kis\u0259si) \u00fc\u00e7\u00fcn i\u015far\u0259 edilmi\u015fdir. Faydalar\u0131: diatermiya y\u00fcks\u0259k s\u0259viyy\u0259d\u0259; fi broz v\u0259 degenerasiya il\u0259 xroniki x\u0259st\u0259likl\u0259r.<\/p>\n<p>\u2022 \u018fSAS M\u00dcALIC\u018f \u00dcSULLAR\u0131:<br \/>\n&#8211; skelet-\u0259z\u0259l\u0259 patologiyalar\u0131<br \/>\n&#8211; osteoartikulyar patologiyalar<br \/>\n&#8211; limfaedema<br \/>\n&#8211; k\u0259skin v\u0259 xroniki a\u011fr\u0131<\/p>\n<p>\u2022 24 REHAB PROQRAMI:<br \/>\nPhantom \u0259l-ayaq, diz artroz, artroz, artrozinnovit, bursit, boyun a\u011fr\u0131s\u0131, qam\u00e7\u0131 sindromu, xondropatiya, \u0259z\u0259l\u0259 kontrakture, kontuziya, \u0259z\u0259l\u0259l\u0259r strit, sprain, \u0259z\u0259l\u0259l\u0259rin distributu, oynaq a\u011fr\u0131lar\u0131, \u00f6dem, epiondylilit, epitroxleit, anterior cruciate ligament, limfaedema, a\u015fa\u011f\u0131 k\u00fcr\u0259k a\u011fr\u0131s\u0131, meniskopiya, \u0259z\u0259l\u0259 y\u0131rt\u0131\u011f\u0131, k\u0259skin tendinit, xroniki tendinit, rotator cuff tendinopathy<\/p>\n<p>\u2022 10 SPORT PROQRAMI:<br \/>\n\u018fz\u0259l\u0259l\u0259rin kontrassiyas\u0131, kontuziya, \u0259z\u0259l\u0259l\u0259rin b\u0259rpas\u0131, sprain, heamatoma, tendon z\u0259d\u0259l\u0259nm\u0259, s\u0259t\u0259lc\u0259m masaj\u0131, d\u0259rin massaj, \u0259z\u0259l\u0259 sprain, \u0259z\u0259l\u0259 y\u0131rt\u0131\u011f\u0131<\/p>","protected":false},"excerpt":{"rendered":"<table border=\"0\" width=\"100%\" cellspacing=\"0\" cellpadding=\"0\">\n<tbody>\n<tr>\n<td class=\"menu\" bgcolor=\"#fff9ad\"><span class=\"sezione\">\u0422\u0435\u0445\u043d\u0438\u0447\u0435\u0441\u043a\u0438\u0435 \u0445\u0430\u0440\u0430\u043a\u0442\u0435\u0440\u0438\u0441\u0442\u0438\u043a\u0438<\/span><\/td>\n<\/tr>\n<tr>\n<td class=\"menu\" bgcolor=\"#fff9ad\">\u2022 G\u00fcc t\u0259chizat\u0131: 100-240 V, 50\/60 Hz<br \/>\n\u2022 Maks g\u00fcc s\u0259rfiyyat\u0131: 260 W (100 ohm y\u00fck)<br \/>\n\u2022 Da\u015f\u0131y\u0131c\u0131 tezliyi: 500 kHz<br \/>\n\u2022 T\u0259nziml\u0259n\u0259 bil\u0259n g\u00fcc: 0-100%<br \/>\n\u2022 Touch ekran qrafik displey 7&#8243;&#8221;<br \/>\n\u2022 Preset proqramlar\u0131, pulsuz xatir\u0259l\u0259r<\/td>\n<\/tr>\n<\/tbody>\n<\/table>","protected":false},"featured_media":3408,"template":"","meta":[],"product_cat":[129,156,126,135],"product_tag":[],"class_list":{"0":"post-3407","1":"product","2":"type-product","3":"status-publish","4":"has-post-thumbnail","6":"product_cat-reabilitasiya","7":"product_cat-reabilitasiya-aparatlari-reabilitasiya","8":"product_cat-tibbi-cihazlar","9":"product_cat-reabilitasiya-aparatlari","11":"first","12":"instock","13":"shipping-taxable","14":"purchasable","15":"product-type-simple"},"yoast_head":"<!-- This site is optimized with the Yoast SEO plugin v22.7 - https:\/\/yoast.com\/wordpress\/plugins\/seo\/ -->\n<title>CR 200 TECAR TERAP\u0130YA 2 prob il\u0259 - Medishop<\/title>\n<meta name=\"robots\" content=\"index, follow, max-snippet:-1, max-image-preview:large, max-video-preview:-1\" \/>\n<link rel=\"canonical\" href=\"https:\/\/medishop.az\/ru\/mehsul\/cr-200-tecar-terapiya-2-prob-il\u0259\/\" \/>\n<meta property=\"og:locale\" content=\"ru_RU\" \/>\n<meta property=\"og:type\" content=\"article\" \/>\n<meta property=\"og:title\" content=\"CR 200 TECAR TERAP\u0130YA 2 prob il\u0259 - Medishop\" \/>\n<meta property=\"og:description\" content=\"Texniki Spesifikasiyalar   \u2022 G\u00fcc t\u0259chizat\u0131: 100-240 V, 50\/60 Hz \u2022 Maks g\u00fcc s\u0259rfiyyat\u0131: 260 W (100 ohm y\u00fck) \u2022 Da\u015f\u0131y\u0131c\u0131 tezliyi: 500 kHz \u2022 T\u0259nziml\u0259n\u0259 bil\u0259n g\u00fcc: 0-100% \u2022 Touch ekran qrafik displey 7&quot;&quot; \u2022 Preset proqramlar\u0131, pulsuz xatir\u0259l\u0259r\" \/>\n<meta property=\"og:url\" content=\"https:\/\/medishop.az\/ru\/mehsul\/cr-200-tecar-terapiya-2-prob-il\u0259\/\" \/>\n<meta property=\"og:site_name\" content=\"Medishop\" \/>\n<meta property=\"article:publisher\" content=\"https:\/\/www.facebook.com\/medishop.azerbaijan\" \/>\n<meta property=\"article:modified_time\" content=\"2024-08-10T14:11:09+00:00\" \/>\n<meta property=\"og:image\" content=\"https:\/\/medishop.az\/wp-content\/uploads\/2022\/12\/9f00cd2f-cr-200-tecar-terapiya-2-prob-il\u0259.jpg\" \/>\n\t<meta property=\"og:image:width\" content=\"1000\" \/>\n\t<meta property=\"og:image:height\" content=\"1000\" \/>\n\t<meta property=\"og:image:type\" content=\"image\/jpeg\" \/>\n<meta name=\"twitter:card\" content=\"summary_large_image\" \/>\n<meta name=\"twitter:label1\" content=\"\u041f\u0440\u0438\u043c\u0435\u0440\u043d\u043e\u0435 \u0432\u0440\u0435\u043c\u044f \u0434\u043b\u044f \u0447\u0442\u0435\u043d\u0438\u044f\" \/>\n\t<meta name=\"twitter:data1\" content=\"2 \u043c\u0438\u043d\u0443\u0442\u044b\" \/>\n<script type=\"application\/ld+json\" class=\"yoast-schema-graph\">{\"@context\":\"https:\/\/schema.org\",\"@graph\":[{\"@type\":\"WebPage\",\"@id\":\"https:\/\/medishop.az\/mehsul\/cr-200-tecar-terapiya-2-prob-il%c9%99\/\",\"url\":\"https:\/\/medishop.az\/mehsul\/cr-200-tecar-terapiya-2-prob-il%c9%99\/\",\"name\":\"CR 200 TECAR TERAP\u0130YA 2 prob il\u0259 - Medishop\",\"isPartOf\":{\"@id\":\"https:\/\/medishop.az\/#website\"},\"primaryImageOfPage\":{\"@id\":\"https:\/\/medishop.az\/mehsul\/cr-200-tecar-terapiya-2-prob-il%c9%99\/#primaryimage\"},\"image\":{\"@id\":\"https:\/\/medishop.az\/mehsul\/cr-200-tecar-terapiya-2-prob-il%c9%99\/#primaryimage\"},\"thumbnailUrl\":\"https:\/\/medishop.az\/wp-content\/uploads\/2022\/12\/9f00cd2f-cr-200-tecar-terapiya-2-prob-il\u0259.jpg\",\"datePublished\":\"2022-12-14T22:51:27+00:00\",\"dateModified\":\"2024-08-10T14:11:09+00:00\",\"breadcrumb\":{\"@id\":\"https:\/\/medishop.az\/mehsul\/cr-200-tecar-terapiya-2-prob-il%c9%99\/#breadcrumb\"},\"inLanguage\":\"ru-RU\",\"potentialAction\":[{\"@type\":\"ReadAction\",\"target\":[\"https:\/\/medishop.az\/mehsul\/cr-200-tecar-terapiya-2-prob-il%c9%99\/\"]}]},{\"@type\":\"ImageObject\",\"inLanguage\":\"ru-RU\",\"@id\":\"https:\/\/medishop.az\/mehsul\/cr-200-tecar-terapiya-2-prob-il%c9%99\/#primaryimage\",\"url\":\"https:\/\/medishop.az\/wp-content\/uploads\/2022\/12\/9f00cd2f-cr-200-tecar-terapiya-2-prob-il\u0259.jpg\",\"contentUrl\":\"https:\/\/medishop.az\/wp-content\/uploads\/2022\/12\/9f00cd2f-cr-200-tecar-terapiya-2-prob-il\u0259.jpg\",\"width\":1000,\"height\":1000},{\"@type\":\"BreadcrumbList\",\"@id\":\"https:\/\/medishop.az\/mehsul\/cr-200-tecar-terapiya-2-prob-il%c9%99\/#breadcrumb\",\"itemListElement\":[{\"@type\":\"ListItem\",\"position\":1,\"name\":\"\u018fsas\",\"item\":\"https:\/\/medishop.az\/\"},{\"@type\":\"ListItem\",\"position\":2,\"name\":\"Ma\u011faza\",\"item\":\"https:\/\/medishop.az\/ru\/shop\/\"},{\"@type\":\"ListItem\",\"position\":3,\"name\":\"CR 200 TECAR TERAP\u0130YA 2 prob il\u0259\"}]},{\"@type\":\"WebSite\",\"@id\":\"https:\/\/medishop.az\/#website\",\"url\":\"https:\/\/medishop.az\/\",\"name\":\"Medishop\",\"description\":\"Onlayn tibbi ma\u011faza\",\"publisher\":{\"@id\":\"https:\/\/medishop.az\/#organization\"},\"potentialAction\":[{\"@type\":\"SearchAction\",\"target\":{\"@type\":\"EntryPoint\",\"urlTemplate\":\"https:\/\/medishop.az\/?s={search_term_string}\"},\"query-input\":\"required name=search_term_string\"}],\"inLanguage\":\"ru-RU\"},{\"@type\":\"Organization\",\"@id\":\"https:\/\/medishop.az\/#organization\",\"name\":\"Medishop\",\"url\":\"https:\/\/medishop.az\/\",\"logo\":{\"@type\":\"ImageObject\",\"inLanguage\":\"ru-RU\",\"@id\":\"https:\/\/medishop.az\/#\/schema\/logo\/image\/\",\"url\":\"https:\/\/storage.googleapis.com\/stateless-medishop-az\/2022\/12\/logo.png\",\"contentUrl\":\"https:\/\/storage.googleapis.com\/stateless-medishop-az\/2022\/12\/logo.png\",\"width\":300,\"height\":89,\"caption\":\"Medishop\"},\"image\":{\"@id\":\"https:\/\/medishop.az\/#\/schema\/logo\/image\/\"},\"sameAs\":[\"https:\/\/www.facebook.com\/medishop.azerbaijan\"]}]}<\/script>\n<!-- \/ Yoast SEO plugin. -->","yoast_head_json":{"title":"CR 200 TECAR TERAP\u0130YA 2 prob il\u0259 - Medishop","robots":{"index":"index","follow":"follow","max-snippet":"max-snippet:-1","max-image-preview":"max-image-preview:large","max-video-preview":"max-video-preview:-1"},"canonical":"https:\/\/medishop.az\/ru\/mehsul\/cr-200-tecar-terapiya-2-prob-il\u0259\/","og_locale":"ru_RU","og_type":"article","og_title":"CR 200 TECAR TERAP\u0130YA 2 prob il\u0259 - Medishop","og_description":"Texniki Spesifikasiyalar   \u2022 G\u00fcc t\u0259chizat\u0131: 100-240 V, 50\/60 Hz \u2022 Maks g\u00fcc s\u0259rfiyyat\u0131: 260 W (100 ohm y\u00fck) \u2022 Da\u015f\u0131y\u0131c\u0131 tezliyi: 500 kHz \u2022 T\u0259nziml\u0259n\u0259 bil\u0259n g\u00fcc: 0-100% \u2022 Touch ekran qrafik displey 7\"\" \u2022 Preset proqramlar\u0131, pulsuz xatir\u0259l\u0259r","og_url":"https:\/\/medishop.az\/ru\/mehsul\/cr-200-tecar-terapiya-2-prob-il\u0259\/","og_site_name":"Medishop","article_publisher":"https:\/\/www.facebook.com\/medishop.azerbaijan","article_modified_time":"2024-08-10T14:11:09+00:00","og_image":[{"width":1000,"height":1000,"url":"https:\/\/medishop.az\/wp-content\/uploads\/2022\/12\/9f00cd2f-cr-200-tecar-terapiya-2-prob-il\u0259.jpg","type":"image\/jpeg"}],"twitter_card":"summary_large_image","twitter_misc":{"\u041f\u0440\u0438\u043c\u0435\u0440\u043d\u043e\u0435 \u0432\u0440\u0435\u043c\u044f \u0434\u043b\u044f \u0447\u0442\u0435\u043d\u0438\u044f":"2 \u043c\u0438\u043d\u0443\u0442\u044b"},"schema":{"@context":"https:\/\/schema.org","@graph":[{"@type":"WebPage","@id":"https:\/\/medishop.az\/mehsul\/cr-200-tecar-terapiya-2-prob-il%c9%99\/","url":"https:\/\/medishop.az\/mehsul\/cr-200-tecar-terapiya-2-prob-il%c9%99\/","name":"CR 200 TECAR TERAP\u0130YA 2 prob il\u0259 - Medishop","isPartOf":{"@id":"https:\/\/medishop.az\/#website"},"primaryImageOfPage":{"@id":"https:\/\/medishop.az\/mehsul\/cr-200-tecar-terapiya-2-prob-il%c9%99\/#primaryimage"},"image":{"@id":"https:\/\/medishop.az\/mehsul\/cr-200-tecar-terapiya-2-prob-il%c9%99\/#primaryimage"},"thumbnailUrl":"https:\/\/medishop.az\/wp-content\/uploads\/2022\/12\/9f00cd2f-cr-200-tecar-terapiya-2-prob-il\u0259.jpg","datePublished":"2022-12-14T22:51:27+00:00","dateModified":"2024-08-10T14:11:09+00:00","breadcrumb":{"@id":"https:\/\/medishop.az\/mehsul\/cr-200-tecar-terapiya-2-prob-il%c9%99\/#breadcrumb"},"inLanguage":"ru-RU","potentialAction":[{"@type":"ReadAction","target":["https:\/\/medishop.az\/mehsul\/cr-200-tecar-terapiya-2-prob-il%c9%99\/"]}]},{"@type":"ImageObject","inLanguage":"ru-RU","@id":"https:\/\/medishop.az\/mehsul\/cr-200-tecar-terapiya-2-prob-il%c9%99\/#primaryimage","url":"https:\/\/medishop.az\/wp-content\/uploads\/2022\/12\/9f00cd2f-cr-200-tecar-terapiya-2-prob-il\u0259.jpg","contentUrl":"https:\/\/medishop.az\/wp-content\/uploads\/2022\/12\/9f00cd2f-cr-200-tecar-terapiya-2-prob-il\u0259.jpg","width":1000,"height":1000},{"@type":"BreadcrumbList","@id":"https:\/\/medishop.az\/mehsul\/cr-200-tecar-terapiya-2-prob-il%c9%99\/#breadcrumb","itemListElement":[{"@type":"ListItem","position":1,"name":"\u018fsas","item":"https:\/\/medishop.az\/"},{"@type":"ListItem","position":2,"name":"Ma\u011faza","item":"https:\/\/medishop.az\/ru\/shop\/"},{"@type":"ListItem","position":3,"name":"CR 200 TECAR TERAP\u0130YA 2 prob il\u0259"}]},{"@type":"WebSite","@id":"https:\/\/medishop.az\/#website","url":"https:\/\/medishop.az\/","name":"Medishop","description":"Onlayn tibbi ma\u011faza","publisher":{"@id":"https:\/\/medishop.az\/#organization"},"potentialAction":[{"@type":"SearchAction","target":{"@type":"EntryPoint","urlTemplate":"https:\/\/medishop.az\/?s={search_term_string}"},"query-input":"required name=search_term_string"}],"inLanguage":"ru-RU"},{"@type":"Organization","@id":"https:\/\/medishop.az\/#organization","name":"Medishop","url":"https:\/\/medishop.az\/","logo":{"@type":"ImageObject","inLanguage":"ru-RU","@id":"https:\/\/medishop.az\/#\/schema\/logo\/image\/","url":"https:\/\/storage.googleapis.com\/stateless-medishop-az\/2022\/12\/logo.png","contentUrl":"https:\/\/storage.googleapis.com\/stateless-medishop-az\/2022\/12\/logo.png","width":300,"height":89,"caption":"Medishop"},"image":{"@id":"https:\/\/medishop.az\/#\/schema\/logo\/image\/"},"sameAs":["https:\/\/www.facebook.com\/medishop.azerbaijan"]}]}},"jetpack_sharing_enabled":true,"_links":{"self":[{"href":"https:\/\/medishop.az\/ru\/wp-json\/wp\/v2\/product\/3407","targetHints":{"allow":["GET"]}}],"collection":[{"href":"https:\/\/medishop.az\/ru\/wp-json\/wp\/v2\/product"}],"about":[{"href":"https:\/\/medishop.az\/ru\/wp-json\/wp\/v2\/types\/product"}],"wp:featuredmedia":[{"embeddable":true,"href":"https:\/\/medishop.az\/ru\/wp-json\/wp\/v2\/media\/3408"}],"wp:attachment":[{"href":"https:\/\/medishop.az\/ru\/wp-json\/wp\/v2\/media?parent=3407"}],"wp:term":[{"taxonomy":"product_cat","embeddable":true,"href":"https:\/\/medishop.az\/ru\/wp-json\/wp\/v2\/product_cat?post=3407"},{"taxonomy":"product_tag","embeddable":true,"href":"https:\/\/medishop.az\/ru\/wp-json\/wp\/v2\/product_tag?post=3407"}],"curies":[{"name":"wp","href":"https:\/\/api.w.org\/{rel}","templated":true}]}}