{"id":3403,"date":"2022-12-15T02:42:47","date_gmt":"2022-12-14T22:42:47","guid":{"rendered":"https:\/\/medishop.az\/?post_type=product&#038;p=3403"},"modified":"2024-08-10T18:09:27","modified_gmt":"2024-08-10T14:09:27","slug":"2-prob-il%c9%99-i-tech-ut2-ultras%c9%99s-terapiyasi","status":"publish","type":"product","link":"https:\/\/medishop.az\/ru\/mehsul\/2-prob-il%c9%99-i-tech-ut2-ultras%c9%99s-terapiyasi\/","title":{"rendered":"I-TECH UT2 \u0423\u041b\u042c\u0422\u0420\u0410\u0417\u0412\u0423\u041a\u041e\u0412\u0410\u042f \u0422\u0415\u0420\u0410\u041f\u0418\u042f \u0441 2 \u0434\u0430\u0442\u0447\u0438\u043a\u0430\u043c\u0438"},"content":{"rendered":"<p>I-TECH UT2 ULTRASOUND THERAPY &#8211; 2 prob Professional ultras\u0259s<\/p>\n<p>cihaz\u0131 m\u00fcvafiq olaraq 5 cm2 v\u0259 1 cm2 prob il\u0259 t\u0259chiz olunmu\u015f ultras\u0259s cihaz\u0131. Onun avadanl\u0131q v\u0259 parametrl\u0259rinin t\u0259yin edilm\u0259si pe\u015f\u0259kar istifad\u0259\u00e7il\u0259r \u00fc\u00e7\u00fcn uy\u011fun y\u00fcks\u0259k performans imkan verir.<\/p>\n<p>Professional istifad\u0259\u00e7inin a\u015fa\u011f\u0131dak\u0131 parametrl\u0259rini d\u00fcz\u0259ld\u0259 bil\u0259c\u0259yi 10 preset proqram\u0131 il\u0259 t\u0259min edilir:<br \/>\n&#8211; Frekans (1 v\u0259 ya 3 MHz)<br \/>\n&#8211; Effektiv intensivlik (3 W\/cm2-\u0259 q\u0259d\u0259r)<br \/>\n&#8211; Duty d\u00f6vr\u00fc (10%\u00f7100% add\u0131m 10)<br \/>\n&#8211; Terapiya (30 d\u0259qiq\u0259y\u0259 q\u0259d\u0259r vaxt)<\/p>\n<p>A\u015eA\u011eIDAK\u0130LAR: Tendinit &#8211; Bursitin\/Kapsulit &#8211; Hematoma v\u0259 toxumalar\u0131n b\u0259rpas\u0131 &#8211; \u018fz\u0259l\u0259-\u0259z\u0259l\u0259 q\u0131cq\u0131rmalar\u0131\/Kramplar\/Kramplar &#8211; Nevralgiyalar &#8211; Periartrit &#8211; Sidik-cinsiyy\u0259t &#8211; Sidik &#8211; Sciatalgy\/Lumbalgy &#8211; Karpal tunel sindromu &#8211; Epikondylit\/epitroxleit &#8211; Kontuziyalar\/sprainl\u0259r &#8211; \u00c7ondropatiya &#8211; Massaj &#8211; Qollar\/qar\u0131n\/ayaqlar\/ql\u00fcteus kavitasiyas\u0131 &#8211; Akne.<\/p>","protected":false},"excerpt":{"rendered":"<p>I-TECH UT2 ULTRASOUND THERAPY &#8211; 2 prob Professional ultras\u0259s cihaz\u0131 m\u00fcvafiq olaraq 5 cm2 v\u0259 1 cm2 prob il\u0259 t\u0259chiz olunmu\u015f ultras\u0259s cihaz\u0131. Onun avadanl\u0131q v\u0259 parametrl\u0259rinin t\u0259yin edilm\u0259si pe\u015f\u0259kar<\/p>","protected":false},"featured_media":3404,"template":"","meta":[],"product_cat":[129,156,126,135],"product_tag":[259],"class_list":{"0":"post-3403","1":"product","2":"type-product","3":"status-publish","4":"has-post-thumbnail","6":"product_cat-reabilitasiya","7":"product_cat-reabilitasiya-aparatlari-reabilitasiya","8":"product_cat-tibbi-cihazlar","9":"product_cat-reabilitasiya-aparatlari","10":"product_tag-ultrass-terapiyasi","12":"first","13":"instock","14":"shipping-taxable","15":"purchasable","16":"product-type-simple"},"yoast_head":"<!-- This site is optimized with the Yoast SEO plugin v22.7 - https:\/\/yoast.com\/wordpress\/plugins\/seo\/ -->\n<title>2 prob il\u0259 I-TECH UT2 ULTRAS\u018fS TERAP\u0130YASI - Medishop<\/title>\n<meta name=\"robots\" content=\"index, follow, max-snippet:-1, max-image-preview:large, max-video-preview:-1\" \/>\n<link rel=\"canonical\" href=\"https:\/\/medishop.az\/ru\/mehsul\/2-prob-il\u0259-i-tech-ut2-ultras\u0259s-terapiyasi\/\" \/>\n<meta property=\"og:locale\" content=\"ru_RU\" \/>\n<meta property=\"og:type\" content=\"article\" \/>\n<meta property=\"og:title\" content=\"2 prob il\u0259 I-TECH UT2 ULTRAS\u018fS TERAP\u0130YASI - Medishop\" \/>\n<meta property=\"og:description\" content=\"I-TECH UT2 ULTRASOUND THERAPY &#8211; 2 prob Professional ultras\u0259s cihaz\u0131 m\u00fcvafiq olaraq 5 cm2 v\u0259 1 cm2 prob il\u0259 t\u0259chiz olunmu\u015f ultras\u0259s cihaz\u0131. Onun avadanl\u0131q v\u0259 parametrl\u0259rinin t\u0259yin edilm\u0259si pe\u015f\u0259kar\" \/>\n<meta property=\"og:url\" content=\"https:\/\/medishop.az\/ru\/mehsul\/2-prob-il\u0259-i-tech-ut2-ultras\u0259s-terapiyasi\/\" \/>\n<meta property=\"og:site_name\" content=\"Medishop\" \/>\n<meta property=\"article:publisher\" content=\"https:\/\/www.facebook.com\/medishop.azerbaijan\" \/>\n<meta property=\"article:modified_time\" content=\"2024-08-10T14:09:27+00:00\" \/>\n<meta property=\"og:image\" content=\"https:\/\/medishop.az\/wp-content\/uploads\/2022\/12\/939177cb-2-prob-il\u0259-i-tech-ut2-ultras\u018fs-terapiyasi.jpg\" \/>\n\t<meta property=\"og:image:width\" content=\"1000\" \/>\n\t<meta property=\"og:image:height\" content=\"1000\" \/>\n\t<meta property=\"og:image:type\" content=\"image\/jpeg\" \/>\n<meta name=\"twitter:card\" content=\"summary_large_image\" \/>\n<meta name=\"twitter:label1\" content=\"\u041f\u0440\u0438\u043c\u0435\u0440\u043d\u043e\u0435 \u0432\u0440\u0435\u043c\u044f \u0434\u043b\u044f \u0447\u0442\u0435\u043d\u0438\u044f\" \/>\n\t<meta name=\"twitter:data1\" content=\"1 \u043c\u0438\u043d\u0443\u0442\u0430\" \/>\n<script type=\"application\/ld+json\" class=\"yoast-schema-graph\">{\"@context\":\"https:\/\/schema.org\",\"@graph\":[{\"@type\":\"WebPage\",\"@id\":\"https:\/\/medishop.az\/mehsul\/2-prob-il%c9%99-i-tech-ut2-ultras%c9%99s-terapiyasi\/\",\"url\":\"https:\/\/medishop.az\/mehsul\/2-prob-il%c9%99-i-tech-ut2-ultras%c9%99s-terapiyasi\/\",\"name\":\"2 prob il\u0259 I-TECH UT2 ULTRAS\u018fS TERAP\u0130YASI - Medishop\",\"isPartOf\":{\"@id\":\"https:\/\/medishop.az\/#website\"},\"primaryImageOfPage\":{\"@id\":\"https:\/\/medishop.az\/mehsul\/2-prob-il%c9%99-i-tech-ut2-ultras%c9%99s-terapiyasi\/#primaryimage\"},\"image\":{\"@id\":\"https:\/\/medishop.az\/mehsul\/2-prob-il%c9%99-i-tech-ut2-ultras%c9%99s-terapiyasi\/#primaryimage\"},\"thumbnailUrl\":\"https:\/\/medishop.az\/wp-content\/uploads\/2022\/12\/939177cb-2-prob-il\u0259-i-tech-ut2-ultras\u018fs-terapiyasi.jpg\",\"datePublished\":\"2022-12-14T22:42:47+00:00\",\"dateModified\":\"2024-08-10T14:09:27+00:00\",\"breadcrumb\":{\"@id\":\"https:\/\/medishop.az\/mehsul\/2-prob-il%c9%99-i-tech-ut2-ultras%c9%99s-terapiyasi\/#breadcrumb\"},\"inLanguage\":\"ru-RU\",\"potentialAction\":[{\"@type\":\"ReadAction\",\"target\":[\"https:\/\/medishop.az\/mehsul\/2-prob-il%c9%99-i-tech-ut2-ultras%c9%99s-terapiyasi\/\"]}]},{\"@type\":\"ImageObject\",\"inLanguage\":\"ru-RU\",\"@id\":\"https:\/\/medishop.az\/mehsul\/2-prob-il%c9%99-i-tech-ut2-ultras%c9%99s-terapiyasi\/#primaryimage\",\"url\":\"https:\/\/medishop.az\/wp-content\/uploads\/2022\/12\/939177cb-2-prob-il\u0259-i-tech-ut2-ultras\u018fs-terapiyasi.jpg\",\"contentUrl\":\"https:\/\/medishop.az\/wp-content\/uploads\/2022\/12\/939177cb-2-prob-il\u0259-i-tech-ut2-ultras\u018fs-terapiyasi.jpg\",\"width\":1000,\"height\":1000},{\"@type\":\"BreadcrumbList\",\"@id\":\"https:\/\/medishop.az\/mehsul\/2-prob-il%c9%99-i-tech-ut2-ultras%c9%99s-terapiyasi\/#breadcrumb\",\"itemListElement\":[{\"@type\":\"ListItem\",\"position\":1,\"name\":\"\u018fsas\",\"item\":\"https:\/\/medishop.az\/\"},{\"@type\":\"ListItem\",\"position\":2,\"name\":\"Ma\u011faza\",\"item\":\"https:\/\/medishop.az\/ru\/shop\/\"},{\"@type\":\"ListItem\",\"position\":3,\"name\":\"2 prob il\u0259 I-TECH UT2 ULTRAS\u018fS TERAP\u0130YASI\"}]},{\"@type\":\"WebSite\",\"@id\":\"https:\/\/medishop.az\/#website\",\"url\":\"https:\/\/medishop.az\/\",\"name\":\"Medishop\",\"description\":\"Onlayn tibbi ma\u011faza\",\"publisher\":{\"@id\":\"https:\/\/medishop.az\/#organization\"},\"potentialAction\":[{\"@type\":\"SearchAction\",\"target\":{\"@type\":\"EntryPoint\",\"urlTemplate\":\"https:\/\/medishop.az\/?s={search_term_string}\"},\"query-input\":\"required name=search_term_string\"}],\"inLanguage\":\"ru-RU\"},{\"@type\":\"Organization\",\"@id\":\"https:\/\/medishop.az\/#organization\",\"name\":\"Medishop\",\"url\":\"https:\/\/medishop.az\/\",\"logo\":{\"@type\":\"ImageObject\",\"inLanguage\":\"ru-RU\",\"@id\":\"https:\/\/medishop.az\/#\/schema\/logo\/image\/\",\"url\":\"https:\/\/storage.googleapis.com\/stateless-medishop-az\/2022\/12\/logo.png\",\"contentUrl\":\"https:\/\/storage.googleapis.com\/stateless-medishop-az\/2022\/12\/logo.png\",\"width\":300,\"height\":89,\"caption\":\"Medishop\"},\"image\":{\"@id\":\"https:\/\/medishop.az\/#\/schema\/logo\/image\/\"},\"sameAs\":[\"https:\/\/www.facebook.com\/medishop.azerbaijan\"]}]}<\/script>\n<!-- \/ Yoast SEO plugin. -->","yoast_head_json":{"title":"2 prob il\u0259 I-TECH UT2 ULTRAS\u018fS TERAP\u0130YASI - Medishop","robots":{"index":"index","follow":"follow","max-snippet":"max-snippet:-1","max-image-preview":"max-image-preview:large","max-video-preview":"max-video-preview:-1"},"canonical":"https:\/\/medishop.az\/ru\/mehsul\/2-prob-il\u0259-i-tech-ut2-ultras\u0259s-terapiyasi\/","og_locale":"ru_RU","og_type":"article","og_title":"2 prob il\u0259 I-TECH UT2 ULTRAS\u018fS TERAP\u0130YASI - Medishop","og_description":"I-TECH UT2 ULTRASOUND THERAPY &#8211; 2 prob Professional ultras\u0259s cihaz\u0131 m\u00fcvafiq olaraq 5 cm2 v\u0259 1 cm2 prob il\u0259 t\u0259chiz olunmu\u015f ultras\u0259s cihaz\u0131. Onun avadanl\u0131q v\u0259 parametrl\u0259rinin t\u0259yin edilm\u0259si pe\u015f\u0259kar","og_url":"https:\/\/medishop.az\/ru\/mehsul\/2-prob-il\u0259-i-tech-ut2-ultras\u0259s-terapiyasi\/","og_site_name":"Medishop","article_publisher":"https:\/\/www.facebook.com\/medishop.azerbaijan","article_modified_time":"2024-08-10T14:09:27+00:00","og_image":[{"width":1000,"height":1000,"url":"https:\/\/medishop.az\/wp-content\/uploads\/2022\/12\/939177cb-2-prob-il\u0259-i-tech-ut2-ultras\u018fs-terapiyasi.jpg","type":"image\/jpeg"}],"twitter_card":"summary_large_image","twitter_misc":{"\u041f\u0440\u0438\u043c\u0435\u0440\u043d\u043e\u0435 \u0432\u0440\u0435\u043c\u044f \u0434\u043b\u044f \u0447\u0442\u0435\u043d\u0438\u044f":"1 \u043c\u0438\u043d\u0443\u0442\u0430"},"schema":{"@context":"https:\/\/schema.org","@graph":[{"@type":"WebPage","@id":"https:\/\/medishop.az\/mehsul\/2-prob-il%c9%99-i-tech-ut2-ultras%c9%99s-terapiyasi\/","url":"https:\/\/medishop.az\/mehsul\/2-prob-il%c9%99-i-tech-ut2-ultras%c9%99s-terapiyasi\/","name":"2 prob il\u0259 I-TECH UT2 ULTRAS\u018fS TERAP\u0130YASI - Medishop","isPartOf":{"@id":"https:\/\/medishop.az\/#website"},"primaryImageOfPage":{"@id":"https:\/\/medishop.az\/mehsul\/2-prob-il%c9%99-i-tech-ut2-ultras%c9%99s-terapiyasi\/#primaryimage"},"image":{"@id":"https:\/\/medishop.az\/mehsul\/2-prob-il%c9%99-i-tech-ut2-ultras%c9%99s-terapiyasi\/#primaryimage"},"thumbnailUrl":"https:\/\/medishop.az\/wp-content\/uploads\/2022\/12\/939177cb-2-prob-il\u0259-i-tech-ut2-ultras\u018fs-terapiyasi.jpg","datePublished":"2022-12-14T22:42:47+00:00","dateModified":"2024-08-10T14:09:27+00:00","breadcrumb":{"@id":"https:\/\/medishop.az\/mehsul\/2-prob-il%c9%99-i-tech-ut2-ultras%c9%99s-terapiyasi\/#breadcrumb"},"inLanguage":"ru-RU","potentialAction":[{"@type":"ReadAction","target":["https:\/\/medishop.az\/mehsul\/2-prob-il%c9%99-i-tech-ut2-ultras%c9%99s-terapiyasi\/"]}]},{"@type":"ImageObject","inLanguage":"ru-RU","@id":"https:\/\/medishop.az\/mehsul\/2-prob-il%c9%99-i-tech-ut2-ultras%c9%99s-terapiyasi\/#primaryimage","url":"https:\/\/medishop.az\/wp-content\/uploads\/2022\/12\/939177cb-2-prob-il\u0259-i-tech-ut2-ultras\u018fs-terapiyasi.jpg","contentUrl":"https:\/\/medishop.az\/wp-content\/uploads\/2022\/12\/939177cb-2-prob-il\u0259-i-tech-ut2-ultras\u018fs-terapiyasi.jpg","width":1000,"height":1000},{"@type":"BreadcrumbList","@id":"https:\/\/medishop.az\/mehsul\/2-prob-il%c9%99-i-tech-ut2-ultras%c9%99s-terapiyasi\/#breadcrumb","itemListElement":[{"@type":"ListItem","position":1,"name":"\u018fsas","item":"https:\/\/medishop.az\/"},{"@type":"ListItem","position":2,"name":"Ma\u011faza","item":"https:\/\/medishop.az\/ru\/shop\/"},{"@type":"ListItem","position":3,"name":"2 prob il\u0259 I-TECH UT2 ULTRAS\u018fS TERAP\u0130YASI"}]},{"@type":"WebSite","@id":"https:\/\/medishop.az\/#website","url":"https:\/\/medishop.az\/","name":"Medishop","description":"Onlayn tibbi ma\u011faza","publisher":{"@id":"https:\/\/medishop.az\/#organization"},"potentialAction":[{"@type":"SearchAction","target":{"@type":"EntryPoint","urlTemplate":"https:\/\/medishop.az\/?s={search_term_string}"},"query-input":"required name=search_term_string"}],"inLanguage":"ru-RU"},{"@type":"Organization","@id":"https:\/\/medishop.az\/#organization","name":"Medishop","url":"https:\/\/medishop.az\/","logo":{"@type":"ImageObject","inLanguage":"ru-RU","@id":"https:\/\/medishop.az\/#\/schema\/logo\/image\/","url":"https:\/\/storage.googleapis.com\/stateless-medishop-az\/2022\/12\/logo.png","contentUrl":"https:\/\/storage.googleapis.com\/stateless-medishop-az\/2022\/12\/logo.png","width":300,"height":89,"caption":"Medishop"},"image":{"@id":"https:\/\/medishop.az\/#\/schema\/logo\/image\/"},"sameAs":["https:\/\/www.facebook.com\/medishop.azerbaijan"]}]}},"jetpack_sharing_enabled":true,"_links":{"self":[{"href":"https:\/\/medishop.az\/ru\/wp-json\/wp\/v2\/product\/3403","targetHints":{"allow":["GET"]}}],"collection":[{"href":"https:\/\/medishop.az\/ru\/wp-json\/wp\/v2\/product"}],"about":[{"href":"https:\/\/medishop.az\/ru\/wp-json\/wp\/v2\/types\/product"}],"wp:featuredmedia":[{"embeddable":true,"href":"https:\/\/medishop.az\/ru\/wp-json\/wp\/v2\/media\/3404"}],"wp:attachment":[{"href":"https:\/\/medishop.az\/ru\/wp-json\/wp\/v2\/media?parent=3403"}],"wp:term":[{"taxonomy":"product_cat","embeddable":true,"href":"https:\/\/medishop.az\/ru\/wp-json\/wp\/v2\/product_cat?post=3403"},{"taxonomy":"product_tag","embeddable":true,"href":"https:\/\/medishop.az\/ru\/wp-json\/wp\/v2\/product_tag?post=3403"}],"curies":[{"name":"wp","href":"https:\/\/api.w.org\/{rel}","templated":true}]}}