{"id":3399,"date":"2022-12-15T02:39:01","date_gmt":"2022-12-14T22:39:01","guid":{"rendered":"https:\/\/medishop.az\/?post_type=product&#038;p=3399"},"modified":"2022-12-15T02:39:03","modified_gmt":"2022-12-14T22:39:03","slug":"gima-utc2-ultras%c9%99s-v%c9%99-elektroterapiya-bolm%c9%99si","status":"publish","type":"product","link":"https:\/\/medishop.az\/ru\/mehsul\/gima-utc2-ultras%c9%99s-v%c9%99-elektroterapiya-bolm%c9%99si\/","title":{"rendered":"GIMA STRETCHER 4 \u2013 \u0421\u043a\u043b\u0430\u0434\u044b\u0432\u0430\u0435\u0442\u0441\u044f \u0438\u0437 4 \u0447\u0430\u0441\u0442\u0435\u0439"},"content":{"rendered":"<p>UTC 2 &#8211; 2 kanal elektroterapeutik ax\u0131nla birlikd\u0259 1-d\u0259n 3 MHz-\u0259 q\u0259d\u0259r i\u015fl\u0259y\u0259n tezlikl\u0259rl\u0259 ultras\u0259sli tranzistorlar \u00fc\u00e7\u00fcn proqraml\u0131 s\u00fcr\u00fcc\u00fc vahididir. UTC 2 proqramla\u015fd\u0131rma intensivliyi v\u0259 \u00e7atd\u0131r\u0131lma vaxt\u0131 il\u0259 fasil\u0259siz v\u0259 ya modulla\u015fd\u0131r\u0131lm\u0131\u015f ultras\u0259sl\u0259ri \u00e7atd\u0131r\u0131r, m\u00fcxt\u0259lif pataloji \u015f\u0259raitin termoterapevtik d\u0259rin m\u00fcalic\u0259si \u00fc\u00e7\u00fcn uy\u011fundur. UTC 2 transducer \u0259l i\u015fl\u0259ri suyun alt\u0131nda istifad\u0259 oluna bil\u0259r. UTC 2 Dyadinamic, Faradic, Galvanic, \u0130mpulsiv, T.E.N.S. v\u0259 Bipolyar elektroterapeutical c\u0259r\u0259yanlar\u0131 \u00e7atd\u0131r\u0131r.<\/p>\n<p>&#8211; Y\u00fcks\u0259k parlaql\u0131q qrafik touchscreen display<br \/>\n&#8211; Intuitiv icons interface<br \/>\n&#8211; Controls of unit by multifunction knob, keys or touchscreen<br \/>\n&#8211; Y\u00fcks\u0259lm\u0259 imkan\u0131<br \/>\n&#8211; Geni\u015f qabla\u015fd\u0131rma protokollar\u0131<br \/>\n&#8211; \u00d6z\u0259ll\u0259\u015fdirilmi\u015f proqramlar<br \/>\n&#8211; Multi tezlikli \u0259l-\u00fczl\u00fckl\u0259r<br \/>\n&#8211; Ba\u011fl\u0131 aksessuar\u0131n avtomatik identifikasiyas\u0131<br \/>\n&#8211; Davaml\u0131 v\u0259 ya pulsed \u00e7atd\u0131r\u0131lma<br \/>\n&#8211; Elektroterapiya<br \/>\nil\u0259 birl\u0259\u015fdirilmi\u015f &#8211; H\u0259r bir kanal<br \/>\n\u00fc\u00e7\u00fcn m\u00fcalic\u0259 m\u0259rh\u0259l\u0259l\u0259rinin planla\u015fd\u0131r\u0131lmas\u0131 ard\u0131c\u0131ll\u0131\u011f\u0131- M\u00fcst\u0259qil kanallar- T\u0259hl\u00fck\u0259sizlik n\u0259zar\u0259ti elektrodlar\u0131n<br \/>\nt\u0259sad\u00fcf\u0259n k\u0259silm\u0259si hal\u0131nda \u00e7\u0131x\u0131\u015f c\u0259r\u0259yan\u0131n\u0131 blok edir.<\/p>\n<p>6 dild\u0259 proqram t\u0259minat\u0131: GB, FR, IT, ES, DE, PT.Made<br \/>\nin italy.<\/p>","protected":false},"excerpt":{"rendered":"<table border=\"0\" width=\"100%\" cellspacing=\"0\" cellpadding=\"0\">\n<tbody>\n<tr>\n<td class=\"menu\" bgcolor=\"#fff9ad\"><span class=\"sezione\">\u0422\u0435\u0445\u043d\u0438\u0447\u0435\u0441\u043a\u0438\u0435 \u0445\u0430\u0440\u0430\u043a\u0442\u0435\u0440\u0438\u0441\u0442\u0438\u043a\u0438<\/span><\/td>\n<\/tr>\n<tr>\n<td class=\"menu\" bgcolor=\"#fff9ad\">\u2022 \u00c7\u0131x\u0131\u015f tezliyi (MHz): 1,0 \u2013 3,0<br \/>\n\u2022 Max intensivliyi (W\/cmq): 3.0<br \/>\n\u2022 ET kanallar\u0131: 2<br \/>\n\u2022 Max \u00e7\u0131x\u0131\u015f birba\u015fa cari (mA) 30<br \/>\n\u2022 Max \u00e7\u0131x\u0131\u015f pultu cari (mA) 70\u2022 70<br \/>\n\u2022 Max \u00e7\u0131x\u0131\u015f voltaj\u0131 (Vdc) 100<br \/>\n\u2022 Elektrik t\u0259chizat\u0131 (Vac\/Hz) 90-240 \/ 50-60<br \/>\n\u2022 Elektrik giri\u015f g\u00fcc\u00fc (VA) 70<\/td>\n<\/tr>\n<\/tbody>\n<\/table>","protected":false},"featured_media":3400,"template":"","meta":[],"product_cat":[15],"product_tag":[258],"class_list":{"0":"post-3399","1":"product","2":"type-product","3":"status-publish","4":"has-post-thumbnail","6":"product_cat-diger","7":"product_tag-ultrass-v-elektroterapiya","9":"first","10":"instock","11":"shipping-taxable","12":"purchasable","13":"product-type-simple"},"yoast_head":"<!-- This site is optimized with the Yoast SEO plugin v22.7 - https:\/\/yoast.com\/wordpress\/plugins\/seo\/ -->\n<title>GIMA UTC2 ULTRAS\u018fS V\u018f ELEKTROTERAP\u0130YA B\u00d6LM\u018fS\u0130 - Medishop<\/title>\n<meta name=\"robots\" content=\"index, follow, max-snippet:-1, max-image-preview:large, max-video-preview:-1\" \/>\n<link rel=\"canonical\" href=\"https:\/\/medishop.az\/ru\/mehsul\/gima-utc2-ultras\u0259s-v\u0259-elektroterapiya-bolm\u0259si\/\" \/>\n<meta property=\"og:locale\" content=\"ru_RU\" \/>\n<meta property=\"og:type\" content=\"article\" \/>\n<meta property=\"og:title\" content=\"GIMA UTC2 ULTRAS\u018fS V\u018f ELEKTROTERAP\u0130YA B\u00d6LM\u018fS\u0130 - Medishop\" \/>\n<meta property=\"og:description\" content=\"Texniki Spesifikasiyalar   \u2022 \u00c7\u0131x\u0131\u015f tezliyi (MHz): 1,0 \u2013 3,0 \u2022 Max intensivliyi (W\/cmq): 3.0 \u2022 ET kanallar\u0131: 2 \u2022 Max \u00e7\u0131x\u0131\u015f birba\u015fa cari (mA) 30 \u2022 Max \u00e7\u0131x\u0131\u015f pultu cari (mA) 70\u2022 70 \u2022 Max \u00e7\u0131x\u0131\u015f voltaj\u0131 (Vdc) 100 \u2022 Elektrik t\u0259chizat\u0131 (Vac\/Hz) 90-240 \/ 50-60 \u2022 Elektrik giri\u015f g\u00fcc\u00fc (VA) 70\" \/>\n<meta property=\"og:url\" content=\"https:\/\/medishop.az\/ru\/mehsul\/gima-utc2-ultras\u0259s-v\u0259-elektroterapiya-bolm\u0259si\/\" \/>\n<meta property=\"og:site_name\" content=\"Medishop\" \/>\n<meta property=\"article:publisher\" content=\"https:\/\/www.facebook.com\/medishop.azerbaijan\" \/>\n<meta property=\"article:modified_time\" content=\"2022-12-14T22:39:03+00:00\" \/>\n<meta property=\"og:image\" content=\"https:\/\/storage.googleapis.com\/stateless-medishop-az\/2022\/12\/297b335a-gima-utc2-ultras\u018fs-v\u018f-elektroterapiya-bolm\u018fsi.jpg\" \/>\n\t<meta property=\"og:image:width\" content=\"1000\" \/>\n\t<meta property=\"og:image:height\" content=\"1000\" \/>\n\t<meta property=\"og:image:type\" content=\"image\/jpeg\" \/>\n<meta name=\"twitter:card\" content=\"summary_large_image\" \/>\n<meta name=\"twitter:label1\" content=\"\u041f\u0440\u0438\u043c\u0435\u0440\u043d\u043e\u0435 \u0432\u0440\u0435\u043c\u044f \u0434\u043b\u044f \u0447\u0442\u0435\u043d\u0438\u044f\" \/>\n\t<meta name=\"twitter:data1\" content=\"1 \u043c\u0438\u043d\u0443\u0442\u0430\" \/>\n<script type=\"application\/ld+json\" class=\"yoast-schema-graph\">{\"@context\":\"https:\/\/schema.org\",\"@graph\":[{\"@type\":\"WebPage\",\"@id\":\"https:\/\/medishop.az\/mehsul\/gima-utc2-ultras%c9%99s-v%c9%99-elektroterapiya-bolm%c9%99si\/\",\"url\":\"https:\/\/medishop.az\/mehsul\/gima-utc2-ultras%c9%99s-v%c9%99-elektroterapiya-bolm%c9%99si\/\",\"name\":\"GIMA UTC2 ULTRAS\u018fS V\u018f ELEKTROTERAP\u0130YA B\u00d6LM\u018fS\u0130 - Medishop\",\"isPartOf\":{\"@id\":\"https:\/\/medishop.az\/#website\"},\"primaryImageOfPage\":{\"@id\":\"https:\/\/medishop.az\/mehsul\/gima-utc2-ultras%c9%99s-v%c9%99-elektroterapiya-bolm%c9%99si\/#primaryimage\"},\"image\":{\"@id\":\"https:\/\/medishop.az\/mehsul\/gima-utc2-ultras%c9%99s-v%c9%99-elektroterapiya-bolm%c9%99si\/#primaryimage\"},\"thumbnailUrl\":\"https:\/\/medishop.az\/wp-content\/uploads\/2022\/12\/297b335a-gima-utc2-ultras\u018fs-v\u018f-elektroterapiya-bolm\u018fsi.jpg\",\"datePublished\":\"2022-12-14T22:39:01+00:00\",\"dateModified\":\"2022-12-14T22:39:03+00:00\",\"breadcrumb\":{\"@id\":\"https:\/\/medishop.az\/mehsul\/gima-utc2-ultras%c9%99s-v%c9%99-elektroterapiya-bolm%c9%99si\/#breadcrumb\"},\"inLanguage\":\"ru-RU\",\"potentialAction\":[{\"@type\":\"ReadAction\",\"target\":[\"https:\/\/medishop.az\/mehsul\/gima-utc2-ultras%c9%99s-v%c9%99-elektroterapiya-bolm%c9%99si\/\"]}]},{\"@type\":\"ImageObject\",\"inLanguage\":\"ru-RU\",\"@id\":\"https:\/\/medishop.az\/mehsul\/gima-utc2-ultras%c9%99s-v%c9%99-elektroterapiya-bolm%c9%99si\/#primaryimage\",\"url\":\"https:\/\/medishop.az\/wp-content\/uploads\/2022\/12\/297b335a-gima-utc2-ultras\u018fs-v\u018f-elektroterapiya-bolm\u018fsi.jpg\",\"contentUrl\":\"https:\/\/medishop.az\/wp-content\/uploads\/2022\/12\/297b335a-gima-utc2-ultras\u018fs-v\u018f-elektroterapiya-bolm\u018fsi.jpg\",\"width\":1000,\"height\":1000},{\"@type\":\"BreadcrumbList\",\"@id\":\"https:\/\/medishop.az\/mehsul\/gima-utc2-ultras%c9%99s-v%c9%99-elektroterapiya-bolm%c9%99si\/#breadcrumb\",\"itemListElement\":[{\"@type\":\"ListItem\",\"position\":1,\"name\":\"\u018fsas\",\"item\":\"https:\/\/medishop.az\/\"},{\"@type\":\"ListItem\",\"position\":2,\"name\":\"Ma\u011faza\",\"item\":\"https:\/\/medishop.az\/ru\/shop\/\"},{\"@type\":\"ListItem\",\"position\":3,\"name\":\"GIMA UTC2 ULTRAS\u018fS V\u018f ELEKTROTERAP\u0130YA B\u00d6LM\u018fS\u0130\"}]},{\"@type\":\"WebSite\",\"@id\":\"https:\/\/medishop.az\/#website\",\"url\":\"https:\/\/medishop.az\/\",\"name\":\"Medishop\",\"description\":\"Onlayn tibbi ma\u011faza\",\"publisher\":{\"@id\":\"https:\/\/medishop.az\/#organization\"},\"potentialAction\":[{\"@type\":\"SearchAction\",\"target\":{\"@type\":\"EntryPoint\",\"urlTemplate\":\"https:\/\/medishop.az\/?s={search_term_string}\"},\"query-input\":\"required name=search_term_string\"}],\"inLanguage\":\"ru-RU\"},{\"@type\":\"Organization\",\"@id\":\"https:\/\/medishop.az\/#organization\",\"name\":\"Medishop\",\"url\":\"https:\/\/medishop.az\/\",\"logo\":{\"@type\":\"ImageObject\",\"inLanguage\":\"ru-RU\",\"@id\":\"https:\/\/medishop.az\/#\/schema\/logo\/image\/\",\"url\":\"https:\/\/storage.googleapis.com\/stateless-medishop-az\/2022\/12\/logo.png\",\"contentUrl\":\"https:\/\/storage.googleapis.com\/stateless-medishop-az\/2022\/12\/logo.png\",\"width\":300,\"height\":89,\"caption\":\"Medishop\"},\"image\":{\"@id\":\"https:\/\/medishop.az\/#\/schema\/logo\/image\/\"},\"sameAs\":[\"https:\/\/www.facebook.com\/medishop.azerbaijan\"]}]}<\/script>\n<!-- \/ Yoast SEO plugin. -->","yoast_head_json":{"title":"GIMA UTC2 ULTRAS\u018fS V\u018f ELEKTROTERAP\u0130YA B\u00d6LM\u018fS\u0130 - Medishop","robots":{"index":"index","follow":"follow","max-snippet":"max-snippet:-1","max-image-preview":"max-image-preview:large","max-video-preview":"max-video-preview:-1"},"canonical":"https:\/\/medishop.az\/ru\/mehsul\/gima-utc2-ultras\u0259s-v\u0259-elektroterapiya-bolm\u0259si\/","og_locale":"ru_RU","og_type":"article","og_title":"GIMA UTC2 ULTRAS\u018fS V\u018f ELEKTROTERAP\u0130YA B\u00d6LM\u018fS\u0130 - Medishop","og_description":"Texniki Spesifikasiyalar   \u2022 \u00c7\u0131x\u0131\u015f tezliyi (MHz): 1,0 \u2013 3,0 \u2022 Max intensivliyi (W\/cmq): 3.0 \u2022 ET kanallar\u0131: 2 \u2022 Max \u00e7\u0131x\u0131\u015f birba\u015fa cari (mA) 30 \u2022 Max \u00e7\u0131x\u0131\u015f pultu cari (mA) 70\u2022 70 \u2022 Max \u00e7\u0131x\u0131\u015f voltaj\u0131 (Vdc) 100 \u2022 Elektrik t\u0259chizat\u0131 (Vac\/Hz) 90-240 \/ 50-60 \u2022 Elektrik giri\u015f g\u00fcc\u00fc (VA) 70","og_url":"https:\/\/medishop.az\/ru\/mehsul\/gima-utc2-ultras\u0259s-v\u0259-elektroterapiya-bolm\u0259si\/","og_site_name":"Medishop","article_publisher":"https:\/\/www.facebook.com\/medishop.azerbaijan","article_modified_time":"2022-12-14T22:39:03+00:00","og_image":[{"width":1000,"height":1000,"url":"https:\/\/storage.googleapis.com\/stateless-medishop-az\/2022\/12\/297b335a-gima-utc2-ultras\u018fs-v\u018f-elektroterapiya-bolm\u018fsi.jpg","type":"image\/jpeg"}],"twitter_card":"summary_large_image","twitter_misc":{"\u041f\u0440\u0438\u043c\u0435\u0440\u043d\u043e\u0435 \u0432\u0440\u0435\u043c\u044f \u0434\u043b\u044f \u0447\u0442\u0435\u043d\u0438\u044f":"1 \u043c\u0438\u043d\u0443\u0442\u0430"},"schema":{"@context":"https:\/\/schema.org","@graph":[{"@type":"WebPage","@id":"https:\/\/medishop.az\/mehsul\/gima-utc2-ultras%c9%99s-v%c9%99-elektroterapiya-bolm%c9%99si\/","url":"https:\/\/medishop.az\/mehsul\/gima-utc2-ultras%c9%99s-v%c9%99-elektroterapiya-bolm%c9%99si\/","name":"GIMA UTC2 ULTRAS\u018fS V\u018f ELEKTROTERAP\u0130YA B\u00d6LM\u018fS\u0130 - Medishop","isPartOf":{"@id":"https:\/\/medishop.az\/#website"},"primaryImageOfPage":{"@id":"https:\/\/medishop.az\/mehsul\/gima-utc2-ultras%c9%99s-v%c9%99-elektroterapiya-bolm%c9%99si\/#primaryimage"},"image":{"@id":"https:\/\/medishop.az\/mehsul\/gima-utc2-ultras%c9%99s-v%c9%99-elektroterapiya-bolm%c9%99si\/#primaryimage"},"thumbnailUrl":"https:\/\/medishop.az\/wp-content\/uploads\/2022\/12\/297b335a-gima-utc2-ultras\u018fs-v\u018f-elektroterapiya-bolm\u018fsi.jpg","datePublished":"2022-12-14T22:39:01+00:00","dateModified":"2022-12-14T22:39:03+00:00","breadcrumb":{"@id":"https:\/\/medishop.az\/mehsul\/gima-utc2-ultras%c9%99s-v%c9%99-elektroterapiya-bolm%c9%99si\/#breadcrumb"},"inLanguage":"ru-RU","potentialAction":[{"@type":"ReadAction","target":["https:\/\/medishop.az\/mehsul\/gima-utc2-ultras%c9%99s-v%c9%99-elektroterapiya-bolm%c9%99si\/"]}]},{"@type":"ImageObject","inLanguage":"ru-RU","@id":"https:\/\/medishop.az\/mehsul\/gima-utc2-ultras%c9%99s-v%c9%99-elektroterapiya-bolm%c9%99si\/#primaryimage","url":"https:\/\/medishop.az\/wp-content\/uploads\/2022\/12\/297b335a-gima-utc2-ultras\u018fs-v\u018f-elektroterapiya-bolm\u018fsi.jpg","contentUrl":"https:\/\/medishop.az\/wp-content\/uploads\/2022\/12\/297b335a-gima-utc2-ultras\u018fs-v\u018f-elektroterapiya-bolm\u018fsi.jpg","width":1000,"height":1000},{"@type":"BreadcrumbList","@id":"https:\/\/medishop.az\/mehsul\/gima-utc2-ultras%c9%99s-v%c9%99-elektroterapiya-bolm%c9%99si\/#breadcrumb","itemListElement":[{"@type":"ListItem","position":1,"name":"\u018fsas","item":"https:\/\/medishop.az\/"},{"@type":"ListItem","position":2,"name":"Ma\u011faza","item":"https:\/\/medishop.az\/ru\/shop\/"},{"@type":"ListItem","position":3,"name":"GIMA UTC2 ULTRAS\u018fS V\u018f ELEKTROTERAP\u0130YA B\u00d6LM\u018fS\u0130"}]},{"@type":"WebSite","@id":"https:\/\/medishop.az\/#website","url":"https:\/\/medishop.az\/","name":"Medishop","description":"Onlayn tibbi ma\u011faza","publisher":{"@id":"https:\/\/medishop.az\/#organization"},"potentialAction":[{"@type":"SearchAction","target":{"@type":"EntryPoint","urlTemplate":"https:\/\/medishop.az\/?s={search_term_string}"},"query-input":"required name=search_term_string"}],"inLanguage":"ru-RU"},{"@type":"Organization","@id":"https:\/\/medishop.az\/#organization","name":"Medishop","url":"https:\/\/medishop.az\/","logo":{"@type":"ImageObject","inLanguage":"ru-RU","@id":"https:\/\/medishop.az\/#\/schema\/logo\/image\/","url":"https:\/\/storage.googleapis.com\/stateless-medishop-az\/2022\/12\/logo.png","contentUrl":"https:\/\/storage.googleapis.com\/stateless-medishop-az\/2022\/12\/logo.png","width":300,"height":89,"caption":"Medishop"},"image":{"@id":"https:\/\/medishop.az\/#\/schema\/logo\/image\/"},"sameAs":["https:\/\/www.facebook.com\/medishop.azerbaijan"]}]}},"jetpack_sharing_enabled":true,"_links":{"self":[{"href":"https:\/\/medishop.az\/ru\/wp-json\/wp\/v2\/product\/3399","targetHints":{"allow":["GET"]}}],"collection":[{"href":"https:\/\/medishop.az\/ru\/wp-json\/wp\/v2\/product"}],"about":[{"href":"https:\/\/medishop.az\/ru\/wp-json\/wp\/v2\/types\/product"}],"wp:featuredmedia":[{"embeddable":true,"href":"https:\/\/medishop.az\/ru\/wp-json\/wp\/v2\/media\/3400"}],"wp:attachment":[{"href":"https:\/\/medishop.az\/ru\/wp-json\/wp\/v2\/media?parent=3399"}],"wp:term":[{"taxonomy":"product_cat","embeddable":true,"href":"https:\/\/medishop.az\/ru\/wp-json\/wp\/v2\/product_cat?post=3399"},{"taxonomy":"product_tag","embeddable":true,"href":"https:\/\/medishop.az\/ru\/wp-json\/wp\/v2\/product_tag?post=3399"}],"curies":[{"name":"wp","href":"https:\/\/api.w.org\/{rel}","templated":true}]}}