{"id":3383,"date":"2022-12-15T02:22:44","date_gmt":"2022-12-14T22:22:44","guid":{"rendered":"https:\/\/medishop.az\/?post_type=product&#038;p=3383"},"modified":"2024-08-10T18:23:22","modified_gmt":"2024-08-10T14:23:22","slug":"t-one-coach-4-kanalli-elektroterapiya","status":"publish","type":"product","link":"https:\/\/medishop.az\/ru\/mehsul\/t-one-coach-4-kanalli-elektroterapiya\/","title":{"rendered":"T-ONE COACH &#8211; 4 kanall\u0131 elektroterapiya"},"content":{"rendered":"<p>Fiziki aktivliyinizi yax\u015f\u0131la\u015fd\u0131rmaq \u00fc\u00e7\u00fcn n\u0259z\u0259rd\u0259 tutulmu\u015f y\u00fcks\u0259k performant \u0259z\u0259l\u0259 stimulyatoru.<\/p>\n<p>Proqramlardan asan istifad\u0259 say\u0259sind\u0259 pe\u015f\u0259kar idman\u00e7\u0131lar \u00fc\u00e7\u00fcn deyil, \u00fcmumilikd\u0259 idman sev\u0259rl\u0259r \u00fc\u00e7\u00fcn ideal cihaz\u0131 t\u0259msil edir.<br \/>\nBu yaln\u0131z \u0259z\u0259l\u0259 stimulyator avadanl\u0131\u011f\u0131 deyil. A\u011fr\u0131lar\u0131n y\u00fcng\u00fcl edilm\u0259si v\u0259 yaralanmalar\u0131n sa\u011falmas\u0131 \u00fc\u00e7\u00fcn TENS protokollar\u0131 il\u0259 t\u0259min edilir.<\/p>\n<p>H\u0259cmi: 150 x 90 x 35 mm.\u018fsas<\/p>\n<p>x\u00fcsusiyy\u0259tl\u0259ri:<br \/>\n&#8211; sabit cari generator (d\u0259rinin v\u0259ziyy\u0259ti d\u0259yi\u015fdikd\u0259 bel\u0259, qur\u011fu avtomatik olaraq t\u0259sad\u00fcf\u0259n elektrodlar\u0131n k\u0259silm\u0259si hal\u0131nda dayan\u0131r)<br \/>\n&#8211; d\u00f6rd m\u00fcst\u0259qil kanal vahidinin (8-\u0259 q\u0259d\u0259r ba\u011flana bil\u0259n elektrodlar)<br \/>\n&#8211; kompensasiya olunmu\u015f bifasik kvadrat dal\u011fas\u0131: m\u00fcsb\u0259t q\u00fctbd\u0259n m\u0259nfi birin\u0259 q\u0259d\u0259r cari k\u0259miyy\u0259t polarizasiya effektind\u0259n qa\u00e7\u0131nmaq \u00fc\u00e7\u00fcn daim dayan\u0131r;<br \/>\nmonofasik dal\u011fa generatoru (yaln\u0131z iontophoresis proqramlar\u0131 \u00fc\u00e7\u00fcn)<br \/>\n&#8211; 2+2 istifad\u0259\u00e7i proqramlar\u0131<br \/>\n&#8211; arxa i\u015f\u0131q qrafik r\u0259ngli displey<br \/>\n&#8211; istifad\u0259\u00e7i r\u0259yl\u0259ri: cihaz x\u0259st\u0259 \u0259laq\u0259ni<br \/>\ntan\u0131y\u0131r- soft-touch asanl\u0131qla klaviaturadan<br \/>\nistifad\u0259 etm\u0259k asan- on-Iine 5 dil guide (GB, FR, IT, ES, DE) s\u00fcr\u0259tli t\u0259limatlar<br \/>\n\u00fc\u00e7\u00fcn displeyd\u0259- 4,8 V yenid\u0259n \u015farj edil\u0259 bil\u0259n batareya paketi<br \/>\n&#8211; ki\u015fi v\u0259 qad\u0131n<br \/>\n\u00fc\u00e7\u00fcn \u015f\u0259xsi proqramlar &#8211; maksimum intensivliyi 240 mApp, 1 mA add\u0131m t\u0259nziml\u0259nm\u0259si il\u0259<\/p>","protected":false},"excerpt":{"rendered":"<p>Fiziki aktivliyinizi yax\u015f\u0131la\u015fd\u0131rmaq \u00fc\u00e7\u00fcn n\u0259z\u0259rd\u0259 tutulmu\u015f y\u00fcks\u0259k performant \u0259z\u0259l\u0259 stimulyatoru. Proqramlardan asan istifad\u0259 say\u0259sind\u0259 pe\u015f\u0259kar idman\u00e7\u0131lar \u00fc\u00e7\u00fcn deyil, \u00fcmumilikd\u0259 idman sev\u0259rl\u0259r \u00fc\u00e7\u00fcn ideal cihaz\u0131 t\u0259msil edir. Bu yaln\u0131z \u0259z\u0259l\u0259 stimulyator<\/p>","protected":false},"featured_media":3384,"template":"","meta":[],"product_cat":[129,156,126,135],"product_tag":[256],"class_list":{"0":"post-3383","1":"product","2":"type-product","3":"status-publish","4":"has-post-thumbnail","6":"product_cat-reabilitasiya","7":"product_cat-reabilitasiya-aparatlari-reabilitasiya","8":"product_cat-tibbi-cihazlar","9":"product_cat-reabilitasiya-aparatlari","10":"product_tag-elektroterapiya","12":"first","13":"instock","14":"shipping-taxable","15":"purchasable","16":"product-type-simple"},"yoast_head":"<!-- This site is optimized with the Yoast SEO plugin v22.7 - https:\/\/yoast.com\/wordpress\/plugins\/seo\/ -->\n<title>T-ONE COACH - 4 kanall\u0131 elektroterapiya - Medishop<\/title>\n<meta name=\"robots\" content=\"index, follow, max-snippet:-1, max-image-preview:large, max-video-preview:-1\" \/>\n<link rel=\"canonical\" href=\"https:\/\/medishop.az\/ru\/mehsul\/t-one-coach-4-kanalli-elektroterapiya\/\" \/>\n<meta property=\"og:locale\" content=\"ru_RU\" \/>\n<meta property=\"og:type\" content=\"article\" \/>\n<meta property=\"og:title\" content=\"T-ONE COACH - 4 kanall\u0131 elektroterapiya - Medishop\" \/>\n<meta property=\"og:description\" content=\"Fiziki aktivliyinizi yax\u015f\u0131la\u015fd\u0131rmaq \u00fc\u00e7\u00fcn n\u0259z\u0259rd\u0259 tutulmu\u015f y\u00fcks\u0259k performant \u0259z\u0259l\u0259 stimulyatoru. Proqramlardan asan istifad\u0259 say\u0259sind\u0259 pe\u015f\u0259kar idman\u00e7\u0131lar \u00fc\u00e7\u00fcn deyil, \u00fcmumilikd\u0259 idman sev\u0259rl\u0259r \u00fc\u00e7\u00fcn ideal cihaz\u0131 t\u0259msil edir. Bu yaln\u0131z \u0259z\u0259l\u0259 stimulyator\" \/>\n<meta property=\"og:url\" content=\"https:\/\/medishop.az\/ru\/mehsul\/t-one-coach-4-kanalli-elektroterapiya\/\" \/>\n<meta property=\"og:site_name\" content=\"Medishop\" \/>\n<meta property=\"article:publisher\" content=\"https:\/\/www.facebook.com\/medishop.azerbaijan\" \/>\n<meta property=\"article:modified_time\" content=\"2024-08-10T14:23:22+00:00\" \/>\n<meta property=\"og:image\" content=\"https:\/\/medishop.az\/wp-content\/uploads\/2022\/12\/6fc64290-t-one-coach-4-kanalli-elektroterapiya.jpg\" \/>\n\t<meta property=\"og:image:width\" content=\"1000\" \/>\n\t<meta property=\"og:image:height\" content=\"1000\" \/>\n\t<meta property=\"og:image:type\" content=\"image\/jpeg\" \/>\n<meta name=\"twitter:card\" content=\"summary_large_image\" \/>\n<meta name=\"twitter:label1\" content=\"\u041f\u0440\u0438\u043c\u0435\u0440\u043d\u043e\u0435 \u0432\u0440\u0435\u043c\u044f \u0434\u043b\u044f \u0447\u0442\u0435\u043d\u0438\u044f\" \/>\n\t<meta name=\"twitter:data1\" content=\"2 \u043c\u0438\u043d\u0443\u0442\u044b\" \/>\n<script type=\"application\/ld+json\" class=\"yoast-schema-graph\">{\"@context\":\"https:\/\/schema.org\",\"@graph\":[{\"@type\":\"WebPage\",\"@id\":\"https:\/\/medishop.az\/mehsul\/t-one-coach-4-kanalli-elektroterapiya\/\",\"url\":\"https:\/\/medishop.az\/mehsul\/t-one-coach-4-kanalli-elektroterapiya\/\",\"name\":\"T-ONE COACH - 4 kanall\u0131 elektroterapiya - Medishop\",\"isPartOf\":{\"@id\":\"https:\/\/medishop.az\/#website\"},\"primaryImageOfPage\":{\"@id\":\"https:\/\/medishop.az\/mehsul\/t-one-coach-4-kanalli-elektroterapiya\/#primaryimage\"},\"image\":{\"@id\":\"https:\/\/medishop.az\/mehsul\/t-one-coach-4-kanalli-elektroterapiya\/#primaryimage\"},\"thumbnailUrl\":\"https:\/\/medishop.az\/wp-content\/uploads\/2022\/12\/6fc64290-t-one-coach-4-kanalli-elektroterapiya.jpg\",\"datePublished\":\"2022-12-14T22:22:44+00:00\",\"dateModified\":\"2024-08-10T14:23:22+00:00\",\"breadcrumb\":{\"@id\":\"https:\/\/medishop.az\/mehsul\/t-one-coach-4-kanalli-elektroterapiya\/#breadcrumb\"},\"inLanguage\":\"ru-RU\",\"potentialAction\":[{\"@type\":\"ReadAction\",\"target\":[\"https:\/\/medishop.az\/mehsul\/t-one-coach-4-kanalli-elektroterapiya\/\"]}]},{\"@type\":\"ImageObject\",\"inLanguage\":\"ru-RU\",\"@id\":\"https:\/\/medishop.az\/mehsul\/t-one-coach-4-kanalli-elektroterapiya\/#primaryimage\",\"url\":\"https:\/\/medishop.az\/wp-content\/uploads\/2022\/12\/6fc64290-t-one-coach-4-kanalli-elektroterapiya.jpg\",\"contentUrl\":\"https:\/\/medishop.az\/wp-content\/uploads\/2022\/12\/6fc64290-t-one-coach-4-kanalli-elektroterapiya.jpg\",\"width\":1000,\"height\":1000},{\"@type\":\"BreadcrumbList\",\"@id\":\"https:\/\/medishop.az\/mehsul\/t-one-coach-4-kanalli-elektroterapiya\/#breadcrumb\",\"itemListElement\":[{\"@type\":\"ListItem\",\"position\":1,\"name\":\"\u018fsas\",\"item\":\"https:\/\/medishop.az\/\"},{\"@type\":\"ListItem\",\"position\":2,\"name\":\"Ma\u011faza\",\"item\":\"https:\/\/medishop.az\/ru\/shop\/\"},{\"@type\":\"ListItem\",\"position\":3,\"name\":\"T-ONE COACH &#8211; 4 kanall\u0131 elektroterapiya\"}]},{\"@type\":\"WebSite\",\"@id\":\"https:\/\/medishop.az\/#website\",\"url\":\"https:\/\/medishop.az\/\",\"name\":\"Medishop\",\"description\":\"Onlayn tibbi ma\u011faza\",\"publisher\":{\"@id\":\"https:\/\/medishop.az\/#organization\"},\"potentialAction\":[{\"@type\":\"SearchAction\",\"target\":{\"@type\":\"EntryPoint\",\"urlTemplate\":\"https:\/\/medishop.az\/?s={search_term_string}\"},\"query-input\":\"required name=search_term_string\"}],\"inLanguage\":\"ru-RU\"},{\"@type\":\"Organization\",\"@id\":\"https:\/\/medishop.az\/#organization\",\"name\":\"Medishop\",\"url\":\"https:\/\/medishop.az\/\",\"logo\":{\"@type\":\"ImageObject\",\"inLanguage\":\"ru-RU\",\"@id\":\"https:\/\/medishop.az\/#\/schema\/logo\/image\/\",\"url\":\"https:\/\/storage.googleapis.com\/stateless-medishop-az\/2022\/12\/logo.png\",\"contentUrl\":\"https:\/\/storage.googleapis.com\/stateless-medishop-az\/2022\/12\/logo.png\",\"width\":300,\"height\":89,\"caption\":\"Medishop\"},\"image\":{\"@id\":\"https:\/\/medishop.az\/#\/schema\/logo\/image\/\"},\"sameAs\":[\"https:\/\/www.facebook.com\/medishop.azerbaijan\"]}]}<\/script>\n<!-- \/ Yoast SEO plugin. -->","yoast_head_json":{"title":"T-ONE COACH - 4 kanall\u0131 elektroterapiya - Medishop","robots":{"index":"index","follow":"follow","max-snippet":"max-snippet:-1","max-image-preview":"max-image-preview:large","max-video-preview":"max-video-preview:-1"},"canonical":"https:\/\/medishop.az\/ru\/mehsul\/t-one-coach-4-kanalli-elektroterapiya\/","og_locale":"ru_RU","og_type":"article","og_title":"T-ONE COACH - 4 kanall\u0131 elektroterapiya - Medishop","og_description":"Fiziki aktivliyinizi yax\u015f\u0131la\u015fd\u0131rmaq \u00fc\u00e7\u00fcn n\u0259z\u0259rd\u0259 tutulmu\u015f y\u00fcks\u0259k performant \u0259z\u0259l\u0259 stimulyatoru. Proqramlardan asan istifad\u0259 say\u0259sind\u0259 pe\u015f\u0259kar idman\u00e7\u0131lar \u00fc\u00e7\u00fcn deyil, \u00fcmumilikd\u0259 idman sev\u0259rl\u0259r \u00fc\u00e7\u00fcn ideal cihaz\u0131 t\u0259msil edir. Bu yaln\u0131z \u0259z\u0259l\u0259 stimulyator","og_url":"https:\/\/medishop.az\/ru\/mehsul\/t-one-coach-4-kanalli-elektroterapiya\/","og_site_name":"Medishop","article_publisher":"https:\/\/www.facebook.com\/medishop.azerbaijan","article_modified_time":"2024-08-10T14:23:22+00:00","og_image":[{"width":1000,"height":1000,"url":"https:\/\/medishop.az\/wp-content\/uploads\/2022\/12\/6fc64290-t-one-coach-4-kanalli-elektroterapiya.jpg","type":"image\/jpeg"}],"twitter_card":"summary_large_image","twitter_misc":{"\u041f\u0440\u0438\u043c\u0435\u0440\u043d\u043e\u0435 \u0432\u0440\u0435\u043c\u044f \u0434\u043b\u044f \u0447\u0442\u0435\u043d\u0438\u044f":"2 \u043c\u0438\u043d\u0443\u0442\u044b"},"schema":{"@context":"https:\/\/schema.org","@graph":[{"@type":"WebPage","@id":"https:\/\/medishop.az\/mehsul\/t-one-coach-4-kanalli-elektroterapiya\/","url":"https:\/\/medishop.az\/mehsul\/t-one-coach-4-kanalli-elektroterapiya\/","name":"T-ONE COACH - 4 kanall\u0131 elektroterapiya - Medishop","isPartOf":{"@id":"https:\/\/medishop.az\/#website"},"primaryImageOfPage":{"@id":"https:\/\/medishop.az\/mehsul\/t-one-coach-4-kanalli-elektroterapiya\/#primaryimage"},"image":{"@id":"https:\/\/medishop.az\/mehsul\/t-one-coach-4-kanalli-elektroterapiya\/#primaryimage"},"thumbnailUrl":"https:\/\/medishop.az\/wp-content\/uploads\/2022\/12\/6fc64290-t-one-coach-4-kanalli-elektroterapiya.jpg","datePublished":"2022-12-14T22:22:44+00:00","dateModified":"2024-08-10T14:23:22+00:00","breadcrumb":{"@id":"https:\/\/medishop.az\/mehsul\/t-one-coach-4-kanalli-elektroterapiya\/#breadcrumb"},"inLanguage":"ru-RU","potentialAction":[{"@type":"ReadAction","target":["https:\/\/medishop.az\/mehsul\/t-one-coach-4-kanalli-elektroterapiya\/"]}]},{"@type":"ImageObject","inLanguage":"ru-RU","@id":"https:\/\/medishop.az\/mehsul\/t-one-coach-4-kanalli-elektroterapiya\/#primaryimage","url":"https:\/\/medishop.az\/wp-content\/uploads\/2022\/12\/6fc64290-t-one-coach-4-kanalli-elektroterapiya.jpg","contentUrl":"https:\/\/medishop.az\/wp-content\/uploads\/2022\/12\/6fc64290-t-one-coach-4-kanalli-elektroterapiya.jpg","width":1000,"height":1000},{"@type":"BreadcrumbList","@id":"https:\/\/medishop.az\/mehsul\/t-one-coach-4-kanalli-elektroterapiya\/#breadcrumb","itemListElement":[{"@type":"ListItem","position":1,"name":"\u018fsas","item":"https:\/\/medishop.az\/"},{"@type":"ListItem","position":2,"name":"Ma\u011faza","item":"https:\/\/medishop.az\/ru\/shop\/"},{"@type":"ListItem","position":3,"name":"T-ONE COACH &#8211; 4 kanall\u0131 elektroterapiya"}]},{"@type":"WebSite","@id":"https:\/\/medishop.az\/#website","url":"https:\/\/medishop.az\/","name":"Medishop","description":"Onlayn tibbi ma\u011faza","publisher":{"@id":"https:\/\/medishop.az\/#organization"},"potentialAction":[{"@type":"SearchAction","target":{"@type":"EntryPoint","urlTemplate":"https:\/\/medishop.az\/?s={search_term_string}"},"query-input":"required name=search_term_string"}],"inLanguage":"ru-RU"},{"@type":"Organization","@id":"https:\/\/medishop.az\/#organization","name":"Medishop","url":"https:\/\/medishop.az\/","logo":{"@type":"ImageObject","inLanguage":"ru-RU","@id":"https:\/\/medishop.az\/#\/schema\/logo\/image\/","url":"https:\/\/storage.googleapis.com\/stateless-medishop-az\/2022\/12\/logo.png","contentUrl":"https:\/\/storage.googleapis.com\/stateless-medishop-az\/2022\/12\/logo.png","width":300,"height":89,"caption":"Medishop"},"image":{"@id":"https:\/\/medishop.az\/#\/schema\/logo\/image\/"},"sameAs":["https:\/\/www.facebook.com\/medishop.azerbaijan"]}]}},"jetpack_sharing_enabled":true,"_links":{"self":[{"href":"https:\/\/medishop.az\/ru\/wp-json\/wp\/v2\/product\/3383","targetHints":{"allow":["GET"]}}],"collection":[{"href":"https:\/\/medishop.az\/ru\/wp-json\/wp\/v2\/product"}],"about":[{"href":"https:\/\/medishop.az\/ru\/wp-json\/wp\/v2\/types\/product"}],"wp:featuredmedia":[{"embeddable":true,"href":"https:\/\/medishop.az\/ru\/wp-json\/wp\/v2\/media\/3384"}],"wp:attachment":[{"href":"https:\/\/medishop.az\/ru\/wp-json\/wp\/v2\/media?parent=3383"}],"wp:term":[{"taxonomy":"product_cat","embeddable":true,"href":"https:\/\/medishop.az\/ru\/wp-json\/wp\/v2\/product_cat?post=3383"},{"taxonomy":"product_tag","embeddable":true,"href":"https:\/\/medishop.az\/ru\/wp-json\/wp\/v2\/product_tag?post=3383"}],"curies":[{"name":"wp","href":"https:\/\/api.w.org\/{rel}","templated":true}]}}