{"id":3381,"date":"2022-12-15T02:17:19","date_gmt":"2022-12-14T22:17:19","guid":{"rendered":"https:\/\/medishop.az\/?post_type=product&#038;p=3381"},"modified":"2024-08-10T18:13:47","modified_gmt":"2024-08-10T14:13:47","slug":"i-tech-la-500-lazer-terapiyasi","status":"publish","type":"product","link":"https:\/\/medishop.az\/ru\/mehsul\/i-tech-la-500-lazer-terapiyasi\/","title":{"rendered":"I-TECH LA 500 \u041b\u0410\u0417\u0415\u0420\u041d\u0410\u042f \u0422\u0415\u0420\u0410\u041f\u0418\u042f"},"content":{"rendered":"<p>I-TECH LA 500 LASER THERAPY Lazer terapiyas\u0131<\/p>\n<p>cihaz\u0131, birba\u015fa m\u00fcalic\u0259 sah\u0259sin\u0259 \u015f\u00fca lazer t\u0259tbiqin\u0259 imkan ver\u0259n emissiya diodu il\u0259 yeni prob il\u0259 t\u0259chiz edilmi\u015fdir.<br \/>\nI-TECH LA 500 500 mW g\u00fcc \u00e7\u0131x\u0131\u015f\u0131 v\u0259 810 nm dal\u011fa uzunlu\u011fu say\u0259sind\u0259 s\u00fcr\u0259tli h\u00fcceyr\u0259 regenerasiyas\u0131n\u0131 t\u0259\u015fviq ed\u0259r\u0259k d\u0259rin toxumalar\u0131 stimulla\u015fd\u0131ra bilir.<\/p>\n<p>Professional istifad\u0259\u00e7i g\u00fcc \u00e7\u0131x\u0131\u015f\u0131,terapiya vaxt\u0131 v\u0259 \u0259m\u0259liyyat rejimini (davaml\u0131 v\u0259 ya puls) d\u00fcz\u0259ld\u0259 bil\u0259r.<\/p>\n<p>I-TECH LA 500 ortopedik, neyroloji v\u0259 dermatoloji sah\u0259d\u0259 iltihabi v\u0259 degenerativ patologiyalar\u0131n m\u00fcalic\u0259si \u00fc\u00e7\u00fcn s\u00fcr\u0259tli m\u00fcdaxil\u0259y\u0259 z\u0259man\u0259t verir.<\/p>\n<p>Onun y\u00fcks\u0259k performansl\u0131 \u015f\u0259fa vaxt\u0131 say\u0259sind\u0259 \u0259h\u0259miyy\u0259tli d\u0259r\u0259c\u0259d\u0259 azal\u0131r.<br \/>\nProb il\u0259<br \/>\nt\u0259min olunur, borular\u0131n b\u0259rkim\u0259k \u00fc\u00e7\u00fcn k\u0259m\u0259rl\u0259r v\u0259 t\u0259hl\u00fck\u0259sizlik eyn\u0259kl\u0259ri.<br \/>\nManual in: GB, IT, FR, ES.<\/p>\n<p>LASER THERAPY Lazer terapiyas\u0131<br \/>\ni\u015f\u0131q m\u0259nb\u0259yinin toxumalara n\u00fcfuz etm\u0259si n\u0259tic\u0259sind\u0259 yaranan enerjinin t\u0259sirind\u0259n istifad\u0259 edir. Biokimy\u0259vi reaksiyalar h\u00fcceyr\u0259daxili membran boyunca aktivl\u0259\u015fir. M\u00fc\u015fahid\u0259 olunmu\u015fdur ki, Lazer i\u015f\u0131\u011f\u0131n\u0131n d\u00fczg\u00fcn dozalar\u0131 h\u00fcceyr\u0259 funksiyalar\u0131n\u0131, x\u00fcsusil\u0259 d\u0259 funksional defisit n\u0259tic\u0259sind\u0259 z\u0259d\u0259l\u0259nmi\u015f h\u00fcceyr\u0259l\u0259r\u0259 stimulla\u015fd\u0131ra bil\u0259r.<\/p>\n<p>Lazer terapiyas\u0131n\u0131n \u0259sas effektl\u0259ri: :<br \/>\n&#8211; t\u0259kmill\u0259\u015fdirilmi\u015f qan ax\u0131n\u0131: kapilyar v\u0259 arteriya vasodilatasiyas\u0131 n\u0259tic\u0259sind\u0259 yerli istilik art\u0131m\u0131<br \/>\n&#8211; biostimulyasiya: s\u00fcr\u0259tl\u0259nmi\u015f toxumalar\u0131n t\u0259miri, z\u00fclal sintezinin stimulyasiyas\u0131, ADP istehsal\u0131, elektrolitl\u0259rin intra v\u0259 ekstra h\u00fcceyr\u0259vili s\u00fcxurlarda v\u0259 fibroblastlar\u0131n mitozunda intra v\u0259 ekstra-h\u00fcceyr\u0259daxili mayel\u0259rin v\u0259 mitozlar\u0131n intra v\u0259 h\u00fcceyr\u0259daxili mayel\u0259rinin v\u0259 mitozunun elektrolizinin d\u0259yi\u015fm\u0259si, kollagen v\u0259 elastin<br \/>\n&#8211; anti-iltihab effektl\u0259rinin<br \/>\nartmas\u0131 &#8211; anti-oedema effekti: limfatik drenaj stimulyasiyas\u0131<br \/>\n&#8211; analgetik t\u0259sir<\/p>\n<p>MAIN TREATMENTS:<br \/>\n&#8211; Polyarthrit<br \/>\n&#8211; Epicondylitis\/Epitrochleitis<br \/>\n&#8211; Diz a\u011fr\u0131s\u0131<br \/>\n&#8211; Myositis<br \/>\n&#8211; Oedema<br \/>\n&#8211; Sciatalgy\/Lumbago<br \/>\n&#8211; Articular sprains<br \/>\n&#8211; Chronic Tenosynovitis- Muscle strains<\/p>\n<p>&#8211; Overcharge pathologies<br \/>\n&#8211; Ecchymosis<br \/>\n&#8211; Bursit<br \/>\n&#8211; Degenerativ artrit<br \/>\n&#8211; Adhesiv kapsulit<br \/>\n&#8211; Artroz a\u011fr\u0131lar\u0131<br \/>\n&#8211; Post-travmatik poz\u011funluqlar<br \/>\n&#8211; Yaralar<br \/>\n&#8211; Revmatik x\u0259st\u0259likl\u0259r<\/p>","protected":false},"excerpt":{"rendered":"<table border=\"0\" width=\"100%\" cellspacing=\"0\" cellpadding=\"0\">\n<tbody>\n<tr>\n<td class=\"menu\" bgcolor=\"#fff9ad\"><span class=\"sezione\">\u0422\u0435\u0445\u043d\u0438\u0447\u0435\u0441\u043a\u0438\u0435 \u0445\u0430\u0440\u0430\u043a\u0442\u0435\u0440\u0438\u0441\u0442\u0438\u043a\u0438<\/span><\/td>\n<\/tr>\n<tr>\n<td class=\"menu\" bgcolor=\"#fff9ad\">\u2022 Elektrik t\u0259chizat\u0131: 230 V, 50-60 Hz, \u00b110%<br \/>\n\u2022 Maksimal lazer \u00e7\u0131x\u0131nt\u0131s\u0131: 500 mW \u00b1 20%<br \/>\n\u2022 T\u0259nziml\u0259n\u0259 bil\u0259n lazer g\u00fcc\u00fc \u00e7\u0131x\u0131\u015f\u0131: 0%100%<br \/>\n\u2022 Lazer diod dal\u011fa uzunlu\u011fu: 810 nm<br \/>\n\u2022 Beam divergence angle: 260 mrad<br \/>\n\u2022 Davaml\u0131 \u00e7\u0131x\u0131\u015f emissiyas\u0131 \u2022 Sabit emissiya tezliyi<br \/>\n\u2022 Sabit emissiya tezliyi<br \/>\n\u2022 Sabit geni\u015flik m\u00fcdd\u0259ti<br \/>\n\u2022 Davaml\u0131 v\u0259 ya \u0259m\u0259liyyat zaman\u0131 puls rejimi \u2022 \u0130\u015fl\u0259m\u0259nin<br \/>\ndavaml\u0131 v\u0259 ya puls rejimi \u2022 Q\u0131rm\u0131z\u0131 i\u015f\u0131\u011f\u0131n<br \/>\ni\u015far\u0259l\u0259nm\u0259si \u2022 Diod probe (rezervl\u0259\u015fdirilmi\u015f ba\u011flant\u0131 il\u0259)<br \/>\n\u2022 Uy\u011fun m\u00fcalic\u0259 vaxt\u0131: 0-30 d\u0259qiq\u0259<br \/>\n\u2022 Lazer \u015f\u00fcas\u0131n\u0131n diametri: &lt;10 mm<br \/>\n\u2022 \u00d6l\u00e7\u00fcl\u0259r: 300x150x120 mm<\/td>\n<\/tr>\n<\/tbody>\n<\/table>","protected":false},"featured_media":3382,"template":"","meta":[],"product_cat":[129,156,126,135],"product_tag":[255],"class_list":{"0":"post-3381","1":"product","2":"type-product","3":"status-publish","4":"has-post-thumbnail","6":"product_cat-reabilitasiya","7":"product_cat-reabilitasiya-aparatlari-reabilitasiya","8":"product_cat-tibbi-cihazlar","9":"product_cat-reabilitasiya-aparatlari","10":"product_tag-lazer-terapiyasi","12":"first","13":"instock","14":"shipping-taxable","15":"purchasable","16":"product-type-simple"},"yoast_head":"<!-- This site is optimized with the Yoast SEO plugin v22.7 - https:\/\/yoast.com\/wordpress\/plugins\/seo\/ -->\n<title>I-TECH LA 500 LAZER TERAPIYASI - Medishop<\/title>\n<meta name=\"robots\" content=\"index, follow, max-snippet:-1, max-image-preview:large, max-video-preview:-1\" \/>\n<link rel=\"canonical\" href=\"https:\/\/medishop.az\/ru\/mehsul\/i-tech-la-500-lazer-terapiyasi\/\" \/>\n<meta property=\"og:locale\" content=\"ru_RU\" \/>\n<meta property=\"og:type\" content=\"article\" \/>\n<meta property=\"og:title\" content=\"I-TECH LA 500 LAZER TERAPIYASI - Medishop\" \/>\n<meta property=\"og:description\" content=\"Texniki Spesifikasiyalar   \u2022 Elektrik t\u0259chizat\u0131: 230 V, 50-60 Hz, \u00b110% \u2022 Maksimal lazer \u00e7\u0131x\u0131nt\u0131s\u0131: 500 mW \u00b1 20% \u2022 T\u0259nziml\u0259n\u0259 bil\u0259n lazer g\u00fcc\u00fc \u00e7\u0131x\u0131\u015f\u0131: 0%100% \u2022 Lazer diod dal\u011fa uzunlu\u011fu: 810 nm \u2022 Beam divergence angle: 260 mrad \u2022 Davaml\u0131 \u00e7\u0131x\u0131\u015f emissiyas\u0131 \u2022 Sabit emissiya tezliyi \u2022 Sabit emissiya tezliyi \u2022 Sabit geni\u015flik m\u00fcdd\u0259ti \u2022 Davaml\u0131 v\u0259 ya \u0259m\u0259liyyat zaman\u0131 puls rejimi \u2022 \u0130\u015fl\u0259m\u0259nin davaml\u0131 v\u0259 ya puls rejimi \u2022 Q\u0131rm\u0131z\u0131 i\u015f\u0131\u011f\u0131n i\u015far\u0259l\u0259nm\u0259si \u2022 Diod probe (rezervl\u0259\u015fdirilmi\u015f ba\u011flant\u0131 il\u0259) \u2022 Uy\u011fun m\u00fcalic\u0259 vaxt\u0131: 0-30 d\u0259qiq\u0259 \u2022 Lazer \u015f\u00fcas\u0131n\u0131n diametri: &lt;10 mm \u2022 \u00d6l\u00e7\u00fcl\u0259r: 300x150x120 mm\" \/>\n<meta property=\"og:url\" content=\"https:\/\/medishop.az\/ru\/mehsul\/i-tech-la-500-lazer-terapiyasi\/\" \/>\n<meta property=\"og:site_name\" content=\"Medishop\" \/>\n<meta property=\"article:publisher\" content=\"https:\/\/www.facebook.com\/medishop.azerbaijan\" \/>\n<meta property=\"article:modified_time\" content=\"2024-08-10T14:13:47+00:00\" \/>\n<meta property=\"og:image\" content=\"https:\/\/medishop.az\/wp-content\/uploads\/2022\/12\/5d962894-i-tech-la-500-lazer-terapiyasi.jpg\" \/>\n\t<meta property=\"og:image:width\" content=\"1000\" \/>\n\t<meta property=\"og:image:height\" content=\"1000\" \/>\n\t<meta property=\"og:image:type\" content=\"image\/jpeg\" \/>\n<meta name=\"twitter:card\" content=\"summary_large_image\" \/>\n<meta name=\"twitter:label1\" content=\"\u041f\u0440\u0438\u043c\u0435\u0440\u043d\u043e\u0435 \u0432\u0440\u0435\u043c\u044f \u0434\u043b\u044f \u0447\u0442\u0435\u043d\u0438\u044f\" \/>\n\t<meta name=\"twitter:data1\" content=\"2 \u043c\u0438\u043d\u0443\u0442\u044b\" \/>\n<script type=\"application\/ld+json\" class=\"yoast-schema-graph\">{\"@context\":\"https:\/\/schema.org\",\"@graph\":[{\"@type\":\"WebPage\",\"@id\":\"https:\/\/medishop.az\/mehsul\/i-tech-la-500-lazer-terapiyasi\/\",\"url\":\"https:\/\/medishop.az\/mehsul\/i-tech-la-500-lazer-terapiyasi\/\",\"name\":\"I-TECH LA 500 LAZER TERAPIYASI - Medishop\",\"isPartOf\":{\"@id\":\"https:\/\/medishop.az\/#website\"},\"primaryImageOfPage\":{\"@id\":\"https:\/\/medishop.az\/mehsul\/i-tech-la-500-lazer-terapiyasi\/#primaryimage\"},\"image\":{\"@id\":\"https:\/\/medishop.az\/mehsul\/i-tech-la-500-lazer-terapiyasi\/#primaryimage\"},\"thumbnailUrl\":\"https:\/\/medishop.az\/wp-content\/uploads\/2022\/12\/5d962894-i-tech-la-500-lazer-terapiyasi.jpg\",\"datePublished\":\"2022-12-14T22:17:19+00:00\",\"dateModified\":\"2024-08-10T14:13:47+00:00\",\"breadcrumb\":{\"@id\":\"https:\/\/medishop.az\/mehsul\/i-tech-la-500-lazer-terapiyasi\/#breadcrumb\"},\"inLanguage\":\"ru-RU\",\"potentialAction\":[{\"@type\":\"ReadAction\",\"target\":[\"https:\/\/medishop.az\/mehsul\/i-tech-la-500-lazer-terapiyasi\/\"]}]},{\"@type\":\"ImageObject\",\"inLanguage\":\"ru-RU\",\"@id\":\"https:\/\/medishop.az\/mehsul\/i-tech-la-500-lazer-terapiyasi\/#primaryimage\",\"url\":\"https:\/\/medishop.az\/wp-content\/uploads\/2022\/12\/5d962894-i-tech-la-500-lazer-terapiyasi.jpg\",\"contentUrl\":\"https:\/\/medishop.az\/wp-content\/uploads\/2022\/12\/5d962894-i-tech-la-500-lazer-terapiyasi.jpg\",\"width\":1000,\"height\":1000},{\"@type\":\"BreadcrumbList\",\"@id\":\"https:\/\/medishop.az\/mehsul\/i-tech-la-500-lazer-terapiyasi\/#breadcrumb\",\"itemListElement\":[{\"@type\":\"ListItem\",\"position\":1,\"name\":\"\u018fsas\",\"item\":\"https:\/\/medishop.az\/\"},{\"@type\":\"ListItem\",\"position\":2,\"name\":\"Ma\u011faza\",\"item\":\"https:\/\/medishop.az\/ru\/shop\/\"},{\"@type\":\"ListItem\",\"position\":3,\"name\":\"I-TECH LA 500 LAZER TERAPIYASI\"}]},{\"@type\":\"WebSite\",\"@id\":\"https:\/\/medishop.az\/#website\",\"url\":\"https:\/\/medishop.az\/\",\"name\":\"Medishop\",\"description\":\"Onlayn tibbi ma\u011faza\",\"publisher\":{\"@id\":\"https:\/\/medishop.az\/#organization\"},\"potentialAction\":[{\"@type\":\"SearchAction\",\"target\":{\"@type\":\"EntryPoint\",\"urlTemplate\":\"https:\/\/medishop.az\/?s={search_term_string}\"},\"query-input\":\"required name=search_term_string\"}],\"inLanguage\":\"ru-RU\"},{\"@type\":\"Organization\",\"@id\":\"https:\/\/medishop.az\/#organization\",\"name\":\"Medishop\",\"url\":\"https:\/\/medishop.az\/\",\"logo\":{\"@type\":\"ImageObject\",\"inLanguage\":\"ru-RU\",\"@id\":\"https:\/\/medishop.az\/#\/schema\/logo\/image\/\",\"url\":\"https:\/\/storage.googleapis.com\/stateless-medishop-az\/2022\/12\/logo.png\",\"contentUrl\":\"https:\/\/storage.googleapis.com\/stateless-medishop-az\/2022\/12\/logo.png\",\"width\":300,\"height\":89,\"caption\":\"Medishop\"},\"image\":{\"@id\":\"https:\/\/medishop.az\/#\/schema\/logo\/image\/\"},\"sameAs\":[\"https:\/\/www.facebook.com\/medishop.azerbaijan\"]}]}<\/script>\n<!-- \/ Yoast SEO plugin. -->","yoast_head_json":{"title":"I-TECH LA 500 LAZER TERAPIYASI - Medishop","robots":{"index":"index","follow":"follow","max-snippet":"max-snippet:-1","max-image-preview":"max-image-preview:large","max-video-preview":"max-video-preview:-1"},"canonical":"https:\/\/medishop.az\/ru\/mehsul\/i-tech-la-500-lazer-terapiyasi\/","og_locale":"ru_RU","og_type":"article","og_title":"I-TECH LA 500 LAZER TERAPIYASI - Medishop","og_description":"Texniki Spesifikasiyalar   \u2022 Elektrik t\u0259chizat\u0131: 230 V, 50-60 Hz, \u00b110% \u2022 Maksimal lazer \u00e7\u0131x\u0131nt\u0131s\u0131: 500 mW \u00b1 20% \u2022 T\u0259nziml\u0259n\u0259 bil\u0259n lazer g\u00fcc\u00fc \u00e7\u0131x\u0131\u015f\u0131: 0%100% \u2022 Lazer diod dal\u011fa uzunlu\u011fu: 810 nm \u2022 Beam divergence angle: 260 mrad \u2022 Davaml\u0131 \u00e7\u0131x\u0131\u015f emissiyas\u0131 \u2022 Sabit emissiya tezliyi \u2022 Sabit emissiya tezliyi \u2022 Sabit geni\u015flik m\u00fcdd\u0259ti \u2022 Davaml\u0131 v\u0259 ya \u0259m\u0259liyyat zaman\u0131 puls rejimi \u2022 \u0130\u015fl\u0259m\u0259nin davaml\u0131 v\u0259 ya puls rejimi \u2022 Q\u0131rm\u0131z\u0131 i\u015f\u0131\u011f\u0131n i\u015far\u0259l\u0259nm\u0259si \u2022 Diod probe (rezervl\u0259\u015fdirilmi\u015f ba\u011flant\u0131 il\u0259) \u2022 Uy\u011fun m\u00fcalic\u0259 vaxt\u0131: 0-30 d\u0259qiq\u0259 \u2022 Lazer \u015f\u00fcas\u0131n\u0131n diametri: &lt;10 mm \u2022 \u00d6l\u00e7\u00fcl\u0259r: 300x150x120 mm","og_url":"https:\/\/medishop.az\/ru\/mehsul\/i-tech-la-500-lazer-terapiyasi\/","og_site_name":"Medishop","article_publisher":"https:\/\/www.facebook.com\/medishop.azerbaijan","article_modified_time":"2024-08-10T14:13:47+00:00","og_image":[{"width":1000,"height":1000,"url":"https:\/\/medishop.az\/wp-content\/uploads\/2022\/12\/5d962894-i-tech-la-500-lazer-terapiyasi.jpg","type":"image\/jpeg"}],"twitter_card":"summary_large_image","twitter_misc":{"\u041f\u0440\u0438\u043c\u0435\u0440\u043d\u043e\u0435 \u0432\u0440\u0435\u043c\u044f \u0434\u043b\u044f \u0447\u0442\u0435\u043d\u0438\u044f":"2 \u043c\u0438\u043d\u0443\u0442\u044b"},"schema":{"@context":"https:\/\/schema.org","@graph":[{"@type":"WebPage","@id":"https:\/\/medishop.az\/mehsul\/i-tech-la-500-lazer-terapiyasi\/","url":"https:\/\/medishop.az\/mehsul\/i-tech-la-500-lazer-terapiyasi\/","name":"I-TECH LA 500 LAZER TERAPIYASI - Medishop","isPartOf":{"@id":"https:\/\/medishop.az\/#website"},"primaryImageOfPage":{"@id":"https:\/\/medishop.az\/mehsul\/i-tech-la-500-lazer-terapiyasi\/#primaryimage"},"image":{"@id":"https:\/\/medishop.az\/mehsul\/i-tech-la-500-lazer-terapiyasi\/#primaryimage"},"thumbnailUrl":"https:\/\/medishop.az\/wp-content\/uploads\/2022\/12\/5d962894-i-tech-la-500-lazer-terapiyasi.jpg","datePublished":"2022-12-14T22:17:19+00:00","dateModified":"2024-08-10T14:13:47+00:00","breadcrumb":{"@id":"https:\/\/medishop.az\/mehsul\/i-tech-la-500-lazer-terapiyasi\/#breadcrumb"},"inLanguage":"ru-RU","potentialAction":[{"@type":"ReadAction","target":["https:\/\/medishop.az\/mehsul\/i-tech-la-500-lazer-terapiyasi\/"]}]},{"@type":"ImageObject","inLanguage":"ru-RU","@id":"https:\/\/medishop.az\/mehsul\/i-tech-la-500-lazer-terapiyasi\/#primaryimage","url":"https:\/\/medishop.az\/wp-content\/uploads\/2022\/12\/5d962894-i-tech-la-500-lazer-terapiyasi.jpg","contentUrl":"https:\/\/medishop.az\/wp-content\/uploads\/2022\/12\/5d962894-i-tech-la-500-lazer-terapiyasi.jpg","width":1000,"height":1000},{"@type":"BreadcrumbList","@id":"https:\/\/medishop.az\/mehsul\/i-tech-la-500-lazer-terapiyasi\/#breadcrumb","itemListElement":[{"@type":"ListItem","position":1,"name":"\u018fsas","item":"https:\/\/medishop.az\/"},{"@type":"ListItem","position":2,"name":"Ma\u011faza","item":"https:\/\/medishop.az\/ru\/shop\/"},{"@type":"ListItem","position":3,"name":"I-TECH LA 500 LAZER TERAPIYASI"}]},{"@type":"WebSite","@id":"https:\/\/medishop.az\/#website","url":"https:\/\/medishop.az\/","name":"Medishop","description":"Onlayn tibbi ma\u011faza","publisher":{"@id":"https:\/\/medishop.az\/#organization"},"potentialAction":[{"@type":"SearchAction","target":{"@type":"EntryPoint","urlTemplate":"https:\/\/medishop.az\/?s={search_term_string}"},"query-input":"required name=search_term_string"}],"inLanguage":"ru-RU"},{"@type":"Organization","@id":"https:\/\/medishop.az\/#organization","name":"Medishop","url":"https:\/\/medishop.az\/","logo":{"@type":"ImageObject","inLanguage":"ru-RU","@id":"https:\/\/medishop.az\/#\/schema\/logo\/image\/","url":"https:\/\/storage.googleapis.com\/stateless-medishop-az\/2022\/12\/logo.png","contentUrl":"https:\/\/storage.googleapis.com\/stateless-medishop-az\/2022\/12\/logo.png","width":300,"height":89,"caption":"Medishop"},"image":{"@id":"https:\/\/medishop.az\/#\/schema\/logo\/image\/"},"sameAs":["https:\/\/www.facebook.com\/medishop.azerbaijan"]}]}},"jetpack_sharing_enabled":true,"_links":{"self":[{"href":"https:\/\/medishop.az\/ru\/wp-json\/wp\/v2\/product\/3381","targetHints":{"allow":["GET"]}}],"collection":[{"href":"https:\/\/medishop.az\/ru\/wp-json\/wp\/v2\/product"}],"about":[{"href":"https:\/\/medishop.az\/ru\/wp-json\/wp\/v2\/types\/product"}],"wp:featuredmedia":[{"embeddable":true,"href":"https:\/\/medishop.az\/ru\/wp-json\/wp\/v2\/media\/3382"}],"wp:attachment":[{"href":"https:\/\/medishop.az\/ru\/wp-json\/wp\/v2\/media?parent=3381"}],"wp:term":[{"taxonomy":"product_cat","embeddable":true,"href":"https:\/\/medishop.az\/ru\/wp-json\/wp\/v2\/product_cat?post=3381"},{"taxonomy":"product_tag","embeddable":true,"href":"https:\/\/medishop.az\/ru\/wp-json\/wp\/v2\/product_tag?post=3381"}],"curies":[{"name":"wp","href":"https:\/\/api.w.org\/{rel}","templated":true}]}}