{"id":3305,"date":"2022-12-14T23:01:21","date_gmt":"2022-12-14T19:01:21","guid":{"rendered":"https:\/\/medishop.az\/?post_type=product&#038;p=3305"},"modified":"2023-01-03T21:26:50","modified_gmt":"2023-01-03T17:26:50","slug":"res-q-vac-hand-suction-unit-with-filter","status":"publish","type":"product","link":"https:\/\/medishop.az\/ru\/mehsul\/res-q-vac-hand-suction-unit-with-filter\/","title":{"rendered":"RES-Q-VAC &#8211; Manual aspirator"},"content":{"rendered":"<p>Bu y\u00fcng\u00fcl v\u0259 \u0259ll\u0259 tutulan suksksiya b\u00f6lm\u0259si he\u00e7 bir batareya v\u0259 elektrik t\u0259l\u0259b edir, bununla bel\u0259, laz\u0131m olan zaman v\u0259 harada laz\u0131md\u0131rsa, g\u00fccl\u00fc suq\u0131zd\u0131r.<br \/>\nBu, pe\u015f\u0259kar \u00fc\u00e7\u00fcn son d\u0259r\u0259c\u0259 t\u0259hl\u00fck\u0259sizlik v\u0259 istifad\u0259nin asanl\u0131\u011f\u0131 t\u0259klif edir v\u0259 asanl\u0131qla ist\u0259nil\u0259n t\u0259cili \u00e7antaya v\u0259 ya t\u0259cili yard\u0131m ma\u015f\u0131n\u0131na uy\u011fun g\u0259lir.<\/p>\n<p>\u018fsas X\u00fcsusiyy\u0259tl\u0259r:<br \/>\n&#8211; portativ \u018fl Powered Suction &#8211; bir \u0259l \u0259m\u0259liyyat<br \/>\n&#8211; x\u0259st\u0259xanada suction s\u0259viyy\u0259si performans &gt;600mmHg<br \/>\n&#8211; h\u0259mi\u015f\u0259 getm\u0259k \u00fc\u00e7\u00fcn haz\u0131r, he\u00e7 bir qurmaq t\u0259l\u0259b, he\u00e7 bir batareya yenid\u0259n \u015farj<br \/>\netm\u0259k \u00fc\u00e7\u00fcn he\u00e7 bir batareya- patentl\u0259\u015fdirilmi\u015f 0.22 ekvivalent micron filter son infeksiya n\u0259zar\u0259t<br \/>\n\u00fc\u00e7\u00fcn- tam stop m\u00fcdafi\u0259 filter qar\u015f\u0131s\u0131n\u0131 almaq maye overflow<br \/>\n&#8211; asan snap b\u00f6y\u00fckl\u0259r v\u0259 u\u015faq kateterl\u0259ri il\u0259 \u0259v\u0259zedici canister setl\u0259rd\u0259<br \/>\n&#8211; etibarl\u0131l\u0131q<\/p>\n<p>\u00fc\u00e7\u00fcn h\u0259r bir vahid 100% s\u0131naq kit daxildir: Res-q-Vac nasos, filter il\u0259 canister 300 ml, yum\u015faq cannula \u00d8 12.7 mm x 20.3 sm uzunlu\u011fu<\/p>","protected":false},"excerpt":{"rendered":"<table border=\"0\" width=\"100%\" cellspacing=\"0\" cellpadding=\"0\">\n<tbody>\n<tr>\n<td class=\"menu\" bgcolor=\"#fff9ad\"><span class=\"sezione\">\u0422\u0435\u0445\u043d\u0438\u0447\u0435\u0441\u043a\u0438\u0435 \u0445\u0430\u0440\u0430\u043a\u0442\u0435\u0440\u0438\u0441\u0442\u0438\u043a\u0438<\/span><\/td>\n<\/tr>\n<tr>\n<td class=\"menu\" bgcolor=\"#fff9ad\">\u2022 \u00c7\u0259ki: 143 g<br \/>\n\u2022 \u00d6l\u00e7\u00fcs\u00fc: 114x180x55 mm<br \/>\n\u2022 Maks vakuumu: &gt; 600 mmHg<br \/>\n\u2022 Min. 2 aktivasiyadan sonra vakuum vakuumdan sonra vakuum: &gt; 400 mmHg\u2022 &gt; 400 mmHg<br \/>\n\u2022 H\u0259r bir insultun h\u0259cmi: 30 ml<br \/>\n\u2022 Tamdan \u0259vv\u0259l g\u00fcc\u00fc: 290 ml<br \/>\n\u2022 Yetkin kateterin daxili \u00d8-i: 9,53 mm<br \/>\n\u2022 Yetkin kateterin uzunlu\u011fu: 272 mm<br \/>\n\u2022 Nasos soyuq v\u0259 ya ETO sterilizasiya \u00fc\u00e7\u00fcn uy\u011fundur<\/td>\n<\/tr>\n<\/tbody>\n<\/table>","protected":false},"featured_media":3306,"template":"","meta":[],"product_cat":[133,126,397],"product_tag":[],"class_list":{"0":"post-3305","1":"product","2":"type-product","3":"status-publish","4":"has-post-thumbnail","6":"product_cat-ilk-yardim","7":"product_cat-tibbi-cihazlar","8":"product_cat-aspirator","10":"first","11":"instock","12":"shipping-taxable","13":"purchasable","14":"product-type-simple"},"yoast_head":"<!-- This site is optimized with the Yoast SEO plugin v22.7 - https:\/\/yoast.com\/wordpress\/plugins\/seo\/ -->\n<title>RES-Q-VAC - Manual aspirator - Medishop<\/title>\n<meta name=\"robots\" content=\"index, follow, max-snippet:-1, max-image-preview:large, max-video-preview:-1\" \/>\n<link rel=\"canonical\" href=\"https:\/\/medishop.az\/ru\/mehsul\/res-q-vac-hand-suction-unit-with-filter\/\" \/>\n<meta property=\"og:locale\" content=\"ru_RU\" \/>\n<meta property=\"og:type\" content=\"article\" \/>\n<meta property=\"og:title\" content=\"RES-Q-VAC - Manual aspirator - Medishop\" \/>\n<meta property=\"og:description\" content=\"Texniki Spesifikasiyalar   \u2022 \u00c7\u0259ki: 143 g \u2022 \u00d6l\u00e7\u00fcs\u00fc: 114x180x55 mm \u2022 Maks vakuumu: &gt; 600 mmHg \u2022 Min. 2 aktivasiyadan sonra vakuum vakuumdan sonra vakuum: &gt; 400 mmHg\u2022 &gt; 400 mmHg \u2022 H\u0259r bir insultun h\u0259cmi: 30 ml \u2022 Tamdan \u0259vv\u0259l g\u00fcc\u00fc: 290 ml \u2022 Yetkin kateterin daxili \u00d8-i: 9,53 mm \u2022 Yetkin kateterin uzunlu\u011fu: 272 mm \u2022 Nasos soyuq v\u0259 ya ETO sterilizasiya \u00fc\u00e7\u00fcn uy\u011fundur\" \/>\n<meta property=\"og:url\" content=\"https:\/\/medishop.az\/ru\/mehsul\/res-q-vac-hand-suction-unit-with-filter\/\" \/>\n<meta property=\"og:site_name\" content=\"Medishop\" \/>\n<meta property=\"article:publisher\" content=\"https:\/\/www.facebook.com\/medishop.azerbaijan\" \/>\n<meta property=\"article:modified_time\" content=\"2023-01-03T17:26:50+00:00\" \/>\n<meta property=\"og:image\" content=\"https:\/\/storage.googleapis.com\/stateless-medishop-az\/2022\/12\/Filtrli-RES-Q-VAC-\u018fL-SORMAQ-BOLG\u018fSI.jpg\" \/>\n\t<meta property=\"og:image:width\" content=\"1000\" \/>\n\t<meta property=\"og:image:height\" content=\"1000\" \/>\n\t<meta property=\"og:image:type\" content=\"image\/jpeg\" \/>\n<meta name=\"twitter:card\" content=\"summary_large_image\" \/>\n<meta name=\"twitter:label1\" content=\"\u041f\u0440\u0438\u043c\u0435\u0440\u043d\u043e\u0435 \u0432\u0440\u0435\u043c\u044f \u0434\u043b\u044f \u0447\u0442\u0435\u043d\u0438\u044f\" \/>\n\t<meta name=\"twitter:data1\" content=\"1 \u043c\u0438\u043d\u0443\u0442\u0430\" \/>\n<script type=\"application\/ld+json\" class=\"yoast-schema-graph\">{\"@context\":\"https:\/\/schema.org\",\"@graph\":[{\"@type\":\"WebPage\",\"@id\":\"https:\/\/medishop.az\/mehsul\/res-q-vac-hand-suction-unit-with-filter\/\",\"url\":\"https:\/\/medishop.az\/mehsul\/res-q-vac-hand-suction-unit-with-filter\/\",\"name\":\"RES-Q-VAC - Manual aspirator - Medishop\",\"isPartOf\":{\"@id\":\"https:\/\/medishop.az\/#website\"},\"primaryImageOfPage\":{\"@id\":\"https:\/\/medishop.az\/mehsul\/res-q-vac-hand-suction-unit-with-filter\/#primaryimage\"},\"image\":{\"@id\":\"https:\/\/medishop.az\/mehsul\/res-q-vac-hand-suction-unit-with-filter\/#primaryimage\"},\"thumbnailUrl\":\"https:\/\/medishop.az\/wp-content\/uploads\/2022\/12\/Filtrli-RES-Q-VAC-\u018fL-SORMAQ-BOLG\u018fSI.jpg\",\"datePublished\":\"2022-12-14T19:01:21+00:00\",\"dateModified\":\"2023-01-03T17:26:50+00:00\",\"breadcrumb\":{\"@id\":\"https:\/\/medishop.az\/mehsul\/res-q-vac-hand-suction-unit-with-filter\/#breadcrumb\"},\"inLanguage\":\"ru-RU\",\"potentialAction\":[{\"@type\":\"ReadAction\",\"target\":[\"https:\/\/medishop.az\/mehsul\/res-q-vac-hand-suction-unit-with-filter\/\"]}]},{\"@type\":\"ImageObject\",\"inLanguage\":\"ru-RU\",\"@id\":\"https:\/\/medishop.az\/mehsul\/res-q-vac-hand-suction-unit-with-filter\/#primaryimage\",\"url\":\"https:\/\/medishop.az\/wp-content\/uploads\/2022\/12\/Filtrli-RES-Q-VAC-\u018fL-SORMAQ-BOLG\u018fSI.jpg\",\"contentUrl\":\"https:\/\/medishop.az\/wp-content\/uploads\/2022\/12\/Filtrli-RES-Q-VAC-\u018fL-SORMAQ-BOLG\u018fSI.jpg\",\"width\":1000,\"height\":1000},{\"@type\":\"BreadcrumbList\",\"@id\":\"https:\/\/medishop.az\/mehsul\/res-q-vac-hand-suction-unit-with-filter\/#breadcrumb\",\"itemListElement\":[{\"@type\":\"ListItem\",\"position\":1,\"name\":\"\u018fsas\",\"item\":\"https:\/\/medishop.az\/\"},{\"@type\":\"ListItem\",\"position\":2,\"name\":\"Ma\u011faza\",\"item\":\"https:\/\/medishop.az\/ru\/shop\/\"},{\"@type\":\"ListItem\",\"position\":3,\"name\":\"RES-Q-VAC &#8211; Manual aspirator\"}]},{\"@type\":\"WebSite\",\"@id\":\"https:\/\/medishop.az\/#website\",\"url\":\"https:\/\/medishop.az\/\",\"name\":\"Medishop\",\"description\":\"Onlayn tibbi ma\u011faza\",\"publisher\":{\"@id\":\"https:\/\/medishop.az\/#organization\"},\"potentialAction\":[{\"@type\":\"SearchAction\",\"target\":{\"@type\":\"EntryPoint\",\"urlTemplate\":\"https:\/\/medishop.az\/?s={search_term_string}\"},\"query-input\":\"required name=search_term_string\"}],\"inLanguage\":\"ru-RU\"},{\"@type\":\"Organization\",\"@id\":\"https:\/\/medishop.az\/#organization\",\"name\":\"Medishop\",\"url\":\"https:\/\/medishop.az\/\",\"logo\":{\"@type\":\"ImageObject\",\"inLanguage\":\"ru-RU\",\"@id\":\"https:\/\/medishop.az\/#\/schema\/logo\/image\/\",\"url\":\"https:\/\/storage.googleapis.com\/stateless-medishop-az\/2022\/12\/logo.png\",\"contentUrl\":\"https:\/\/storage.googleapis.com\/stateless-medishop-az\/2022\/12\/logo.png\",\"width\":300,\"height\":89,\"caption\":\"Medishop\"},\"image\":{\"@id\":\"https:\/\/medishop.az\/#\/schema\/logo\/image\/\"},\"sameAs\":[\"https:\/\/www.facebook.com\/medishop.azerbaijan\"]}]}<\/script>\n<!-- \/ Yoast SEO plugin. -->","yoast_head_json":{"title":"RES-Q-VAC - Manual aspirator - Medishop","robots":{"index":"index","follow":"follow","max-snippet":"max-snippet:-1","max-image-preview":"max-image-preview:large","max-video-preview":"max-video-preview:-1"},"canonical":"https:\/\/medishop.az\/ru\/mehsul\/res-q-vac-hand-suction-unit-with-filter\/","og_locale":"ru_RU","og_type":"article","og_title":"RES-Q-VAC - Manual aspirator - Medishop","og_description":"Texniki Spesifikasiyalar   \u2022 \u00c7\u0259ki: 143 g \u2022 \u00d6l\u00e7\u00fcs\u00fc: 114x180x55 mm \u2022 Maks vakuumu: &gt; 600 mmHg \u2022 Min. 2 aktivasiyadan sonra vakuum vakuumdan sonra vakuum: &gt; 400 mmHg\u2022 &gt; 400 mmHg \u2022 H\u0259r bir insultun h\u0259cmi: 30 ml \u2022 Tamdan \u0259vv\u0259l g\u00fcc\u00fc: 290 ml \u2022 Yetkin kateterin daxili \u00d8-i: 9,53 mm \u2022 Yetkin kateterin uzunlu\u011fu: 272 mm \u2022 Nasos soyuq v\u0259 ya ETO sterilizasiya \u00fc\u00e7\u00fcn uy\u011fundur","og_url":"https:\/\/medishop.az\/ru\/mehsul\/res-q-vac-hand-suction-unit-with-filter\/","og_site_name":"Medishop","article_publisher":"https:\/\/www.facebook.com\/medishop.azerbaijan","article_modified_time":"2023-01-03T17:26:50+00:00","og_image":[{"width":1000,"height":1000,"url":"https:\/\/storage.googleapis.com\/stateless-medishop-az\/2022\/12\/Filtrli-RES-Q-VAC-\u018fL-SORMAQ-BOLG\u018fSI.jpg","type":"image\/jpeg"}],"twitter_card":"summary_large_image","twitter_misc":{"\u041f\u0440\u0438\u043c\u0435\u0440\u043d\u043e\u0435 \u0432\u0440\u0435\u043c\u044f \u0434\u043b\u044f \u0447\u0442\u0435\u043d\u0438\u044f":"1 \u043c\u0438\u043d\u0443\u0442\u0430"},"schema":{"@context":"https:\/\/schema.org","@graph":[{"@type":"WebPage","@id":"https:\/\/medishop.az\/mehsul\/res-q-vac-hand-suction-unit-with-filter\/","url":"https:\/\/medishop.az\/mehsul\/res-q-vac-hand-suction-unit-with-filter\/","name":"RES-Q-VAC - Manual aspirator - Medishop","isPartOf":{"@id":"https:\/\/medishop.az\/#website"},"primaryImageOfPage":{"@id":"https:\/\/medishop.az\/mehsul\/res-q-vac-hand-suction-unit-with-filter\/#primaryimage"},"image":{"@id":"https:\/\/medishop.az\/mehsul\/res-q-vac-hand-suction-unit-with-filter\/#primaryimage"},"thumbnailUrl":"https:\/\/medishop.az\/wp-content\/uploads\/2022\/12\/Filtrli-RES-Q-VAC-\u018fL-SORMAQ-BOLG\u018fSI.jpg","datePublished":"2022-12-14T19:01:21+00:00","dateModified":"2023-01-03T17:26:50+00:00","breadcrumb":{"@id":"https:\/\/medishop.az\/mehsul\/res-q-vac-hand-suction-unit-with-filter\/#breadcrumb"},"inLanguage":"ru-RU","potentialAction":[{"@type":"ReadAction","target":["https:\/\/medishop.az\/mehsul\/res-q-vac-hand-suction-unit-with-filter\/"]}]},{"@type":"ImageObject","inLanguage":"ru-RU","@id":"https:\/\/medishop.az\/mehsul\/res-q-vac-hand-suction-unit-with-filter\/#primaryimage","url":"https:\/\/medishop.az\/wp-content\/uploads\/2022\/12\/Filtrli-RES-Q-VAC-\u018fL-SORMAQ-BOLG\u018fSI.jpg","contentUrl":"https:\/\/medishop.az\/wp-content\/uploads\/2022\/12\/Filtrli-RES-Q-VAC-\u018fL-SORMAQ-BOLG\u018fSI.jpg","width":1000,"height":1000},{"@type":"BreadcrumbList","@id":"https:\/\/medishop.az\/mehsul\/res-q-vac-hand-suction-unit-with-filter\/#breadcrumb","itemListElement":[{"@type":"ListItem","position":1,"name":"\u018fsas","item":"https:\/\/medishop.az\/"},{"@type":"ListItem","position":2,"name":"Ma\u011faza","item":"https:\/\/medishop.az\/ru\/shop\/"},{"@type":"ListItem","position":3,"name":"RES-Q-VAC &#8211; Manual aspirator"}]},{"@type":"WebSite","@id":"https:\/\/medishop.az\/#website","url":"https:\/\/medishop.az\/","name":"Medishop","description":"Onlayn tibbi ma\u011faza","publisher":{"@id":"https:\/\/medishop.az\/#organization"},"potentialAction":[{"@type":"SearchAction","target":{"@type":"EntryPoint","urlTemplate":"https:\/\/medishop.az\/?s={search_term_string}"},"query-input":"required name=search_term_string"}],"inLanguage":"ru-RU"},{"@type":"Organization","@id":"https:\/\/medishop.az\/#organization","name":"Medishop","url":"https:\/\/medishop.az\/","logo":{"@type":"ImageObject","inLanguage":"ru-RU","@id":"https:\/\/medishop.az\/#\/schema\/logo\/image\/","url":"https:\/\/storage.googleapis.com\/stateless-medishop-az\/2022\/12\/logo.png","contentUrl":"https:\/\/storage.googleapis.com\/stateless-medishop-az\/2022\/12\/logo.png","width":300,"height":89,"caption":"Medishop"},"image":{"@id":"https:\/\/medishop.az\/#\/schema\/logo\/image\/"},"sameAs":["https:\/\/www.facebook.com\/medishop.azerbaijan"]}]}},"jetpack_sharing_enabled":true,"_links":{"self":[{"href":"https:\/\/medishop.az\/ru\/wp-json\/wp\/v2\/product\/3305","targetHints":{"allow":["GET"]}}],"collection":[{"href":"https:\/\/medishop.az\/ru\/wp-json\/wp\/v2\/product"}],"about":[{"href":"https:\/\/medishop.az\/ru\/wp-json\/wp\/v2\/types\/product"}],"wp:featuredmedia":[{"embeddable":true,"href":"https:\/\/medishop.az\/ru\/wp-json\/wp\/v2\/media\/3306"}],"wp:attachment":[{"href":"https:\/\/medishop.az\/ru\/wp-json\/wp\/v2\/media?parent=3305"}],"wp:term":[{"taxonomy":"product_cat","embeddable":true,"href":"https:\/\/medishop.az\/ru\/wp-json\/wp\/v2\/product_cat?post=3305"},{"taxonomy":"product_tag","embeddable":true,"href":"https:\/\/medishop.az\/ru\/wp-json\/wp\/v2\/product_tag?post=3305"}],"curies":[{"name":"wp","href":"https:\/\/api.w.org\/{rel}","templated":true}]}}