{"id":3289,"date":"2022-12-14T22:47:51","date_gmt":"2022-12-14T18:47:51","guid":{"rendered":"https:\/\/medishop.az\/?post_type=product&#038;p=3289"},"modified":"2023-01-08T13:31:59","modified_gmt":"2023-01-08T09:31:59","slug":"clinic-plus-suction-2x4-l-banka-230v-ayaq-acari-axin-tenzimleyicisi-ile","status":"publish","type":"product","link":"https:\/\/medishop.az\/ru\/mehsul\/clinic-plus-suction-2x4-l-banka-230v-ayaq-acari-axin-tenzimleyicisi-ile\/","title":{"rendered":"CLINIC PLUS 2x4L balonlu 230 V ayaq pedal\u0131, ax\u0131n t\u0259nziml\u0259yicisi il\u0259"},"content":{"rendered":"<p>KL\u0130NAL PLUS Full<br \/>\n\u2022 Autoclavable Jars: 2&#215;4 l<br \/>\n\u2022 Footswitch: YES<br \/>\n\u2022 Flow direction diverter (2 k\u00fcpd\u0259n h\u0259r hans\u0131 biri \u00fc\u00e7\u00fcn suksilatla\u015fd\u0131r\u0131lm\u0131\u015f mayel\u0259ri istiqam\u0259tl\u0259ndirm\u0259y\u0259 imkan verir): YES<\/p>\n<p>\u0259m\u0259liyyat zaman\u0131 v\u0259 ya sonra x\u0259st\u0259l\u0259rin b\u0259d\u0259n mayel\u0259rinin, toxumalar\u0131n\u0131n v\u0259 ya s\u00fcm\u00fckl\u0259rinin pe\u015f\u0259kar arzulanmas\u0131 \u00fc\u00e7\u00fcn n\u0259z\u0259rd\u0259 tutulmu\u015fdur.<br \/>\nOiless v\u0259 t\u0259mir pulsuz piston n\u00f6v\u00fc nasoslar y\u00fcks\u0259k performans t\u0259min edir. Bir ne\u00e7\u0259 saniy\u0259 \u0259rzind\u0259 qurulmu\u015f m\u00fck\u0259mm\u0259l suks\u00fcrm\u0259 qabiliyy\u0259ti v\u0259 max vakuum. 200 ml (2 l jar) v\u0259 ya 500 ml (4 v\u0259 ya 5 l k\u00fcp) m\u0259z\u0259li v\u0259 2-3 litrlik Flovac k\u00fcpl\u0259ri il\u0259 haz\u0131rlanm\u0131\u015f vakuum \u00f6l\u00e7\u00fcs\u00fc v\u0259 avtoklavable k\u00fcpl\u0259rl\u0259<br \/>\nm\u00f6vcuddur.<br \/>\nM\u00fcxt\u0259lif x\u00fcsusiyy\u0259tl\u0259r\u0259 malik<\/p>\n<p>geni\u015f versiyalar- 60 l\/m (Clinic Plus) v\u0259 ya 90 l\/m (Hospi Plus) ax\u0131n s\u00fcr\u0259ti<br \/>\n&#8211; 2, 4 v\u0259 ya 5 l jars- MPR sistemi \u00fc\u00e7\u00fcn versatility<br \/>\n&#8211; footswitch<br \/>\nv\u0259 flow direction diverter<\/p>\n<p>Overflow m\u00fchafiz\u0259 sistemind\u0259<br \/>\nt\u0259hl\u00fck\u0259sizliyin y\u00fcks\u0259k standartlar\u0131 Double t\u0259hl\u00fck\u0259sizlik qapa\u011f\u0131 jar v\u0259 hydrophobic filter (b\u00fct\u00fcn modell\u0259r), t\u0259hl\u00fck\u0259sizlik t\u0259l\u0259 \u015f\u00fc\u015f\u0259si (yaln\u0131z MPR modell\u0259ri) inteqrasiya edilmi\u015fdir.<\/p>\n<p>MPR (Multi Purpose Rail) modell\u0259ri<br \/>\nBu sistem m\u00fcxt\u0259lif aksesuarlar\u0131n asan v\u0259 tez m\u00fcbadil\u0259si \u00fc\u00e7\u00fcn \u00e7oxcildlikliyi art\u0131r\u0131r. Al\u0259tl\u0259r\u0259 ehtiyac yoxdur.<br \/>\nM\u00fcxt\u0259lif diametrli halqalar \u00fc\u00e7\u00fcn m\u00fcxt\u0259lif \u00f6l\u00e7\u00fcl\u00fc v\u0259 n\u00f6v k\u00fcpl\u0259r\u0259 (2l, 3l, 5l), kannula tutucular\u0131na v\u0259 t\u0259hl\u00fck\u0259sizlik t\u0259l\u0259si \u015f\u00fc\u015f\u0259sin\u0259 uy\u011fun be\u015f ba\u011flant\u0131 il\u0259<br \/>\nt\u0259chiz edilmi\u015fdir.<\/p>\n<p>\u018fsas t\u0259tbiql\u0259ri: T\u018fCILI DEPT. \/ GYNAECOLOGY \/ OPERATING THEATRE \/ GENERAL SURGERY \/ NEUROSURGERY \/ DENTAL PRACTICE \/ OBSTETRICS<\/p>\n<p>\u00d6l\u00e7\u00fc: 460 x 850 x 420 mm<br \/>\n\u00c7\u0259kisi: 20 kq<br \/>\nMade in \u0130taliya.<\/p>","protected":false},"excerpt":{"rendered":"<table border=\"0\" width=\"100%\" cellspacing=\"0\" cellpadding=\"0\">\n<tbody>\n<tr>\n<td class=\"menu\" bgcolor=\"#fff9ad\"><span class=\"sezione\">\u0422\u0435\u0445\u043d\u0438\u0447\u0435\u0441\u043a\u0438\u0435 \u0445\u0430\u0440\u0430\u043a\u0442\u0435\u0440\u0438\u0441\u0442\u0438\u043a\u0438<\/span><\/td>\n<\/tr>\n<tr>\n<td class=\"menu\" bgcolor=\"#fff9ad\">\u018fm\u0259liyyat voltaj\u0131: 230 V &#8211; 50\/60 Hz<br \/>\nMaksimum susma: &#8211; 0,90 bar (675 mmHg)<br \/>\n\u018fm\u0259liyyat d\u00f6vr\u00fc: davaml\u0131<br \/>\nAx\u0131n: 60 l\/d\u0259q<br \/>\nG\u00fcc: 230 VA<br \/>\nS\u0259s-k\u00fcy s\u0259viyy\u0259si: 51.7 dBA<br \/>\nNorms: CEI 62-5 (IEC 601-1); 93\/42 EEC<\/td>\n<\/tr>\n<\/tbody>\n<\/table>","protected":false},"featured_media":3290,"template":"","meta":[],"product_cat":[126,397],"product_tag":[398],"class_list":{"0":"post-3289","1":"product","2":"type-product","3":"status-publish","4":"has-post-thumbnail","6":"product_cat-tibbi-cihazlar","7":"product_cat-aspirator","8":"product_tag-aspirator","10":"first","11":"instock","12":"shipping-taxable","13":"purchasable","14":"product-type-simple"},"yoast_head":"<!-- This site is optimized with the Yoast SEO plugin v22.7 - https:\/\/yoast.com\/wordpress\/plugins\/seo\/ -->\n<title>CLINIC PLUS 2x4L balonlu 230 V ayaq pedal\u0131, ax\u0131n t\u0259nziml\u0259yicisi il\u0259 - Medishop<\/title>\n<meta name=\"robots\" content=\"index, follow, max-snippet:-1, max-image-preview:large, max-video-preview:-1\" \/>\n<link rel=\"canonical\" href=\"https:\/\/medishop.az\/ru\/mehsul\/clinic-plus-suction-2x4-l-banka-230v-ayaq-acari-axin-tenzimleyicisi-ile\/\" \/>\n<meta property=\"og:locale\" content=\"ru_RU\" \/>\n<meta property=\"og:type\" content=\"article\" \/>\n<meta property=\"og:title\" content=\"CLINIC PLUS 2x4L balonlu 230 V ayaq pedal\u0131, ax\u0131n t\u0259nziml\u0259yicisi il\u0259 - Medishop\" \/>\n<meta property=\"og:description\" content=\"Texniki Spesifikasiyalar   \u018fm\u0259liyyat voltaj\u0131: 230 V - 50\/60 Hz Maksimum susma: - 0,90 bar (675 mmHg) \u018fm\u0259liyyat d\u00f6vr\u00fc: davaml\u0131 Ax\u0131n: 60 l\/d\u0259q G\u00fcc: 230 VA S\u0259s-k\u00fcy s\u0259viyy\u0259si: 51.7 dBA Norms: CEI 62-5 (IEC 601-1); 93\/42 EEC\" \/>\n<meta property=\"og:url\" content=\"https:\/\/medishop.az\/ru\/mehsul\/clinic-plus-suction-2x4-l-banka-230v-ayaq-acari-axin-tenzimleyicisi-ile\/\" \/>\n<meta property=\"og:site_name\" content=\"Medishop\" \/>\n<meta property=\"article:publisher\" content=\"https:\/\/www.facebook.com\/medishop.azerbaijan\" \/>\n<meta property=\"article:modified_time\" content=\"2023-01-08T09:31:59+00:00\" \/>\n<meta property=\"og:image\" content=\"https:\/\/storage.googleapis.com\/stateless-medishop-az\/2022\/12\/KLInIK-PLUS-SUKSYASI-2x4-l-jar-230V-ayaqyolu-axim-t\u0259nziml\u0259yicisi-il\u0259.jpg\" \/>\n\t<meta property=\"og:image:width\" content=\"1000\" \/>\n\t<meta property=\"og:image:height\" content=\"1000\" \/>\n\t<meta property=\"og:image:type\" content=\"image\/jpeg\" \/>\n<meta name=\"twitter:card\" content=\"summary_large_image\" \/>\n<meta name=\"twitter:label1\" content=\"\u041f\u0440\u0438\u043c\u0435\u0440\u043d\u043e\u0435 \u0432\u0440\u0435\u043c\u044f \u0434\u043b\u044f \u0447\u0442\u0435\u043d\u0438\u044f\" \/>\n\t<meta name=\"twitter:data1\" content=\"2 \u043c\u0438\u043d\u0443\u0442\u044b\" \/>\n<script type=\"application\/ld+json\" class=\"yoast-schema-graph\">{\"@context\":\"https:\/\/schema.org\",\"@graph\":[{\"@type\":\"WebPage\",\"@id\":\"https:\/\/medishop.az\/mehsul\/clinic-plus-suction-2x4-l-banka-230v-ayaq-acari-axin-tenzimleyicisi-ile\/\",\"url\":\"https:\/\/medishop.az\/mehsul\/clinic-plus-suction-2x4-l-banka-230v-ayaq-acari-axin-tenzimleyicisi-ile\/\",\"name\":\"CLINIC PLUS 2x4L balonlu 230 V ayaq pedal\u0131, ax\u0131n t\u0259nziml\u0259yicisi il\u0259 - Medishop\",\"isPartOf\":{\"@id\":\"https:\/\/medishop.az\/#website\"},\"primaryImageOfPage\":{\"@id\":\"https:\/\/medishop.az\/mehsul\/clinic-plus-suction-2x4-l-banka-230v-ayaq-acari-axin-tenzimleyicisi-ile\/#primaryimage\"},\"image\":{\"@id\":\"https:\/\/medishop.az\/mehsul\/clinic-plus-suction-2x4-l-banka-230v-ayaq-acari-axin-tenzimleyicisi-ile\/#primaryimage\"},\"thumbnailUrl\":\"https:\/\/medishop.az\/wp-content\/uploads\/2022\/12\/KLInIK-PLUS-SUKSYASI-2x4-l-jar-230V-ayaqyolu-axim-t\u0259nziml\u0259yicisi-il\u0259.jpg\",\"datePublished\":\"2022-12-14T18:47:51+00:00\",\"dateModified\":\"2023-01-08T09:31:59+00:00\",\"breadcrumb\":{\"@id\":\"https:\/\/medishop.az\/mehsul\/clinic-plus-suction-2x4-l-banka-230v-ayaq-acari-axin-tenzimleyicisi-ile\/#breadcrumb\"},\"inLanguage\":\"ru-RU\",\"potentialAction\":[{\"@type\":\"ReadAction\",\"target\":[\"https:\/\/medishop.az\/mehsul\/clinic-plus-suction-2x4-l-banka-230v-ayaq-acari-axin-tenzimleyicisi-ile\/\"]}]},{\"@type\":\"ImageObject\",\"inLanguage\":\"ru-RU\",\"@id\":\"https:\/\/medishop.az\/mehsul\/clinic-plus-suction-2x4-l-banka-230v-ayaq-acari-axin-tenzimleyicisi-ile\/#primaryimage\",\"url\":\"https:\/\/medishop.az\/wp-content\/uploads\/2022\/12\/KLInIK-PLUS-SUKSYASI-2x4-l-jar-230V-ayaqyolu-axim-t\u0259nziml\u0259yicisi-il\u0259.jpg\",\"contentUrl\":\"https:\/\/medishop.az\/wp-content\/uploads\/2022\/12\/KLInIK-PLUS-SUKSYASI-2x4-l-jar-230V-ayaqyolu-axim-t\u0259nziml\u0259yicisi-il\u0259.jpg\",\"width\":1000,\"height\":1000},{\"@type\":\"BreadcrumbList\",\"@id\":\"https:\/\/medishop.az\/mehsul\/clinic-plus-suction-2x4-l-banka-230v-ayaq-acari-axin-tenzimleyicisi-ile\/#breadcrumb\",\"itemListElement\":[{\"@type\":\"ListItem\",\"position\":1,\"name\":\"\u018fsas\",\"item\":\"https:\/\/medishop.az\/\"},{\"@type\":\"ListItem\",\"position\":2,\"name\":\"Ma\u011faza\",\"item\":\"https:\/\/medishop.az\/ru\/shop\/\"},{\"@type\":\"ListItem\",\"position\":3,\"name\":\"CLINIC PLUS 2x4L balonlu 230 V ayaq pedal\u0131, ax\u0131n t\u0259nziml\u0259yicisi il\u0259\"}]},{\"@type\":\"WebSite\",\"@id\":\"https:\/\/medishop.az\/#website\",\"url\":\"https:\/\/medishop.az\/\",\"name\":\"Medishop\",\"description\":\"Onlayn tibbi ma\u011faza\",\"publisher\":{\"@id\":\"https:\/\/medishop.az\/#organization\"},\"potentialAction\":[{\"@type\":\"SearchAction\",\"target\":{\"@type\":\"EntryPoint\",\"urlTemplate\":\"https:\/\/medishop.az\/?s={search_term_string}\"},\"query-input\":\"required name=search_term_string\"}],\"inLanguage\":\"ru-RU\"},{\"@type\":\"Organization\",\"@id\":\"https:\/\/medishop.az\/#organization\",\"name\":\"Medishop\",\"url\":\"https:\/\/medishop.az\/\",\"logo\":{\"@type\":\"ImageObject\",\"inLanguage\":\"ru-RU\",\"@id\":\"https:\/\/medishop.az\/#\/schema\/logo\/image\/\",\"url\":\"https:\/\/storage.googleapis.com\/stateless-medishop-az\/2022\/12\/logo.png\",\"contentUrl\":\"https:\/\/storage.googleapis.com\/stateless-medishop-az\/2022\/12\/logo.png\",\"width\":300,\"height\":89,\"caption\":\"Medishop\"},\"image\":{\"@id\":\"https:\/\/medishop.az\/#\/schema\/logo\/image\/\"},\"sameAs\":[\"https:\/\/www.facebook.com\/medishop.azerbaijan\"]}]}<\/script>\n<!-- \/ Yoast SEO plugin. -->","yoast_head_json":{"title":"CLINIC PLUS 2x4L balonlu 230 V ayaq pedal\u0131, ax\u0131n t\u0259nziml\u0259yicisi il\u0259 - Medishop","robots":{"index":"index","follow":"follow","max-snippet":"max-snippet:-1","max-image-preview":"max-image-preview:large","max-video-preview":"max-video-preview:-1"},"canonical":"https:\/\/medishop.az\/ru\/mehsul\/clinic-plus-suction-2x4-l-banka-230v-ayaq-acari-axin-tenzimleyicisi-ile\/","og_locale":"ru_RU","og_type":"article","og_title":"CLINIC PLUS 2x4L balonlu 230 V ayaq pedal\u0131, ax\u0131n t\u0259nziml\u0259yicisi il\u0259 - Medishop","og_description":"Texniki Spesifikasiyalar   \u018fm\u0259liyyat voltaj\u0131: 230 V - 50\/60 Hz Maksimum susma: - 0,90 bar (675 mmHg) \u018fm\u0259liyyat d\u00f6vr\u00fc: davaml\u0131 Ax\u0131n: 60 l\/d\u0259q G\u00fcc: 230 VA S\u0259s-k\u00fcy s\u0259viyy\u0259si: 51.7 dBA Norms: CEI 62-5 (IEC 601-1); 93\/42 EEC","og_url":"https:\/\/medishop.az\/ru\/mehsul\/clinic-plus-suction-2x4-l-banka-230v-ayaq-acari-axin-tenzimleyicisi-ile\/","og_site_name":"Medishop","article_publisher":"https:\/\/www.facebook.com\/medishop.azerbaijan","article_modified_time":"2023-01-08T09:31:59+00:00","og_image":[{"width":1000,"height":1000,"url":"https:\/\/storage.googleapis.com\/stateless-medishop-az\/2022\/12\/KLInIK-PLUS-SUKSYASI-2x4-l-jar-230V-ayaqyolu-axim-t\u0259nziml\u0259yicisi-il\u0259.jpg","type":"image\/jpeg"}],"twitter_card":"summary_large_image","twitter_misc":{"\u041f\u0440\u0438\u043c\u0435\u0440\u043d\u043e\u0435 \u0432\u0440\u0435\u043c\u044f \u0434\u043b\u044f \u0447\u0442\u0435\u043d\u0438\u044f":"2 \u043c\u0438\u043d\u0443\u0442\u044b"},"schema":{"@context":"https:\/\/schema.org","@graph":[{"@type":"WebPage","@id":"https:\/\/medishop.az\/mehsul\/clinic-plus-suction-2x4-l-banka-230v-ayaq-acari-axin-tenzimleyicisi-ile\/","url":"https:\/\/medishop.az\/mehsul\/clinic-plus-suction-2x4-l-banka-230v-ayaq-acari-axin-tenzimleyicisi-ile\/","name":"CLINIC PLUS 2x4L balonlu 230 V ayaq pedal\u0131, ax\u0131n t\u0259nziml\u0259yicisi il\u0259 - Medishop","isPartOf":{"@id":"https:\/\/medishop.az\/#website"},"primaryImageOfPage":{"@id":"https:\/\/medishop.az\/mehsul\/clinic-plus-suction-2x4-l-banka-230v-ayaq-acari-axin-tenzimleyicisi-ile\/#primaryimage"},"image":{"@id":"https:\/\/medishop.az\/mehsul\/clinic-plus-suction-2x4-l-banka-230v-ayaq-acari-axin-tenzimleyicisi-ile\/#primaryimage"},"thumbnailUrl":"https:\/\/medishop.az\/wp-content\/uploads\/2022\/12\/KLInIK-PLUS-SUKSYASI-2x4-l-jar-230V-ayaqyolu-axim-t\u0259nziml\u0259yicisi-il\u0259.jpg","datePublished":"2022-12-14T18:47:51+00:00","dateModified":"2023-01-08T09:31:59+00:00","breadcrumb":{"@id":"https:\/\/medishop.az\/mehsul\/clinic-plus-suction-2x4-l-banka-230v-ayaq-acari-axin-tenzimleyicisi-ile\/#breadcrumb"},"inLanguage":"ru-RU","potentialAction":[{"@type":"ReadAction","target":["https:\/\/medishop.az\/mehsul\/clinic-plus-suction-2x4-l-banka-230v-ayaq-acari-axin-tenzimleyicisi-ile\/"]}]},{"@type":"ImageObject","inLanguage":"ru-RU","@id":"https:\/\/medishop.az\/mehsul\/clinic-plus-suction-2x4-l-banka-230v-ayaq-acari-axin-tenzimleyicisi-ile\/#primaryimage","url":"https:\/\/medishop.az\/wp-content\/uploads\/2022\/12\/KLInIK-PLUS-SUKSYASI-2x4-l-jar-230V-ayaqyolu-axim-t\u0259nziml\u0259yicisi-il\u0259.jpg","contentUrl":"https:\/\/medishop.az\/wp-content\/uploads\/2022\/12\/KLInIK-PLUS-SUKSYASI-2x4-l-jar-230V-ayaqyolu-axim-t\u0259nziml\u0259yicisi-il\u0259.jpg","width":1000,"height":1000},{"@type":"BreadcrumbList","@id":"https:\/\/medishop.az\/mehsul\/clinic-plus-suction-2x4-l-banka-230v-ayaq-acari-axin-tenzimleyicisi-ile\/#breadcrumb","itemListElement":[{"@type":"ListItem","position":1,"name":"\u018fsas","item":"https:\/\/medishop.az\/"},{"@type":"ListItem","position":2,"name":"Ma\u011faza","item":"https:\/\/medishop.az\/ru\/shop\/"},{"@type":"ListItem","position":3,"name":"CLINIC PLUS 2x4L balonlu 230 V ayaq pedal\u0131, ax\u0131n t\u0259nziml\u0259yicisi il\u0259"}]},{"@type":"WebSite","@id":"https:\/\/medishop.az\/#website","url":"https:\/\/medishop.az\/","name":"Medishop","description":"Onlayn tibbi ma\u011faza","publisher":{"@id":"https:\/\/medishop.az\/#organization"},"potentialAction":[{"@type":"SearchAction","target":{"@type":"EntryPoint","urlTemplate":"https:\/\/medishop.az\/?s={search_term_string}"},"query-input":"required name=search_term_string"}],"inLanguage":"ru-RU"},{"@type":"Organization","@id":"https:\/\/medishop.az\/#organization","name":"Medishop","url":"https:\/\/medishop.az\/","logo":{"@type":"ImageObject","inLanguage":"ru-RU","@id":"https:\/\/medishop.az\/#\/schema\/logo\/image\/","url":"https:\/\/storage.googleapis.com\/stateless-medishop-az\/2022\/12\/logo.png","contentUrl":"https:\/\/storage.googleapis.com\/stateless-medishop-az\/2022\/12\/logo.png","width":300,"height":89,"caption":"Medishop"},"image":{"@id":"https:\/\/medishop.az\/#\/schema\/logo\/image\/"},"sameAs":["https:\/\/www.facebook.com\/medishop.azerbaijan"]}]}},"jetpack_sharing_enabled":true,"_links":{"self":[{"href":"https:\/\/medishop.az\/ru\/wp-json\/wp\/v2\/product\/3289","targetHints":{"allow":["GET"]}}],"collection":[{"href":"https:\/\/medishop.az\/ru\/wp-json\/wp\/v2\/product"}],"about":[{"href":"https:\/\/medishop.az\/ru\/wp-json\/wp\/v2\/types\/product"}],"wp:featuredmedia":[{"embeddable":true,"href":"https:\/\/medishop.az\/ru\/wp-json\/wp\/v2\/media\/3290"}],"wp:attachment":[{"href":"https:\/\/medishop.az\/ru\/wp-json\/wp\/v2\/media?parent=3289"}],"wp:term":[{"taxonomy":"product_cat","embeddable":true,"href":"https:\/\/medishop.az\/ru\/wp-json\/wp\/v2\/product_cat?post=3289"},{"taxonomy":"product_tag","embeddable":true,"href":"https:\/\/medishop.az\/ru\/wp-json\/wp\/v2\/product_tag?post=3289"}],"curies":[{"name":"wp","href":"https:\/\/api.w.org\/{rel}","templated":true}]}}