{"id":3276,"date":"2022-12-14T22:31:49","date_gmt":"2022-12-14T18:31:49","guid":{"rendered":"https:\/\/medishop.az\/?post_type=product&#038;p=3276"},"modified":"2024-08-10T18:18:42","modified_gmt":"2024-08-10T14:18:42","slug":"mini-aspeed-battery-pro-metal-korpus","status":"publish","type":"product","link":"https:\/\/medishop.az\/ru\/mehsul\/mini-aspeed-battery-pro-metal-korpus\/","title":{"rendered":"MINI ASPEED BATTERY PRO &#8211; metal korpus"},"content":{"rendered":"<p>Professional c\u0259rrahi arzu \u00fc\u00e7\u00fcn y\u00fcks\u0259k vakuum portativ tibbi cihaz.<br \/>\n&#8211; 12 V (ma\u015f\u0131n.) elektrik t\u0259chizat\u0131nda, yenid\u0259n \u015farj edil\u0259 bil\u0259n batareyalarda v\u0259 ya birba\u015fa \u0259saslar t\u0259minat\u0131<br \/>\nil\u0259 i\u015fl\u0259y\u0259 bil\u0259r- onun iki silindrli elektro-kompressoru y\u00fcks\u0259k performans v\u0259 45 azn-\u0259 q\u0259d\u0259r uzun \u00f6m\u00fcrl\u00fc<br \/>\navtonomlu\u011fu tam y\u00fckl\u0259nmi\u015f batareya<br \/>\nil\u0259 t\u0259min edir- 99% antibakterial hidrofob filtrl\u0259<br \/>\n&#8211; t\u0259hl\u00fck\u0259sizlik qapa\u011f\u0131, disposable suction liner v\u0259 carryng case il\u0259 avtoklavable jar il\u0259 t\u0259chiz olunub<\/p>","protected":false},"excerpt":{"rendered":"<table border=\"0\" width=\"100%\" cellspacing=\"0\" cellpadding=\"0\">\n<tbody>\n<tr>\n<td class=\"menu\" bgcolor=\"#fff9ad\"><span class=\"sezione\">\u0422\u0435\u0445\u043d\u0438\u0447\u0435\u0441\u043a\u0438\u0435 \u0445\u0430\u0440\u0430\u043a\u0442\u0435\u0440\u0438\u0441\u0442\u0438\u043a\u0438<\/span><\/td>\n<\/tr>\n<tr>\n<td class=\"menu\" bgcolor=\"#fff9ad\">\u2022 \u018fm\u0259liyyat Voltaj\u0131: 100-240 V 50\/60 Hz AC &#8211; 14 V DC 4.28 A<br \/>\n\u2022 H\u0259cmi: 370 x 100 x 240 mm<br \/>\n\u2022 A\u011f\u0131rl\u0131q: 5.8 kq (kit daxil)<br \/>\n\u2022 Max suction: &#8211; 0.85 bar\u2022 Suctionction: &#8211; 0.85 bar<br \/>\n\u2022 Suction g\u00fcc\u00fc: 30 air litr\/min.<br \/>\n\u2022 S\u0259s s\u0259viyy\u0259si: 65 db<br \/>\n\u2022 Normlar: MDD 93\/42\/ECC (class IIa &#8211; annex IX) IEC 60601-1, UNI ENISO 10079-1<\/td>\n<\/tr>\n<\/tbody>\n<\/table>","protected":false},"featured_media":3277,"template":"","meta":[],"product_cat":[126,397],"product_tag":[246],"class_list":{"0":"post-3276","1":"product","2":"type-product","3":"status-publish","4":"has-post-thumbnail","6":"product_cat-tibbi-cihazlar","7":"product_cat-aspirator","8":"product_tag-mini-aspeed-battery-pro","10":"first","11":"instock","12":"shipping-taxable","13":"purchasable","14":"product-type-simple"},"yoast_head":"<!-- This site is optimized with the Yoast SEO plugin v22.7 - https:\/\/yoast.com\/wordpress\/plugins\/seo\/ -->\n<title>MINI ASPEED BATTERY PRO - metal korpus - Medishop<\/title>\n<meta name=\"robots\" content=\"index, follow, max-snippet:-1, max-image-preview:large, max-video-preview:-1\" \/>\n<link rel=\"canonical\" href=\"https:\/\/medishop.az\/ru\/mehsul\/mini-aspeed-battery-pro-metal-korpus\/\" \/>\n<meta property=\"og:locale\" content=\"ru_RU\" \/>\n<meta property=\"og:type\" content=\"article\" \/>\n<meta property=\"og:title\" content=\"MINI ASPEED BATTERY PRO - metal korpus - Medishop\" \/>\n<meta property=\"og:description\" content=\"Texniki Spesifikasiyalar   \u2022 \u018fm\u0259liyyat Voltaj\u0131: 100-240 V 50\/60 Hz AC - 14 V DC 4.28 A \u2022 H\u0259cmi: 370 x 100 x 240 mm \u2022 A\u011f\u0131rl\u0131q: 5.8 kq (kit daxil) \u2022 Max suction: - 0.85 bar\u2022 Suctionction: - 0.85 bar \u2022 Suction g\u00fcc\u00fc: 30 air litr\/min. \u2022 S\u0259s s\u0259viyy\u0259si: 65 db \u2022 Normlar: MDD 93\/42\/ECC (class IIa - annex IX) IEC 60601-1, UNI ENISO 10079-1\" \/>\n<meta property=\"og:url\" content=\"https:\/\/medishop.az\/ru\/mehsul\/mini-aspeed-battery-pro-metal-korpus\/\" \/>\n<meta property=\"og:site_name\" content=\"Medishop\" \/>\n<meta property=\"article:publisher\" content=\"https:\/\/www.facebook.com\/medishop.azerbaijan\" \/>\n<meta property=\"article:modified_time\" content=\"2024-08-10T14:18:42+00:00\" \/>\n<meta property=\"og:image\" content=\"https:\/\/medishop.az\/wp-content\/uploads\/2022\/12\/MINI-ASPEED-BATTERY-PRO-metal-korpus.jpg\" \/>\n\t<meta property=\"og:image:width\" content=\"1000\" \/>\n\t<meta property=\"og:image:height\" content=\"1000\" \/>\n\t<meta property=\"og:image:type\" content=\"image\/jpeg\" \/>\n<meta name=\"twitter:card\" content=\"summary_large_image\" \/>\n<meta name=\"twitter:label1\" content=\"\u041f\u0440\u0438\u043c\u0435\u0440\u043d\u043e\u0435 \u0432\u0440\u0435\u043c\u044f \u0434\u043b\u044f \u0447\u0442\u0435\u043d\u0438\u044f\" \/>\n\t<meta name=\"twitter:data1\" content=\"1 \u043c\u0438\u043d\u0443\u0442\u0430\" \/>\n<script type=\"application\/ld+json\" class=\"yoast-schema-graph\">{\"@context\":\"https:\/\/schema.org\",\"@graph\":[{\"@type\":\"WebPage\",\"@id\":\"https:\/\/medishop.az\/mehsul\/mini-aspeed-battery-pro-metal-korpus\/\",\"url\":\"https:\/\/medishop.az\/mehsul\/mini-aspeed-battery-pro-metal-korpus\/\",\"name\":\"MINI ASPEED BATTERY PRO - metal korpus - Medishop\",\"isPartOf\":{\"@id\":\"https:\/\/medishop.az\/#website\"},\"primaryImageOfPage\":{\"@id\":\"https:\/\/medishop.az\/mehsul\/mini-aspeed-battery-pro-metal-korpus\/#primaryimage\"},\"image\":{\"@id\":\"https:\/\/medishop.az\/mehsul\/mini-aspeed-battery-pro-metal-korpus\/#primaryimage\"},\"thumbnailUrl\":\"https:\/\/medishop.az\/wp-content\/uploads\/2022\/12\/MINI-ASPEED-BATTERY-PRO-metal-korpus.jpg\",\"datePublished\":\"2022-12-14T18:31:49+00:00\",\"dateModified\":\"2024-08-10T14:18:42+00:00\",\"breadcrumb\":{\"@id\":\"https:\/\/medishop.az\/mehsul\/mini-aspeed-battery-pro-metal-korpus\/#breadcrumb\"},\"inLanguage\":\"ru-RU\",\"potentialAction\":[{\"@type\":\"ReadAction\",\"target\":[\"https:\/\/medishop.az\/mehsul\/mini-aspeed-battery-pro-metal-korpus\/\"]}]},{\"@type\":\"ImageObject\",\"inLanguage\":\"ru-RU\",\"@id\":\"https:\/\/medishop.az\/mehsul\/mini-aspeed-battery-pro-metal-korpus\/#primaryimage\",\"url\":\"https:\/\/medishop.az\/wp-content\/uploads\/2022\/12\/MINI-ASPEED-BATTERY-PRO-metal-korpus.jpg\",\"contentUrl\":\"https:\/\/medishop.az\/wp-content\/uploads\/2022\/12\/MINI-ASPEED-BATTERY-PRO-metal-korpus.jpg\",\"width\":1000,\"height\":1000},{\"@type\":\"BreadcrumbList\",\"@id\":\"https:\/\/medishop.az\/mehsul\/mini-aspeed-battery-pro-metal-korpus\/#breadcrumb\",\"itemListElement\":[{\"@type\":\"ListItem\",\"position\":1,\"name\":\"\u018fsas\",\"item\":\"https:\/\/medishop.az\/\"},{\"@type\":\"ListItem\",\"position\":2,\"name\":\"Ma\u011faza\",\"item\":\"https:\/\/medishop.az\/ru\/shop\/\"},{\"@type\":\"ListItem\",\"position\":3,\"name\":\"MINI ASPEED BATTERY PRO &#8211; metal korpus\"}]},{\"@type\":\"WebSite\",\"@id\":\"https:\/\/medishop.az\/#website\",\"url\":\"https:\/\/medishop.az\/\",\"name\":\"Medishop\",\"description\":\"Onlayn tibbi ma\u011faza\",\"publisher\":{\"@id\":\"https:\/\/medishop.az\/#organization\"},\"potentialAction\":[{\"@type\":\"SearchAction\",\"target\":{\"@type\":\"EntryPoint\",\"urlTemplate\":\"https:\/\/medishop.az\/?s={search_term_string}\"},\"query-input\":\"required name=search_term_string\"}],\"inLanguage\":\"ru-RU\"},{\"@type\":\"Organization\",\"@id\":\"https:\/\/medishop.az\/#organization\",\"name\":\"Medishop\",\"url\":\"https:\/\/medishop.az\/\",\"logo\":{\"@type\":\"ImageObject\",\"inLanguage\":\"ru-RU\",\"@id\":\"https:\/\/medishop.az\/#\/schema\/logo\/image\/\",\"url\":\"https:\/\/storage.googleapis.com\/stateless-medishop-az\/2022\/12\/logo.png\",\"contentUrl\":\"https:\/\/storage.googleapis.com\/stateless-medishop-az\/2022\/12\/logo.png\",\"width\":300,\"height\":89,\"caption\":\"Medishop\"},\"image\":{\"@id\":\"https:\/\/medishop.az\/#\/schema\/logo\/image\/\"},\"sameAs\":[\"https:\/\/www.facebook.com\/medishop.azerbaijan\"]}]}<\/script>\n<!-- \/ Yoast SEO plugin. -->","yoast_head_json":{"title":"MINI ASPEED BATTERY PRO - metal korpus - Medishop","robots":{"index":"index","follow":"follow","max-snippet":"max-snippet:-1","max-image-preview":"max-image-preview:large","max-video-preview":"max-video-preview:-1"},"canonical":"https:\/\/medishop.az\/ru\/mehsul\/mini-aspeed-battery-pro-metal-korpus\/","og_locale":"ru_RU","og_type":"article","og_title":"MINI ASPEED BATTERY PRO - metal korpus - Medishop","og_description":"Texniki Spesifikasiyalar   \u2022 \u018fm\u0259liyyat Voltaj\u0131: 100-240 V 50\/60 Hz AC - 14 V DC 4.28 A \u2022 H\u0259cmi: 370 x 100 x 240 mm \u2022 A\u011f\u0131rl\u0131q: 5.8 kq (kit daxil) \u2022 Max suction: - 0.85 bar\u2022 Suctionction: - 0.85 bar \u2022 Suction g\u00fcc\u00fc: 30 air litr\/min. \u2022 S\u0259s s\u0259viyy\u0259si: 65 db \u2022 Normlar: MDD 93\/42\/ECC (class IIa - annex IX) IEC 60601-1, UNI ENISO 10079-1","og_url":"https:\/\/medishop.az\/ru\/mehsul\/mini-aspeed-battery-pro-metal-korpus\/","og_site_name":"Medishop","article_publisher":"https:\/\/www.facebook.com\/medishop.azerbaijan","article_modified_time":"2024-08-10T14:18:42+00:00","og_image":[{"width":1000,"height":1000,"url":"https:\/\/medishop.az\/wp-content\/uploads\/2022\/12\/MINI-ASPEED-BATTERY-PRO-metal-korpus.jpg","type":"image\/jpeg"}],"twitter_card":"summary_large_image","twitter_misc":{"\u041f\u0440\u0438\u043c\u0435\u0440\u043d\u043e\u0435 \u0432\u0440\u0435\u043c\u044f \u0434\u043b\u044f \u0447\u0442\u0435\u043d\u0438\u044f":"1 \u043c\u0438\u043d\u0443\u0442\u0430"},"schema":{"@context":"https:\/\/schema.org","@graph":[{"@type":"WebPage","@id":"https:\/\/medishop.az\/mehsul\/mini-aspeed-battery-pro-metal-korpus\/","url":"https:\/\/medishop.az\/mehsul\/mini-aspeed-battery-pro-metal-korpus\/","name":"MINI ASPEED BATTERY PRO - metal korpus - Medishop","isPartOf":{"@id":"https:\/\/medishop.az\/#website"},"primaryImageOfPage":{"@id":"https:\/\/medishop.az\/mehsul\/mini-aspeed-battery-pro-metal-korpus\/#primaryimage"},"image":{"@id":"https:\/\/medishop.az\/mehsul\/mini-aspeed-battery-pro-metal-korpus\/#primaryimage"},"thumbnailUrl":"https:\/\/medishop.az\/wp-content\/uploads\/2022\/12\/MINI-ASPEED-BATTERY-PRO-metal-korpus.jpg","datePublished":"2022-12-14T18:31:49+00:00","dateModified":"2024-08-10T14:18:42+00:00","breadcrumb":{"@id":"https:\/\/medishop.az\/mehsul\/mini-aspeed-battery-pro-metal-korpus\/#breadcrumb"},"inLanguage":"ru-RU","potentialAction":[{"@type":"ReadAction","target":["https:\/\/medishop.az\/mehsul\/mini-aspeed-battery-pro-metal-korpus\/"]}]},{"@type":"ImageObject","inLanguage":"ru-RU","@id":"https:\/\/medishop.az\/mehsul\/mini-aspeed-battery-pro-metal-korpus\/#primaryimage","url":"https:\/\/medishop.az\/wp-content\/uploads\/2022\/12\/MINI-ASPEED-BATTERY-PRO-metal-korpus.jpg","contentUrl":"https:\/\/medishop.az\/wp-content\/uploads\/2022\/12\/MINI-ASPEED-BATTERY-PRO-metal-korpus.jpg","width":1000,"height":1000},{"@type":"BreadcrumbList","@id":"https:\/\/medishop.az\/mehsul\/mini-aspeed-battery-pro-metal-korpus\/#breadcrumb","itemListElement":[{"@type":"ListItem","position":1,"name":"\u018fsas","item":"https:\/\/medishop.az\/"},{"@type":"ListItem","position":2,"name":"Ma\u011faza","item":"https:\/\/medishop.az\/ru\/shop\/"},{"@type":"ListItem","position":3,"name":"MINI ASPEED BATTERY PRO &#8211; metal korpus"}]},{"@type":"WebSite","@id":"https:\/\/medishop.az\/#website","url":"https:\/\/medishop.az\/","name":"Medishop","description":"Onlayn tibbi ma\u011faza","publisher":{"@id":"https:\/\/medishop.az\/#organization"},"potentialAction":[{"@type":"SearchAction","target":{"@type":"EntryPoint","urlTemplate":"https:\/\/medishop.az\/?s={search_term_string}"},"query-input":"required name=search_term_string"}],"inLanguage":"ru-RU"},{"@type":"Organization","@id":"https:\/\/medishop.az\/#organization","name":"Medishop","url":"https:\/\/medishop.az\/","logo":{"@type":"ImageObject","inLanguage":"ru-RU","@id":"https:\/\/medishop.az\/#\/schema\/logo\/image\/","url":"https:\/\/storage.googleapis.com\/stateless-medishop-az\/2022\/12\/logo.png","contentUrl":"https:\/\/storage.googleapis.com\/stateless-medishop-az\/2022\/12\/logo.png","width":300,"height":89,"caption":"Medishop"},"image":{"@id":"https:\/\/medishop.az\/#\/schema\/logo\/image\/"},"sameAs":["https:\/\/www.facebook.com\/medishop.azerbaijan"]}]}},"jetpack_sharing_enabled":true,"_links":{"self":[{"href":"https:\/\/medishop.az\/ru\/wp-json\/wp\/v2\/product\/3276","targetHints":{"allow":["GET"]}}],"collection":[{"href":"https:\/\/medishop.az\/ru\/wp-json\/wp\/v2\/product"}],"about":[{"href":"https:\/\/medishop.az\/ru\/wp-json\/wp\/v2\/types\/product"}],"wp:featuredmedia":[{"embeddable":true,"href":"https:\/\/medishop.az\/ru\/wp-json\/wp\/v2\/media\/3277"}],"wp:attachment":[{"href":"https:\/\/medishop.az\/ru\/wp-json\/wp\/v2\/media?parent=3276"}],"wp:term":[{"taxonomy":"product_cat","embeddable":true,"href":"https:\/\/medishop.az\/ru\/wp-json\/wp\/v2\/product_cat?post=3276"},{"taxonomy":"product_tag","embeddable":true,"href":"https:\/\/medishop.az\/ru\/wp-json\/wp\/v2\/product_tag?post=3276"}],"curies":[{"name":"wp","href":"https:\/\/api.w.org\/{rel}","templated":true}]}}