{"id":3227,"date":"2022-12-14T20:47:48","date_gmt":"2022-12-14T16:47:48","guid":{"rendered":"https:\/\/medishop.az\/?post_type=product&#038;p=3227"},"modified":"2022-12-14T20:47:50","modified_gmt":"2022-12-14T16:47:50","slug":"super-texas-d%c9%99ri-tibb-cantasi-qara","status":"publish","type":"product","link":"https:\/\/medishop.az\/ru\/mehsul\/super-texas-d%c9%99ri-tibb-cantasi-qara\/","title":{"rendered":"&#8220;SUPER TEXAS D\u018fR\u0130&#8221; T\u0130BB \u00c7ANTASI &#8211; qara"},"content":{"rendered":"<p>Xarici cibl\u0259 v\u0259 i\u00e7\u0259ri zip b\u0259rkid\u0259n cib, 2 yanm\u0131\u015f q\u0131f\u0131ll\u0131, yan t\u0259r\u0259fd\u0259n 8 sm aral\u0131da transversal partlaman\u0131n i\u00e7ind\u0259, b\u00f6y\u00fck m\u0259rk\u0259zi sah\u0259d\u0259.<\/p>\n<p>Xarici \u00f6l\u00e7\u00fcl\u0259ri: 42 x 20 x h 23 sm<\/p>\n<p>Made in Italy<\/p>","protected":false},"excerpt":{"rendered":"<p>Xarici cibl\u0259 v\u0259 i\u00e7\u0259ri zip b\u0259rkid\u0259n cib, 2 yanm\u0131\u015f q\u0131f\u0131ll\u0131, yan t\u0259r\u0259fd\u0259n 8 sm aral\u0131da transversal partlaman\u0131n i\u00e7ind\u0259, b\u00f6y\u00fck m\u0259rk\u0259zi sah\u0259d\u0259. Xarici \u00f6l\u00e7\u00fcl\u0259ri: 42 x 20 x h 23 sm<\/p>","protected":false},"featured_media":3228,"template":"","meta":[],"product_cat":[15],"product_tag":[236],"class_list":{"0":"post-3227","1":"product","2":"type-product","3":"status-publish","4":"has-post-thumbnail","6":"product_cat-diger","7":"product_tag-tibb-cantasi-almaq","9":"first","10":"instock","11":"shipping-taxable","12":"purchasable","13":"product-type-simple"},"yoast_head":"<!-- This site is optimized with the Yoast SEO plugin v22.7 - https:\/\/yoast.com\/wordpress\/plugins\/seo\/ -->\n<title>&quot;SUPER TEXAS D\u018fR\u0130&quot; T\u0130BB \u00c7ANTASI - qara - Medishop<\/title>\n<meta name=\"robots\" content=\"index, follow, max-snippet:-1, max-image-preview:large, max-video-preview:-1\" \/>\n<link rel=\"canonical\" href=\"https:\/\/medishop.az\/ru\/mehsul\/super-texas-d\u0259ri-tibb-cantasi-qara\/\" \/>\n<meta property=\"og:locale\" content=\"ru_RU\" \/>\n<meta property=\"og:type\" content=\"article\" \/>\n<meta property=\"og:title\" content=\"&quot;SUPER TEXAS D\u018fR\u0130&quot; T\u0130BB \u00c7ANTASI - qara - Medishop\" \/>\n<meta property=\"og:description\" content=\"Xarici cibl\u0259 v\u0259 i\u00e7\u0259ri zip b\u0259rkid\u0259n cib, 2 yanm\u0131\u015f q\u0131f\u0131ll\u0131, yan t\u0259r\u0259fd\u0259n 8 sm aral\u0131da transversal partlaman\u0131n i\u00e7ind\u0259, b\u00f6y\u00fck m\u0259rk\u0259zi sah\u0259d\u0259. Xarici \u00f6l\u00e7\u00fcl\u0259ri: 42 x 20 x h 23 sm\" \/>\n<meta property=\"og:url\" content=\"https:\/\/medishop.az\/ru\/mehsul\/super-texas-d\u0259ri-tibb-cantasi-qara\/\" \/>\n<meta property=\"og:site_name\" content=\"Medishop\" \/>\n<meta property=\"article:publisher\" content=\"https:\/\/www.facebook.com\/medishop.azerbaijan\" \/>\n<meta property=\"article:modified_time\" content=\"2022-12-14T16:47:50+00:00\" \/>\n<meta property=\"og:image\" content=\"https:\/\/storage.googleapis.com\/stateless-medishop-az\/2022\/12\/SUPER-TEXAS-D\u018fRI.jpg\" \/>\n\t<meta property=\"og:image:width\" content=\"1000\" \/>\n\t<meta property=\"og:image:height\" content=\"1000\" \/>\n\t<meta property=\"og:image:type\" content=\"image\/jpeg\" \/>\n<meta name=\"twitter:card\" content=\"summary_large_image\" \/>\n<script type=\"application\/ld+json\" class=\"yoast-schema-graph\">{\"@context\":\"https:\/\/schema.org\",\"@graph\":[{\"@type\":\"WebPage\",\"@id\":\"https:\/\/medishop.az\/mehsul\/super-texas-d%c9%99ri-tibb-cantasi-qara\/\",\"url\":\"https:\/\/medishop.az\/mehsul\/super-texas-d%c9%99ri-tibb-cantasi-qara\/\",\"name\":\"\\\"SUPER TEXAS D\u018fR\u0130\\\" T\u0130BB \u00c7ANTASI - qara - Medishop\",\"isPartOf\":{\"@id\":\"https:\/\/medishop.az\/#website\"},\"primaryImageOfPage\":{\"@id\":\"https:\/\/medishop.az\/mehsul\/super-texas-d%c9%99ri-tibb-cantasi-qara\/#primaryimage\"},\"image\":{\"@id\":\"https:\/\/medishop.az\/mehsul\/super-texas-d%c9%99ri-tibb-cantasi-qara\/#primaryimage\"},\"thumbnailUrl\":\"https:\/\/medishop.az\/wp-content\/uploads\/2022\/12\/SUPER-TEXAS-D\u018fRI.jpg\",\"datePublished\":\"2022-12-14T16:47:48+00:00\",\"dateModified\":\"2022-12-14T16:47:50+00:00\",\"breadcrumb\":{\"@id\":\"https:\/\/medishop.az\/mehsul\/super-texas-d%c9%99ri-tibb-cantasi-qara\/#breadcrumb\"},\"inLanguage\":\"ru-RU\",\"potentialAction\":[{\"@type\":\"ReadAction\",\"target\":[\"https:\/\/medishop.az\/mehsul\/super-texas-d%c9%99ri-tibb-cantasi-qara\/\"]}]},{\"@type\":\"ImageObject\",\"inLanguage\":\"ru-RU\",\"@id\":\"https:\/\/medishop.az\/mehsul\/super-texas-d%c9%99ri-tibb-cantasi-qara\/#primaryimage\",\"url\":\"https:\/\/medishop.az\/wp-content\/uploads\/2022\/12\/SUPER-TEXAS-D\u018fRI.jpg\",\"contentUrl\":\"https:\/\/medishop.az\/wp-content\/uploads\/2022\/12\/SUPER-TEXAS-D\u018fRI.jpg\",\"width\":1000,\"height\":1000},{\"@type\":\"BreadcrumbList\",\"@id\":\"https:\/\/medishop.az\/mehsul\/super-texas-d%c9%99ri-tibb-cantasi-qara\/#breadcrumb\",\"itemListElement\":[{\"@type\":\"ListItem\",\"position\":1,\"name\":\"\u018fsas\",\"item\":\"https:\/\/medishop.az\/\"},{\"@type\":\"ListItem\",\"position\":2,\"name\":\"Ma\u011faza\",\"item\":\"https:\/\/medishop.az\/ru\/shop\/\"},{\"@type\":\"ListItem\",\"position\":3,\"name\":\"&#8220;SUPER TEXAS D\u018fR\u0130&#8221; T\u0130BB \u00c7ANTASI &#8211; qara\"}]},{\"@type\":\"WebSite\",\"@id\":\"https:\/\/medishop.az\/#website\",\"url\":\"https:\/\/medishop.az\/\",\"name\":\"Medishop\",\"description\":\"Onlayn tibbi ma\u011faza\",\"publisher\":{\"@id\":\"https:\/\/medishop.az\/#organization\"},\"potentialAction\":[{\"@type\":\"SearchAction\",\"target\":{\"@type\":\"EntryPoint\",\"urlTemplate\":\"https:\/\/medishop.az\/?s={search_term_string}\"},\"query-input\":\"required name=search_term_string\"}],\"inLanguage\":\"ru-RU\"},{\"@type\":\"Organization\",\"@id\":\"https:\/\/medishop.az\/#organization\",\"name\":\"Medishop\",\"url\":\"https:\/\/medishop.az\/\",\"logo\":{\"@type\":\"ImageObject\",\"inLanguage\":\"ru-RU\",\"@id\":\"https:\/\/medishop.az\/#\/schema\/logo\/image\/\",\"url\":\"https:\/\/storage.googleapis.com\/stateless-medishop-az\/2022\/12\/logo.png\",\"contentUrl\":\"https:\/\/storage.googleapis.com\/stateless-medishop-az\/2022\/12\/logo.png\",\"width\":300,\"height\":89,\"caption\":\"Medishop\"},\"image\":{\"@id\":\"https:\/\/medishop.az\/#\/schema\/logo\/image\/\"},\"sameAs\":[\"https:\/\/www.facebook.com\/medishop.azerbaijan\"]}]}<\/script>\n<!-- \/ Yoast SEO plugin. -->","yoast_head_json":{"title":"\"SUPER TEXAS D\u018fR\u0130\" T\u0130BB \u00c7ANTASI - qara - Medishop","robots":{"index":"index","follow":"follow","max-snippet":"max-snippet:-1","max-image-preview":"max-image-preview:large","max-video-preview":"max-video-preview:-1"},"canonical":"https:\/\/medishop.az\/ru\/mehsul\/super-texas-d\u0259ri-tibb-cantasi-qara\/","og_locale":"ru_RU","og_type":"article","og_title":"\"SUPER TEXAS D\u018fR\u0130\" T\u0130BB \u00c7ANTASI - qara - Medishop","og_description":"Xarici cibl\u0259 v\u0259 i\u00e7\u0259ri zip b\u0259rkid\u0259n cib, 2 yanm\u0131\u015f q\u0131f\u0131ll\u0131, yan t\u0259r\u0259fd\u0259n 8 sm aral\u0131da transversal partlaman\u0131n i\u00e7ind\u0259, b\u00f6y\u00fck m\u0259rk\u0259zi sah\u0259d\u0259. Xarici \u00f6l\u00e7\u00fcl\u0259ri: 42 x 20 x h 23 sm","og_url":"https:\/\/medishop.az\/ru\/mehsul\/super-texas-d\u0259ri-tibb-cantasi-qara\/","og_site_name":"Medishop","article_publisher":"https:\/\/www.facebook.com\/medishop.azerbaijan","article_modified_time":"2022-12-14T16:47:50+00:00","og_image":[{"width":1000,"height":1000,"url":"https:\/\/storage.googleapis.com\/stateless-medishop-az\/2022\/12\/SUPER-TEXAS-D\u018fRI.jpg","type":"image\/jpeg"}],"twitter_card":"summary_large_image","schema":{"@context":"https:\/\/schema.org","@graph":[{"@type":"WebPage","@id":"https:\/\/medishop.az\/mehsul\/super-texas-d%c9%99ri-tibb-cantasi-qara\/","url":"https:\/\/medishop.az\/mehsul\/super-texas-d%c9%99ri-tibb-cantasi-qara\/","name":"\"SUPER TEXAS D\u018fR\u0130\" T\u0130BB \u00c7ANTASI - qara - Medishop","isPartOf":{"@id":"https:\/\/medishop.az\/#website"},"primaryImageOfPage":{"@id":"https:\/\/medishop.az\/mehsul\/super-texas-d%c9%99ri-tibb-cantasi-qara\/#primaryimage"},"image":{"@id":"https:\/\/medishop.az\/mehsul\/super-texas-d%c9%99ri-tibb-cantasi-qara\/#primaryimage"},"thumbnailUrl":"https:\/\/medishop.az\/wp-content\/uploads\/2022\/12\/SUPER-TEXAS-D\u018fRI.jpg","datePublished":"2022-12-14T16:47:48+00:00","dateModified":"2022-12-14T16:47:50+00:00","breadcrumb":{"@id":"https:\/\/medishop.az\/mehsul\/super-texas-d%c9%99ri-tibb-cantasi-qara\/#breadcrumb"},"inLanguage":"ru-RU","potentialAction":[{"@type":"ReadAction","target":["https:\/\/medishop.az\/mehsul\/super-texas-d%c9%99ri-tibb-cantasi-qara\/"]}]},{"@type":"ImageObject","inLanguage":"ru-RU","@id":"https:\/\/medishop.az\/mehsul\/super-texas-d%c9%99ri-tibb-cantasi-qara\/#primaryimage","url":"https:\/\/medishop.az\/wp-content\/uploads\/2022\/12\/SUPER-TEXAS-D\u018fRI.jpg","contentUrl":"https:\/\/medishop.az\/wp-content\/uploads\/2022\/12\/SUPER-TEXAS-D\u018fRI.jpg","width":1000,"height":1000},{"@type":"BreadcrumbList","@id":"https:\/\/medishop.az\/mehsul\/super-texas-d%c9%99ri-tibb-cantasi-qara\/#breadcrumb","itemListElement":[{"@type":"ListItem","position":1,"name":"\u018fsas","item":"https:\/\/medishop.az\/"},{"@type":"ListItem","position":2,"name":"Ma\u011faza","item":"https:\/\/medishop.az\/ru\/shop\/"},{"@type":"ListItem","position":3,"name":"&#8220;SUPER TEXAS D\u018fR\u0130&#8221; T\u0130BB \u00c7ANTASI &#8211; qara"}]},{"@type":"WebSite","@id":"https:\/\/medishop.az\/#website","url":"https:\/\/medishop.az\/","name":"Medishop","description":"Onlayn tibbi ma\u011faza","publisher":{"@id":"https:\/\/medishop.az\/#organization"},"potentialAction":[{"@type":"SearchAction","target":{"@type":"EntryPoint","urlTemplate":"https:\/\/medishop.az\/?s={search_term_string}"},"query-input":"required name=search_term_string"}],"inLanguage":"ru-RU"},{"@type":"Organization","@id":"https:\/\/medishop.az\/#organization","name":"Medishop","url":"https:\/\/medishop.az\/","logo":{"@type":"ImageObject","inLanguage":"ru-RU","@id":"https:\/\/medishop.az\/#\/schema\/logo\/image\/","url":"https:\/\/storage.googleapis.com\/stateless-medishop-az\/2022\/12\/logo.png","contentUrl":"https:\/\/storage.googleapis.com\/stateless-medishop-az\/2022\/12\/logo.png","width":300,"height":89,"caption":"Medishop"},"image":{"@id":"https:\/\/medishop.az\/#\/schema\/logo\/image\/"},"sameAs":["https:\/\/www.facebook.com\/medishop.azerbaijan"]}]}},"jetpack_sharing_enabled":true,"_links":{"self":[{"href":"https:\/\/medishop.az\/ru\/wp-json\/wp\/v2\/product\/3227","targetHints":{"allow":["GET"]}}],"collection":[{"href":"https:\/\/medishop.az\/ru\/wp-json\/wp\/v2\/product"}],"about":[{"href":"https:\/\/medishop.az\/ru\/wp-json\/wp\/v2\/types\/product"}],"wp:featuredmedia":[{"embeddable":true,"href":"https:\/\/medishop.az\/ru\/wp-json\/wp\/v2\/media\/3228"}],"wp:attachment":[{"href":"https:\/\/medishop.az\/ru\/wp-json\/wp\/v2\/media?parent=3227"}],"wp:term":[{"taxonomy":"product_cat","embeddable":true,"href":"https:\/\/medishop.az\/ru\/wp-json\/wp\/v2\/product_cat?post=3227"},{"taxonomy":"product_tag","embeddable":true,"href":"https:\/\/medishop.az\/ru\/wp-json\/wp\/v2\/product_tag?post=3227"}],"curies":[{"name":"wp","href":"https:\/\/api.w.org\/{rel}","templated":true}]}}