{"id":3213,"date":"2022-12-14T20:41:03","date_gmt":"2022-12-14T16:41:03","guid":{"rendered":"https:\/\/medishop.az\/?post_type=product&#038;p=3213"},"modified":"2023-01-03T19:11:38","modified_gmt":"2023-01-03T15:11:38","slug":"silos-2-rucksack-pvc-qirmizi","status":"publish","type":"product","link":"https:\/\/medishop.az\/ru\/mehsul\/silos-2-rucksack-pvc-qirmizi\/","title":{"rendered":"SILOS 2 \u0130lk yard\u0131m \u00e7antas\u0131 PVC &#8211; q\u0131rm\u0131z\u0131"},"content":{"rendered":"<p>SILOS-2 \u0130lk yard\u0131m \u00e7antas\u0131<\/p>\n<p>&#8211; PVC<\/p>\n<p>&#8211; q\u0131rm\u0131z\u0131<\/p>\n<p>&#8211; 38 x 24 x h 50 cm<\/p>\n<p>G\u00fccl\u00fc suya davaml\u0131 600D polyester PVC \u00f6rt\u00fckl\u00fc v\u0259 xarici PVC il\u0259 haz\u0131rlanm\u0131\u015f Professional rucksacks.<\/p>\n<p>&#8211; 4 \u015f\u0259ffaf cib v\u0259 bir \u00e7ox elastik zolaqla \u00e7\u0131xar\u0131la bil\u0259n kompartiya<\/p>\n<p>&#8211; m\u0259rk\u0259zi saxlama yeri 3 cibl\u0259, velcro strips v\u0259 elastic strips<\/p>\n<p>&#8211; iki xarici cibl\u0259r elastik zolaqlar v\u0259 velcro zolaqlar il\u0259 iki xarici cib: biri 35&#215;16 sm, biri 35&#215;32 sm il\u0259 4 daxili \u015f\u0259ffaf cibl\u0259r<\/p>\n<p>&#8211; rezin alt il\u0259 4 metr<\/p>\n<p>&#8211; iki \u00e7\u0131xar\u0131la bil\u0259n xarici plakalar \u00e7ap etm\u0259k \u00fc\u00e7\u00fcn ad<\/p>\n<p>&#8211; rahat arxa \u00e7iyin ipl\u0259ri v\u0259 h\u0259r iki t\u0259r\u0259fd\u0259n plastik sapla<\/p>","protected":false},"excerpt":{"rendered":"<p>SILOS-2 \u0130lk yard\u0131m \u00e7antas\u0131 &#8211; PVC &#8211; q\u0131rm\u0131z\u0131 &#8211; 38 x 24 x h 50 cm G\u00fccl\u00fc suya davaml\u0131 600D polyester PVC \u00f6rt\u00fckl\u00fc v\u0259 xarici PVC il\u0259 haz\u0131rlanm\u0131\u015f Professional rucksacks.<\/p>","protected":false},"featured_media":3214,"template":"","meta":[],"product_cat":[133,126],"product_tag":[168,359,217,351],"class_list":{"0":"post-3213","1":"product","2":"type-product","3":"status-publish","4":"has-post-thumbnail","6":"product_cat-ilk-yardim","7":"product_cat-tibbi-cihazlar","8":"product_tag-ilk-tibbi-yardim","9":"product_tag-ilk-yardim","10":"product_tag-ilk-yardim-cantasi","11":"product_tag-ilk-yardim-dsti","13":"first","14":"instock","15":"shipping-taxable","16":"purchasable","17":"product-type-simple"},"yoast_head":"<!-- This site is optimized with the Yoast SEO plugin v22.7 - https:\/\/yoast.com\/wordpress\/plugins\/seo\/ -->\n<title>SILOS 2 \u0130lk yard\u0131m \u00e7antas\u0131 PVC - q\u0131rm\u0131z\u0131 - Medishop<\/title>\n<meta name=\"robots\" content=\"index, follow, max-snippet:-1, max-image-preview:large, max-video-preview:-1\" \/>\n<link rel=\"canonical\" href=\"https:\/\/medishop.az\/ru\/mehsul\/silos-2-rucksack-pvc-qirmizi\/\" \/>\n<meta property=\"og:locale\" content=\"ru_RU\" \/>\n<meta property=\"og:type\" content=\"article\" \/>\n<meta property=\"og:title\" content=\"SILOS 2 \u0130lk yard\u0131m \u00e7antas\u0131 PVC - q\u0131rm\u0131z\u0131 - Medishop\" \/>\n<meta property=\"og:description\" content=\"SILOS-2 \u0130lk yard\u0131m \u00e7antas\u0131 &#8211; PVC &#8211; q\u0131rm\u0131z\u0131 &#8211; 38 x 24 x h 50 cm G\u00fccl\u00fc suya davaml\u0131 600D polyester PVC \u00f6rt\u00fckl\u00fc v\u0259 xarici PVC il\u0259 haz\u0131rlanm\u0131\u015f Professional rucksacks.\" \/>\n<meta property=\"og:url\" content=\"https:\/\/medishop.az\/ru\/mehsul\/silos-2-rucksack-pvc-qirmizi\/\" \/>\n<meta property=\"og:site_name\" content=\"Medishop\" \/>\n<meta property=\"article:publisher\" content=\"https:\/\/www.facebook.com\/medishop.azerbaijan\" \/>\n<meta property=\"article:modified_time\" content=\"2023-01-03T15:11:38+00:00\" \/>\n<meta property=\"og:image\" content=\"https:\/\/storage.googleapis.com\/stateless-medishop-az\/2022\/12\/SILOS-2-RUCKSACK-PVC-qirmizi.jpg\" \/>\n\t<meta property=\"og:image:width\" content=\"1000\" \/>\n\t<meta property=\"og:image:height\" content=\"1000\" \/>\n\t<meta property=\"og:image:type\" content=\"image\/jpeg\" \/>\n<meta name=\"twitter:card\" content=\"summary_large_image\" \/>\n<meta name=\"twitter:label1\" content=\"\u041f\u0440\u0438\u043c\u0435\u0440\u043d\u043e\u0435 \u0432\u0440\u0435\u043c\u044f \u0434\u043b\u044f \u0447\u0442\u0435\u043d\u0438\u044f\" \/>\n\t<meta name=\"twitter:data1\" content=\"1 \u043c\u0438\u043d\u0443\u0442\u0430\" \/>\n<script type=\"application\/ld+json\" class=\"yoast-schema-graph\">{\"@context\":\"https:\/\/schema.org\",\"@graph\":[{\"@type\":\"WebPage\",\"@id\":\"https:\/\/medishop.az\/mehsul\/silos-2-rucksack-pvc-qirmizi\/\",\"url\":\"https:\/\/medishop.az\/mehsul\/silos-2-rucksack-pvc-qirmizi\/\",\"name\":\"SILOS 2 \u0130lk yard\u0131m \u00e7antas\u0131 PVC - q\u0131rm\u0131z\u0131 - Medishop\",\"isPartOf\":{\"@id\":\"https:\/\/medishop.az\/#website\"},\"primaryImageOfPage\":{\"@id\":\"https:\/\/medishop.az\/mehsul\/silos-2-rucksack-pvc-qirmizi\/#primaryimage\"},\"image\":{\"@id\":\"https:\/\/medishop.az\/mehsul\/silos-2-rucksack-pvc-qirmizi\/#primaryimage\"},\"thumbnailUrl\":\"https:\/\/medishop.az\/wp-content\/uploads\/2022\/12\/SILOS-2-RUCKSACK-PVC-qirmizi.jpg\",\"datePublished\":\"2022-12-14T16:41:03+00:00\",\"dateModified\":\"2023-01-03T15:11:38+00:00\",\"breadcrumb\":{\"@id\":\"https:\/\/medishop.az\/mehsul\/silos-2-rucksack-pvc-qirmizi\/#breadcrumb\"},\"inLanguage\":\"ru-RU\",\"potentialAction\":[{\"@type\":\"ReadAction\",\"target\":[\"https:\/\/medishop.az\/mehsul\/silos-2-rucksack-pvc-qirmizi\/\"]}]},{\"@type\":\"ImageObject\",\"inLanguage\":\"ru-RU\",\"@id\":\"https:\/\/medishop.az\/mehsul\/silos-2-rucksack-pvc-qirmizi\/#primaryimage\",\"url\":\"https:\/\/medishop.az\/wp-content\/uploads\/2022\/12\/SILOS-2-RUCKSACK-PVC-qirmizi.jpg\",\"contentUrl\":\"https:\/\/medishop.az\/wp-content\/uploads\/2022\/12\/SILOS-2-RUCKSACK-PVC-qirmizi.jpg\",\"width\":1000,\"height\":1000},{\"@type\":\"BreadcrumbList\",\"@id\":\"https:\/\/medishop.az\/mehsul\/silos-2-rucksack-pvc-qirmizi\/#breadcrumb\",\"itemListElement\":[{\"@type\":\"ListItem\",\"position\":1,\"name\":\"\u018fsas\",\"item\":\"https:\/\/medishop.az\/\"},{\"@type\":\"ListItem\",\"position\":2,\"name\":\"Ma\u011faza\",\"item\":\"https:\/\/medishop.az\/ru\/shop\/\"},{\"@type\":\"ListItem\",\"position\":3,\"name\":\"SILOS 2 \u0130lk yard\u0131m \u00e7antas\u0131 PVC &#8211; q\u0131rm\u0131z\u0131\"}]},{\"@type\":\"WebSite\",\"@id\":\"https:\/\/medishop.az\/#website\",\"url\":\"https:\/\/medishop.az\/\",\"name\":\"Medishop\",\"description\":\"Onlayn tibbi ma\u011faza\",\"publisher\":{\"@id\":\"https:\/\/medishop.az\/#organization\"},\"potentialAction\":[{\"@type\":\"SearchAction\",\"target\":{\"@type\":\"EntryPoint\",\"urlTemplate\":\"https:\/\/medishop.az\/?s={search_term_string}\"},\"query-input\":\"required name=search_term_string\"}],\"inLanguage\":\"ru-RU\"},{\"@type\":\"Organization\",\"@id\":\"https:\/\/medishop.az\/#organization\",\"name\":\"Medishop\",\"url\":\"https:\/\/medishop.az\/\",\"logo\":{\"@type\":\"ImageObject\",\"inLanguage\":\"ru-RU\",\"@id\":\"https:\/\/medishop.az\/#\/schema\/logo\/image\/\",\"url\":\"https:\/\/storage.googleapis.com\/stateless-medishop-az\/2022\/12\/logo.png\",\"contentUrl\":\"https:\/\/storage.googleapis.com\/stateless-medishop-az\/2022\/12\/logo.png\",\"width\":300,\"height\":89,\"caption\":\"Medishop\"},\"image\":{\"@id\":\"https:\/\/medishop.az\/#\/schema\/logo\/image\/\"},\"sameAs\":[\"https:\/\/www.facebook.com\/medishop.azerbaijan\"]}]}<\/script>\n<!-- \/ Yoast SEO plugin. -->","yoast_head_json":{"title":"SILOS 2 \u0130lk yard\u0131m \u00e7antas\u0131 PVC - q\u0131rm\u0131z\u0131 - Medishop","robots":{"index":"index","follow":"follow","max-snippet":"max-snippet:-1","max-image-preview":"max-image-preview:large","max-video-preview":"max-video-preview:-1"},"canonical":"https:\/\/medishop.az\/ru\/mehsul\/silos-2-rucksack-pvc-qirmizi\/","og_locale":"ru_RU","og_type":"article","og_title":"SILOS 2 \u0130lk yard\u0131m \u00e7antas\u0131 PVC - q\u0131rm\u0131z\u0131 - Medishop","og_description":"SILOS-2 \u0130lk yard\u0131m \u00e7antas\u0131 &#8211; PVC &#8211; q\u0131rm\u0131z\u0131 &#8211; 38 x 24 x h 50 cm G\u00fccl\u00fc suya davaml\u0131 600D polyester PVC \u00f6rt\u00fckl\u00fc v\u0259 xarici PVC il\u0259 haz\u0131rlanm\u0131\u015f Professional rucksacks.","og_url":"https:\/\/medishop.az\/ru\/mehsul\/silos-2-rucksack-pvc-qirmizi\/","og_site_name":"Medishop","article_publisher":"https:\/\/www.facebook.com\/medishop.azerbaijan","article_modified_time":"2023-01-03T15:11:38+00:00","og_image":[{"width":1000,"height":1000,"url":"https:\/\/storage.googleapis.com\/stateless-medishop-az\/2022\/12\/SILOS-2-RUCKSACK-PVC-qirmizi.jpg","type":"image\/jpeg"}],"twitter_card":"summary_large_image","twitter_misc":{"\u041f\u0440\u0438\u043c\u0435\u0440\u043d\u043e\u0435 \u0432\u0440\u0435\u043c\u044f \u0434\u043b\u044f \u0447\u0442\u0435\u043d\u0438\u044f":"1 \u043c\u0438\u043d\u0443\u0442\u0430"},"schema":{"@context":"https:\/\/schema.org","@graph":[{"@type":"WebPage","@id":"https:\/\/medishop.az\/mehsul\/silos-2-rucksack-pvc-qirmizi\/","url":"https:\/\/medishop.az\/mehsul\/silos-2-rucksack-pvc-qirmizi\/","name":"SILOS 2 \u0130lk yard\u0131m \u00e7antas\u0131 PVC - q\u0131rm\u0131z\u0131 - Medishop","isPartOf":{"@id":"https:\/\/medishop.az\/#website"},"primaryImageOfPage":{"@id":"https:\/\/medishop.az\/mehsul\/silos-2-rucksack-pvc-qirmizi\/#primaryimage"},"image":{"@id":"https:\/\/medishop.az\/mehsul\/silos-2-rucksack-pvc-qirmizi\/#primaryimage"},"thumbnailUrl":"https:\/\/medishop.az\/wp-content\/uploads\/2022\/12\/SILOS-2-RUCKSACK-PVC-qirmizi.jpg","datePublished":"2022-12-14T16:41:03+00:00","dateModified":"2023-01-03T15:11:38+00:00","breadcrumb":{"@id":"https:\/\/medishop.az\/mehsul\/silos-2-rucksack-pvc-qirmizi\/#breadcrumb"},"inLanguage":"ru-RU","potentialAction":[{"@type":"ReadAction","target":["https:\/\/medishop.az\/mehsul\/silos-2-rucksack-pvc-qirmizi\/"]}]},{"@type":"ImageObject","inLanguage":"ru-RU","@id":"https:\/\/medishop.az\/mehsul\/silos-2-rucksack-pvc-qirmizi\/#primaryimage","url":"https:\/\/medishop.az\/wp-content\/uploads\/2022\/12\/SILOS-2-RUCKSACK-PVC-qirmizi.jpg","contentUrl":"https:\/\/medishop.az\/wp-content\/uploads\/2022\/12\/SILOS-2-RUCKSACK-PVC-qirmizi.jpg","width":1000,"height":1000},{"@type":"BreadcrumbList","@id":"https:\/\/medishop.az\/mehsul\/silos-2-rucksack-pvc-qirmizi\/#breadcrumb","itemListElement":[{"@type":"ListItem","position":1,"name":"\u018fsas","item":"https:\/\/medishop.az\/"},{"@type":"ListItem","position":2,"name":"Ma\u011faza","item":"https:\/\/medishop.az\/ru\/shop\/"},{"@type":"ListItem","position":3,"name":"SILOS 2 \u0130lk yard\u0131m \u00e7antas\u0131 PVC &#8211; q\u0131rm\u0131z\u0131"}]},{"@type":"WebSite","@id":"https:\/\/medishop.az\/#website","url":"https:\/\/medishop.az\/","name":"Medishop","description":"Onlayn tibbi ma\u011faza","publisher":{"@id":"https:\/\/medishop.az\/#organization"},"potentialAction":[{"@type":"SearchAction","target":{"@type":"EntryPoint","urlTemplate":"https:\/\/medishop.az\/?s={search_term_string}"},"query-input":"required name=search_term_string"}],"inLanguage":"ru-RU"},{"@type":"Organization","@id":"https:\/\/medishop.az\/#organization","name":"Medishop","url":"https:\/\/medishop.az\/","logo":{"@type":"ImageObject","inLanguage":"ru-RU","@id":"https:\/\/medishop.az\/#\/schema\/logo\/image\/","url":"https:\/\/storage.googleapis.com\/stateless-medishop-az\/2022\/12\/logo.png","contentUrl":"https:\/\/storage.googleapis.com\/stateless-medishop-az\/2022\/12\/logo.png","width":300,"height":89,"caption":"Medishop"},"image":{"@id":"https:\/\/medishop.az\/#\/schema\/logo\/image\/"},"sameAs":["https:\/\/www.facebook.com\/medishop.azerbaijan"]}]}},"jetpack_sharing_enabled":true,"_links":{"self":[{"href":"https:\/\/medishop.az\/ru\/wp-json\/wp\/v2\/product\/3213","targetHints":{"allow":["GET"]}}],"collection":[{"href":"https:\/\/medishop.az\/ru\/wp-json\/wp\/v2\/product"}],"about":[{"href":"https:\/\/medishop.az\/ru\/wp-json\/wp\/v2\/types\/product"}],"wp:featuredmedia":[{"embeddable":true,"href":"https:\/\/medishop.az\/ru\/wp-json\/wp\/v2\/media\/3214"}],"wp:attachment":[{"href":"https:\/\/medishop.az\/ru\/wp-json\/wp\/v2\/media?parent=3213"}],"wp:term":[{"taxonomy":"product_cat","embeddable":true,"href":"https:\/\/medishop.az\/ru\/wp-json\/wp\/v2\/product_cat?post=3213"},{"taxonomy":"product_tag","embeddable":true,"href":"https:\/\/medishop.az\/ru\/wp-json\/wp\/v2\/product_tag?post=3213"}],"curies":[{"name":"wp","href":"https:\/\/api.w.org\/{rel}","templated":true}]}}