{"id":3207,"date":"2022-12-14T20:38:40","date_gmt":"2022-12-14T16:38:40","guid":{"rendered":"https:\/\/medishop.az\/?post_type=product&#038;p=3207"},"modified":"2023-01-08T21:02:22","modified_gmt":"2023-01-08T17:02:22","slug":"smart-canta-pvc-ortuklu-orta-qirmizi","status":"publish","type":"product","link":"https:\/\/medishop.az\/ru\/mehsul\/smart-canta-pvc-ortuklu-orta-qirmizi\/","title":{"rendered":"SMART \u00c7ANTA PVC \u00f6rt\u00fckl\u00fc- orta &#8211; q\u0131rm\u0131z\u0131"},"content":{"rendered":"<p>Polyester PVC-d\u0259 a\u011f\u0131ll\u0131 \u00e7anta &#8211; bo\u015f<\/p>\n<p>\u2022 Polyester PVC tarpaulin<br \/>\n\u2022 Model: orta<br \/>\n\u2022 R\u0259ng: q\u0131rm\u0131z\u0131<br \/>\n\u2022 \u00d6l\u00e7\u00fcs\u00fc: 55 x 35 x h 38 sm<br \/>\n\u2022 Daxili modulyar bo\u015fluqlar: 6<br \/>\n\u2022 Xarici cibl\u0259r: 5<\/p>\n<p>Professional t\u0259cili \u00e7antalar son d\u0259r\u0259c\u0259 kapasitli daxili d\u00fcz\u0259li\u015f edil\u0259 bil\u0259n kompamentl\u0259rl\u0259, hans\u0131lar ki, bo\u015flu\u011fun personaliz\u0259 olunmu\u015f t\u0259\u015fkilin\u0259 icaz\u0259 verir. Xarici cibl\u0259rl\u0259, daxili b\u00f6lm\u0259l\u0259rl\u0259 v\u0259 \u015f\u0259ffaf p\u0259nc\u0259r\u0259 il\u0259 bir \u00e7\u0131xar\u0131la bil\u0259n po\u015fla<br \/>\nt\u0259min olunur.<br \/>\n\u00c7antalar xaricd\u0259n soyuq m\u00fcqavim\u0259tli PVC tarpaulind\u0259n haz\u0131rlan\u0131r.<br \/>\nB\u00fct\u00fcn \u00e7antalar daxili olaraq 600D polyester PVC \u00f6rt\u00fckl\u00fc haz\u0131rlan\u0131r. \u0130kiqat sar\u0131 r\u0259ngli refltiv zolaqlarla<br \/>\nt\u0259min edilir.<br \/>\nDaxili astar asan t\u0259mizl\u0259m\u0259 \u00fc\u00e7\u00fcn \u00e7\u0131xar\u0131la bil\u0259r.<br \/>\nSuya infiltratrasiyan\u0131n qar\u015f\u0131s\u0131n\u0131 almaq \u00fc\u00e7\u00fcn su ke\u00e7irm\u0259z kau\u00e7uk dibi.<\/p>","protected":false},"excerpt":{"rendered":"<p>Polyester PVC-d\u0259 a\u011f\u0131ll\u0131 \u00e7anta &#8211; bo\u015f \u2022 Polyester PVC tarpaulin \u2022 Model: orta \u2022 R\u0259ng: q\u0131rm\u0131z\u0131 \u2022 \u00d6l\u00e7\u00fcs\u00fc: 55 x 35 x h 38 sm \u2022 Daxili modulyar bo\u015fluqlar: 6<\/p>","protected":false},"featured_media":3208,"template":"","meta":[],"product_cat":[133,126],"product_tag":[168,359,217,351,350],"class_list":{"0":"post-3207","1":"product","2":"type-product","3":"status-publish","4":"has-post-thumbnail","6":"product_cat-ilk-yardim","7":"product_cat-tibbi-cihazlar","8":"product_tag-ilk-tibbi-yardim","9":"product_tag-ilk-yardim","10":"product_tag-ilk-yardim-cantasi","11":"product_tag-ilk-yardim-dsti","12":"product_tag-ilk-yardim-dsti-almaq","14":"first","15":"instock","16":"shipping-taxable","17":"purchasable","18":"product-type-simple"},"yoast_head":"<!-- This site is optimized with the Yoast SEO plugin v22.7 - https:\/\/yoast.com\/wordpress\/plugins\/seo\/ -->\n<title>SMART \u00c7ANTA PVC \u00f6rt\u00fckl\u00fc- orta - q\u0131rm\u0131z\u0131 - Medishop<\/title>\n<meta name=\"robots\" content=\"index, follow, max-snippet:-1, max-image-preview:large, max-video-preview:-1\" \/>\n<link rel=\"canonical\" href=\"https:\/\/medishop.az\/ru\/mehsul\/smart-canta-pvc-ortuklu-orta-qirmizi\/\" \/>\n<meta property=\"og:locale\" content=\"ru_RU\" \/>\n<meta property=\"og:type\" content=\"article\" \/>\n<meta property=\"og:title\" content=\"SMART \u00c7ANTA PVC \u00f6rt\u00fckl\u00fc- orta - q\u0131rm\u0131z\u0131 - Medishop\" \/>\n<meta property=\"og:description\" content=\"Polyester PVC-d\u0259 a\u011f\u0131ll\u0131 \u00e7anta &#8211; bo\u015f \u2022 Polyester PVC tarpaulin \u2022 Model: orta \u2022 R\u0259ng: q\u0131rm\u0131z\u0131 \u2022 \u00d6l\u00e7\u00fcs\u00fc: 55 x 35 x h 38 sm \u2022 Daxili modulyar bo\u015fluqlar: 6\" \/>\n<meta property=\"og:url\" content=\"https:\/\/medishop.az\/ru\/mehsul\/smart-canta-pvc-ortuklu-orta-qirmizi\/\" \/>\n<meta property=\"og:site_name\" content=\"Medishop\" \/>\n<meta property=\"article:publisher\" content=\"https:\/\/www.facebook.com\/medishop.azerbaijan\" \/>\n<meta property=\"article:modified_time\" content=\"2023-01-08T17:02:22+00:00\" \/>\n<meta property=\"og:image\" content=\"https:\/\/storage.googleapis.com\/stateless-medishop-az\/2022\/12\/SMART-BAG-PVC-ortuklu-orta-qirmizi.jpg\" \/>\n\t<meta property=\"og:image:width\" content=\"1000\" \/>\n\t<meta property=\"og:image:height\" content=\"1000\" \/>\n\t<meta property=\"og:image:type\" content=\"image\/jpeg\" \/>\n<meta name=\"twitter:card\" content=\"summary_large_image\" \/>\n<meta name=\"twitter:label1\" content=\"\u041f\u0440\u0438\u043c\u0435\u0440\u043d\u043e\u0435 \u0432\u0440\u0435\u043c\u044f \u0434\u043b\u044f \u0447\u0442\u0435\u043d\u0438\u044f\" \/>\n\t<meta name=\"twitter:data1\" content=\"1 \u043c\u0438\u043d\u0443\u0442\u0430\" \/>\n<script type=\"application\/ld+json\" class=\"yoast-schema-graph\">{\"@context\":\"https:\/\/schema.org\",\"@graph\":[{\"@type\":\"WebPage\",\"@id\":\"https:\/\/medishop.az\/mehsul\/smart-canta-pvc-ortuklu-orta-qirmizi\/\",\"url\":\"https:\/\/medishop.az\/mehsul\/smart-canta-pvc-ortuklu-orta-qirmizi\/\",\"name\":\"SMART \u00c7ANTA PVC \u00f6rt\u00fckl\u00fc- orta - q\u0131rm\u0131z\u0131 - Medishop\",\"isPartOf\":{\"@id\":\"https:\/\/medishop.az\/#website\"},\"primaryImageOfPage\":{\"@id\":\"https:\/\/medishop.az\/mehsul\/smart-canta-pvc-ortuklu-orta-qirmizi\/#primaryimage\"},\"image\":{\"@id\":\"https:\/\/medishop.az\/mehsul\/smart-canta-pvc-ortuklu-orta-qirmizi\/#primaryimage\"},\"thumbnailUrl\":\"https:\/\/medishop.az\/wp-content\/uploads\/2022\/12\/SMART-BAG-PVC-ortuklu-orta-qirmizi.jpg\",\"datePublished\":\"2022-12-14T16:38:40+00:00\",\"dateModified\":\"2023-01-08T17:02:22+00:00\",\"breadcrumb\":{\"@id\":\"https:\/\/medishop.az\/mehsul\/smart-canta-pvc-ortuklu-orta-qirmizi\/#breadcrumb\"},\"inLanguage\":\"ru-RU\",\"potentialAction\":[{\"@type\":\"ReadAction\",\"target\":[\"https:\/\/medishop.az\/mehsul\/smart-canta-pvc-ortuklu-orta-qirmizi\/\"]}]},{\"@type\":\"ImageObject\",\"inLanguage\":\"ru-RU\",\"@id\":\"https:\/\/medishop.az\/mehsul\/smart-canta-pvc-ortuklu-orta-qirmizi\/#primaryimage\",\"url\":\"https:\/\/medishop.az\/wp-content\/uploads\/2022\/12\/SMART-BAG-PVC-ortuklu-orta-qirmizi.jpg\",\"contentUrl\":\"https:\/\/medishop.az\/wp-content\/uploads\/2022\/12\/SMART-BAG-PVC-ortuklu-orta-qirmizi.jpg\",\"width\":1000,\"height\":1000},{\"@type\":\"BreadcrumbList\",\"@id\":\"https:\/\/medishop.az\/mehsul\/smart-canta-pvc-ortuklu-orta-qirmizi\/#breadcrumb\",\"itemListElement\":[{\"@type\":\"ListItem\",\"position\":1,\"name\":\"\u018fsas\",\"item\":\"https:\/\/medishop.az\/\"},{\"@type\":\"ListItem\",\"position\":2,\"name\":\"Ma\u011faza\",\"item\":\"https:\/\/medishop.az\/ru\/shop\/\"},{\"@type\":\"ListItem\",\"position\":3,\"name\":\"SMART \u00c7ANTA PVC \u00f6rt\u00fckl\u00fc- orta &#8211; q\u0131rm\u0131z\u0131\"}]},{\"@type\":\"WebSite\",\"@id\":\"https:\/\/medishop.az\/#website\",\"url\":\"https:\/\/medishop.az\/\",\"name\":\"Medishop\",\"description\":\"Onlayn tibbi ma\u011faza\",\"publisher\":{\"@id\":\"https:\/\/medishop.az\/#organization\"},\"potentialAction\":[{\"@type\":\"SearchAction\",\"target\":{\"@type\":\"EntryPoint\",\"urlTemplate\":\"https:\/\/medishop.az\/?s={search_term_string}\"},\"query-input\":\"required name=search_term_string\"}],\"inLanguage\":\"ru-RU\"},{\"@type\":\"Organization\",\"@id\":\"https:\/\/medishop.az\/#organization\",\"name\":\"Medishop\",\"url\":\"https:\/\/medishop.az\/\",\"logo\":{\"@type\":\"ImageObject\",\"inLanguage\":\"ru-RU\",\"@id\":\"https:\/\/medishop.az\/#\/schema\/logo\/image\/\",\"url\":\"https:\/\/storage.googleapis.com\/stateless-medishop-az\/2022\/12\/logo.png\",\"contentUrl\":\"https:\/\/storage.googleapis.com\/stateless-medishop-az\/2022\/12\/logo.png\",\"width\":300,\"height\":89,\"caption\":\"Medishop\"},\"image\":{\"@id\":\"https:\/\/medishop.az\/#\/schema\/logo\/image\/\"},\"sameAs\":[\"https:\/\/www.facebook.com\/medishop.azerbaijan\"]}]}<\/script>\n<!-- \/ Yoast SEO plugin. -->","yoast_head_json":{"title":"SMART \u00c7ANTA PVC \u00f6rt\u00fckl\u00fc- orta - q\u0131rm\u0131z\u0131 - Medishop","robots":{"index":"index","follow":"follow","max-snippet":"max-snippet:-1","max-image-preview":"max-image-preview:large","max-video-preview":"max-video-preview:-1"},"canonical":"https:\/\/medishop.az\/ru\/mehsul\/smart-canta-pvc-ortuklu-orta-qirmizi\/","og_locale":"ru_RU","og_type":"article","og_title":"SMART \u00c7ANTA PVC \u00f6rt\u00fckl\u00fc- orta - q\u0131rm\u0131z\u0131 - Medishop","og_description":"Polyester PVC-d\u0259 a\u011f\u0131ll\u0131 \u00e7anta &#8211; bo\u015f \u2022 Polyester PVC tarpaulin \u2022 Model: orta \u2022 R\u0259ng: q\u0131rm\u0131z\u0131 \u2022 \u00d6l\u00e7\u00fcs\u00fc: 55 x 35 x h 38 sm \u2022 Daxili modulyar bo\u015fluqlar: 6","og_url":"https:\/\/medishop.az\/ru\/mehsul\/smart-canta-pvc-ortuklu-orta-qirmizi\/","og_site_name":"Medishop","article_publisher":"https:\/\/www.facebook.com\/medishop.azerbaijan","article_modified_time":"2023-01-08T17:02:22+00:00","og_image":[{"width":1000,"height":1000,"url":"https:\/\/storage.googleapis.com\/stateless-medishop-az\/2022\/12\/SMART-BAG-PVC-ortuklu-orta-qirmizi.jpg","type":"image\/jpeg"}],"twitter_card":"summary_large_image","twitter_misc":{"\u041f\u0440\u0438\u043c\u0435\u0440\u043d\u043e\u0435 \u0432\u0440\u0435\u043c\u044f \u0434\u043b\u044f \u0447\u0442\u0435\u043d\u0438\u044f":"1 \u043c\u0438\u043d\u0443\u0442\u0430"},"schema":{"@context":"https:\/\/schema.org","@graph":[{"@type":"WebPage","@id":"https:\/\/medishop.az\/mehsul\/smart-canta-pvc-ortuklu-orta-qirmizi\/","url":"https:\/\/medishop.az\/mehsul\/smart-canta-pvc-ortuklu-orta-qirmizi\/","name":"SMART \u00c7ANTA PVC \u00f6rt\u00fckl\u00fc- orta - q\u0131rm\u0131z\u0131 - Medishop","isPartOf":{"@id":"https:\/\/medishop.az\/#website"},"primaryImageOfPage":{"@id":"https:\/\/medishop.az\/mehsul\/smart-canta-pvc-ortuklu-orta-qirmizi\/#primaryimage"},"image":{"@id":"https:\/\/medishop.az\/mehsul\/smart-canta-pvc-ortuklu-orta-qirmizi\/#primaryimage"},"thumbnailUrl":"https:\/\/medishop.az\/wp-content\/uploads\/2022\/12\/SMART-BAG-PVC-ortuklu-orta-qirmizi.jpg","datePublished":"2022-12-14T16:38:40+00:00","dateModified":"2023-01-08T17:02:22+00:00","breadcrumb":{"@id":"https:\/\/medishop.az\/mehsul\/smart-canta-pvc-ortuklu-orta-qirmizi\/#breadcrumb"},"inLanguage":"ru-RU","potentialAction":[{"@type":"ReadAction","target":["https:\/\/medishop.az\/mehsul\/smart-canta-pvc-ortuklu-orta-qirmizi\/"]}]},{"@type":"ImageObject","inLanguage":"ru-RU","@id":"https:\/\/medishop.az\/mehsul\/smart-canta-pvc-ortuklu-orta-qirmizi\/#primaryimage","url":"https:\/\/medishop.az\/wp-content\/uploads\/2022\/12\/SMART-BAG-PVC-ortuklu-orta-qirmizi.jpg","contentUrl":"https:\/\/medishop.az\/wp-content\/uploads\/2022\/12\/SMART-BAG-PVC-ortuklu-orta-qirmizi.jpg","width":1000,"height":1000},{"@type":"BreadcrumbList","@id":"https:\/\/medishop.az\/mehsul\/smart-canta-pvc-ortuklu-orta-qirmizi\/#breadcrumb","itemListElement":[{"@type":"ListItem","position":1,"name":"\u018fsas","item":"https:\/\/medishop.az\/"},{"@type":"ListItem","position":2,"name":"Ma\u011faza","item":"https:\/\/medishop.az\/ru\/shop\/"},{"@type":"ListItem","position":3,"name":"SMART \u00c7ANTA PVC \u00f6rt\u00fckl\u00fc- orta &#8211; q\u0131rm\u0131z\u0131"}]},{"@type":"WebSite","@id":"https:\/\/medishop.az\/#website","url":"https:\/\/medishop.az\/","name":"Medishop","description":"Onlayn tibbi ma\u011faza","publisher":{"@id":"https:\/\/medishop.az\/#organization"},"potentialAction":[{"@type":"SearchAction","target":{"@type":"EntryPoint","urlTemplate":"https:\/\/medishop.az\/?s={search_term_string}"},"query-input":"required name=search_term_string"}],"inLanguage":"ru-RU"},{"@type":"Organization","@id":"https:\/\/medishop.az\/#organization","name":"Medishop","url":"https:\/\/medishop.az\/","logo":{"@type":"ImageObject","inLanguage":"ru-RU","@id":"https:\/\/medishop.az\/#\/schema\/logo\/image\/","url":"https:\/\/storage.googleapis.com\/stateless-medishop-az\/2022\/12\/logo.png","contentUrl":"https:\/\/storage.googleapis.com\/stateless-medishop-az\/2022\/12\/logo.png","width":300,"height":89,"caption":"Medishop"},"image":{"@id":"https:\/\/medishop.az\/#\/schema\/logo\/image\/"},"sameAs":["https:\/\/www.facebook.com\/medishop.azerbaijan"]}]}},"jetpack_sharing_enabled":true,"_links":{"self":[{"href":"https:\/\/medishop.az\/ru\/wp-json\/wp\/v2\/product\/3207","targetHints":{"allow":["GET"]}}],"collection":[{"href":"https:\/\/medishop.az\/ru\/wp-json\/wp\/v2\/product"}],"about":[{"href":"https:\/\/medishop.az\/ru\/wp-json\/wp\/v2\/types\/product"}],"wp:featuredmedia":[{"embeddable":true,"href":"https:\/\/medishop.az\/ru\/wp-json\/wp\/v2\/media\/3208"}],"wp:attachment":[{"href":"https:\/\/medishop.az\/ru\/wp-json\/wp\/v2\/media?parent=3207"}],"wp:term":[{"taxonomy":"product_cat","embeddable":true,"href":"https:\/\/medishop.az\/ru\/wp-json\/wp\/v2\/product_cat?post=3207"},{"taxonomy":"product_tag","embeddable":true,"href":"https:\/\/medishop.az\/ru\/wp-json\/wp\/v2\/product_tag?post=3207"}],"curies":[{"name":"wp","href":"https:\/\/api.w.org\/{rel}","templated":true}]}}