{"id":3174,"date":"2022-12-14T20:15:58","date_gmt":"2022-12-14T16:15:58","guid":{"rendered":"https:\/\/medishop.az\/?post_type=product&#038;p=3174"},"modified":"2023-01-08T13:39:08","modified_gmt":"2023-01-08T09:39:08","slug":"ilk-yardim-cantasi-pvc-ortuklu-qirmizi","status":"publish","type":"product","link":"https:\/\/medishop.az\/ru\/mehsul\/ilk-yardim-cantasi-pvc-ortuklu-qirmizi\/","title":{"rendered":"\u0130lk yard\u0131m \u00e7antas\u0131 pvc \u00f6rt\u00fckl\u00fc &#8211; q\u0131rm\u0131z\u0131"},"content":{"rendered":"<p>\u0130lk yard\u0131m \u00e7antas\u0131<\/p>\n<p>&#8211; PVC<\/p>\n<p>&#8211; q\u0131rm\u0131z\u0131<\/p>\n<p>&#8211; 35 x 45 x h 21 sm<\/p>\n<p>Kapacious \u00e7anta, kompakt \u00f6l\u00e7\u00fcs\u00fcn\u0259 baxmayaraq.<\/p>\n<p>B\u00f6y\u00fck m\u0259rk\u0259zi kompament, 1 \u00f6n v\u0259 3 lateral cib. \u00c7iyin (qolbaq) v\u0259 ya \u0259ll\u0259 (2 qol) apar\u0131la<\/p>\n<p>bil\u0259r. PVC qatran\u0131nda<\/p>\n<p>haz\u0131rlanm\u0131\u015fd\u0131r. Sar\u0131 refltiv zolaqlar v\u0259 rezin altl\u0131qlarla<\/p>\n<p>t\u0259min edilir.<\/p>\n<p>2 \u0259d\u0259d lateral cib 22&#215;18 sm v\u0259 11&#215;18 sm<\/p>\n<p>Lateral cib 32&#215;18 sm<\/p>\n<p>\u00d6n cib 35&#215;20 sm<\/p>","protected":false},"excerpt":{"rendered":"<p>\u0130lk yard\u0131m \u00e7antas\u0131 &#8211; PVC &#8211; q\u0131rm\u0131z\u0131 &#8211; 35 x 45 x h 21 sm Kapacious \u00e7anta, kompakt \u00f6l\u00e7\u00fcs\u00fcn\u0259 baxmayaraq. B\u00f6y\u00fck m\u0259rk\u0259zi kompament, 1 \u00f6n v\u0259 3 lateral cib. \u00c7iyin<\/p>","protected":false},"featured_media":3177,"template":"","meta":[],"product_cat":[133,126],"product_tag":[168,359,217,351],"class_list":{"0":"post-3174","1":"product","2":"type-product","3":"status-publish","4":"has-post-thumbnail","6":"product_cat-ilk-yardim","7":"product_cat-tibbi-cihazlar","8":"product_tag-ilk-tibbi-yardim","9":"product_tag-ilk-yardim","10":"product_tag-ilk-yardim-cantasi","11":"product_tag-ilk-yardim-dsti","13":"first","14":"instock","15":"shipping-taxable","16":"purchasable","17":"product-type-simple"},"yoast_head":"<!-- This site is optimized with the Yoast SEO plugin v22.7 - https:\/\/yoast.com\/wordpress\/plugins\/seo\/ -->\n<title>\u0130lk yard\u0131m \u00e7antas\u0131 pvc \u00f6rt\u00fckl\u00fc - q\u0131rm\u0131z\u0131 - Medishop<\/title>\n<meta name=\"robots\" content=\"index, follow, max-snippet:-1, max-image-preview:large, max-video-preview:-1\" \/>\n<link rel=\"canonical\" href=\"https:\/\/medishop.az\/ru\/mehsul\/ilk-yardim-cantasi-pvc-ortuklu-qirmizi\/\" \/>\n<meta property=\"og:locale\" content=\"ru_RU\" \/>\n<meta property=\"og:type\" content=\"article\" \/>\n<meta property=\"og:title\" content=\"\u0130lk yard\u0131m \u00e7antas\u0131 pvc \u00f6rt\u00fckl\u00fc - q\u0131rm\u0131z\u0131 - Medishop\" \/>\n<meta property=\"og:description\" content=\"\u0130lk yard\u0131m \u00e7antas\u0131 &#8211; PVC &#8211; q\u0131rm\u0131z\u0131 &#8211; 35 x 45 x h 21 sm Kapacious \u00e7anta, kompakt \u00f6l\u00e7\u00fcs\u00fcn\u0259 baxmayaraq. B\u00f6y\u00fck m\u0259rk\u0259zi kompament, 1 \u00f6n v\u0259 3 lateral cib. \u00c7iyin\" \/>\n<meta property=\"og:url\" content=\"https:\/\/medishop.az\/ru\/mehsul\/ilk-yardim-cantasi-pvc-ortuklu-qirmizi\/\" \/>\n<meta property=\"og:site_name\" content=\"Medishop\" \/>\n<meta property=\"article:publisher\" content=\"https:\/\/www.facebook.com\/medishop.azerbaijan\" \/>\n<meta property=\"article:modified_time\" content=\"2023-01-08T09:39:08+00:00\" \/>\n<meta property=\"og:image\" content=\"https:\/\/storage.googleapis.com\/stateless-medishop-az\/2022\/12\/T\u018fCILI-BAG-PVC-ortuklu-qirmizi.jpg\" \/>\n\t<meta property=\"og:image:width\" content=\"1000\" \/>\n\t<meta property=\"og:image:height\" content=\"1000\" \/>\n\t<meta property=\"og:image:type\" content=\"image\/jpeg\" \/>\n<meta name=\"twitter:card\" content=\"summary_large_image\" \/>\n<script type=\"application\/ld+json\" class=\"yoast-schema-graph\">{\"@context\":\"https:\/\/schema.org\",\"@graph\":[{\"@type\":\"WebPage\",\"@id\":\"https:\/\/medishop.az\/mehsul\/ilk-yardim-cantasi-pvc-ortuklu-qirmizi\/\",\"url\":\"https:\/\/medishop.az\/mehsul\/ilk-yardim-cantasi-pvc-ortuklu-qirmizi\/\",\"name\":\"\u0130lk yard\u0131m \u00e7antas\u0131 pvc \u00f6rt\u00fckl\u00fc - q\u0131rm\u0131z\u0131 - Medishop\",\"isPartOf\":{\"@id\":\"https:\/\/medishop.az\/#website\"},\"primaryImageOfPage\":{\"@id\":\"https:\/\/medishop.az\/mehsul\/ilk-yardim-cantasi-pvc-ortuklu-qirmizi\/#primaryimage\"},\"image\":{\"@id\":\"https:\/\/medishop.az\/mehsul\/ilk-yardim-cantasi-pvc-ortuklu-qirmizi\/#primaryimage\"},\"thumbnailUrl\":\"https:\/\/medishop.az\/wp-content\/uploads\/2022\/12\/T\u018fCILI-BAG-PVC-ortuklu-qirmizi.jpg\",\"datePublished\":\"2022-12-14T16:15:58+00:00\",\"dateModified\":\"2023-01-08T09:39:08+00:00\",\"breadcrumb\":{\"@id\":\"https:\/\/medishop.az\/mehsul\/ilk-yardim-cantasi-pvc-ortuklu-qirmizi\/#breadcrumb\"},\"inLanguage\":\"ru-RU\",\"potentialAction\":[{\"@type\":\"ReadAction\",\"target\":[\"https:\/\/medishop.az\/mehsul\/ilk-yardim-cantasi-pvc-ortuklu-qirmizi\/\"]}]},{\"@type\":\"ImageObject\",\"inLanguage\":\"ru-RU\",\"@id\":\"https:\/\/medishop.az\/mehsul\/ilk-yardim-cantasi-pvc-ortuklu-qirmizi\/#primaryimage\",\"url\":\"https:\/\/medishop.az\/wp-content\/uploads\/2022\/12\/T\u018fCILI-BAG-PVC-ortuklu-qirmizi.jpg\",\"contentUrl\":\"https:\/\/medishop.az\/wp-content\/uploads\/2022\/12\/T\u018fCILI-BAG-PVC-ortuklu-qirmizi.jpg\",\"width\":1000,\"height\":1000},{\"@type\":\"BreadcrumbList\",\"@id\":\"https:\/\/medishop.az\/mehsul\/ilk-yardim-cantasi-pvc-ortuklu-qirmizi\/#breadcrumb\",\"itemListElement\":[{\"@type\":\"ListItem\",\"position\":1,\"name\":\"\u018fsas\",\"item\":\"https:\/\/medishop.az\/\"},{\"@type\":\"ListItem\",\"position\":2,\"name\":\"Ma\u011faza\",\"item\":\"https:\/\/medishop.az\/ru\/shop\/\"},{\"@type\":\"ListItem\",\"position\":3,\"name\":\"\u0130lk yard\u0131m \u00e7antas\u0131 pvc \u00f6rt\u00fckl\u00fc &#8211; q\u0131rm\u0131z\u0131\"}]},{\"@type\":\"WebSite\",\"@id\":\"https:\/\/medishop.az\/#website\",\"url\":\"https:\/\/medishop.az\/\",\"name\":\"Medishop\",\"description\":\"Onlayn tibbi ma\u011faza\",\"publisher\":{\"@id\":\"https:\/\/medishop.az\/#organization\"},\"potentialAction\":[{\"@type\":\"SearchAction\",\"target\":{\"@type\":\"EntryPoint\",\"urlTemplate\":\"https:\/\/medishop.az\/?s={search_term_string}\"},\"query-input\":\"required name=search_term_string\"}],\"inLanguage\":\"ru-RU\"},{\"@type\":\"Organization\",\"@id\":\"https:\/\/medishop.az\/#organization\",\"name\":\"Medishop\",\"url\":\"https:\/\/medishop.az\/\",\"logo\":{\"@type\":\"ImageObject\",\"inLanguage\":\"ru-RU\",\"@id\":\"https:\/\/medishop.az\/#\/schema\/logo\/image\/\",\"url\":\"https:\/\/storage.googleapis.com\/stateless-medishop-az\/2022\/12\/logo.png\",\"contentUrl\":\"https:\/\/storage.googleapis.com\/stateless-medishop-az\/2022\/12\/logo.png\",\"width\":300,\"height\":89,\"caption\":\"Medishop\"},\"image\":{\"@id\":\"https:\/\/medishop.az\/#\/schema\/logo\/image\/\"},\"sameAs\":[\"https:\/\/www.facebook.com\/medishop.azerbaijan\"]}]}<\/script>\n<!-- \/ Yoast SEO plugin. -->","yoast_head_json":{"title":"\u0130lk yard\u0131m \u00e7antas\u0131 pvc \u00f6rt\u00fckl\u00fc - q\u0131rm\u0131z\u0131 - Medishop","robots":{"index":"index","follow":"follow","max-snippet":"max-snippet:-1","max-image-preview":"max-image-preview:large","max-video-preview":"max-video-preview:-1"},"canonical":"https:\/\/medishop.az\/ru\/mehsul\/ilk-yardim-cantasi-pvc-ortuklu-qirmizi\/","og_locale":"ru_RU","og_type":"article","og_title":"\u0130lk yard\u0131m \u00e7antas\u0131 pvc \u00f6rt\u00fckl\u00fc - q\u0131rm\u0131z\u0131 - Medishop","og_description":"\u0130lk yard\u0131m \u00e7antas\u0131 &#8211; PVC &#8211; q\u0131rm\u0131z\u0131 &#8211; 35 x 45 x h 21 sm Kapacious \u00e7anta, kompakt \u00f6l\u00e7\u00fcs\u00fcn\u0259 baxmayaraq. B\u00f6y\u00fck m\u0259rk\u0259zi kompament, 1 \u00f6n v\u0259 3 lateral cib. \u00c7iyin","og_url":"https:\/\/medishop.az\/ru\/mehsul\/ilk-yardim-cantasi-pvc-ortuklu-qirmizi\/","og_site_name":"Medishop","article_publisher":"https:\/\/www.facebook.com\/medishop.azerbaijan","article_modified_time":"2023-01-08T09:39:08+00:00","og_image":[{"width":1000,"height":1000,"url":"https:\/\/storage.googleapis.com\/stateless-medishop-az\/2022\/12\/T\u018fCILI-BAG-PVC-ortuklu-qirmizi.jpg","type":"image\/jpeg"}],"twitter_card":"summary_large_image","schema":{"@context":"https:\/\/schema.org","@graph":[{"@type":"WebPage","@id":"https:\/\/medishop.az\/mehsul\/ilk-yardim-cantasi-pvc-ortuklu-qirmizi\/","url":"https:\/\/medishop.az\/mehsul\/ilk-yardim-cantasi-pvc-ortuklu-qirmizi\/","name":"\u0130lk yard\u0131m \u00e7antas\u0131 pvc \u00f6rt\u00fckl\u00fc - q\u0131rm\u0131z\u0131 - Medishop","isPartOf":{"@id":"https:\/\/medishop.az\/#website"},"primaryImageOfPage":{"@id":"https:\/\/medishop.az\/mehsul\/ilk-yardim-cantasi-pvc-ortuklu-qirmizi\/#primaryimage"},"image":{"@id":"https:\/\/medishop.az\/mehsul\/ilk-yardim-cantasi-pvc-ortuklu-qirmizi\/#primaryimage"},"thumbnailUrl":"https:\/\/medishop.az\/wp-content\/uploads\/2022\/12\/T\u018fCILI-BAG-PVC-ortuklu-qirmizi.jpg","datePublished":"2022-12-14T16:15:58+00:00","dateModified":"2023-01-08T09:39:08+00:00","breadcrumb":{"@id":"https:\/\/medishop.az\/mehsul\/ilk-yardim-cantasi-pvc-ortuklu-qirmizi\/#breadcrumb"},"inLanguage":"ru-RU","potentialAction":[{"@type":"ReadAction","target":["https:\/\/medishop.az\/mehsul\/ilk-yardim-cantasi-pvc-ortuklu-qirmizi\/"]}]},{"@type":"ImageObject","inLanguage":"ru-RU","@id":"https:\/\/medishop.az\/mehsul\/ilk-yardim-cantasi-pvc-ortuklu-qirmizi\/#primaryimage","url":"https:\/\/medishop.az\/wp-content\/uploads\/2022\/12\/T\u018fCILI-BAG-PVC-ortuklu-qirmizi.jpg","contentUrl":"https:\/\/medishop.az\/wp-content\/uploads\/2022\/12\/T\u018fCILI-BAG-PVC-ortuklu-qirmizi.jpg","width":1000,"height":1000},{"@type":"BreadcrumbList","@id":"https:\/\/medishop.az\/mehsul\/ilk-yardim-cantasi-pvc-ortuklu-qirmizi\/#breadcrumb","itemListElement":[{"@type":"ListItem","position":1,"name":"\u018fsas","item":"https:\/\/medishop.az\/"},{"@type":"ListItem","position":2,"name":"Ma\u011faza","item":"https:\/\/medishop.az\/ru\/shop\/"},{"@type":"ListItem","position":3,"name":"\u0130lk yard\u0131m \u00e7antas\u0131 pvc \u00f6rt\u00fckl\u00fc &#8211; q\u0131rm\u0131z\u0131"}]},{"@type":"WebSite","@id":"https:\/\/medishop.az\/#website","url":"https:\/\/medishop.az\/","name":"Medishop","description":"Onlayn tibbi ma\u011faza","publisher":{"@id":"https:\/\/medishop.az\/#organization"},"potentialAction":[{"@type":"SearchAction","target":{"@type":"EntryPoint","urlTemplate":"https:\/\/medishop.az\/?s={search_term_string}"},"query-input":"required name=search_term_string"}],"inLanguage":"ru-RU"},{"@type":"Organization","@id":"https:\/\/medishop.az\/#organization","name":"Medishop","url":"https:\/\/medishop.az\/","logo":{"@type":"ImageObject","inLanguage":"ru-RU","@id":"https:\/\/medishop.az\/#\/schema\/logo\/image\/","url":"https:\/\/storage.googleapis.com\/stateless-medishop-az\/2022\/12\/logo.png","contentUrl":"https:\/\/storage.googleapis.com\/stateless-medishop-az\/2022\/12\/logo.png","width":300,"height":89,"caption":"Medishop"},"image":{"@id":"https:\/\/medishop.az\/#\/schema\/logo\/image\/"},"sameAs":["https:\/\/www.facebook.com\/medishop.azerbaijan"]}]}},"jetpack_sharing_enabled":true,"_links":{"self":[{"href":"https:\/\/medishop.az\/ru\/wp-json\/wp\/v2\/product\/3174","targetHints":{"allow":["GET"]}}],"collection":[{"href":"https:\/\/medishop.az\/ru\/wp-json\/wp\/v2\/product"}],"about":[{"href":"https:\/\/medishop.az\/ru\/wp-json\/wp\/v2\/types\/product"}],"wp:featuredmedia":[{"embeddable":true,"href":"https:\/\/medishop.az\/ru\/wp-json\/wp\/v2\/media\/3177"}],"wp:attachment":[{"href":"https:\/\/medishop.az\/ru\/wp-json\/wp\/v2\/media?parent=3174"}],"wp:term":[{"taxonomy":"product_cat","embeddable":true,"href":"https:\/\/medishop.az\/ru\/wp-json\/wp\/v2\/product_cat?post=3174"},{"taxonomy":"product_tag","embeddable":true,"href":"https:\/\/medishop.az\/ru\/wp-json\/wp\/v2\/product_tag?post=3174"}],"curies":[{"name":"wp","href":"https:\/\/api.w.org\/{rel}","templated":true}]}}