{"id":3132,"date":"2022-12-14T19:53:05","date_gmt":"2022-12-14T15:53:05","guid":{"rendered":"https:\/\/medishop.az\/?post_type=product&#038;p=3132"},"modified":"2024-08-24T20:25:16","modified_gmt":"2024-08-24T16:25:16","slug":"h%c9%99rbi-turniket-qara","status":"publish","type":"product","link":"https:\/\/medishop.az\/ru\/mehsul\/h%c9%99rbi-turniket-qara\/","title":{"rendered":"H\u018fRBI TURN\u0130KET &#8211; qara"},"content":{"rendered":"<p><strong>H\u0259rbi turniket &#8211; qara<\/strong><\/p>\n<p>\u0259sas\u0259n tarla \u015f\u0259raitind\u0259 v\u0259 ya normal pre-hospital f\u00f6vq\u0259lad\u0259 hallarda \u0259l-ayaq b\u00f6y\u00fck qanaxma dayand\u0131rmaq \u00fc\u00e7\u00fcn istifad\u0259 olunur.<\/p>\n<p>\u0130stifad\u0259si asan olan disposable, bir \u0259l t\u0259tbiqi turniket hemostaz\u0131n effektivliyini yax\u015f\u0131la\u015fd\u0131r\u0131r.<\/p>\n<p>Bu, ilk cavab\u00e7\u0131 t\u0259r\u0259find\u0259n \u00f6z-\u00f6z\u00fcn\u0259 t\u0259tbiq edil\u0259 v\u0259 ya t\u0259tbiq edil\u0259 bil\u0259r, bu da laz\u0131m olan t\u0259zyiqin tez v\u0259 asan t\u0259nziml\u0259nm\u0259sin\u0259 imkan verir.<br \/>\nH\u0259r iki \u00fcst alt \u0259l-ayaq \u00fc\u00e7\u00fcn<br \/>\nm\u00fcnasibdir.<br \/>\nTermoplastik klasp v\u0259 t\u0259hl\u00fck\u0259siz yell\u0259n\u00e7\u0259kl\u0259ri olan yyntetik par\u00e7ada<br \/>\nhaz\u0131rlanm\u0131\u015fd\u0131r.<\/p>\n<p>H\u0259cmi: 95 x 4 sm.\u00c7oxdilli<\/p>\n<p>t\u0259limatlar : GB, FR, IT, ES, PT, DE, GR, Arab.<\/p>","protected":false},"excerpt":{"rendered":"<p>H\u0259rbi turniket &#8211; qara \u0259sas\u0259n tarla \u015f\u0259raitind\u0259 v\u0259 ya normal pre-hospital f\u00f6vq\u0259lad\u0259 hallarda \u0259l-ayaq b\u00f6y\u00fck qanaxma dayand\u0131rmaq \u00fc\u00e7\u00fcn istifad\u0259 olunur. \u0130stifad\u0259si asan olan disposable, bir \u0259l t\u0259tbiqi turniket hemostaz\u0131n effektivliyini<\/p>","protected":false},"featured_media":3133,"template":"","meta":[],"product_cat":[133],"product_tag":[221,168],"class_list":{"0":"post-3132","1":"product","2":"type-product","3":"status-publish","4":"has-post-thumbnail","6":"product_cat-ilk-yardim","7":"product_tag-hrbi-turniket-almaq","8":"product_tag-ilk-tibbi-yardim","10":"first","11":"instock","12":"shipping-taxable","13":"purchasable","14":"product-type-simple"},"yoast_head":"<!-- This site is optimized with the Yoast SEO plugin v22.7 - https:\/\/yoast.com\/wordpress\/plugins\/seo\/ -->\n<title>H\u018fRBI TURN\u0130KET - qara - Medishop<\/title>\n<meta name=\"robots\" content=\"index, follow, max-snippet:-1, max-image-preview:large, max-video-preview:-1\" \/>\n<link rel=\"canonical\" href=\"https:\/\/medishop.az\/ru\/mehsul\/h\u0259rbi-turniket-qara\/\" \/>\n<meta property=\"og:locale\" content=\"ru_RU\" \/>\n<meta property=\"og:type\" content=\"article\" \/>\n<meta property=\"og:title\" content=\"H\u018fRBI TURN\u0130KET - qara - Medishop\" \/>\n<meta property=\"og:description\" content=\"H\u0259rbi turniket &#8211; qara \u0259sas\u0259n tarla \u015f\u0259raitind\u0259 v\u0259 ya normal pre-hospital f\u00f6vq\u0259lad\u0259 hallarda \u0259l-ayaq b\u00f6y\u00fck qanaxma dayand\u0131rmaq \u00fc\u00e7\u00fcn istifad\u0259 olunur. \u0130stifad\u0259si asan olan disposable, bir \u0259l t\u0259tbiqi turniket hemostaz\u0131n effektivliyini\" \/>\n<meta property=\"og:url\" content=\"https:\/\/medishop.az\/ru\/mehsul\/h\u0259rbi-turniket-qara\/\" \/>\n<meta property=\"og:site_name\" content=\"Medishop\" \/>\n<meta property=\"article:publisher\" content=\"https:\/\/www.facebook.com\/medishop.azerbaijan\" \/>\n<meta property=\"article:modified_time\" content=\"2024-08-24T16:25:16+00:00\" \/>\n<meta property=\"og:image\" content=\"https:\/\/medishop.az\/wp-content\/uploads\/2022\/12\/H\u018fRBI-TURNIKET-qara.jpg\" \/>\n\t<meta property=\"og:image:width\" content=\"1000\" \/>\n\t<meta property=\"og:image:height\" content=\"1000\" \/>\n\t<meta property=\"og:image:type\" content=\"image\/jpeg\" \/>\n<meta name=\"twitter:card\" content=\"summary_large_image\" \/>\n<meta name=\"twitter:label1\" content=\"\u041f\u0440\u0438\u043c\u0435\u0440\u043d\u043e\u0435 \u0432\u0440\u0435\u043c\u044f \u0434\u043b\u044f \u0447\u0442\u0435\u043d\u0438\u044f\" \/>\n\t<meta name=\"twitter:data1\" content=\"1 \u043c\u0438\u043d\u0443\u0442\u0430\" \/>\n<script type=\"application\/ld+json\" class=\"yoast-schema-graph\">{\"@context\":\"https:\/\/schema.org\",\"@graph\":[{\"@type\":\"WebPage\",\"@id\":\"https:\/\/medishop.az\/mehsul\/h%c9%99rbi-turniket-qara\/\",\"url\":\"https:\/\/medishop.az\/mehsul\/h%c9%99rbi-turniket-qara\/\",\"name\":\"H\u018fRBI TURN\u0130KET - qara - Medishop\",\"isPartOf\":{\"@id\":\"https:\/\/medishop.az\/#website\"},\"primaryImageOfPage\":{\"@id\":\"https:\/\/medishop.az\/mehsul\/h%c9%99rbi-turniket-qara\/#primaryimage\"},\"image\":{\"@id\":\"https:\/\/medishop.az\/mehsul\/h%c9%99rbi-turniket-qara\/#primaryimage\"},\"thumbnailUrl\":\"https:\/\/medishop.az\/wp-content\/uploads\/2022\/12\/H\u018fRBI-TURNIKET-qara.jpg\",\"datePublished\":\"2022-12-14T15:53:05+00:00\",\"dateModified\":\"2024-08-24T16:25:16+00:00\",\"breadcrumb\":{\"@id\":\"https:\/\/medishop.az\/mehsul\/h%c9%99rbi-turniket-qara\/#breadcrumb\"},\"inLanguage\":\"ru-RU\",\"potentialAction\":[{\"@type\":\"ReadAction\",\"target\":[\"https:\/\/medishop.az\/mehsul\/h%c9%99rbi-turniket-qara\/\"]}]},{\"@type\":\"ImageObject\",\"inLanguage\":\"ru-RU\",\"@id\":\"https:\/\/medishop.az\/mehsul\/h%c9%99rbi-turniket-qara\/#primaryimage\",\"url\":\"https:\/\/medishop.az\/wp-content\/uploads\/2022\/12\/H\u018fRBI-TURNIKET-qara.jpg\",\"contentUrl\":\"https:\/\/medishop.az\/wp-content\/uploads\/2022\/12\/H\u018fRBI-TURNIKET-qara.jpg\",\"width\":1000,\"height\":1000},{\"@type\":\"BreadcrumbList\",\"@id\":\"https:\/\/medishop.az\/mehsul\/h%c9%99rbi-turniket-qara\/#breadcrumb\",\"itemListElement\":[{\"@type\":\"ListItem\",\"position\":1,\"name\":\"\u018fsas\",\"item\":\"https:\/\/medishop.az\/\"},{\"@type\":\"ListItem\",\"position\":2,\"name\":\"Ma\u011faza\",\"item\":\"https:\/\/medishop.az\/ru\/shop\/\"},{\"@type\":\"ListItem\",\"position\":3,\"name\":\"H\u018fRBI TURN\u0130KET &#8211; qara\"}]},{\"@type\":\"WebSite\",\"@id\":\"https:\/\/medishop.az\/#website\",\"url\":\"https:\/\/medishop.az\/\",\"name\":\"Medishop\",\"description\":\"Onlayn tibbi ma\u011faza\",\"publisher\":{\"@id\":\"https:\/\/medishop.az\/#organization\"},\"potentialAction\":[{\"@type\":\"SearchAction\",\"target\":{\"@type\":\"EntryPoint\",\"urlTemplate\":\"https:\/\/medishop.az\/?s={search_term_string}\"},\"query-input\":\"required name=search_term_string\"}],\"inLanguage\":\"ru-RU\"},{\"@type\":\"Organization\",\"@id\":\"https:\/\/medishop.az\/#organization\",\"name\":\"Medishop\",\"url\":\"https:\/\/medishop.az\/\",\"logo\":{\"@type\":\"ImageObject\",\"inLanguage\":\"ru-RU\",\"@id\":\"https:\/\/medishop.az\/#\/schema\/logo\/image\/\",\"url\":\"https:\/\/storage.googleapis.com\/stateless-medishop-az\/2022\/12\/logo.png\",\"contentUrl\":\"https:\/\/storage.googleapis.com\/stateless-medishop-az\/2022\/12\/logo.png\",\"width\":300,\"height\":89,\"caption\":\"Medishop\"},\"image\":{\"@id\":\"https:\/\/medishop.az\/#\/schema\/logo\/image\/\"},\"sameAs\":[\"https:\/\/www.facebook.com\/medishop.azerbaijan\"]}]}<\/script>\n<!-- \/ Yoast SEO plugin. -->","yoast_head_json":{"title":"H\u018fRBI TURN\u0130KET - qara - Medishop","robots":{"index":"index","follow":"follow","max-snippet":"max-snippet:-1","max-image-preview":"max-image-preview:large","max-video-preview":"max-video-preview:-1"},"canonical":"https:\/\/medishop.az\/ru\/mehsul\/h\u0259rbi-turniket-qara\/","og_locale":"ru_RU","og_type":"article","og_title":"H\u018fRBI TURN\u0130KET - qara - Medishop","og_description":"H\u0259rbi turniket &#8211; qara \u0259sas\u0259n tarla \u015f\u0259raitind\u0259 v\u0259 ya normal pre-hospital f\u00f6vq\u0259lad\u0259 hallarda \u0259l-ayaq b\u00f6y\u00fck qanaxma dayand\u0131rmaq \u00fc\u00e7\u00fcn istifad\u0259 olunur. \u0130stifad\u0259si asan olan disposable, bir \u0259l t\u0259tbiqi turniket hemostaz\u0131n effektivliyini","og_url":"https:\/\/medishop.az\/ru\/mehsul\/h\u0259rbi-turniket-qara\/","og_site_name":"Medishop","article_publisher":"https:\/\/www.facebook.com\/medishop.azerbaijan","article_modified_time":"2024-08-24T16:25:16+00:00","og_image":[{"width":1000,"height":1000,"url":"https:\/\/medishop.az\/wp-content\/uploads\/2022\/12\/H\u018fRBI-TURNIKET-qara.jpg","type":"image\/jpeg"}],"twitter_card":"summary_large_image","twitter_misc":{"\u041f\u0440\u0438\u043c\u0435\u0440\u043d\u043e\u0435 \u0432\u0440\u0435\u043c\u044f \u0434\u043b\u044f \u0447\u0442\u0435\u043d\u0438\u044f":"1 \u043c\u0438\u043d\u0443\u0442\u0430"},"schema":{"@context":"https:\/\/schema.org","@graph":[{"@type":"WebPage","@id":"https:\/\/medishop.az\/mehsul\/h%c9%99rbi-turniket-qara\/","url":"https:\/\/medishop.az\/mehsul\/h%c9%99rbi-turniket-qara\/","name":"H\u018fRBI TURN\u0130KET - qara - Medishop","isPartOf":{"@id":"https:\/\/medishop.az\/#website"},"primaryImageOfPage":{"@id":"https:\/\/medishop.az\/mehsul\/h%c9%99rbi-turniket-qara\/#primaryimage"},"image":{"@id":"https:\/\/medishop.az\/mehsul\/h%c9%99rbi-turniket-qara\/#primaryimage"},"thumbnailUrl":"https:\/\/medishop.az\/wp-content\/uploads\/2022\/12\/H\u018fRBI-TURNIKET-qara.jpg","datePublished":"2022-12-14T15:53:05+00:00","dateModified":"2024-08-24T16:25:16+00:00","breadcrumb":{"@id":"https:\/\/medishop.az\/mehsul\/h%c9%99rbi-turniket-qara\/#breadcrumb"},"inLanguage":"ru-RU","potentialAction":[{"@type":"ReadAction","target":["https:\/\/medishop.az\/mehsul\/h%c9%99rbi-turniket-qara\/"]}]},{"@type":"ImageObject","inLanguage":"ru-RU","@id":"https:\/\/medishop.az\/mehsul\/h%c9%99rbi-turniket-qara\/#primaryimage","url":"https:\/\/medishop.az\/wp-content\/uploads\/2022\/12\/H\u018fRBI-TURNIKET-qara.jpg","contentUrl":"https:\/\/medishop.az\/wp-content\/uploads\/2022\/12\/H\u018fRBI-TURNIKET-qara.jpg","width":1000,"height":1000},{"@type":"BreadcrumbList","@id":"https:\/\/medishop.az\/mehsul\/h%c9%99rbi-turniket-qara\/#breadcrumb","itemListElement":[{"@type":"ListItem","position":1,"name":"\u018fsas","item":"https:\/\/medishop.az\/"},{"@type":"ListItem","position":2,"name":"Ma\u011faza","item":"https:\/\/medishop.az\/ru\/shop\/"},{"@type":"ListItem","position":3,"name":"H\u018fRBI TURN\u0130KET &#8211; qara"}]},{"@type":"WebSite","@id":"https:\/\/medishop.az\/#website","url":"https:\/\/medishop.az\/","name":"Medishop","description":"Onlayn tibbi ma\u011faza","publisher":{"@id":"https:\/\/medishop.az\/#organization"},"potentialAction":[{"@type":"SearchAction","target":{"@type":"EntryPoint","urlTemplate":"https:\/\/medishop.az\/?s={search_term_string}"},"query-input":"required name=search_term_string"}],"inLanguage":"ru-RU"},{"@type":"Organization","@id":"https:\/\/medishop.az\/#organization","name":"Medishop","url":"https:\/\/medishop.az\/","logo":{"@type":"ImageObject","inLanguage":"ru-RU","@id":"https:\/\/medishop.az\/#\/schema\/logo\/image\/","url":"https:\/\/storage.googleapis.com\/stateless-medishop-az\/2022\/12\/logo.png","contentUrl":"https:\/\/storage.googleapis.com\/stateless-medishop-az\/2022\/12\/logo.png","width":300,"height":89,"caption":"Medishop"},"image":{"@id":"https:\/\/medishop.az\/#\/schema\/logo\/image\/"},"sameAs":["https:\/\/www.facebook.com\/medishop.azerbaijan"]}]}},"jetpack_sharing_enabled":true,"_links":{"self":[{"href":"https:\/\/medishop.az\/ru\/wp-json\/wp\/v2\/product\/3132","targetHints":{"allow":["GET"]}}],"collection":[{"href":"https:\/\/medishop.az\/ru\/wp-json\/wp\/v2\/product"}],"about":[{"href":"https:\/\/medishop.az\/ru\/wp-json\/wp\/v2\/types\/product"}],"wp:featuredmedia":[{"embeddable":true,"href":"https:\/\/medishop.az\/ru\/wp-json\/wp\/v2\/media\/3133"}],"wp:attachment":[{"href":"https:\/\/medishop.az\/ru\/wp-json\/wp\/v2\/media?parent=3132"}],"wp:term":[{"taxonomy":"product_cat","embeddable":true,"href":"https:\/\/medishop.az\/ru\/wp-json\/wp\/v2\/product_cat?post=3132"},{"taxonomy":"product_tag","embeddable":true,"href":"https:\/\/medishop.az\/ru\/wp-json\/wp\/v2\/product_tag?post=3132"}],"curies":[{"name":"wp","href":"https:\/\/api.w.org\/{rel}","templated":true}]}}