{"id":3128,"date":"2022-12-14T19:50:30","date_gmt":"2022-12-14T15:50:30","guid":{"rendered":"https:\/\/medishop.az\/?post_type=product&#038;p=3128"},"modified":"2022-12-14T19:50:31","modified_gmt":"2022-12-14T15:50:31","slug":"argenta-led-torch-metal-mavi","status":"publish","type":"product","link":"https:\/\/medishop.az\/ru\/mehsul\/argenta-led-torch-metal-mavi\/","title":{"rendered":"&#8220;ARGENTA&#8221; LED TORCH &#8211; metal &#8211; mavi"},"content":{"rendered":"<p>Professional penlights, h\u0259m\u00e7inin diaqnostika \u00fc\u00e7\u00fcn uy\u011fun, tez klip shifter mexanizmi v\u0259 ya push d\u00fcym\u0259si il\u0259 ampul v\u0259 ya a\u011f LED il\u0259 (25634).<br \/>\nArgenta v\u0259 Elegance anodized aluminium, Nova in topquality ABS plastic housing. 2&#215;1.5V AAA batareyalar\u0131 il\u0259 t\u0259min edilmi\u015fdir.<\/p>\n<p>Argenta torch<br \/>\nLight: LED<br \/>\nLight intensivliyi: 25.000 m<br \/>\nMaterial: batareyalarla t\u0259min olunan metal<br \/>\n: 2 x AAA<br \/>\nR\u0259ng: blue<br \/>\nON\/OFF by: Pocket clip<\/p>","protected":false},"excerpt":{"rendered":"<p>Professional penlights, h\u0259m\u00e7inin diaqnostika \u00fc\u00e7\u00fcn uy\u011fun, tez klip shifter mexanizmi v\u0259 ya push d\u00fcym\u0259si il\u0259 ampul v\u0259 ya a\u011f LED il\u0259 (25634). Argenta v\u0259 Elegance anodized aluminium, Nova in topquality<\/p>","protected":false},"featured_media":3129,"template":"","meta":[],"product_cat":[15],"product_tag":[],"class_list":{"0":"post-3128","1":"product","2":"type-product","3":"status-publish","4":"has-post-thumbnail","6":"product_cat-diger","8":"first","9":"instock","10":"shipping-taxable","11":"purchasable","12":"product-type-simple"},"yoast_head":"<!-- This site is optimized with the Yoast SEO plugin v22.7 - https:\/\/yoast.com\/wordpress\/plugins\/seo\/ -->\n<title>&quot;ARGENTA&quot; LED TORCH - metal - mavi - Medishop<\/title>\n<meta name=\"robots\" content=\"index, follow, max-snippet:-1, max-image-preview:large, max-video-preview:-1\" \/>\n<link rel=\"canonical\" href=\"https:\/\/medishop.az\/ru\/mehsul\/argenta-led-torch-metal-mavi\/\" \/>\n<meta property=\"og:locale\" content=\"ru_RU\" \/>\n<meta property=\"og:type\" content=\"article\" \/>\n<meta property=\"og:title\" content=\"&quot;ARGENTA&quot; LED TORCH - metal - mavi - Medishop\" \/>\n<meta property=\"og:description\" content=\"Professional penlights, h\u0259m\u00e7inin diaqnostika \u00fc\u00e7\u00fcn uy\u011fun, tez klip shifter mexanizmi v\u0259 ya push d\u00fcym\u0259si il\u0259 ampul v\u0259 ya a\u011f LED il\u0259 (25634). Argenta v\u0259 Elegance anodized aluminium, Nova in topquality\" \/>\n<meta property=\"og:url\" content=\"https:\/\/medishop.az\/ru\/mehsul\/argenta-led-torch-metal-mavi\/\" \/>\n<meta property=\"og:site_name\" content=\"Medishop\" \/>\n<meta property=\"article:publisher\" content=\"https:\/\/www.facebook.com\/medishop.azerbaijan\" \/>\n<meta property=\"article:modified_time\" content=\"2022-12-14T15:50:31+00:00\" \/>\n<meta property=\"og:image\" content=\"https:\/\/storage.googleapis.com\/stateless-medishop-az\/2022\/12\/254422.jpg\" \/>\n\t<meta property=\"og:image:width\" content=\"1000\" \/>\n\t<meta property=\"og:image:height\" content=\"1000\" \/>\n\t<meta property=\"og:image:type\" content=\"image\/jpeg\" \/>\n<meta name=\"twitter:card\" content=\"summary_large_image\" \/>\n<script type=\"application\/ld+json\" class=\"yoast-schema-graph\">{\"@context\":\"https:\/\/schema.org\",\"@graph\":[{\"@type\":\"WebPage\",\"@id\":\"https:\/\/medishop.az\/mehsul\/argenta-led-torch-metal-mavi\/\",\"url\":\"https:\/\/medishop.az\/mehsul\/argenta-led-torch-metal-mavi\/\",\"name\":\"\\\"ARGENTA\\\" LED TORCH - metal - mavi - Medishop\",\"isPartOf\":{\"@id\":\"https:\/\/medishop.az\/#website\"},\"primaryImageOfPage\":{\"@id\":\"https:\/\/medishop.az\/mehsul\/argenta-led-torch-metal-mavi\/#primaryimage\"},\"image\":{\"@id\":\"https:\/\/medishop.az\/mehsul\/argenta-led-torch-metal-mavi\/#primaryimage\"},\"thumbnailUrl\":\"https:\/\/medishop.az\/wp-content\/uploads\/2022\/12\/254422.jpg\",\"datePublished\":\"2022-12-14T15:50:30+00:00\",\"dateModified\":\"2022-12-14T15:50:31+00:00\",\"breadcrumb\":{\"@id\":\"https:\/\/medishop.az\/mehsul\/argenta-led-torch-metal-mavi\/#breadcrumb\"},\"inLanguage\":\"ru-RU\",\"potentialAction\":[{\"@type\":\"ReadAction\",\"target\":[\"https:\/\/medishop.az\/mehsul\/argenta-led-torch-metal-mavi\/\"]}]},{\"@type\":\"ImageObject\",\"inLanguage\":\"ru-RU\",\"@id\":\"https:\/\/medishop.az\/mehsul\/argenta-led-torch-metal-mavi\/#primaryimage\",\"url\":\"https:\/\/medishop.az\/wp-content\/uploads\/2022\/12\/254422.jpg\",\"contentUrl\":\"https:\/\/medishop.az\/wp-content\/uploads\/2022\/12\/254422.jpg\",\"width\":1000,\"height\":1000},{\"@type\":\"BreadcrumbList\",\"@id\":\"https:\/\/medishop.az\/mehsul\/argenta-led-torch-metal-mavi\/#breadcrumb\",\"itemListElement\":[{\"@type\":\"ListItem\",\"position\":1,\"name\":\"\u018fsas\",\"item\":\"https:\/\/medishop.az\/\"},{\"@type\":\"ListItem\",\"position\":2,\"name\":\"Ma\u011faza\",\"item\":\"https:\/\/medishop.az\/ru\/shop\/\"},{\"@type\":\"ListItem\",\"position\":3,\"name\":\"&#8220;ARGENTA&#8221; LED TORCH &#8211; metal &#8211; mavi\"}]},{\"@type\":\"WebSite\",\"@id\":\"https:\/\/medishop.az\/#website\",\"url\":\"https:\/\/medishop.az\/\",\"name\":\"Medishop\",\"description\":\"Onlayn tibbi ma\u011faza\",\"publisher\":{\"@id\":\"https:\/\/medishop.az\/#organization\"},\"potentialAction\":[{\"@type\":\"SearchAction\",\"target\":{\"@type\":\"EntryPoint\",\"urlTemplate\":\"https:\/\/medishop.az\/?s={search_term_string}\"},\"query-input\":\"required name=search_term_string\"}],\"inLanguage\":\"ru-RU\"},{\"@type\":\"Organization\",\"@id\":\"https:\/\/medishop.az\/#organization\",\"name\":\"Medishop\",\"url\":\"https:\/\/medishop.az\/\",\"logo\":{\"@type\":\"ImageObject\",\"inLanguage\":\"ru-RU\",\"@id\":\"https:\/\/medishop.az\/#\/schema\/logo\/image\/\",\"url\":\"https:\/\/storage.googleapis.com\/stateless-medishop-az\/2022\/12\/logo.png\",\"contentUrl\":\"https:\/\/storage.googleapis.com\/stateless-medishop-az\/2022\/12\/logo.png\",\"width\":300,\"height\":89,\"caption\":\"Medishop\"},\"image\":{\"@id\":\"https:\/\/medishop.az\/#\/schema\/logo\/image\/\"},\"sameAs\":[\"https:\/\/www.facebook.com\/medishop.azerbaijan\"]}]}<\/script>\n<!-- \/ Yoast SEO plugin. -->","yoast_head_json":{"title":"\"ARGENTA\" LED TORCH - metal - mavi - Medishop","robots":{"index":"index","follow":"follow","max-snippet":"max-snippet:-1","max-image-preview":"max-image-preview:large","max-video-preview":"max-video-preview:-1"},"canonical":"https:\/\/medishop.az\/ru\/mehsul\/argenta-led-torch-metal-mavi\/","og_locale":"ru_RU","og_type":"article","og_title":"\"ARGENTA\" LED TORCH - metal - mavi - Medishop","og_description":"Professional penlights, h\u0259m\u00e7inin diaqnostika \u00fc\u00e7\u00fcn uy\u011fun, tez klip shifter mexanizmi v\u0259 ya push d\u00fcym\u0259si il\u0259 ampul v\u0259 ya a\u011f LED il\u0259 (25634). Argenta v\u0259 Elegance anodized aluminium, Nova in topquality","og_url":"https:\/\/medishop.az\/ru\/mehsul\/argenta-led-torch-metal-mavi\/","og_site_name":"Medishop","article_publisher":"https:\/\/www.facebook.com\/medishop.azerbaijan","article_modified_time":"2022-12-14T15:50:31+00:00","og_image":[{"width":1000,"height":1000,"url":"https:\/\/storage.googleapis.com\/stateless-medishop-az\/2022\/12\/254422.jpg","type":"image\/jpeg"}],"twitter_card":"summary_large_image","schema":{"@context":"https:\/\/schema.org","@graph":[{"@type":"WebPage","@id":"https:\/\/medishop.az\/mehsul\/argenta-led-torch-metal-mavi\/","url":"https:\/\/medishop.az\/mehsul\/argenta-led-torch-metal-mavi\/","name":"\"ARGENTA\" LED TORCH - metal - mavi - Medishop","isPartOf":{"@id":"https:\/\/medishop.az\/#website"},"primaryImageOfPage":{"@id":"https:\/\/medishop.az\/mehsul\/argenta-led-torch-metal-mavi\/#primaryimage"},"image":{"@id":"https:\/\/medishop.az\/mehsul\/argenta-led-torch-metal-mavi\/#primaryimage"},"thumbnailUrl":"https:\/\/medishop.az\/wp-content\/uploads\/2022\/12\/254422.jpg","datePublished":"2022-12-14T15:50:30+00:00","dateModified":"2022-12-14T15:50:31+00:00","breadcrumb":{"@id":"https:\/\/medishop.az\/mehsul\/argenta-led-torch-metal-mavi\/#breadcrumb"},"inLanguage":"ru-RU","potentialAction":[{"@type":"ReadAction","target":["https:\/\/medishop.az\/mehsul\/argenta-led-torch-metal-mavi\/"]}]},{"@type":"ImageObject","inLanguage":"ru-RU","@id":"https:\/\/medishop.az\/mehsul\/argenta-led-torch-metal-mavi\/#primaryimage","url":"https:\/\/medishop.az\/wp-content\/uploads\/2022\/12\/254422.jpg","contentUrl":"https:\/\/medishop.az\/wp-content\/uploads\/2022\/12\/254422.jpg","width":1000,"height":1000},{"@type":"BreadcrumbList","@id":"https:\/\/medishop.az\/mehsul\/argenta-led-torch-metal-mavi\/#breadcrumb","itemListElement":[{"@type":"ListItem","position":1,"name":"\u018fsas","item":"https:\/\/medishop.az\/"},{"@type":"ListItem","position":2,"name":"Ma\u011faza","item":"https:\/\/medishop.az\/ru\/shop\/"},{"@type":"ListItem","position":3,"name":"&#8220;ARGENTA&#8221; LED TORCH &#8211; metal &#8211; mavi"}]},{"@type":"WebSite","@id":"https:\/\/medishop.az\/#website","url":"https:\/\/medishop.az\/","name":"Medishop","description":"Onlayn tibbi ma\u011faza","publisher":{"@id":"https:\/\/medishop.az\/#organization"},"potentialAction":[{"@type":"SearchAction","target":{"@type":"EntryPoint","urlTemplate":"https:\/\/medishop.az\/?s={search_term_string}"},"query-input":"required name=search_term_string"}],"inLanguage":"ru-RU"},{"@type":"Organization","@id":"https:\/\/medishop.az\/#organization","name":"Medishop","url":"https:\/\/medishop.az\/","logo":{"@type":"ImageObject","inLanguage":"ru-RU","@id":"https:\/\/medishop.az\/#\/schema\/logo\/image\/","url":"https:\/\/storage.googleapis.com\/stateless-medishop-az\/2022\/12\/logo.png","contentUrl":"https:\/\/storage.googleapis.com\/stateless-medishop-az\/2022\/12\/logo.png","width":300,"height":89,"caption":"Medishop"},"image":{"@id":"https:\/\/medishop.az\/#\/schema\/logo\/image\/"},"sameAs":["https:\/\/www.facebook.com\/medishop.azerbaijan"]}]}},"jetpack_sharing_enabled":true,"_links":{"self":[{"href":"https:\/\/medishop.az\/ru\/wp-json\/wp\/v2\/product\/3128","targetHints":{"allow":["GET"]}}],"collection":[{"href":"https:\/\/medishop.az\/ru\/wp-json\/wp\/v2\/product"}],"about":[{"href":"https:\/\/medishop.az\/ru\/wp-json\/wp\/v2\/types\/product"}],"wp:featuredmedia":[{"embeddable":true,"href":"https:\/\/medishop.az\/ru\/wp-json\/wp\/v2\/media\/3129"}],"wp:attachment":[{"href":"https:\/\/medishop.az\/ru\/wp-json\/wp\/v2\/media?parent=3128"}],"wp:term":[{"taxonomy":"product_cat","embeddable":true,"href":"https:\/\/medishop.az\/ru\/wp-json\/wp\/v2\/product_cat?post=3128"},{"taxonomy":"product_tag","embeddable":true,"href":"https:\/\/medishop.az\/ru\/wp-json\/wp\/v2\/product_tag?post=3128"}],"curies":[{"name":"wp","href":"https:\/\/api.w.org\/{rel}","templated":true}]}}