{"id":2915,"date":"2022-12-09T12:42:23","date_gmt":"2022-12-09T08:42:23","guid":{"rendered":"https:\/\/tap.idigit.az\/?post_type=product&#038;p=2915"},"modified":"2022-12-09T12:42:23","modified_gmt":"2022-12-09T08:42:23","slug":"ilk-yardim-cantasi-firstplus-avto","status":"publish","type":"product","link":"https:\/\/medishop.az\/ru\/mehsul\/ilk-yardim-cantasi-firstplus-avto\/","title":{"rendered":"\u0130lk yard\u0131m \u00e7antas\u0131 &#8211; F\u0130RSTPLUS AVTO"},"content":{"rendered":"<p>\u00dcr\u00fcn \u00f6l\u00e7\u00fcs\u00fc: 25,5cm x 16,2cm x 8cm<\/p>\n<p>26 Eyl\u00fcl 2006 tarihli Karayollar\u0131 Y\u00f6netmeli\u011fine uygundur.<\/p>\n<p>Araba, minib\u00fcs, otob\u00fcs, panelvan, kamyonet ve kamyonlar i\u00e7in \u00fcretilmi\u015ftir.<\/p>\n<p>\u015eirketimiz ISO 9001 ve ISO 13485 kalite belgelerine sahiptir.<\/p>\n<p>\u0130lk yard\u0131m malzemelerinin CE ve Biyosidal belgeleri vard\u0131r.<\/p>\n<p>Set \u00e7antas\u0131 PP plastikten \u00fcretilmi\u015ftir.<\/p>\n<p>*\u201c\u0130\u00e7indekiler listesi\u201d, kullan\u0131lanlar\u0131 ve raf \u00f6mr\u00fc bitenleri tamamlamak i\u00e7in saklanmal\u0131d\u0131r.<\/p>","protected":false},"excerpt":{"rendered":"<p>\u00dcr\u00fcn \u00f6l\u00e7\u00fcs\u00fc: 25,5cm x 16,2cm x 8cm 26 Eyl\u00fcl 2006 tarihli Karayollar\u0131 Y\u00f6netmeli\u011fine uygundur. Araba, minib\u00fcs, otob\u00fcs, panelvan, kamyonet ve kamyonlar i\u00e7in \u00fcretilmi\u015ftir. \u015eirketimiz ISO 9001 ve ISO 13485 kalite<\/p>","protected":false},"featured_media":2916,"template":"","meta":[],"product_cat":[133,126],"product_tag":[217],"class_list":{"0":"post-2915","1":"product","2":"type-product","3":"status-publish","4":"has-post-thumbnail","6":"product_cat-ilk-yardim","7":"product_cat-tibbi-cihazlar","8":"product_tag-ilk-yardim-cantasi","10":"first","11":"instock","12":"sale","13":"shipping-taxable","14":"purchasable","15":"product-type-simple"},"yoast_head":"<!-- This site is optimized with the Yoast SEO plugin v22.7 - https:\/\/yoast.com\/wordpress\/plugins\/seo\/ -->\n<title>\u0130lk yard\u0131m \u00e7antas\u0131 - F\u0130RSTPLUS AVTO - Medishop<\/title>\n<meta name=\"robots\" content=\"index, follow, max-snippet:-1, max-image-preview:large, max-video-preview:-1\" \/>\n<link rel=\"canonical\" href=\"https:\/\/medishop.az\/ru\/mehsul\/ilk-yardim-cantasi-firstplus-avto\/\" \/>\n<meta property=\"og:locale\" content=\"ru_RU\" \/>\n<meta property=\"og:type\" content=\"article\" \/>\n<meta property=\"og:title\" content=\"\u0130lk yard\u0131m \u00e7antas\u0131 - F\u0130RSTPLUS AVTO - Medishop\" \/>\n<meta property=\"og:description\" content=\"\u00dcr\u00fcn \u00f6l\u00e7\u00fcs\u00fc: 25,5cm x 16,2cm x 8cm 26 Eyl\u00fcl 2006 tarihli Karayollar\u0131 Y\u00f6netmeli\u011fine uygundur. Araba, minib\u00fcs, otob\u00fcs, panelvan, kamyonet ve kamyonlar i\u00e7in \u00fcretilmi\u015ftir. \u015eirketimiz ISO 9001 ve ISO 13485 kalite\" \/>\n<meta property=\"og:url\" content=\"https:\/\/medishop.az\/ru\/mehsul\/ilk-yardim-cantasi-firstplus-avto\/\" \/>\n<meta property=\"og:site_name\" content=\"Medishop\" \/>\n<meta property=\"article:publisher\" content=\"https:\/\/www.facebook.com\/medishop.azerbaijan\" \/>\n<meta property=\"og:image\" content=\"https:\/\/storage.googleapis.com\/stateless-medishop-az\/2022\/12\/firstplus.jpg\" \/>\n\t<meta property=\"og:image:width\" content=\"1000\" \/>\n\t<meta property=\"og:image:height\" content=\"1000\" \/>\n\t<meta property=\"og:image:type\" content=\"image\/jpeg\" \/>\n<meta name=\"twitter:card\" content=\"summary_large_image\" \/>\n<script type=\"application\/ld+json\" class=\"yoast-schema-graph\">{\"@context\":\"https:\/\/schema.org\",\"@graph\":[{\"@type\":\"WebPage\",\"@id\":\"https:\/\/medishop.az\/mehsul\/ilk-yardim-cantasi-firstplus-avto\/\",\"url\":\"https:\/\/medishop.az\/mehsul\/ilk-yardim-cantasi-firstplus-avto\/\",\"name\":\"\u0130lk yard\u0131m \u00e7antas\u0131 - F\u0130RSTPLUS AVTO - Medishop\",\"isPartOf\":{\"@id\":\"https:\/\/medishop.az\/#website\"},\"primaryImageOfPage\":{\"@id\":\"https:\/\/medishop.az\/mehsul\/ilk-yardim-cantasi-firstplus-avto\/#primaryimage\"},\"image\":{\"@id\":\"https:\/\/medishop.az\/mehsul\/ilk-yardim-cantasi-firstplus-avto\/#primaryimage\"},\"thumbnailUrl\":\"https:\/\/medishop.az\/wp-content\/uploads\/2022\/12\/firstplus.jpg\",\"datePublished\":\"2022-12-09T08:42:23+00:00\",\"dateModified\":\"2022-12-09T08:42:23+00:00\",\"breadcrumb\":{\"@id\":\"https:\/\/medishop.az\/mehsul\/ilk-yardim-cantasi-firstplus-avto\/#breadcrumb\"},\"inLanguage\":\"ru-RU\",\"potentialAction\":[{\"@type\":\"ReadAction\",\"target\":[\"https:\/\/medishop.az\/mehsul\/ilk-yardim-cantasi-firstplus-avto\/\"]}]},{\"@type\":\"ImageObject\",\"inLanguage\":\"ru-RU\",\"@id\":\"https:\/\/medishop.az\/mehsul\/ilk-yardim-cantasi-firstplus-avto\/#primaryimage\",\"url\":\"https:\/\/medishop.az\/wp-content\/uploads\/2022\/12\/firstplus.jpg\",\"contentUrl\":\"https:\/\/medishop.az\/wp-content\/uploads\/2022\/12\/firstplus.jpg\",\"width\":1000,\"height\":1000},{\"@type\":\"BreadcrumbList\",\"@id\":\"https:\/\/medishop.az\/mehsul\/ilk-yardim-cantasi-firstplus-avto\/#breadcrumb\",\"itemListElement\":[{\"@type\":\"ListItem\",\"position\":1,\"name\":\"\u018fsas\",\"item\":\"https:\/\/medishop.az\/\"},{\"@type\":\"ListItem\",\"position\":2,\"name\":\"Ma\u011faza\",\"item\":\"https:\/\/medishop.az\/ru\/shop\/\"},{\"@type\":\"ListItem\",\"position\":3,\"name\":\"\u0130lk yard\u0131m \u00e7antas\u0131 &#8211; F\u0130RSTPLUS AVTO\"}]},{\"@type\":\"WebSite\",\"@id\":\"https:\/\/medishop.az\/#website\",\"url\":\"https:\/\/medishop.az\/\",\"name\":\"Medishop\",\"description\":\"Onlayn tibbi ma\u011faza\",\"publisher\":{\"@id\":\"https:\/\/medishop.az\/#organization\"},\"potentialAction\":[{\"@type\":\"SearchAction\",\"target\":{\"@type\":\"EntryPoint\",\"urlTemplate\":\"https:\/\/medishop.az\/?s={search_term_string}\"},\"query-input\":\"required name=search_term_string\"}],\"inLanguage\":\"ru-RU\"},{\"@type\":\"Organization\",\"@id\":\"https:\/\/medishop.az\/#organization\",\"name\":\"Medishop\",\"url\":\"https:\/\/medishop.az\/\",\"logo\":{\"@type\":\"ImageObject\",\"inLanguage\":\"ru-RU\",\"@id\":\"https:\/\/medishop.az\/#\/schema\/logo\/image\/\",\"url\":\"https:\/\/storage.googleapis.com\/stateless-medishop-az\/2022\/12\/logo.png\",\"contentUrl\":\"https:\/\/storage.googleapis.com\/stateless-medishop-az\/2022\/12\/logo.png\",\"width\":300,\"height\":89,\"caption\":\"Medishop\"},\"image\":{\"@id\":\"https:\/\/medishop.az\/#\/schema\/logo\/image\/\"},\"sameAs\":[\"https:\/\/www.facebook.com\/medishop.azerbaijan\"]}]}<\/script>\n<!-- \/ Yoast SEO plugin. -->","yoast_head_json":{"title":"\u0130lk yard\u0131m \u00e7antas\u0131 - F\u0130RSTPLUS AVTO - Medishop","robots":{"index":"index","follow":"follow","max-snippet":"max-snippet:-1","max-image-preview":"max-image-preview:large","max-video-preview":"max-video-preview:-1"},"canonical":"https:\/\/medishop.az\/ru\/mehsul\/ilk-yardim-cantasi-firstplus-avto\/","og_locale":"ru_RU","og_type":"article","og_title":"\u0130lk yard\u0131m \u00e7antas\u0131 - F\u0130RSTPLUS AVTO - Medishop","og_description":"\u00dcr\u00fcn \u00f6l\u00e7\u00fcs\u00fc: 25,5cm x 16,2cm x 8cm 26 Eyl\u00fcl 2006 tarihli Karayollar\u0131 Y\u00f6netmeli\u011fine uygundur. Araba, minib\u00fcs, otob\u00fcs, panelvan, kamyonet ve kamyonlar i\u00e7in \u00fcretilmi\u015ftir. \u015eirketimiz ISO 9001 ve ISO 13485 kalite","og_url":"https:\/\/medishop.az\/ru\/mehsul\/ilk-yardim-cantasi-firstplus-avto\/","og_site_name":"Medishop","article_publisher":"https:\/\/www.facebook.com\/medishop.azerbaijan","og_image":[{"width":1000,"height":1000,"url":"https:\/\/storage.googleapis.com\/stateless-medishop-az\/2022\/12\/firstplus.jpg","type":"image\/jpeg"}],"twitter_card":"summary_large_image","schema":{"@context":"https:\/\/schema.org","@graph":[{"@type":"WebPage","@id":"https:\/\/medishop.az\/mehsul\/ilk-yardim-cantasi-firstplus-avto\/","url":"https:\/\/medishop.az\/mehsul\/ilk-yardim-cantasi-firstplus-avto\/","name":"\u0130lk yard\u0131m \u00e7antas\u0131 - F\u0130RSTPLUS AVTO - Medishop","isPartOf":{"@id":"https:\/\/medishop.az\/#website"},"primaryImageOfPage":{"@id":"https:\/\/medishop.az\/mehsul\/ilk-yardim-cantasi-firstplus-avto\/#primaryimage"},"image":{"@id":"https:\/\/medishop.az\/mehsul\/ilk-yardim-cantasi-firstplus-avto\/#primaryimage"},"thumbnailUrl":"https:\/\/medishop.az\/wp-content\/uploads\/2022\/12\/firstplus.jpg","datePublished":"2022-12-09T08:42:23+00:00","dateModified":"2022-12-09T08:42:23+00:00","breadcrumb":{"@id":"https:\/\/medishop.az\/mehsul\/ilk-yardim-cantasi-firstplus-avto\/#breadcrumb"},"inLanguage":"ru-RU","potentialAction":[{"@type":"ReadAction","target":["https:\/\/medishop.az\/mehsul\/ilk-yardim-cantasi-firstplus-avto\/"]}]},{"@type":"ImageObject","inLanguage":"ru-RU","@id":"https:\/\/medishop.az\/mehsul\/ilk-yardim-cantasi-firstplus-avto\/#primaryimage","url":"https:\/\/medishop.az\/wp-content\/uploads\/2022\/12\/firstplus.jpg","contentUrl":"https:\/\/medishop.az\/wp-content\/uploads\/2022\/12\/firstplus.jpg","width":1000,"height":1000},{"@type":"BreadcrumbList","@id":"https:\/\/medishop.az\/mehsul\/ilk-yardim-cantasi-firstplus-avto\/#breadcrumb","itemListElement":[{"@type":"ListItem","position":1,"name":"\u018fsas","item":"https:\/\/medishop.az\/"},{"@type":"ListItem","position":2,"name":"Ma\u011faza","item":"https:\/\/medishop.az\/ru\/shop\/"},{"@type":"ListItem","position":3,"name":"\u0130lk yard\u0131m \u00e7antas\u0131 &#8211; F\u0130RSTPLUS AVTO"}]},{"@type":"WebSite","@id":"https:\/\/medishop.az\/#website","url":"https:\/\/medishop.az\/","name":"Medishop","description":"Onlayn tibbi ma\u011faza","publisher":{"@id":"https:\/\/medishop.az\/#organization"},"potentialAction":[{"@type":"SearchAction","target":{"@type":"EntryPoint","urlTemplate":"https:\/\/medishop.az\/?s={search_term_string}"},"query-input":"required name=search_term_string"}],"inLanguage":"ru-RU"},{"@type":"Organization","@id":"https:\/\/medishop.az\/#organization","name":"Medishop","url":"https:\/\/medishop.az\/","logo":{"@type":"ImageObject","inLanguage":"ru-RU","@id":"https:\/\/medishop.az\/#\/schema\/logo\/image\/","url":"https:\/\/storage.googleapis.com\/stateless-medishop-az\/2022\/12\/logo.png","contentUrl":"https:\/\/storage.googleapis.com\/stateless-medishop-az\/2022\/12\/logo.png","width":300,"height":89,"caption":"Medishop"},"image":{"@id":"https:\/\/medishop.az\/#\/schema\/logo\/image\/"},"sameAs":["https:\/\/www.facebook.com\/medishop.azerbaijan"]}]}},"jetpack_sharing_enabled":true,"_links":{"self":[{"href":"https:\/\/medishop.az\/ru\/wp-json\/wp\/v2\/product\/2915","targetHints":{"allow":["GET"]}}],"collection":[{"href":"https:\/\/medishop.az\/ru\/wp-json\/wp\/v2\/product"}],"about":[{"href":"https:\/\/medishop.az\/ru\/wp-json\/wp\/v2\/types\/product"}],"wp:featuredmedia":[{"embeddable":true,"href":"https:\/\/medishop.az\/ru\/wp-json\/wp\/v2\/media\/2916"}],"wp:attachment":[{"href":"https:\/\/medishop.az\/ru\/wp-json\/wp\/v2\/media?parent=2915"}],"wp:term":[{"taxonomy":"product_cat","embeddable":true,"href":"https:\/\/medishop.az\/ru\/wp-json\/wp\/v2\/product_cat?post=2915"},{"taxonomy":"product_tag","embeddable":true,"href":"https:\/\/medishop.az\/ru\/wp-json\/wp\/v2\/product_tag?post=2915"}],"curies":[{"name":"wp","href":"https:\/\/api.w.org\/{rel}","templated":true}]}}