{"id":2894,"date":"2022-12-09T12:28:46","date_gmt":"2022-12-09T08:28:46","guid":{"rendered":"https:\/\/tap.idigit.az\/?post_type=product&#038;p=2894"},"modified":"2022-12-20T22:47:05","modified_gmt":"2022-12-20T18:47:05","slug":"compex-fit-1-0","status":"publish","type":"product","link":"https:\/\/medishop.az\/ru\/mehsul\/compex-fit-1-0\/","title":{"rendered":"COMPEX Fit 1.0"},"content":{"rendered":"<p>COMPEX Fit 1.0 &#8211; \u018fz\u0259l\u0259 elektrostimulyatoru (EMS) &#8211; d\u00fcnyada professional idman\u00e7\u0131lar v\u0259 h\u0259v\u0259skarlar t\u0259r\u0259find\u0259n geni\u015f istifad\u0259 olunur v\u0259 m\u0259\u015fq prosesinin \u0259v\u0259zedilm\u0259z hiss\u0259sidir.<\/p>","protected":false},"excerpt":{"rendered":"<p>COMPEX Fit 1.0 &#8211; \u018fz\u0259l\u0259 elektrostimulyatoru (EMS) &#8211; d\u00fcnyada professional idman\u00e7\u0131lar v\u0259 h\u0259v\u0259skarlar t\u0259r\u0259find\u0259n geni\u015f istifad\u0259 olunur v\u0259 m\u0259\u015fq prosesinin \u0259v\u0259zedilm\u0259z hiss\u0259sidir.<\/p>","protected":false},"featured_media":2897,"template":"","meta":[],"product_cat":[129,156,126,134,135],"product_tag":[211,210],"class_list":{"0":"post-2894","1":"product","2":"type-product","3":"status-publish","4":"has-post-thumbnail","6":"product_cat-reabilitasiya","7":"product_cat-reabilitasiya-aparatlari-reabilitasiya","8":"product_cat-tibbi-cihazlar","9":"product_cat-idman-aparatlari","10":"product_cat-reabilitasiya-aparatlari","11":"product_tag-reabilitasiya-aparatlari","12":"product_tag-realibitasiya-aparati-almaq","14":"first","15":"instock","16":"shipping-taxable","17":"purchasable","18":"product-type-simple"},"yoast_head":"<!-- This site is optimized with the Yoast SEO plugin v22.7 - https:\/\/yoast.com\/wordpress\/plugins\/seo\/ -->\n<title>COMPEX Fit 1.0 - Medishop<\/title>\n<meta name=\"robots\" content=\"index, follow, max-snippet:-1, max-image-preview:large, max-video-preview:-1\" \/>\n<link rel=\"canonical\" href=\"https:\/\/medishop.az\/ru\/mehsul\/compex-fit-1-0\/\" \/>\n<meta property=\"og:locale\" content=\"ru_RU\" \/>\n<meta property=\"og:type\" content=\"article\" \/>\n<meta property=\"og:title\" content=\"COMPEX Fit 1.0 - Medishop\" \/>\n<meta property=\"og:description\" content=\"COMPEX Fit 1.0 &#8211; \u018fz\u0259l\u0259 elektrostimulyatoru (EMS) &#8211; d\u00fcnyada professional idman\u00e7\u0131lar v\u0259 h\u0259v\u0259skarlar t\u0259r\u0259find\u0259n geni\u015f istifad\u0259 olunur v\u0259 m\u0259\u015fq prosesinin \u0259v\u0259zedilm\u0259z hiss\u0259sidir.\" \/>\n<meta property=\"og:url\" content=\"https:\/\/medishop.az\/ru\/mehsul\/compex-fit-1-0\/\" \/>\n<meta property=\"og:site_name\" content=\"Medishop\" \/>\n<meta property=\"article:publisher\" content=\"https:\/\/www.facebook.com\/medishop.azerbaijan\" \/>\n<meta property=\"article:modified_time\" content=\"2022-12-20T18:47:05+00:00\" \/>\n<meta property=\"og:image\" content=\"https:\/\/storage.googleapis.com\/stateless-medishop-az\/2022\/12\/Fit_1a-700x700-1.jpg\" \/>\n\t<meta property=\"og:image:width\" content=\"700\" \/>\n\t<meta property=\"og:image:height\" content=\"700\" \/>\n\t<meta property=\"og:image:type\" content=\"image\/jpeg\" \/>\n<meta name=\"twitter:card\" content=\"summary_large_image\" \/>\n<meta name=\"twitter:label1\" content=\"\u041f\u0440\u0438\u043c\u0435\u0440\u043d\u043e\u0435 \u0432\u0440\u0435\u043c\u044f \u0434\u043b\u044f \u0447\u0442\u0435\u043d\u0438\u044f\" \/>\n\t<meta name=\"twitter:data1\" content=\"1 \u043c\u0438\u043d\u0443\u0442\u0430\" \/>\n<script type=\"application\/ld+json\" class=\"yoast-schema-graph\">{\"@context\":\"https:\/\/schema.org\",\"@graph\":[{\"@type\":\"WebPage\",\"@id\":\"https:\/\/medishop.az\/mehsul\/compex-fit-1-0\/\",\"url\":\"https:\/\/medishop.az\/mehsul\/compex-fit-1-0\/\",\"name\":\"COMPEX Fit 1.0 - Medishop\",\"isPartOf\":{\"@id\":\"https:\/\/medishop.az\/#website\"},\"primaryImageOfPage\":{\"@id\":\"https:\/\/medishop.az\/mehsul\/compex-fit-1-0\/#primaryimage\"},\"image\":{\"@id\":\"https:\/\/medishop.az\/mehsul\/compex-fit-1-0\/#primaryimage\"},\"thumbnailUrl\":\"https:\/\/medishop.az\/wp-content\/uploads\/2022\/12\/Fit_1a-700x700-1.jpg\",\"datePublished\":\"2022-12-09T08:28:46+00:00\",\"dateModified\":\"2022-12-20T18:47:05+00:00\",\"breadcrumb\":{\"@id\":\"https:\/\/medishop.az\/mehsul\/compex-fit-1-0\/#breadcrumb\"},\"inLanguage\":\"ru-RU\",\"potentialAction\":[{\"@type\":\"ReadAction\",\"target\":[\"https:\/\/medishop.az\/mehsul\/compex-fit-1-0\/\"]}]},{\"@type\":\"ImageObject\",\"inLanguage\":\"ru-RU\",\"@id\":\"https:\/\/medishop.az\/mehsul\/compex-fit-1-0\/#primaryimage\",\"url\":\"https:\/\/medishop.az\/wp-content\/uploads\/2022\/12\/Fit_1a-700x700-1.jpg\",\"contentUrl\":\"https:\/\/medishop.az\/wp-content\/uploads\/2022\/12\/Fit_1a-700x700-1.jpg\",\"width\":700,\"height\":700},{\"@type\":\"BreadcrumbList\",\"@id\":\"https:\/\/medishop.az\/mehsul\/compex-fit-1-0\/#breadcrumb\",\"itemListElement\":[{\"@type\":\"ListItem\",\"position\":1,\"name\":\"\u018fsas\",\"item\":\"https:\/\/medishop.az\/\"},{\"@type\":\"ListItem\",\"position\":2,\"name\":\"Ma\u011faza\",\"item\":\"https:\/\/medishop.az\/ru\/shop\/\"},{\"@type\":\"ListItem\",\"position\":3,\"name\":\"COMPEX Fit 1.0\"}]},{\"@type\":\"WebSite\",\"@id\":\"https:\/\/medishop.az\/#website\",\"url\":\"https:\/\/medishop.az\/\",\"name\":\"Medishop\",\"description\":\"Onlayn tibbi ma\u011faza\",\"publisher\":{\"@id\":\"https:\/\/medishop.az\/#organization\"},\"potentialAction\":[{\"@type\":\"SearchAction\",\"target\":{\"@type\":\"EntryPoint\",\"urlTemplate\":\"https:\/\/medishop.az\/?s={search_term_string}\"},\"query-input\":\"required name=search_term_string\"}],\"inLanguage\":\"ru-RU\"},{\"@type\":\"Organization\",\"@id\":\"https:\/\/medishop.az\/#organization\",\"name\":\"Medishop\",\"url\":\"https:\/\/medishop.az\/\",\"logo\":{\"@type\":\"ImageObject\",\"inLanguage\":\"ru-RU\",\"@id\":\"https:\/\/medishop.az\/#\/schema\/logo\/image\/\",\"url\":\"https:\/\/storage.googleapis.com\/stateless-medishop-az\/2022\/12\/logo.png\",\"contentUrl\":\"https:\/\/storage.googleapis.com\/stateless-medishop-az\/2022\/12\/logo.png\",\"width\":300,\"height\":89,\"caption\":\"Medishop\"},\"image\":{\"@id\":\"https:\/\/medishop.az\/#\/schema\/logo\/image\/\"},\"sameAs\":[\"https:\/\/www.facebook.com\/medishop.azerbaijan\"]}]}<\/script>\n<!-- \/ Yoast SEO plugin. -->","yoast_head_json":{"title":"COMPEX Fit 1.0 - Medishop","robots":{"index":"index","follow":"follow","max-snippet":"max-snippet:-1","max-image-preview":"max-image-preview:large","max-video-preview":"max-video-preview:-1"},"canonical":"https:\/\/medishop.az\/ru\/mehsul\/compex-fit-1-0\/","og_locale":"ru_RU","og_type":"article","og_title":"COMPEX Fit 1.0 - Medishop","og_description":"COMPEX Fit 1.0 &#8211; \u018fz\u0259l\u0259 elektrostimulyatoru (EMS) &#8211; d\u00fcnyada professional idman\u00e7\u0131lar v\u0259 h\u0259v\u0259skarlar t\u0259r\u0259find\u0259n geni\u015f istifad\u0259 olunur v\u0259 m\u0259\u015fq prosesinin \u0259v\u0259zedilm\u0259z hiss\u0259sidir.","og_url":"https:\/\/medishop.az\/ru\/mehsul\/compex-fit-1-0\/","og_site_name":"Medishop","article_publisher":"https:\/\/www.facebook.com\/medishop.azerbaijan","article_modified_time":"2022-12-20T18:47:05+00:00","og_image":[{"width":700,"height":700,"url":"https:\/\/storage.googleapis.com\/stateless-medishop-az\/2022\/12\/Fit_1a-700x700-1.jpg","type":"image\/jpeg"}],"twitter_card":"summary_large_image","twitter_misc":{"\u041f\u0440\u0438\u043c\u0435\u0440\u043d\u043e\u0435 \u0432\u0440\u0435\u043c\u044f \u0434\u043b\u044f \u0447\u0442\u0435\u043d\u0438\u044f":"1 \u043c\u0438\u043d\u0443\u0442\u0430"},"schema":{"@context":"https:\/\/schema.org","@graph":[{"@type":"WebPage","@id":"https:\/\/medishop.az\/mehsul\/compex-fit-1-0\/","url":"https:\/\/medishop.az\/mehsul\/compex-fit-1-0\/","name":"COMPEX Fit 1.0 - Medishop","isPartOf":{"@id":"https:\/\/medishop.az\/#website"},"primaryImageOfPage":{"@id":"https:\/\/medishop.az\/mehsul\/compex-fit-1-0\/#primaryimage"},"image":{"@id":"https:\/\/medishop.az\/mehsul\/compex-fit-1-0\/#primaryimage"},"thumbnailUrl":"https:\/\/medishop.az\/wp-content\/uploads\/2022\/12\/Fit_1a-700x700-1.jpg","datePublished":"2022-12-09T08:28:46+00:00","dateModified":"2022-12-20T18:47:05+00:00","breadcrumb":{"@id":"https:\/\/medishop.az\/mehsul\/compex-fit-1-0\/#breadcrumb"},"inLanguage":"ru-RU","potentialAction":[{"@type":"ReadAction","target":["https:\/\/medishop.az\/mehsul\/compex-fit-1-0\/"]}]},{"@type":"ImageObject","inLanguage":"ru-RU","@id":"https:\/\/medishop.az\/mehsul\/compex-fit-1-0\/#primaryimage","url":"https:\/\/medishop.az\/wp-content\/uploads\/2022\/12\/Fit_1a-700x700-1.jpg","contentUrl":"https:\/\/medishop.az\/wp-content\/uploads\/2022\/12\/Fit_1a-700x700-1.jpg","width":700,"height":700},{"@type":"BreadcrumbList","@id":"https:\/\/medishop.az\/mehsul\/compex-fit-1-0\/#breadcrumb","itemListElement":[{"@type":"ListItem","position":1,"name":"\u018fsas","item":"https:\/\/medishop.az\/"},{"@type":"ListItem","position":2,"name":"Ma\u011faza","item":"https:\/\/medishop.az\/ru\/shop\/"},{"@type":"ListItem","position":3,"name":"COMPEX Fit 1.0"}]},{"@type":"WebSite","@id":"https:\/\/medishop.az\/#website","url":"https:\/\/medishop.az\/","name":"Medishop","description":"Onlayn tibbi ma\u011faza","publisher":{"@id":"https:\/\/medishop.az\/#organization"},"potentialAction":[{"@type":"SearchAction","target":{"@type":"EntryPoint","urlTemplate":"https:\/\/medishop.az\/?s={search_term_string}"},"query-input":"required name=search_term_string"}],"inLanguage":"ru-RU"},{"@type":"Organization","@id":"https:\/\/medishop.az\/#organization","name":"Medishop","url":"https:\/\/medishop.az\/","logo":{"@type":"ImageObject","inLanguage":"ru-RU","@id":"https:\/\/medishop.az\/#\/schema\/logo\/image\/","url":"https:\/\/storage.googleapis.com\/stateless-medishop-az\/2022\/12\/logo.png","contentUrl":"https:\/\/storage.googleapis.com\/stateless-medishop-az\/2022\/12\/logo.png","width":300,"height":89,"caption":"Medishop"},"image":{"@id":"https:\/\/medishop.az\/#\/schema\/logo\/image\/"},"sameAs":["https:\/\/www.facebook.com\/medishop.azerbaijan"]}]}},"jetpack_sharing_enabled":true,"_links":{"self":[{"href":"https:\/\/medishop.az\/ru\/wp-json\/wp\/v2\/product\/2894","targetHints":{"allow":["GET"]}}],"collection":[{"href":"https:\/\/medishop.az\/ru\/wp-json\/wp\/v2\/product"}],"about":[{"href":"https:\/\/medishop.az\/ru\/wp-json\/wp\/v2\/types\/product"}],"wp:featuredmedia":[{"embeddable":true,"href":"https:\/\/medishop.az\/ru\/wp-json\/wp\/v2\/media\/2897"}],"wp:attachment":[{"href":"https:\/\/medishop.az\/ru\/wp-json\/wp\/v2\/media?parent=2894"}],"wp:term":[{"taxonomy":"product_cat","embeddable":true,"href":"https:\/\/medishop.az\/ru\/wp-json\/wp\/v2\/product_cat?post=2894"},{"taxonomy":"product_tag","embeddable":true,"href":"https:\/\/medishop.az\/ru\/wp-json\/wp\/v2\/product_tag?post=2894"}],"curies":[{"name":"wp","href":"https:\/\/api.w.org\/{rel}","templated":true}]}}