{"id":2805,"date":"2022-12-08T18:05:12","date_gmt":"2022-12-08T14:05:12","guid":{"rendered":"https:\/\/tap.idigit.az\/?post_type=product&#038;p=2805"},"modified":"2023-01-08T21:09:36","modified_gmt":"2023-01-08T17:09:36","slug":"tibbi-soyuducu-pozis-xf-250-3","status":"publish","type":"product","link":"https:\/\/medishop.az\/ru\/mehsul\/tibbi-soyuducu-pozis-xf-250-3\/","title":{"rendered":"\u041c\u0435\u0434\u0438\u0446\u0438\u043d\u0441\u043a\u0438\u0439 \u0445\u043e\u043b\u043e\u0434\u0438\u043b\u044c\u043d\u0438\u043a Pozis XF 250-3"},"content":{"rendered":"<p>Kompressorlar\u0131n say\u0131 &#8211; 1<br \/>\nKameralar\u0131n say\u0131 &#8211; 1<br \/>\nQap\u0131lar\u0131n say\u0131 &#8211; 1<br \/>\nSoyuducu kameras\u0131nda temperatur &#8211; +2 &#8211; +15\u00b0\u0421<br \/>\nSoyuducu kameran\u0131n donunu a\u00e7mas\u0131 &#8211;\u00a0avtomatik<br \/>\n\u00dcmumi h\u0259cmi &#8211; 250 l<br \/>\nSoyuduc kameras\u0131n\u0131n h\u0259cmi &#8211; 250 l<br \/>\nDispley &#8211; var<br \/>\nKamerada temperaturun avtomatik saxlan\u0131lmas\u0131 &#8211; var<br \/>\nHavan\u0131n m\u0259cburi d\u00f6vriyy\u0259sinin sistemi &#8211; var<br \/>\nR\u0259fl\u0259rin material\u0131 &#8211;\u00a0metal<br \/>\nTermox\u0259rit\u0259nin m\u00f6vc\u00fcdlu\u011fu &#8211; var<br \/>\n\u0130qlim sinifi &#8211; SN<br \/>\n\u00d6l\u00e7\u00fcl\u0259r (ExDxH) &#8211; 60x61x130 sm<br \/>\n\u00c7\u0259ki &#8211; 50 kq<\/p>","protected":false},"excerpt":{"rendered":"<p>Kompressorlar\u0131n say\u0131 &#8211; 1 Kameralar\u0131n say\u0131 &#8211; 1 Qap\u0131lar\u0131n say\u0131 &#8211; 1 Soyuducu kameras\u0131nda temperatur &#8211; +2 &#8211; +15\u00b0\u0421 Soyuducu kameran\u0131n donunu a\u00e7mas\u0131 &#8211;\u00a0avtomatik \u00dcmumi h\u0259cmi &#8211; 250 l Soyuduc<\/p>","protected":false},"featured_media":2806,"template":"","meta":[],"product_cat":[126,138],"product_tag":[164,199],"class_list":{"0":"post-2805","1":"product","2":"type-product","3":"status-publish","4":"has-post-thumbnail","6":"product_cat-tibbi-cihazlar","7":"product_cat-tibbi-soyuducu","8":"product_tag-tibbi-cihazlar","9":"product_tag-tibbi-soyuducu-almaq","11":"first","12":"instock","13":"sale","14":"shipping-taxable","15":"purchasable","16":"product-type-simple"},"yoast_head":"<!-- This site is optimized with the Yoast SEO plugin v22.7 - https:\/\/yoast.com\/wordpress\/plugins\/seo\/ -->\n<title>Tibbi soyuducu Pozis XF 250-3 - Medishop<\/title>\n<meta name=\"robots\" content=\"index, follow, max-snippet:-1, max-image-preview:large, max-video-preview:-1\" \/>\n<link rel=\"canonical\" href=\"https:\/\/medishop.az\/ru\/mehsul\/tibbi-soyuducu-pozis-xf-250-3\/\" \/>\n<meta property=\"og:locale\" content=\"ru_RU\" \/>\n<meta property=\"og:type\" content=\"article\" \/>\n<meta property=\"og:title\" content=\"Tibbi soyuducu Pozis XF 250-3 - Medishop\" \/>\n<meta property=\"og:description\" content=\"Kompressorlar\u0131n say\u0131 &#8211; 1 Kameralar\u0131n say\u0131 &#8211; 1 Qap\u0131lar\u0131n say\u0131 &#8211; 1 Soyuducu kameras\u0131nda temperatur &#8211; +2 &#8211; +15\u00b0\u0421 Soyuducu kameran\u0131n donunu a\u00e7mas\u0131 &#8211;\u00a0avtomatik \u00dcmumi h\u0259cmi &#8211; 250 l Soyuduc\" \/>\n<meta property=\"og:url\" content=\"https:\/\/medishop.az\/ru\/mehsul\/tibbi-soyuducu-pozis-xf-250-3\/\" \/>\n<meta property=\"og:site_name\" content=\"Medishop\" \/>\n<meta property=\"article:publisher\" content=\"https:\/\/www.facebook.com\/medishop.azerbaijan\" \/>\n<meta property=\"article:modified_time\" content=\"2023-01-08T17:09:36+00:00\" \/>\n<meta property=\"og:image\" content=\"https:\/\/storage.googleapis.com\/stateless-medishop-az\/2022\/12\/large_czaciliq-soyuducu-pozis-xf-250-3.jpg\" \/>\n\t<meta property=\"og:image:width\" content=\"480\" \/>\n\t<meta property=\"og:image:height\" content=\"480\" \/>\n\t<meta property=\"og:image:type\" content=\"image\/jpeg\" \/>\n<meta name=\"twitter:card\" content=\"summary_large_image\" \/>\n<script type=\"application\/ld+json\" class=\"yoast-schema-graph\">{\"@context\":\"https:\/\/schema.org\",\"@graph\":[{\"@type\":\"WebPage\",\"@id\":\"https:\/\/medishop.az\/mehsul\/tibbi-soyuducu-pozis-xf-250-3\/\",\"url\":\"https:\/\/medishop.az\/mehsul\/tibbi-soyuducu-pozis-xf-250-3\/\",\"name\":\"Tibbi soyuducu Pozis XF 250-3 - Medishop\",\"isPartOf\":{\"@id\":\"https:\/\/medishop.az\/#website\"},\"primaryImageOfPage\":{\"@id\":\"https:\/\/medishop.az\/mehsul\/tibbi-soyuducu-pozis-xf-250-3\/#primaryimage\"},\"image\":{\"@id\":\"https:\/\/medishop.az\/mehsul\/tibbi-soyuducu-pozis-xf-250-3\/#primaryimage\"},\"thumbnailUrl\":\"https:\/\/medishop.az\/wp-content\/uploads\/2022\/12\/large_czaciliq-soyuducu-pozis-xf-250-3.jpg\",\"datePublished\":\"2022-12-08T14:05:12+00:00\",\"dateModified\":\"2023-01-08T17:09:36+00:00\",\"breadcrumb\":{\"@id\":\"https:\/\/medishop.az\/mehsul\/tibbi-soyuducu-pozis-xf-250-3\/#breadcrumb\"},\"inLanguage\":\"ru-RU\",\"potentialAction\":[{\"@type\":\"ReadAction\",\"target\":[\"https:\/\/medishop.az\/mehsul\/tibbi-soyuducu-pozis-xf-250-3\/\"]}]},{\"@type\":\"ImageObject\",\"inLanguage\":\"ru-RU\",\"@id\":\"https:\/\/medishop.az\/mehsul\/tibbi-soyuducu-pozis-xf-250-3\/#primaryimage\",\"url\":\"https:\/\/medishop.az\/wp-content\/uploads\/2022\/12\/large_czaciliq-soyuducu-pozis-xf-250-3.jpg\",\"contentUrl\":\"https:\/\/medishop.az\/wp-content\/uploads\/2022\/12\/large_czaciliq-soyuducu-pozis-xf-250-3.jpg\",\"width\":480,\"height\":480},{\"@type\":\"BreadcrumbList\",\"@id\":\"https:\/\/medishop.az\/mehsul\/tibbi-soyuducu-pozis-xf-250-3\/#breadcrumb\",\"itemListElement\":[{\"@type\":\"ListItem\",\"position\":1,\"name\":\"\u018fsas\",\"item\":\"https:\/\/medishop.az\/\"},{\"@type\":\"ListItem\",\"position\":2,\"name\":\"Ma\u011faza\",\"item\":\"https:\/\/medishop.az\/ru\/shop\/\"},{\"@type\":\"ListItem\",\"position\":3,\"name\":\"Tibbi soyuducu Pozis XF 250-3\"}]},{\"@type\":\"WebSite\",\"@id\":\"https:\/\/medishop.az\/#website\",\"url\":\"https:\/\/medishop.az\/\",\"name\":\"Medishop\",\"description\":\"Onlayn tibbi ma\u011faza\",\"publisher\":{\"@id\":\"https:\/\/medishop.az\/#organization\"},\"potentialAction\":[{\"@type\":\"SearchAction\",\"target\":{\"@type\":\"EntryPoint\",\"urlTemplate\":\"https:\/\/medishop.az\/?s={search_term_string}\"},\"query-input\":\"required name=search_term_string\"}],\"inLanguage\":\"ru-RU\"},{\"@type\":\"Organization\",\"@id\":\"https:\/\/medishop.az\/#organization\",\"name\":\"Medishop\",\"url\":\"https:\/\/medishop.az\/\",\"logo\":{\"@type\":\"ImageObject\",\"inLanguage\":\"ru-RU\",\"@id\":\"https:\/\/medishop.az\/#\/schema\/logo\/image\/\",\"url\":\"https:\/\/storage.googleapis.com\/stateless-medishop-az\/2022\/12\/logo.png\",\"contentUrl\":\"https:\/\/storage.googleapis.com\/stateless-medishop-az\/2022\/12\/logo.png\",\"width\":300,\"height\":89,\"caption\":\"Medishop\"},\"image\":{\"@id\":\"https:\/\/medishop.az\/#\/schema\/logo\/image\/\"},\"sameAs\":[\"https:\/\/www.facebook.com\/medishop.azerbaijan\"]}]}<\/script>\n<!-- \/ Yoast SEO plugin. -->","yoast_head_json":{"title":"Tibbi soyuducu Pozis XF 250-3 - Medishop","robots":{"index":"index","follow":"follow","max-snippet":"max-snippet:-1","max-image-preview":"max-image-preview:large","max-video-preview":"max-video-preview:-1"},"canonical":"https:\/\/medishop.az\/ru\/mehsul\/tibbi-soyuducu-pozis-xf-250-3\/","og_locale":"ru_RU","og_type":"article","og_title":"Tibbi soyuducu Pozis XF 250-3 - Medishop","og_description":"Kompressorlar\u0131n say\u0131 &#8211; 1 Kameralar\u0131n say\u0131 &#8211; 1 Qap\u0131lar\u0131n say\u0131 &#8211; 1 Soyuducu kameras\u0131nda temperatur &#8211; +2 &#8211; +15\u00b0\u0421 Soyuducu kameran\u0131n donunu a\u00e7mas\u0131 &#8211;\u00a0avtomatik \u00dcmumi h\u0259cmi &#8211; 250 l Soyuduc","og_url":"https:\/\/medishop.az\/ru\/mehsul\/tibbi-soyuducu-pozis-xf-250-3\/","og_site_name":"Medishop","article_publisher":"https:\/\/www.facebook.com\/medishop.azerbaijan","article_modified_time":"2023-01-08T17:09:36+00:00","og_image":[{"width":480,"height":480,"url":"https:\/\/storage.googleapis.com\/stateless-medishop-az\/2022\/12\/large_czaciliq-soyuducu-pozis-xf-250-3.jpg","type":"image\/jpeg"}],"twitter_card":"summary_large_image","schema":{"@context":"https:\/\/schema.org","@graph":[{"@type":"WebPage","@id":"https:\/\/medishop.az\/mehsul\/tibbi-soyuducu-pozis-xf-250-3\/","url":"https:\/\/medishop.az\/mehsul\/tibbi-soyuducu-pozis-xf-250-3\/","name":"Tibbi soyuducu Pozis XF 250-3 - Medishop","isPartOf":{"@id":"https:\/\/medishop.az\/#website"},"primaryImageOfPage":{"@id":"https:\/\/medishop.az\/mehsul\/tibbi-soyuducu-pozis-xf-250-3\/#primaryimage"},"image":{"@id":"https:\/\/medishop.az\/mehsul\/tibbi-soyuducu-pozis-xf-250-3\/#primaryimage"},"thumbnailUrl":"https:\/\/medishop.az\/wp-content\/uploads\/2022\/12\/large_czaciliq-soyuducu-pozis-xf-250-3.jpg","datePublished":"2022-12-08T14:05:12+00:00","dateModified":"2023-01-08T17:09:36+00:00","breadcrumb":{"@id":"https:\/\/medishop.az\/mehsul\/tibbi-soyuducu-pozis-xf-250-3\/#breadcrumb"},"inLanguage":"ru-RU","potentialAction":[{"@type":"ReadAction","target":["https:\/\/medishop.az\/mehsul\/tibbi-soyuducu-pozis-xf-250-3\/"]}]},{"@type":"ImageObject","inLanguage":"ru-RU","@id":"https:\/\/medishop.az\/mehsul\/tibbi-soyuducu-pozis-xf-250-3\/#primaryimage","url":"https:\/\/medishop.az\/wp-content\/uploads\/2022\/12\/large_czaciliq-soyuducu-pozis-xf-250-3.jpg","contentUrl":"https:\/\/medishop.az\/wp-content\/uploads\/2022\/12\/large_czaciliq-soyuducu-pozis-xf-250-3.jpg","width":480,"height":480},{"@type":"BreadcrumbList","@id":"https:\/\/medishop.az\/mehsul\/tibbi-soyuducu-pozis-xf-250-3\/#breadcrumb","itemListElement":[{"@type":"ListItem","position":1,"name":"\u018fsas","item":"https:\/\/medishop.az\/"},{"@type":"ListItem","position":2,"name":"Ma\u011faza","item":"https:\/\/medishop.az\/ru\/shop\/"},{"@type":"ListItem","position":3,"name":"Tibbi soyuducu Pozis XF 250-3"}]},{"@type":"WebSite","@id":"https:\/\/medishop.az\/#website","url":"https:\/\/medishop.az\/","name":"Medishop","description":"Onlayn tibbi ma\u011faza","publisher":{"@id":"https:\/\/medishop.az\/#organization"},"potentialAction":[{"@type":"SearchAction","target":{"@type":"EntryPoint","urlTemplate":"https:\/\/medishop.az\/?s={search_term_string}"},"query-input":"required name=search_term_string"}],"inLanguage":"ru-RU"},{"@type":"Organization","@id":"https:\/\/medishop.az\/#organization","name":"Medishop","url":"https:\/\/medishop.az\/","logo":{"@type":"ImageObject","inLanguage":"ru-RU","@id":"https:\/\/medishop.az\/#\/schema\/logo\/image\/","url":"https:\/\/storage.googleapis.com\/stateless-medishop-az\/2022\/12\/logo.png","contentUrl":"https:\/\/storage.googleapis.com\/stateless-medishop-az\/2022\/12\/logo.png","width":300,"height":89,"caption":"Medishop"},"image":{"@id":"https:\/\/medishop.az\/#\/schema\/logo\/image\/"},"sameAs":["https:\/\/www.facebook.com\/medishop.azerbaijan"]}]}},"jetpack_sharing_enabled":true,"_links":{"self":[{"href":"https:\/\/medishop.az\/ru\/wp-json\/wp\/v2\/product\/2805","targetHints":{"allow":["GET"]}}],"collection":[{"href":"https:\/\/medishop.az\/ru\/wp-json\/wp\/v2\/product"}],"about":[{"href":"https:\/\/medishop.az\/ru\/wp-json\/wp\/v2\/types\/product"}],"wp:featuredmedia":[{"embeddable":true,"href":"https:\/\/medishop.az\/ru\/wp-json\/wp\/v2\/media\/2806"}],"wp:attachment":[{"href":"https:\/\/medishop.az\/ru\/wp-json\/wp\/v2\/media?parent=2805"}],"wp:term":[{"taxonomy":"product_cat","embeddable":true,"href":"https:\/\/medishop.az\/ru\/wp-json\/wp\/v2\/product_cat?post=2805"},{"taxonomy":"product_tag","embeddable":true,"href":"https:\/\/medishop.az\/ru\/wp-json\/wp\/v2\/product_tag?post=2805"}],"curies":[{"name":"wp","href":"https:\/\/api.w.org\/{rel}","templated":true}]}}