{"id":2609,"date":"2022-12-08T02:37:02","date_gmt":"2022-12-07T22:37:02","guid":{"rendered":"https:\/\/tap.idigit.az\/?post_type=product&#038;p=2609"},"modified":"2023-01-08T13:23:35","modified_gmt":"2023-01-08T09:23:35","slug":"alert-j5-alkotester-professional","status":"publish","type":"product","link":"https:\/\/medishop.az\/ru\/mehsul\/alert-j5-alkotester-professional\/","title":{"rendered":"ALERT J5 &#8211; Alkotester (professional)"},"content":{"rendered":"<p>ALERT J5 &#8211; Alkotester (professional) &#8211; yol polisl\u0259ri v\u0259 s\u0259naye t\u0259hl\u00fck\u0259sizliyi i\u015f\u00e7il\u0259ri \u00fc\u00e7\u00fcn \u0259n g\u00f6z\u0259l kompanyondur.<\/p>\n<p>&nbsp;<\/p>\n<table class=\"table table-borderless\">\n<tbody>\n<tr>\n<td><img loading=\"lazy\" decoding=\"async\" class=\"img-responsive\" src=\"https:\/\/acs-corp.com\/image\/catalog\/ICN-80x80-sensor.png\" alt=\"specs\" width=\"70\" height=\"70\" \/><\/td>\n<td>Sensor<br \/>\nElectrochemical<\/td>\n<td><img loading=\"lazy\" decoding=\"async\" class=\"img-responsive\" src=\"https:\/\/acs-corp.com\/image\/catalog\/ICN-80x80-display.png\" alt=\"specs\" width=\"70\" height=\"70\" \/><\/td>\n<td>Display<br \/>\nGraphic LCD<\/td>\n<\/tr>\n<tr>\n<td><img loading=\"lazy\" decoding=\"async\" class=\"img-responsive\" src=\"https:\/\/acs-corp.com\/image\/catalog\/ICN-80x80-10seconds.png\" alt=\"specs\" width=\"70\" height=\"70\" \/><\/td>\n<td>Analysis Time<br \/>\n\u227a 10 seconds<\/td>\n<td><img loading=\"lazy\" decoding=\"async\" class=\"img-responsive\" src=\"https:\/\/acs-corp.com\/image\/catalog\/ICN-80x80-memory.png\" alt=\"specs\" width=\"70\" height=\"70\" \/><\/td>\n<td>Memory<br \/>\n10,000 time-stamped events<\/td>\n<\/tr>\n<tr>\n<td><img loading=\"lazy\" decoding=\"async\" class=\"img-responsive\" src=\"https:\/\/acs-corp.com\/image\/catalog\/ICN-80x80-accuracy.png\" alt=\"specs\" width=\"70\" height=\"70\" \/><\/td>\n<td>Accuracy<br \/>\n\u00b1 5 @ 100 mg\/dL<\/td>\n<td><img loading=\"lazy\" decoding=\"async\" class=\"img-responsive\" src=\"https:\/\/acs-corp.com\/image\/catalog\/ICN-80x80-battery.png\" alt=\"specs\" width=\"70\" height=\"70\" \/><\/td>\n<td>Battery<br \/>\n2 AA alkaline<\/td>\n<\/tr>\n<\/tbody>\n<\/table>","protected":false},"excerpt":{"rendered":"<p>ALERT J5 &#8211; Alkotester (professional) &#8211; yol polisl\u0259ri v\u0259 s\u0259naye t\u0259hl\u00fck\u0259sizliyi i\u015f\u00e7il\u0259ri \u00fc\u00e7\u00fcn \u0259n g\u00f6z\u0259l kompanyondur. &nbsp; Sensor Electrochemical Display Graphic LCD Analysis Time \u227a 10 seconds Memory 10,000 time-stamped<\/p>","protected":false},"featured_media":2611,"template":"","meta":[],"product_cat":[126,136],"product_tag":[185,164],"class_list":{"0":"post-2609","1":"product","2":"type-product","3":"status-publish","4":"has-post-thumbnail","6":"product_cat-tibbi-cihazlar","7":"product_cat-alkotester","8":"product_tag-alkotester-almaq","9":"product_tag-tibbi-cihazlar","11":"first","12":"instock","13":"shipping-taxable","14":"purchasable","15":"product-type-simple"},"yoast_head":"<!-- This site is optimized with the Yoast SEO plugin v22.7 - https:\/\/yoast.com\/wordpress\/plugins\/seo\/ -->\n<title>ALERT J5 - Alkotester (professional) - Medishop<\/title>\n<meta name=\"robots\" content=\"index, follow, max-snippet:-1, max-image-preview:large, max-video-preview:-1\" \/>\n<link rel=\"canonical\" href=\"https:\/\/medishop.az\/ru\/mehsul\/alert-j5-alkotester-professional\/\" \/>\n<meta property=\"og:locale\" content=\"ru_RU\" \/>\n<meta property=\"og:type\" content=\"article\" \/>\n<meta property=\"og:title\" content=\"ALERT J5 - Alkotester (professional) - Medishop\" \/>\n<meta property=\"og:description\" content=\"ALERT J5 &#8211; Alkotester (professional) &#8211; yol polisl\u0259ri v\u0259 s\u0259naye t\u0259hl\u00fck\u0259sizliyi i\u015f\u00e7il\u0259ri \u00fc\u00e7\u00fcn \u0259n g\u00f6z\u0259l kompanyondur. &nbsp; Sensor Electrochemical Display Graphic LCD Analysis Time \u227a 10 seconds Memory 10,000 time-stamped\" \/>\n<meta property=\"og:url\" content=\"https:\/\/medishop.az\/ru\/mehsul\/alert-j5-alkotester-professional\/\" \/>\n<meta property=\"og:site_name\" content=\"Medishop\" \/>\n<meta property=\"article:publisher\" content=\"https:\/\/www.facebook.com\/medishop.azerbaijan\" \/>\n<meta property=\"article:modified_time\" content=\"2023-01-08T09:23:35+00:00\" \/>\n<meta property=\"og:image\" content=\"https:\/\/storage.googleapis.com\/stateless-medishop-az\/2022\/12\/ready.jpg\" \/>\n\t<meta property=\"og:image:width\" content=\"1000\" \/>\n\t<meta property=\"og:image:height\" content=\"1000\" \/>\n\t<meta property=\"og:image:type\" content=\"image\/jpeg\" \/>\n<meta name=\"twitter:card\" content=\"summary_large_image\" \/>\n<meta name=\"twitter:label1\" content=\"\u041f\u0440\u0438\u043c\u0435\u0440\u043d\u043e\u0435 \u0432\u0440\u0435\u043c\u044f \u0434\u043b\u044f \u0447\u0442\u0435\u043d\u0438\u044f\" \/>\n\t<meta name=\"twitter:data1\" content=\"2 \u043c\u0438\u043d\u0443\u0442\u044b\" \/>\n<script type=\"application\/ld+json\" class=\"yoast-schema-graph\">{\"@context\":\"https:\/\/schema.org\",\"@graph\":[{\"@type\":\"WebPage\",\"@id\":\"https:\/\/medishop.az\/mehsul\/alert-j5-alkotester-professional\/\",\"url\":\"https:\/\/medishop.az\/mehsul\/alert-j5-alkotester-professional\/\",\"name\":\"ALERT J5 - Alkotester (professional) - Medishop\",\"isPartOf\":{\"@id\":\"https:\/\/medishop.az\/#website\"},\"primaryImageOfPage\":{\"@id\":\"https:\/\/medishop.az\/mehsul\/alert-j5-alkotester-professional\/#primaryimage\"},\"image\":{\"@id\":\"https:\/\/medishop.az\/mehsul\/alert-j5-alkotester-professional\/#primaryimage\"},\"thumbnailUrl\":\"https:\/\/medishop.az\/wp-content\/uploads\/2022\/12\/ready.jpg\",\"datePublished\":\"2022-12-07T22:37:02+00:00\",\"dateModified\":\"2023-01-08T09:23:35+00:00\",\"breadcrumb\":{\"@id\":\"https:\/\/medishop.az\/mehsul\/alert-j5-alkotester-professional\/#breadcrumb\"},\"inLanguage\":\"ru-RU\",\"potentialAction\":[{\"@type\":\"ReadAction\",\"target\":[\"https:\/\/medishop.az\/mehsul\/alert-j5-alkotester-professional\/\"]}]},{\"@type\":\"ImageObject\",\"inLanguage\":\"ru-RU\",\"@id\":\"https:\/\/medishop.az\/mehsul\/alert-j5-alkotester-professional\/#primaryimage\",\"url\":\"https:\/\/medishop.az\/wp-content\/uploads\/2022\/12\/ready.jpg\",\"contentUrl\":\"https:\/\/medishop.az\/wp-content\/uploads\/2022\/12\/ready.jpg\",\"width\":1000,\"height\":1000},{\"@type\":\"BreadcrumbList\",\"@id\":\"https:\/\/medishop.az\/mehsul\/alert-j5-alkotester-professional\/#breadcrumb\",\"itemListElement\":[{\"@type\":\"ListItem\",\"position\":1,\"name\":\"\u018fsas\",\"item\":\"https:\/\/medishop.az\/\"},{\"@type\":\"ListItem\",\"position\":2,\"name\":\"Ma\u011faza\",\"item\":\"https:\/\/medishop.az\/ru\/shop\/\"},{\"@type\":\"ListItem\",\"position\":3,\"name\":\"ALERT J5 &#8211; Alkotester (professional)\"}]},{\"@type\":\"WebSite\",\"@id\":\"https:\/\/medishop.az\/#website\",\"url\":\"https:\/\/medishop.az\/\",\"name\":\"Medishop\",\"description\":\"Onlayn tibbi ma\u011faza\",\"publisher\":{\"@id\":\"https:\/\/medishop.az\/#organization\"},\"potentialAction\":[{\"@type\":\"SearchAction\",\"target\":{\"@type\":\"EntryPoint\",\"urlTemplate\":\"https:\/\/medishop.az\/?s={search_term_string}\"},\"query-input\":\"required name=search_term_string\"}],\"inLanguage\":\"ru-RU\"},{\"@type\":\"Organization\",\"@id\":\"https:\/\/medishop.az\/#organization\",\"name\":\"Medishop\",\"url\":\"https:\/\/medishop.az\/\",\"logo\":{\"@type\":\"ImageObject\",\"inLanguage\":\"ru-RU\",\"@id\":\"https:\/\/medishop.az\/#\/schema\/logo\/image\/\",\"url\":\"https:\/\/storage.googleapis.com\/stateless-medishop-az\/2022\/12\/logo.png\",\"contentUrl\":\"https:\/\/storage.googleapis.com\/stateless-medishop-az\/2022\/12\/logo.png\",\"width\":300,\"height\":89,\"caption\":\"Medishop\"},\"image\":{\"@id\":\"https:\/\/medishop.az\/#\/schema\/logo\/image\/\"},\"sameAs\":[\"https:\/\/www.facebook.com\/medishop.azerbaijan\"]}]}<\/script>\n<!-- \/ Yoast SEO plugin. -->","yoast_head_json":{"title":"ALERT J5 - Alkotester (professional) - Medishop","robots":{"index":"index","follow":"follow","max-snippet":"max-snippet:-1","max-image-preview":"max-image-preview:large","max-video-preview":"max-video-preview:-1"},"canonical":"https:\/\/medishop.az\/ru\/mehsul\/alert-j5-alkotester-professional\/","og_locale":"ru_RU","og_type":"article","og_title":"ALERT J5 - Alkotester (professional) - Medishop","og_description":"ALERT J5 &#8211; Alkotester (professional) &#8211; yol polisl\u0259ri v\u0259 s\u0259naye t\u0259hl\u00fck\u0259sizliyi i\u015f\u00e7il\u0259ri \u00fc\u00e7\u00fcn \u0259n g\u00f6z\u0259l kompanyondur. &nbsp; Sensor Electrochemical Display Graphic LCD Analysis Time \u227a 10 seconds Memory 10,000 time-stamped","og_url":"https:\/\/medishop.az\/ru\/mehsul\/alert-j5-alkotester-professional\/","og_site_name":"Medishop","article_publisher":"https:\/\/www.facebook.com\/medishop.azerbaijan","article_modified_time":"2023-01-08T09:23:35+00:00","og_image":[{"width":1000,"height":1000,"url":"https:\/\/storage.googleapis.com\/stateless-medishop-az\/2022\/12\/ready.jpg","type":"image\/jpeg"}],"twitter_card":"summary_large_image","twitter_misc":{"\u041f\u0440\u0438\u043c\u0435\u0440\u043d\u043e\u0435 \u0432\u0440\u0435\u043c\u044f \u0434\u043b\u044f \u0447\u0442\u0435\u043d\u0438\u044f":"2 \u043c\u0438\u043d\u0443\u0442\u044b"},"schema":{"@context":"https:\/\/schema.org","@graph":[{"@type":"WebPage","@id":"https:\/\/medishop.az\/mehsul\/alert-j5-alkotester-professional\/","url":"https:\/\/medishop.az\/mehsul\/alert-j5-alkotester-professional\/","name":"ALERT J5 - Alkotester (professional) - Medishop","isPartOf":{"@id":"https:\/\/medishop.az\/#website"},"primaryImageOfPage":{"@id":"https:\/\/medishop.az\/mehsul\/alert-j5-alkotester-professional\/#primaryimage"},"image":{"@id":"https:\/\/medishop.az\/mehsul\/alert-j5-alkotester-professional\/#primaryimage"},"thumbnailUrl":"https:\/\/medishop.az\/wp-content\/uploads\/2022\/12\/ready.jpg","datePublished":"2022-12-07T22:37:02+00:00","dateModified":"2023-01-08T09:23:35+00:00","breadcrumb":{"@id":"https:\/\/medishop.az\/mehsul\/alert-j5-alkotester-professional\/#breadcrumb"},"inLanguage":"ru-RU","potentialAction":[{"@type":"ReadAction","target":["https:\/\/medishop.az\/mehsul\/alert-j5-alkotester-professional\/"]}]},{"@type":"ImageObject","inLanguage":"ru-RU","@id":"https:\/\/medishop.az\/mehsul\/alert-j5-alkotester-professional\/#primaryimage","url":"https:\/\/medishop.az\/wp-content\/uploads\/2022\/12\/ready.jpg","contentUrl":"https:\/\/medishop.az\/wp-content\/uploads\/2022\/12\/ready.jpg","width":1000,"height":1000},{"@type":"BreadcrumbList","@id":"https:\/\/medishop.az\/mehsul\/alert-j5-alkotester-professional\/#breadcrumb","itemListElement":[{"@type":"ListItem","position":1,"name":"\u018fsas","item":"https:\/\/medishop.az\/"},{"@type":"ListItem","position":2,"name":"Ma\u011faza","item":"https:\/\/medishop.az\/ru\/shop\/"},{"@type":"ListItem","position":3,"name":"ALERT J5 &#8211; Alkotester (professional)"}]},{"@type":"WebSite","@id":"https:\/\/medishop.az\/#website","url":"https:\/\/medishop.az\/","name":"Medishop","description":"Onlayn tibbi ma\u011faza","publisher":{"@id":"https:\/\/medishop.az\/#organization"},"potentialAction":[{"@type":"SearchAction","target":{"@type":"EntryPoint","urlTemplate":"https:\/\/medishop.az\/?s={search_term_string}"},"query-input":"required name=search_term_string"}],"inLanguage":"ru-RU"},{"@type":"Organization","@id":"https:\/\/medishop.az\/#organization","name":"Medishop","url":"https:\/\/medishop.az\/","logo":{"@type":"ImageObject","inLanguage":"ru-RU","@id":"https:\/\/medishop.az\/#\/schema\/logo\/image\/","url":"https:\/\/storage.googleapis.com\/stateless-medishop-az\/2022\/12\/logo.png","contentUrl":"https:\/\/storage.googleapis.com\/stateless-medishop-az\/2022\/12\/logo.png","width":300,"height":89,"caption":"Medishop"},"image":{"@id":"https:\/\/medishop.az\/#\/schema\/logo\/image\/"},"sameAs":["https:\/\/www.facebook.com\/medishop.azerbaijan"]}]}},"jetpack_sharing_enabled":true,"_links":{"self":[{"href":"https:\/\/medishop.az\/ru\/wp-json\/wp\/v2\/product\/2609","targetHints":{"allow":["GET"]}}],"collection":[{"href":"https:\/\/medishop.az\/ru\/wp-json\/wp\/v2\/product"}],"about":[{"href":"https:\/\/medishop.az\/ru\/wp-json\/wp\/v2\/types\/product"}],"wp:featuredmedia":[{"embeddable":true,"href":"https:\/\/medishop.az\/ru\/wp-json\/wp\/v2\/media\/2611"}],"wp:attachment":[{"href":"https:\/\/medishop.az\/ru\/wp-json\/wp\/v2\/media?parent=2609"}],"wp:term":[{"taxonomy":"product_cat","embeddable":true,"href":"https:\/\/medishop.az\/ru\/wp-json\/wp\/v2\/product_cat?post=2609"},{"taxonomy":"product_tag","embeddable":true,"href":"https:\/\/medishop.az\/ru\/wp-json\/wp\/v2\/product_tag?post=2609"}],"curies":[{"name":"wp","href":"https:\/\/api.w.org\/{rel}","templated":true}]}}