{"id":2601,"date":"2022-12-08T02:10:09","date_gmt":"2022-12-07T22:10:09","guid":{"rendered":"https:\/\/tap.idigit.az\/?post_type=product&#038;p=2601"},"modified":"2024-07-20T18:31:21","modified_gmt":"2024-07-20T14:31:21","slug":"jupiter-x-alkotester-professional","status":"publish","type":"product","link":"https:\/\/medishop.az\/ru\/mehsul\/jupiter-x-alkotester-professional\/","title":{"rendered":"JUP\u0130TER X &#8211; Alkotester (professional)"},"content":{"rendered":"<p>JUP\u0130TER X &#8211; Alkotester (professional) b\u00f6y\u00fck toxunu\u015flu ekranl\u0131 v\u0259 android platformal\u0131 \u0259n son model cihazlardand\u0131r.<\/p>\n<p>T\u0259sviri:<\/p>\n<table class=\"table table-striped\">\n<tbody>\n<tr>\n<td class=\"name\">Sensor<\/td>\n<td>\n<div class=\"spec\">Fuel Cell<\/div>\n<\/td>\n<\/tr>\n<tr>\n<td class=\"name\">Operating System<\/td>\n<td>\n<div class=\"spec\">Android 5.1<\/div>\n<\/td>\n<\/tr>\n<tr>\n<td class=\"name\">Wireless Communication<\/td>\n<td>\n<div class=\"spec\">4G, WIFI<\/div>\n<\/td>\n<\/tr>\n<tr>\n<td class=\"name\">Working Temperature<\/td>\n<td>\n<div class=\"spec\">-10\u00b0C to 50\u00b0C<\/div>\n<\/td>\n<\/tr>\n<tr>\n<td class=\"name\">Storage Temperature<\/td>\n<td>\n<div class=\"spec\">-30\u00b0C to 70\u00b0C<\/div>\n<\/td>\n<\/tr>\n<tr>\n<td class=\"name\">Size<\/td>\n<td>\n<div class=\"spec\">21.2 x 8 x 3.6cm<\/div>\n<\/td>\n<\/tr>\n<tr>\n<td class=\"name\">Weight<\/td>\n<td>\n<div class=\"spec\">433g included battery<\/div>\n<\/td>\n<\/tr>\n<tr>\n<td class=\"name\">Battery<\/td>\n<td>\n<div class=\"spec\">7.4V 2,000mAh Li-ion rechargeable battery<\/div>\n<\/td>\n<\/tr>\n<tr>\n<td class=\"name\">Battery Life<\/td>\n<td>\n<div class=\"spec\">700 tests (250 tests with printout)<\/div>\n<\/td>\n<\/tr>\n<tr>\n<td class=\"name\">Memory<\/td>\n<td>\n<div class=\"spec\">100,000 tests records including all information<\/div>\n<\/td>\n<\/tr>\n<tr>\n<td class=\"name\">Display<\/td>\n<td>\n<div class=\"spec\">4.3&#8243; TFT colour touch screen<\/div>\n<\/td>\n<\/tr>\n<tr>\n<td class=\"name\">Camera<\/td>\n<td>\n<div class=\"spec\">5 Megapixel 120\u00b0 wide angle lens<\/div>\n<\/td>\n<\/tr>\n<tr>\n<td class=\"name\">Response Time<\/td>\n<td>\n<div class=\"spec\">5 seconds<\/div>\n<\/td>\n<\/tr>\n<tr>\n<td class=\"name\">Sampling System<\/td>\n<td>\n<div class=\"spec\">Automatically or manually takes a lung sample<\/div>\n<\/td>\n<\/tr>\n<tr>\n<td class=\"name\">Optional Power<\/td>\n<td>\n<div class=\"spec\">Supply 12 volt car adapter or AC 6 volt adapter<\/div>\n<\/td>\n<\/tr>\n<tr>\n<td class=\"name\">Units of Measure<\/td>\n<td>\n<div class=\"spec\">BrAC: mg\/L, or other units<br \/>\nBAC: grm%, mg\/mL, mg\/100mL, or other units<\/div>\n<\/td>\n<\/tr>\n<tr>\n<td class=\"name\">Detection Range<\/td>\n<td>\n<div class=\"spec\">0.00% BAC to 0.4% BAC<\/div>\n<\/td>\n<\/tr>\n<tr>\n<td class=\"name\">Accuracy<\/td>\n<td>\n<div class=\"spec\">0 &#8211; 0.10% BAC \u00b15%<br \/>\n0.10 &#8211; 0.15% BAC \u00b18%<br \/>\n&gt;0.15% BAC \u00b110%<\/div>\n<\/td>\n<\/tr>\n<tr>\n<td class=\"name\">GPS<\/td>\n<td>\n<div class=\"spec\">5M range<\/div>\n<\/td>\n<\/tr>\n<tr>\n<td class=\"name\">Printer<\/td>\n<td>\n<div class=\"spec\">Thermal Printer<\/div>\n<\/td>\n<\/tr>\n<tr>\n<td class=\"name\">Connection Type<\/td>\n<td>\n<div class=\"spec\">USB<\/div>\n<\/td>\n<\/tr>\n<\/tbody>\n<\/table>","protected":false},"excerpt":{"rendered":"<p>JUP\u0130TER X &#8211; Alkotester (professional) b\u00f6y\u00fck toxunu\u015flu ekranl\u0131 v\u0259 android platformal\u0131 \u0259n son model cihazlardand\u0131r. T\u0259sviri: Sensor Fuel Cell Operating System Android 5.1 Wireless Communication 4G, WIFI Working Temperature -10\u00b0C<\/p>","protected":false},"featured_media":2602,"template":"","meta":[],"product_cat":[126,136],"product_tag":[185],"class_list":{"0":"post-2601","1":"product","2":"type-product","3":"status-publish","4":"has-post-thumbnail","6":"product_cat-tibbi-cihazlar","7":"product_cat-alkotester","8":"product_tag-alkotester-almaq","10":"first","11":"instock","12":"shipping-taxable","13":"purchasable","14":"product-type-simple"},"yoast_head":"<!-- This site is optimized with the Yoast SEO plugin v22.7 - https:\/\/yoast.com\/wordpress\/plugins\/seo\/ -->\n<title>JUP\u0130TER X - Alkotester (professional) - Medishop<\/title>\n<meta name=\"robots\" content=\"index, follow, max-snippet:-1, max-image-preview:large, max-video-preview:-1\" \/>\n<link rel=\"canonical\" href=\"https:\/\/medishop.az\/ru\/mehsul\/jupiter-x-alkotester-professional\/\" \/>\n<meta property=\"og:locale\" content=\"ru_RU\" \/>\n<meta property=\"og:type\" content=\"article\" \/>\n<meta property=\"og:title\" content=\"JUP\u0130TER X - Alkotester (professional) - Medishop\" \/>\n<meta property=\"og:description\" content=\"JUP\u0130TER X &#8211; Alkotester (professional) b\u00f6y\u00fck toxunu\u015flu ekranl\u0131 v\u0259 android platformal\u0131 \u0259n son model cihazlardand\u0131r. T\u0259sviri: Sensor Fuel Cell Operating System Android 5.1 Wireless Communication 4G, WIFI Working Temperature -10\u00b0C\" \/>\n<meta property=\"og:url\" content=\"https:\/\/medishop.az\/ru\/mehsul\/jupiter-x-alkotester-professional\/\" \/>\n<meta property=\"og:site_name\" content=\"Medishop\" \/>\n<meta property=\"article:publisher\" content=\"https:\/\/www.facebook.com\/medishop.azerbaijan\" \/>\n<meta property=\"article:modified_time\" content=\"2024-07-20T14:31:21+00:00\" \/>\n<meta property=\"og:image\" content=\"https:\/\/medishop.az\/wp-content\/uploads\/2022\/12\/jupiterxx.jpg\" \/>\n\t<meta property=\"og:image:width\" content=\"1000\" \/>\n\t<meta property=\"og:image:height\" content=\"1000\" \/>\n\t<meta property=\"og:image:type\" content=\"image\/jpeg\" \/>\n<meta name=\"twitter:card\" content=\"summary_large_image\" \/>\n<meta name=\"twitter:label1\" content=\"\u041f\u0440\u0438\u043c\u0435\u0440\u043d\u043e\u0435 \u0432\u0440\u0435\u043c\u044f \u0434\u043b\u044f \u0447\u0442\u0435\u043d\u0438\u044f\" \/>\n\t<meta name=\"twitter:data1\" content=\"2 \u043c\u0438\u043d\u0443\u0442\u044b\" \/>\n<script type=\"application\/ld+json\" class=\"yoast-schema-graph\">{\"@context\":\"https:\/\/schema.org\",\"@graph\":[{\"@type\":\"WebPage\",\"@id\":\"https:\/\/medishop.az\/mehsul\/jupiter-x-alkotester-professional\/\",\"url\":\"https:\/\/medishop.az\/mehsul\/jupiter-x-alkotester-professional\/\",\"name\":\"JUP\u0130TER X - Alkotester (professional) - Medishop\",\"isPartOf\":{\"@id\":\"https:\/\/medishop.az\/#website\"},\"primaryImageOfPage\":{\"@id\":\"https:\/\/medishop.az\/mehsul\/jupiter-x-alkotester-professional\/#primaryimage\"},\"image\":{\"@id\":\"https:\/\/medishop.az\/mehsul\/jupiter-x-alkotester-professional\/#primaryimage\"},\"thumbnailUrl\":\"https:\/\/medishop.az\/wp-content\/uploads\/2022\/12\/jupiterxx.jpg\",\"datePublished\":\"2022-12-07T22:10:09+00:00\",\"dateModified\":\"2024-07-20T14:31:21+00:00\",\"breadcrumb\":{\"@id\":\"https:\/\/medishop.az\/mehsul\/jupiter-x-alkotester-professional\/#breadcrumb\"},\"inLanguage\":\"ru-RU\",\"potentialAction\":[{\"@type\":\"ReadAction\",\"target\":[\"https:\/\/medishop.az\/mehsul\/jupiter-x-alkotester-professional\/\"]}]},{\"@type\":\"ImageObject\",\"inLanguage\":\"ru-RU\",\"@id\":\"https:\/\/medishop.az\/mehsul\/jupiter-x-alkotester-professional\/#primaryimage\",\"url\":\"https:\/\/medishop.az\/wp-content\/uploads\/2022\/12\/jupiterxx.jpg\",\"contentUrl\":\"https:\/\/medishop.az\/wp-content\/uploads\/2022\/12\/jupiterxx.jpg\",\"width\":1000,\"height\":1000},{\"@type\":\"BreadcrumbList\",\"@id\":\"https:\/\/medishop.az\/mehsul\/jupiter-x-alkotester-professional\/#breadcrumb\",\"itemListElement\":[{\"@type\":\"ListItem\",\"position\":1,\"name\":\"\u018fsas\",\"item\":\"https:\/\/medishop.az\/\"},{\"@type\":\"ListItem\",\"position\":2,\"name\":\"Ma\u011faza\",\"item\":\"https:\/\/medishop.az\/ru\/shop\/\"},{\"@type\":\"ListItem\",\"position\":3,\"name\":\"JUP\u0130TER X &#8211; Alkotester (professional)\"}]},{\"@type\":\"WebSite\",\"@id\":\"https:\/\/medishop.az\/#website\",\"url\":\"https:\/\/medishop.az\/\",\"name\":\"Medishop\",\"description\":\"Onlayn tibbi ma\u011faza\",\"publisher\":{\"@id\":\"https:\/\/medishop.az\/#organization\"},\"potentialAction\":[{\"@type\":\"SearchAction\",\"target\":{\"@type\":\"EntryPoint\",\"urlTemplate\":\"https:\/\/medishop.az\/?s={search_term_string}\"},\"query-input\":\"required name=search_term_string\"}],\"inLanguage\":\"ru-RU\"},{\"@type\":\"Organization\",\"@id\":\"https:\/\/medishop.az\/#organization\",\"name\":\"Medishop\",\"url\":\"https:\/\/medishop.az\/\",\"logo\":{\"@type\":\"ImageObject\",\"inLanguage\":\"ru-RU\",\"@id\":\"https:\/\/medishop.az\/#\/schema\/logo\/image\/\",\"url\":\"https:\/\/storage.googleapis.com\/stateless-medishop-az\/2022\/12\/logo.png\",\"contentUrl\":\"https:\/\/storage.googleapis.com\/stateless-medishop-az\/2022\/12\/logo.png\",\"width\":300,\"height\":89,\"caption\":\"Medishop\"},\"image\":{\"@id\":\"https:\/\/medishop.az\/#\/schema\/logo\/image\/\"},\"sameAs\":[\"https:\/\/www.facebook.com\/medishop.azerbaijan\"]}]}<\/script>\n<!-- \/ Yoast SEO plugin. -->","yoast_head_json":{"title":"JUP\u0130TER X - Alkotester (professional) - Medishop","robots":{"index":"index","follow":"follow","max-snippet":"max-snippet:-1","max-image-preview":"max-image-preview:large","max-video-preview":"max-video-preview:-1"},"canonical":"https:\/\/medishop.az\/ru\/mehsul\/jupiter-x-alkotester-professional\/","og_locale":"ru_RU","og_type":"article","og_title":"JUP\u0130TER X - Alkotester (professional) - Medishop","og_description":"JUP\u0130TER X &#8211; Alkotester (professional) b\u00f6y\u00fck toxunu\u015flu ekranl\u0131 v\u0259 android platformal\u0131 \u0259n son model cihazlardand\u0131r. T\u0259sviri: Sensor Fuel Cell Operating System Android 5.1 Wireless Communication 4G, WIFI Working Temperature -10\u00b0C","og_url":"https:\/\/medishop.az\/ru\/mehsul\/jupiter-x-alkotester-professional\/","og_site_name":"Medishop","article_publisher":"https:\/\/www.facebook.com\/medishop.azerbaijan","article_modified_time":"2024-07-20T14:31:21+00:00","og_image":[{"width":1000,"height":1000,"url":"https:\/\/medishop.az\/wp-content\/uploads\/2022\/12\/jupiterxx.jpg","type":"image\/jpeg"}],"twitter_card":"summary_large_image","twitter_misc":{"\u041f\u0440\u0438\u043c\u0435\u0440\u043d\u043e\u0435 \u0432\u0440\u0435\u043c\u044f \u0434\u043b\u044f \u0447\u0442\u0435\u043d\u0438\u044f":"2 \u043c\u0438\u043d\u0443\u0442\u044b"},"schema":{"@context":"https:\/\/schema.org","@graph":[{"@type":"WebPage","@id":"https:\/\/medishop.az\/mehsul\/jupiter-x-alkotester-professional\/","url":"https:\/\/medishop.az\/mehsul\/jupiter-x-alkotester-professional\/","name":"JUP\u0130TER X - Alkotester (professional) - Medishop","isPartOf":{"@id":"https:\/\/medishop.az\/#website"},"primaryImageOfPage":{"@id":"https:\/\/medishop.az\/mehsul\/jupiter-x-alkotester-professional\/#primaryimage"},"image":{"@id":"https:\/\/medishop.az\/mehsul\/jupiter-x-alkotester-professional\/#primaryimage"},"thumbnailUrl":"https:\/\/medishop.az\/wp-content\/uploads\/2022\/12\/jupiterxx.jpg","datePublished":"2022-12-07T22:10:09+00:00","dateModified":"2024-07-20T14:31:21+00:00","breadcrumb":{"@id":"https:\/\/medishop.az\/mehsul\/jupiter-x-alkotester-professional\/#breadcrumb"},"inLanguage":"ru-RU","potentialAction":[{"@type":"ReadAction","target":["https:\/\/medishop.az\/mehsul\/jupiter-x-alkotester-professional\/"]}]},{"@type":"ImageObject","inLanguage":"ru-RU","@id":"https:\/\/medishop.az\/mehsul\/jupiter-x-alkotester-professional\/#primaryimage","url":"https:\/\/medishop.az\/wp-content\/uploads\/2022\/12\/jupiterxx.jpg","contentUrl":"https:\/\/medishop.az\/wp-content\/uploads\/2022\/12\/jupiterxx.jpg","width":1000,"height":1000},{"@type":"BreadcrumbList","@id":"https:\/\/medishop.az\/mehsul\/jupiter-x-alkotester-professional\/#breadcrumb","itemListElement":[{"@type":"ListItem","position":1,"name":"\u018fsas","item":"https:\/\/medishop.az\/"},{"@type":"ListItem","position":2,"name":"Ma\u011faza","item":"https:\/\/medishop.az\/ru\/shop\/"},{"@type":"ListItem","position":3,"name":"JUP\u0130TER X &#8211; Alkotester (professional)"}]},{"@type":"WebSite","@id":"https:\/\/medishop.az\/#website","url":"https:\/\/medishop.az\/","name":"Medishop","description":"Onlayn tibbi ma\u011faza","publisher":{"@id":"https:\/\/medishop.az\/#organization"},"potentialAction":[{"@type":"SearchAction","target":{"@type":"EntryPoint","urlTemplate":"https:\/\/medishop.az\/?s={search_term_string}"},"query-input":"required name=search_term_string"}],"inLanguage":"ru-RU"},{"@type":"Organization","@id":"https:\/\/medishop.az\/#organization","name":"Medishop","url":"https:\/\/medishop.az\/","logo":{"@type":"ImageObject","inLanguage":"ru-RU","@id":"https:\/\/medishop.az\/#\/schema\/logo\/image\/","url":"https:\/\/storage.googleapis.com\/stateless-medishop-az\/2022\/12\/logo.png","contentUrl":"https:\/\/storage.googleapis.com\/stateless-medishop-az\/2022\/12\/logo.png","width":300,"height":89,"caption":"Medishop"},"image":{"@id":"https:\/\/medishop.az\/#\/schema\/logo\/image\/"},"sameAs":["https:\/\/www.facebook.com\/medishop.azerbaijan"]}]}},"jetpack_sharing_enabled":true,"_links":{"self":[{"href":"https:\/\/medishop.az\/ru\/wp-json\/wp\/v2\/product\/2601","targetHints":{"allow":["GET"]}}],"collection":[{"href":"https:\/\/medishop.az\/ru\/wp-json\/wp\/v2\/product"}],"about":[{"href":"https:\/\/medishop.az\/ru\/wp-json\/wp\/v2\/types\/product"}],"wp:featuredmedia":[{"embeddable":true,"href":"https:\/\/medishop.az\/ru\/wp-json\/wp\/v2\/media\/2602"}],"wp:attachment":[{"href":"https:\/\/medishop.az\/ru\/wp-json\/wp\/v2\/media?parent=2601"}],"wp:term":[{"taxonomy":"product_cat","embeddable":true,"href":"https:\/\/medishop.az\/ru\/wp-json\/wp\/v2\/product_cat?post=2601"},{"taxonomy":"product_tag","embeddable":true,"href":"https:\/\/medishop.az\/ru\/wp-json\/wp\/v2\/product_tag?post=2601"}],"curies":[{"name":"wp","href":"https:\/\/api.w.org\/{rel}","templated":true}]}}