{"id":2546,"date":"2022-12-08T00:51:49","date_gmt":"2022-12-07T20:51:49","guid":{"rendered":"https:\/\/tap.idigit.az\/?post_type=product&#038;p=2546"},"modified":"2022-12-20T21:46:49","modified_gmt":"2022-12-20T17:46:49","slug":"x%c9%99r%c9%99k-reanimasiya-ucun","status":"publish","type":"product","link":"https:\/\/medishop.az\/ru\/mehsul\/x%c9%99r%c9%99k-reanimasiya-ucun\/","title":{"rendered":"X\u0259r\u0259k &#8211; reanimasiya \u00fc\u00e7\u00fcn"},"content":{"rendered":"<p>Sedye y\u00fckseklik ayar\u0131 trendelenburg hareketlerini hidrolik liftler yard\u0131m\u0131yla yapabilmektedir<\/p>\n<p>E\u011fimlendirilebilir s\u0131rt k\u0131sm\u0131<\/p>\n<p>Amortis\u00f6r ile diz hareketi<\/p>\n<p>4 par\u00e7al\u0131 yatma y\u00fczeyi<\/p>\n<p>Hijyenik dizayna sahip metal malzemeden imal ba\u015fucu tutamaklar\u0131<\/p>\n<p>Mekanik CRP<\/p>\n<p>360\u00b0\u00a0d\u00f6nebilen merkezi kilit ve do\u011frusal y\u00f6nde hareketi sa\u011flayan ithal ve yerli tekerler<\/p>\n<p>Plastik koruyucu \u00e7arpma tamponlar\u0131<\/p>\n<p>X-Ray \u00f6zelli\u011fi<\/p>\n<p>5.Teker<\/p>\n<p>Aksesuar yuvalar\u0131<\/p>\n<p>Serum ask\u0131l\u0131\u011f\u0131<\/p>\n<p>\u0130drar torba ask\u0131l\u0131\u011f\u0131<\/p>\n<p>Elektrostatik toz boya<\/p>\n<p>32 dansilite \u015filte<\/p>","protected":false},"excerpt":{"rendered":"<p>Sedye y\u00fckseklik ayar\u0131 trendelenburg hareketlerini hidrolik liftler yard\u0131m\u0131yla yapabilmektedir E\u011fimlendirilebilir s\u0131rt k\u0131sm\u0131 Amortis\u00f6r ile diz hareketi 4 par\u00e7al\u0131 yatma y\u00fczeyi Hijyenik dizayna sahip metal malzemeden imal ba\u015fucu tutamaklar\u0131 Mekanik CRP<\/p>","protected":false},"featured_media":2547,"template":"","meta":[],"product_cat":[133,126,127,149],"product_tag":[],"class_list":{"0":"post-2546","1":"product","2":"type-product","3":"status-publish","4":"has-post-thumbnail","6":"product_cat-ilk-yardim","7":"product_cat-tibbi-cihazlar","8":"product_cat-tibbi-mebeller","9":"product_cat-xerekler","11":"first","12":"instock","13":"shipping-taxable","14":"purchasable","15":"product-type-simple"},"yoast_head":"<!-- This site is optimized with the Yoast SEO plugin v22.7 - https:\/\/yoast.com\/wordpress\/plugins\/seo\/ -->\n<title>X\u0259r\u0259k - reanimasiya \u00fc\u00e7\u00fcn - Medishop<\/title>\n<meta name=\"robots\" content=\"index, follow, max-snippet:-1, max-image-preview:large, max-video-preview:-1\" \/>\n<link rel=\"canonical\" href=\"https:\/\/medishop.az\/ru\/mehsul\/x\u0259r\u0259k-reanimasiya-ucun\/\" \/>\n<meta property=\"og:locale\" content=\"ru_RU\" \/>\n<meta property=\"og:type\" content=\"article\" \/>\n<meta property=\"og:title\" content=\"X\u0259r\u0259k - reanimasiya \u00fc\u00e7\u00fcn - Medishop\" \/>\n<meta property=\"og:description\" content=\"Sedye y\u00fckseklik ayar\u0131 trendelenburg hareketlerini hidrolik liftler yard\u0131m\u0131yla yapabilmektedir E\u011fimlendirilebilir s\u0131rt k\u0131sm\u0131 Amortis\u00f6r ile diz hareketi 4 par\u00e7al\u0131 yatma y\u00fczeyi Hijyenik dizayna sahip metal malzemeden imal ba\u015fucu tutamaklar\u0131 Mekanik CRP\" \/>\n<meta property=\"og:url\" content=\"https:\/\/medishop.az\/ru\/mehsul\/x\u0259r\u0259k-reanimasiya-ucun\/\" \/>\n<meta property=\"og:site_name\" content=\"Medishop\" \/>\n<meta property=\"article:publisher\" content=\"https:\/\/www.facebook.com\/medishop.azerbaijan\" \/>\n<meta property=\"article:modified_time\" content=\"2022-12-20T17:46:49+00:00\" \/>\n<meta property=\"og:image\" content=\"https:\/\/storage.googleapis.com\/stateless-medishop-az\/2022\/12\/sd-12-infinity.png\" \/>\n\t<meta property=\"og:image:width\" content=\"821\" \/>\n\t<meta property=\"og:image:height\" content=\"618\" \/>\n\t<meta property=\"og:image:type\" content=\"image\/png\" \/>\n<meta name=\"twitter:card\" content=\"summary_large_image\" \/>\n<meta name=\"twitter:label1\" content=\"\u041f\u0440\u0438\u043c\u0435\u0440\u043d\u043e\u0435 \u0432\u0440\u0435\u043c\u044f \u0434\u043b\u044f \u0447\u0442\u0435\u043d\u0438\u044f\" \/>\n\t<meta name=\"twitter:data1\" content=\"1 \u043c\u0438\u043d\u0443\u0442\u0430\" \/>\n<script type=\"application\/ld+json\" class=\"yoast-schema-graph\">{\"@context\":\"https:\/\/schema.org\",\"@graph\":[{\"@type\":\"WebPage\",\"@id\":\"https:\/\/medishop.az\/mehsul\/x%c9%99r%c9%99k-reanimasiya-ucun\/\",\"url\":\"https:\/\/medishop.az\/mehsul\/x%c9%99r%c9%99k-reanimasiya-ucun\/\",\"name\":\"X\u0259r\u0259k - reanimasiya \u00fc\u00e7\u00fcn - Medishop\",\"isPartOf\":{\"@id\":\"https:\/\/medishop.az\/#website\"},\"primaryImageOfPage\":{\"@id\":\"https:\/\/medishop.az\/mehsul\/x%c9%99r%c9%99k-reanimasiya-ucun\/#primaryimage\"},\"image\":{\"@id\":\"https:\/\/medishop.az\/mehsul\/x%c9%99r%c9%99k-reanimasiya-ucun\/#primaryimage\"},\"thumbnailUrl\":\"https:\/\/medishop.az\/wp-content\/uploads\/2022\/12\/sd-12-infinity.png\",\"datePublished\":\"2022-12-07T20:51:49+00:00\",\"dateModified\":\"2022-12-20T17:46:49+00:00\",\"breadcrumb\":{\"@id\":\"https:\/\/medishop.az\/mehsul\/x%c9%99r%c9%99k-reanimasiya-ucun\/#breadcrumb\"},\"inLanguage\":\"ru-RU\",\"potentialAction\":[{\"@type\":\"ReadAction\",\"target\":[\"https:\/\/medishop.az\/mehsul\/x%c9%99r%c9%99k-reanimasiya-ucun\/\"]}]},{\"@type\":\"ImageObject\",\"inLanguage\":\"ru-RU\",\"@id\":\"https:\/\/medishop.az\/mehsul\/x%c9%99r%c9%99k-reanimasiya-ucun\/#primaryimage\",\"url\":\"https:\/\/medishop.az\/wp-content\/uploads\/2022\/12\/sd-12-infinity.png\",\"contentUrl\":\"https:\/\/medishop.az\/wp-content\/uploads\/2022\/12\/sd-12-infinity.png\",\"width\":821,\"height\":618},{\"@type\":\"BreadcrumbList\",\"@id\":\"https:\/\/medishop.az\/mehsul\/x%c9%99r%c9%99k-reanimasiya-ucun\/#breadcrumb\",\"itemListElement\":[{\"@type\":\"ListItem\",\"position\":1,\"name\":\"\u018fsas\",\"item\":\"https:\/\/medishop.az\/\"},{\"@type\":\"ListItem\",\"position\":2,\"name\":\"Ma\u011faza\",\"item\":\"https:\/\/medishop.az\/ru\/shop\/\"},{\"@type\":\"ListItem\",\"position\":3,\"name\":\"X\u0259r\u0259k &#8211; reanimasiya \u00fc\u00e7\u00fcn\"}]},{\"@type\":\"WebSite\",\"@id\":\"https:\/\/medishop.az\/#website\",\"url\":\"https:\/\/medishop.az\/\",\"name\":\"Medishop\",\"description\":\"Onlayn tibbi ma\u011faza\",\"publisher\":{\"@id\":\"https:\/\/medishop.az\/#organization\"},\"potentialAction\":[{\"@type\":\"SearchAction\",\"target\":{\"@type\":\"EntryPoint\",\"urlTemplate\":\"https:\/\/medishop.az\/?s={search_term_string}\"},\"query-input\":\"required name=search_term_string\"}],\"inLanguage\":\"ru-RU\"},{\"@type\":\"Organization\",\"@id\":\"https:\/\/medishop.az\/#organization\",\"name\":\"Medishop\",\"url\":\"https:\/\/medishop.az\/\",\"logo\":{\"@type\":\"ImageObject\",\"inLanguage\":\"ru-RU\",\"@id\":\"https:\/\/medishop.az\/#\/schema\/logo\/image\/\",\"url\":\"https:\/\/storage.googleapis.com\/stateless-medishop-az\/2022\/12\/logo.png\",\"contentUrl\":\"https:\/\/storage.googleapis.com\/stateless-medishop-az\/2022\/12\/logo.png\",\"width\":300,\"height\":89,\"caption\":\"Medishop\"},\"image\":{\"@id\":\"https:\/\/medishop.az\/#\/schema\/logo\/image\/\"},\"sameAs\":[\"https:\/\/www.facebook.com\/medishop.azerbaijan\"]}]}<\/script>\n<!-- \/ Yoast SEO plugin. -->","yoast_head_json":{"title":"X\u0259r\u0259k - reanimasiya \u00fc\u00e7\u00fcn - Medishop","robots":{"index":"index","follow":"follow","max-snippet":"max-snippet:-1","max-image-preview":"max-image-preview:large","max-video-preview":"max-video-preview:-1"},"canonical":"https:\/\/medishop.az\/ru\/mehsul\/x\u0259r\u0259k-reanimasiya-ucun\/","og_locale":"ru_RU","og_type":"article","og_title":"X\u0259r\u0259k - reanimasiya \u00fc\u00e7\u00fcn - Medishop","og_description":"Sedye y\u00fckseklik ayar\u0131 trendelenburg hareketlerini hidrolik liftler yard\u0131m\u0131yla yapabilmektedir E\u011fimlendirilebilir s\u0131rt k\u0131sm\u0131 Amortis\u00f6r ile diz hareketi 4 par\u00e7al\u0131 yatma y\u00fczeyi Hijyenik dizayna sahip metal malzemeden imal ba\u015fucu tutamaklar\u0131 Mekanik CRP","og_url":"https:\/\/medishop.az\/ru\/mehsul\/x\u0259r\u0259k-reanimasiya-ucun\/","og_site_name":"Medishop","article_publisher":"https:\/\/www.facebook.com\/medishop.azerbaijan","article_modified_time":"2022-12-20T17:46:49+00:00","og_image":[{"width":821,"height":618,"url":"https:\/\/storage.googleapis.com\/stateless-medishop-az\/2022\/12\/sd-12-infinity.png","type":"image\/png"}],"twitter_card":"summary_large_image","twitter_misc":{"\u041f\u0440\u0438\u043c\u0435\u0440\u043d\u043e\u0435 \u0432\u0440\u0435\u043c\u044f \u0434\u043b\u044f \u0447\u0442\u0435\u043d\u0438\u044f":"1 \u043c\u0438\u043d\u0443\u0442\u0430"},"schema":{"@context":"https:\/\/schema.org","@graph":[{"@type":"WebPage","@id":"https:\/\/medishop.az\/mehsul\/x%c9%99r%c9%99k-reanimasiya-ucun\/","url":"https:\/\/medishop.az\/mehsul\/x%c9%99r%c9%99k-reanimasiya-ucun\/","name":"X\u0259r\u0259k - reanimasiya \u00fc\u00e7\u00fcn - Medishop","isPartOf":{"@id":"https:\/\/medishop.az\/#website"},"primaryImageOfPage":{"@id":"https:\/\/medishop.az\/mehsul\/x%c9%99r%c9%99k-reanimasiya-ucun\/#primaryimage"},"image":{"@id":"https:\/\/medishop.az\/mehsul\/x%c9%99r%c9%99k-reanimasiya-ucun\/#primaryimage"},"thumbnailUrl":"https:\/\/medishop.az\/wp-content\/uploads\/2022\/12\/sd-12-infinity.png","datePublished":"2022-12-07T20:51:49+00:00","dateModified":"2022-12-20T17:46:49+00:00","breadcrumb":{"@id":"https:\/\/medishop.az\/mehsul\/x%c9%99r%c9%99k-reanimasiya-ucun\/#breadcrumb"},"inLanguage":"ru-RU","potentialAction":[{"@type":"ReadAction","target":["https:\/\/medishop.az\/mehsul\/x%c9%99r%c9%99k-reanimasiya-ucun\/"]}]},{"@type":"ImageObject","inLanguage":"ru-RU","@id":"https:\/\/medishop.az\/mehsul\/x%c9%99r%c9%99k-reanimasiya-ucun\/#primaryimage","url":"https:\/\/medishop.az\/wp-content\/uploads\/2022\/12\/sd-12-infinity.png","contentUrl":"https:\/\/medishop.az\/wp-content\/uploads\/2022\/12\/sd-12-infinity.png","width":821,"height":618},{"@type":"BreadcrumbList","@id":"https:\/\/medishop.az\/mehsul\/x%c9%99r%c9%99k-reanimasiya-ucun\/#breadcrumb","itemListElement":[{"@type":"ListItem","position":1,"name":"\u018fsas","item":"https:\/\/medishop.az\/"},{"@type":"ListItem","position":2,"name":"Ma\u011faza","item":"https:\/\/medishop.az\/ru\/shop\/"},{"@type":"ListItem","position":3,"name":"X\u0259r\u0259k &#8211; reanimasiya \u00fc\u00e7\u00fcn"}]},{"@type":"WebSite","@id":"https:\/\/medishop.az\/#website","url":"https:\/\/medishop.az\/","name":"Medishop","description":"Onlayn tibbi ma\u011faza","publisher":{"@id":"https:\/\/medishop.az\/#organization"},"potentialAction":[{"@type":"SearchAction","target":{"@type":"EntryPoint","urlTemplate":"https:\/\/medishop.az\/?s={search_term_string}"},"query-input":"required name=search_term_string"}],"inLanguage":"ru-RU"},{"@type":"Organization","@id":"https:\/\/medishop.az\/#organization","name":"Medishop","url":"https:\/\/medishop.az\/","logo":{"@type":"ImageObject","inLanguage":"ru-RU","@id":"https:\/\/medishop.az\/#\/schema\/logo\/image\/","url":"https:\/\/storage.googleapis.com\/stateless-medishop-az\/2022\/12\/logo.png","contentUrl":"https:\/\/storage.googleapis.com\/stateless-medishop-az\/2022\/12\/logo.png","width":300,"height":89,"caption":"Medishop"},"image":{"@id":"https:\/\/medishop.az\/#\/schema\/logo\/image\/"},"sameAs":["https:\/\/www.facebook.com\/medishop.azerbaijan"]}]}},"jetpack_sharing_enabled":true,"_links":{"self":[{"href":"https:\/\/medishop.az\/ru\/wp-json\/wp\/v2\/product\/2546","targetHints":{"allow":["GET"]}}],"collection":[{"href":"https:\/\/medishop.az\/ru\/wp-json\/wp\/v2\/product"}],"about":[{"href":"https:\/\/medishop.az\/ru\/wp-json\/wp\/v2\/types\/product"}],"wp:featuredmedia":[{"embeddable":true,"href":"https:\/\/medishop.az\/ru\/wp-json\/wp\/v2\/media\/2547"}],"wp:attachment":[{"href":"https:\/\/medishop.az\/ru\/wp-json\/wp\/v2\/media?parent=2546"}],"wp:term":[{"taxonomy":"product_cat","embeddable":true,"href":"https:\/\/medishop.az\/ru\/wp-json\/wp\/v2\/product_cat?post=2546"},{"taxonomy":"product_tag","embeddable":true,"href":"https:\/\/medishop.az\/ru\/wp-json\/wp\/v2\/product_tag?post=2546"}],"curies":[{"name":"wp","href":"https:\/\/api.w.org\/{rel}","templated":true}]}}