{"id":2529,"date":"2022-12-08T00:33:48","date_gmt":"2022-12-07T20:33:48","guid":{"rendered":"https:\/\/tap.idigit.az\/?post_type=product&#038;p=2529"},"modified":"2022-12-20T21:22:55","modified_gmt":"2022-12-20T17:22:55","slug":"ginekoloji-masa-manual","status":"publish","type":"product","link":"https:\/\/medishop.az\/ru\/mehsul\/ginekoloji-masa-manual\/","title":{"rendered":"Ginekoloji masa &#8211; manual"},"content":{"rendered":"<p>Arxa oturacaq t\u0259nziml\u0259nm\u0259si. (\u0259l il\u0259)<br \/>\nAyaq hiss\u0259sinin t\u0259nziml\u0259nm\u0259si. (\u0259l il\u0259)<br \/>\nTrendelenburg t\u0259nziml\u0259nm\u0259si. (\u0259l il\u0259)<br \/>\nD\u0259ri (vinlex) d\u00f6\u015f\u0259k platformas\u0131.<br \/>\nTullant\u0131 toplama qab\u0131. (plastik)<br \/>\nDiz d\u0259st\u0259yi m\u00f6t\u0259riz\u0259l\u0259ri.<br \/>\nIV dir\u0259k.<br \/>\nQald\u0131r\u0131c\u0131 dir\u0259k.<br \/>\nPill\u0259. (qatlanabilir)<br \/>\nElektrostatik toz \u00f6rt\u00fckl\u00fc \u00e7\u0259r\u00e7iv\u0259. (RAL 7035)<br \/>\nXarici \u00f6l\u00e7\u00fcl\u0259r: 950 x 1830 mm<br \/>\nD\u00f6\u015f\u0259k Platformas\u0131: 550 x 1830 mm<br \/>\nH\u00fcnd\u00fcrl\u00fck: 800 mm<br \/>\nArxa dayaq max. bucaq: 80 \u00b0<br \/>\nAyaq daya\u011f\u0131 maks. bucaq: &#8211; 90 \u00b0<br \/>\nTrendelenburg: + 20 \u00b0<br \/>\nT\u0259hl\u00fck\u0259siz y\u00fck g\u00f6t\u00fcrm\u0259 qabiliyy\u0259ti: 120 kq<br \/>\nMaksimum y\u00fck g\u00f6t\u00fcrm\u0259 qabiliyy\u0259ti: 240 kq<br \/>\n\u018flav\u0259 avadanl\u0131q:<br \/>\nPoliuretan diz d\u0259st\u0259yi.<br \/>\nXrom-nikel paslanmayan tullant\u0131 toplama qab\u0131<\/p>","protected":false},"excerpt":{"rendered":"<p>Arxa oturacaq t\u0259nziml\u0259nm\u0259si. (\u0259l il\u0259) Ayaq hiss\u0259sinin t\u0259nziml\u0259nm\u0259si. (\u0259l il\u0259) Trendelenburg t\u0259nziml\u0259nm\u0259si. (\u0259l il\u0259) D\u0259ri (vinlex) d\u00f6\u015f\u0259k platformas\u0131. Tullant\u0131 toplama qab\u0131. (plastik) Diz d\u0259st\u0259yi m\u00f6t\u0259riz\u0259l\u0259ri. IV dir\u0259k. Qald\u0131r\u0131c\u0131 dir\u0259k. Pill\u0259.<\/p>","protected":false},"featured_media":2531,"template":"","meta":[],"product_cat":[127,147],"product_tag":[174],"class_list":{"0":"post-2529","1":"product","2":"type-product","3":"status-publish","4":"has-post-thumbnail","6":"product_cat-tibbi-mebeller","7":"product_cat-ginekoloji-masalar","8":"product_tag-ginekoloji-masa-bakida","10":"first","11":"instock","12":"shipping-taxable","13":"purchasable","14":"product-type-simple"},"yoast_head":"<!-- This site is optimized with the Yoast SEO plugin v22.7 - https:\/\/yoast.com\/wordpress\/plugins\/seo\/ -->\n<title>Ginekoloji masa - manual - Medishop<\/title>\n<meta name=\"robots\" content=\"index, follow, max-snippet:-1, max-image-preview:large, max-video-preview:-1\" \/>\n<link rel=\"canonical\" href=\"https:\/\/medishop.az\/ru\/mehsul\/ginekoloji-masa-manual\/\" \/>\n<meta property=\"og:locale\" content=\"ru_RU\" \/>\n<meta property=\"og:type\" content=\"article\" \/>\n<meta property=\"og:title\" content=\"Ginekoloji masa - manual - Medishop\" \/>\n<meta property=\"og:description\" content=\"Arxa oturacaq t\u0259nziml\u0259nm\u0259si. (\u0259l il\u0259) Ayaq hiss\u0259sinin t\u0259nziml\u0259nm\u0259si. (\u0259l il\u0259) Trendelenburg t\u0259nziml\u0259nm\u0259si. (\u0259l il\u0259) D\u0259ri (vinlex) d\u00f6\u015f\u0259k platformas\u0131. Tullant\u0131 toplama qab\u0131. (plastik) Diz d\u0259st\u0259yi m\u00f6t\u0259riz\u0259l\u0259ri. IV dir\u0259k. Qald\u0131r\u0131c\u0131 dir\u0259k. Pill\u0259.\" \/>\n<meta property=\"og:url\" content=\"https:\/\/medishop.az\/ru\/mehsul\/ginekoloji-masa-manual\/\" \/>\n<meta property=\"og:site_name\" content=\"Medishop\" \/>\n<meta property=\"article:publisher\" content=\"https:\/\/www.facebook.com\/medishop.azerbaijan\" \/>\n<meta property=\"article:modified_time\" content=\"2022-12-20T17:22:55+00:00\" \/>\n<meta property=\"og:image\" content=\"https:\/\/storage.googleapis.com\/stateless-medishop-az\/2022\/12\/1609933590_tm-a-1011-1.png\" \/>\n\t<meta property=\"og:image:width\" content=\"650\" \/>\n\t<meta property=\"og:image:height\" content=\"487\" \/>\n\t<meta property=\"og:image:type\" content=\"image\/png\" \/>\n<meta name=\"twitter:card\" content=\"summary_large_image\" \/>\n<meta name=\"twitter:label1\" content=\"\u041f\u0440\u0438\u043c\u0435\u0440\u043d\u043e\u0435 \u0432\u0440\u0435\u043c\u044f \u0434\u043b\u044f \u0447\u0442\u0435\u043d\u0438\u044f\" \/>\n\t<meta name=\"twitter:data1\" content=\"1 \u043c\u0438\u043d\u0443\u0442\u0430\" \/>\n<script type=\"application\/ld+json\" class=\"yoast-schema-graph\">{\"@context\":\"https:\/\/schema.org\",\"@graph\":[{\"@type\":\"WebPage\",\"@id\":\"https:\/\/medishop.az\/mehsul\/ginekoloji-masa-manual\/\",\"url\":\"https:\/\/medishop.az\/mehsul\/ginekoloji-masa-manual\/\",\"name\":\"Ginekoloji masa - manual - Medishop\",\"isPartOf\":{\"@id\":\"https:\/\/medishop.az\/#website\"},\"primaryImageOfPage\":{\"@id\":\"https:\/\/medishop.az\/mehsul\/ginekoloji-masa-manual\/#primaryimage\"},\"image\":{\"@id\":\"https:\/\/medishop.az\/mehsul\/ginekoloji-masa-manual\/#primaryimage\"},\"thumbnailUrl\":\"https:\/\/medishop.az\/wp-content\/uploads\/2022\/12\/1609933590_tm-a-1011-1.png\",\"datePublished\":\"2022-12-07T20:33:48+00:00\",\"dateModified\":\"2022-12-20T17:22:55+00:00\",\"breadcrumb\":{\"@id\":\"https:\/\/medishop.az\/mehsul\/ginekoloji-masa-manual\/#breadcrumb\"},\"inLanguage\":\"ru-RU\",\"potentialAction\":[{\"@type\":\"ReadAction\",\"target\":[\"https:\/\/medishop.az\/mehsul\/ginekoloji-masa-manual\/\"]}]},{\"@type\":\"ImageObject\",\"inLanguage\":\"ru-RU\",\"@id\":\"https:\/\/medishop.az\/mehsul\/ginekoloji-masa-manual\/#primaryimage\",\"url\":\"https:\/\/medishop.az\/wp-content\/uploads\/2022\/12\/1609933590_tm-a-1011-1.png\",\"contentUrl\":\"https:\/\/medishop.az\/wp-content\/uploads\/2022\/12\/1609933590_tm-a-1011-1.png\",\"width\":650,\"height\":487},{\"@type\":\"BreadcrumbList\",\"@id\":\"https:\/\/medishop.az\/mehsul\/ginekoloji-masa-manual\/#breadcrumb\",\"itemListElement\":[{\"@type\":\"ListItem\",\"position\":1,\"name\":\"\u018fsas\",\"item\":\"https:\/\/medishop.az\/\"},{\"@type\":\"ListItem\",\"position\":2,\"name\":\"Ma\u011faza\",\"item\":\"https:\/\/medishop.az\/ru\/shop\/\"},{\"@type\":\"ListItem\",\"position\":3,\"name\":\"Ginekoloji masa &#8211; manual\"}]},{\"@type\":\"WebSite\",\"@id\":\"https:\/\/medishop.az\/#website\",\"url\":\"https:\/\/medishop.az\/\",\"name\":\"Medishop\",\"description\":\"Onlayn tibbi ma\u011faza\",\"publisher\":{\"@id\":\"https:\/\/medishop.az\/#organization\"},\"potentialAction\":[{\"@type\":\"SearchAction\",\"target\":{\"@type\":\"EntryPoint\",\"urlTemplate\":\"https:\/\/medishop.az\/?s={search_term_string}\"},\"query-input\":\"required name=search_term_string\"}],\"inLanguage\":\"ru-RU\"},{\"@type\":\"Organization\",\"@id\":\"https:\/\/medishop.az\/#organization\",\"name\":\"Medishop\",\"url\":\"https:\/\/medishop.az\/\",\"logo\":{\"@type\":\"ImageObject\",\"inLanguage\":\"ru-RU\",\"@id\":\"https:\/\/medishop.az\/#\/schema\/logo\/image\/\",\"url\":\"https:\/\/storage.googleapis.com\/stateless-medishop-az\/2022\/12\/logo.png\",\"contentUrl\":\"https:\/\/storage.googleapis.com\/stateless-medishop-az\/2022\/12\/logo.png\",\"width\":300,\"height\":89,\"caption\":\"Medishop\"},\"image\":{\"@id\":\"https:\/\/medishop.az\/#\/schema\/logo\/image\/\"},\"sameAs\":[\"https:\/\/www.facebook.com\/medishop.azerbaijan\"]}]}<\/script>\n<!-- \/ Yoast SEO plugin. -->","yoast_head_json":{"title":"Ginekoloji masa - manual - Medishop","robots":{"index":"index","follow":"follow","max-snippet":"max-snippet:-1","max-image-preview":"max-image-preview:large","max-video-preview":"max-video-preview:-1"},"canonical":"https:\/\/medishop.az\/ru\/mehsul\/ginekoloji-masa-manual\/","og_locale":"ru_RU","og_type":"article","og_title":"Ginekoloji masa - manual - Medishop","og_description":"Arxa oturacaq t\u0259nziml\u0259nm\u0259si. (\u0259l il\u0259) Ayaq hiss\u0259sinin t\u0259nziml\u0259nm\u0259si. (\u0259l il\u0259) Trendelenburg t\u0259nziml\u0259nm\u0259si. (\u0259l il\u0259) D\u0259ri (vinlex) d\u00f6\u015f\u0259k platformas\u0131. Tullant\u0131 toplama qab\u0131. (plastik) Diz d\u0259st\u0259yi m\u00f6t\u0259riz\u0259l\u0259ri. IV dir\u0259k. Qald\u0131r\u0131c\u0131 dir\u0259k. Pill\u0259.","og_url":"https:\/\/medishop.az\/ru\/mehsul\/ginekoloji-masa-manual\/","og_site_name":"Medishop","article_publisher":"https:\/\/www.facebook.com\/medishop.azerbaijan","article_modified_time":"2022-12-20T17:22:55+00:00","og_image":[{"width":650,"height":487,"url":"https:\/\/storage.googleapis.com\/stateless-medishop-az\/2022\/12\/1609933590_tm-a-1011-1.png","type":"image\/png"}],"twitter_card":"summary_large_image","twitter_misc":{"\u041f\u0440\u0438\u043c\u0435\u0440\u043d\u043e\u0435 \u0432\u0440\u0435\u043c\u044f \u0434\u043b\u044f \u0447\u0442\u0435\u043d\u0438\u044f":"1 \u043c\u0438\u043d\u0443\u0442\u0430"},"schema":{"@context":"https:\/\/schema.org","@graph":[{"@type":"WebPage","@id":"https:\/\/medishop.az\/mehsul\/ginekoloji-masa-manual\/","url":"https:\/\/medishop.az\/mehsul\/ginekoloji-masa-manual\/","name":"Ginekoloji masa - manual - Medishop","isPartOf":{"@id":"https:\/\/medishop.az\/#website"},"primaryImageOfPage":{"@id":"https:\/\/medishop.az\/mehsul\/ginekoloji-masa-manual\/#primaryimage"},"image":{"@id":"https:\/\/medishop.az\/mehsul\/ginekoloji-masa-manual\/#primaryimage"},"thumbnailUrl":"https:\/\/medishop.az\/wp-content\/uploads\/2022\/12\/1609933590_tm-a-1011-1.png","datePublished":"2022-12-07T20:33:48+00:00","dateModified":"2022-12-20T17:22:55+00:00","breadcrumb":{"@id":"https:\/\/medishop.az\/mehsul\/ginekoloji-masa-manual\/#breadcrumb"},"inLanguage":"ru-RU","potentialAction":[{"@type":"ReadAction","target":["https:\/\/medishop.az\/mehsul\/ginekoloji-masa-manual\/"]}]},{"@type":"ImageObject","inLanguage":"ru-RU","@id":"https:\/\/medishop.az\/mehsul\/ginekoloji-masa-manual\/#primaryimage","url":"https:\/\/medishop.az\/wp-content\/uploads\/2022\/12\/1609933590_tm-a-1011-1.png","contentUrl":"https:\/\/medishop.az\/wp-content\/uploads\/2022\/12\/1609933590_tm-a-1011-1.png","width":650,"height":487},{"@type":"BreadcrumbList","@id":"https:\/\/medishop.az\/mehsul\/ginekoloji-masa-manual\/#breadcrumb","itemListElement":[{"@type":"ListItem","position":1,"name":"\u018fsas","item":"https:\/\/medishop.az\/"},{"@type":"ListItem","position":2,"name":"Ma\u011faza","item":"https:\/\/medishop.az\/ru\/shop\/"},{"@type":"ListItem","position":3,"name":"Ginekoloji masa &#8211; manual"}]},{"@type":"WebSite","@id":"https:\/\/medishop.az\/#website","url":"https:\/\/medishop.az\/","name":"Medishop","description":"Onlayn tibbi ma\u011faza","publisher":{"@id":"https:\/\/medishop.az\/#organization"},"potentialAction":[{"@type":"SearchAction","target":{"@type":"EntryPoint","urlTemplate":"https:\/\/medishop.az\/?s={search_term_string}"},"query-input":"required name=search_term_string"}],"inLanguage":"ru-RU"},{"@type":"Organization","@id":"https:\/\/medishop.az\/#organization","name":"Medishop","url":"https:\/\/medishop.az\/","logo":{"@type":"ImageObject","inLanguage":"ru-RU","@id":"https:\/\/medishop.az\/#\/schema\/logo\/image\/","url":"https:\/\/storage.googleapis.com\/stateless-medishop-az\/2022\/12\/logo.png","contentUrl":"https:\/\/storage.googleapis.com\/stateless-medishop-az\/2022\/12\/logo.png","width":300,"height":89,"caption":"Medishop"},"image":{"@id":"https:\/\/medishop.az\/#\/schema\/logo\/image\/"},"sameAs":["https:\/\/www.facebook.com\/medishop.azerbaijan"]}]}},"jetpack_sharing_enabled":true,"_links":{"self":[{"href":"https:\/\/medishop.az\/ru\/wp-json\/wp\/v2\/product\/2529","targetHints":{"allow":["GET"]}}],"collection":[{"href":"https:\/\/medishop.az\/ru\/wp-json\/wp\/v2\/product"}],"about":[{"href":"https:\/\/medishop.az\/ru\/wp-json\/wp\/v2\/types\/product"}],"wp:featuredmedia":[{"embeddable":true,"href":"https:\/\/medishop.az\/ru\/wp-json\/wp\/v2\/media\/2531"}],"wp:attachment":[{"href":"https:\/\/medishop.az\/ru\/wp-json\/wp\/v2\/media?parent=2529"}],"wp:term":[{"taxonomy":"product_cat","embeddable":true,"href":"https:\/\/medishop.az\/ru\/wp-json\/wp\/v2\/product_cat?post=2529"},{"taxonomy":"product_tag","embeddable":true,"href":"https:\/\/medishop.az\/ru\/wp-json\/wp\/v2\/product_tag?post=2529"}],"curies":[{"name":"wp","href":"https:\/\/api.w.org\/{rel}","templated":true}]}}