{"id":2318,"date":"2022-12-05T17:42:27","date_gmt":"2022-12-05T13:42:27","guid":{"rendered":"https:\/\/tap.idigit.az\/?post_type=product&#038;p=2318"},"modified":"2022-12-08T15:16:32","modified_gmt":"2022-12-08T11:16:32","slug":"inqalyator-nebulayzer-nimo-usaq","status":"publish","type":"product","link":"https:\/\/medishop.az\/ru\/mehsul\/inqalyator-nebulayzer-nimo-usaq\/","title":{"rendered":"Inqalyator (Nebulayzer) &#8211; NIMO U\u015eAQ"},"content":{"rendered":"<p>Inqalyator (Nebulayzer) &#8211; NIMO U\u015eAQ &#8211; u\u015faqlar\u0131n qorxmamas\u0131 \u00fc\u00e7\u00fcn meymun oyuncaq formas\u0131nda dizayn edilmi\u015fdir.<\/p>\n<p>G\u00fcc &#8211; AC 220V\/ 50 Hz<\/p>\n<p>S\u0259s s\u0259viyy\u0259si &#8211; 50 dBa<\/p>\n<p>P\u00fcsk\u00fcrtm\u0259 g\u00fcc\u00fc &#8211; 0.25 ml\/d\u0259q<\/p>\n<p>Standart aksessuarlar &#8211; D\u0259rman qab\u0131, Hava T\u00fcp\u00fc, A\u011f\u0131zl\u0131q, Filter(5 \u0259d\u0259d), B\u00f6y\u00fck maskas\u0131, U\u015faq maskas\u0131, Da\u015f\u0131ma \u00c7antas\u0131<\/p>","protected":false},"excerpt":{"rendered":"<p>Inqalyator (Nebulayzer) &#8211; NIMO U\u015eAQ &#8211; u\u015faqlar\u0131n qorxmamas\u0131 \u00fc\u00e7\u00fcn meymun oyuncaq formas\u0131nda dizayn edilmi\u015fdir. G\u00fcc &#8211; AC 220V\/ 50 Hz S\u0259s s\u0259viyy\u0259si &#8211; 50 dBa P\u00fcsk\u00fcrtm\u0259 g\u00fcc\u00fc &#8211; 0.25 ml\/d\u0259q<\/p>","protected":false},"featured_media":2319,"template":"","meta":[],"product_cat":[126,143],"product_tag":[169],"class_list":{"0":"post-2318","1":"product","2":"type-product","3":"status-publish","4":"has-post-thumbnail","6":"product_cat-tibbi-cihazlar","7":"product_cat-inqalyatorlar","8":"product_tag-inqalyator","10":"first","11":"instock","12":"sale","13":"shipping-taxable","14":"purchasable","15":"product-type-simple"},"yoast_head":"<!-- This site is optimized with the Yoast SEO plugin v22.7 - https:\/\/yoast.com\/wordpress\/plugins\/seo\/ -->\n<title>Inqalyator (Nebulayzer) - NIMO U\u015eAQ - Medishop<\/title>\n<meta name=\"robots\" content=\"index, follow, max-snippet:-1, max-image-preview:large, max-video-preview:-1\" \/>\n<link rel=\"canonical\" href=\"https:\/\/medishop.az\/ru\/mehsul\/inqalyator-nebulayzer-nimo-usaq\/\" \/>\n<meta property=\"og:locale\" content=\"ru_RU\" \/>\n<meta property=\"og:type\" content=\"article\" \/>\n<meta property=\"og:title\" content=\"Inqalyator (Nebulayzer) - NIMO U\u015eAQ - Medishop\" \/>\n<meta property=\"og:description\" content=\"Inqalyator (Nebulayzer) &#8211; NIMO U\u015eAQ &#8211; u\u015faqlar\u0131n qorxmamas\u0131 \u00fc\u00e7\u00fcn meymun oyuncaq formas\u0131nda dizayn edilmi\u015fdir. G\u00fcc &#8211; AC 220V\/ 50 Hz S\u0259s s\u0259viyy\u0259si &#8211; 50 dBa P\u00fcsk\u00fcrtm\u0259 g\u00fcc\u00fc &#8211; 0.25 ml\/d\u0259q\" \/>\n<meta property=\"og:url\" content=\"https:\/\/medishop.az\/ru\/mehsul\/inqalyator-nebulayzer-nimo-usaq\/\" \/>\n<meta property=\"og:site_name\" content=\"Medishop\" \/>\n<meta property=\"article:publisher\" content=\"https:\/\/www.facebook.com\/medishop.azerbaijan\" \/>\n<meta property=\"article:modified_time\" content=\"2022-12-08T11:16:32+00:00\" \/>\n<meta property=\"og:image\" content=\"https:\/\/storage.googleapis.com\/stateless-medishop-az\/2022\/12\/inqalyator.jpg\" \/>\n\t<meta property=\"og:image:width\" content=\"1000\" \/>\n\t<meta property=\"og:image:height\" content=\"1000\" \/>\n\t<meta property=\"og:image:type\" content=\"image\/jpeg\" \/>\n<meta name=\"twitter:card\" content=\"summary_large_image\" \/>\n<script type=\"application\/ld+json\" class=\"yoast-schema-graph\">{\"@context\":\"https:\/\/schema.org\",\"@graph\":[{\"@type\":\"WebPage\",\"@id\":\"https:\/\/medishop.az\/mehsul\/inqalyator-nebulayzer-nimo-usaq\/\",\"url\":\"https:\/\/medishop.az\/mehsul\/inqalyator-nebulayzer-nimo-usaq\/\",\"name\":\"Inqalyator (Nebulayzer) - NIMO U\u015eAQ - Medishop\",\"isPartOf\":{\"@id\":\"https:\/\/medishop.az\/#website\"},\"primaryImageOfPage\":{\"@id\":\"https:\/\/medishop.az\/mehsul\/inqalyator-nebulayzer-nimo-usaq\/#primaryimage\"},\"image\":{\"@id\":\"https:\/\/medishop.az\/mehsul\/inqalyator-nebulayzer-nimo-usaq\/#primaryimage\"},\"thumbnailUrl\":\"https:\/\/medishop.az\/wp-content\/uploads\/2022\/12\/inqalyator.jpg\",\"datePublished\":\"2022-12-05T13:42:27+00:00\",\"dateModified\":\"2022-12-08T11:16:32+00:00\",\"breadcrumb\":{\"@id\":\"https:\/\/medishop.az\/mehsul\/inqalyator-nebulayzer-nimo-usaq\/#breadcrumb\"},\"inLanguage\":\"ru-RU\",\"potentialAction\":[{\"@type\":\"ReadAction\",\"target\":[\"https:\/\/medishop.az\/mehsul\/inqalyator-nebulayzer-nimo-usaq\/\"]}]},{\"@type\":\"ImageObject\",\"inLanguage\":\"ru-RU\",\"@id\":\"https:\/\/medishop.az\/mehsul\/inqalyator-nebulayzer-nimo-usaq\/#primaryimage\",\"url\":\"https:\/\/medishop.az\/wp-content\/uploads\/2022\/12\/inqalyator.jpg\",\"contentUrl\":\"https:\/\/medishop.az\/wp-content\/uploads\/2022\/12\/inqalyator.jpg\",\"width\":1000,\"height\":1000},{\"@type\":\"BreadcrumbList\",\"@id\":\"https:\/\/medishop.az\/mehsul\/inqalyator-nebulayzer-nimo-usaq\/#breadcrumb\",\"itemListElement\":[{\"@type\":\"ListItem\",\"position\":1,\"name\":\"\u018fsas\",\"item\":\"https:\/\/medishop.az\/\"},{\"@type\":\"ListItem\",\"position\":2,\"name\":\"Ma\u011faza\",\"item\":\"https:\/\/medishop.az\/ru\/shop\/\"},{\"@type\":\"ListItem\",\"position\":3,\"name\":\"Inqalyator (Nebulayzer) &#8211; NIMO U\u015eAQ\"}]},{\"@type\":\"WebSite\",\"@id\":\"https:\/\/medishop.az\/#website\",\"url\":\"https:\/\/medishop.az\/\",\"name\":\"Medishop\",\"description\":\"Onlayn tibbi ma\u011faza\",\"publisher\":{\"@id\":\"https:\/\/medishop.az\/#organization\"},\"potentialAction\":[{\"@type\":\"SearchAction\",\"target\":{\"@type\":\"EntryPoint\",\"urlTemplate\":\"https:\/\/medishop.az\/?s={search_term_string}\"},\"query-input\":\"required name=search_term_string\"}],\"inLanguage\":\"ru-RU\"},{\"@type\":\"Organization\",\"@id\":\"https:\/\/medishop.az\/#organization\",\"name\":\"Medishop\",\"url\":\"https:\/\/medishop.az\/\",\"logo\":{\"@type\":\"ImageObject\",\"inLanguage\":\"ru-RU\",\"@id\":\"https:\/\/medishop.az\/#\/schema\/logo\/image\/\",\"url\":\"https:\/\/storage.googleapis.com\/stateless-medishop-az\/2022\/12\/logo.png\",\"contentUrl\":\"https:\/\/storage.googleapis.com\/stateless-medishop-az\/2022\/12\/logo.png\",\"width\":300,\"height\":89,\"caption\":\"Medishop\"},\"image\":{\"@id\":\"https:\/\/medishop.az\/#\/schema\/logo\/image\/\"},\"sameAs\":[\"https:\/\/www.facebook.com\/medishop.azerbaijan\"]}]}<\/script>\n<!-- \/ Yoast SEO plugin. -->","yoast_head_json":{"title":"Inqalyator (Nebulayzer) - NIMO U\u015eAQ - Medishop","robots":{"index":"index","follow":"follow","max-snippet":"max-snippet:-1","max-image-preview":"max-image-preview:large","max-video-preview":"max-video-preview:-1"},"canonical":"https:\/\/medishop.az\/ru\/mehsul\/inqalyator-nebulayzer-nimo-usaq\/","og_locale":"ru_RU","og_type":"article","og_title":"Inqalyator (Nebulayzer) - NIMO U\u015eAQ - Medishop","og_description":"Inqalyator (Nebulayzer) &#8211; NIMO U\u015eAQ &#8211; u\u015faqlar\u0131n qorxmamas\u0131 \u00fc\u00e7\u00fcn meymun oyuncaq formas\u0131nda dizayn edilmi\u015fdir. G\u00fcc &#8211; AC 220V\/ 50 Hz S\u0259s s\u0259viyy\u0259si &#8211; 50 dBa P\u00fcsk\u00fcrtm\u0259 g\u00fcc\u00fc &#8211; 0.25 ml\/d\u0259q","og_url":"https:\/\/medishop.az\/ru\/mehsul\/inqalyator-nebulayzer-nimo-usaq\/","og_site_name":"Medishop","article_publisher":"https:\/\/www.facebook.com\/medishop.azerbaijan","article_modified_time":"2022-12-08T11:16:32+00:00","og_image":[{"width":1000,"height":1000,"url":"https:\/\/storage.googleapis.com\/stateless-medishop-az\/2022\/12\/inqalyator.jpg","type":"image\/jpeg"}],"twitter_card":"summary_large_image","schema":{"@context":"https:\/\/schema.org","@graph":[{"@type":"WebPage","@id":"https:\/\/medishop.az\/mehsul\/inqalyator-nebulayzer-nimo-usaq\/","url":"https:\/\/medishop.az\/mehsul\/inqalyator-nebulayzer-nimo-usaq\/","name":"Inqalyator (Nebulayzer) - NIMO U\u015eAQ - Medishop","isPartOf":{"@id":"https:\/\/medishop.az\/#website"},"primaryImageOfPage":{"@id":"https:\/\/medishop.az\/mehsul\/inqalyator-nebulayzer-nimo-usaq\/#primaryimage"},"image":{"@id":"https:\/\/medishop.az\/mehsul\/inqalyator-nebulayzer-nimo-usaq\/#primaryimage"},"thumbnailUrl":"https:\/\/medishop.az\/wp-content\/uploads\/2022\/12\/inqalyator.jpg","datePublished":"2022-12-05T13:42:27+00:00","dateModified":"2022-12-08T11:16:32+00:00","breadcrumb":{"@id":"https:\/\/medishop.az\/mehsul\/inqalyator-nebulayzer-nimo-usaq\/#breadcrumb"},"inLanguage":"ru-RU","potentialAction":[{"@type":"ReadAction","target":["https:\/\/medishop.az\/mehsul\/inqalyator-nebulayzer-nimo-usaq\/"]}]},{"@type":"ImageObject","inLanguage":"ru-RU","@id":"https:\/\/medishop.az\/mehsul\/inqalyator-nebulayzer-nimo-usaq\/#primaryimage","url":"https:\/\/medishop.az\/wp-content\/uploads\/2022\/12\/inqalyator.jpg","contentUrl":"https:\/\/medishop.az\/wp-content\/uploads\/2022\/12\/inqalyator.jpg","width":1000,"height":1000},{"@type":"BreadcrumbList","@id":"https:\/\/medishop.az\/mehsul\/inqalyator-nebulayzer-nimo-usaq\/#breadcrumb","itemListElement":[{"@type":"ListItem","position":1,"name":"\u018fsas","item":"https:\/\/medishop.az\/"},{"@type":"ListItem","position":2,"name":"Ma\u011faza","item":"https:\/\/medishop.az\/ru\/shop\/"},{"@type":"ListItem","position":3,"name":"Inqalyator (Nebulayzer) &#8211; NIMO U\u015eAQ"}]},{"@type":"WebSite","@id":"https:\/\/medishop.az\/#website","url":"https:\/\/medishop.az\/","name":"Medishop","description":"Onlayn tibbi ma\u011faza","publisher":{"@id":"https:\/\/medishop.az\/#organization"},"potentialAction":[{"@type":"SearchAction","target":{"@type":"EntryPoint","urlTemplate":"https:\/\/medishop.az\/?s={search_term_string}"},"query-input":"required name=search_term_string"}],"inLanguage":"ru-RU"},{"@type":"Organization","@id":"https:\/\/medishop.az\/#organization","name":"Medishop","url":"https:\/\/medishop.az\/","logo":{"@type":"ImageObject","inLanguage":"ru-RU","@id":"https:\/\/medishop.az\/#\/schema\/logo\/image\/","url":"https:\/\/storage.googleapis.com\/stateless-medishop-az\/2022\/12\/logo.png","contentUrl":"https:\/\/storage.googleapis.com\/stateless-medishop-az\/2022\/12\/logo.png","width":300,"height":89,"caption":"Medishop"},"image":{"@id":"https:\/\/medishop.az\/#\/schema\/logo\/image\/"},"sameAs":["https:\/\/www.facebook.com\/medishop.azerbaijan"]}]}},"jetpack_sharing_enabled":true,"_links":{"self":[{"href":"https:\/\/medishop.az\/ru\/wp-json\/wp\/v2\/product\/2318","targetHints":{"allow":["GET"]}}],"collection":[{"href":"https:\/\/medishop.az\/ru\/wp-json\/wp\/v2\/product"}],"about":[{"href":"https:\/\/medishop.az\/ru\/wp-json\/wp\/v2\/types\/product"}],"wp:featuredmedia":[{"embeddable":true,"href":"https:\/\/medishop.az\/ru\/wp-json\/wp\/v2\/media\/2319"}],"wp:attachment":[{"href":"https:\/\/medishop.az\/ru\/wp-json\/wp\/v2\/media?parent=2318"}],"wp:term":[{"taxonomy":"product_cat","embeddable":true,"href":"https:\/\/medishop.az\/ru\/wp-json\/wp\/v2\/product_cat?post=2318"},{"taxonomy":"product_tag","embeddable":true,"href":"https:\/\/medishop.az\/ru\/wp-json\/wp\/v2\/product_tag?post=2318"}],"curies":[{"name":"wp","href":"https:\/\/api.w.org\/{rel}","templated":true}]}}