{"id":2304,"date":"2022-12-05T17:06:40","date_gmt":"2022-12-05T13:06:40","guid":{"rendered":"https:\/\/tap.idigit.az\/?post_type=product&#038;p=2304"},"modified":"2026-01-17T18:39:48","modified_gmt":"2026-01-17T14:39:48","slug":"tibbi-oksigen-balonu","status":"publish","type":"product","link":"https:\/\/medishop.az\/ru\/mehsul\/tibbi-oksigen-balonu\/","title":{"rendered":"\u041c\u0435\u0434\u0438\u0446\u0438\u043d\u0441\u043a\u0438\u0439 \u043a\u0438\u0441\u043b\u043e\u0440\u043e\u0434\u043d\u044b\u0439 \u0431\u0430\u043b\u043b\u043e\u043d"},"content":{"rendered":"<p>Tibbi oksigen balonu &#8211; (manometr xaric) y\u00fcks\u0259k keyfiyy\u0259tli tiki\u015fsiz \u00e7\u0259km\u0259 borulardan TS 11169 standart\u0131na uy\u011fun istehsal edilmi\u015fdir. 2 Lt, 5 Lt v\u0259 10 Lt h\u0259cml\u0259rd\u0259 m\u00f6vcuddur.<\/p>\n<p>Oksigen Balonu n\u0259dir?<br \/>\nTibbi oksigen balonu t\u0259zyiq alt\u0131nda s\u0131x\u0131lm\u0131\u015f oksigen qaz\u0131n\u0131 saxlamaq v\u0259 da\u015f\u0131maq \u00fc\u00e7\u00fcn istifad\u0259 olunan tibbi avadanl\u0131qd\u0131r. Tibbi t\u0259cili yard\u0131mlarda, x\u0259st\u0259xana \u015f\u0259raitind\u0259, t\u0259cili yard\u0131m ma\u015f\u0131nlar\u0131nda v\u0259 ya evd\u0259 istifad\u0259 edil\u0259 bil\u0259r. Oksigen balonlar\u0131 t\u0259n\u0259ff\u00fcs probleml\u0259ri olan x\u0259st\u0259l\u0259r\u0259 \u0259lav\u0259 oksigen t\u0259min etm\u0259k \u00fc\u00e7\u00fcn istifad\u0259 olunur. Oksigen balonlar\u0131 m\u00fcxt\u0259lif \u00f6l\u00e7\u00fcl\u0259rd\u0259 v\u0259 tutumlarda olur. Da\u015f\u0131nabilirliyi say\u0259sind\u0259 oksigen balonlar\u0131n\u0131n evd\u0259 istifad\u0259si asanla\u015fd\u0131r\u0131l\u0131r v\u0259 x\u0259st\u0259l\u0259rin h\u0259r\u0259k\u0259t etm\u0259sin\u0259 v\u0259 g\u00fcnd\u0259lik h\u0259yatlar\u0131n\u0131 davam etdirm\u0259sin\u0259 imkan verir.<\/p>\n<p>Oksigen Balonu N\u0259 \u00dc\u00e7\u00fcn \u0130stifad\u0259 Edilir?<br \/>\nOksigen balonu t\u0259n\u0259ff\u00fcs probleml\u0259ri olan x\u0259st\u0259l\u0259r\u0259 \u0259lav\u0259 oksigen t\u0259min etm\u0259k \u00fc\u00e7\u00fcn istifad\u0259 olunan tibbi cihazd\u0131r. B\u0259d\u0259nl\u0259ri normal yollarla kifay\u0259t q\u0259d\u0259r oksigen \u0259ld\u0259 ed\u0259 bilm\u0259y\u0259n \u015f\u0259xsl\u0259r\u0259 t\u0259n\u0259ff\u00fcs funksiyalar\u0131n\u0131 d\u0259st\u0259kl\u0259m\u0259k \u00fc\u00e7\u00fcn \u0259lav\u0259 oksigen t\u0259min etm\u0259k \u00fc\u00e7\u00fcn istifad\u0259 olunur. A\u011fciy\u0259r x\u0259st\u0259likl\u0259ri, \u00fcr\u0259k probleml\u0259ri, xroniki obstruktiv a\u011fciy\u0259r x\u0259st\u0259liyi (XOAX), astma v\u0259 pnevmoniya kimi m\u00fc\u0259yy\u0259n sa\u011flaml\u0131q probleml\u0259ri v\u0259 ya x\u0259st\u0259likl\u0259r hava yollar\u0131n\u0131n daralmas\u0131na v\u0259 ya a\u011fciy\u0259r funksiyas\u0131n\u0131n z\u0259ifl\u0259m\u0259sin\u0259 s\u0259b\u0259b ola bil\u0259r. Bu \u015f\u0259rtl\u0259r b\u0259d\u0259nin normal yollarla kifay\u0259t q\u0259d\u0259r oksigen q\u0259bul etm\u0259sin\u0259 mane ola bil\u0259r v\u0259 toxumalar\u0131n v\u0259 orqanlar\u0131n d\u00fczg\u00fcn i\u015fl\u0259m\u0259sini \u00e7\u0259tinl\u0259\u015fdir\u0259 bil\u0259r. X\u00fcsusil\u0259 KOAH x\u0259st\u0259l\u0259ri \u00fc\u00e7\u00fcn oksigen balonlar\u0131, s\u0131x\u0131lm\u0131\u015f oksigen qaz\u0131n\u0131 t\u0259zyiq alt\u0131nda saxlayaraq v\u0259 da\u015f\u0131yaraq \u0259lav\u0259 oksigen d\u0259st\u0259yi t\u0259min edir. Bu balonlar t\u0259n\u0259ff\u00fcs \u00e7\u0259tinliyi olan x\u0259st\u0259l\u0259rin h\u0259yat keyfiyy\u0259tini yax\u015f\u0131la\u015fd\u0131ra, g\u00fcnd\u0259lik f\u0259aliyy\u0259tl\u0259rini m\u0259hdudiyy\u0259tsiz davam etdirm\u0259y\u0259 v\u0259 a\u011f\u0131rla\u015fmalar\u0131 azaltma\u011fa k\u00f6m\u0259k ed\u0259 bil\u0259r.<\/p>","protected":false},"excerpt":{"rendered":"<p>Tibbi oksigen balonu &#8211; (manometr xaric) y\u00fcks\u0259k keyfiyy\u0259tli tiki\u015fsiz \u00e7\u0259km\u0259 borulardan TS 11169 standart\u0131na uy\u011fun istehsal edilmi\u015fdir. 2 Lt, 5 Lt v\u0259 10 Lt h\u0259cml\u0259rd\u0259 m\u00f6vcuddur. Oksigen Balonu n\u0259dir? Tibbi<\/p>","protected":false},"featured_media":2305,"template":"","meta":[],"product_cat":[126,132],"product_tag":[444,443,163,446,445],"class_list":{"0":"post-2304","1":"product","2":"type-product","3":"status-publish","4":"has-post-thumbnail","6":"product_cat-tibbi-cihazlar","7":"product_cat-oksigen-balonu","8":"product_tag-balon","9":"product_tag-oksigen","10":"product_tag-oksigen-balonu","11":"product_tag-oksigen-balonu-almaq","12":"product_tag-suni-tnffus","14":"first","15":"instock","16":"sale","17":"shipping-taxable","18":"purchasable","19":"product-type-variable"},"yoast_head":"<!-- This site is optimized with the Yoast SEO plugin v22.7 - https:\/\/yoast.com\/wordpress\/plugins\/seo\/ -->\n<title>Tibbi oksigen balonu - Medishop<\/title>\n<meta name=\"description\" content=\"Tibbi oksigen balonu t\u0259zyiq alt\u0131nda s\u0131x\u0131lm\u0131\u015f oksigen qaz\u0131n\u0131 saxlamaq v\u0259 da\u015f\u0131maq \u00fc\u00e7\u00fcn istifad\u0259 olunan tibbi avadanl\u0131qd\u0131r. Tibbi t\u0259cili yard\u0131mlarda, x\u0259st\u0259xana \u015f\u0259raitind\u0259, t\u0259cili yard\u0131m ma\u015f\u0131nlar\u0131nda v\u0259 ya evd\u0259 istifad\u0259 edil\u0259 bil\u0259r. Oksigen balonlar\u0131 t\u0259n\u0259ff\u00fcs probleml\u0259ri olan x\u0259st\u0259l\u0259r\u0259 \u0259lav\u0259 oksigen t\u0259min etm\u0259k \u00fc\u00e7\u00fcn istifad\u0259 olunur. Oksigen balonlar\u0131 m\u00fcxt\u0259lif \u00f6l\u00e7\u00fcl\u0259rd\u0259 v\u0259 tutumlarda olur. Da\u015f\u0131nabilirliyi say\u0259sind\u0259 oksigen balonlar\u0131n\u0131n evd\u0259 istifad\u0259si asanla\u015fd\u0131r\u0131l\u0131r v\u0259 x\u0259st\u0259l\u0259rin h\u0259r\u0259k\u0259t etm\u0259sin\u0259 v\u0259 g\u00fcnd\u0259lik h\u0259yatlar\u0131n\u0131 davam etdirm\u0259sin\u0259 imkan verir.\" \/>\n<meta name=\"robots\" content=\"index, follow, max-snippet:-1, max-image-preview:large, max-video-preview:-1\" \/>\n<link rel=\"canonical\" href=\"https:\/\/medishop.az\/ru\/mehsul\/tibbi-oksigen-balonu\/\" \/>\n<meta property=\"og:locale\" content=\"ru_RU\" \/>\n<meta property=\"og:type\" content=\"article\" \/>\n<meta property=\"og:title\" content=\"Tibbi oksigen balonu - Medishop\" \/>\n<meta property=\"og:description\" content=\"Tibbi oksigen balonu t\u0259zyiq alt\u0131nda s\u0131x\u0131lm\u0131\u015f oksigen qaz\u0131n\u0131 saxlamaq v\u0259 da\u015f\u0131maq \u00fc\u00e7\u00fcn istifad\u0259 olunan tibbi avadanl\u0131qd\u0131r. Tibbi t\u0259cili yard\u0131mlarda, x\u0259st\u0259xana \u015f\u0259raitind\u0259, t\u0259cili yard\u0131m ma\u015f\u0131nlar\u0131nda v\u0259 ya evd\u0259 istifad\u0259 edil\u0259 bil\u0259r. Oksigen balonlar\u0131 t\u0259n\u0259ff\u00fcs probleml\u0259ri olan x\u0259st\u0259l\u0259r\u0259 \u0259lav\u0259 oksigen t\u0259min etm\u0259k \u00fc\u00e7\u00fcn istifad\u0259 olunur. Oksigen balonlar\u0131 m\u00fcxt\u0259lif \u00f6l\u00e7\u00fcl\u0259rd\u0259 v\u0259 tutumlarda olur. Da\u015f\u0131nabilirliyi say\u0259sind\u0259 oksigen balonlar\u0131n\u0131n evd\u0259 istifad\u0259si asanla\u015fd\u0131r\u0131l\u0131r v\u0259 x\u0259st\u0259l\u0259rin h\u0259r\u0259k\u0259t etm\u0259sin\u0259 v\u0259 g\u00fcnd\u0259lik h\u0259yatlar\u0131n\u0131 davam etdirm\u0259sin\u0259 imkan verir.\" \/>\n<meta property=\"og:url\" content=\"https:\/\/medishop.az\/ru\/mehsul\/tibbi-oksigen-balonu\/\" \/>\n<meta property=\"og:site_name\" content=\"Medishop\" \/>\n<meta property=\"article:publisher\" content=\"https:\/\/www.facebook.com\/medishop.azerbaijan\" \/>\n<meta property=\"article:modified_time\" content=\"2026-01-17T14:39:48+00:00\" \/>\n<meta property=\"og:image\" content=\"https:\/\/medishop.az\/wp-content\/uploads\/2022\/12\/balon-2.jpg\" \/>\n\t<meta property=\"og:image:width\" content=\"1000\" \/>\n\t<meta property=\"og:image:height\" content=\"1000\" \/>\n\t<meta property=\"og:image:type\" content=\"image\/jpeg\" \/>\n<meta name=\"twitter:card\" content=\"summary_large_image\" \/>\n<meta name=\"twitter:label1\" content=\"\u041f\u0440\u0438\u043c\u0435\u0440\u043d\u043e\u0435 \u0432\u0440\u0435\u043c\u044f \u0434\u043b\u044f \u0447\u0442\u0435\u043d\u0438\u044f\" \/>\n\t<meta name=\"twitter:data1\" content=\"2 \u043c\u0438\u043d\u0443\u0442\u044b\" \/>\n<script type=\"application\/ld+json\" class=\"yoast-schema-graph\">{\"@context\":\"https:\/\/schema.org\",\"@graph\":[{\"@type\":\"WebPage\",\"@id\":\"https:\/\/medishop.az\/mehsul\/tibbi-oksigen-balonu\/\",\"url\":\"https:\/\/medishop.az\/mehsul\/tibbi-oksigen-balonu\/\",\"name\":\"Tibbi oksigen balonu - Medishop\",\"isPartOf\":{\"@id\":\"https:\/\/medishop.az\/#website\"},\"primaryImageOfPage\":{\"@id\":\"https:\/\/medishop.az\/mehsul\/tibbi-oksigen-balonu\/#primaryimage\"},\"image\":{\"@id\":\"https:\/\/medishop.az\/mehsul\/tibbi-oksigen-balonu\/#primaryimage\"},\"thumbnailUrl\":\"https:\/\/medishop.az\/wp-content\/uploads\/2022\/12\/balon-2.jpg\",\"datePublished\":\"2022-12-05T13:06:40+00:00\",\"dateModified\":\"2026-01-17T14:39:48+00:00\",\"description\":\"Tibbi oksigen balonu t\u0259zyiq alt\u0131nda s\u0131x\u0131lm\u0131\u015f oksigen qaz\u0131n\u0131 saxlamaq v\u0259 da\u015f\u0131maq \u00fc\u00e7\u00fcn istifad\u0259 olunan tibbi avadanl\u0131qd\u0131r. Tibbi t\u0259cili yard\u0131mlarda, x\u0259st\u0259xana \u015f\u0259raitind\u0259, t\u0259cili yard\u0131m ma\u015f\u0131nlar\u0131nda v\u0259 ya evd\u0259 istifad\u0259 edil\u0259 bil\u0259r. Oksigen balonlar\u0131 t\u0259n\u0259ff\u00fcs probleml\u0259ri olan x\u0259st\u0259l\u0259r\u0259 \u0259lav\u0259 oksigen t\u0259min etm\u0259k \u00fc\u00e7\u00fcn istifad\u0259 olunur. Oksigen balonlar\u0131 m\u00fcxt\u0259lif \u00f6l\u00e7\u00fcl\u0259rd\u0259 v\u0259 tutumlarda olur. Da\u015f\u0131nabilirliyi say\u0259sind\u0259 oksigen balonlar\u0131n\u0131n evd\u0259 istifad\u0259si asanla\u015fd\u0131r\u0131l\u0131r v\u0259 x\u0259st\u0259l\u0259rin h\u0259r\u0259k\u0259t etm\u0259sin\u0259 v\u0259 g\u00fcnd\u0259lik h\u0259yatlar\u0131n\u0131 davam etdirm\u0259sin\u0259 imkan verir.\",\"breadcrumb\":{\"@id\":\"https:\/\/medishop.az\/mehsul\/tibbi-oksigen-balonu\/#breadcrumb\"},\"inLanguage\":\"ru-RU\",\"potentialAction\":[{\"@type\":\"ReadAction\",\"target\":[\"https:\/\/medishop.az\/mehsul\/tibbi-oksigen-balonu\/\"]}]},{\"@type\":\"ImageObject\",\"inLanguage\":\"ru-RU\",\"@id\":\"https:\/\/medishop.az\/mehsul\/tibbi-oksigen-balonu\/#primaryimage\",\"url\":\"https:\/\/medishop.az\/wp-content\/uploads\/2022\/12\/balon-2.jpg\",\"contentUrl\":\"https:\/\/medishop.az\/wp-content\/uploads\/2022\/12\/balon-2.jpg\",\"width\":1000,\"height\":1000},{\"@type\":\"BreadcrumbList\",\"@id\":\"https:\/\/medishop.az\/mehsul\/tibbi-oksigen-balonu\/#breadcrumb\",\"itemListElement\":[{\"@type\":\"ListItem\",\"position\":1,\"name\":\"\u018fsas\",\"item\":\"https:\/\/medishop.az\/\"},{\"@type\":\"ListItem\",\"position\":2,\"name\":\"Ma\u011faza\",\"item\":\"https:\/\/medishop.az\/ru\/shop\/\"},{\"@type\":\"ListItem\",\"position\":3,\"name\":\"Tibbi oksigen balonu\"}]},{\"@type\":\"WebSite\",\"@id\":\"https:\/\/medishop.az\/#website\",\"url\":\"https:\/\/medishop.az\/\",\"name\":\"Medishop\",\"description\":\"Onlayn tibbi ma\u011faza\",\"publisher\":{\"@id\":\"https:\/\/medishop.az\/#organization\"},\"potentialAction\":[{\"@type\":\"SearchAction\",\"target\":{\"@type\":\"EntryPoint\",\"urlTemplate\":\"https:\/\/medishop.az\/?s={search_term_string}\"},\"query-input\":\"required name=search_term_string\"}],\"inLanguage\":\"ru-RU\"},{\"@type\":\"Organization\",\"@id\":\"https:\/\/medishop.az\/#organization\",\"name\":\"Medishop\",\"url\":\"https:\/\/medishop.az\/\",\"logo\":{\"@type\":\"ImageObject\",\"inLanguage\":\"ru-RU\",\"@id\":\"https:\/\/medishop.az\/#\/schema\/logo\/image\/\",\"url\":\"https:\/\/storage.googleapis.com\/stateless-medishop-az\/2022\/12\/logo.png\",\"contentUrl\":\"https:\/\/storage.googleapis.com\/stateless-medishop-az\/2022\/12\/logo.png\",\"width\":300,\"height\":89,\"caption\":\"Medishop\"},\"image\":{\"@id\":\"https:\/\/medishop.az\/#\/schema\/logo\/image\/\"},\"sameAs\":[\"https:\/\/www.facebook.com\/medishop.azerbaijan\"]}]}<\/script>\n<!-- \/ Yoast SEO plugin. -->","yoast_head_json":{"title":"Tibbi oksigen balonu - Medishop","description":"Tibbi oksigen balonu t\u0259zyiq alt\u0131nda s\u0131x\u0131lm\u0131\u015f oksigen qaz\u0131n\u0131 saxlamaq v\u0259 da\u015f\u0131maq \u00fc\u00e7\u00fcn istifad\u0259 olunan tibbi avadanl\u0131qd\u0131r. Tibbi t\u0259cili yard\u0131mlarda, x\u0259st\u0259xana \u015f\u0259raitind\u0259, t\u0259cili yard\u0131m ma\u015f\u0131nlar\u0131nda v\u0259 ya evd\u0259 istifad\u0259 edil\u0259 bil\u0259r. Oksigen balonlar\u0131 t\u0259n\u0259ff\u00fcs probleml\u0259ri olan x\u0259st\u0259l\u0259r\u0259 \u0259lav\u0259 oksigen t\u0259min etm\u0259k \u00fc\u00e7\u00fcn istifad\u0259 olunur. Oksigen balonlar\u0131 m\u00fcxt\u0259lif \u00f6l\u00e7\u00fcl\u0259rd\u0259 v\u0259 tutumlarda olur. Da\u015f\u0131nabilirliyi say\u0259sind\u0259 oksigen balonlar\u0131n\u0131n evd\u0259 istifad\u0259si asanla\u015fd\u0131r\u0131l\u0131r v\u0259 x\u0259st\u0259l\u0259rin h\u0259r\u0259k\u0259t etm\u0259sin\u0259 v\u0259 g\u00fcnd\u0259lik h\u0259yatlar\u0131n\u0131 davam etdirm\u0259sin\u0259 imkan verir.","robots":{"index":"index","follow":"follow","max-snippet":"max-snippet:-1","max-image-preview":"max-image-preview:large","max-video-preview":"max-video-preview:-1"},"canonical":"https:\/\/medishop.az\/ru\/mehsul\/tibbi-oksigen-balonu\/","og_locale":"ru_RU","og_type":"article","og_title":"Tibbi oksigen balonu - Medishop","og_description":"Tibbi oksigen balonu t\u0259zyiq alt\u0131nda s\u0131x\u0131lm\u0131\u015f oksigen qaz\u0131n\u0131 saxlamaq v\u0259 da\u015f\u0131maq \u00fc\u00e7\u00fcn istifad\u0259 olunan tibbi avadanl\u0131qd\u0131r. Tibbi t\u0259cili yard\u0131mlarda, x\u0259st\u0259xana \u015f\u0259raitind\u0259, t\u0259cili yard\u0131m ma\u015f\u0131nlar\u0131nda v\u0259 ya evd\u0259 istifad\u0259 edil\u0259 bil\u0259r. Oksigen balonlar\u0131 t\u0259n\u0259ff\u00fcs probleml\u0259ri olan x\u0259st\u0259l\u0259r\u0259 \u0259lav\u0259 oksigen t\u0259min etm\u0259k \u00fc\u00e7\u00fcn istifad\u0259 olunur. Oksigen balonlar\u0131 m\u00fcxt\u0259lif \u00f6l\u00e7\u00fcl\u0259rd\u0259 v\u0259 tutumlarda olur. Da\u015f\u0131nabilirliyi say\u0259sind\u0259 oksigen balonlar\u0131n\u0131n evd\u0259 istifad\u0259si asanla\u015fd\u0131r\u0131l\u0131r v\u0259 x\u0259st\u0259l\u0259rin h\u0259r\u0259k\u0259t etm\u0259sin\u0259 v\u0259 g\u00fcnd\u0259lik h\u0259yatlar\u0131n\u0131 davam etdirm\u0259sin\u0259 imkan verir.","og_url":"https:\/\/medishop.az\/ru\/mehsul\/tibbi-oksigen-balonu\/","og_site_name":"Medishop","article_publisher":"https:\/\/www.facebook.com\/medishop.azerbaijan","article_modified_time":"2026-01-17T14:39:48+00:00","og_image":[{"width":1000,"height":1000,"url":"https:\/\/medishop.az\/wp-content\/uploads\/2022\/12\/balon-2.jpg","type":"image\/jpeg"}],"twitter_card":"summary_large_image","twitter_misc":{"\u041f\u0440\u0438\u043c\u0435\u0440\u043d\u043e\u0435 \u0432\u0440\u0435\u043c\u044f \u0434\u043b\u044f \u0447\u0442\u0435\u043d\u0438\u044f":"2 \u043c\u0438\u043d\u0443\u0442\u044b"},"schema":{"@context":"https:\/\/schema.org","@graph":[{"@type":"WebPage","@id":"https:\/\/medishop.az\/mehsul\/tibbi-oksigen-balonu\/","url":"https:\/\/medishop.az\/mehsul\/tibbi-oksigen-balonu\/","name":"Tibbi oksigen balonu - Medishop","isPartOf":{"@id":"https:\/\/medishop.az\/#website"},"primaryImageOfPage":{"@id":"https:\/\/medishop.az\/mehsul\/tibbi-oksigen-balonu\/#primaryimage"},"image":{"@id":"https:\/\/medishop.az\/mehsul\/tibbi-oksigen-balonu\/#primaryimage"},"thumbnailUrl":"https:\/\/medishop.az\/wp-content\/uploads\/2022\/12\/balon-2.jpg","datePublished":"2022-12-05T13:06:40+00:00","dateModified":"2026-01-17T14:39:48+00:00","description":"Tibbi oksigen balonu t\u0259zyiq alt\u0131nda s\u0131x\u0131lm\u0131\u015f oksigen qaz\u0131n\u0131 saxlamaq v\u0259 da\u015f\u0131maq \u00fc\u00e7\u00fcn istifad\u0259 olunan tibbi avadanl\u0131qd\u0131r. Tibbi t\u0259cili yard\u0131mlarda, x\u0259st\u0259xana \u015f\u0259raitind\u0259, t\u0259cili yard\u0131m ma\u015f\u0131nlar\u0131nda v\u0259 ya evd\u0259 istifad\u0259 edil\u0259 bil\u0259r. Oksigen balonlar\u0131 t\u0259n\u0259ff\u00fcs probleml\u0259ri olan x\u0259st\u0259l\u0259r\u0259 \u0259lav\u0259 oksigen t\u0259min etm\u0259k \u00fc\u00e7\u00fcn istifad\u0259 olunur. Oksigen balonlar\u0131 m\u00fcxt\u0259lif \u00f6l\u00e7\u00fcl\u0259rd\u0259 v\u0259 tutumlarda olur. Da\u015f\u0131nabilirliyi say\u0259sind\u0259 oksigen balonlar\u0131n\u0131n evd\u0259 istifad\u0259si asanla\u015fd\u0131r\u0131l\u0131r v\u0259 x\u0259st\u0259l\u0259rin h\u0259r\u0259k\u0259t etm\u0259sin\u0259 v\u0259 g\u00fcnd\u0259lik h\u0259yatlar\u0131n\u0131 davam etdirm\u0259sin\u0259 imkan verir.","breadcrumb":{"@id":"https:\/\/medishop.az\/mehsul\/tibbi-oksigen-balonu\/#breadcrumb"},"inLanguage":"ru-RU","potentialAction":[{"@type":"ReadAction","target":["https:\/\/medishop.az\/mehsul\/tibbi-oksigen-balonu\/"]}]},{"@type":"ImageObject","inLanguage":"ru-RU","@id":"https:\/\/medishop.az\/mehsul\/tibbi-oksigen-balonu\/#primaryimage","url":"https:\/\/medishop.az\/wp-content\/uploads\/2022\/12\/balon-2.jpg","contentUrl":"https:\/\/medishop.az\/wp-content\/uploads\/2022\/12\/balon-2.jpg","width":1000,"height":1000},{"@type":"BreadcrumbList","@id":"https:\/\/medishop.az\/mehsul\/tibbi-oksigen-balonu\/#breadcrumb","itemListElement":[{"@type":"ListItem","position":1,"name":"\u018fsas","item":"https:\/\/medishop.az\/"},{"@type":"ListItem","position":2,"name":"Ma\u011faza","item":"https:\/\/medishop.az\/ru\/shop\/"},{"@type":"ListItem","position":3,"name":"Tibbi oksigen balonu"}]},{"@type":"WebSite","@id":"https:\/\/medishop.az\/#website","url":"https:\/\/medishop.az\/","name":"Medishop","description":"Onlayn tibbi ma\u011faza","publisher":{"@id":"https:\/\/medishop.az\/#organization"},"potentialAction":[{"@type":"SearchAction","target":{"@type":"EntryPoint","urlTemplate":"https:\/\/medishop.az\/?s={search_term_string}"},"query-input":"required name=search_term_string"}],"inLanguage":"ru-RU"},{"@type":"Organization","@id":"https:\/\/medishop.az\/#organization","name":"Medishop","url":"https:\/\/medishop.az\/","logo":{"@type":"ImageObject","inLanguage":"ru-RU","@id":"https:\/\/medishop.az\/#\/schema\/logo\/image\/","url":"https:\/\/storage.googleapis.com\/stateless-medishop-az\/2022\/12\/logo.png","contentUrl":"https:\/\/storage.googleapis.com\/stateless-medishop-az\/2022\/12\/logo.png","width":300,"height":89,"caption":"Medishop"},"image":{"@id":"https:\/\/medishop.az\/#\/schema\/logo\/image\/"},"sameAs":["https:\/\/www.facebook.com\/medishop.azerbaijan"]}]}},"jetpack_sharing_enabled":true,"_links":{"self":[{"href":"https:\/\/medishop.az\/ru\/wp-json\/wp\/v2\/product\/2304","targetHints":{"allow":["GET"]}}],"collection":[{"href":"https:\/\/medishop.az\/ru\/wp-json\/wp\/v2\/product"}],"about":[{"href":"https:\/\/medishop.az\/ru\/wp-json\/wp\/v2\/types\/product"}],"wp:featuredmedia":[{"embeddable":true,"href":"https:\/\/medishop.az\/ru\/wp-json\/wp\/v2\/media\/2305"}],"wp:attachment":[{"href":"https:\/\/medishop.az\/ru\/wp-json\/wp\/v2\/media?parent=2304"}],"wp:term":[{"taxonomy":"product_cat","embeddable":true,"href":"https:\/\/medishop.az\/ru\/wp-json\/wp\/v2\/product_cat?post=2304"},{"taxonomy":"product_tag","embeddable":true,"href":"https:\/\/medishop.az\/ru\/wp-json\/wp\/v2\/product_tag?post=2304"}],"curies":[{"name":"wp","href":"https:\/\/api.w.org\/{rel}","templated":true}]}}