{"id":1041,"date":"2019-06-01T05:37:55","date_gmt":"2019-06-01T05:37:55","guid":{"rendered":"https:\/\/kapee.presslayouts.com\/dummy\/?page_id=1041"},"modified":"2022-12-17T00:57:18","modified_gmt":"2022-12-16T20:57:18","slug":"haqqimizda","status":"publish","type":"page","link":"https:\/\/medishop.az\/ru\/haqqimizda\/","title":{"rendered":"\u041e \u043d\u0430\u0441"},"content":{"rendered":"<section class=\"wpb-content-wrapper\"><div class=\"vc_row wpb_row vc_row-fluid vc_custom_1563251684741 vc_row-o-content-middle vc_row-flex\"><div class=\"wpb_column vc_column_container vc_col-sm-6\"><div class=\"vc_column-inner\"><div class=\"wpb_wrapper\">\n\t<div  class=\"wpb_single_image wpb_content_element vc_align_left\">\n\t\t\n\t\t<figure class=\"wpb_wrapper vc_figure\">\n\t\t\t<div class=\"vc_single_image-wrapper   vc_box_border_grey\"><img loading=\"lazy\" decoding=\"async\" width=\"1800\" height=\"1150\" src=\"https:\/\/medishop.az\/wp-content\/themes\/kapee\/assets\/images\/transparent.png\" class=\"vc_single_image-img attachment-full lazy\" alt=\"\" title=\"Minimal Perspective Logo Mockup\" data-src=\"https:\/\/medishop.az\/wp-content\/uploads\/2022\/12\/transparent.png\" data-srcset=\"https:\/\/medishop.az\/wp-content\/uploads\/2022\/12\/cabf0cde-minimal-perspective-logo-mockup-300x192.png 300w, https:\/\/medishop.az\/wp-content\/uploads\/2022\/12\/cabf0cde-minimal-perspective-logo-mockup-1024x654.png 1024w, https:\/\/medishop.az\/wp-content\/uploads\/2022\/12\/cabf0cde-minimal-perspective-logo-mockup-768x491.png 768w, https:\/\/medishop.az\/wp-content\/uploads\/2022\/12\/cabf0cde-minimal-perspective-logo-mockup-1536x981.png 1536w, https:\/\/medishop.az\/wp-content\/uploads\/2022\/12\/cabf0cde-minimal-perspective-logo-mockup-18x12.png 18w, https:\/\/medishop.az\/wp-content\/uploads\/2022\/12\/cabf0cde-minimal-perspective-logo-mockup-600x383.png 600w, https:\/\/medishop.az\/wp-content\/uploads\/2022\/12\/cabf0cde-minimal-perspective-logo-mockup.png 1800w\" \/><\/div>\n\t\t<\/figure>\n\t<\/div>\n<\/div><\/div><\/div><div class=\"wpb_column vc_column_container vc_col-sm-6\"><div class=\"vc_column-inner\"><div class=\"wpb_wrapper\"><div id=\"kapee-header-49331\" class=\"kapee-element kapee-heading text-left kapee-width-100 separator-none separator-between-heading\">\t\n\t\t\t\n\t\t\t<div class=\"heading-wrap\">\n\t\t\t<span class=\"separator-left\"><\/span>\n\t\t\t<h2 class=\"heading-title\">\u041e \u043d\u0430\u0441 <\/h2>\t\t\t<span class=\"separator-right\"><\/span>\n\t\t\t\t\t<\/div>\n\t\t\n    \t\t<div class=\"heading-tagline\"> Medishop onlayn ma\u011fazaya xo\u015f g\u0259ldiniz <\/div>\n\t<\/div>\n\t<div class=\"wpb_text_column wpb_content_element  vc_custom_1671223966153\" >\n\t\t<div class=\"wpb_wrapper\">\n\t\t\t<p><strong>MEDISHOP.AZ\u00a0<\/strong>\u00a0tibbi internet-ma\u011fazas\u0131na (internet maqazin) xo\u015f g\u0259lmisiniz!<\/p>\n<p>Siz vaxt\u0131n\u0131za q\u0259na\u0259t edirsiniz? Evd\u0259n,ofisd\u0259n v\u0259 ya siz\u0259 rahat bir yerd\u0259n internetl\u0259 al\u0131\u015f-veri\u015f etm\u0259y\u0259 \u00fcst\u00fcnl\u00fck verirsiniz? Onda\u00a0<strong>MEDISHOP.AZ\u00a0<\/strong>sizin se\u00e7iminizdir.<\/p>\n<p>H\u0259ft\u0259d\u0259 7 g\u00fcn m\u0259mnuniyy\u0259tl\u0259 sizin sifari\u015fl\u0259rinizi q\u0259bul edirik. Siz\u0259 t\u0259qdim etdiyimiz m\u0259hsullar Almaniya, Fransa, \u0130taliya, AB\u015e, Kanada, T\u00fcrkiy\u0259, Pol\u015fa v\u0259 Yaponiya istehsal\u0131d\u0131r. Bak\u0131 \u015f\u0259h\u0259ri \u0259razisind\u0259 h\u0259r bir \u00fcnvana \u00e7atd\u0131r\u0131lma xidm\u0259ti m\u00f6vcuddur. \u00c7atd\u0131r\u0131lma haqq\u0131nda \u0259trafl\u0131 m\u0259lumat \u00c7ATDIRILMA \u015e\u018fRT\u0130 b\u00f6l\u00fcm\u00fcnd\u0259 verilmi\u015fdir.<\/p>\n<p>Sayt\u0131m\u0131zdan sifari\u015f edin v\u0259 \u00fcnvan\u0131 d\u0259qiql\u0259\u015fdirm\u0259k \u00fc\u00e7\u00fcn Biz sizinl\u0259 \u0259laq\u0259 saxlayaca\u011f\u0131q.<\/p>\n<p>*\u00a0Sayt\u0131m\u0131zda olmayan, ancaq sizi maraqland\u0131ran h\u0259r hans\u0131 tibbi cihaz v\u0259 avadanl\u0131qla ba\u011fl\u0131 m\u00fcraci\u0259t ed\u0259 bil\u0259rsiniz.<\/p>\n\n\t\t<\/div>\n\t<\/div>\n<div class=\"vc_row wpb_row vc_inner vc_row-fluid\"><div class=\"wpb_column vc_column_container vc_col-sm-6\"><div class=\"vc_column-inner\"><div class=\"wpb_wrapper\"><\/div><\/div><\/div><div class=\"wpb_column vc_column_container vc_col-sm-6\"><div class=\"vc_column-inner\"><div class=\"wpb_wrapper\"><\/div><\/div><\/div><\/div><\/div><\/div><\/div><\/div>\n<\/section>","protected":false},"excerpt":{"rendered":"Haqq\u0131m\u0131zda Medishop onlayn ma\u011fazaya xo\u015f g\u0259ldiniz MEDISHOP.AZ\u00a0\u00a0tibbi internet-ma\u011fazas\u0131na (internet maqazin) xo\u015f g\u0259lmisiniz! Siz vaxt\u0131n\u0131za q\u0259na\u0259t edirsiniz? Evd\u0259n,ofisd\u0259n v\u0259 ya siz\u0259 rahat bir yerd\u0259n internetl\u0259 al\u0131\u015f-veri\u015f etm\u0259y\u0259 \u00fcst\u00fcnl\u00fck verirsiniz? Onda\u00a0MEDISHOP.AZ\u00a0sizin se\u00e7iminizdir.","protected":false},"author":1,"featured_media":0,"parent":0,"menu_order":0,"comment_status":"closed","ping_status":"closed","template":"","meta":{"footnotes":""},"class_list":["post-1041","page","type-page","status-publish","hentry"],"yoast_head":"<!-- This site is optimized with the Yoast SEO plugin v22.7 - https:\/\/yoast.com\/wordpress\/plugins\/seo\/ -->\n<title>Haqq\u0131m\u0131zda - Medishop<\/title>\n<meta name=\"robots\" content=\"index, follow, max-snippet:-1, max-image-preview:large, max-video-preview:-1\" \/>\n<link rel=\"canonical\" href=\"https:\/\/medishop.az\/ru\/haqqimizda\/\" \/>\n<meta property=\"og:locale\" content=\"ru_RU\" \/>\n<meta property=\"og:type\" content=\"article\" \/>\n<meta property=\"og:title\" content=\"Haqq\u0131m\u0131zda - Medishop\" \/>\n<meta property=\"og:url\" content=\"https:\/\/medishop.az\/ru\/haqqimizda\/\" \/>\n<meta property=\"og:site_name\" content=\"Medishop\" \/>\n<meta property=\"article:publisher\" content=\"https:\/\/www.facebook.com\/medishop.azerbaijan\" \/>\n<meta property=\"article:modified_time\" content=\"2022-12-16T20:57:18+00:00\" \/>\n<meta name=\"twitter:card\" content=\"summary_large_image\" \/>\n<meta name=\"twitter:label1\" content=\"\u041f\u0440\u0438\u043c\u0435\u0440\u043d\u043e\u0435 \u0432\u0440\u0435\u043c\u044f \u0434\u043b\u044f \u0447\u0442\u0435\u043d\u0438\u044f\" \/>\n\t<meta name=\"twitter:data1\" content=\"8 \u043c\u0438\u043d\u0443\u0442\" \/>\n<script type=\"application\/ld+json\" class=\"yoast-schema-graph\">{\"@context\":\"https:\/\/schema.org\",\"@graph\":[{\"@type\":\"WebPage\",\"@id\":\"https:\/\/medishop.az\/haqqimizda\/\",\"url\":\"https:\/\/medishop.az\/haqqimizda\/\",\"name\":\"Haqq\u0131m\u0131zda - Medishop\",\"isPartOf\":{\"@id\":\"https:\/\/medishop.az\/#website\"},\"datePublished\":\"2019-06-01T05:37:55+00:00\",\"dateModified\":\"2022-12-16T20:57:18+00:00\",\"breadcrumb\":{\"@id\":\"https:\/\/medishop.az\/haqqimizda\/#breadcrumb\"},\"inLanguage\":\"ru-RU\",\"potentialAction\":[{\"@type\":\"ReadAction\",\"target\":[\"https:\/\/medishop.az\/haqqimizda\/\"]}]},{\"@type\":\"BreadcrumbList\",\"@id\":\"https:\/\/medishop.az\/haqqimizda\/#breadcrumb\",\"itemListElement\":[{\"@type\":\"ListItem\",\"position\":1,\"name\":\"\u018fsas\",\"item\":\"https:\/\/medishop.az\/\"},{\"@type\":\"ListItem\",\"position\":2,\"name\":\"Haqq\u0131m\u0131zda\"}]},{\"@type\":\"WebSite\",\"@id\":\"https:\/\/medishop.az\/#website\",\"url\":\"https:\/\/medishop.az\/\",\"name\":\"Medishop\",\"description\":\"Onlayn tibbi ma\u011faza\",\"publisher\":{\"@id\":\"https:\/\/medishop.az\/#organization\"},\"potentialAction\":[{\"@type\":\"SearchAction\",\"target\":{\"@type\":\"EntryPoint\",\"urlTemplate\":\"https:\/\/medishop.az\/?s={search_term_string}\"},\"query-input\":\"required name=search_term_string\"}],\"inLanguage\":\"ru-RU\"},{\"@type\":\"Organization\",\"@id\":\"https:\/\/medishop.az\/#organization\",\"name\":\"Medishop\",\"url\":\"https:\/\/medishop.az\/\",\"logo\":{\"@type\":\"ImageObject\",\"inLanguage\":\"ru-RU\",\"@id\":\"https:\/\/medishop.az\/#\/schema\/logo\/image\/\",\"url\":\"https:\/\/storage.googleapis.com\/stateless-medishop-az\/2022\/12\/logo.png\",\"contentUrl\":\"https:\/\/storage.googleapis.com\/stateless-medishop-az\/2022\/12\/logo.png\",\"width\":300,\"height\":89,\"caption\":\"Medishop\"},\"image\":{\"@id\":\"https:\/\/medishop.az\/#\/schema\/logo\/image\/\"},\"sameAs\":[\"https:\/\/www.facebook.com\/medishop.azerbaijan\"]}]}<\/script>\n<!-- \/ Yoast SEO plugin. -->","yoast_head_json":{"title":"Haqq\u0131m\u0131zda - Medishop","robots":{"index":"index","follow":"follow","max-snippet":"max-snippet:-1","max-image-preview":"max-image-preview:large","max-video-preview":"max-video-preview:-1"},"canonical":"https:\/\/medishop.az\/ru\/haqqimizda\/","og_locale":"ru_RU","og_type":"article","og_title":"Haqq\u0131m\u0131zda - Medishop","og_url":"https:\/\/medishop.az\/ru\/haqqimizda\/","og_site_name":"Medishop","article_publisher":"https:\/\/www.facebook.com\/medishop.azerbaijan","article_modified_time":"2022-12-16T20:57:18+00:00","twitter_card":"summary_large_image","twitter_misc":{"\u041f\u0440\u0438\u043c\u0435\u0440\u043d\u043e\u0435 \u0432\u0440\u0435\u043c\u044f \u0434\u043b\u044f \u0447\u0442\u0435\u043d\u0438\u044f":"8 \u043c\u0438\u043d\u0443\u0442"},"schema":{"@context":"https:\/\/schema.org","@graph":[{"@type":"WebPage","@id":"https:\/\/medishop.az\/haqqimizda\/","url":"https:\/\/medishop.az\/haqqimizda\/","name":"Haqq\u0131m\u0131zda - Medishop","isPartOf":{"@id":"https:\/\/medishop.az\/#website"},"datePublished":"2019-06-01T05:37:55+00:00","dateModified":"2022-12-16T20:57:18+00:00","breadcrumb":{"@id":"https:\/\/medishop.az\/haqqimizda\/#breadcrumb"},"inLanguage":"ru-RU","potentialAction":[{"@type":"ReadAction","target":["https:\/\/medishop.az\/haqqimizda\/"]}]},{"@type":"BreadcrumbList","@id":"https:\/\/medishop.az\/haqqimizda\/#breadcrumb","itemListElement":[{"@type":"ListItem","position":1,"name":"\u018fsas","item":"https:\/\/medishop.az\/"},{"@type":"ListItem","position":2,"name":"Haqq\u0131m\u0131zda"}]},{"@type":"WebSite","@id":"https:\/\/medishop.az\/#website","url":"https:\/\/medishop.az\/","name":"Medishop","description":"Onlayn tibbi ma\u011faza","publisher":{"@id":"https:\/\/medishop.az\/#organization"},"potentialAction":[{"@type":"SearchAction","target":{"@type":"EntryPoint","urlTemplate":"https:\/\/medishop.az\/?s={search_term_string}"},"query-input":"required name=search_term_string"}],"inLanguage":"ru-RU"},{"@type":"Organization","@id":"https:\/\/medishop.az\/#organization","name":"Medishop","url":"https:\/\/medishop.az\/","logo":{"@type":"ImageObject","inLanguage":"ru-RU","@id":"https:\/\/medishop.az\/#\/schema\/logo\/image\/","url":"https:\/\/storage.googleapis.com\/stateless-medishop-az\/2022\/12\/logo.png","contentUrl":"https:\/\/storage.googleapis.com\/stateless-medishop-az\/2022\/12\/logo.png","width":300,"height":89,"caption":"Medishop"},"image":{"@id":"https:\/\/medishop.az\/#\/schema\/logo\/image\/"},"sameAs":["https:\/\/www.facebook.com\/medishop.azerbaijan"]}]}},"jetpack_sharing_enabled":true,"_links":{"self":[{"href":"https:\/\/medishop.az\/ru\/wp-json\/wp\/v2\/pages\/1041","targetHints":{"allow":["GET"]}}],"collection":[{"href":"https:\/\/medishop.az\/ru\/wp-json\/wp\/v2\/pages"}],"about":[{"href":"https:\/\/medishop.az\/ru\/wp-json\/wp\/v2\/types\/page"}],"author":[{"embeddable":true,"href":"https:\/\/medishop.az\/ru\/wp-json\/wp\/v2\/users\/1"}],"replies":[{"embeddable":true,"href":"https:\/\/medishop.az\/ru\/wp-json\/wp\/v2\/comments?post=1041"}],"version-history":[{"count":0,"href":"https:\/\/medishop.az\/ru\/wp-json\/wp\/v2\/pages\/1041\/revisions"}],"wp:attachment":[{"href":"https:\/\/medishop.az\/ru\/wp-json\/wp\/v2\/media?parent=1041"}],"curies":[{"name":"wp","href":"https:\/\/api.w.org\/{rel}","templated":true}]}}