{"id":468783,"date":"2026-02-21T18:11:02","date_gmt":"2026-02-21T14:11:02","guid":{"rendered":"https:\/\/medishop.az\/?post_type=product&#038;p=468783"},"modified":"2026-02-21T18:31:36","modified_gmt":"2026-02-21T14:31:36","slug":"defibrillyator-heartline-aed-ekransiz","status":"publish","type":"product","link":"http:\/\/medishop.az\/ru\/mehsul\/defibrillyator-heartline-aed-ekransiz\/","title":{"rendered":"Defibrillyator &#8211; Heartline AED (ekrans\u0131z)"},"content":{"rendered":"<h3 style=\"margin: 20px0px10px;padding: 0px;font-family: Arial,Helvetica,sans-serif;font-weight: 500;line-height: 1.1;font-size: 24px;font-style: normal;letter-spacing: normal;text-transform: none;text-align: left\">ASELSAN &#8211; Heartline AED (ekrans\u0131z)<\/h3>\n<div class=\"icerik-detay\" style=\"margin: 0px;padding: 0px;font-family: Arial,Helvetica,sans-serif;font-size: 14px;font-style: normal;font-weight: 400;letter-spacing: normal;text-transform: none;text-align: left\">\n<p>200J-d\u0259 doldurma m\u00fcdd\u0259ti (tam doldurulmu\u015f batareya il\u0259) &lt;7 saniy\u0259<\/p>\n<p>200J-d\u0259 doldurma m\u00fcdd\u0259ti (6 d\u0259f\u0259 \u015fok edilmi\u015f batareya il\u0259) &lt;10 saniy\u0259<\/p>\n<p>Enerjinin qo\u015fulmas\u0131ndan \u015foka haz\u0131r v\u0259ziyy\u0259t\u0259 q\u0259d\u0259r olan vaxt (6 d\u0259f\u0259 \u015fok edilmi\u015f batareya il\u0259) &lt;43 saniy\u0259<\/p>\n<p>EKQ analiz m\u00fcdd\u0259ti &lt;7 saniy\u0259<\/p>\n<p>\u0130mpedans \u00f6l\u00e7m\u0259 funksiyas\u0131 m\u00f6vcuddur.<\/p>\n<p>\u00d6l\u00e7\u00fcl\u0259r (En*Uzunluq*H\u00fcnd\u00fcrl\u00fck): 214.5*288*103 mm (\u00f6rt\u00fckl\u0259) &#8211; 214.5*281.5*72.5 mm (\u00f6rt\u00fcks\u00fcz)<\/p>\n<p>\u00c7\u0259ki (batareya paketi xaric): 2.098 kq (\u00f6rt\u00fckl\u0259) 1.796 kq (\u00f6rt\u00fcks\u00fcz)<\/p>\n<p>G\u00fcc: 12V 7200mAh LiMnO2 Batareya (T\u0259krar doldurulmayan) 12V 9600mAh LiMnO2 Batareya (\u0130ste\u011fe ba\u011fl\u0131)<\/p>\n<p>Yast\u0131q Uy\u011funlu\u011fu: Yaln\u0131z istehsal\u00e7\u0131 t\u0259r\u0259find\u0259n t\u00f6vsiy\u0259 edil\u0259n AED yast\u0131qlar\u0131<\/p>\n<p>\u0130\u015fl\u0259m\u0259 Rejimi: Yar\u0131 Avtomatik \/ Tam Avtomatik<\/p>\n<p>B\u0259rpa Protokolu: AHA 2015 T\u0259limatlar\u0131<\/p>\n<p>\u0130\u015fl\u0259m\u0259 \u015e\u0259rtl\u0259ri: 0\u00b0 il\u0259 50\u00b0* v\u0259 10%-95% r\u00fctub\u0259t (kondensasiya olunmayan)<\/p>\n<p>\u0130\u015fl\u0259m\u0259 H\u00fcnd\u00fcrl\u00fcy\u00fc: -91m il\u0259 4573m aras\u0131nda<\/p>\n<p>Atmosfer T\u0259zyiqi (\u0130\u015fl\u0259m\u0259\/Da\u015f\u0131nma): 500-1060 hPa<\/p>\n<p>Saxlama \u015f\u0259rtl\u0259ri: -30\u00b0C-d\u0259n 70\u00b0C-y\u0259 q\u0259d\u0259r v\u0259 10%-95% r\u00fctub\u0259t (Kondensasiya olunmur)<\/p>\n<\/div>","protected":false},"excerpt":{"rendered":"<p>ASELSAN &#8211; Heartline AED (ekrans\u0131z) 200J-d\u0259 doldurma m\u00fcdd\u0259ti (tam doldurulmu\u015f batareya il\u0259) &lt;7 saniy\u0259 200J-d\u0259 doldurma m\u00fcdd\u0259ti (6 d\u0259f\u0259 \u015fok edilmi\u015f batareya il\u0259) &lt;10 saniy\u0259 Enerjinin qo\u015fulmas\u0131ndan \u015foka haz\u0131r v\u0259ziyy\u0259t\u0259<\/p>","protected":false},"featured_media":468793,"template":"","meta":[],"product_cat":[133,126],"product_tag":[198,408,168,359,217,351],"class_list":{"0":"post-468783","1":"product","2":"type-product","3":"status-publish","4":"has-post-thumbnail","6":"product_cat-ilk-yardim","7":"product_cat-tibbi-cihazlar","8":"product_tag-defibrillator-almaq","9":"product_tag-defibrillyator","10":"product_tag-ilk-tibbi-yardim","11":"product_tag-ilk-yardim","12":"product_tag-ilk-yardim-cantasi","13":"product_tag-ilk-yardim-dsti","15":"first","16":"instock","17":"shipping-taxable","18":"purchasable","19":"product-type-simple"},"yoast_head":"<!-- This site is optimized with the Yoast SEO plugin v22.7 - https:\/\/yoast.com\/wordpress\/plugins\/seo\/ -->\n<title>Defibrillyator - Heartline AED (ekrans\u0131z) - Medishop<\/title>\n<meta name=\"description\" content=\"Aselsan Heartline AED, \u00fcr\u0259k ritm pozuntular\u0131n\u0131 v\u0259 \u00fcr\u0259yin qan vurma funksiyas\u0131n\u0131 yerin\u0259 yetir\u0259 bilm\u0259diyi, \u0259sas arteriyalarda n\u0259bzin a\u015fkarlana bilm\u0259diyi v\u0259 x\u0259st\u0259d\u0259 q\u0259fil \u00fcr\u0259k dayanmas\u0131na, t\u0259n\u0259ff\u00fcs v\u0259 hu\u015fun itirilm\u0259sin\u0259 s\u0259b\u0259b ola bil\u0259c\u0259k m\u0259d\u0259cik fibrillyasiyas\u0131 kimi v\u0259ziyy\u0259tl\u0259ri m\u00fcalic\u0259 etm\u0259k \u00fc\u00e7\u00fcn haz\u0131rlanm\u0131\u015f avtomatla\u015fd\u0131r\u0131lm\u0131\u015f xarici defibrilyator (AED) cihaz\u0131d\u0131r.\" \/>\n<meta name=\"robots\" content=\"index, follow, max-snippet:-1, max-image-preview:large, max-video-preview:-1\" \/>\n<link rel=\"canonical\" href=\"http:\/\/medishop.az\/ru\/mehsul\/defibrillyator-heartline-aed-ekransiz\/\" \/>\n<meta property=\"og:locale\" content=\"ru_RU\" \/>\n<meta property=\"og:type\" content=\"article\" \/>\n<meta property=\"og:title\" content=\"Defibrillyator - Heartline AED (ekrans\u0131z) - Medishop\" \/>\n<meta property=\"og:description\" content=\"Aselsan Heartline AED, \u00fcr\u0259k ritm pozuntular\u0131n\u0131 v\u0259 \u00fcr\u0259yin qan vurma funksiyas\u0131n\u0131 yerin\u0259 yetir\u0259 bilm\u0259diyi, \u0259sas arteriyalarda n\u0259bzin a\u015fkarlana bilm\u0259diyi v\u0259 x\u0259st\u0259d\u0259 q\u0259fil \u00fcr\u0259k dayanmas\u0131na, t\u0259n\u0259ff\u00fcs v\u0259 hu\u015fun itirilm\u0259sin\u0259 s\u0259b\u0259b ola bil\u0259c\u0259k m\u0259d\u0259cik fibrillyasiyas\u0131 kimi v\u0259ziyy\u0259tl\u0259ri m\u00fcalic\u0259 etm\u0259k \u00fc\u00e7\u00fcn haz\u0131rlanm\u0131\u015f avtomatla\u015fd\u0131r\u0131lm\u0131\u015f xarici defibrilyator (AED) cihaz\u0131d\u0131r.\" \/>\n<meta property=\"og:url\" content=\"http:\/\/medishop.az\/ru\/mehsul\/defibrillyator-heartline-aed-ekransiz\/\" \/>\n<meta property=\"og:site_name\" content=\"Medishop\" \/>\n<meta property=\"article:publisher\" content=\"https:\/\/www.facebook.com\/medishop.azerbaijan\" \/>\n<meta property=\"article:modified_time\" content=\"2026-02-21T14:31:36+00:00\" \/>\n<meta property=\"og:image\" content=\"https:\/\/medishop.az\/wp-content\/uploads\/2026\/02\/8947cada-\u0414\u0438\u0437\u0430\u0439\u043d-\u0431\u0435\u0437-\u043d\u0430\u0437\u0432\u0430\u043d\u0438\u044f-\u043a\u043e\u043f\u0438\u044f-\u043a\u043e\u043f\u0438\u044f-\u043a\u043e\u043f\u0438\u044f-\u043a\u043e\u043f\u0438\u044f-\u043a\u043e\u043f\u0438\u044f.png\" \/>\n\t<meta property=\"og:image:width\" content=\"300\" \/>\n\t<meta property=\"og:image:height\" content=\"300\" \/>\n\t<meta property=\"og:image:type\" content=\"image\/png\" \/>\n<meta name=\"twitter:card\" content=\"summary_large_image\" \/>\n<meta name=\"twitter:label1\" content=\"\u041f\u0440\u0438\u043c\u0435\u0440\u043d\u043e\u0435 \u0432\u0440\u0435\u043c\u044f \u0434\u043b\u044f \u0447\u0442\u0435\u043d\u0438\u044f\" \/>\n\t<meta name=\"twitter:data1\" content=\"1 \u043c\u0438\u043d\u0443\u0442\u0430\" \/>\n<script type=\"application\/ld+json\" class=\"yoast-schema-graph\">{\"@context\":\"https:\/\/schema.org\",\"@graph\":[{\"@type\":\"WebPage\",\"@id\":\"https:\/\/medishop.az\/mehsul\/defibrillyator-heartline-aed-ekransiz\/\",\"url\":\"https:\/\/medishop.az\/mehsul\/defibrillyator-heartline-aed-ekransiz\/\",\"name\":\"Defibrillyator - Heartline AED (ekrans\u0131z) - Medishop\",\"isPartOf\":{\"@id\":\"https:\/\/medishop.az\/#website\"},\"primaryImageOfPage\":{\"@id\":\"https:\/\/medishop.az\/mehsul\/defibrillyator-heartline-aed-ekransiz\/#primaryimage\"},\"image\":{\"@id\":\"https:\/\/medishop.az\/mehsul\/defibrillyator-heartline-aed-ekransiz\/#primaryimage\"},\"thumbnailUrl\":\"https:\/\/medishop.az\/wp-content\/uploads\/2026\/02\/8947cada-\u0414\u0438\u0437\u0430\u0439\u043d-\u0431\u0435\u0437-\u043d\u0430\u0437\u0432\u0430\u043d\u0438\u044f-\u043a\u043e\u043f\u0438\u044f-\u043a\u043e\u043f\u0438\u044f-\u043a\u043e\u043f\u0438\u044f-\u043a\u043e\u043f\u0438\u044f-\u043a\u043e\u043f\u0438\u044f.png\",\"datePublished\":\"2026-02-21T14:11:02+00:00\",\"dateModified\":\"2026-02-21T14:31:36+00:00\",\"description\":\"Aselsan Heartline AED, \u00fcr\u0259k ritm pozuntular\u0131n\u0131 v\u0259 \u00fcr\u0259yin qan vurma funksiyas\u0131n\u0131 yerin\u0259 yetir\u0259 bilm\u0259diyi, \u0259sas arteriyalarda n\u0259bzin a\u015fkarlana bilm\u0259diyi v\u0259 x\u0259st\u0259d\u0259 q\u0259fil \u00fcr\u0259k dayanmas\u0131na, t\u0259n\u0259ff\u00fcs v\u0259 hu\u015fun itirilm\u0259sin\u0259 s\u0259b\u0259b ola bil\u0259c\u0259k m\u0259d\u0259cik fibrillyasiyas\u0131 kimi v\u0259ziyy\u0259tl\u0259ri m\u00fcalic\u0259 etm\u0259k \u00fc\u00e7\u00fcn haz\u0131rlanm\u0131\u015f avtomatla\u015fd\u0131r\u0131lm\u0131\u015f xarici defibrilyator (AED) cihaz\u0131d\u0131r.\",\"breadcrumb\":{\"@id\":\"https:\/\/medishop.az\/mehsul\/defibrillyator-heartline-aed-ekransiz\/#breadcrumb\"},\"inLanguage\":\"ru-RU\",\"potentialAction\":[{\"@type\":\"ReadAction\",\"target\":[\"https:\/\/medishop.az\/mehsul\/defibrillyator-heartline-aed-ekransiz\/\"]}]},{\"@type\":\"ImageObject\",\"inLanguage\":\"ru-RU\",\"@id\":\"https:\/\/medishop.az\/mehsul\/defibrillyator-heartline-aed-ekransiz\/#primaryimage\",\"url\":\"https:\/\/medishop.az\/wp-content\/uploads\/2026\/02\/8947cada-\u0414\u0438\u0437\u0430\u0439\u043d-\u0431\u0435\u0437-\u043d\u0430\u0437\u0432\u0430\u043d\u0438\u044f-\u043a\u043e\u043f\u0438\u044f-\u043a\u043e\u043f\u0438\u044f-\u043a\u043e\u043f\u0438\u044f-\u043a\u043e\u043f\u0438\u044f-\u043a\u043e\u043f\u0438\u044f.png\",\"contentUrl\":\"https:\/\/medishop.az\/wp-content\/uploads\/2026\/02\/8947cada-\u0414\u0438\u0437\u0430\u0439\u043d-\u0431\u0435\u0437-\u043d\u0430\u0437\u0432\u0430\u043d\u0438\u044f-\u043a\u043e\u043f\u0438\u044f-\u043a\u043e\u043f\u0438\u044f-\u043a\u043e\u043f\u0438\u044f-\u043a\u043e\u043f\u0438\u044f-\u043a\u043e\u043f\u0438\u044f.png\",\"width\":300,\"height\":300},{\"@type\":\"BreadcrumbList\",\"@id\":\"https:\/\/medishop.az\/mehsul\/defibrillyator-heartline-aed-ekransiz\/#breadcrumb\",\"itemListElement\":[{\"@type\":\"ListItem\",\"position\":1,\"name\":\"\u018fsas\",\"item\":\"https:\/\/medishop.az\/\"},{\"@type\":\"ListItem\",\"position\":2,\"name\":\"Ma\u011faza\",\"item\":\"https:\/\/medishop.az\/ru\/shop\/\"},{\"@type\":\"ListItem\",\"position\":3,\"name\":\"Defibrillyator &#8211; Heartline AED (ekrans\u0131z)\"}]},{\"@type\":\"WebSite\",\"@id\":\"https:\/\/medishop.az\/#website\",\"url\":\"https:\/\/medishop.az\/\",\"name\":\"Medishop\",\"description\":\"Onlayn tibbi ma\u011faza\",\"publisher\":{\"@id\":\"https:\/\/medishop.az\/#organization\"},\"potentialAction\":[{\"@type\":\"SearchAction\",\"target\":{\"@type\":\"EntryPoint\",\"urlTemplate\":\"https:\/\/medishop.az\/?s={search_term_string}\"},\"query-input\":\"required name=search_term_string\"}],\"inLanguage\":\"ru-RU\"},{\"@type\":\"Organization\",\"@id\":\"https:\/\/medishop.az\/#organization\",\"name\":\"Medishop\",\"url\":\"https:\/\/medishop.az\/\",\"logo\":{\"@type\":\"ImageObject\",\"inLanguage\":\"ru-RU\",\"@id\":\"https:\/\/medishop.az\/#\/schema\/logo\/image\/\",\"url\":\"https:\/\/storage.googleapis.com\/stateless-medishop-az\/2022\/12\/logo.png\",\"contentUrl\":\"https:\/\/storage.googleapis.com\/stateless-medishop-az\/2022\/12\/logo.png\",\"width\":300,\"height\":89,\"caption\":\"Medishop\"},\"image\":{\"@id\":\"https:\/\/medishop.az\/#\/schema\/logo\/image\/\"},\"sameAs\":[\"https:\/\/www.facebook.com\/medishop.azerbaijan\"]}]}<\/script>\n<!-- \/ Yoast SEO plugin. -->","yoast_head_json":{"title":"Defibrillyator - Heartline AED (ekrans\u0131z) - Medishop","description":"Aselsan Heartline AED, \u00fcr\u0259k ritm pozuntular\u0131n\u0131 v\u0259 \u00fcr\u0259yin qan vurma funksiyas\u0131n\u0131 yerin\u0259 yetir\u0259 bilm\u0259diyi, \u0259sas arteriyalarda n\u0259bzin a\u015fkarlana bilm\u0259diyi v\u0259 x\u0259st\u0259d\u0259 q\u0259fil \u00fcr\u0259k dayanmas\u0131na, t\u0259n\u0259ff\u00fcs v\u0259 hu\u015fun itirilm\u0259sin\u0259 s\u0259b\u0259b ola bil\u0259c\u0259k m\u0259d\u0259cik fibrillyasiyas\u0131 kimi v\u0259ziyy\u0259tl\u0259ri m\u00fcalic\u0259 etm\u0259k \u00fc\u00e7\u00fcn haz\u0131rlanm\u0131\u015f avtomatla\u015fd\u0131r\u0131lm\u0131\u015f xarici defibrilyator (AED) cihaz\u0131d\u0131r.","robots":{"index":"index","follow":"follow","max-snippet":"max-snippet:-1","max-image-preview":"max-image-preview:large","max-video-preview":"max-video-preview:-1"},"canonical":"http:\/\/medishop.az\/ru\/mehsul\/defibrillyator-heartline-aed-ekransiz\/","og_locale":"ru_RU","og_type":"article","og_title":"Defibrillyator - Heartline AED (ekrans\u0131z) - Medishop","og_description":"Aselsan Heartline AED, \u00fcr\u0259k ritm pozuntular\u0131n\u0131 v\u0259 \u00fcr\u0259yin qan vurma funksiyas\u0131n\u0131 yerin\u0259 yetir\u0259 bilm\u0259diyi, \u0259sas arteriyalarda n\u0259bzin a\u015fkarlana bilm\u0259diyi v\u0259 x\u0259st\u0259d\u0259 q\u0259fil \u00fcr\u0259k dayanmas\u0131na, t\u0259n\u0259ff\u00fcs v\u0259 hu\u015fun itirilm\u0259sin\u0259 s\u0259b\u0259b ola bil\u0259c\u0259k m\u0259d\u0259cik fibrillyasiyas\u0131 kimi v\u0259ziyy\u0259tl\u0259ri m\u00fcalic\u0259 etm\u0259k \u00fc\u00e7\u00fcn haz\u0131rlanm\u0131\u015f avtomatla\u015fd\u0131r\u0131lm\u0131\u015f xarici defibrilyator (AED) cihaz\u0131d\u0131r.","og_url":"http:\/\/medishop.az\/ru\/mehsul\/defibrillyator-heartline-aed-ekransiz\/","og_site_name":"Medishop","article_publisher":"https:\/\/www.facebook.com\/medishop.azerbaijan","article_modified_time":"2026-02-21T14:31:36+00:00","og_image":[{"width":300,"height":300,"url":"https:\/\/medishop.az\/wp-content\/uploads\/2026\/02\/8947cada-\u0414\u0438\u0437\u0430\u0439\u043d-\u0431\u0435\u0437-\u043d\u0430\u0437\u0432\u0430\u043d\u0438\u044f-\u043a\u043e\u043f\u0438\u044f-\u043a\u043e\u043f\u0438\u044f-\u043a\u043e\u043f\u0438\u044f-\u043a\u043e\u043f\u0438\u044f-\u043a\u043e\u043f\u0438\u044f.png","type":"image\/png"}],"twitter_card":"summary_large_image","twitter_misc":{"\u041f\u0440\u0438\u043c\u0435\u0440\u043d\u043e\u0435 \u0432\u0440\u0435\u043c\u044f \u0434\u043b\u044f \u0447\u0442\u0435\u043d\u0438\u044f":"1 \u043c\u0438\u043d\u0443\u0442\u0430"},"schema":{"@context":"https:\/\/schema.org","@graph":[{"@type":"WebPage","@id":"https:\/\/medishop.az\/mehsul\/defibrillyator-heartline-aed-ekransiz\/","url":"https:\/\/medishop.az\/mehsul\/defibrillyator-heartline-aed-ekransiz\/","name":"Defibrillyator - Heartline AED (ekrans\u0131z) - Medishop","isPartOf":{"@id":"https:\/\/medishop.az\/#website"},"primaryImageOfPage":{"@id":"https:\/\/medishop.az\/mehsul\/defibrillyator-heartline-aed-ekransiz\/#primaryimage"},"image":{"@id":"https:\/\/medishop.az\/mehsul\/defibrillyator-heartline-aed-ekransiz\/#primaryimage"},"thumbnailUrl":"https:\/\/medishop.az\/wp-content\/uploads\/2026\/02\/8947cada-\u0414\u0438\u0437\u0430\u0439\u043d-\u0431\u0435\u0437-\u043d\u0430\u0437\u0432\u0430\u043d\u0438\u044f-\u043a\u043e\u043f\u0438\u044f-\u043a\u043e\u043f\u0438\u044f-\u043a\u043e\u043f\u0438\u044f-\u043a\u043e\u043f\u0438\u044f-\u043a\u043e\u043f\u0438\u044f.png","datePublished":"2026-02-21T14:11:02+00:00","dateModified":"2026-02-21T14:31:36+00:00","description":"Aselsan Heartline AED, \u00fcr\u0259k ritm pozuntular\u0131n\u0131 v\u0259 \u00fcr\u0259yin qan vurma funksiyas\u0131n\u0131 yerin\u0259 yetir\u0259 bilm\u0259diyi, \u0259sas arteriyalarda n\u0259bzin a\u015fkarlana bilm\u0259diyi v\u0259 x\u0259st\u0259d\u0259 q\u0259fil \u00fcr\u0259k dayanmas\u0131na, t\u0259n\u0259ff\u00fcs v\u0259 hu\u015fun itirilm\u0259sin\u0259 s\u0259b\u0259b ola bil\u0259c\u0259k m\u0259d\u0259cik fibrillyasiyas\u0131 kimi v\u0259ziyy\u0259tl\u0259ri m\u00fcalic\u0259 etm\u0259k \u00fc\u00e7\u00fcn haz\u0131rlanm\u0131\u015f avtomatla\u015fd\u0131r\u0131lm\u0131\u015f xarici defibrilyator (AED) cihaz\u0131d\u0131r.","breadcrumb":{"@id":"https:\/\/medishop.az\/mehsul\/defibrillyator-heartline-aed-ekransiz\/#breadcrumb"},"inLanguage":"ru-RU","potentialAction":[{"@type":"ReadAction","target":["https:\/\/medishop.az\/mehsul\/defibrillyator-heartline-aed-ekransiz\/"]}]},{"@type":"ImageObject","inLanguage":"ru-RU","@id":"https:\/\/medishop.az\/mehsul\/defibrillyator-heartline-aed-ekransiz\/#primaryimage","url":"https:\/\/medishop.az\/wp-content\/uploads\/2026\/02\/8947cada-\u0414\u0438\u0437\u0430\u0439\u043d-\u0431\u0435\u0437-\u043d\u0430\u0437\u0432\u0430\u043d\u0438\u044f-\u043a\u043e\u043f\u0438\u044f-\u043a\u043e\u043f\u0438\u044f-\u043a\u043e\u043f\u0438\u044f-\u043a\u043e\u043f\u0438\u044f-\u043a\u043e\u043f\u0438\u044f.png","contentUrl":"https:\/\/medishop.az\/wp-content\/uploads\/2026\/02\/8947cada-\u0414\u0438\u0437\u0430\u0439\u043d-\u0431\u0435\u0437-\u043d\u0430\u0437\u0432\u0430\u043d\u0438\u044f-\u043a\u043e\u043f\u0438\u044f-\u043a\u043e\u043f\u0438\u044f-\u043a\u043e\u043f\u0438\u044f-\u043a\u043e\u043f\u0438\u044f-\u043a\u043e\u043f\u0438\u044f.png","width":300,"height":300},{"@type":"BreadcrumbList","@id":"https:\/\/medishop.az\/mehsul\/defibrillyator-heartline-aed-ekransiz\/#breadcrumb","itemListElement":[{"@type":"ListItem","position":1,"name":"\u018fsas","item":"https:\/\/medishop.az\/"},{"@type":"ListItem","position":2,"name":"Ma\u011faza","item":"https:\/\/medishop.az\/ru\/shop\/"},{"@type":"ListItem","position":3,"name":"Defibrillyator &#8211; Heartline AED (ekrans\u0131z)"}]},{"@type":"WebSite","@id":"https:\/\/medishop.az\/#website","url":"https:\/\/medishop.az\/","name":"Medishop","description":"Onlayn tibbi ma\u011faza","publisher":{"@id":"https:\/\/medishop.az\/#organization"},"potentialAction":[{"@type":"SearchAction","target":{"@type":"EntryPoint","urlTemplate":"https:\/\/medishop.az\/?s={search_term_string}"},"query-input":"required name=search_term_string"}],"inLanguage":"ru-RU"},{"@type":"Organization","@id":"https:\/\/medishop.az\/#organization","name":"Medishop","url":"https:\/\/medishop.az\/","logo":{"@type":"ImageObject","inLanguage":"ru-RU","@id":"https:\/\/medishop.az\/#\/schema\/logo\/image\/","url":"https:\/\/storage.googleapis.com\/stateless-medishop-az\/2022\/12\/logo.png","contentUrl":"https:\/\/storage.googleapis.com\/stateless-medishop-az\/2022\/12\/logo.png","width":300,"height":89,"caption":"Medishop"},"image":{"@id":"https:\/\/medishop.az\/#\/schema\/logo\/image\/"},"sameAs":["https:\/\/www.facebook.com\/medishop.azerbaijan"]}]}},"jetpack_sharing_enabled":true,"_links":{"self":[{"href":"http:\/\/medishop.az\/ru\/wp-json\/wp\/v2\/product\/468783","targetHints":{"allow":["GET"]}}],"collection":[{"href":"http:\/\/medishop.az\/ru\/wp-json\/wp\/v2\/product"}],"about":[{"href":"http:\/\/medishop.az\/ru\/wp-json\/wp\/v2\/types\/product"}],"wp:featuredmedia":[{"embeddable":true,"href":"http:\/\/medishop.az\/ru\/wp-json\/wp\/v2\/media\/468793"}],"wp:attachment":[{"href":"http:\/\/medishop.az\/ru\/wp-json\/wp\/v2\/media?parent=468783"}],"wp:term":[{"taxonomy":"product_cat","embeddable":true,"href":"http:\/\/medishop.az\/ru\/wp-json\/wp\/v2\/product_cat?post=468783"},{"taxonomy":"product_tag","embeddable":true,"href":"http:\/\/medishop.az\/ru\/wp-json\/wp\/v2\/product_tag?post=468783"}],"curies":[{"name":"wp","href":"https:\/\/api.w.org\/{rel}","templated":true}]}}